{"id":44043,"date":"2022-07-18T19:20:19","date_gmt":"2022-07-18T19:20:19","guid":{"rendered":"https:\/\/mauritianfoodsonline.com\/ueber-uns\/"},"modified":"2022-07-18T19:20:19","modified_gmt":"2022-07-18T19:20:19","slug":"ueber-uns","status":"publish","type":"page","link":"https:\/\/mauritianfoodsonline.com\/de\/ueber-uns\/","title":{"rendered":"\u00dcber uns"},"content":{"rendered":"<h2>Willkommen bei mauritischen Lebensmitteln online<\/h2>\n<p>Ihre zentrale Anlaufstelle f\u00fcr authentische mauritische Lebensmittel, direkt an Ihre Haust\u00fcr geliefert. Wir bringen die lebendigen Aromen und das reiche kulinarische Erbe von Mauritius in Ihre K\u00fcche, egal wo auf der Welt Sie sich befinden. <\/p>\n<p>In unserem Online-Shop bieten wir eine gro\u00dfe Auswahl an hochwertigen mauritischen Lebensmitteln, die die Essenz dieses tropischen Paradieses einfangen. Von aromatischen Gew\u00fcrzen und exotischen Fr\u00fcchten \u00fcber traditionelle Saucen bis hin zu k\u00f6stlichen Snacks haben wir eine vielf\u00e4ltige Auswahl zusammengestellt, die Ihren Appetit auf authentische mauritische K\u00fcche stillt. <\/p>\n<p>St\u00f6bern Sie durch unsere virtuellen Regale und entdecken Sie eine Auswahl an Grundnahrungsmitteln, die das R\u00fcckgrat der mauritischen K\u00fcche bilden. Ob Basmatireis, Linsen, Currypulver oder Pickles \u2013 wir haben die besten Zutaten f\u00fcr Sie, damit Sie die Aromen von Mauritius auch zu Hause genie\u00dfen k\u00f6nnen. <\/p>\n<p>Unser Qualit\u00e4tsanspruch geht \u00fcber die Zutaten selbst hinaus. Wir arbeiten mit renommierten Lieferanten zusammen, die unseren Anspruch an Authentizit\u00e4t und Frische teilen. Jedes Produkt wird strengen Qualit\u00e4tskontrollen unterzogen, um sicherzustellen, dass Sie nur das Beste erhalten. Wir wissen, wie wichtig es ist, die Integrit\u00e4t mauritischer Aromen zu bewahren, und unsere Produkte spiegeln unser unerm\u00fcdliches Engagement f\u00fcr ein au\u00dfergew\u00f6hnliches kulinarisches Erlebnis wider.   <\/p>\n","protected":false},"excerpt":{"rendered":"<p>Willkommen bei mauritischen Lebensmitteln online Ihre zentrale Anlaufstelle f\u00fcr authentische mauritische Lebensmittel, direkt an Ihre Haust\u00fcr geliefert. Wir bringen die lebendigen Aromen und das reiche kulinarische Erbe von Mauritius in Ihre K\u00fcche, egal wo auf der Welt Sie sich befinden. In unserem Online-Shop bieten wir eine gro\u00dfe Auswahl an hochwertigen mauritischen Lebensmitteln, die die Essenz [&hellip;]<\/p>\n","protected":false},"author":1,"featured_media":35061,"parent":0,"menu_order":0,"comment_status":"closed","ping_status":"closed","template":"page-about.php","meta":{"_acf_changed":false,"footnotes":""},"class_list":["post-44043","page","type-page","status-publish","has-post-thumbnail","hentry"],"acf":[],"yoast_head":"<!-- This site is optimized with the Yoast SEO plugin v27.3 - https:\/\/yoast.com\/product\/yoast-seo-wordpress\/ -->\n<title>About Us - Mauritian Foods Online | Authentic Mauritian Groceries<\/title>\n<meta name=\"description\" content=\"Discover the essence of Mauritius with Mauritian Foods Online. We deliver authentic Mauritian groceries, spices, and traditional ingredients worldwide. Shop now for a true taste of Mauritius!\" \/>\n<meta name=\"robots\" content=\"index, follow, max-snippet:-1, max-image-preview:large, max-video-preview:-1\" \/>\n<link rel=\"canonical\" href=\"https:\/\/mauritianfoodsonline.com\/de\/ueber-uns\/\" \/>\n<meta property=\"og:locale\" content=\"de_DE\" \/>\n<meta property=\"og:type\" content=\"article\" \/>\n<meta property=\"og:title\" content=\"About Us - Mauritian Foods Online | Authentic Mauritian Groceries\" \/>\n<meta property=\"og:description\" content=\"Discover the essence of Mauritius with Mauritian Foods Online. We deliver authentic Mauritian groceries, spices, and traditional ingredients worldwide. Shop now for a true taste of Mauritius!\" \/>\n<meta property=\"og:url\" content=\"https:\/\/mauritianfoodsonline.com\/de\/ueber-uns\/\" \/>\n<meta property=\"og:site_name\" content=\"Mauritian Foods Online\" \/>\n<meta property=\"article:publisher\" content=\"https:\/\/www.facebook.com\/mauritianfoodsonlineuk\/\" \/>\n<meta property=\"og:image\" content=\"https:\/\/mauritianfoodsonline.com\/wp-content\/uploads\/2022\/07\/abt1.jpg\" \/>\n\t<meta property=\"og:image:width\" content=\"457\" \/>\n\t<meta property=\"og:image:height\" content=\"411\" \/>\n\t<meta property=\"og:image:type\" content=\"image\/jpeg\" \/>\n<meta name=\"twitter:card\" content=\"summary_large_image\" \/>\n<meta name=\"twitter:site\" content=\"@mauritian_foods\" \/>\n<meta name=\"twitter:label1\" content=\"Gesch\u00e4tzte Lesezeit\" \/>\n\t<meta name=\"twitter:data1\" content=\"1\u00a0Minute\" \/>\n<script type=\"application\/ld+json\" class=\"yoast-schema-graph\">{\"@context\":\"https:\\\/\\\/schema.org\",\"@graph\":[{\"@type\":\"WebPage\",\"@id\":\"https:\\\/\\\/mauritianfoodsonline.com\\\/de\\\/ueber-uns\\\/\",\"url\":\"https:\\\/\\\/mauritianfoodsonline.com\\\/de\\\/ueber-uns\\\/\",\"name\":\"About Us - Mauritian Foods Online | Authentic Mauritian Groceries\",\"isPartOf\":{\"@id\":\"https:\\\/\\\/mauritianfoodsonline.com\\\/#website\"},\"primaryImageOfPage\":{\"@id\":\"https:\\\/\\\/mauritianfoodsonline.com\\\/de\\\/ueber-uns\\\/#primaryimage\"},\"image\":{\"@id\":\"https:\\\/\\\/mauritianfoodsonline.com\\\/de\\\/ueber-uns\\\/#primaryimage\"},\"thumbnailUrl\":\"https:\\\/\\\/mauritianfoodsonline.com\\\/wp-content\\\/uploads\\\/2022\\\/07\\\/abt1.jpg\",\"datePublished\":\"2022-07-18T19:20:19+00:00\",\"description\":\"Discover the essence of Mauritius with Mauritian Foods Online. We deliver authentic Mauritian groceries, spices, and traditional ingredients worldwide. Shop now for a true taste of Mauritius!\",\"breadcrumb\":{\"@id\":\"https:\\\/\\\/mauritianfoodsonline.com\\\/de\\\/ueber-uns\\\/#breadcrumb\"},\"inLanguage\":\"de\",\"potentialAction\":[{\"@type\":\"ReadAction\",\"target\":[\"https:\\\/\\\/mauritianfoodsonline.com\\\/de\\\/ueber-uns\\\/\"]}]},{\"@type\":\"ImageObject\",\"inLanguage\":\"de\",\"@id\":\"https:\\\/\\\/mauritianfoodsonline.com\\\/de\\\/ueber-uns\\\/#primaryimage\",\"url\":\"https:\\\/\\\/mauritianfoodsonline.com\\\/wp-content\\\/uploads\\\/2022\\\/07\\\/abt1.jpg\",\"contentUrl\":\"https:\\\/\\\/mauritianfoodsonline.com\\\/wp-content\\\/uploads\\\/2022\\\/07\\\/abt1.jpg\",\"width\":457,\"height\":411},{\"@type\":\"BreadcrumbList\",\"@id\":\"https:\\\/\\\/mauritianfoodsonline.com\\\/de\\\/ueber-uns\\\/#breadcrumb\",\"itemListElement\":[{\"@type\":\"ListItem\",\"position\":1,\"name\":\"Home\",\"item\":\"https:\\\/\\\/mauritianfoodsonline.com\\\/de\\\/\"},{\"@type\":\"ListItem\",\"position\":2,\"name\":\"\u00dcber uns\"}]},{\"@type\":\"WebSite\",\"@id\":\"https:\\\/\\\/mauritianfoodsonline.com\\\/#website\",\"url\":\"https:\\\/\\\/mauritianfoodsonline.com\\\/\",\"name\":\"Mauritian Foods Online\",\"description\":\"Online\",\"publisher\":{\"@id\":\"https:\\\/\\\/mauritianfoodsonline.com\\\/#organization\"},\"potentialAction\":[{\"@type\":\"SearchAction\",\"target\":{\"@type\":\"EntryPoint\",\"urlTemplate\":\"https:\\\/\\\/mauritianfoodsonline.com\\\/?s={search_term_string}\"},\"query-input\":{\"@type\":\"PropertyValueSpecification\",\"valueRequired\":true,\"valueName\":\"search_term_string\"}}],\"inLanguage\":\"de\"},{\"@type\":\"Organization\",\"@id\":\"https:\\\/\\\/mauritianfoodsonline.com\\\/#organization\",\"name\":\"Mauritian Foods Online\",\"url\":\"https:\\\/\\\/mauritianfoodsonline.com\\\/\",\"logo\":{\"@type\":\"ImageObject\",\"inLanguage\":\"de\",\"@id\":\"https:\\\/\\\/mauritianfoodsonline.com\\\/#\\\/schema\\\/logo\\\/image\\\/\",\"url\":\"https:\\\/\\\/mauritianfoodsonline.com\\\/wp-content\\\/uploads\\\/2024\\\/11\\\/svgviewer-png-output-1.png\",\"contentUrl\":\"https:\\\/\\\/mauritianfoodsonline.com\\\/wp-content\\\/uploads\\\/2024\\\/11\\\/svgviewer-png-output-1.png\",\"width\":106,\"height\":109,\"caption\":\"Mauritian Foods Online\"},\"image\":{\"@id\":\"https:\\\/\\\/mauritianfoodsonline.com\\\/#\\\/schema\\\/logo\\\/image\\\/\"},\"sameAs\":[\"https:\\\/\\\/www.facebook.com\\\/mauritianfoodsonlineuk\\\/\",\"https:\\\/\\\/x.com\\\/mauritian_foods\",\"https:\\\/\\\/www.instagram.com\\\/mauritianfoodsonline\\\/#\"]}]}<\/script>\n<!-- \/ Yoast SEO plugin. -->","yoast_head_json":{"title":"About Us - Mauritian Foods Online | Authentic Mauritian Groceries","description":"Discover the essence of Mauritius with Mauritian Foods Online. We deliver authentic Mauritian groceries, spices, and traditional ingredients worldwide. Shop now for a true taste of Mauritius!","robots":{"index":"index","follow":"follow","max-snippet":"max-snippet:-1","max-image-preview":"max-image-preview:large","max-video-preview":"max-video-preview:-1"},"canonical":"https:\/\/mauritianfoodsonline.com\/de\/ueber-uns\/","og_locale":"de_DE","og_type":"article","og_title":"About Us - Mauritian Foods Online | Authentic Mauritian Groceries","og_description":"Discover the essence of Mauritius with Mauritian Foods Online. We deliver authentic Mauritian groceries, spices, and traditional ingredients worldwide. Shop now for a true taste of Mauritius!","og_url":"https:\/\/mauritianfoodsonline.com\/de\/ueber-uns\/","og_site_name":"Mauritian Foods Online","article_publisher":"https:\/\/www.facebook.com\/mauritianfoodsonlineuk\/","og_image":[{"width":457,"height":411,"url":"https:\/\/mauritianfoodsonline.com\/wp-content\/uploads\/2022\/07\/abt1.jpg","type":"image\/jpeg"}],"twitter_card":"summary_large_image","twitter_site":"@mauritian_foods","twitter_misc":{"Gesch\u00e4tzte Lesezeit":"1\u00a0Minute"},"schema":{"@context":"https:\/\/schema.org","@graph":[{"@type":"WebPage","@id":"https:\/\/mauritianfoodsonline.com\/de\/ueber-uns\/","url":"https:\/\/mauritianfoodsonline.com\/de\/ueber-uns\/","name":"About Us - Mauritian Foods Online | Authentic Mauritian Groceries","isPartOf":{"@id":"https:\/\/mauritianfoodsonline.com\/#website"},"primaryImageOfPage":{"@id":"https:\/\/mauritianfoodsonline.com\/de\/ueber-uns\/#primaryimage"},"image":{"@id":"https:\/\/mauritianfoodsonline.com\/de\/ueber-uns\/#primaryimage"},"thumbnailUrl":"https:\/\/mauritianfoodsonline.com\/wp-content\/uploads\/2022\/07\/abt1.jpg","datePublished":"2022-07-18T19:20:19+00:00","description":"Discover the essence of Mauritius with Mauritian Foods Online. We deliver authentic Mauritian groceries, spices, and traditional ingredients worldwide. Shop now for a true taste of Mauritius!","breadcrumb":{"@id":"https:\/\/mauritianfoodsonline.com\/de\/ueber-uns\/#breadcrumb"},"inLanguage":"de","potentialAction":[{"@type":"ReadAction","target":["https:\/\/mauritianfoodsonline.com\/de\/ueber-uns\/"]}]},{"@type":"ImageObject","inLanguage":"de","@id":"https:\/\/mauritianfoodsonline.com\/de\/ueber-uns\/#primaryimage","url":"https:\/\/mauritianfoodsonline.com\/wp-content\/uploads\/2022\/07\/abt1.jpg","contentUrl":"https:\/\/mauritianfoodsonline.com\/wp-content\/uploads\/2022\/07\/abt1.jpg","width":457,"height":411},{"@type":"BreadcrumbList","@id":"https:\/\/mauritianfoodsonline.com\/de\/ueber-uns\/#breadcrumb","itemListElement":[{"@type":"ListItem","position":1,"name":"Home","item":"https:\/\/mauritianfoodsonline.com\/de\/"},{"@type":"ListItem","position":2,"name":"\u00dcber uns"}]},{"@type":"WebSite","@id":"https:\/\/mauritianfoodsonline.com\/#website","url":"https:\/\/mauritianfoodsonline.com\/","name":"Mauritian Foods Online","description":"Online","publisher":{"@id":"https:\/\/mauritianfoodsonline.com\/#organization"},"potentialAction":[{"@type":"SearchAction","target":{"@type":"EntryPoint","urlTemplate":"https:\/\/mauritianfoodsonline.com\/?s={search_term_string}"},"query-input":{"@type":"PropertyValueSpecification","valueRequired":true,"valueName":"search_term_string"}}],"inLanguage":"de"},{"@type":"Organization","@id":"https:\/\/mauritianfoodsonline.com\/#organization","name":"Mauritian Foods Online","url":"https:\/\/mauritianfoodsonline.com\/","logo":{"@type":"ImageObject","inLanguage":"de","@id":"https:\/\/mauritianfoodsonline.com\/#\/schema\/logo\/image\/","url":"https:\/\/mauritianfoodsonline.com\/wp-content\/uploads\/2024\/11\/svgviewer-png-output-1.png","contentUrl":"https:\/\/mauritianfoodsonline.com\/wp-content\/uploads\/2024\/11\/svgviewer-png-output-1.png","width":106,"height":109,"caption":"Mauritian Foods Online"},"image":{"@id":"https:\/\/mauritianfoodsonline.com\/#\/schema\/logo\/image\/"},"sameAs":["https:\/\/www.facebook.com\/mauritianfoodsonlineuk\/","https:\/\/x.com\/mauritian_foods","https:\/\/www.instagram.com\/mauritianfoodsonline\/#"]}]}},"_links":{"self":[{"href":"https:\/\/mauritianfoodsonline.com\/de\/wp-json\/wp\/v2\/pages\/44043","targetHints":{"allow":["GET"]}}],"collection":[{"href":"https:\/\/mauritianfoodsonline.com\/de\/wp-json\/wp\/v2\/pages"}],"about":[{"href":"https:\/\/mauritianfoodsonline.com\/de\/wp-json\/wp\/v2\/types\/page"}],"author":[{"embeddable":true,"href":"https:\/\/mauritianfoodsonline.com\/de\/wp-json\/wp\/v2\/users\/1"}],"replies":[{"embeddable":true,"href":"https:\/\/mauritianfoodsonline.com\/de\/wp-json\/wp\/v2\/comments?post=44043"}],"version-history":[{"count":0,"href":"https:\/\/mauritianfoodsonline.com\/de\/wp-json\/wp\/v2\/pages\/44043\/revisions"}],"wp:featuredmedia":[{"embeddable":true,"href":"https:\/\/mauritianfoodsonline.com\/de\/wp-json\/wp\/v2\/media\/35061"}],"wp:attachment":[{"href":"https:\/\/mauritianfoodsonline.com\/de\/wp-json\/wp\/v2\/media?parent=44043"}],"curies":[{"name":"wp","href":"https:\/\/api.w.org\/{rel}","templated":true}]}}