{"id":44051,"date":"2022-07-15T04:07:34","date_gmt":"2022-07-15T04:07:34","guid":{"rendered":"https:\/\/mauritianfoodsonline.com\/datenschutzrichtlinie\/"},"modified":"2025-05-08T09:17:00","modified_gmt":"2025-05-08T09:17:00","slug":"datenschutzrichtlinie","status":"publish","type":"page","link":"https:\/\/mauritianfoodsonline.com\/de\/datenschutzrichtlinie\/","title":{"rendered":"Datenschutzrichtlinie"},"content":{"rendered":"&#13;\n<h2 class=\"wp-block-heading\">Wer wir sind<\/h2>&#13;\n&#13;\n<p><strong class=\"privacy-policy-tutorial\">Hallo: <\/strong>Unsere Website-Adresse lautet: https:\/\/mauritianfoodsonline.com<\/p>&#13;\n&#13;\n<h2 class=\"wp-block-heading\">Engagiert<\/h2>&#13;\n&#13;\n<p><strong class=\"privacy-policy-tutorial\">Zum Schutz Ihrer Online-Privatsph\u00e4re: <\/strong>Wir wissen, dass Sie keine wahllose Weitergabe Ihrer pers\u00f6nlichen Daten w\u00fcnschen. Diese Richtlinie erl\u00e4utert, wie wir Ihre Daten erfassen, was wir damit tun und welche Kontrollm\u00f6glichkeiten Sie haben. <\/p>&#13;\n&#13;\n<p>Diese Datenschutzrichtlinie beschreibt, wie Ihre personenbezogenen Daten erfasst, verwendet und weitergegeben werden, wenn Sie www.mauritianfoodsonline.com (die \u201eSite\u201c) besuchen oder dort einen Kauf t\u00e4tigen.<\/p>&#13;\n&#13;\n<h2 class=\"wp-block-heading\">Welche personenbezogenen Daten wir erheben und warum wir sie erheben<\/h2>&#13;\n&#13;\n<p><strong class=\"privacy-policy-tutorial\">Ger\u00e4teinformationen: <\/strong>Wenn Sie die Website besuchen, erfassen wir automatisch bestimmte Informationen \u00fcber Ihr Ger\u00e4t, darunter Informationen zu Ihrem Webbrowser, Ihrer IP-Adresse, Ihrer Zeitzone und einigen der auf Ihrem Ger\u00e4t installierten Cookies. Dar\u00fcber hinaus erfassen wir beim Surfen auf der Website Informationen \u00fcber die einzelnen Webseiten oder Produkte, die Sie aufrufen, welche Websites oder Suchbegriffe Sie auf die Website verwiesen haben und wie Sie mit der Website interagieren. Diese automatisch erfassten Informationen bezeichnen wir als \u201eGer\u00e4teinformationen\u201c.  <\/p>&#13;\n<p><strong class=\"privacy-policy-tutorial\">Wir erfassen Ger\u00e4teinformationen mithilfe der folgenden Technologien<\/strong><\/p>&#13;\n&#13;\n<p><strong class=\"privacy-policy-tutorial\">Cookies: <\/strong>\u201cCookies\u201d are data files that are placed on your device or computer and often include an anonymous unique identifier. For more information about cookies, and how to disable cookies, visit https:\/\/www.allaboutcookies.org.<strong class=\"privacy-policy-tutorial\"><\/strong>.<\/p>&#13;\n&#13;\n<p><strong class=\"privacy-policy-tutorial\">Protokolldateien:<\/strong> \u201eProtokolldateien\u201c verfolgen die auf der Site stattfindenden Aktionen und erfassen Daten wie Ihre IP-Adresse, Ihren Browsertyp, Ihren Internetdienstanbieter, Verweis-\/Ausstiegsseiten und Datums-\/Zeitstempel.<\/p>&#13;\n&#13;\n<p><strong class=\"privacy-policy-tutorial\">Web Beacons:<\/strong> \u201eWeb Beacons\u201c, \u201eTags\u201c und \u201ePixel\u201c sind elektronische Dateien, die zum Aufzeichnen von Informationen dar\u00fcber verwendet werden, wie Sie die Site durchsuchen.<\/p>&#13;\n<p><strong class=\"privacy-policy-tutorial\">Andere Tracking-Technologien: <\/strong>\u201eAndere Tracking-Technologien\u201c k\u00f6nnen von Zeit zu Zeit getestet werden und werden hier detailliert beschrieben, wenn sie als dauerhafter Bestandteil der Site implementiert werden.<\/p>&#13;\n<p>Wenn Sie \u00fcber die Website einen Kauf t\u00e4tigen oder versuchen, einen Kauf zu t\u00e4tigen, erfassen wir au\u00dferdem bestimmte Informationen von Ihnen, darunter Ihren Namen, Ihre Rechnungsadresse, Ihre Lieferadresse, Ihre Zahlungsinformationen (einschlie\u00dflich Kreditkarte, PayPal, Apple Pay, Google Pay), Ihre E-Mail-Adresse und Ihre Telefonnummer. Wir bezeichnen diese Informationen als \u201eBestellinformationen\u201c. <\/p>&#13;\n<p>Wenn wir in dieser Datenschutzrichtlinie von \u201epers\u00f6nlichen Informationen\u201c sprechen, meinen wir sowohl Ger\u00e4teinformationen als auch Bestellinformationen.<\/p>&#13;\n&#13;\n<p><strong class=\"privacy-policy-tutorial\">Eingebettete Inhalte: <\/strong>Beitr\u00e4ge auf dieser Website k\u00f6nnen eingebettete Inhalte enthalten (z. B. Videos, Bilder, Beitr\u00e4ge etc.). Eingebettete Inhalte von anderen Websites verhalten sich exakt so, als ob der Besucher die andere Website besucht h\u00e4tte. <\/p>&#13;\n&#13;\n<p>Diese Websites k\u00f6nnen Daten \u00fcber Sie sammeln, Cookies benutzen, zus\u00e4tzliche Tracking-Dienste von Dritten einbetten und Ihre Interaktion mit diesem eingebetteten Inhalt aufzeichnen, inklusive Ihrer Interaktion mit dem eingebetteten Inhalt, falls Sie ein Konto haben und auf dieser Website angemeldet sind.<\/p>&#13;\n&#13;\n<h2 class=\"wp-block-heading\">Wie verwenden wir Ihre personenbezogenen Daten?<\/h2>&#13;\n&#13;\n<p><strong class=\"privacy-policy-tutorial\">Bestellinformationen: <\/strong>Wir verwenden die von uns erfassten Bestellinformationen grunds\u00e4tzlich zur Erf\u00fcllung aller \u00fcber die Website aufgegebenen Bestellungen (einschlie\u00dflich der Verarbeitung Ihrer Zahlungsinformationen, der Organisation des Versands und der Bereitstellung von Rechnungen und\/oder Auftragsbest\u00e4tigungen). Dar\u00fcber hinaus verwenden wir diese Bestellinformationen f\u00fcr: <\/p>&#13;\n<ul>&#13;\n<li>Administer your account with us.<\/li>&#13;\n<li>Communicate with you;<\/li>&#13;\n<li>Screen our orders for potential risk or fraud and Verify and carry out financial transactions in relation to payments you make online; and<\/li>&#13;\n<li>When in line with the preferences you have shared with us, provide you with information or advertising relating to our products or services.<\/li>&#13;\n<li>Audit the downloading of data from our website.<\/li>&#13;\n<li>Improve the layout and\/or content of the pages of our website and customize them for users<\/li>&#13;\n<li>Provide you with a more personalized experience on our site.<\/li>&#13;\n<\/ul>&#13;\n<p>Wir verwenden die von uns gesammelten Ger\u00e4teinformationen, um potenzielle Risiken und Betrugsf\u00e4lle zu erkennen (insbesondere Ihre IP-Adresse) und ganz allgemein, um unsere Site zu verbessern und zu optimieren (beispielsweise durch die Erstellung von Analysen dar\u00fcber, wie unsere Kunden auf der Site surfen und mit ihr interagieren, und um den Erfolg unserer Marketing- und Werbekampagnen zu bewerten).<\/p>&#13;\n<p>Wir verwenden diese Daten auch f\u00fcr die erneute Ausrichtung von Werbung auf Social-Media-Plattformen wie Facebook, Instagram, Twitter, TikTok und Google Adwords. Sie k\u00f6nnen diese Form der Werbung ablehnen, indem Sie uns direkt kontaktieren oder die Abmeldemechanismen von Google, Facebook, Instagram, Twitter und TikTok \u00fcber die unten aufgef\u00fchrten Links nutzen.<\/p>&#13;\n&#13;\n<h2 class=\"wp-block-heading\">Weitergabe Ihrer pers\u00f6nlichen Daten<\/h2>&#13;\n&#13;\n<p><strong class=\"privacy-policy-tutorial\">Teilen:<\/strong><\/p>&#13;\n<p>Wir verwenden Google Analytics, um zu verstehen, wie unsere Kunden die Site nutzen. Weitere Informationen zur Verwendung Ihrer personenbezogenen Daten durch Google finden Sie hier: https:\/\/www.google.com\/intl\/en\/policies\/privacy\/.<\/p>&#13;\n<p>Sie k\u00f6nnen Google Analytics auch hier deaktivieren: https:\/\/tools.google.com\/dlpage\/gaoptout.<\/p>&#13;\n&#13;\n<h2 class=\"wp-block-heading\">Verhaltensbasierte Werbung<\/h2>&#13;\n&#13;\n<p><strong class=\"privacy-policy-tutorial\">Werbung: <\/strong>Wie oben beschrieben, verwenden wir Ihre personenbezogenen Daten, um Ihnen gezielte Werbung oder Marketingmitteilungen zukommen zu lassen, die unserer Meinung nach f\u00fcr Sie von Interesse sein k\u00f6nnten. Weitere Informationen zur Funktionsweise gezielter Werbung finden Sie auf der Informationsseite der Network Advertising Initiative (\u201eNAI\u201c) unter https:\/\/www.networkadvertising.org\/understanding-online-advertising\/how-does-it-work. <\/p>&#13;\n<p>Sie k\u00f6nnen gezielte Werbung \u00fcber die folgenden Links deaktivieren:<br\/>\u2013 Facebook: https:\/\/www.facebook.com\/settings\/?tab=ads<br\/>\u2013 Google: https:\/\/www.google.com\/settings\/ads\/anonymous<br\/>\u2013 Bing: https:\/\/advertise.bingads.microsoft.com\/en-us\/resources\/policies\/personalized-ads<\/p>&#13;\n<p>Dar\u00fcber hinaus k\u00f6nnen Sie sich von einigen dieser Dienste abmelden, indem Sie das Abmeldeportal der Digital Advertising Alliance unter https:\/\/optout.aboutads.info\/ besuchen.<\/p>&#13;\n&#13;\n<h2 class=\"wp-block-heading\">Nicht verfolgen<\/h2>&#13;\n&#13;\n<p><strong class=\"privacy-policy-tutorial\">Tracker: <\/strong>Bitte beachten Sie, dass wir die Datenerfassungs- und -nutzungspraktiken unserer Site nicht \u00e4ndern, wenn wir ein \u201eDo Not Track\u201c-Signal von Ihrem Browser sehen.<\/p>&#13;\n<h2>Ihre Rechte<\/h2>&#13;\n<p><strong><\/strong><\/p>&#13;\n<p><strong class=\"privacy-policy-tutorial\">Rechte: <\/strong>Wenn Sie in Europa ans\u00e4ssig sind, haben Sie das Recht, auf Ihre personenbezogenen Daten zuzugreifen und deren Korrektur, Aktualisierung oder L\u00f6schung zu verlangen. Wenn Sie dieses Recht aus\u00fcben m\u00f6chten, kontaktieren Sie uns bitte \u00fcber die unten angegebenen Kontaktinformationen. <\/p>&#13;\n<p>Wenn Sie in Europa ans\u00e4ssig sind, weisen wir Sie au\u00dferdem darauf hin, dass wir Ihre Daten verarbeiten, um Vertr\u00e4ge mit Ihnen zu erf\u00fcllen (z. B. wenn Sie eine Bestellung \u00fcber die Website aufgeben) oder um unsere oben genannten berechtigten Gesch\u00e4ftsinteressen zu verfolgen. Bitte beachten Sie au\u00dferdem, dass Ihre Daten au\u00dferhalb Europas, unter anderem nach Kanada und in die USA, abgerufen und\/oder \u00fcbermittelt werden. <\/p>&#13;\n<h2>Datenaufbewahrung<\/h2>&#13;\n<p><\/p>&#13;\n<p><strong class=\"privacy-policy-tutorial\">Aufbewahrung:<\/strong> Wenn Sie \u00fcber die Site eine Bestellung aufgeben, bewahren wir Ihre Bestellinformationen f\u00fcr unsere Unterlagen auf, es sei denn, Sie fordern uns auf, diese Informationen zu l\u00f6schen.<\/p>&#13;\n<h2>\u00c4nderungen<\/h2>&#13;\n<p><\/p>&#13;\n<p><strong class=\"privacy-policy-tutorial\">\u00c4nderungen: <\/strong>Wir k\u00f6nnen diese Datenschutzrichtlinie von Zeit zu Zeit aktualisieren, um beispielsweise \u00c4nderungen unserer Praktiken oder aus anderen betrieblichen, rechtlichen oder regulatorischen Gr\u00fcnden widerzuspiegeln.<\/p>&#13;\n<h2>Minderj\u00e4hrige<\/h2>&#13;\n<p><\/p>&#13;\n<p><strong class=\"privacy-policy-tutorial\">Benutzer: <\/strong>Die Site ist nicht f\u00fcr Personen unter 16 Jahren bestimmt.<\/p>&#13;\n<h2>Kontaktieren Sie uns<\/h2>&#13;\n<p><\/p>&#13;\n<p><strong class=\"privacy-policy-tutorial\">Kontaktdaten: <\/strong>Wenn Sie weitere Informationen zu unseren Datenschutzpraktiken w\u00fcnschen, Fragen haben oder eine Beschwerde einreichen m\u00f6chten, kontaktieren Sie uns bitte per E-Mail unter info@mauritianfoodsonline.com oder per Post unter Verwendung der unten angegebenen Details:<\/p>&#13;\n<p>Mauritius-Lebensmittel online<\/p>&#13;\n<p>Damini (London) Ltd<\/p>&#13;\n<p>Firmennummer: 10153962<\/p>&#13;\n<p>Datenschutz-Compliance-Beauftragter<\/p>&#13;\n<p>Einkaufszentrum Edmonton Green,<\/p>&#13;\n<p>London, N9 0TZ,<\/p>&#13;\n<p>United Kingdom<\/p>&#13;\n","protected":false},"excerpt":{"rendered":"<p>&#13; Wer wir sind &#13; &#13; Hallo: Unsere Website-Adresse lautet: https:\/\/mauritianfoodsonline.com &#13; &#13; Engagiert &#13; &#13; Zum Schutz Ihrer Online-Privatsph\u00e4re: Wir wissen, dass Sie keine wahllose Weitergabe Ihrer pers\u00f6nlichen Daten w\u00fcnschen. Diese Richtlinie erl\u00e4utert, wie wir Ihre Daten erfassen, was wir damit tun und welche Kontrollm\u00f6glichkeiten Sie haben. &#13; &#13; Diese Datenschutzrichtlinie beschreibt, wie Ihre [&hellip;]<\/p>\n","protected":false},"author":1,"featured_media":0,"parent":0,"menu_order":0,"comment_status":"closed","ping_status":"open","template":"","meta":{"_acf_changed":false,"footnotes":""},"class_list":["post-44051","page","type-page","status-publish","hentry"],"acf":[],"yoast_head":"<!-- This site is optimized with the Yoast SEO plugin v27.4 - https:\/\/yoast.com\/product\/yoast-seo-wordpress\/ -->\n<title>Datenschutzrichtlinie - Mauritian Foods Online<\/title>\n<meta name=\"robots\" content=\"index, follow, max-snippet:-1, max-image-preview:large, max-video-preview:-1\" \/>\n<link rel=\"canonical\" href=\"https:\/\/mauritianfoodsonline.com\/de\/datenschutzrichtlinie\/\" \/>\n<meta property=\"og:locale\" content=\"de_DE\" \/>\n<meta property=\"og:type\" content=\"article\" \/>\n<meta property=\"og:title\" content=\"Datenschutzrichtlinie - Mauritian Foods Online\" \/>\n<meta property=\"og:description\" content=\"&#013; Wer wir sind &#013; &#013; Hallo: Unsere Website-Adresse lautet: https:\/\/mauritianfoodsonline.com &#013; &#013; Engagiert &#013; &#013; Zum Schutz Ihrer Online-Privatsph\u00e4re: Wir wissen, dass Sie keine wahllose Weitergabe Ihrer pers\u00f6nlichen Daten w\u00fcnschen. Diese Richtlinie erl\u00e4utert, wie wir Ihre Daten erfassen, was wir damit tun und welche Kontrollm\u00f6glichkeiten Sie haben. &#013; &#013; Diese Datenschutzrichtlinie beschreibt, wie Ihre [&hellip;]\" \/>\n<meta property=\"og:url\" content=\"https:\/\/mauritianfoodsonline.com\/de\/datenschutzrichtlinie\/\" \/>\n<meta property=\"og:site_name\" content=\"Mauritian Foods Online\" \/>\n<meta property=\"article:publisher\" content=\"https:\/\/www.facebook.com\/mauritianfoodsonlineuk\/\" \/>\n<meta property=\"article:modified_time\" content=\"2025-05-08T09:17:00+00:00\" \/>\n<meta property=\"og:image\" content=\"https:\/\/mauritianfoodsonline.com\/wp-content\/uploads\/2024\/12\/mauritionLogo.png\" \/>\n\t<meta property=\"og:image:width\" content=\"356\" \/>\n\t<meta property=\"og:image:height\" content=\"109\" \/>\n\t<meta property=\"og:image:type\" content=\"image\/png\" \/>\n<meta name=\"twitter:card\" content=\"summary_large_image\" \/>\n<meta name=\"twitter:site\" content=\"@mauritian_foods\" \/>\n<meta name=\"twitter:label1\" content=\"Gesch\u00e4tzte Lesezeit\" \/>\n\t<meta name=\"twitter:data1\" content=\"6\u00a0Minuten\" \/>\n<script type=\"application\/ld+json\" class=\"yoast-schema-graph\">{\"@context\":\"https:\\\/\\\/schema.org\",\"@graph\":[{\"@type\":\"WebPage\",\"@id\":\"https:\\\/\\\/mauritianfoodsonline.com\\\/de\\\/datenschutzrichtlinie\\\/\",\"url\":\"https:\\\/\\\/mauritianfoodsonline.com\\\/de\\\/datenschutzrichtlinie\\\/\",\"name\":\"Datenschutzrichtlinie - Mauritian Foods Online\",\"isPartOf\":{\"@id\":\"https:\\\/\\\/mauritianfoodsonline.com\\\/#website\"},\"datePublished\":\"2022-07-15T04:07:34+00:00\",\"dateModified\":\"2025-05-08T09:17:00+00:00\",\"breadcrumb\":{\"@id\":\"https:\\\/\\\/mauritianfoodsonline.com\\\/de\\\/datenschutzrichtlinie\\\/#breadcrumb\"},\"inLanguage\":\"de\",\"potentialAction\":[{\"@type\":\"ReadAction\",\"target\":[\"https:\\\/\\\/mauritianfoodsonline.com\\\/de\\\/datenschutzrichtlinie\\\/\"]}]},{\"@type\":\"BreadcrumbList\",\"@id\":\"https:\\\/\\\/mauritianfoodsonline.com\\\/de\\\/datenschutzrichtlinie\\\/#breadcrumb\",\"itemListElement\":[{\"@type\":\"ListItem\",\"position\":1,\"name\":\"Home\",\"item\":\"https:\\\/\\\/mauritianfoodsonline.com\\\/de\\\/\"},{\"@type\":\"ListItem\",\"position\":2,\"name\":\"Datenschutzrichtlinie\"}]},{\"@type\":\"WebSite\",\"@id\":\"https:\\\/\\\/mauritianfoodsonline.com\\\/#website\",\"url\":\"https:\\\/\\\/mauritianfoodsonline.com\\\/\",\"name\":\"Mauritian Foods Online\",\"description\":\"Online\",\"publisher\":{\"@id\":\"https:\\\/\\\/mauritianfoodsonline.com\\\/#organization\"},\"potentialAction\":[{\"@type\":\"SearchAction\",\"target\":{\"@type\":\"EntryPoint\",\"urlTemplate\":\"https:\\\/\\\/mauritianfoodsonline.com\\\/?s={search_term_string}\"},\"query-input\":{\"@type\":\"PropertyValueSpecification\",\"valueRequired\":true,\"valueName\":\"search_term_string\"}}],\"inLanguage\":\"de\"},{\"@type\":\"Organization\",\"@id\":\"https:\\\/\\\/mauritianfoodsonline.com\\\/#organization\",\"name\":\"Mauritian Foods Online\",\"url\":\"https:\\\/\\\/mauritianfoodsonline.com\\\/\",\"logo\":{\"@type\":\"ImageObject\",\"inLanguage\":\"de\",\"@id\":\"https:\\\/\\\/mauritianfoodsonline.com\\\/#\\\/schema\\\/logo\\\/image\\\/\",\"url\":\"https:\\\/\\\/mauritianfoodsonline.com\\\/wp-content\\\/uploads\\\/2024\\\/11\\\/svgviewer-png-output-1.png\",\"contentUrl\":\"https:\\\/\\\/mauritianfoodsonline.com\\\/wp-content\\\/uploads\\\/2024\\\/11\\\/svgviewer-png-output-1.png\",\"width\":106,\"height\":109,\"caption\":\"Mauritian Foods Online\"},\"image\":{\"@id\":\"https:\\\/\\\/mauritianfoodsonline.com\\\/#\\\/schema\\\/logo\\\/image\\\/\"},\"sameAs\":[\"https:\\\/\\\/www.facebook.com\\\/mauritianfoodsonlineuk\\\/\",\"https:\\\/\\\/x.com\\\/mauritian_foods\",\"https:\\\/\\\/www.instagram.com\\\/mauritianfoodsonline\\\/#\"]}]}<\/script>\n<!-- \/ Yoast SEO plugin. -->","yoast_head_json":{"title":"Datenschutzrichtlinie - Mauritian Foods Online","robots":{"index":"index","follow":"follow","max-snippet":"max-snippet:-1","max-image-preview":"max-image-preview:large","max-video-preview":"max-video-preview:-1"},"canonical":"https:\/\/mauritianfoodsonline.com\/de\/datenschutzrichtlinie\/","og_locale":"de_DE","og_type":"article","og_title":"Datenschutzrichtlinie - Mauritian Foods Online","og_description":"&#13; Wer wir sind &#13; &#13; Hallo: Unsere Website-Adresse lautet: https:\/\/mauritianfoodsonline.com &#13; &#13; Engagiert &#13; &#13; Zum Schutz Ihrer Online-Privatsph\u00e4re: Wir wissen, dass Sie keine wahllose Weitergabe Ihrer pers\u00f6nlichen Daten w\u00fcnschen. Diese Richtlinie erl\u00e4utert, wie wir Ihre Daten erfassen, was wir damit tun und welche Kontrollm\u00f6glichkeiten Sie haben. &#13; &#13; Diese Datenschutzrichtlinie beschreibt, wie Ihre [&hellip;]","og_url":"https:\/\/mauritianfoodsonline.com\/de\/datenschutzrichtlinie\/","og_site_name":"Mauritian Foods Online","article_publisher":"https:\/\/www.facebook.com\/mauritianfoodsonlineuk\/","article_modified_time":"2025-05-08T09:17:00+00:00","og_image":[{"width":356,"height":109,"url":"https:\/\/mauritianfoodsonline.com\/wp-content\/uploads\/2024\/12\/mauritionLogo.png","type":"image\/png"}],"twitter_card":"summary_large_image","twitter_site":"@mauritian_foods","twitter_misc":{"Gesch\u00e4tzte Lesezeit":"6\u00a0Minuten"},"schema":{"@context":"https:\/\/schema.org","@graph":[{"@type":"WebPage","@id":"https:\/\/mauritianfoodsonline.com\/de\/datenschutzrichtlinie\/","url":"https:\/\/mauritianfoodsonline.com\/de\/datenschutzrichtlinie\/","name":"Datenschutzrichtlinie - Mauritian Foods Online","isPartOf":{"@id":"https:\/\/mauritianfoodsonline.com\/#website"},"datePublished":"2022-07-15T04:07:34+00:00","dateModified":"2025-05-08T09:17:00+00:00","breadcrumb":{"@id":"https:\/\/mauritianfoodsonline.com\/de\/datenschutzrichtlinie\/#breadcrumb"},"inLanguage":"de","potentialAction":[{"@type":"ReadAction","target":["https:\/\/mauritianfoodsonline.com\/de\/datenschutzrichtlinie\/"]}]},{"@type":"BreadcrumbList","@id":"https:\/\/mauritianfoodsonline.com\/de\/datenschutzrichtlinie\/#breadcrumb","itemListElement":[{"@type":"ListItem","position":1,"name":"Home","item":"https:\/\/mauritianfoodsonline.com\/de\/"},{"@type":"ListItem","position":2,"name":"Datenschutzrichtlinie"}]},{"@type":"WebSite","@id":"https:\/\/mauritianfoodsonline.com\/#website","url":"https:\/\/mauritianfoodsonline.com\/","name":"Mauritian Foods Online","description":"Online","publisher":{"@id":"https:\/\/mauritianfoodsonline.com\/#organization"},"potentialAction":[{"@type":"SearchAction","target":{"@type":"EntryPoint","urlTemplate":"https:\/\/mauritianfoodsonline.com\/?s={search_term_string}"},"query-input":{"@type":"PropertyValueSpecification","valueRequired":true,"valueName":"search_term_string"}}],"inLanguage":"de"},{"@type":"Organization","@id":"https:\/\/mauritianfoodsonline.com\/#organization","name":"Mauritian Foods Online","url":"https:\/\/mauritianfoodsonline.com\/","logo":{"@type":"ImageObject","inLanguage":"de","@id":"https:\/\/mauritianfoodsonline.com\/#\/schema\/logo\/image\/","url":"https:\/\/mauritianfoodsonline.com\/wp-content\/uploads\/2024\/11\/svgviewer-png-output-1.png","contentUrl":"https:\/\/mauritianfoodsonline.com\/wp-content\/uploads\/2024\/11\/svgviewer-png-output-1.png","width":106,"height":109,"caption":"Mauritian Foods Online"},"image":{"@id":"https:\/\/mauritianfoodsonline.com\/#\/schema\/logo\/image\/"},"sameAs":["https:\/\/www.facebook.com\/mauritianfoodsonlineuk\/","https:\/\/x.com\/mauritian_foods","https:\/\/www.instagram.com\/mauritianfoodsonline\/#"]}]}},"_links":{"self":[{"href":"https:\/\/mauritianfoodsonline.com\/de\/wp-json\/wp\/v2\/pages\/44051","targetHints":{"allow":["GET"]}}],"collection":[{"href":"https:\/\/mauritianfoodsonline.com\/de\/wp-json\/wp\/v2\/pages"}],"about":[{"href":"https:\/\/mauritianfoodsonline.com\/de\/wp-json\/wp\/v2\/types\/page"}],"author":[{"embeddable":true,"href":"https:\/\/mauritianfoodsonline.com\/de\/wp-json\/wp\/v2\/users\/1"}],"replies":[{"embeddable":true,"href":"https:\/\/mauritianfoodsonline.com\/de\/wp-json\/wp\/v2\/comments?post=44051"}],"version-history":[{"count":3,"href":"https:\/\/mauritianfoodsonline.com\/de\/wp-json\/wp\/v2\/pages\/44051\/revisions"}],"predecessor-version":[{"id":44682,"href":"https:\/\/mauritianfoodsonline.com\/de\/wp-json\/wp\/v2\/pages\/44051\/revisions\/44682"}],"wp:attachment":[{"href":"https:\/\/mauritianfoodsonline.com\/de\/wp-json\/wp\/v2\/media?parent=44051"}],"curies":[{"name":"wp","href":"https:\/\/api.w.org\/{rel}","templated":true}]}}