{"id":44053,"date":"2022-07-19T04:12:53","date_gmt":"2022-07-19T04:12:53","guid":{"rendered":"https:\/\/mauritianfoodsonline.com\/rueckerstattungs-und-rueckgabebedingungen\/"},"modified":"2025-05-08T09:16:00","modified_gmt":"2025-05-08T09:16:00","slug":"rueckerstattungs-und-rueckgabebedingungen","status":"publish","type":"page","link":"https:\/\/mauritianfoodsonline.com\/de\/rueckerstattungs-und-rueckgabebedingungen\/","title":{"rendered":"R\u00fcckerstattungs- und R\u00fcckgabebedingungen"},"content":{"rendered":"\r\n<h2>\u00dcberblick<\/h2>\r\n<p>&nbsp;<\/p>\r\n\r\n\r\n\r\n<p>Unser R\u00fcckgabe- und R\u00fcckerstattungsrecht gilt 30 Tage lang. Wenn seit Ihrem Kauf 30 Tage vergangen sind, k\u00f6nnen wir Ihnen weder eine vollst\u00e4ndige R\u00fcckerstattung noch einen Umtausch anbieten.<\/p>\r\n<p>&nbsp;<\/p>\r\n\r\n\r\n\r\n<p>Um f\u00fcr eine R\u00fccksendung in Frage zu kommen, muss Ihr Artikel unbenutzt und in demselben Zustand sein, in dem Sie ihn erhalten haben. Er muss sich au\u00dferdem in der Originalverpackung befinden.<\/p>\r\n<p>&nbsp;<\/p>\r\n\r\n\r\n\r\n<p>Einige Warenarten sind von der R\u00fcckgabe ausgeschlossen. Verderbliche Waren wie Lebensmittel, Blumen, Zeitungen oder Zeitschriften k\u00f6nnen nicht zur\u00fcckgegeben werden. Wir akzeptieren auch keine Produkte, die Intim- oder Hygieneartikel, gef\u00e4hrliche Stoffe oder brennbare Fl\u00fcssigkeiten oder Gase enthalten.<\/p>\r\n<p>&nbsp;<\/p>\r\n\r\n\r\n\r\n<p>Weitere vom Umtausch ausgeschlossene Artikel:<\/p>\r\n<p>&nbsp;<\/p>\r\n\r\n\r\n\r\n<ul class=\"wp-block-list\">\r\n<li>\r\n<p>Geschenkkarten<\/p>\r\n<\/li>\r\n<li>\r\n<p>Herunterladbare Softwareprodukte<\/p>\r\n<\/li>\r\n<li>\r\n<p>Einige Gesundheits- und K\u00f6rperpflegeartikel<\/p>\r\n<\/li>\r\n<\/ul>\r\n<p>&nbsp;<\/p>\r\n\r\n\r\n\r\n<p>Um Ihre R\u00fccksendung abzuschlie\u00dfen, ben\u00f6tigen wir eine Quittung oder einen Kaufbeleg.<\/p>\r\n<p>&nbsp;<\/p>\r\n\r\n\r\n\r\n<p>Bitte senden Sie Ihren Kauf nicht an den Hersteller zur\u00fcck.<\/p>\r\n<p>&nbsp;<\/p>\r\n\r\n\r\n\r\n<p>Es gibt bestimmte Situationen, in denen nur teilweise R\u00fcckerstattungen gew\u00e4hrt werden:<\/p>\r\n<p>&nbsp;<\/p>\r\n\r\n\r\n\r\n<ul class=\"wp-block-list\">\r\n<li>\r\n<p>Buch mit offensichtlichen Gebrauchsspuren<\/p>\r\n<\/li>\r\n<li>\r\n<p>Ge\u00f6ffnete CD, DVD, VHS-Kassette, Software, Videospiel, Kassette oder Schallplatte.<\/p>\r\n<\/li>\r\n<li>\r\n<p>Jeder Artikel, der sich nicht in seinem Originalzustand befindet, ist besch\u00e4digt oder es fehlen Teile aus Gr\u00fcnden, die nicht auf unseren Fehler zur\u00fcckzuf\u00fchren sind.<\/p>\r\n<\/li>\r\n<li>\r\n<p>Jeder Artikel, der mehr als 30 Tage nach der Lieferung zur\u00fcckgegeben wird<\/p>\r\n<\/li>\r\n<\/ul>\r\n<p>&nbsp;<\/p>\r\n\r\n\r\n\r\n<h2>R\u00fcckerstattungen<\/h2>\r\n<p>&nbsp;<\/p>\r\n\r\n\r\n\r\n<p>Sobald Ihre R\u00fccksendung bei uns eingegangen und gepr\u00fcft ist, senden wir Ihnen eine E-Mail, um Sie \u00fcber den Erhalt Ihrer R\u00fccksendung zu informieren. Wir benachrichtigen Sie auch \u00fcber die Genehmigung oder Ablehnung Ihrer R\u00fcckerstattung.<\/p>\r\n<p>&nbsp;<\/p>\r\n\r\n\r\n\r\n<p>Wenn Ihre R\u00fcckerstattung genehmigt wird, wird sie bearbeitet und innerhalb einer bestimmten Anzahl von Tagen automatisch Ihrer Kreditkarte oder Ihrer urspr\u00fcnglichen Zahlungsmethode gutgeschrieben.<\/p>\r\n<p>&nbsp;<\/p>\r\n\r\n\r\n\r\n<h2><b>Versp\u00e4tete oder fehlende R\u00fcckerstattungen<\/b><\/h2>\r\n<p>&nbsp;<\/p>\r\n\r\n\r\n\r\n<p>Sollten Sie noch keine R\u00fcckerstattung erhalten haben, \u00fcberpr\u00fcfen Sie zun\u00e4chst noch einmal Ihr Bankkonto.<\/p>\r\n<p>&nbsp;<\/p>\r\n\r\n\r\n\r\n<p>Wenden Sie sich dann an Ihr Kreditkartenunternehmen. Es kann einige Zeit dauern, bis Ihre R\u00fcckerstattung offiziell verbucht wird.<\/p>\r\n<p>&nbsp;<\/p>\r\n\r\n\r\n\r\n<p>Wenden Sie sich anschlie\u00dfend an Ihre Bank. Es dauert oft eine gewisse Bearbeitungszeit, bis eine R\u00fcckerstattung verbucht wird.<\/p>\r\n<p>&nbsp;<\/p>\r\n\r\n\r\n\r\n<p>Wenn Sie all dies getan haben und Ihre R\u00fcckerstattung noch nicht erhalten haben, kontaktieren Sie uns bitte unter {email address}.<\/p>\r\n<p>&nbsp;<\/p>\r\n\r\n\r\n\r\n<h2><b>Ausverkaufsartikel<\/b><\/h2>\r\n<p>&nbsp;<\/p>\r\n\r\n\r\n\r\n<p>Nur Artikel zum regul\u00e4ren Preis k\u00f6nnen erstattet werden. Ausverkaufsartikel k\u00f6nnen nicht erstattet werden.<\/p>\r\n<p>&nbsp;<\/p>\r\n\r\n\r\n\r\n<h2>B\u00f6rsen<\/h2>\r\n<p>&nbsp;<\/p>\r\n\r\n\r\n\r\n<p>Wir ersetzen Artikel nur, wenn sie defekt oder besch\u00e4digt sind. Wenn Sie den Artikel gegen denselben Artikel umtauschen m\u00f6chten, senden Sie uns bitte eine E-Mail an {email address} und senden Sie den Artikel an: {physical address}.<\/p>\r\n<p>&nbsp;<\/p>\r\n\r\n\r\n\r\n<h2>Geschenke<\/h2>\r\n<p>&nbsp;<\/p>\r\n\r\n\r\n\r\n<p>Wenn der Artikel beim Kauf als Geschenk gekennzeichnet und direkt an Sie versandt wurde, erhalten Sie eine Geschenkgutschrift in H\u00f6he des Wertes Ihrer R\u00fccksendung. Sobald der zur\u00fcckgesendete Artikel bei uns eingetroffen ist, wird Ihnen ein Geschenkgutschein zugesandt.<\/p>\r\n<p>&nbsp;<\/p>\r\n\r\n\r\n\r\n<p>Wenn der Artikel beim Kauf nicht als Geschenk gekennzeichnet war oder der Schenkende die Bestellung an sich selbst versenden lie\u00df, um sie Ihnen sp\u00e4ter zu geben, senden wir dem Schenkenden eine R\u00fcckerstattung und er wird \u00fcber Ihre R\u00fccksendung informiert.<\/p>\r\n<p>&nbsp;<\/p>\r\n\r\n\r\n\r\n<h2>Versandr\u00fccksendungen<\/h2>\r\n<p>&nbsp;<\/p>\r\n\r\n\r\n\r\n<p>Um Ihr Produkt zur\u00fcckzusenden, sollten Sie es an folgende Adresse schicken: {physical address}.<\/p>\r\n<p>&nbsp;<\/p>\r\n\r\n\r\n\r\n<p>Sie tragen die Versandkosten f\u00fcr die R\u00fccksendung Ihres Artikels selbst. Versandkosten sind nicht erstattungsf\u00e4hig. Wenn Sie eine R\u00fcckerstattung erhalten, werden die Kosten f\u00fcr die R\u00fccksendung von Ihrer R\u00fcckerstattung abgezogen.<\/p>\r\n<p>&nbsp;<\/p>\r\n\r\n\r\n\r\n<p>Je nachdem, wo Sie wohnen, kann die Lieferzeit Ihres umgetauschten Produkts unterschiedlich sein.<\/p>\r\n<p>&nbsp;<\/p>\r\n\r\n\r\n\r\n<p>Wenn Sie teurere Artikel zur\u00fccksenden, k\u00f6nnen Sie einen nachverfolgbaren Versandservice oder eine Versandversicherung in Betracht ziehen. Wir garantieren nicht, dass wir Ihren zur\u00fcckgesendeten Artikel erhalten.<\/p>\r\n<p>&nbsp;<\/p>\r\n\r\n\r\n\r\n<h2>Brauchen Sie Hilfe?<\/h2>\r\n<p>&nbsp;<\/p>\r\n\r\n\r\n\r\n<p>Kontaktieren Sie uns unter <a href=\"mailto:info@mauritianfoodsonline.com\" class=\"cntct\">info@mauritianfoodsonline.com<\/a>, wenn Sie Fragen zu R\u00fcckerstattungen und R\u00fccksendungen haben.<\/p>\r\n","protected":false},"excerpt":{"rendered":"<p>\u00dcberblick &nbsp; Unser R\u00fcckgabe- und R\u00fcckerstattungsrecht gilt 30 Tage lang. Wenn seit Ihrem Kauf 30 Tage vergangen sind, k\u00f6nnen wir Ihnen weder eine vollst\u00e4ndige R\u00fcckerstattung noch einen Umtausch anbieten. &nbsp; Um f\u00fcr eine R\u00fccksendung in Frage zu kommen, muss Ihr Artikel unbenutzt und in demselben Zustand sein, in dem Sie ihn erhalten haben. Er muss [&hellip;]<\/p>\n","protected":false},"author":1,"featured_media":0,"parent":0,"menu_order":0,"comment_status":"closed","ping_status":"closed","template":"","meta":{"_acf_changed":false,"footnotes":""},"class_list":["post-44053","page","type-page","status-publish","hentry"],"acf":[],"yoast_head":"<!-- This site is optimized with the Yoast SEO plugin v27.3 - https:\/\/yoast.com\/product\/yoast-seo-wordpress\/ -->\n<title>R\u00fcckerstattungs- und R\u00fcckgabebedingungen - Mauritian Foods Online<\/title>\n<meta name=\"robots\" content=\"index, follow, max-snippet:-1, max-image-preview:large, max-video-preview:-1\" \/>\n<link rel=\"canonical\" href=\"https:\/\/mauritianfoodsonline.com\/de\/rueckerstattungs-und-rueckgabebedingungen\/\" \/>\n<meta property=\"og:locale\" content=\"de_DE\" \/>\n<meta property=\"og:type\" content=\"article\" \/>\n<meta property=\"og:title\" content=\"R\u00fcckerstattungs- und R\u00fcckgabebedingungen - Mauritian Foods Online\" \/>\n<meta property=\"og:description\" content=\"\u00dcberblick &nbsp; Unser R\u00fcckgabe- und R\u00fcckerstattungsrecht gilt 30 Tage lang. Wenn seit Ihrem Kauf 30 Tage vergangen sind, k\u00f6nnen wir Ihnen weder eine vollst\u00e4ndige R\u00fcckerstattung noch einen Umtausch anbieten. &nbsp; Um f\u00fcr eine R\u00fccksendung in Frage zu kommen, muss Ihr Artikel unbenutzt und in demselben Zustand sein, in dem Sie ihn erhalten haben. Er muss [&hellip;]\" \/>\n<meta property=\"og:url\" content=\"https:\/\/mauritianfoodsonline.com\/de\/rueckerstattungs-und-rueckgabebedingungen\/\" \/>\n<meta property=\"og:site_name\" content=\"Mauritian Foods Online\" \/>\n<meta property=\"article:publisher\" content=\"https:\/\/www.facebook.com\/mauritianfoodsonlineuk\/\" \/>\n<meta property=\"article:modified_time\" content=\"2025-05-08T09:16:00+00:00\" \/>\n<meta property=\"og:image\" content=\"https:\/\/mauritianfoodsonline.com\/wp-content\/uploads\/2024\/12\/mauritionLogo.png\" \/>\n\t<meta property=\"og:image:width\" content=\"356\" \/>\n\t<meta property=\"og:image:height\" content=\"109\" \/>\n\t<meta property=\"og:image:type\" content=\"image\/png\" \/>\n<meta name=\"twitter:card\" content=\"summary_large_image\" \/>\n<meta name=\"twitter:site\" content=\"@mauritian_foods\" \/>\n<meta name=\"twitter:label1\" content=\"Gesch\u00e4tzte Lesezeit\" \/>\n\t<meta name=\"twitter:data1\" content=\"3\u00a0Minuten\" \/>\n<script type=\"application\/ld+json\" class=\"yoast-schema-graph\">{\"@context\":\"https:\\\/\\\/schema.org\",\"@graph\":[{\"@type\":\"WebPage\",\"@id\":\"https:\\\/\\\/mauritianfoodsonline.com\\\/de\\\/rueckerstattungs-und-rueckgabebedingungen\\\/\",\"url\":\"https:\\\/\\\/mauritianfoodsonline.com\\\/de\\\/rueckerstattungs-und-rueckgabebedingungen\\\/\",\"name\":\"R\u00fcckerstattungs- und R\u00fcckgabebedingungen - Mauritian Foods Online\",\"isPartOf\":{\"@id\":\"https:\\\/\\\/mauritianfoodsonline.com\\\/#website\"},\"datePublished\":\"2022-07-19T04:12:53+00:00\",\"dateModified\":\"2025-05-08T09:16:00+00:00\",\"breadcrumb\":{\"@id\":\"https:\\\/\\\/mauritianfoodsonline.com\\\/de\\\/rueckerstattungs-und-rueckgabebedingungen\\\/#breadcrumb\"},\"inLanguage\":\"de\",\"potentialAction\":[{\"@type\":\"ReadAction\",\"target\":[\"https:\\\/\\\/mauritianfoodsonline.com\\\/de\\\/rueckerstattungs-und-rueckgabebedingungen\\\/\"]}]},{\"@type\":\"BreadcrumbList\",\"@id\":\"https:\\\/\\\/mauritianfoodsonline.com\\\/de\\\/rueckerstattungs-und-rueckgabebedingungen\\\/#breadcrumb\",\"itemListElement\":[{\"@type\":\"ListItem\",\"position\":1,\"name\":\"Home\",\"item\":\"https:\\\/\\\/mauritianfoodsonline.com\\\/de\\\/\"},{\"@type\":\"ListItem\",\"position\":2,\"name\":\"R\u00fcckerstattungs- und R\u00fcckgabebedingungen\"}]},{\"@type\":\"WebSite\",\"@id\":\"https:\\\/\\\/mauritianfoodsonline.com\\\/#website\",\"url\":\"https:\\\/\\\/mauritianfoodsonline.com\\\/\",\"name\":\"Mauritian Foods Online\",\"description\":\"Online\",\"publisher\":{\"@id\":\"https:\\\/\\\/mauritianfoodsonline.com\\\/#organization\"},\"potentialAction\":[{\"@type\":\"SearchAction\",\"target\":{\"@type\":\"EntryPoint\",\"urlTemplate\":\"https:\\\/\\\/mauritianfoodsonline.com\\\/?s={search_term_string}\"},\"query-input\":{\"@type\":\"PropertyValueSpecification\",\"valueRequired\":true,\"valueName\":\"search_term_string\"}}],\"inLanguage\":\"de\"},{\"@type\":\"Organization\",\"@id\":\"https:\\\/\\\/mauritianfoodsonline.com\\\/#organization\",\"name\":\"Mauritian Foods Online\",\"url\":\"https:\\\/\\\/mauritianfoodsonline.com\\\/\",\"logo\":{\"@type\":\"ImageObject\",\"inLanguage\":\"de\",\"@id\":\"https:\\\/\\\/mauritianfoodsonline.com\\\/#\\\/schema\\\/logo\\\/image\\\/\",\"url\":\"https:\\\/\\\/mauritianfoodsonline.com\\\/wp-content\\\/uploads\\\/2024\\\/11\\\/svgviewer-png-output-1.png\",\"contentUrl\":\"https:\\\/\\\/mauritianfoodsonline.com\\\/wp-content\\\/uploads\\\/2024\\\/11\\\/svgviewer-png-output-1.png\",\"width\":106,\"height\":109,\"caption\":\"Mauritian Foods Online\"},\"image\":{\"@id\":\"https:\\\/\\\/mauritianfoodsonline.com\\\/#\\\/schema\\\/logo\\\/image\\\/\"},\"sameAs\":[\"https:\\\/\\\/www.facebook.com\\\/mauritianfoodsonlineuk\\\/\",\"https:\\\/\\\/x.com\\\/mauritian_foods\",\"https:\\\/\\\/www.instagram.com\\\/mauritianfoodsonline\\\/#\"]}]}<\/script>\n<!-- \/ Yoast SEO plugin. -->","yoast_head_json":{"title":"R\u00fcckerstattungs- und R\u00fcckgabebedingungen - Mauritian Foods Online","robots":{"index":"index","follow":"follow","max-snippet":"max-snippet:-1","max-image-preview":"max-image-preview:large","max-video-preview":"max-video-preview:-1"},"canonical":"https:\/\/mauritianfoodsonline.com\/de\/rueckerstattungs-und-rueckgabebedingungen\/","og_locale":"de_DE","og_type":"article","og_title":"R\u00fcckerstattungs- und R\u00fcckgabebedingungen - Mauritian Foods Online","og_description":"\u00dcberblick &nbsp; Unser R\u00fcckgabe- und R\u00fcckerstattungsrecht gilt 30 Tage lang. Wenn seit Ihrem Kauf 30 Tage vergangen sind, k\u00f6nnen wir Ihnen weder eine vollst\u00e4ndige R\u00fcckerstattung noch einen Umtausch anbieten. &nbsp; Um f\u00fcr eine R\u00fccksendung in Frage zu kommen, muss Ihr Artikel unbenutzt und in demselben Zustand sein, in dem Sie ihn erhalten haben. Er muss [&hellip;]","og_url":"https:\/\/mauritianfoodsonline.com\/de\/rueckerstattungs-und-rueckgabebedingungen\/","og_site_name":"Mauritian Foods Online","article_publisher":"https:\/\/www.facebook.com\/mauritianfoodsonlineuk\/","article_modified_time":"2025-05-08T09:16:00+00:00","og_image":[{"width":356,"height":109,"url":"https:\/\/mauritianfoodsonline.com\/wp-content\/uploads\/2024\/12\/mauritionLogo.png","type":"image\/png"}],"twitter_card":"summary_large_image","twitter_site":"@mauritian_foods","twitter_misc":{"Gesch\u00e4tzte Lesezeit":"3\u00a0Minuten"},"schema":{"@context":"https:\/\/schema.org","@graph":[{"@type":"WebPage","@id":"https:\/\/mauritianfoodsonline.com\/de\/rueckerstattungs-und-rueckgabebedingungen\/","url":"https:\/\/mauritianfoodsonline.com\/de\/rueckerstattungs-und-rueckgabebedingungen\/","name":"R\u00fcckerstattungs- und R\u00fcckgabebedingungen - Mauritian Foods Online","isPartOf":{"@id":"https:\/\/mauritianfoodsonline.com\/#website"},"datePublished":"2022-07-19T04:12:53+00:00","dateModified":"2025-05-08T09:16:00+00:00","breadcrumb":{"@id":"https:\/\/mauritianfoodsonline.com\/de\/rueckerstattungs-und-rueckgabebedingungen\/#breadcrumb"},"inLanguage":"de","potentialAction":[{"@type":"ReadAction","target":["https:\/\/mauritianfoodsonline.com\/de\/rueckerstattungs-und-rueckgabebedingungen\/"]}]},{"@type":"BreadcrumbList","@id":"https:\/\/mauritianfoodsonline.com\/de\/rueckerstattungs-und-rueckgabebedingungen\/#breadcrumb","itemListElement":[{"@type":"ListItem","position":1,"name":"Home","item":"https:\/\/mauritianfoodsonline.com\/de\/"},{"@type":"ListItem","position":2,"name":"R\u00fcckerstattungs- und R\u00fcckgabebedingungen"}]},{"@type":"WebSite","@id":"https:\/\/mauritianfoodsonline.com\/#website","url":"https:\/\/mauritianfoodsonline.com\/","name":"Mauritian Foods Online","description":"Online","publisher":{"@id":"https:\/\/mauritianfoodsonline.com\/#organization"},"potentialAction":[{"@type":"SearchAction","target":{"@type":"EntryPoint","urlTemplate":"https:\/\/mauritianfoodsonline.com\/?s={search_term_string}"},"query-input":{"@type":"PropertyValueSpecification","valueRequired":true,"valueName":"search_term_string"}}],"inLanguage":"de"},{"@type":"Organization","@id":"https:\/\/mauritianfoodsonline.com\/#organization","name":"Mauritian Foods Online","url":"https:\/\/mauritianfoodsonline.com\/","logo":{"@type":"ImageObject","inLanguage":"de","@id":"https:\/\/mauritianfoodsonline.com\/#\/schema\/logo\/image\/","url":"https:\/\/mauritianfoodsonline.com\/wp-content\/uploads\/2024\/11\/svgviewer-png-output-1.png","contentUrl":"https:\/\/mauritianfoodsonline.com\/wp-content\/uploads\/2024\/11\/svgviewer-png-output-1.png","width":106,"height":109,"caption":"Mauritian Foods Online"},"image":{"@id":"https:\/\/mauritianfoodsonline.com\/#\/schema\/logo\/image\/"},"sameAs":["https:\/\/www.facebook.com\/mauritianfoodsonlineuk\/","https:\/\/x.com\/mauritian_foods","https:\/\/www.instagram.com\/mauritianfoodsonline\/#"]}]}},"_links":{"self":[{"href":"https:\/\/mauritianfoodsonline.com\/de\/wp-json\/wp\/v2\/pages\/44053","targetHints":{"allow":["GET"]}}],"collection":[{"href":"https:\/\/mauritianfoodsonline.com\/de\/wp-json\/wp\/v2\/pages"}],"about":[{"href":"https:\/\/mauritianfoodsonline.com\/de\/wp-json\/wp\/v2\/types\/page"}],"author":[{"embeddable":true,"href":"https:\/\/mauritianfoodsonline.com\/de\/wp-json\/wp\/v2\/users\/1"}],"replies":[{"embeddable":true,"href":"https:\/\/mauritianfoodsonline.com\/de\/wp-json\/wp\/v2\/comments?post=44053"}],"version-history":[{"count":3,"href":"https:\/\/mauritianfoodsonline.com\/de\/wp-json\/wp\/v2\/pages\/44053\/revisions"}],"predecessor-version":[{"id":44680,"href":"https:\/\/mauritianfoodsonline.com\/de\/wp-json\/wp\/v2\/pages\/44053\/revisions\/44680"}],"wp:attachment":[{"href":"https:\/\/mauritianfoodsonline.com\/de\/wp-json\/wp\/v2\/media?parent=44053"}],"curies":[{"name":"wp","href":"https:\/\/api.w.org\/{rel}","templated":true}]}}