{"id":41873,"date":"2024-11-23T17:12:20","date_gmt":"2024-11-23T17:12:20","guid":{"rendered":"https:\/\/mauritianfoodsonline.com\/product\/kuerbis-silber\/"},"modified":"2025-09-15T11:02:15","modified_gmt":"2025-09-15T11:02:15","slug":"kuerbis-silber","status":"publish","type":"product","link":"https:\/\/mauritianfoodsonline.com\/de\/product\/kuerbis-silber\/","title":{"rendered":"Pumkin Silver"},"content":{"rendered":"<p>Silberk\u00fcrbisse werden f\u00fcr ihre zarte Textur und ihren etwas milderen Geschmack im Vergleich zu anderen K\u00fcrbissorten gesch\u00e4tzt und werden h\u00e4ufig in Suppen, Currys oder Braten verwendet. Dank ihres auff\u00e4lligen Aussehens und ihres k\u00f6stlichen Geschmacks eignen sich Silberk\u00fcrbisse auch hervorragend als Dekoration f\u00fcr herbstliche Gestecke. Dar\u00fcber hinaus enthalten sie viele N\u00e4hrstoffe wie Vitamin A, Ballaststoffe und Antioxidantien und sind somit eine nahrhafte Erg\u00e4nzung f\u00fcr jede Mahlzeit.  <\/p>\n","protected":false},"excerpt":{"rendered":"<p>Herkunftsland <strong>:<\/strong> INDIEN<\/p>\n<p><strong>Ca.<\/strong> 1 kg<\/p>\n<p>Der Silberk\u00fcrbis, oft auch als \u201eSilberglocke\u201c oder \u201eSilbers\u00fc\u00dfe\u201c bezeichnet, ist eine einzigartige K\u00fcrbissorte mit einer hellen, silbergrauen Schale und einer glatten, leicht geriffelten Textur. Er ist typischerweise kleiner als herk\u00f6mmliche K\u00fcrbisse und hat eine runde oder leicht abgeflachte Form. Das Fruchtfleisch ist leuchtend orange und hat einen s\u00fc\u00dfen, intensiven Geschmack, wodurch er sich ideal zum Kochen, Backen und Kuchenbacken eignet.  <\/p>\n","protected":false},"featured_media":40071,"comment_status":"open","ping_status":"closed","template":"","meta":{"_acf_changed":false},"special-offers":[],"product_brand":[],"product_cat":[1145,1144],"product_tag":[341],"class_list":{"0":"post-41873","1":"product","2":"type-product","3":"status-publish","4":"has-post-thumbnail","6":"product_cat-frisches-gemuse","7":"product_cat-gemuse","8":"product_tag-curry-leaves","10":"first","11":"instock","12":"taxable","13":"shipping-taxable","14":"purchasable","15":"product-type-variable","16":"add-to-wishlist-before_image"},"acf":[],"yoast_head":"<!-- This site is optimized with the Yoast SEO plugin v27.4 - https:\/\/yoast.com\/product\/yoast-seo-wordpress\/ -->\n<title>Pumkin Silver - Mauritian Foods Online<\/title>\n<meta name=\"description\" content=\"Silberk\u00fcrbisse werden f\u00fcr ihre zarte Textur und ihren etwas milderen Geschmack im Vergleich zu anderen K\u00fcrbissorten gesch\u00e4tzt und werden h\u00e4ufig in Suppen, Currys oder Braten verwendet. Dank ihres auff\u00e4lligen Aussehens und ihres k\u00f6stlichen Geschmacks eignen sich Silberk\u00fcrbisse auch hervorragend als Dekoration f\u00fcr herbstliche Gestecke. Dar\u00fcber hinaus enthalten sie viele N\u00e4hrstoffe wie Vitamin A, Ballaststoffe und Antioxidantien und sind somit eine nahrhafte Erg\u00e4nzung f\u00fcr jede Mahlzeit.\" \/>\n<meta name=\"robots\" content=\"index, follow, max-snippet:-1, max-image-preview:large, max-video-preview:-1\" \/>\n<link rel=\"canonical\" href=\"https:\/\/mauritianfoodsonline.com\/de\/product\/kuerbis-silber\/\" \/>\n<meta property=\"og:locale\" content=\"de_DE\" \/>\n<meta property=\"og:type\" content=\"article\" \/>\n<meta property=\"og:title\" content=\"Pumkin Silver - Mauritian Foods Online\" \/>\n<meta property=\"og:description\" content=\"Silberk\u00fcrbisse werden f\u00fcr ihre zarte Textur und ihren etwas milderen Geschmack im Vergleich zu anderen K\u00fcrbissorten gesch\u00e4tzt und werden h\u00e4ufig in Suppen, Currys oder Braten verwendet. Dank ihres auff\u00e4lligen Aussehens und ihres k\u00f6stlichen Geschmacks eignen sich Silberk\u00fcrbisse auch hervorragend als Dekoration f\u00fcr herbstliche Gestecke. Dar\u00fcber hinaus enthalten sie viele N\u00e4hrstoffe wie Vitamin A, Ballaststoffe und Antioxidantien und sind somit eine nahrhafte Erg\u00e4nzung f\u00fcr jede Mahlzeit.\" \/>\n<meta property=\"og:url\" content=\"https:\/\/mauritianfoodsonline.com\/de\/product\/kuerbis-silber\/\" \/>\n<meta property=\"og:site_name\" content=\"Mauritian Foods Online\" \/>\n<meta property=\"article:publisher\" content=\"https:\/\/www.facebook.com\/mauritianfoodsonlineuk\/\" \/>\n<meta property=\"article:modified_time\" content=\"2025-09-15T11:02:15+00:00\" \/>\n<meta property=\"og:image\" content=\"https:\/\/mauritianfoodsonline.com\/wp-content\/uploads\/2024\/11\/Silver-pumpkin-1.jpg\" \/>\n\t<meta property=\"og:image:width\" content=\"679\" \/>\n\t<meta property=\"og:image:height\" content=\"460\" \/>\n\t<meta property=\"og:image:type\" content=\"image\/jpeg\" \/>\n<meta name=\"twitter:card\" content=\"summary_large_image\" \/>\n<meta name=\"twitter:site\" content=\"@mauritian_foods\" \/>\n<script type=\"application\/ld+json\" class=\"yoast-schema-graph\">{\"@context\":\"https:\\\/\\\/schema.org\",\"@graph\":[{\"@type\":\"WebPage\",\"@id\":\"https:\\\/\\\/mauritianfoodsonline.com\\\/de\\\/product\\\/kuerbis-silber\\\/\",\"url\":\"https:\\\/\\\/mauritianfoodsonline.com\\\/de\\\/product\\\/kuerbis-silber\\\/\",\"name\":\"Pumkin Silver - Mauritian Foods Online\",\"isPartOf\":{\"@id\":\"https:\\\/\\\/mauritianfoodsonline.com\\\/#website\"},\"primaryImageOfPage\":{\"@id\":\"https:\\\/\\\/mauritianfoodsonline.com\\\/de\\\/product\\\/kuerbis-silber\\\/#primaryimage\"},\"image\":{\"@id\":\"https:\\\/\\\/mauritianfoodsonline.com\\\/de\\\/product\\\/kuerbis-silber\\\/#primaryimage\"},\"thumbnailUrl\":\"https:\\\/\\\/mauritianfoodsonline.com\\\/wp-content\\\/uploads\\\/2024\\\/11\\\/Silver-pumpkin-1.jpg\",\"datePublished\":\"2024-11-23T17:12:20+00:00\",\"dateModified\":\"2025-09-15T11:02:15+00:00\",\"description\":\"Silberk\u00fcrbisse werden f\u00fcr ihre zarte Textur und ihren etwas milderen Geschmack im Vergleich zu anderen K\u00fcrbissorten gesch\u00e4tzt und werden h\u00e4ufig in Suppen, Currys oder Braten verwendet. Dank ihres auff\u00e4lligen Aussehens und ihres k\u00f6stlichen Geschmacks eignen sich Silberk\u00fcrbisse auch hervorragend als Dekoration f\u00fcr herbstliche Gestecke. Dar\u00fcber hinaus enthalten sie viele N\u00e4hrstoffe wie Vitamin A, Ballaststoffe und Antioxidantien und sind somit eine nahrhafte Erg\u00e4nzung f\u00fcr jede Mahlzeit.\",\"breadcrumb\":{\"@id\":\"https:\\\/\\\/mauritianfoodsonline.com\\\/de\\\/product\\\/kuerbis-silber\\\/#breadcrumb\"},\"inLanguage\":\"de\",\"potentialAction\":[{\"@type\":\"ReadAction\",\"target\":[\"https:\\\/\\\/mauritianfoodsonline.com\\\/de\\\/product\\\/kuerbis-silber\\\/\"]}]},{\"@type\":\"ImageObject\",\"inLanguage\":\"de\",\"@id\":\"https:\\\/\\\/mauritianfoodsonline.com\\\/de\\\/product\\\/kuerbis-silber\\\/#primaryimage\",\"url\":\"https:\\\/\\\/mauritianfoodsonline.com\\\/wp-content\\\/uploads\\\/2024\\\/11\\\/Silver-pumpkin-1.jpg\",\"contentUrl\":\"https:\\\/\\\/mauritianfoodsonline.com\\\/wp-content\\\/uploads\\\/2024\\\/11\\\/Silver-pumpkin-1.jpg\",\"width\":679,\"height\":460},{\"@type\":\"BreadcrumbList\",\"@id\":\"https:\\\/\\\/mauritianfoodsonline.com\\\/de\\\/product\\\/kuerbis-silber\\\/#breadcrumb\",\"itemListElement\":[{\"@type\":\"ListItem\",\"position\":1,\"name\":\"Home\",\"item\":\"https:\\\/\\\/mauritianfoodsonline.com\\\/de\\\/\"},{\"@type\":\"ListItem\",\"position\":2,\"name\":\"Gesch\u00e4ft\",\"item\":\"https:\\\/\\\/mauritianfoodsonline.com\\\/de\\\/geschaeft\\\/\"},{\"@type\":\"ListItem\",\"position\":3,\"name\":\"Pumkin Silver\"}]},{\"@type\":\"WebSite\",\"@id\":\"https:\\\/\\\/mauritianfoodsonline.com\\\/#website\",\"url\":\"https:\\\/\\\/mauritianfoodsonline.com\\\/\",\"name\":\"Mauritian Foods Online\",\"description\":\"Online\",\"publisher\":{\"@id\":\"https:\\\/\\\/mauritianfoodsonline.com\\\/#organization\"},\"potentialAction\":[{\"@type\":\"SearchAction\",\"target\":{\"@type\":\"EntryPoint\",\"urlTemplate\":\"https:\\\/\\\/mauritianfoodsonline.com\\\/?s={search_term_string}\"},\"query-input\":{\"@type\":\"PropertyValueSpecification\",\"valueRequired\":true,\"valueName\":\"search_term_string\"}}],\"inLanguage\":\"de\"},{\"@type\":\"Organization\",\"@id\":\"https:\\\/\\\/mauritianfoodsonline.com\\\/#organization\",\"name\":\"Mauritian Foods Online\",\"url\":\"https:\\\/\\\/mauritianfoodsonline.com\\\/\",\"logo\":{\"@type\":\"ImageObject\",\"inLanguage\":\"de\",\"@id\":\"https:\\\/\\\/mauritianfoodsonline.com\\\/#\\\/schema\\\/logo\\\/image\\\/\",\"url\":\"https:\\\/\\\/mauritianfoodsonline.com\\\/wp-content\\\/uploads\\\/2024\\\/11\\\/svgviewer-png-output-1.png\",\"contentUrl\":\"https:\\\/\\\/mauritianfoodsonline.com\\\/wp-content\\\/uploads\\\/2024\\\/11\\\/svgviewer-png-output-1.png\",\"width\":106,\"height\":109,\"caption\":\"Mauritian Foods Online\"},\"image\":{\"@id\":\"https:\\\/\\\/mauritianfoodsonline.com\\\/#\\\/schema\\\/logo\\\/image\\\/\"},\"sameAs\":[\"https:\\\/\\\/www.facebook.com\\\/mauritianfoodsonlineuk\\\/\",\"https:\\\/\\\/x.com\\\/mauritian_foods\",\"https:\\\/\\\/www.instagram.com\\\/mauritianfoodsonline\\\/#\"]}]}<\/script>\n<!-- \/ Yoast SEO plugin. -->","yoast_head_json":{"title":"Pumkin Silver - Mauritian Foods Online","description":"Silberk\u00fcrbisse werden f\u00fcr ihre zarte Textur und ihren etwas milderen Geschmack im Vergleich zu anderen K\u00fcrbissorten gesch\u00e4tzt und werden h\u00e4ufig in Suppen, Currys oder Braten verwendet. Dank ihres auff\u00e4lligen Aussehens und ihres k\u00f6stlichen Geschmacks eignen sich Silberk\u00fcrbisse auch hervorragend als Dekoration f\u00fcr herbstliche Gestecke. Dar\u00fcber hinaus enthalten sie viele N\u00e4hrstoffe wie Vitamin A, Ballaststoffe und Antioxidantien und sind somit eine nahrhafte Erg\u00e4nzung f\u00fcr jede Mahlzeit.","robots":{"index":"index","follow":"follow","max-snippet":"max-snippet:-1","max-image-preview":"max-image-preview:large","max-video-preview":"max-video-preview:-1"},"canonical":"https:\/\/mauritianfoodsonline.com\/de\/product\/kuerbis-silber\/","og_locale":"de_DE","og_type":"article","og_title":"Pumkin Silver - Mauritian Foods Online","og_description":"Silberk\u00fcrbisse werden f\u00fcr ihre zarte Textur und ihren etwas milderen Geschmack im Vergleich zu anderen K\u00fcrbissorten gesch\u00e4tzt und werden h\u00e4ufig in Suppen, Currys oder Braten verwendet. Dank ihres auff\u00e4lligen Aussehens und ihres k\u00f6stlichen Geschmacks eignen sich Silberk\u00fcrbisse auch hervorragend als Dekoration f\u00fcr herbstliche Gestecke. Dar\u00fcber hinaus enthalten sie viele N\u00e4hrstoffe wie Vitamin A, Ballaststoffe und Antioxidantien und sind somit eine nahrhafte Erg\u00e4nzung f\u00fcr jede Mahlzeit.","og_url":"https:\/\/mauritianfoodsonline.com\/de\/product\/kuerbis-silber\/","og_site_name":"Mauritian Foods Online","article_publisher":"https:\/\/www.facebook.com\/mauritianfoodsonlineuk\/","article_modified_time":"2025-09-15T11:02:15+00:00","og_image":[{"width":679,"height":460,"url":"https:\/\/mauritianfoodsonline.com\/wp-content\/uploads\/2024\/11\/Silver-pumpkin-1.jpg","type":"image\/jpeg"}],"twitter_card":"summary_large_image","twitter_site":"@mauritian_foods","schema":{"@context":"https:\/\/schema.org","@graph":[{"@type":"WebPage","@id":"https:\/\/mauritianfoodsonline.com\/de\/product\/kuerbis-silber\/","url":"https:\/\/mauritianfoodsonline.com\/de\/product\/kuerbis-silber\/","name":"Pumkin Silver - Mauritian Foods Online","isPartOf":{"@id":"https:\/\/mauritianfoodsonline.com\/#website"},"primaryImageOfPage":{"@id":"https:\/\/mauritianfoodsonline.com\/de\/product\/kuerbis-silber\/#primaryimage"},"image":{"@id":"https:\/\/mauritianfoodsonline.com\/de\/product\/kuerbis-silber\/#primaryimage"},"thumbnailUrl":"https:\/\/mauritianfoodsonline.com\/wp-content\/uploads\/2024\/11\/Silver-pumpkin-1.jpg","datePublished":"2024-11-23T17:12:20+00:00","dateModified":"2025-09-15T11:02:15+00:00","description":"Silberk\u00fcrbisse werden f\u00fcr ihre zarte Textur und ihren etwas milderen Geschmack im Vergleich zu anderen K\u00fcrbissorten gesch\u00e4tzt und werden h\u00e4ufig in Suppen, Currys oder Braten verwendet. Dank ihres auff\u00e4lligen Aussehens und ihres k\u00f6stlichen Geschmacks eignen sich Silberk\u00fcrbisse auch hervorragend als Dekoration f\u00fcr herbstliche Gestecke. Dar\u00fcber hinaus enthalten sie viele N\u00e4hrstoffe wie Vitamin A, Ballaststoffe und Antioxidantien und sind somit eine nahrhafte Erg\u00e4nzung f\u00fcr jede Mahlzeit.","breadcrumb":{"@id":"https:\/\/mauritianfoodsonline.com\/de\/product\/kuerbis-silber\/#breadcrumb"},"inLanguage":"de","potentialAction":[{"@type":"ReadAction","target":["https:\/\/mauritianfoodsonline.com\/de\/product\/kuerbis-silber\/"]}]},{"@type":"ImageObject","inLanguage":"de","@id":"https:\/\/mauritianfoodsonline.com\/de\/product\/kuerbis-silber\/#primaryimage","url":"https:\/\/mauritianfoodsonline.com\/wp-content\/uploads\/2024\/11\/Silver-pumpkin-1.jpg","contentUrl":"https:\/\/mauritianfoodsonline.com\/wp-content\/uploads\/2024\/11\/Silver-pumpkin-1.jpg","width":679,"height":460},{"@type":"BreadcrumbList","@id":"https:\/\/mauritianfoodsonline.com\/de\/product\/kuerbis-silber\/#breadcrumb","itemListElement":[{"@type":"ListItem","position":1,"name":"Home","item":"https:\/\/mauritianfoodsonline.com\/de\/"},{"@type":"ListItem","position":2,"name":"Gesch\u00e4ft","item":"https:\/\/mauritianfoodsonline.com\/de\/geschaeft\/"},{"@type":"ListItem","position":3,"name":"Pumkin Silver"}]},{"@type":"WebSite","@id":"https:\/\/mauritianfoodsonline.com\/#website","url":"https:\/\/mauritianfoodsonline.com\/","name":"Mauritian Foods Online","description":"Online","publisher":{"@id":"https:\/\/mauritianfoodsonline.com\/#organization"},"potentialAction":[{"@type":"SearchAction","target":{"@type":"EntryPoint","urlTemplate":"https:\/\/mauritianfoodsonline.com\/?s={search_term_string}"},"query-input":{"@type":"PropertyValueSpecification","valueRequired":true,"valueName":"search_term_string"}}],"inLanguage":"de"},{"@type":"Organization","@id":"https:\/\/mauritianfoodsonline.com\/#organization","name":"Mauritian Foods Online","url":"https:\/\/mauritianfoodsonline.com\/","logo":{"@type":"ImageObject","inLanguage":"de","@id":"https:\/\/mauritianfoodsonline.com\/#\/schema\/logo\/image\/","url":"https:\/\/mauritianfoodsonline.com\/wp-content\/uploads\/2024\/11\/svgviewer-png-output-1.png","contentUrl":"https:\/\/mauritianfoodsonline.com\/wp-content\/uploads\/2024\/11\/svgviewer-png-output-1.png","width":106,"height":109,"caption":"Mauritian Foods Online"},"image":{"@id":"https:\/\/mauritianfoodsonline.com\/#\/schema\/logo\/image\/"},"sameAs":["https:\/\/www.facebook.com\/mauritianfoodsonlineuk\/","https:\/\/x.com\/mauritian_foods","https:\/\/www.instagram.com\/mauritianfoodsonline\/#"]}]}},"_links":{"self":[{"href":"https:\/\/mauritianfoodsonline.com\/de\/wp-json\/wp\/v2\/product\/41873","targetHints":{"allow":["GET"]}}],"collection":[{"href":"https:\/\/mauritianfoodsonline.com\/de\/wp-json\/wp\/v2\/product"}],"about":[{"href":"https:\/\/mauritianfoodsonline.com\/de\/wp-json\/wp\/v2\/types\/product"}],"replies":[{"embeddable":true,"href":"https:\/\/mauritianfoodsonline.com\/de\/wp-json\/wp\/v2\/comments?post=41873"}],"wp:featuredmedia":[{"embeddable":true,"href":"https:\/\/mauritianfoodsonline.com\/de\/wp-json\/wp\/v2\/media\/40071"}],"wp:attachment":[{"href":"https:\/\/mauritianfoodsonline.com\/de\/wp-json\/wp\/v2\/media?parent=41873"}],"wp:term":[{"taxonomy":"special-offers","embeddable":true,"href":"https:\/\/mauritianfoodsonline.com\/de\/wp-json\/wp\/v2\/special-offers?post=41873"},{"taxonomy":"product_brand","embeddable":true,"href":"https:\/\/mauritianfoodsonline.com\/de\/wp-json\/wp\/v2\/product_brand?post=41873"},{"taxonomy":"product_cat","embeddable":true,"href":"https:\/\/mauritianfoodsonline.com\/de\/wp-json\/wp\/v2\/product_cat?post=41873"},{"taxonomy":"product_tag","embeddable":true,"href":"https:\/\/mauritianfoodsonline.com\/de\/wp-json\/wp\/v2\/product_tag?post=41873"}],"curies":[{"name":"wp","href":"https:\/\/api.w.org\/{rel}","templated":true}]}}