{"id":43866,"date":"2024-11-21T12:44:08","date_gmt":"2024-11-21T12:44:08","guid":{"rendered":"https:\/\/mauritianfoodsonline.com\/product\/carrots\/"},"modified":"2025-09-15T11:02:11","modified_gmt":"2025-09-15T11:02:11","slug":"carrots","status":"publish","type":"product","link":"https:\/\/mauritianfoodsonline.com\/de\/product\/carrots\/","title":{"rendered":"Carrots"},"content":{"rendered":"<p>Dieses vielseitige Gem\u00fcse kann roh genossen, in Salate geschnitten oder in verschiedenen Gerichten wie Suppen, Eint\u00f6pfen und Pfannengerichten gekocht werden. Karotten sind auch als gesunder Snack beliebt, oft in Stiften oder in Saftmischungen. Sie sind das ganze Jahr \u00fcber in verschiedenen Gr\u00f6\u00dfen erh\u00e4ltlich \u2013 von kleinen, zarten Babykarotten bis hin zu gr\u00f6\u00dferen, reiferen Sorten. Karotten sind von Natur aus kalorienarm und k\u00f6nnen eine k\u00f6stliche Erg\u00e4nzung zu einer ausgewogenen Ern\u00e4hrung sein.   <\/p>\n","protected":false},"excerpt":{"rendered":"<p>Herkunftsland <strong>:<\/strong> Vereinigtes K\u00f6nigreich<\/p>\n<p>Ca. <strong>1 kg pro Tablett<\/strong><\/p>\n<p>Karotten sind leuchtend orangefarbene Wurzelgem\u00fcse, bekannt f\u00fcr ihre knackige Textur und ihren nat\u00fcrlich s\u00fc\u00dfen Geschmack. Sie sind voller wichtiger N\u00e4hrstoffe und eine ausgezeichnete Quelle f\u00fcr Vitamin A, das die Augengesundheit unterst\u00fctzt, sowie f\u00fcr Antioxidantien, Ballaststoffe und die Vitamine C und K. <\/p>\n","protected":false},"featured_media":40065,"comment_status":"open","ping_status":"closed","template":"","meta":{"_acf_changed":false},"special-offers":[],"product_brand":[],"product_cat":[1145,1144],"product_tag":[341],"class_list":{"0":"post-43866","1":"product","2":"type-product","3":"status-publish","4":"has-post-thumbnail","6":"product_cat-frisches-gemuse","7":"product_cat-gemuse","8":"product_tag-curry-leaves","10":"first","11":"instock","12":"taxable","13":"shipping-taxable","14":"purchasable","15":"product-type-variable","16":"add-to-wishlist-before_image"},"acf":[],"yoast_head":"<!-- This site is optimized with the Yoast SEO plugin v27.3 - https:\/\/yoast.com\/product\/yoast-seo-wordpress\/ -->\n<title>Carrots - Mauritian Foods Online<\/title>\n<meta name=\"description\" content=\"Dieses vielseitige Gem\u00fcse kann roh genossen, in Salate geschnitten oder in verschiedenen Gerichten wie Suppen, Eint\u00f6pfen und Pfannengerichten gekocht werden. Karotten sind auch als gesunder Snack beliebt, oft in Stiften oder in Saftmischungen. Sie sind das ganze Jahr \u00fcber in verschiedenen Gr\u00f6\u00dfen erh\u00e4ltlich \u2013 von kleinen, zarten Babykarotten bis hin zu gr\u00f6\u00dferen, reiferen Sorten. Karotten sind von Natur aus kalorienarm und k\u00f6nnen eine k\u00f6stliche Erg\u00e4nzung zu einer ausgewogenen Ern\u00e4hrung sein.\" \/>\n<meta name=\"robots\" content=\"index, follow, max-snippet:-1, max-image-preview:large, max-video-preview:-1\" \/>\n<link rel=\"canonical\" href=\"https:\/\/mauritianfoodsonline.com\/de\/product\/carrots\/\" \/>\n<meta property=\"og:locale\" content=\"de_DE\" \/>\n<meta property=\"og:type\" content=\"article\" \/>\n<meta property=\"og:title\" content=\"Carrots - Mauritian Foods Online\" \/>\n<meta property=\"og:description\" content=\"Dieses vielseitige Gem\u00fcse kann roh genossen, in Salate geschnitten oder in verschiedenen Gerichten wie Suppen, Eint\u00f6pfen und Pfannengerichten gekocht werden. Karotten sind auch als gesunder Snack beliebt, oft in Stiften oder in Saftmischungen. Sie sind das ganze Jahr \u00fcber in verschiedenen Gr\u00f6\u00dfen erh\u00e4ltlich \u2013 von kleinen, zarten Babykarotten bis hin zu gr\u00f6\u00dferen, reiferen Sorten. Karotten sind von Natur aus kalorienarm und k\u00f6nnen eine k\u00f6stliche Erg\u00e4nzung zu einer ausgewogenen Ern\u00e4hrung sein.\" \/>\n<meta property=\"og:url\" content=\"https:\/\/mauritianfoodsonline.com\/de\/product\/carrots\/\" \/>\n<meta property=\"og:site_name\" content=\"Mauritian Foods Online\" \/>\n<meta property=\"article:publisher\" content=\"https:\/\/www.facebook.com\/mauritianfoodsonlineuk\/\" \/>\n<meta property=\"article:modified_time\" content=\"2025-09-15T11:02:11+00:00\" \/>\n<meta property=\"og:image\" content=\"https:\/\/mauritianfoodsonline.com\/wp-content\/uploads\/2024\/11\/2562-1.jpg\" \/>\n\t<meta property=\"og:image:width\" content=\"1500\" \/>\n\t<meta property=\"og:image:height\" content=\"1014\" \/>\n\t<meta property=\"og:image:type\" content=\"image\/jpeg\" \/>\n<meta name=\"twitter:card\" content=\"summary_large_image\" \/>\n<meta name=\"twitter:site\" content=\"@mauritian_foods\" \/>\n<script type=\"application\/ld+json\" class=\"yoast-schema-graph\">{\"@context\":\"https:\\\/\\\/schema.org\",\"@graph\":[{\"@type\":\"WebPage\",\"@id\":\"https:\\\/\\\/mauritianfoodsonline.com\\\/de\\\/product\\\/carrots\\\/\",\"url\":\"https:\\\/\\\/mauritianfoodsonline.com\\\/de\\\/product\\\/carrots\\\/\",\"name\":\"Carrots - Mauritian Foods Online\",\"isPartOf\":{\"@id\":\"https:\\\/\\\/mauritianfoodsonline.com\\\/#website\"},\"primaryImageOfPage\":{\"@id\":\"https:\\\/\\\/mauritianfoodsonline.com\\\/de\\\/product\\\/carrots\\\/#primaryimage\"},\"image\":{\"@id\":\"https:\\\/\\\/mauritianfoodsonline.com\\\/de\\\/product\\\/carrots\\\/#primaryimage\"},\"thumbnailUrl\":\"https:\\\/\\\/mauritianfoodsonline.com\\\/wp-content\\\/uploads\\\/2024\\\/11\\\/2562-1.jpg\",\"datePublished\":\"2024-11-21T12:44:08+00:00\",\"dateModified\":\"2025-09-15T11:02:11+00:00\",\"description\":\"Dieses vielseitige Gem\u00fcse kann roh genossen, in Salate geschnitten oder in verschiedenen Gerichten wie Suppen, Eint\u00f6pfen und Pfannengerichten gekocht werden. Karotten sind auch als gesunder Snack beliebt, oft in Stiften oder in Saftmischungen. Sie sind das ganze Jahr \u00fcber in verschiedenen Gr\u00f6\u00dfen erh\u00e4ltlich \u2013 von kleinen, zarten Babykarotten bis hin zu gr\u00f6\u00dferen, reiferen Sorten. Karotten sind von Natur aus kalorienarm und k\u00f6nnen eine k\u00f6stliche Erg\u00e4nzung zu einer ausgewogenen Ern\u00e4hrung sein.\",\"breadcrumb\":{\"@id\":\"https:\\\/\\\/mauritianfoodsonline.com\\\/de\\\/product\\\/carrots\\\/#breadcrumb\"},\"inLanguage\":\"de\",\"potentialAction\":[{\"@type\":\"ReadAction\",\"target\":[\"https:\\\/\\\/mauritianfoodsonline.com\\\/de\\\/product\\\/carrots\\\/\"]}]},{\"@type\":\"ImageObject\",\"inLanguage\":\"de\",\"@id\":\"https:\\\/\\\/mauritianfoodsonline.com\\\/de\\\/product\\\/carrots\\\/#primaryimage\",\"url\":\"https:\\\/\\\/mauritianfoodsonline.com\\\/wp-content\\\/uploads\\\/2024\\\/11\\\/2562-1.jpg\",\"contentUrl\":\"https:\\\/\\\/mauritianfoodsonline.com\\\/wp-content\\\/uploads\\\/2024\\\/11\\\/2562-1.jpg\",\"width\":1500,\"height\":1014},{\"@type\":\"BreadcrumbList\",\"@id\":\"https:\\\/\\\/mauritianfoodsonline.com\\\/de\\\/product\\\/carrots\\\/#breadcrumb\",\"itemListElement\":[{\"@type\":\"ListItem\",\"position\":1,\"name\":\"Home\",\"item\":\"https:\\\/\\\/mauritianfoodsonline.com\\\/de\\\/\"},{\"@type\":\"ListItem\",\"position\":2,\"name\":\"Gesch\u00e4ft\",\"item\":\"https:\\\/\\\/mauritianfoodsonline.com\\\/de\\\/geschaeft\\\/\"},{\"@type\":\"ListItem\",\"position\":3,\"name\":\"Carrots\"}]},{\"@type\":\"WebSite\",\"@id\":\"https:\\\/\\\/mauritianfoodsonline.com\\\/#website\",\"url\":\"https:\\\/\\\/mauritianfoodsonline.com\\\/\",\"name\":\"Mauritian Foods Online\",\"description\":\"Online\",\"publisher\":{\"@id\":\"https:\\\/\\\/mauritianfoodsonline.com\\\/#organization\"},\"potentialAction\":[{\"@type\":\"SearchAction\",\"target\":{\"@type\":\"EntryPoint\",\"urlTemplate\":\"https:\\\/\\\/mauritianfoodsonline.com\\\/?s={search_term_string}\"},\"query-input\":{\"@type\":\"PropertyValueSpecification\",\"valueRequired\":true,\"valueName\":\"search_term_string\"}}],\"inLanguage\":\"de\"},{\"@type\":\"Organization\",\"@id\":\"https:\\\/\\\/mauritianfoodsonline.com\\\/#organization\",\"name\":\"Mauritian Foods Online\",\"url\":\"https:\\\/\\\/mauritianfoodsonline.com\\\/\",\"logo\":{\"@type\":\"ImageObject\",\"inLanguage\":\"de\",\"@id\":\"https:\\\/\\\/mauritianfoodsonline.com\\\/#\\\/schema\\\/logo\\\/image\\\/\",\"url\":\"https:\\\/\\\/mauritianfoodsonline.com\\\/wp-content\\\/uploads\\\/2024\\\/11\\\/svgviewer-png-output-1.png\",\"contentUrl\":\"https:\\\/\\\/mauritianfoodsonline.com\\\/wp-content\\\/uploads\\\/2024\\\/11\\\/svgviewer-png-output-1.png\",\"width\":106,\"height\":109,\"caption\":\"Mauritian Foods Online\"},\"image\":{\"@id\":\"https:\\\/\\\/mauritianfoodsonline.com\\\/#\\\/schema\\\/logo\\\/image\\\/\"},\"sameAs\":[\"https:\\\/\\\/www.facebook.com\\\/mauritianfoodsonlineuk\\\/\",\"https:\\\/\\\/x.com\\\/mauritian_foods\",\"https:\\\/\\\/www.instagram.com\\\/mauritianfoodsonline\\\/#\"]}]}<\/script>\n<!-- \/ Yoast SEO plugin. -->","yoast_head_json":{"title":"Carrots - Mauritian Foods Online","description":"Dieses vielseitige Gem\u00fcse kann roh genossen, in Salate geschnitten oder in verschiedenen Gerichten wie Suppen, Eint\u00f6pfen und Pfannengerichten gekocht werden. Karotten sind auch als gesunder Snack beliebt, oft in Stiften oder in Saftmischungen. Sie sind das ganze Jahr \u00fcber in verschiedenen Gr\u00f6\u00dfen erh\u00e4ltlich \u2013 von kleinen, zarten Babykarotten bis hin zu gr\u00f6\u00dferen, reiferen Sorten. Karotten sind von Natur aus kalorienarm und k\u00f6nnen eine k\u00f6stliche Erg\u00e4nzung zu einer ausgewogenen Ern\u00e4hrung sein.","robots":{"index":"index","follow":"follow","max-snippet":"max-snippet:-1","max-image-preview":"max-image-preview:large","max-video-preview":"max-video-preview:-1"},"canonical":"https:\/\/mauritianfoodsonline.com\/de\/product\/carrots\/","og_locale":"de_DE","og_type":"article","og_title":"Carrots - Mauritian Foods Online","og_description":"Dieses vielseitige Gem\u00fcse kann roh genossen, in Salate geschnitten oder in verschiedenen Gerichten wie Suppen, Eint\u00f6pfen und Pfannengerichten gekocht werden. Karotten sind auch als gesunder Snack beliebt, oft in Stiften oder in Saftmischungen. Sie sind das ganze Jahr \u00fcber in verschiedenen Gr\u00f6\u00dfen erh\u00e4ltlich \u2013 von kleinen, zarten Babykarotten bis hin zu gr\u00f6\u00dferen, reiferen Sorten. Karotten sind von Natur aus kalorienarm und k\u00f6nnen eine k\u00f6stliche Erg\u00e4nzung zu einer ausgewogenen Ern\u00e4hrung sein.","og_url":"https:\/\/mauritianfoodsonline.com\/de\/product\/carrots\/","og_site_name":"Mauritian Foods Online","article_publisher":"https:\/\/www.facebook.com\/mauritianfoodsonlineuk\/","article_modified_time":"2025-09-15T11:02:11+00:00","og_image":[{"width":1500,"height":1014,"url":"https:\/\/mauritianfoodsonline.com\/wp-content\/uploads\/2024\/11\/2562-1.jpg","type":"image\/jpeg"}],"twitter_card":"summary_large_image","twitter_site":"@mauritian_foods","schema":{"@context":"https:\/\/schema.org","@graph":[{"@type":"WebPage","@id":"https:\/\/mauritianfoodsonline.com\/de\/product\/carrots\/","url":"https:\/\/mauritianfoodsonline.com\/de\/product\/carrots\/","name":"Carrots - Mauritian Foods Online","isPartOf":{"@id":"https:\/\/mauritianfoodsonline.com\/#website"},"primaryImageOfPage":{"@id":"https:\/\/mauritianfoodsonline.com\/de\/product\/carrots\/#primaryimage"},"image":{"@id":"https:\/\/mauritianfoodsonline.com\/de\/product\/carrots\/#primaryimage"},"thumbnailUrl":"https:\/\/mauritianfoodsonline.com\/wp-content\/uploads\/2024\/11\/2562-1.jpg","datePublished":"2024-11-21T12:44:08+00:00","dateModified":"2025-09-15T11:02:11+00:00","description":"Dieses vielseitige Gem\u00fcse kann roh genossen, in Salate geschnitten oder in verschiedenen Gerichten wie Suppen, Eint\u00f6pfen und Pfannengerichten gekocht werden. Karotten sind auch als gesunder Snack beliebt, oft in Stiften oder in Saftmischungen. Sie sind das ganze Jahr \u00fcber in verschiedenen Gr\u00f6\u00dfen erh\u00e4ltlich \u2013 von kleinen, zarten Babykarotten bis hin zu gr\u00f6\u00dferen, reiferen Sorten. Karotten sind von Natur aus kalorienarm und k\u00f6nnen eine k\u00f6stliche Erg\u00e4nzung zu einer ausgewogenen Ern\u00e4hrung sein.","breadcrumb":{"@id":"https:\/\/mauritianfoodsonline.com\/de\/product\/carrots\/#breadcrumb"},"inLanguage":"de","potentialAction":[{"@type":"ReadAction","target":["https:\/\/mauritianfoodsonline.com\/de\/product\/carrots\/"]}]},{"@type":"ImageObject","inLanguage":"de","@id":"https:\/\/mauritianfoodsonline.com\/de\/product\/carrots\/#primaryimage","url":"https:\/\/mauritianfoodsonline.com\/wp-content\/uploads\/2024\/11\/2562-1.jpg","contentUrl":"https:\/\/mauritianfoodsonline.com\/wp-content\/uploads\/2024\/11\/2562-1.jpg","width":1500,"height":1014},{"@type":"BreadcrumbList","@id":"https:\/\/mauritianfoodsonline.com\/de\/product\/carrots\/#breadcrumb","itemListElement":[{"@type":"ListItem","position":1,"name":"Home","item":"https:\/\/mauritianfoodsonline.com\/de\/"},{"@type":"ListItem","position":2,"name":"Gesch\u00e4ft","item":"https:\/\/mauritianfoodsonline.com\/de\/geschaeft\/"},{"@type":"ListItem","position":3,"name":"Carrots"}]},{"@type":"WebSite","@id":"https:\/\/mauritianfoodsonline.com\/#website","url":"https:\/\/mauritianfoodsonline.com\/","name":"Mauritian Foods Online","description":"Online","publisher":{"@id":"https:\/\/mauritianfoodsonline.com\/#organization"},"potentialAction":[{"@type":"SearchAction","target":{"@type":"EntryPoint","urlTemplate":"https:\/\/mauritianfoodsonline.com\/?s={search_term_string}"},"query-input":{"@type":"PropertyValueSpecification","valueRequired":true,"valueName":"search_term_string"}}],"inLanguage":"de"},{"@type":"Organization","@id":"https:\/\/mauritianfoodsonline.com\/#organization","name":"Mauritian Foods Online","url":"https:\/\/mauritianfoodsonline.com\/","logo":{"@type":"ImageObject","inLanguage":"de","@id":"https:\/\/mauritianfoodsonline.com\/#\/schema\/logo\/image\/","url":"https:\/\/mauritianfoodsonline.com\/wp-content\/uploads\/2024\/11\/svgviewer-png-output-1.png","contentUrl":"https:\/\/mauritianfoodsonline.com\/wp-content\/uploads\/2024\/11\/svgviewer-png-output-1.png","width":106,"height":109,"caption":"Mauritian Foods Online"},"image":{"@id":"https:\/\/mauritianfoodsonline.com\/#\/schema\/logo\/image\/"},"sameAs":["https:\/\/www.facebook.com\/mauritianfoodsonlineuk\/","https:\/\/x.com\/mauritian_foods","https:\/\/www.instagram.com\/mauritianfoodsonline\/#"]}]}},"_links":{"self":[{"href":"https:\/\/mauritianfoodsonline.com\/de\/wp-json\/wp\/v2\/product\/43866","targetHints":{"allow":["GET"]}}],"collection":[{"href":"https:\/\/mauritianfoodsonline.com\/de\/wp-json\/wp\/v2\/product"}],"about":[{"href":"https:\/\/mauritianfoodsonline.com\/de\/wp-json\/wp\/v2\/types\/product"}],"replies":[{"embeddable":true,"href":"https:\/\/mauritianfoodsonline.com\/de\/wp-json\/wp\/v2\/comments?post=43866"}],"wp:featuredmedia":[{"embeddable":true,"href":"https:\/\/mauritianfoodsonline.com\/de\/wp-json\/wp\/v2\/media\/40065"}],"wp:attachment":[{"href":"https:\/\/mauritianfoodsonline.com\/de\/wp-json\/wp\/v2\/media?parent=43866"}],"wp:term":[{"taxonomy":"special-offers","embeddable":true,"href":"https:\/\/mauritianfoodsonline.com\/de\/wp-json\/wp\/v2\/special-offers?post=43866"},{"taxonomy":"product_brand","embeddable":true,"href":"https:\/\/mauritianfoodsonline.com\/de\/wp-json\/wp\/v2\/product_brand?post=43866"},{"taxonomy":"product_cat","embeddable":true,"href":"https:\/\/mauritianfoodsonline.com\/de\/wp-json\/wp\/v2\/product_cat?post=43866"},{"taxonomy":"product_tag","embeddable":true,"href":"https:\/\/mauritianfoodsonline.com\/de\/wp-json\/wp\/v2\/product_tag?post=43866"}],"curies":[{"name":"wp","href":"https:\/\/api.w.org\/{rel}","templated":true}]}}