{"id":43868,"date":"2024-08-09T04:59:55","date_gmt":"2024-08-09T04:59:55","guid":{"rendered":"https:\/\/mauritianfoodsonline.com\/product\/mayil-spices-daube-stew-50g\/"},"modified":"2024-08-09T04:59:55","modified_gmt":"2024-08-09T04:59:55","slug":"mayil-spices-daube-stew-50g","status":"publish","type":"product","link":"https:\/\/mauritianfoodsonline.com\/de\/product\/mayil-spices-daube-stew-50g\/","title":{"rendered":"Mayil Spices \u2013 Daube (Stew) 50g"},"content":{"rendered":"<p>Falls Sie Probleme in der K\u00fcche haben, finden Sie hier einen praktischen, gebrauchsfertigen Beutel f\u00fcr die Zubereitung eines leckeren Eintopfs! Wir haben die besten Zutaten f\u00fcr diese regionale Mischung ausgew\u00e4hlt. Geben Sie einfach Ihr Fleisch oder H\u00fchnchen und etwas frisches Gem\u00fcse hinzu \u2013 den Rest erledigt das Mayil-Eintopfgew\u00fcrz! <\/p>\n","protected":false},"excerpt":{"rendered":"<p>Falls Sie Probleme in der K\u00fcche haben, finden Sie hier einen praktischen, gebrauchsfertigen Beutel f\u00fcr die Zubereitung eines leckeren Eintopfs! Wir haben die besten Zutaten f\u00fcr diese regionale Mischung ausgew\u00e4hlt. Geben Sie einfach Ihr Fleisch oder H\u00fchnchen und etwas frisches Gem\u00fcse hinzu \u2013 den Rest erledigt das Mayil-Eintopfgew\u00fcrz! <\/p>\n","protected":false},"featured_media":38157,"comment_status":"open","ping_status":"closed","template":"","meta":{"_acf_changed":false},"special-offers":[],"product_brand":[],"product_cat":[643,313,519],"product_tag":[],"class_list":{"0":"post-43868","1":"product","2":"type-product","3":"status-publish","4":"has-post-thumbnail","6":"product_cat-box-spices-masala-de","7":"product_cat-mauritian","8":"product_cat-spices","9":"brand-mayil-de","11":"first","12":"instock","13":"purchasable","14":"product-type-simple","15":"add-to-wishlist-before_image"},"acf":[],"yoast_head":"<!-- This site is optimized with the Yoast SEO plugin v27.3 - https:\/\/yoast.com\/product\/yoast-seo-wordpress\/ -->\n<title>Mayil Spices \u2013 Daube (Stew) 50g - Mauritian Foods Online<\/title>\n<meta name=\"robots\" content=\"index, follow, max-snippet:-1, max-image-preview:large, max-video-preview:-1\" \/>\n<link rel=\"canonical\" href=\"https:\/\/mauritianfoodsonline.com\/de\/product\/mayil-spices-daube-stew-50g\/\" \/>\n<meta property=\"og:locale\" content=\"de_DE\" \/>\n<meta property=\"og:type\" content=\"article\" \/>\n<meta property=\"og:title\" content=\"Mayil Spices \u2013 Daube (Stew) 50g - Mauritian Foods Online\" \/>\n<meta property=\"og:description\" content=\"Falls Sie Probleme in der K\u00fcche haben, finden Sie hier einen praktischen, gebrauchsfertigen Beutel f\u00fcr die Zubereitung eines leckeren Eintopfs! Wir haben die besten Zutaten f\u00fcr diese regionale Mischung ausgew\u00e4hlt. Geben Sie einfach Ihr Fleisch oder H\u00fchnchen und etwas frisches Gem\u00fcse hinzu \u2013 den Rest erledigt das Mayil-Eintopfgew\u00fcrz!\" \/>\n<meta property=\"og:url\" content=\"https:\/\/mauritianfoodsonline.com\/de\/product\/mayil-spices-daube-stew-50g\/\" \/>\n<meta property=\"og:site_name\" content=\"Mauritian Foods Online\" \/>\n<meta property=\"article:publisher\" content=\"https:\/\/www.facebook.com\/mauritianfoodsonlineuk\/\" \/>\n<meta property=\"og:image\" content=\"https:\/\/mauritianfoodsonline.com\/wp-content\/uploads\/2024\/08\/MauritianFoods_Web-7.jpg\" \/>\n\t<meta property=\"og:image:width\" content=\"800\" \/>\n\t<meta property=\"og:image:height\" content=\"800\" \/>\n\t<meta property=\"og:image:type\" content=\"image\/jpeg\" \/>\n<meta name=\"twitter:card\" content=\"summary_large_image\" \/>\n<meta name=\"twitter:site\" content=\"@mauritian_foods\" \/>\n<script type=\"application\/ld+json\" class=\"yoast-schema-graph\">{\"@context\":\"https:\\\/\\\/schema.org\",\"@graph\":[{\"@type\":\"WebPage\",\"@id\":\"https:\\\/\\\/mauritianfoodsonline.com\\\/de\\\/product\\\/mayil-spices-daube-stew-50g\\\/\",\"url\":\"https:\\\/\\\/mauritianfoodsonline.com\\\/de\\\/product\\\/mayil-spices-daube-stew-50g\\\/\",\"name\":\"Mayil Spices \u2013 Daube (Stew) 50g - Mauritian Foods Online\",\"isPartOf\":{\"@id\":\"https:\\\/\\\/mauritianfoodsonline.com\\\/#website\"},\"primaryImageOfPage\":{\"@id\":\"https:\\\/\\\/mauritianfoodsonline.com\\\/de\\\/product\\\/mayil-spices-daube-stew-50g\\\/#primaryimage\"},\"image\":{\"@id\":\"https:\\\/\\\/mauritianfoodsonline.com\\\/de\\\/product\\\/mayil-spices-daube-stew-50g\\\/#primaryimage\"},\"thumbnailUrl\":\"https:\\\/\\\/mauritianfoodsonline.com\\\/wp-content\\\/uploads\\\/2024\\\/08\\\/MauritianFoods_Web-7.jpg\",\"datePublished\":\"2024-08-09T04:59:55+00:00\",\"breadcrumb\":{\"@id\":\"https:\\\/\\\/mauritianfoodsonline.com\\\/de\\\/product\\\/mayil-spices-daube-stew-50g\\\/#breadcrumb\"},\"inLanguage\":\"de\",\"potentialAction\":[{\"@type\":\"ReadAction\",\"target\":[\"https:\\\/\\\/mauritianfoodsonline.com\\\/de\\\/product\\\/mayil-spices-daube-stew-50g\\\/\"]}]},{\"@type\":\"ImageObject\",\"inLanguage\":\"de\",\"@id\":\"https:\\\/\\\/mauritianfoodsonline.com\\\/de\\\/product\\\/mayil-spices-daube-stew-50g\\\/#primaryimage\",\"url\":\"https:\\\/\\\/mauritianfoodsonline.com\\\/wp-content\\\/uploads\\\/2024\\\/08\\\/MauritianFoods_Web-7.jpg\",\"contentUrl\":\"https:\\\/\\\/mauritianfoodsonline.com\\\/wp-content\\\/uploads\\\/2024\\\/08\\\/MauritianFoods_Web-7.jpg\",\"width\":800,\"height\":800},{\"@type\":\"BreadcrumbList\",\"@id\":\"https:\\\/\\\/mauritianfoodsonline.com\\\/de\\\/product\\\/mayil-spices-daube-stew-50g\\\/#breadcrumb\",\"itemListElement\":[{\"@type\":\"ListItem\",\"position\":1,\"name\":\"Home\",\"item\":\"https:\\\/\\\/mauritianfoodsonline.com\\\/de\\\/\"},{\"@type\":\"ListItem\",\"position\":2,\"name\":\"Gesch\u00e4ft\",\"item\":\"https:\\\/\\\/mauritianfoodsonline.com\\\/de\\\/geschaeft\\\/\"},{\"@type\":\"ListItem\",\"position\":3,\"name\":\"Mayil Spices \u2013 Daube (Stew) 50g\"}]},{\"@type\":\"WebSite\",\"@id\":\"https:\\\/\\\/mauritianfoodsonline.com\\\/#website\",\"url\":\"https:\\\/\\\/mauritianfoodsonline.com\\\/\",\"name\":\"Mauritian Foods Online\",\"description\":\"Online\",\"publisher\":{\"@id\":\"https:\\\/\\\/mauritianfoodsonline.com\\\/#organization\"},\"potentialAction\":[{\"@type\":\"SearchAction\",\"target\":{\"@type\":\"EntryPoint\",\"urlTemplate\":\"https:\\\/\\\/mauritianfoodsonline.com\\\/?s={search_term_string}\"},\"query-input\":{\"@type\":\"PropertyValueSpecification\",\"valueRequired\":true,\"valueName\":\"search_term_string\"}}],\"inLanguage\":\"de\"},{\"@type\":\"Organization\",\"@id\":\"https:\\\/\\\/mauritianfoodsonline.com\\\/#organization\",\"name\":\"Mauritian Foods Online\",\"url\":\"https:\\\/\\\/mauritianfoodsonline.com\\\/\",\"logo\":{\"@type\":\"ImageObject\",\"inLanguage\":\"de\",\"@id\":\"https:\\\/\\\/mauritianfoodsonline.com\\\/#\\\/schema\\\/logo\\\/image\\\/\",\"url\":\"https:\\\/\\\/mauritianfoodsonline.com\\\/wp-content\\\/uploads\\\/2024\\\/11\\\/svgviewer-png-output-1.png\",\"contentUrl\":\"https:\\\/\\\/mauritianfoodsonline.com\\\/wp-content\\\/uploads\\\/2024\\\/11\\\/svgviewer-png-output-1.png\",\"width\":106,\"height\":109,\"caption\":\"Mauritian Foods Online\"},\"image\":{\"@id\":\"https:\\\/\\\/mauritianfoodsonline.com\\\/#\\\/schema\\\/logo\\\/image\\\/\"},\"sameAs\":[\"https:\\\/\\\/www.facebook.com\\\/mauritianfoodsonlineuk\\\/\",\"https:\\\/\\\/x.com\\\/mauritian_foods\",\"https:\\\/\\\/www.instagram.com\\\/mauritianfoodsonline\\\/#\"]}]}<\/script>\n<!-- \/ Yoast SEO plugin. -->","yoast_head_json":{"title":"Mayil Spices \u2013 Daube (Stew) 50g - Mauritian Foods Online","robots":{"index":"index","follow":"follow","max-snippet":"max-snippet:-1","max-image-preview":"max-image-preview:large","max-video-preview":"max-video-preview:-1"},"canonical":"https:\/\/mauritianfoodsonline.com\/de\/product\/mayil-spices-daube-stew-50g\/","og_locale":"de_DE","og_type":"article","og_title":"Mayil Spices \u2013 Daube (Stew) 50g - Mauritian Foods Online","og_description":"Falls Sie Probleme in der K\u00fcche haben, finden Sie hier einen praktischen, gebrauchsfertigen Beutel f\u00fcr die Zubereitung eines leckeren Eintopfs! Wir haben die besten Zutaten f\u00fcr diese regionale Mischung ausgew\u00e4hlt. Geben Sie einfach Ihr Fleisch oder H\u00fchnchen und etwas frisches Gem\u00fcse hinzu \u2013 den Rest erledigt das Mayil-Eintopfgew\u00fcrz!","og_url":"https:\/\/mauritianfoodsonline.com\/de\/product\/mayil-spices-daube-stew-50g\/","og_site_name":"Mauritian Foods Online","article_publisher":"https:\/\/www.facebook.com\/mauritianfoodsonlineuk\/","og_image":[{"width":800,"height":800,"url":"https:\/\/mauritianfoodsonline.com\/wp-content\/uploads\/2024\/08\/MauritianFoods_Web-7.jpg","type":"image\/jpeg"}],"twitter_card":"summary_large_image","twitter_site":"@mauritian_foods","schema":{"@context":"https:\/\/schema.org","@graph":[{"@type":"WebPage","@id":"https:\/\/mauritianfoodsonline.com\/de\/product\/mayil-spices-daube-stew-50g\/","url":"https:\/\/mauritianfoodsonline.com\/de\/product\/mayil-spices-daube-stew-50g\/","name":"Mayil Spices \u2013 Daube (Stew) 50g - Mauritian Foods Online","isPartOf":{"@id":"https:\/\/mauritianfoodsonline.com\/#website"},"primaryImageOfPage":{"@id":"https:\/\/mauritianfoodsonline.com\/de\/product\/mayil-spices-daube-stew-50g\/#primaryimage"},"image":{"@id":"https:\/\/mauritianfoodsonline.com\/de\/product\/mayil-spices-daube-stew-50g\/#primaryimage"},"thumbnailUrl":"https:\/\/mauritianfoodsonline.com\/wp-content\/uploads\/2024\/08\/MauritianFoods_Web-7.jpg","datePublished":"2024-08-09T04:59:55+00:00","breadcrumb":{"@id":"https:\/\/mauritianfoodsonline.com\/de\/product\/mayil-spices-daube-stew-50g\/#breadcrumb"},"inLanguage":"de","potentialAction":[{"@type":"ReadAction","target":["https:\/\/mauritianfoodsonline.com\/de\/product\/mayil-spices-daube-stew-50g\/"]}]},{"@type":"ImageObject","inLanguage":"de","@id":"https:\/\/mauritianfoodsonline.com\/de\/product\/mayil-spices-daube-stew-50g\/#primaryimage","url":"https:\/\/mauritianfoodsonline.com\/wp-content\/uploads\/2024\/08\/MauritianFoods_Web-7.jpg","contentUrl":"https:\/\/mauritianfoodsonline.com\/wp-content\/uploads\/2024\/08\/MauritianFoods_Web-7.jpg","width":800,"height":800},{"@type":"BreadcrumbList","@id":"https:\/\/mauritianfoodsonline.com\/de\/product\/mayil-spices-daube-stew-50g\/#breadcrumb","itemListElement":[{"@type":"ListItem","position":1,"name":"Home","item":"https:\/\/mauritianfoodsonline.com\/de\/"},{"@type":"ListItem","position":2,"name":"Gesch\u00e4ft","item":"https:\/\/mauritianfoodsonline.com\/de\/geschaeft\/"},{"@type":"ListItem","position":3,"name":"Mayil Spices \u2013 Daube (Stew) 50g"}]},{"@type":"WebSite","@id":"https:\/\/mauritianfoodsonline.com\/#website","url":"https:\/\/mauritianfoodsonline.com\/","name":"Mauritian Foods Online","description":"Online","publisher":{"@id":"https:\/\/mauritianfoodsonline.com\/#organization"},"potentialAction":[{"@type":"SearchAction","target":{"@type":"EntryPoint","urlTemplate":"https:\/\/mauritianfoodsonline.com\/?s={search_term_string}"},"query-input":{"@type":"PropertyValueSpecification","valueRequired":true,"valueName":"search_term_string"}}],"inLanguage":"de"},{"@type":"Organization","@id":"https:\/\/mauritianfoodsonline.com\/#organization","name":"Mauritian Foods Online","url":"https:\/\/mauritianfoodsonline.com\/","logo":{"@type":"ImageObject","inLanguage":"de","@id":"https:\/\/mauritianfoodsonline.com\/#\/schema\/logo\/image\/","url":"https:\/\/mauritianfoodsonline.com\/wp-content\/uploads\/2024\/11\/svgviewer-png-output-1.png","contentUrl":"https:\/\/mauritianfoodsonline.com\/wp-content\/uploads\/2024\/11\/svgviewer-png-output-1.png","width":106,"height":109,"caption":"Mauritian Foods Online"},"image":{"@id":"https:\/\/mauritianfoodsonline.com\/#\/schema\/logo\/image\/"},"sameAs":["https:\/\/www.facebook.com\/mauritianfoodsonlineuk\/","https:\/\/x.com\/mauritian_foods","https:\/\/www.instagram.com\/mauritianfoodsonline\/#"]}]}},"_links":{"self":[{"href":"https:\/\/mauritianfoodsonline.com\/de\/wp-json\/wp\/v2\/product\/43868","targetHints":{"allow":["GET"]}}],"collection":[{"href":"https:\/\/mauritianfoodsonline.com\/de\/wp-json\/wp\/v2\/product"}],"about":[{"href":"https:\/\/mauritianfoodsonline.com\/de\/wp-json\/wp\/v2\/types\/product"}],"replies":[{"embeddable":true,"href":"https:\/\/mauritianfoodsonline.com\/de\/wp-json\/wp\/v2\/comments?post=43868"}],"wp:featuredmedia":[{"embeddable":true,"href":"https:\/\/mauritianfoodsonline.com\/de\/wp-json\/wp\/v2\/media\/38157"}],"wp:attachment":[{"href":"https:\/\/mauritianfoodsonline.com\/de\/wp-json\/wp\/v2\/media?parent=43868"}],"wp:term":[{"taxonomy":"special-offers","embeddable":true,"href":"https:\/\/mauritianfoodsonline.com\/de\/wp-json\/wp\/v2\/special-offers?post=43868"},{"taxonomy":"product_brand","embeddable":true,"href":"https:\/\/mauritianfoodsonline.com\/de\/wp-json\/wp\/v2\/product_brand?post=43868"},{"taxonomy":"product_cat","embeddable":true,"href":"https:\/\/mauritianfoodsonline.com\/de\/wp-json\/wp\/v2\/product_cat?post=43868"},{"taxonomy":"product_tag","embeddable":true,"href":"https:\/\/mauritianfoodsonline.com\/de\/wp-json\/wp\/v2\/product_tag?post=43868"}],"curies":[{"name":"wp","href":"https:\/\/api.w.org\/{rel}","templated":true}]}}