{"id":43925,"date":"2024-08-09T05:09:32","date_gmt":"2024-08-09T05:09:32","guid":{"rendered":"https:\/\/mauritianfoodsonline.com\/product\/stewards-lazzat-cutlets\/"},"modified":"2024-08-09T05:09:32","modified_gmt":"2024-08-09T05:09:32","slug":"stewards-lazzat-cutlets","status":"publish","type":"product","link":"https:\/\/mauritianfoodsonline.com\/de\/product\/stewards-lazzat-cutlets\/","title":{"rendered":"Steward\u2019s Lazzat \u2013 Cutlets"},"content":{"rendered":"<p>Alles begann aus dem Nichts mit zwei Menschen, die sich der Herausforderung stellten, etwas ganz Neues zu schaffen. Heute zahlen sich ihre harte Arbeit, ihr Engagement und ihre Weitsicht in Form von Lazzat aus. <\/p>\n<p>Das Wort &#8222;Lazzat\u201c wurde f\u00fcr das Unternehmen gew\u00e4hlt, da es Geschmack bedeutet und das Motto des Eigent\u00fcmers &#8222;Bhai Eusuf\u201c lautet: Was auch immer Sie auf den Tisch bringen, es sollte hervorragend schmecken!<\/p>\n<p>Diese fantastischen Gew\u00fcrze k\u00f6nnen zur Herstellung von Currys und als W\u00fcrze f\u00fcr eine Vielzahl mauritischer und indischer Gerichte verwendet werden.<\/p>\n","protected":false},"excerpt":{"rendered":"<p>Alles begann aus dem Nichts mit zwei Menschen, die sich der Herausforderung stellten, etwas ganz Neues zu schaffen. Heute zahlen sich ihre harte Arbeit, ihr Engagement und ihre Weitsicht in Form von Lazzat aus. <\/p>\n<p>Das Wort &#8222;Lazzat\u201c wurde f\u00fcr das Unternehmen gew\u00e4hlt, da es Geschmack bedeutet und das Motto des Eigent\u00fcmers &#8222;Bhai Eusuf\u201c lautet: Was auch immer Sie auf den Tisch bringen, es sollte hervorragend schmecken!<\/p>\n<p>Diese fantastischen Gew\u00fcrze k\u00f6nnen zur Herstellung von Currys und als W\u00fcrze f\u00fcr eine Vielzahl mauritischer und indischer Gerichte verwendet werden.<\/p>\n","protected":false},"featured_media":37989,"comment_status":"open","ping_status":"closed","template":"","meta":{"_acf_changed":false},"special-offers":[],"product_brand":[],"product_cat":[643,442,313,519],"product_tag":[],"class_list":{"0":"post-43925","1":"product","2":"type-product","3":"status-publish","4":"has-post-thumbnail","6":"product_cat-box-spices-masala-de","7":"product_cat-food-cupboard","8":"product_cat-mauritian","9":"product_cat-spices","10":"brand-lazzat-de","12":"first","13":"instock","14":"purchasable","15":"product-type-simple","16":"add-to-wishlist-before_image"},"acf":[],"yoast_head":"<!-- This site is optimized with the Yoast SEO plugin v27.3 - https:\/\/yoast.com\/product\/yoast-seo-wordpress\/ -->\n<title>Steward\u2019s Lazzat \u2013 Cutlets - Mauritian Foods Online<\/title>\n<meta name=\"robots\" content=\"index, follow, max-snippet:-1, max-image-preview:large, max-video-preview:-1\" \/>\n<link rel=\"canonical\" href=\"https:\/\/mauritianfoodsonline.com\/de\/product\/stewards-lazzat-cutlets\/\" \/>\n<meta property=\"og:locale\" content=\"de_DE\" \/>\n<meta property=\"og:type\" content=\"article\" \/>\n<meta property=\"og:title\" content=\"Steward\u2019s Lazzat \u2013 Cutlets - Mauritian Foods Online\" \/>\n<meta property=\"og:description\" content=\"Alles begann aus dem Nichts mit zwei Menschen, die sich der Herausforderung stellten, etwas ganz Neues zu schaffen. Heute zahlen sich ihre harte Arbeit, ihr Engagement und ihre Weitsicht in Form von Lazzat aus.  Das Wort &quot;Lazzat\u201c wurde f\u00fcr das Unternehmen gew\u00e4hlt, da es Geschmack bedeutet und das Motto des Eigent\u00fcmers &quot;Bhai Eusuf\u201c lautet: Was auch immer Sie auf den Tisch bringen, es sollte hervorragend schmecken! Diese fantastischen Gew\u00fcrze k\u00f6nnen zur Herstellung von Currys und als W\u00fcrze f\u00fcr eine Vielzahl mauritischer und indischer Gerichte verwendet werden.\" \/>\n<meta property=\"og:url\" content=\"https:\/\/mauritianfoodsonline.com\/de\/product\/stewards-lazzat-cutlets\/\" \/>\n<meta property=\"og:site_name\" content=\"Mauritian Foods Online\" \/>\n<meta property=\"article:publisher\" content=\"https:\/\/www.facebook.com\/mauritianfoodsonlineuk\/\" \/>\n<meta property=\"og:image\" content=\"https:\/\/mauritianfoodsonline.com\/wp-content\/uploads\/2024\/08\/MauritianFoods_Web-28.jpg\" \/>\n\t<meta property=\"og:image:width\" content=\"800\" \/>\n\t<meta property=\"og:image:height\" content=\"800\" \/>\n\t<meta property=\"og:image:type\" content=\"image\/jpeg\" \/>\n<meta name=\"twitter:card\" content=\"summary_large_image\" \/>\n<meta name=\"twitter:site\" content=\"@mauritian_foods\" \/>\n<script type=\"application\/ld+json\" class=\"yoast-schema-graph\">{\"@context\":\"https:\\\/\\\/schema.org\",\"@graph\":[{\"@type\":\"WebPage\",\"@id\":\"https:\\\/\\\/mauritianfoodsonline.com\\\/de\\\/product\\\/stewards-lazzat-cutlets\\\/\",\"url\":\"https:\\\/\\\/mauritianfoodsonline.com\\\/de\\\/product\\\/stewards-lazzat-cutlets\\\/\",\"name\":\"Steward\u2019s Lazzat \u2013 Cutlets - Mauritian Foods Online\",\"isPartOf\":{\"@id\":\"https:\\\/\\\/mauritianfoodsonline.com\\\/#website\"},\"primaryImageOfPage\":{\"@id\":\"https:\\\/\\\/mauritianfoodsonline.com\\\/de\\\/product\\\/stewards-lazzat-cutlets\\\/#primaryimage\"},\"image\":{\"@id\":\"https:\\\/\\\/mauritianfoodsonline.com\\\/de\\\/product\\\/stewards-lazzat-cutlets\\\/#primaryimage\"},\"thumbnailUrl\":\"https:\\\/\\\/mauritianfoodsonline.com\\\/wp-content\\\/uploads\\\/2024\\\/08\\\/MauritianFoods_Web-28.jpg\",\"datePublished\":\"2024-08-09T05:09:32+00:00\",\"breadcrumb\":{\"@id\":\"https:\\\/\\\/mauritianfoodsonline.com\\\/de\\\/product\\\/stewards-lazzat-cutlets\\\/#breadcrumb\"},\"inLanguage\":\"de\",\"potentialAction\":[{\"@type\":\"ReadAction\",\"target\":[\"https:\\\/\\\/mauritianfoodsonline.com\\\/de\\\/product\\\/stewards-lazzat-cutlets\\\/\"]}]},{\"@type\":\"ImageObject\",\"inLanguage\":\"de\",\"@id\":\"https:\\\/\\\/mauritianfoodsonline.com\\\/de\\\/product\\\/stewards-lazzat-cutlets\\\/#primaryimage\",\"url\":\"https:\\\/\\\/mauritianfoodsonline.com\\\/wp-content\\\/uploads\\\/2024\\\/08\\\/MauritianFoods_Web-28.jpg\",\"contentUrl\":\"https:\\\/\\\/mauritianfoodsonline.com\\\/wp-content\\\/uploads\\\/2024\\\/08\\\/MauritianFoods_Web-28.jpg\",\"width\":800,\"height\":800},{\"@type\":\"BreadcrumbList\",\"@id\":\"https:\\\/\\\/mauritianfoodsonline.com\\\/de\\\/product\\\/stewards-lazzat-cutlets\\\/#breadcrumb\",\"itemListElement\":[{\"@type\":\"ListItem\",\"position\":1,\"name\":\"Home\",\"item\":\"https:\\\/\\\/mauritianfoodsonline.com\\\/de\\\/\"},{\"@type\":\"ListItem\",\"position\":2,\"name\":\"Gesch\u00e4ft\",\"item\":\"https:\\\/\\\/mauritianfoodsonline.com\\\/de\\\/geschaeft\\\/\"},{\"@type\":\"ListItem\",\"position\":3,\"name\":\"Steward\u2019s Lazzat \u2013 Cutlets\"}]},{\"@type\":\"WebSite\",\"@id\":\"https:\\\/\\\/mauritianfoodsonline.com\\\/#website\",\"url\":\"https:\\\/\\\/mauritianfoodsonline.com\\\/\",\"name\":\"Mauritian Foods Online\",\"description\":\"Online\",\"publisher\":{\"@id\":\"https:\\\/\\\/mauritianfoodsonline.com\\\/#organization\"},\"potentialAction\":[{\"@type\":\"SearchAction\",\"target\":{\"@type\":\"EntryPoint\",\"urlTemplate\":\"https:\\\/\\\/mauritianfoodsonline.com\\\/?s={search_term_string}\"},\"query-input\":{\"@type\":\"PropertyValueSpecification\",\"valueRequired\":true,\"valueName\":\"search_term_string\"}}],\"inLanguage\":\"de\"},{\"@type\":\"Organization\",\"@id\":\"https:\\\/\\\/mauritianfoodsonline.com\\\/#organization\",\"name\":\"Mauritian Foods Online\",\"url\":\"https:\\\/\\\/mauritianfoodsonline.com\\\/\",\"logo\":{\"@type\":\"ImageObject\",\"inLanguage\":\"de\",\"@id\":\"https:\\\/\\\/mauritianfoodsonline.com\\\/#\\\/schema\\\/logo\\\/image\\\/\",\"url\":\"https:\\\/\\\/mauritianfoodsonline.com\\\/wp-content\\\/uploads\\\/2024\\\/11\\\/svgviewer-png-output-1.png\",\"contentUrl\":\"https:\\\/\\\/mauritianfoodsonline.com\\\/wp-content\\\/uploads\\\/2024\\\/11\\\/svgviewer-png-output-1.png\",\"width\":106,\"height\":109,\"caption\":\"Mauritian Foods Online\"},\"image\":{\"@id\":\"https:\\\/\\\/mauritianfoodsonline.com\\\/#\\\/schema\\\/logo\\\/image\\\/\"},\"sameAs\":[\"https:\\\/\\\/www.facebook.com\\\/mauritianfoodsonlineuk\\\/\",\"https:\\\/\\\/x.com\\\/mauritian_foods\",\"https:\\\/\\\/www.instagram.com\\\/mauritianfoodsonline\\\/#\"]}]}<\/script>\n<!-- \/ Yoast SEO plugin. -->","yoast_head_json":{"title":"Steward\u2019s Lazzat \u2013 Cutlets - Mauritian Foods Online","robots":{"index":"index","follow":"follow","max-snippet":"max-snippet:-1","max-image-preview":"max-image-preview:large","max-video-preview":"max-video-preview:-1"},"canonical":"https:\/\/mauritianfoodsonline.com\/de\/product\/stewards-lazzat-cutlets\/","og_locale":"de_DE","og_type":"article","og_title":"Steward\u2019s Lazzat \u2013 Cutlets - Mauritian Foods Online","og_description":"Alles begann aus dem Nichts mit zwei Menschen, die sich der Herausforderung stellten, etwas ganz Neues zu schaffen. Heute zahlen sich ihre harte Arbeit, ihr Engagement und ihre Weitsicht in Form von Lazzat aus.  Das Wort \"Lazzat\u201c wurde f\u00fcr das Unternehmen gew\u00e4hlt, da es Geschmack bedeutet und das Motto des Eigent\u00fcmers \"Bhai Eusuf\u201c lautet: Was auch immer Sie auf den Tisch bringen, es sollte hervorragend schmecken! Diese fantastischen Gew\u00fcrze k\u00f6nnen zur Herstellung von Currys und als W\u00fcrze f\u00fcr eine Vielzahl mauritischer und indischer Gerichte verwendet werden.","og_url":"https:\/\/mauritianfoodsonline.com\/de\/product\/stewards-lazzat-cutlets\/","og_site_name":"Mauritian Foods Online","article_publisher":"https:\/\/www.facebook.com\/mauritianfoodsonlineuk\/","og_image":[{"width":800,"height":800,"url":"https:\/\/mauritianfoodsonline.com\/wp-content\/uploads\/2024\/08\/MauritianFoods_Web-28.jpg","type":"image\/jpeg"}],"twitter_card":"summary_large_image","twitter_site":"@mauritian_foods","schema":{"@context":"https:\/\/schema.org","@graph":[{"@type":"WebPage","@id":"https:\/\/mauritianfoodsonline.com\/de\/product\/stewards-lazzat-cutlets\/","url":"https:\/\/mauritianfoodsonline.com\/de\/product\/stewards-lazzat-cutlets\/","name":"Steward\u2019s Lazzat \u2013 Cutlets - Mauritian Foods Online","isPartOf":{"@id":"https:\/\/mauritianfoodsonline.com\/#website"},"primaryImageOfPage":{"@id":"https:\/\/mauritianfoodsonline.com\/de\/product\/stewards-lazzat-cutlets\/#primaryimage"},"image":{"@id":"https:\/\/mauritianfoodsonline.com\/de\/product\/stewards-lazzat-cutlets\/#primaryimage"},"thumbnailUrl":"https:\/\/mauritianfoodsonline.com\/wp-content\/uploads\/2024\/08\/MauritianFoods_Web-28.jpg","datePublished":"2024-08-09T05:09:32+00:00","breadcrumb":{"@id":"https:\/\/mauritianfoodsonline.com\/de\/product\/stewards-lazzat-cutlets\/#breadcrumb"},"inLanguage":"de","potentialAction":[{"@type":"ReadAction","target":["https:\/\/mauritianfoodsonline.com\/de\/product\/stewards-lazzat-cutlets\/"]}]},{"@type":"ImageObject","inLanguage":"de","@id":"https:\/\/mauritianfoodsonline.com\/de\/product\/stewards-lazzat-cutlets\/#primaryimage","url":"https:\/\/mauritianfoodsonline.com\/wp-content\/uploads\/2024\/08\/MauritianFoods_Web-28.jpg","contentUrl":"https:\/\/mauritianfoodsonline.com\/wp-content\/uploads\/2024\/08\/MauritianFoods_Web-28.jpg","width":800,"height":800},{"@type":"BreadcrumbList","@id":"https:\/\/mauritianfoodsonline.com\/de\/product\/stewards-lazzat-cutlets\/#breadcrumb","itemListElement":[{"@type":"ListItem","position":1,"name":"Home","item":"https:\/\/mauritianfoodsonline.com\/de\/"},{"@type":"ListItem","position":2,"name":"Gesch\u00e4ft","item":"https:\/\/mauritianfoodsonline.com\/de\/geschaeft\/"},{"@type":"ListItem","position":3,"name":"Steward\u2019s Lazzat \u2013 Cutlets"}]},{"@type":"WebSite","@id":"https:\/\/mauritianfoodsonline.com\/#website","url":"https:\/\/mauritianfoodsonline.com\/","name":"Mauritian Foods Online","description":"Online","publisher":{"@id":"https:\/\/mauritianfoodsonline.com\/#organization"},"potentialAction":[{"@type":"SearchAction","target":{"@type":"EntryPoint","urlTemplate":"https:\/\/mauritianfoodsonline.com\/?s={search_term_string}"},"query-input":{"@type":"PropertyValueSpecification","valueRequired":true,"valueName":"search_term_string"}}],"inLanguage":"de"},{"@type":"Organization","@id":"https:\/\/mauritianfoodsonline.com\/#organization","name":"Mauritian Foods Online","url":"https:\/\/mauritianfoodsonline.com\/","logo":{"@type":"ImageObject","inLanguage":"de","@id":"https:\/\/mauritianfoodsonline.com\/#\/schema\/logo\/image\/","url":"https:\/\/mauritianfoodsonline.com\/wp-content\/uploads\/2024\/11\/svgviewer-png-output-1.png","contentUrl":"https:\/\/mauritianfoodsonline.com\/wp-content\/uploads\/2024\/11\/svgviewer-png-output-1.png","width":106,"height":109,"caption":"Mauritian Foods Online"},"image":{"@id":"https:\/\/mauritianfoodsonline.com\/#\/schema\/logo\/image\/"},"sameAs":["https:\/\/www.facebook.com\/mauritianfoodsonlineuk\/","https:\/\/x.com\/mauritian_foods","https:\/\/www.instagram.com\/mauritianfoodsonline\/#"]}]}},"_links":{"self":[{"href":"https:\/\/mauritianfoodsonline.com\/de\/wp-json\/wp\/v2\/product\/43925","targetHints":{"allow":["GET"]}}],"collection":[{"href":"https:\/\/mauritianfoodsonline.com\/de\/wp-json\/wp\/v2\/product"}],"about":[{"href":"https:\/\/mauritianfoodsonline.com\/de\/wp-json\/wp\/v2\/types\/product"}],"replies":[{"embeddable":true,"href":"https:\/\/mauritianfoodsonline.com\/de\/wp-json\/wp\/v2\/comments?post=43925"}],"wp:featuredmedia":[{"embeddable":true,"href":"https:\/\/mauritianfoodsonline.com\/de\/wp-json\/wp\/v2\/media\/37989"}],"wp:attachment":[{"href":"https:\/\/mauritianfoodsonline.com\/de\/wp-json\/wp\/v2\/media?parent=43925"}],"wp:term":[{"taxonomy":"special-offers","embeddable":true,"href":"https:\/\/mauritianfoodsonline.com\/de\/wp-json\/wp\/v2\/special-offers?post=43925"},{"taxonomy":"product_brand","embeddable":true,"href":"https:\/\/mauritianfoodsonline.com\/de\/wp-json\/wp\/v2\/product_brand?post=43925"},{"taxonomy":"product_cat","embeddable":true,"href":"https:\/\/mauritianfoodsonline.com\/de\/wp-json\/wp\/v2\/product_cat?post=43925"},{"taxonomy":"product_tag","embeddable":true,"href":"https:\/\/mauritianfoodsonline.com\/de\/wp-json\/wp\/v2\/product_tag?post=43925"}],"curies":[{"name":"wp","href":"https:\/\/api.w.org\/{rel}","templated":true}]}}