{"id":44104,"date":"2024-08-09T07:01:18","date_gmt":"2024-08-09T07:01:18","guid":{"rendered":"https:\/\/mauritianfoodsonline.com\/product\/lotun-aperitif-sale-sev-special\/"},"modified":"2024-08-09T07:01:18","modified_gmt":"2024-08-09T07:01:18","slug":"lotun-aperitif-sale-sev-special","status":"publish","type":"product","link":"https:\/\/mauritianfoodsonline.com\/de\/product\/lotun-aperitif-sale-sev-special\/","title":{"rendered":"L\u2019otun Ap\u00e9ritif Sal\u00e9 &#8211; Sev Sp\u00e9cial"},"content":{"rendered":"","protected":false},"excerpt":{"rendered":"<p>Genie\u00dfen Sie den einzigartigen Geschmack von Mauritius mit L\u2019otun Ap\u00e9ritif Sal\u00e9. Unser Sev Sp\u00e9cial bietet knusprige, gew\u00fcrzte Nudeln nach traditionellen mauritischen Rezepten. Perfekt f\u00fcr jeden Anlass \u2013 genie\u00dfen Sie diesen k\u00f6stlichen Snack pur oder zu Ihren Lieblingsgetr\u00e4nken.  <\/p>\n","protected":false},"featured_media":37851,"comment_status":"open","ping_status":"closed","template":"","meta":{"_acf_changed":false},"special-offers":[],"product_brand":[],"product_cat":[597,521],"product_tag":[],"class_list":{"0":"post-44104","1":"product","2":"type-product","3":"status-publish","4":"has-post-thumbnail","6":"product_cat-savoury-snacks-de","7":"product_cat-snacks-desserts","9":"first","10":"instock","11":"taxable","12":"shipping-taxable","13":"purchasable","14":"product-type-simple","15":"add-to-wishlist-before_image"},"acf":[],"yoast_head":"<!-- This site is optimized with the Yoast SEO plugin v27.3 - https:\/\/yoast.com\/product\/yoast-seo-wordpress\/ -->\n<title>L\u2019otun Ap\u00e9ritif Sal\u00e9 - Sev Sp\u00e9cial - Mauritian Foods Online<\/title>\n<meta name=\"robots\" content=\"index, follow, max-snippet:-1, max-image-preview:large, max-video-preview:-1\" \/>\n<link rel=\"canonical\" href=\"https:\/\/mauritianfoodsonline.com\/de\/product\/lotun-aperitif-sale-sev-special\/\" \/>\n<meta property=\"og:locale\" content=\"de_DE\" \/>\n<meta property=\"og:type\" content=\"article\" \/>\n<meta property=\"og:title\" content=\"L\u2019otun Ap\u00e9ritif Sal\u00e9 - Sev Sp\u00e9cial - Mauritian Foods Online\" \/>\n<meta property=\"og:description\" content=\"Genie\u00dfen Sie den einzigartigen Geschmack von Mauritius mit L\u2019otun Ap\u00e9ritif Sal\u00e9. Unser Sev Sp\u00e9cial bietet knusprige, gew\u00fcrzte Nudeln nach traditionellen mauritischen Rezepten. Perfekt f\u00fcr jeden Anlass \u2013 genie\u00dfen Sie diesen k\u00f6stlichen Snack pur oder zu Ihren Lieblingsgetr\u00e4nken.\" \/>\n<meta property=\"og:url\" content=\"https:\/\/mauritianfoodsonline.com\/de\/product\/lotun-aperitif-sale-sev-special\/\" \/>\n<meta property=\"og:site_name\" content=\"Mauritian Foods Online\" \/>\n<meta property=\"article:publisher\" content=\"https:\/\/www.facebook.com\/mauritianfoodsonlineuk\/\" \/>\n<meta property=\"og:image\" content=\"https:\/\/mauritianfoodsonline.com\/wp-content\/uploads\/2024\/08\/IMG_4964.jpg\" \/>\n\t<meta property=\"og:image:width\" content=\"1500\" \/>\n\t<meta property=\"og:image:height\" content=\"1500\" \/>\n\t<meta property=\"og:image:type\" content=\"image\/jpeg\" \/>\n<meta name=\"twitter:card\" content=\"summary_large_image\" \/>\n<meta name=\"twitter:site\" content=\"@mauritian_foods\" \/>\n<script type=\"application\/ld+json\" class=\"yoast-schema-graph\">{\"@context\":\"https:\\\/\\\/schema.org\",\"@graph\":[{\"@type\":\"WebPage\",\"@id\":\"https:\\\/\\\/mauritianfoodsonline.com\\\/de\\\/product\\\/lotun-aperitif-sale-sev-special\\\/\",\"url\":\"https:\\\/\\\/mauritianfoodsonline.com\\\/de\\\/product\\\/lotun-aperitif-sale-sev-special\\\/\",\"name\":\"L\u2019otun Ap\u00e9ritif Sal\u00e9 - Sev Sp\u00e9cial - Mauritian Foods Online\",\"isPartOf\":{\"@id\":\"https:\\\/\\\/mauritianfoodsonline.com\\\/#website\"},\"primaryImageOfPage\":{\"@id\":\"https:\\\/\\\/mauritianfoodsonline.com\\\/de\\\/product\\\/lotun-aperitif-sale-sev-special\\\/#primaryimage\"},\"image\":{\"@id\":\"https:\\\/\\\/mauritianfoodsonline.com\\\/de\\\/product\\\/lotun-aperitif-sale-sev-special\\\/#primaryimage\"},\"thumbnailUrl\":\"https:\\\/\\\/mauritianfoodsonline.com\\\/wp-content\\\/uploads\\\/2024\\\/08\\\/IMG_4964.jpg\",\"datePublished\":\"2024-08-09T07:01:18+00:00\",\"breadcrumb\":{\"@id\":\"https:\\\/\\\/mauritianfoodsonline.com\\\/de\\\/product\\\/lotun-aperitif-sale-sev-special\\\/#breadcrumb\"},\"inLanguage\":\"de\",\"potentialAction\":[{\"@type\":\"ReadAction\",\"target\":[\"https:\\\/\\\/mauritianfoodsonline.com\\\/de\\\/product\\\/lotun-aperitif-sale-sev-special\\\/\"]}]},{\"@type\":\"ImageObject\",\"inLanguage\":\"de\",\"@id\":\"https:\\\/\\\/mauritianfoodsonline.com\\\/de\\\/product\\\/lotun-aperitif-sale-sev-special\\\/#primaryimage\",\"url\":\"https:\\\/\\\/mauritianfoodsonline.com\\\/wp-content\\\/uploads\\\/2024\\\/08\\\/IMG_4964.jpg\",\"contentUrl\":\"https:\\\/\\\/mauritianfoodsonline.com\\\/wp-content\\\/uploads\\\/2024\\\/08\\\/IMG_4964.jpg\",\"width\":1500,\"height\":1500,\"caption\":\"Lotun Aperitif Sal\u00e9 Sev Sp\u00e9cial \u2013 Crispy Mauritian snack for sharing\"},{\"@type\":\"BreadcrumbList\",\"@id\":\"https:\\\/\\\/mauritianfoodsonline.com\\\/de\\\/product\\\/lotun-aperitif-sale-sev-special\\\/#breadcrumb\",\"itemListElement\":[{\"@type\":\"ListItem\",\"position\":1,\"name\":\"Home\",\"item\":\"https:\\\/\\\/mauritianfoodsonline.com\\\/de\\\/\"},{\"@type\":\"ListItem\",\"position\":2,\"name\":\"Gesch\u00e4ft\",\"item\":\"https:\\\/\\\/mauritianfoodsonline.com\\\/de\\\/geschaeft\\\/\"},{\"@type\":\"ListItem\",\"position\":3,\"name\":\"L\u2019otun Ap\u00e9ritif Sal\u00e9 &#8211; Sev Sp\u00e9cial\"}]},{\"@type\":\"WebSite\",\"@id\":\"https:\\\/\\\/mauritianfoodsonline.com\\\/#website\",\"url\":\"https:\\\/\\\/mauritianfoodsonline.com\\\/\",\"name\":\"Mauritian Foods Online\",\"description\":\"Online\",\"publisher\":{\"@id\":\"https:\\\/\\\/mauritianfoodsonline.com\\\/#organization\"},\"potentialAction\":[{\"@type\":\"SearchAction\",\"target\":{\"@type\":\"EntryPoint\",\"urlTemplate\":\"https:\\\/\\\/mauritianfoodsonline.com\\\/?s={search_term_string}\"},\"query-input\":{\"@type\":\"PropertyValueSpecification\",\"valueRequired\":true,\"valueName\":\"search_term_string\"}}],\"inLanguage\":\"de\"},{\"@type\":\"Organization\",\"@id\":\"https:\\\/\\\/mauritianfoodsonline.com\\\/#organization\",\"name\":\"Mauritian Foods Online\",\"url\":\"https:\\\/\\\/mauritianfoodsonline.com\\\/\",\"logo\":{\"@type\":\"ImageObject\",\"inLanguage\":\"de\",\"@id\":\"https:\\\/\\\/mauritianfoodsonline.com\\\/#\\\/schema\\\/logo\\\/image\\\/\",\"url\":\"https:\\\/\\\/mauritianfoodsonline.com\\\/wp-content\\\/uploads\\\/2024\\\/11\\\/svgviewer-png-output-1.png\",\"contentUrl\":\"https:\\\/\\\/mauritianfoodsonline.com\\\/wp-content\\\/uploads\\\/2024\\\/11\\\/svgviewer-png-output-1.png\",\"width\":106,\"height\":109,\"caption\":\"Mauritian Foods Online\"},\"image\":{\"@id\":\"https:\\\/\\\/mauritianfoodsonline.com\\\/#\\\/schema\\\/logo\\\/image\\\/\"},\"sameAs\":[\"https:\\\/\\\/www.facebook.com\\\/mauritianfoodsonlineuk\\\/\",\"https:\\\/\\\/x.com\\\/mauritian_foods\",\"https:\\\/\\\/www.instagram.com\\\/mauritianfoodsonline\\\/#\"]}]}<\/script>\n<!-- \/ Yoast SEO plugin. -->","yoast_head_json":{"title":"L\u2019otun Ap\u00e9ritif Sal\u00e9 - Sev Sp\u00e9cial - Mauritian Foods Online","robots":{"index":"index","follow":"follow","max-snippet":"max-snippet:-1","max-image-preview":"max-image-preview:large","max-video-preview":"max-video-preview:-1"},"canonical":"https:\/\/mauritianfoodsonline.com\/de\/product\/lotun-aperitif-sale-sev-special\/","og_locale":"de_DE","og_type":"article","og_title":"L\u2019otun Ap\u00e9ritif Sal\u00e9 - Sev Sp\u00e9cial - Mauritian Foods Online","og_description":"Genie\u00dfen Sie den einzigartigen Geschmack von Mauritius mit L\u2019otun Ap\u00e9ritif Sal\u00e9. Unser Sev Sp\u00e9cial bietet knusprige, gew\u00fcrzte Nudeln nach traditionellen mauritischen Rezepten. Perfekt f\u00fcr jeden Anlass \u2013 genie\u00dfen Sie diesen k\u00f6stlichen Snack pur oder zu Ihren Lieblingsgetr\u00e4nken.","og_url":"https:\/\/mauritianfoodsonline.com\/de\/product\/lotun-aperitif-sale-sev-special\/","og_site_name":"Mauritian Foods Online","article_publisher":"https:\/\/www.facebook.com\/mauritianfoodsonlineuk\/","og_image":[{"width":1500,"height":1500,"url":"https:\/\/mauritianfoodsonline.com\/wp-content\/uploads\/2024\/08\/IMG_4964.jpg","type":"image\/jpeg"}],"twitter_card":"summary_large_image","twitter_site":"@mauritian_foods","schema":{"@context":"https:\/\/schema.org","@graph":[{"@type":"WebPage","@id":"https:\/\/mauritianfoodsonline.com\/de\/product\/lotun-aperitif-sale-sev-special\/","url":"https:\/\/mauritianfoodsonline.com\/de\/product\/lotun-aperitif-sale-sev-special\/","name":"L\u2019otun Ap\u00e9ritif Sal\u00e9 - Sev Sp\u00e9cial - Mauritian Foods Online","isPartOf":{"@id":"https:\/\/mauritianfoodsonline.com\/#website"},"primaryImageOfPage":{"@id":"https:\/\/mauritianfoodsonline.com\/de\/product\/lotun-aperitif-sale-sev-special\/#primaryimage"},"image":{"@id":"https:\/\/mauritianfoodsonline.com\/de\/product\/lotun-aperitif-sale-sev-special\/#primaryimage"},"thumbnailUrl":"https:\/\/mauritianfoodsonline.com\/wp-content\/uploads\/2024\/08\/IMG_4964.jpg","datePublished":"2024-08-09T07:01:18+00:00","breadcrumb":{"@id":"https:\/\/mauritianfoodsonline.com\/de\/product\/lotun-aperitif-sale-sev-special\/#breadcrumb"},"inLanguage":"de","potentialAction":[{"@type":"ReadAction","target":["https:\/\/mauritianfoodsonline.com\/de\/product\/lotun-aperitif-sale-sev-special\/"]}]},{"@type":"ImageObject","inLanguage":"de","@id":"https:\/\/mauritianfoodsonline.com\/de\/product\/lotun-aperitif-sale-sev-special\/#primaryimage","url":"https:\/\/mauritianfoodsonline.com\/wp-content\/uploads\/2024\/08\/IMG_4964.jpg","contentUrl":"https:\/\/mauritianfoodsonline.com\/wp-content\/uploads\/2024\/08\/IMG_4964.jpg","width":1500,"height":1500,"caption":"Lotun Aperitif Sal\u00e9 Sev Sp\u00e9cial \u2013 Crispy Mauritian snack for sharing"},{"@type":"BreadcrumbList","@id":"https:\/\/mauritianfoodsonline.com\/de\/product\/lotun-aperitif-sale-sev-special\/#breadcrumb","itemListElement":[{"@type":"ListItem","position":1,"name":"Home","item":"https:\/\/mauritianfoodsonline.com\/de\/"},{"@type":"ListItem","position":2,"name":"Gesch\u00e4ft","item":"https:\/\/mauritianfoodsonline.com\/de\/geschaeft\/"},{"@type":"ListItem","position":3,"name":"L\u2019otun Ap\u00e9ritif Sal\u00e9 &#8211; Sev Sp\u00e9cial"}]},{"@type":"WebSite","@id":"https:\/\/mauritianfoodsonline.com\/#website","url":"https:\/\/mauritianfoodsonline.com\/","name":"Mauritian Foods Online","description":"Online","publisher":{"@id":"https:\/\/mauritianfoodsonline.com\/#organization"},"potentialAction":[{"@type":"SearchAction","target":{"@type":"EntryPoint","urlTemplate":"https:\/\/mauritianfoodsonline.com\/?s={search_term_string}"},"query-input":{"@type":"PropertyValueSpecification","valueRequired":true,"valueName":"search_term_string"}}],"inLanguage":"de"},{"@type":"Organization","@id":"https:\/\/mauritianfoodsonline.com\/#organization","name":"Mauritian Foods Online","url":"https:\/\/mauritianfoodsonline.com\/","logo":{"@type":"ImageObject","inLanguage":"de","@id":"https:\/\/mauritianfoodsonline.com\/#\/schema\/logo\/image\/","url":"https:\/\/mauritianfoodsonline.com\/wp-content\/uploads\/2024\/11\/svgviewer-png-output-1.png","contentUrl":"https:\/\/mauritianfoodsonline.com\/wp-content\/uploads\/2024\/11\/svgviewer-png-output-1.png","width":106,"height":109,"caption":"Mauritian Foods Online"},"image":{"@id":"https:\/\/mauritianfoodsonline.com\/#\/schema\/logo\/image\/"},"sameAs":["https:\/\/www.facebook.com\/mauritianfoodsonlineuk\/","https:\/\/x.com\/mauritian_foods","https:\/\/www.instagram.com\/mauritianfoodsonline\/#"]}]}},"_links":{"self":[{"href":"https:\/\/mauritianfoodsonline.com\/de\/wp-json\/wp\/v2\/product\/44104","targetHints":{"allow":["GET"]}}],"collection":[{"href":"https:\/\/mauritianfoodsonline.com\/de\/wp-json\/wp\/v2\/product"}],"about":[{"href":"https:\/\/mauritianfoodsonline.com\/de\/wp-json\/wp\/v2\/types\/product"}],"replies":[{"embeddable":true,"href":"https:\/\/mauritianfoodsonline.com\/de\/wp-json\/wp\/v2\/comments?post=44104"}],"wp:featuredmedia":[{"embeddable":true,"href":"https:\/\/mauritianfoodsonline.com\/de\/wp-json\/wp\/v2\/media\/37851"}],"wp:attachment":[{"href":"https:\/\/mauritianfoodsonline.com\/de\/wp-json\/wp\/v2\/media?parent=44104"}],"wp:term":[{"taxonomy":"special-offers","embeddable":true,"href":"https:\/\/mauritianfoodsonline.com\/de\/wp-json\/wp\/v2\/special-offers?post=44104"},{"taxonomy":"product_brand","embeddable":true,"href":"https:\/\/mauritianfoodsonline.com\/de\/wp-json\/wp\/v2\/product_brand?post=44104"},{"taxonomy":"product_cat","embeddable":true,"href":"https:\/\/mauritianfoodsonline.com\/de\/wp-json\/wp\/v2\/product_cat?post=44104"},{"taxonomy":"product_tag","embeddable":true,"href":"https:\/\/mauritianfoodsonline.com\/de\/wp-json\/wp\/v2\/product_tag?post=44104"}],"curies":[{"name":"wp","href":"https:\/\/api.w.org\/{rel}","templated":true}]}}