{"id":44107,"date":"2024-08-09T07:01:19","date_gmt":"2024-08-09T07:01:19","guid":{"rendered":"https:\/\/mauritianfoodsonline.com\/product\/ptit-sale-deep-fried-salted-fish-poisson-sale-snoek-frit\/"},"modified":"2024-08-09T07:01:19","modified_gmt":"2024-08-09T07:01:19","slug":"ptit-sale-deep-fried-salted-fish-poisson-sale-snoek-frit","status":"publish","type":"product","link":"https:\/\/mauritianfoodsonline.com\/de\/product\/ptit-sale-deep-fried-salted-fish-poisson-sale-snoek-frit\/","title":{"rendered":"P\u2019tit-Sal\u00e9 Deep Fried Salted Fish (Poisson Sal\u00e9 Snoek Frit)"},"content":{"rendered":"","protected":false},"excerpt":{"rendered":"<p>Erleben Sie den authentischen Geschmack von Mauritius mit P\u2019tit-Sal\u00e9 Salted Fish. Diese frittierte Delikatesse aus 100 % Thyrsites atun (Snoek) ist ein echter Inselliebling. Sorgf\u00e4ltig verarbeitet und verpackt, um sein volles Aroma zu bewahren, verleiht er Ihren Gerichten eine einzigartige, pikante Note. Genie\u00dfen Sie den Komfort dieses k\u00fcchenfertigen Leckerbissens, der die Aromen von Mauritius direkt in Ihre K\u00fcche bringt.   <\/p>\n","protected":false},"featured_media":39069,"comment_status":"open","ping_status":"closed","template":"","meta":{"_acf_changed":false},"special-offers":[],"product_brand":[],"product_cat":[517,600,442,313],"product_tag":[],"class_list":{"0":"post-44107","1":"product","2":"type-product","3":"status-publish","4":"has-post-thumbnail","6":"product_cat-condiments","7":"product_cat-fish-seafood","8":"product_cat-food-cupboard","9":"product_cat-mauritian","11":"first","12":"instock","13":"taxable","14":"shipping-taxable","15":"purchasable","16":"product-type-simple","17":"add-to-wishlist-before_image"},"acf":[],"yoast_head":"<!-- This site is optimized with the Yoast SEO plugin v27.3 - https:\/\/yoast.com\/product\/yoast-seo-wordpress\/ -->\n<title>P\u2019tit-Sal\u00e9 Deep Fried Salted Fish (Poisson Sal\u00e9 Snoek Frit) - Mauritian Foods Online<\/title>\n<meta name=\"robots\" content=\"index, follow, max-snippet:-1, max-image-preview:large, max-video-preview:-1\" \/>\n<link rel=\"canonical\" href=\"https:\/\/mauritianfoodsonline.com\/de\/product\/ptit-sale-deep-fried-salted-fish-poisson-sale-snoek-frit\/\" \/>\n<meta property=\"og:locale\" content=\"de_DE\" \/>\n<meta property=\"og:type\" content=\"article\" \/>\n<meta property=\"og:title\" content=\"P\u2019tit-Sal\u00e9 Deep Fried Salted Fish (Poisson Sal\u00e9 Snoek Frit) - Mauritian Foods Online\" \/>\n<meta property=\"og:description\" content=\"Erleben Sie den authentischen Geschmack von Mauritius mit P\u2019tit-Sal\u00e9 Salted Fish. Diese frittierte Delikatesse aus 100 % Thyrsites atun (Snoek) ist ein echter Inselliebling. Sorgf\u00e4ltig verarbeitet und verpackt, um sein volles Aroma zu bewahren, verleiht er Ihren Gerichten eine einzigartige, pikante Note. Genie\u00dfen Sie den Komfort dieses k\u00fcchenfertigen Leckerbissens, der die Aromen von Mauritius direkt in Ihre K\u00fcche bringt.\" \/>\n<meta property=\"og:url\" content=\"https:\/\/mauritianfoodsonline.com\/de\/product\/ptit-sale-deep-fried-salted-fish-poisson-sale-snoek-frit\/\" \/>\n<meta property=\"og:site_name\" content=\"Mauritian Foods Online\" \/>\n<meta property=\"article:publisher\" content=\"https:\/\/www.facebook.com\/mauritianfoodsonlineuk\/\" \/>\n<meta property=\"og:image\" content=\"https:\/\/mauritianfoodsonline.com\/wp-content\/uploads\/2024\/08\/MauritianFoods_Web-214.jpg\" \/>\n\t<meta property=\"og:image:width\" content=\"800\" \/>\n\t<meta property=\"og:image:height\" content=\"800\" \/>\n\t<meta property=\"og:image:type\" content=\"image\/jpeg\" \/>\n<meta name=\"twitter:card\" content=\"summary_large_image\" \/>\n<meta name=\"twitter:site\" content=\"@mauritian_foods\" \/>\n<script type=\"application\/ld+json\" class=\"yoast-schema-graph\">{\"@context\":\"https:\\\/\\\/schema.org\",\"@graph\":[{\"@type\":\"WebPage\",\"@id\":\"https:\\\/\\\/mauritianfoodsonline.com\\\/de\\\/product\\\/ptit-sale-deep-fried-salted-fish-poisson-sale-snoek-frit\\\/\",\"url\":\"https:\\\/\\\/mauritianfoodsonline.com\\\/de\\\/product\\\/ptit-sale-deep-fried-salted-fish-poisson-sale-snoek-frit\\\/\",\"name\":\"P\u2019tit-Sal\u00e9 Deep Fried Salted Fish (Poisson Sal\u00e9 Snoek Frit) - Mauritian Foods Online\",\"isPartOf\":{\"@id\":\"https:\\\/\\\/mauritianfoodsonline.com\\\/#website\"},\"primaryImageOfPage\":{\"@id\":\"https:\\\/\\\/mauritianfoodsonline.com\\\/de\\\/product\\\/ptit-sale-deep-fried-salted-fish-poisson-sale-snoek-frit\\\/#primaryimage\"},\"image\":{\"@id\":\"https:\\\/\\\/mauritianfoodsonline.com\\\/de\\\/product\\\/ptit-sale-deep-fried-salted-fish-poisson-sale-snoek-frit\\\/#primaryimage\"},\"thumbnailUrl\":\"https:\\\/\\\/mauritianfoodsonline.com\\\/wp-content\\\/uploads\\\/2024\\\/08\\\/MauritianFoods_Web-214.jpg\",\"datePublished\":\"2024-08-09T07:01:19+00:00\",\"breadcrumb\":{\"@id\":\"https:\\\/\\\/mauritianfoodsonline.com\\\/de\\\/product\\\/ptit-sale-deep-fried-salted-fish-poisson-sale-snoek-frit\\\/#breadcrumb\"},\"inLanguage\":\"de\",\"potentialAction\":[{\"@type\":\"ReadAction\",\"target\":[\"https:\\\/\\\/mauritianfoodsonline.com\\\/de\\\/product\\\/ptit-sale-deep-fried-salted-fish-poisson-sale-snoek-frit\\\/\"]}]},{\"@type\":\"ImageObject\",\"inLanguage\":\"de\",\"@id\":\"https:\\\/\\\/mauritianfoodsonline.com\\\/de\\\/product\\\/ptit-sale-deep-fried-salted-fish-poisson-sale-snoek-frit\\\/#primaryimage\",\"url\":\"https:\\\/\\\/mauritianfoodsonline.com\\\/wp-content\\\/uploads\\\/2024\\\/08\\\/MauritianFoods_Web-214.jpg\",\"contentUrl\":\"https:\\\/\\\/mauritianfoodsonline.com\\\/wp-content\\\/uploads\\\/2024\\\/08\\\/MauritianFoods_Web-214.jpg\",\"width\":800,\"height\":800},{\"@type\":\"BreadcrumbList\",\"@id\":\"https:\\\/\\\/mauritianfoodsonline.com\\\/de\\\/product\\\/ptit-sale-deep-fried-salted-fish-poisson-sale-snoek-frit\\\/#breadcrumb\",\"itemListElement\":[{\"@type\":\"ListItem\",\"position\":1,\"name\":\"Home\",\"item\":\"https:\\\/\\\/mauritianfoodsonline.com\\\/de\\\/\"},{\"@type\":\"ListItem\",\"position\":2,\"name\":\"Gesch\u00e4ft\",\"item\":\"https:\\\/\\\/mauritianfoodsonline.com\\\/de\\\/geschaeft\\\/\"},{\"@type\":\"ListItem\",\"position\":3,\"name\":\"P\u2019tit-Sal\u00e9 Deep Fried Salted Fish (Poisson Sal\u00e9 Snoek Frit)\"}]},{\"@type\":\"WebSite\",\"@id\":\"https:\\\/\\\/mauritianfoodsonline.com\\\/#website\",\"url\":\"https:\\\/\\\/mauritianfoodsonline.com\\\/\",\"name\":\"Mauritian Foods Online\",\"description\":\"Online\",\"publisher\":{\"@id\":\"https:\\\/\\\/mauritianfoodsonline.com\\\/#organization\"},\"potentialAction\":[{\"@type\":\"SearchAction\",\"target\":{\"@type\":\"EntryPoint\",\"urlTemplate\":\"https:\\\/\\\/mauritianfoodsonline.com\\\/?s={search_term_string}\"},\"query-input\":{\"@type\":\"PropertyValueSpecification\",\"valueRequired\":true,\"valueName\":\"search_term_string\"}}],\"inLanguage\":\"de\"},{\"@type\":\"Organization\",\"@id\":\"https:\\\/\\\/mauritianfoodsonline.com\\\/#organization\",\"name\":\"Mauritian Foods Online\",\"url\":\"https:\\\/\\\/mauritianfoodsonline.com\\\/\",\"logo\":{\"@type\":\"ImageObject\",\"inLanguage\":\"de\",\"@id\":\"https:\\\/\\\/mauritianfoodsonline.com\\\/#\\\/schema\\\/logo\\\/image\\\/\",\"url\":\"https:\\\/\\\/mauritianfoodsonline.com\\\/wp-content\\\/uploads\\\/2024\\\/11\\\/svgviewer-png-output-1.png\",\"contentUrl\":\"https:\\\/\\\/mauritianfoodsonline.com\\\/wp-content\\\/uploads\\\/2024\\\/11\\\/svgviewer-png-output-1.png\",\"width\":106,\"height\":109,\"caption\":\"Mauritian Foods Online\"},\"image\":{\"@id\":\"https:\\\/\\\/mauritianfoodsonline.com\\\/#\\\/schema\\\/logo\\\/image\\\/\"},\"sameAs\":[\"https:\\\/\\\/www.facebook.com\\\/mauritianfoodsonlineuk\\\/\",\"https:\\\/\\\/x.com\\\/mauritian_foods\",\"https:\\\/\\\/www.instagram.com\\\/mauritianfoodsonline\\\/#\"]}]}<\/script>\n<!-- \/ Yoast SEO plugin. -->","yoast_head_json":{"title":"P\u2019tit-Sal\u00e9 Deep Fried Salted Fish (Poisson Sal\u00e9 Snoek Frit) - Mauritian Foods Online","robots":{"index":"index","follow":"follow","max-snippet":"max-snippet:-1","max-image-preview":"max-image-preview:large","max-video-preview":"max-video-preview:-1"},"canonical":"https:\/\/mauritianfoodsonline.com\/de\/product\/ptit-sale-deep-fried-salted-fish-poisson-sale-snoek-frit\/","og_locale":"de_DE","og_type":"article","og_title":"P\u2019tit-Sal\u00e9 Deep Fried Salted Fish (Poisson Sal\u00e9 Snoek Frit) - Mauritian Foods Online","og_description":"Erleben Sie den authentischen Geschmack von Mauritius mit P\u2019tit-Sal\u00e9 Salted Fish. Diese frittierte Delikatesse aus 100 % Thyrsites atun (Snoek) ist ein echter Inselliebling. Sorgf\u00e4ltig verarbeitet und verpackt, um sein volles Aroma zu bewahren, verleiht er Ihren Gerichten eine einzigartige, pikante Note. Genie\u00dfen Sie den Komfort dieses k\u00fcchenfertigen Leckerbissens, der die Aromen von Mauritius direkt in Ihre K\u00fcche bringt.","og_url":"https:\/\/mauritianfoodsonline.com\/de\/product\/ptit-sale-deep-fried-salted-fish-poisson-sale-snoek-frit\/","og_site_name":"Mauritian Foods Online","article_publisher":"https:\/\/www.facebook.com\/mauritianfoodsonlineuk\/","og_image":[{"width":800,"height":800,"url":"https:\/\/mauritianfoodsonline.com\/wp-content\/uploads\/2024\/08\/MauritianFoods_Web-214.jpg","type":"image\/jpeg"}],"twitter_card":"summary_large_image","twitter_site":"@mauritian_foods","schema":{"@context":"https:\/\/schema.org","@graph":[{"@type":"WebPage","@id":"https:\/\/mauritianfoodsonline.com\/de\/product\/ptit-sale-deep-fried-salted-fish-poisson-sale-snoek-frit\/","url":"https:\/\/mauritianfoodsonline.com\/de\/product\/ptit-sale-deep-fried-salted-fish-poisson-sale-snoek-frit\/","name":"P\u2019tit-Sal\u00e9 Deep Fried Salted Fish (Poisson Sal\u00e9 Snoek Frit) - Mauritian Foods Online","isPartOf":{"@id":"https:\/\/mauritianfoodsonline.com\/#website"},"primaryImageOfPage":{"@id":"https:\/\/mauritianfoodsonline.com\/de\/product\/ptit-sale-deep-fried-salted-fish-poisson-sale-snoek-frit\/#primaryimage"},"image":{"@id":"https:\/\/mauritianfoodsonline.com\/de\/product\/ptit-sale-deep-fried-salted-fish-poisson-sale-snoek-frit\/#primaryimage"},"thumbnailUrl":"https:\/\/mauritianfoodsonline.com\/wp-content\/uploads\/2024\/08\/MauritianFoods_Web-214.jpg","datePublished":"2024-08-09T07:01:19+00:00","breadcrumb":{"@id":"https:\/\/mauritianfoodsonline.com\/de\/product\/ptit-sale-deep-fried-salted-fish-poisson-sale-snoek-frit\/#breadcrumb"},"inLanguage":"de","potentialAction":[{"@type":"ReadAction","target":["https:\/\/mauritianfoodsonline.com\/de\/product\/ptit-sale-deep-fried-salted-fish-poisson-sale-snoek-frit\/"]}]},{"@type":"ImageObject","inLanguage":"de","@id":"https:\/\/mauritianfoodsonline.com\/de\/product\/ptit-sale-deep-fried-salted-fish-poisson-sale-snoek-frit\/#primaryimage","url":"https:\/\/mauritianfoodsonline.com\/wp-content\/uploads\/2024\/08\/MauritianFoods_Web-214.jpg","contentUrl":"https:\/\/mauritianfoodsonline.com\/wp-content\/uploads\/2024\/08\/MauritianFoods_Web-214.jpg","width":800,"height":800},{"@type":"BreadcrumbList","@id":"https:\/\/mauritianfoodsonline.com\/de\/product\/ptit-sale-deep-fried-salted-fish-poisson-sale-snoek-frit\/#breadcrumb","itemListElement":[{"@type":"ListItem","position":1,"name":"Home","item":"https:\/\/mauritianfoodsonline.com\/de\/"},{"@type":"ListItem","position":2,"name":"Gesch\u00e4ft","item":"https:\/\/mauritianfoodsonline.com\/de\/geschaeft\/"},{"@type":"ListItem","position":3,"name":"P\u2019tit-Sal\u00e9 Deep Fried Salted Fish (Poisson Sal\u00e9 Snoek Frit)"}]},{"@type":"WebSite","@id":"https:\/\/mauritianfoodsonline.com\/#website","url":"https:\/\/mauritianfoodsonline.com\/","name":"Mauritian Foods Online","description":"Online","publisher":{"@id":"https:\/\/mauritianfoodsonline.com\/#organization"},"potentialAction":[{"@type":"SearchAction","target":{"@type":"EntryPoint","urlTemplate":"https:\/\/mauritianfoodsonline.com\/?s={search_term_string}"},"query-input":{"@type":"PropertyValueSpecification","valueRequired":true,"valueName":"search_term_string"}}],"inLanguage":"de"},{"@type":"Organization","@id":"https:\/\/mauritianfoodsonline.com\/#organization","name":"Mauritian Foods Online","url":"https:\/\/mauritianfoodsonline.com\/","logo":{"@type":"ImageObject","inLanguage":"de","@id":"https:\/\/mauritianfoodsonline.com\/#\/schema\/logo\/image\/","url":"https:\/\/mauritianfoodsonline.com\/wp-content\/uploads\/2024\/11\/svgviewer-png-output-1.png","contentUrl":"https:\/\/mauritianfoodsonline.com\/wp-content\/uploads\/2024\/11\/svgviewer-png-output-1.png","width":106,"height":109,"caption":"Mauritian Foods Online"},"image":{"@id":"https:\/\/mauritianfoodsonline.com\/#\/schema\/logo\/image\/"},"sameAs":["https:\/\/www.facebook.com\/mauritianfoodsonlineuk\/","https:\/\/x.com\/mauritian_foods","https:\/\/www.instagram.com\/mauritianfoodsonline\/#"]}]}},"_links":{"self":[{"href":"https:\/\/mauritianfoodsonline.com\/de\/wp-json\/wp\/v2\/product\/44107","targetHints":{"allow":["GET"]}}],"collection":[{"href":"https:\/\/mauritianfoodsonline.com\/de\/wp-json\/wp\/v2\/product"}],"about":[{"href":"https:\/\/mauritianfoodsonline.com\/de\/wp-json\/wp\/v2\/types\/product"}],"replies":[{"embeddable":true,"href":"https:\/\/mauritianfoodsonline.com\/de\/wp-json\/wp\/v2\/comments?post=44107"}],"wp:featuredmedia":[{"embeddable":true,"href":"https:\/\/mauritianfoodsonline.com\/de\/wp-json\/wp\/v2\/media\/39069"}],"wp:attachment":[{"href":"https:\/\/mauritianfoodsonline.com\/de\/wp-json\/wp\/v2\/media?parent=44107"}],"wp:term":[{"taxonomy":"special-offers","embeddable":true,"href":"https:\/\/mauritianfoodsonline.com\/de\/wp-json\/wp\/v2\/special-offers?post=44107"},{"taxonomy":"product_brand","embeddable":true,"href":"https:\/\/mauritianfoodsonline.com\/de\/wp-json\/wp\/v2\/product_brand?post=44107"},{"taxonomy":"product_cat","embeddable":true,"href":"https:\/\/mauritianfoodsonline.com\/de\/wp-json\/wp\/v2\/product_cat?post=44107"},{"taxonomy":"product_tag","embeddable":true,"href":"https:\/\/mauritianfoodsonline.com\/de\/wp-json\/wp\/v2\/product_tag?post=44107"}],"curies":[{"name":"wp","href":"https:\/\/api.w.org\/{rel}","templated":true}]}}