{"id":44109,"date":"2024-08-09T07:01:18","date_gmt":"2024-08-09T07:01:18","guid":{"rendered":"https:\/\/mauritianfoodsonline.com\/product\/bois-cheri-individual-tea-green-tea-mint\/"},"modified":"2026-04-14T12:37:52","modified_gmt":"2026-04-14T12:37:52","slug":"bois-cheri-individual-tea-green-tea-mint","status":"publish","type":"product","link":"https:\/\/mauritianfoodsonline.com\/de\/product\/bois-cheri-individual-tea-green-tea-mint\/","title":{"rendered":"Bois Cheri &#8211; Einzelportion Tee &#8211; Gr\u00fcner Tee (Minze)"},"content":{"rendered":"<p><strong>\u2022 100% nat\u00fcrlicher gr\u00fcner Tee aus Mauritius \u2013 leicht, erfrischend und aromatisch.<br \/>\n<\/strong><br data-start=\"462\" data-end=\"465\"><strong>\u2022 Wird in 25 einzeln versiegelten Teebeuteln geliefert \u2013 f\u00fcr Komfort und Frische.<br \/>\n<\/strong><br data-start=\"576\" data-end=\"579\"><strong>\u2022 Ideal f\u00fcr den t\u00e4glichen Genuss \u2013 pur genie\u00dfen oder mit einer Zitronenscheibe oder einem Spritzer Honig.<br \/>\n<\/strong><br data-start=\"663\" data-end=\"666\"><strong>\u2022 Perfekt f\u00fcr britische Haushalte, die ein schnelles, authentisches mauritisches Teeerlebnis w\u00fcnschen.<\/strong><\/p>\n","protected":false},"excerpt":{"rendered":"<p>\u2022 100% nat\u00fcrlicher gr\u00fcner Tee aus Mauritius \u2013 leicht, erfrischend und aromatisch. \u2022 Wird in 25 einzeln versiegelten Teebeuteln geliefert \u2013 f\u00fcr Komfort und Frische. \u2022 Ideal f\u00fcr den t\u00e4glichen Genuss \u2013 pur genie\u00dfen oder mit einer Zitronenscheibe oder einem Spritzer Honig. \u2022 Perfekt f\u00fcr britische Haushalte, die ein schnelles, authentisches mauritisches Teeerlebnis w\u00fcnschen.<\/p>\n","protected":false},"featured_media":38265,"comment_status":"open","ping_status":"closed","template":"","meta":{"_acf_changed":false},"special-offers":[],"product_brand":[],"product_cat":[442,313,373],"product_tag":[],"class_list":{"0":"post-44109","1":"product","2":"type-product","3":"status-publish","4":"has-post-thumbnail","6":"product_cat-food-cupboard","7":"product_cat-mauritian","8":"product_cat-tea-coffee-drinks-3","9":"brand-bois-cheri-de","11":"first","12":"instock","13":"taxable","14":"shipping-taxable","15":"purchasable","16":"product-type-simple","17":"add-to-wishlist-before_image"},"acf":[],"yoast_head":"<!-- This site is optimized with the Yoast SEO plugin v27.5 - https:\/\/yoast.com\/product\/yoast-seo-wordpress\/ -->\n<title>Mauritius-Gr\u00fcnteebeutel 25 St\u00fcck \u2013 Bois Ch\u00e9ri UK | mauritianfoodonline<\/title>\n<meta name=\"description\" content=\"Zarte mauritische Gr\u00fcnteebeutel von Bois Ch\u00e9ri \u2013 frisch, aromatisch und perfekt f\u00fcr den t\u00e4glichen Genuss. Authentischer Geschmack und schnelle Lieferung innerhalb Gro\u00dfbritanniens. Jetzt kaufen!\" \/>\n<meta name=\"robots\" content=\"index, follow, max-snippet:-1, max-image-preview:large, max-video-preview:-1\" \/>\n<link rel=\"canonical\" href=\"https:\/\/mauritianfoodsonline.com\/de\/product\/bois-cheri-individual-tea-green-tea-mint\/\" \/>\n<meta property=\"og:locale\" content=\"de_DE\" \/>\n<meta property=\"og:type\" content=\"article\" \/>\n<meta property=\"og:title\" content=\"Bois Ch\u00e9ri Gr\u00fcnteebeutel \u2013 Authentischer mauritischer Tee\" \/>\n<meta property=\"og:description\" content=\"Genie\u00dfen Sie erfrischenden mauritischen Gr\u00fcntee von Bois Ch\u00e9ri. Leicht, wohltuend und reich an Antioxidantien \u2013 perfekt f\u00fcr Ihr t\u00e4gliches Wohlbefinden. Schnelle Lieferung innerhalb Gro\u00dfbritanniens.\" \/>\n<meta property=\"og:url\" content=\"https:\/\/mauritianfoodsonline.com\/de\/product\/bois-cheri-individual-tea-green-tea-mint\/\" \/>\n<meta property=\"og:site_name\" content=\"Mauritian Foods Online\" \/>\n<meta property=\"article:publisher\" content=\"https:\/\/www.facebook.com\/mauritianfoodsonlineuk\/\" \/>\n<meta property=\"article:modified_time\" content=\"2026-04-14T12:37:52+00:00\" \/>\n<meta property=\"og:image\" content=\"https:\/\/mauritianfoodsonline.com\/wp-content\/uploads\/2024\/08\/MauritianFoods_Web-185.jpg\" \/>\n\t<meta property=\"og:image:width\" content=\"800\" \/>\n\t<meta property=\"og:image:height\" content=\"800\" \/>\n\t<meta property=\"og:image:type\" content=\"image\/jpeg\" \/>\n<meta name=\"twitter:card\" content=\"summary_large_image\" \/>\n<meta name=\"twitter:site\" content=\"@mauritian_foods\" \/>\n<script type=\"application\/ld+json\" class=\"yoast-schema-graph\">{\"@context\":\"https:\\\/\\\/schema.org\",\"@graph\":[{\"@type\":\"WebPage\",\"@id\":\"https:\\\/\\\/mauritianfoodsonline.com\\\/de\\\/product\\\/bois-cheri-individual-tea-green-tea-mint\\\/\",\"url\":\"https:\\\/\\\/mauritianfoodsonline.com\\\/de\\\/product\\\/bois-cheri-individual-tea-green-tea-mint\\\/\",\"name\":\"Mauritius-Gr\u00fcnteebeutel 25 St\u00fcck \u2013 Bois Ch\u00e9ri UK | mauritianfoodonline\",\"isPartOf\":{\"@id\":\"https:\\\/\\\/mauritianfoodsonline.com\\\/#website\"},\"primaryImageOfPage\":{\"@id\":\"https:\\\/\\\/mauritianfoodsonline.com\\\/de\\\/product\\\/bois-cheri-individual-tea-green-tea-mint\\\/#primaryimage\"},\"image\":{\"@id\":\"https:\\\/\\\/mauritianfoodsonline.com\\\/de\\\/product\\\/bois-cheri-individual-tea-green-tea-mint\\\/#primaryimage\"},\"thumbnailUrl\":\"https:\\\/\\\/mauritianfoodsonline.com\\\/wp-content\\\/uploads\\\/2024\\\/08\\\/MauritianFoods_Web-185.jpg\",\"datePublished\":\"2024-08-09T07:01:18+00:00\",\"dateModified\":\"2026-04-14T12:37:52+00:00\",\"description\":\"Zarte mauritische Gr\u00fcnteebeutel von Bois Ch\u00e9ri \u2013 frisch, aromatisch und perfekt f\u00fcr den t\u00e4glichen Genuss. Authentischer Geschmack und schnelle Lieferung innerhalb Gro\u00dfbritanniens. Jetzt kaufen!\",\"breadcrumb\":{\"@id\":\"https:\\\/\\\/mauritianfoodsonline.com\\\/de\\\/product\\\/bois-cheri-individual-tea-green-tea-mint\\\/#breadcrumb\"},\"inLanguage\":\"de\",\"potentialAction\":[{\"@type\":\"ReadAction\",\"target\":[\"https:\\\/\\\/mauritianfoodsonline.com\\\/de\\\/product\\\/bois-cheri-individual-tea-green-tea-mint\\\/\"]}]},{\"@type\":\"ImageObject\",\"inLanguage\":\"de\",\"@id\":\"https:\\\/\\\/mauritianfoodsonline.com\\\/de\\\/product\\\/bois-cheri-individual-tea-green-tea-mint\\\/#primaryimage\",\"url\":\"https:\\\/\\\/mauritianfoodsonline.com\\\/wp-content\\\/uploads\\\/2024\\\/08\\\/MauritianFoods_Web-185.jpg\",\"contentUrl\":\"https:\\\/\\\/mauritianfoodsonline.com\\\/wp-content\\\/uploads\\\/2024\\\/08\\\/MauritianFoods_Web-185.jpg\",\"width\":800,\"height\":800,\"caption\":\"Bois Ch\u00e9ri Gr\u00fcner Tee \u2013 Authentische mauritische Gr\u00fcnteebeutel\"},{\"@type\":\"BreadcrumbList\",\"@id\":\"https:\\\/\\\/mauritianfoodsonline.com\\\/de\\\/product\\\/bois-cheri-individual-tea-green-tea-mint\\\/#breadcrumb\",\"itemListElement\":[{\"@type\":\"ListItem\",\"position\":1,\"name\":\"Home\",\"item\":\"https:\\\/\\\/mauritianfoodsonline.com\\\/de\\\/\"},{\"@type\":\"ListItem\",\"position\":2,\"name\":\"Gesch\u00e4ft\",\"item\":\"https:\\\/\\\/mauritianfoodsonline.com\\\/de\\\/geschaeft\\\/\"},{\"@type\":\"ListItem\",\"position\":3,\"name\":\"Bois Cheri &#8211; Einzelportion Tee &#8211; Gr\u00fcner Tee (Minze)\"}]},{\"@type\":\"WebSite\",\"@id\":\"https:\\\/\\\/mauritianfoodsonline.com\\\/#website\",\"url\":\"https:\\\/\\\/mauritianfoodsonline.com\\\/\",\"name\":\"Mauritian Foods Online\",\"description\":\"Online\",\"publisher\":{\"@id\":\"https:\\\/\\\/mauritianfoodsonline.com\\\/#organization\"},\"potentialAction\":[{\"@type\":\"SearchAction\",\"target\":{\"@type\":\"EntryPoint\",\"urlTemplate\":\"https:\\\/\\\/mauritianfoodsonline.com\\\/?s={search_term_string}\"},\"query-input\":{\"@type\":\"PropertyValueSpecification\",\"valueRequired\":true,\"valueName\":\"search_term_string\"}}],\"inLanguage\":\"de\"},{\"@type\":\"Organization\",\"@id\":\"https:\\\/\\\/mauritianfoodsonline.com\\\/#organization\",\"name\":\"Mauritian Foods Online\",\"url\":\"https:\\\/\\\/mauritianfoodsonline.com\\\/\",\"logo\":{\"@type\":\"ImageObject\",\"inLanguage\":\"de\",\"@id\":\"https:\\\/\\\/mauritianfoodsonline.com\\\/#\\\/schema\\\/logo\\\/image\\\/\",\"url\":\"https:\\\/\\\/mauritianfoodsonline.com\\\/wp-content\\\/uploads\\\/2024\\\/11\\\/svgviewer-png-output-1.png\",\"contentUrl\":\"https:\\\/\\\/mauritianfoodsonline.com\\\/wp-content\\\/uploads\\\/2024\\\/11\\\/svgviewer-png-output-1.png\",\"width\":106,\"height\":109,\"caption\":\"Mauritian Foods Online\"},\"image\":{\"@id\":\"https:\\\/\\\/mauritianfoodsonline.com\\\/#\\\/schema\\\/logo\\\/image\\\/\"},\"sameAs\":[\"https:\\\/\\\/www.facebook.com\\\/mauritianfoodsonlineuk\\\/\",\"https:\\\/\\\/x.com\\\/mauritian_foods\",\"https:\\\/\\\/www.instagram.com\\\/mauritianfoodsonline\\\/#\"]}]}<\/script>\n<!-- \/ Yoast SEO plugin. -->","yoast_head_json":{"title":"Mauritius-Gr\u00fcnteebeutel 25 St\u00fcck \u2013 Bois Ch\u00e9ri UK | mauritianfoodonline","description":"Zarte mauritische Gr\u00fcnteebeutel von Bois Ch\u00e9ri \u2013 frisch, aromatisch und perfekt f\u00fcr den t\u00e4glichen Genuss. Authentischer Geschmack und schnelle Lieferung innerhalb Gro\u00dfbritanniens. Jetzt kaufen!","robots":{"index":"index","follow":"follow","max-snippet":"max-snippet:-1","max-image-preview":"max-image-preview:large","max-video-preview":"max-video-preview:-1"},"canonical":"https:\/\/mauritianfoodsonline.com\/de\/product\/bois-cheri-individual-tea-green-tea-mint\/","og_locale":"de_DE","og_type":"article","og_title":"Bois Ch\u00e9ri Gr\u00fcnteebeutel \u2013 Authentischer mauritischer Tee","og_description":"Genie\u00dfen Sie erfrischenden mauritischen Gr\u00fcntee von Bois Ch\u00e9ri. Leicht, wohltuend und reich an Antioxidantien \u2013 perfekt f\u00fcr Ihr t\u00e4gliches Wohlbefinden. Schnelle Lieferung innerhalb Gro\u00dfbritanniens.","og_url":"https:\/\/mauritianfoodsonline.com\/de\/product\/bois-cheri-individual-tea-green-tea-mint\/","og_site_name":"Mauritian Foods Online","article_publisher":"https:\/\/www.facebook.com\/mauritianfoodsonlineuk\/","article_modified_time":"2026-04-14T12:37:52+00:00","og_image":[{"width":800,"height":800,"url":"https:\/\/mauritianfoodsonline.com\/wp-content\/uploads\/2024\/08\/MauritianFoods_Web-185.jpg","type":"image\/jpeg"}],"twitter_card":"summary_large_image","twitter_site":"@mauritian_foods","schema":{"@context":"https:\/\/schema.org","@graph":[{"@type":"WebPage","@id":"https:\/\/mauritianfoodsonline.com\/de\/product\/bois-cheri-individual-tea-green-tea-mint\/","url":"https:\/\/mauritianfoodsonline.com\/de\/product\/bois-cheri-individual-tea-green-tea-mint\/","name":"Mauritius-Gr\u00fcnteebeutel 25 St\u00fcck \u2013 Bois Ch\u00e9ri UK | mauritianfoodonline","isPartOf":{"@id":"https:\/\/mauritianfoodsonline.com\/#website"},"primaryImageOfPage":{"@id":"https:\/\/mauritianfoodsonline.com\/de\/product\/bois-cheri-individual-tea-green-tea-mint\/#primaryimage"},"image":{"@id":"https:\/\/mauritianfoodsonline.com\/de\/product\/bois-cheri-individual-tea-green-tea-mint\/#primaryimage"},"thumbnailUrl":"https:\/\/mauritianfoodsonline.com\/wp-content\/uploads\/2024\/08\/MauritianFoods_Web-185.jpg","datePublished":"2024-08-09T07:01:18+00:00","dateModified":"2026-04-14T12:37:52+00:00","description":"Zarte mauritische Gr\u00fcnteebeutel von Bois Ch\u00e9ri \u2013 frisch, aromatisch und perfekt f\u00fcr den t\u00e4glichen Genuss. Authentischer Geschmack und schnelle Lieferung innerhalb Gro\u00dfbritanniens. Jetzt kaufen!","breadcrumb":{"@id":"https:\/\/mauritianfoodsonline.com\/de\/product\/bois-cheri-individual-tea-green-tea-mint\/#breadcrumb"},"inLanguage":"de","potentialAction":[{"@type":"ReadAction","target":["https:\/\/mauritianfoodsonline.com\/de\/product\/bois-cheri-individual-tea-green-tea-mint\/"]}]},{"@type":"ImageObject","inLanguage":"de","@id":"https:\/\/mauritianfoodsonline.com\/de\/product\/bois-cheri-individual-tea-green-tea-mint\/#primaryimage","url":"https:\/\/mauritianfoodsonline.com\/wp-content\/uploads\/2024\/08\/MauritianFoods_Web-185.jpg","contentUrl":"https:\/\/mauritianfoodsonline.com\/wp-content\/uploads\/2024\/08\/MauritianFoods_Web-185.jpg","width":800,"height":800,"caption":"Bois Ch\u00e9ri Gr\u00fcner Tee \u2013 Authentische mauritische Gr\u00fcnteebeutel"},{"@type":"BreadcrumbList","@id":"https:\/\/mauritianfoodsonline.com\/de\/product\/bois-cheri-individual-tea-green-tea-mint\/#breadcrumb","itemListElement":[{"@type":"ListItem","position":1,"name":"Home","item":"https:\/\/mauritianfoodsonline.com\/de\/"},{"@type":"ListItem","position":2,"name":"Gesch\u00e4ft","item":"https:\/\/mauritianfoodsonline.com\/de\/geschaeft\/"},{"@type":"ListItem","position":3,"name":"Bois Cheri &#8211; Einzelportion Tee &#8211; Gr\u00fcner Tee (Minze)"}]},{"@type":"WebSite","@id":"https:\/\/mauritianfoodsonline.com\/#website","url":"https:\/\/mauritianfoodsonline.com\/","name":"Mauritian Foods Online","description":"Online","publisher":{"@id":"https:\/\/mauritianfoodsonline.com\/#organization"},"potentialAction":[{"@type":"SearchAction","target":{"@type":"EntryPoint","urlTemplate":"https:\/\/mauritianfoodsonline.com\/?s={search_term_string}"},"query-input":{"@type":"PropertyValueSpecification","valueRequired":true,"valueName":"search_term_string"}}],"inLanguage":"de"},{"@type":"Organization","@id":"https:\/\/mauritianfoodsonline.com\/#organization","name":"Mauritian Foods Online","url":"https:\/\/mauritianfoodsonline.com\/","logo":{"@type":"ImageObject","inLanguage":"de","@id":"https:\/\/mauritianfoodsonline.com\/#\/schema\/logo\/image\/","url":"https:\/\/mauritianfoodsonline.com\/wp-content\/uploads\/2024\/11\/svgviewer-png-output-1.png","contentUrl":"https:\/\/mauritianfoodsonline.com\/wp-content\/uploads\/2024\/11\/svgviewer-png-output-1.png","width":106,"height":109,"caption":"Mauritian Foods Online"},"image":{"@id":"https:\/\/mauritianfoodsonline.com\/#\/schema\/logo\/image\/"},"sameAs":["https:\/\/www.facebook.com\/mauritianfoodsonlineuk\/","https:\/\/x.com\/mauritian_foods","https:\/\/www.instagram.com\/mauritianfoodsonline\/#"]}]}},"_links":{"self":[{"href":"https:\/\/mauritianfoodsonline.com\/de\/wp-json\/wp\/v2\/product\/44109","targetHints":{"allow":["GET"]}}],"collection":[{"href":"https:\/\/mauritianfoodsonline.com\/de\/wp-json\/wp\/v2\/product"}],"about":[{"href":"https:\/\/mauritianfoodsonline.com\/de\/wp-json\/wp\/v2\/types\/product"}],"replies":[{"embeddable":true,"href":"https:\/\/mauritianfoodsonline.com\/de\/wp-json\/wp\/v2\/comments?post=44109"}],"wp:featuredmedia":[{"embeddable":true,"href":"https:\/\/mauritianfoodsonline.com\/de\/wp-json\/wp\/v2\/media\/38265"}],"wp:attachment":[{"href":"https:\/\/mauritianfoodsonline.com\/de\/wp-json\/wp\/v2\/media?parent=44109"}],"wp:term":[{"taxonomy":"special-offers","embeddable":true,"href":"https:\/\/mauritianfoodsonline.com\/de\/wp-json\/wp\/v2\/special-offers?post=44109"},{"taxonomy":"product_brand","embeddable":true,"href":"https:\/\/mauritianfoodsonline.com\/de\/wp-json\/wp\/v2\/product_brand?post=44109"},{"taxonomy":"product_cat","embeddable":true,"href":"https:\/\/mauritianfoodsonline.com\/de\/wp-json\/wp\/v2\/product_cat?post=44109"},{"taxonomy":"product_tag","embeddable":true,"href":"https:\/\/mauritianfoodsonline.com\/de\/wp-json\/wp\/v2\/product_tag?post=44109"}],"curies":[{"name":"wp","href":"https:\/\/api.w.org\/{rel}","templated":true}]}}