{"id":44175,"date":"2022-07-18T19:20:19","date_gmt":"2022-07-18T19:20:19","guid":{"rendered":"https:\/\/mauritianfoodsonline.com\/sobre-nosotras\/"},"modified":"2022-07-18T19:20:19","modified_gmt":"2022-07-18T19:20:19","slug":"sobre-nosotras","status":"publish","type":"page","link":"https:\/\/mauritianfoodsonline.com\/es\/sobre-nosotras\/","title":{"rendered":"Sobre nosotras"},"content":{"rendered":"<h2>Bienvenido a la comida mauriciana en l\u00ednea<\/h2>\n<p>Tu destino \u00fanico para aut\u00e9nticos productos gastron\u00f3micos mauricianos, entregados directamente a tu puerta. Nos apasiona llevar los vibrantes sabores y la rica herencia culinaria de Mauricio a tu cocina, sin importar en qu\u00e9 parte del mundo te encuentres. <\/p>\n<p>En nuestra tienda en l\u00ednea, ofrecemos una amplia gama de comestibles mauricianos de alta calidad que capturan la esencia de este para\u00edso tropical. Desde especias arom\u00e1ticas y frutas ex\u00f3ticas hasta salsas tradicionales y deliciosos aperitivos, hemos seleccionado una diversa selecci\u00f3n de productos que satisfar\u00e1n sus antojos de aut\u00e9ntica cocina mauriciana. <\/p>\n<p>Explora nuestros pasillos virtuales y descubre una variedad de productos b\u00e1sicos que forman la base de la cocina mauriciana. Ya sea que busques arroz basmati, lentejas, curry en polvo o encurtidos, hemos seleccionado los mejores ingredientes para que puedas recrear los sabores de Mauricio en tu propia casa. <\/p>\n<p>Nuestro compromiso con la calidad va m\u00e1s all\u00e1 de los ingredientes. Colaboramos con proveedores de renombre que comparten nuestra dedicaci\u00f3n a la autenticidad y la frescura. Cada producto se somete a rigurosos controles de calidad para garantizar que reciba solo lo mejor. Entendemos la importancia de preservar la integridad de los sabores de Mauricio, y nuestros productos reflejan nuestro firme compromiso de ofrecer una experiencia culinaria excepcional.   <\/p>\n","protected":false},"excerpt":{"rendered":"<p>Bienvenido a la comida mauriciana en l\u00ednea Tu destino \u00fanico para aut\u00e9nticos productos gastron\u00f3micos mauricianos, entregados directamente a tu puerta. Nos apasiona llevar los vibrantes sabores y la rica herencia culinaria de Mauricio a tu cocina, sin importar en qu\u00e9 parte del mundo te encuentres. En nuestra tienda en l\u00ednea, ofrecemos una amplia gama de [&hellip;]<\/p>\n","protected":false},"author":1,"featured_media":35063,"parent":0,"menu_order":0,"comment_status":"closed","ping_status":"closed","template":"page-about.php","meta":{"_acf_changed":false,"footnotes":""},"class_list":["post-44175","page","type-page","status-publish","has-post-thumbnail","hentry"],"acf":[],"yoast_head":"<!-- This site is optimized with the Yoast SEO plugin v27.3 - https:\/\/yoast.com\/product\/yoast-seo-wordpress\/ -->\n<title>Sobre nosotros - Comida mauriciana en l\u00ednea | Productos aut\u00e9nticos de Mauricio<\/title>\n<meta name=\"description\" content=\"Descubra la esencia de Mauricio con Mauritian Foods Online. Entregamos aut\u00e9nticos productos, especias e ingredientes tradicionales mauricianos a todo el mundo. \u00a1Compre ahora y disfrute del aut\u00e9ntico sabor de Mauricio!\" \/>\n<meta name=\"robots\" content=\"index, follow, max-snippet:-1, max-image-preview:large, max-video-preview:-1\" \/>\n<link rel=\"canonical\" href=\"https:\/\/mauritianfoodsonline.com\/es\/sobre-nosotras\/\" \/>\n<meta property=\"og:locale\" content=\"es_ES\" \/>\n<meta property=\"og:type\" content=\"article\" \/>\n<meta property=\"og:title\" content=\"Sobre nosotros - Comida mauriciana en l\u00ednea | Productos aut\u00e9nticos de Mauricio\" \/>\n<meta property=\"og:description\" content=\"Descubra la esencia de Mauricio con Mauritian Foods Online. Entregamos aut\u00e9nticos productos, especias e ingredientes tradicionales mauricianos a todo el mundo. \u00a1Compre ahora y disfrute del aut\u00e9ntico sabor de Mauricio!\" \/>\n<meta property=\"og:url\" content=\"https:\/\/mauritianfoodsonline.com\/es\/sobre-nosotras\/\" \/>\n<meta property=\"og:site_name\" content=\"Mauritian Foods Online\" \/>\n<meta property=\"article:publisher\" content=\"https:\/\/www.facebook.com\/mauritianfoodsonlineuk\/\" \/>\n<meta property=\"og:image\" content=\"https:\/\/mauritianfoodsonline.com\/wp-content\/uploads\/2022\/07\/abt1.jpg\" \/>\n\t<meta property=\"og:image:width\" content=\"457\" \/>\n\t<meta property=\"og:image:height\" content=\"411\" \/>\n\t<meta property=\"og:image:type\" content=\"image\/jpeg\" \/>\n<meta name=\"twitter:card\" content=\"summary_large_image\" \/>\n<meta name=\"twitter:site\" content=\"@mauritian_foods\" \/>\n<meta name=\"twitter:label1\" content=\"Tiempo de lectura\" \/>\n\t<meta name=\"twitter:data1\" content=\"1 minuto\" \/>\n<script type=\"application\/ld+json\" class=\"yoast-schema-graph\">{\"@context\":\"https:\\\/\\\/schema.org\",\"@graph\":[{\"@type\":\"WebPage\",\"@id\":\"https:\\\/\\\/mauritianfoodsonline.com\\\/es\\\/sobre-nosotras\\\/\",\"url\":\"https:\\\/\\\/mauritianfoodsonline.com\\\/es\\\/sobre-nosotras\\\/\",\"name\":\"Sobre nosotros - Comida mauriciana en l\u00ednea | Productos aut\u00e9nticos de Mauricio\",\"isPartOf\":{\"@id\":\"https:\\\/\\\/mauritianfoodsonline.com\\\/#website\"},\"primaryImageOfPage\":{\"@id\":\"https:\\\/\\\/mauritianfoodsonline.com\\\/es\\\/sobre-nosotras\\\/#primaryimage\"},\"image\":{\"@id\":\"https:\\\/\\\/mauritianfoodsonline.com\\\/es\\\/sobre-nosotras\\\/#primaryimage\"},\"thumbnailUrl\":\"https:\\\/\\\/mauritianfoodsonline.com\\\/wp-content\\\/uploads\\\/2022\\\/07\\\/abt1.jpg\",\"datePublished\":\"2022-07-18T19:20:19+00:00\",\"description\":\"Descubra la esencia de Mauricio con Mauritian Foods Online. Entregamos aut\u00e9nticos productos, especias e ingredientes tradicionales mauricianos a todo el mundo. \u00a1Compre ahora y disfrute del aut\u00e9ntico sabor de Mauricio!\",\"breadcrumb\":{\"@id\":\"https:\\\/\\\/mauritianfoodsonline.com\\\/es\\\/sobre-nosotras\\\/#breadcrumb\"},\"inLanguage\":\"es\",\"potentialAction\":[{\"@type\":\"ReadAction\",\"target\":[\"https:\\\/\\\/mauritianfoodsonline.com\\\/es\\\/sobre-nosotras\\\/\"]}]},{\"@type\":\"ImageObject\",\"inLanguage\":\"es\",\"@id\":\"https:\\\/\\\/mauritianfoodsonline.com\\\/es\\\/sobre-nosotras\\\/#primaryimage\",\"url\":\"https:\\\/\\\/mauritianfoodsonline.com\\\/wp-content\\\/uploads\\\/2022\\\/07\\\/abt1.jpg\",\"contentUrl\":\"https:\\\/\\\/mauritianfoodsonline.com\\\/wp-content\\\/uploads\\\/2022\\\/07\\\/abt1.jpg\",\"width\":457,\"height\":411},{\"@type\":\"BreadcrumbList\",\"@id\":\"https:\\\/\\\/mauritianfoodsonline.com\\\/es\\\/sobre-nosotras\\\/#breadcrumb\",\"itemListElement\":[{\"@type\":\"ListItem\",\"position\":1,\"name\":\"Home\",\"item\":\"https:\\\/\\\/mauritianfoodsonline.com\\\/es\\\/\"},{\"@type\":\"ListItem\",\"position\":2,\"name\":\"Sobre nosotras\"}]},{\"@type\":\"WebSite\",\"@id\":\"https:\\\/\\\/mauritianfoodsonline.com\\\/#website\",\"url\":\"https:\\\/\\\/mauritianfoodsonline.com\\\/\",\"name\":\"Mauritian Foods Online\",\"description\":\"Online\",\"publisher\":{\"@id\":\"https:\\\/\\\/mauritianfoodsonline.com\\\/#organization\"},\"potentialAction\":[{\"@type\":\"SearchAction\",\"target\":{\"@type\":\"EntryPoint\",\"urlTemplate\":\"https:\\\/\\\/mauritianfoodsonline.com\\\/?s={search_term_string}\"},\"query-input\":{\"@type\":\"PropertyValueSpecification\",\"valueRequired\":true,\"valueName\":\"search_term_string\"}}],\"inLanguage\":\"es\"},{\"@type\":\"Organization\",\"@id\":\"https:\\\/\\\/mauritianfoodsonline.com\\\/#organization\",\"name\":\"Mauritian Foods Online\",\"url\":\"https:\\\/\\\/mauritianfoodsonline.com\\\/\",\"logo\":{\"@type\":\"ImageObject\",\"inLanguage\":\"es\",\"@id\":\"https:\\\/\\\/mauritianfoodsonline.com\\\/#\\\/schema\\\/logo\\\/image\\\/\",\"url\":\"https:\\\/\\\/mauritianfoodsonline.com\\\/wp-content\\\/uploads\\\/2024\\\/11\\\/svgviewer-png-output-1.png\",\"contentUrl\":\"https:\\\/\\\/mauritianfoodsonline.com\\\/wp-content\\\/uploads\\\/2024\\\/11\\\/svgviewer-png-output-1.png\",\"width\":106,\"height\":109,\"caption\":\"Mauritian Foods Online\"},\"image\":{\"@id\":\"https:\\\/\\\/mauritianfoodsonline.com\\\/#\\\/schema\\\/logo\\\/image\\\/\"},\"sameAs\":[\"https:\\\/\\\/www.facebook.com\\\/mauritianfoodsonlineuk\\\/\",\"https:\\\/\\\/x.com\\\/mauritian_foods\",\"https:\\\/\\\/www.instagram.com\\\/mauritianfoodsonline\\\/#\"]}]}<\/script>\n<!-- \/ Yoast SEO plugin. -->","yoast_head_json":{"title":"Sobre nosotros - Comida mauriciana en l\u00ednea | Productos aut\u00e9nticos de Mauricio","description":"Descubra la esencia de Mauricio con Mauritian Foods Online. Entregamos aut\u00e9nticos productos, especias e ingredientes tradicionales mauricianos a todo el mundo. \u00a1Compre ahora y disfrute del aut\u00e9ntico sabor de Mauricio!","robots":{"index":"index","follow":"follow","max-snippet":"max-snippet:-1","max-image-preview":"max-image-preview:large","max-video-preview":"max-video-preview:-1"},"canonical":"https:\/\/mauritianfoodsonline.com\/es\/sobre-nosotras\/","og_locale":"es_ES","og_type":"article","og_title":"Sobre nosotros - Comida mauriciana en l\u00ednea | Productos aut\u00e9nticos de Mauricio","og_description":"Descubra la esencia de Mauricio con Mauritian Foods Online. Entregamos aut\u00e9nticos productos, especias e ingredientes tradicionales mauricianos a todo el mundo. \u00a1Compre ahora y disfrute del aut\u00e9ntico sabor de Mauricio!","og_url":"https:\/\/mauritianfoodsonline.com\/es\/sobre-nosotras\/","og_site_name":"Mauritian Foods Online","article_publisher":"https:\/\/www.facebook.com\/mauritianfoodsonlineuk\/","og_image":[{"width":457,"height":411,"url":"https:\/\/mauritianfoodsonline.com\/wp-content\/uploads\/2022\/07\/abt1.jpg","type":"image\/jpeg"}],"twitter_card":"summary_large_image","twitter_site":"@mauritian_foods","twitter_misc":{"Tiempo de lectura":"1 minuto"},"schema":{"@context":"https:\/\/schema.org","@graph":[{"@type":"WebPage","@id":"https:\/\/mauritianfoodsonline.com\/es\/sobre-nosotras\/","url":"https:\/\/mauritianfoodsonline.com\/es\/sobre-nosotras\/","name":"Sobre nosotros - Comida mauriciana en l\u00ednea | Productos aut\u00e9nticos de Mauricio","isPartOf":{"@id":"https:\/\/mauritianfoodsonline.com\/#website"},"primaryImageOfPage":{"@id":"https:\/\/mauritianfoodsonline.com\/es\/sobre-nosotras\/#primaryimage"},"image":{"@id":"https:\/\/mauritianfoodsonline.com\/es\/sobre-nosotras\/#primaryimage"},"thumbnailUrl":"https:\/\/mauritianfoodsonline.com\/wp-content\/uploads\/2022\/07\/abt1.jpg","datePublished":"2022-07-18T19:20:19+00:00","description":"Descubra la esencia de Mauricio con Mauritian Foods Online. Entregamos aut\u00e9nticos productos, especias e ingredientes tradicionales mauricianos a todo el mundo. \u00a1Compre ahora y disfrute del aut\u00e9ntico sabor de Mauricio!","breadcrumb":{"@id":"https:\/\/mauritianfoodsonline.com\/es\/sobre-nosotras\/#breadcrumb"},"inLanguage":"es","potentialAction":[{"@type":"ReadAction","target":["https:\/\/mauritianfoodsonline.com\/es\/sobre-nosotras\/"]}]},{"@type":"ImageObject","inLanguage":"es","@id":"https:\/\/mauritianfoodsonline.com\/es\/sobre-nosotras\/#primaryimage","url":"https:\/\/mauritianfoodsonline.com\/wp-content\/uploads\/2022\/07\/abt1.jpg","contentUrl":"https:\/\/mauritianfoodsonline.com\/wp-content\/uploads\/2022\/07\/abt1.jpg","width":457,"height":411},{"@type":"BreadcrumbList","@id":"https:\/\/mauritianfoodsonline.com\/es\/sobre-nosotras\/#breadcrumb","itemListElement":[{"@type":"ListItem","position":1,"name":"Home","item":"https:\/\/mauritianfoodsonline.com\/es\/"},{"@type":"ListItem","position":2,"name":"Sobre nosotras"}]},{"@type":"WebSite","@id":"https:\/\/mauritianfoodsonline.com\/#website","url":"https:\/\/mauritianfoodsonline.com\/","name":"Mauritian Foods Online","description":"Online","publisher":{"@id":"https:\/\/mauritianfoodsonline.com\/#organization"},"potentialAction":[{"@type":"SearchAction","target":{"@type":"EntryPoint","urlTemplate":"https:\/\/mauritianfoodsonline.com\/?s={search_term_string}"},"query-input":{"@type":"PropertyValueSpecification","valueRequired":true,"valueName":"search_term_string"}}],"inLanguage":"es"},{"@type":"Organization","@id":"https:\/\/mauritianfoodsonline.com\/#organization","name":"Mauritian Foods Online","url":"https:\/\/mauritianfoodsonline.com\/","logo":{"@type":"ImageObject","inLanguage":"es","@id":"https:\/\/mauritianfoodsonline.com\/#\/schema\/logo\/image\/","url":"https:\/\/mauritianfoodsonline.com\/wp-content\/uploads\/2024\/11\/svgviewer-png-output-1.png","contentUrl":"https:\/\/mauritianfoodsonline.com\/wp-content\/uploads\/2024\/11\/svgviewer-png-output-1.png","width":106,"height":109,"caption":"Mauritian Foods Online"},"image":{"@id":"https:\/\/mauritianfoodsonline.com\/#\/schema\/logo\/image\/"},"sameAs":["https:\/\/www.facebook.com\/mauritianfoodsonlineuk\/","https:\/\/x.com\/mauritian_foods","https:\/\/www.instagram.com\/mauritianfoodsonline\/#"]}]}},"_links":{"self":[{"href":"https:\/\/mauritianfoodsonline.com\/es\/wp-json\/wp\/v2\/pages\/44175","targetHints":{"allow":["GET"]}}],"collection":[{"href":"https:\/\/mauritianfoodsonline.com\/es\/wp-json\/wp\/v2\/pages"}],"about":[{"href":"https:\/\/mauritianfoodsonline.com\/es\/wp-json\/wp\/v2\/types\/page"}],"author":[{"embeddable":true,"href":"https:\/\/mauritianfoodsonline.com\/es\/wp-json\/wp\/v2\/users\/1"}],"replies":[{"embeddable":true,"href":"https:\/\/mauritianfoodsonline.com\/es\/wp-json\/wp\/v2\/comments?post=44175"}],"version-history":[{"count":0,"href":"https:\/\/mauritianfoodsonline.com\/es\/wp-json\/wp\/v2\/pages\/44175\/revisions"}],"wp:featuredmedia":[{"embeddable":true,"href":"https:\/\/mauritianfoodsonline.com\/es\/wp-json\/wp\/v2\/media\/35063"}],"wp:attachment":[{"href":"https:\/\/mauritianfoodsonline.com\/es\/wp-json\/wp\/v2\/media?parent=44175"}],"curies":[{"name":"wp","href":"https:\/\/api.w.org\/{rel}","templated":true}]}}