{"id":44272,"date":"2022-07-15T04:07:34","date_gmt":"2022-07-15T04:07:34","guid":{"rendered":"https:\/\/mauritianfoodsonline.com\/politica-de-privacidad\/"},"modified":"2025-05-07T09:22:52","modified_gmt":"2025-05-07T09:22:52","slug":"politica-de-privacidad","status":"publish","type":"page","link":"https:\/\/mauritianfoodsonline.com\/es\/politica-de-privacidad\/","title":{"rendered":"pol\u00edtica de privacidad"},"content":{"rendered":"&#13;\n<h2 class=\"wp-block-heading\">Quienes somos<\/h2>&#13;\n&#13;\n<p><strong class=\"privacy-policy-tutorial\">Hola: <\/strong>La direcci\u00f3n de nuestro sitio web es: https:\/\/mauritianfoodsonline.com<\/p>&#13;\n&#13;\n<h2 class=\"wp-block-heading\">Comprometida<\/h2>&#13;\n&#13;\n<p><strong class=\"privacy-policy-tutorial\">Para proteger su privacidad en l\u00ednea: <\/strong>Entendemos que no desea que la informaci\u00f3n personal que proporcione se distribuya indiscriminadamente. Esta pol\u00edtica explica c\u00f3mo recopilamos su informaci\u00f3n, qu\u00e9 hacemos con ella y qu\u00e9 controles tiene. <\/p>&#13;\n&#13;\n<p>Esta Pol\u00edtica de privacidad describe c\u00f3mo se recopila, utiliza y comparte su informaci\u00f3n personal cuando visita o realiza una compra en www.mauritianfoodsonline.com (el \u00abSitio\u00bb).<\/p>&#13;\n&#13;\n<h2 class=\"wp-block-heading\">Qu\u00e9 datos personales recopilamos y por qu\u00e9 los recopilamos<\/h2>&#13;\n&#13;\n<p><strong class=\"privacy-policy-tutorial\">Informaci\u00f3n del dispositivo: <\/strong>Cuando visita el Sitio, recopilamos autom\u00e1ticamente cierta informaci\u00f3n sobre su dispositivo, incluyendo informaci\u00f3n sobre su navegador web, direcci\u00f3n IP, zona horaria y algunas cookies instaladas en su dispositivo. Adem\u00e1s, mientras navega por el Sitio, recopilamos informaci\u00f3n sobre las p\u00e1ginas web o productos que visita, los sitios web o t\u00e9rminos de b\u00fasqueda que lo redireccionaron al Sitio e informaci\u00f3n sobre c\u00f3mo interact\u00faa con \u00e9l. A esta informaci\u00f3n recopilada autom\u00e1ticamente la denominamos \u00abInformaci\u00f3n del dispositivo\u00bb.  <\/p>&#13;\n<p><strong class=\"privacy-policy-tutorial\">Recopilamos informaci\u00f3n del dispositivo utilizando las siguientes tecnolog\u00edas<\/strong><\/p>&#13;\n&#13;\n<p><strong class=\"privacy-policy-tutorial\">Cookies: <\/strong>\u201cCookies\u201d are data files that are placed on your device or computer and often include an anonymous unique identifier. For more information about cookies, and how to disable cookies, visit https:\/\/www.allaboutcookies.org.<strong class=\"privacy-policy-tutorial\"><\/strong>.<\/p>&#13;\n&#13;\n<p><strong class=\"privacy-policy-tutorial\">Archivos de registro: <\/strong>Los \u201carchivos de registro\u201d rastrean las acciones que ocurren en el Sitio y recopilan datos que incluyen su direcci\u00f3n IP, tipo de navegador, proveedor de servicios de Internet, p\u00e1ginas de referencia\/salida y marcas de fecha\/hora.<\/p>&#13;\n&#13;\n<p><strong class=\"privacy-policy-tutorial\">Balizas web: <\/strong>Las \u201cbalizas web\u201d, \u201cetiquetas\u201d y \u201cp\u00edxeles\u201d son archivos electr\u00f3nicos que se utilizan para registrar informaci\u00f3n sobre c\u00f3mo navega por el Sitio.<\/p>&#13;\n<p><strong class=\"privacy-policy-tutorial\">Otras tecnolog\u00edas de seguimiento: <\/strong>Es posible que se prueben \u201cOtras tecnolog\u00edas de seguimiento\u201d de vez en cuando y se detallar\u00e1n aqu\u00ed si se implementan como un elemento permanente del sitio.<\/p>&#13;\n<p>Adem\u00e1s, cuando realiza o intenta realizar una compra a trav\u00e9s del Sitio, recopilamos cierta informaci\u00f3n suya, como su nombre, direcci\u00f3n de facturaci\u00f3n, direcci\u00f3n de env\u00edo, informaci\u00f3n de pago (incluida la de tarjeta de cr\u00e9dito, PayPal, Apple Pay y Google Pay), direcci\u00f3n de correo electr\u00f3nico y n\u00famero de tel\u00e9fono. Esta informaci\u00f3n se denomina \u00abInformaci\u00f3n del Pedido\u00bb. <\/p>&#13;\n<p>Cuando hablamos de \u201cInformaci\u00f3n personal\u201d en esta Pol\u00edtica de privacidad, nos referimos tanto a la Informaci\u00f3n del dispositivo como a la Informaci\u00f3n del pedido.<\/p>&#13;\n&#13;\n<p><strong class=\"privacy-policy-tutorial\">Contenido incrustado: <\/strong>Los art\u00edculos de este sitio pueden incluir contenido incrustado (p. ej., v\u00eddeos, im\u00e1genes, art\u00edculos, etc.). El contenido incrustado de otros sitios web se comporta exactamente igual que si el visitante hubiera visitado el otro sitio web. <\/p>&#13;\n&#13;\n<p>Estos sitios web pueden recopilar datos sobre usted, utilizar cookies, incrustar un seguimiento adicional de terceros y supervisar su interacci\u00f3n con ese contenido incrustado, incluido el seguimiento de su interacci\u00f3n con el contenido incrustado si tiene una cuenta y est\u00e1 conectado a ese sitio web.<\/p>&#13;\n&#13;\n<h2 class=\"wp-block-heading\">\u00bfC\u00f3mo utilizamos su informaci\u00f3n personal?<\/h2>&#13;\n&#13;\n<p><strong class=\"privacy-policy-tutorial\">Informaci\u00f3n del pedido: <\/strong>Utilizamos la informaci\u00f3n del pedido que recopilamos generalmente para procesar cualquier pedido realizado a trav\u00e9s del sitio (incluido el procesamiento de su informaci\u00f3n de pago, la gesti\u00f3n del env\u00edo y la entrega de facturas y\/o confirmaciones de pedido). Adem\u00e1s, utilizamos esta informaci\u00f3n del pedido para: <\/p>&#13;\n<ul>&#13;\n<li>Administer your account with us.<\/li>&#13;\n<li>Communicate with you;<\/li>&#13;\n<li>Screen our orders for potential risk or fraud and Verify and carry out financial transactions in relation to payments you make online; and<\/li>&#13;\n<li>When in line with the preferences you have shared with us, provide you with information or advertising relating to our products or services.<\/li>&#13;\n<li>Audit the downloading of data from our website.<\/li>&#13;\n<li>Improve the layout and\/or content of the pages of our website and customize them for users<\/li>&#13;\n<li>Provide you with a more personalized experience on our site.<\/li>&#13;\n<\/ul>&#13;\n<p>Utilizamos la informaci\u00f3n del dispositivo que recopilamos para ayudarnos a detectar posibles riesgos y fraudes (en particular, su direcci\u00f3n IP) y, de forma m\u00e1s general, para mejorar y optimizar nuestro sitio (por ejemplo, generando an\u00e1lisis sobre c\u00f3mo nuestros clientes navegan e interact\u00faan con el sitio, y para evaluar el \u00e9xito de nuestras campa\u00f1as de marketing y publicidad).<\/p>&#13;\n<p>Tambi\u00e9n utilizamos estos datos para reorientar la publicidad con plataformas de redes sociales como Facebook, Instagram, Twitter, Tiktok y Google Adwords. Puede optar por no recibir esta forma de publicidad comunic\u00e1ndose con nosotros directamente o mediante los mecanismos de exclusi\u00f3n de Google, Facebook, Instagram, Twitter, Tiktok utilizando los enlaces que se detallan a continuaci\u00f3n.<\/p>&#13;\n&#13;\n<h2 class=\"wp-block-heading\">Compartir su informaci\u00f3n personal<\/h2>&#13;\n&#13;\n<p><strong class=\"privacy-policy-tutorial\">Intercambio:<\/strong><\/p>&#13;\n<p>Utilizamos Google Analytics para ayudarnos a comprender c\u00f3mo nuestros clientes utilizan el Sitio; puede leer m\u00e1s sobre c\u00f3mo Google utiliza su informaci\u00f3n personal aqu\u00ed: https:\/\/www.google.com\/intl\/es\/policies\/privacy\/.<\/p>&#13;\n<p>Tambi\u00e9n puedes inhabilitar Google Analytics aqu\u00ed: https:\/\/tools.google.com\/dlpage\/gaoptout.<\/p>&#13;\n&#13;\n<h2 class=\"wp-block-heading\">Publicidad conductual<\/h2>&#13;\n&#13;\n<p><strong class=\"privacy-policy-tutorial\">Publicidad: <\/strong>Como se describi\u00f3 anteriormente, utilizamos su informaci\u00f3n personal para ofrecerle anuncios o comunicaciones de marketing espec\u00edficos que creemos que pueden ser de su inter\u00e9s. Para obtener m\u00e1s informaci\u00f3n sobre c\u00f3mo funciona la publicidad dirigida, puede visitar la p\u00e1gina educativa de la Iniciativa de Publicidad en Red (NAI) en https:\/\/www.networkadvertising.org\/understanding-online-advertising\/how-does-it-work. <\/p>&#13;\n<p>Puede optar por no recibir publicidad dirigida mediante los enlaces que aparecen a continuaci\u00f3n:<br\/>\u2013 Facebook: https:\/\/www.facebook.com\/settings\/?tab=ads<br\/>\u2013 Google: https:\/\/www.google.com\/settings\/ads\/anonymous<br\/>\u2013 Bing: https:\/\/advertise.bingads.microsoft.com\/en-us\/resources\/policies\/personalized-ads<\/p>&#13;\n<p>Adem\u00e1s, puede optar por no participar en algunos de estos servicios visitando el portal de exclusi\u00f3n voluntaria de Digital Advertising Alliance en: https:\/\/optout.aboutads.info\/.<\/p>&#13;\n&#13;\n<h2 class=\"wp-block-heading\">no rastrear<\/h2>&#13;\n&#13;\n<p><strong class=\"privacy-policy-tutorial\">Rastreadores: <\/strong>tenga en cuenta que no modificamos las pr\u00e1cticas de recopilaci\u00f3n y uso de datos de nuestro Sitio cuando vemos una se\u00f1al de No rastrear desde su navegador.<\/p>&#13;\n<h2>Tus derechos<\/h2>&#13;\n<p><strong><\/strong><\/p>&#13;\n<p><strong class=\"privacy-policy-tutorial\">Derechos: <\/strong>Si reside en Europa, tiene derecho a acceder a la informaci\u00f3n personal que conservamos sobre usted y a solicitar su correcci\u00f3n, actualizaci\u00f3n o eliminaci\u00f3n. Si desea ejercer este derecho, cont\u00e1ctenos a trav\u00e9s de la informaci\u00f3n de contacto que aparece a continuaci\u00f3n. <\/p>&#13;\n<p>Adem\u00e1s, si reside en Europa, le informamos que procesamos su informaci\u00f3n para cumplir con los contratos que tengamos con usted (por ejemplo, si realiza un pedido a trav\u00e9s del Sitio) o para perseguir nuestros intereses comerciales leg\u00edtimos mencionados anteriormente. Asimismo, tenga en cuenta que la informaci\u00f3n que nos proporcione ser\u00e1 accedida o transferida fuera de Europa, incluyendo Canad\u00e1 y Estados Unidos. <\/p>&#13;\n<h2>Retenci\u00f3n de datos<\/h2>&#13;\n<p><\/p>&#13;\n<p><strong class=\"privacy-policy-tutorial\">Retenci\u00f3n: <\/strong>cuando realiza un pedido a trav\u00e9s del Sitio, mantendremos su Informaci\u00f3n de pedido para nuestros registros a menos y hasta que nos solicite que eliminemos esta informaci\u00f3n.<\/p>&#13;\n<h2>Cambios<\/h2>&#13;\n<p><\/p>&#13;\n<p><strong class=\"privacy-policy-tutorial\">Cambios: <\/strong>Podemos actualizar esta pol\u00edtica de privacidad de vez en cuando para reflejar, por ejemplo, cambios en nuestras pr\u00e1cticas o por otras razones operativas, legales o regulatorias.<\/p>&#13;\n<h2>Menores<\/h2>&#13;\n<p><\/p>&#13;\n<p><strong class=\"privacy-policy-tutorial\">Usuarios: <\/strong>El Sitio no est\u00e1 destinado a personas menores de 16 a\u00f1os.<\/p>&#13;\n<h2>Contacta con nosotras<\/h2>&#13;\n<p><\/p>&#13;\n<p><strong class=\"privacy-policy-tutorial\">Datos de contacto:<\/strong> Para obtener m\u00e1s informaci\u00f3n sobre nuestras pr\u00e1cticas de privacidad, si tiene preguntas o si desea presentar una queja, cont\u00e1ctenos por correo electr\u00f3nico a info@mauritianfoodsonline.com o por correo postal utilizando los detalles que se proporcionan a continuaci\u00f3n:<\/p>&#13;\n<p>Comida de Mauricio en l\u00ednea<\/p>&#13;\n<p>Damini(Londres) Ltd<\/p>&#13;\n<p>N\u00famero de empresa: 10153962<\/p>&#13;\n<p>Oficial de Cumplimiento de Privacidad<\/p>&#13;\n<p>Centro comercial Edmonton Green,<\/p>&#13;\n<p>Londres, N9 0TZ,<\/p>&#13;\n<p>United Kingdom<\/p>&#13;\n","protected":false},"excerpt":{"rendered":"<p>&#13; Quienes somos &#13; &#13; Hola: La direcci\u00f3n de nuestro sitio web es: https:\/\/mauritianfoodsonline.com &#13; &#13; Comprometida &#13; &#13; Para proteger su privacidad en l\u00ednea: Entendemos que no desea que la informaci\u00f3n personal que proporcione se distribuya indiscriminadamente. Esta pol\u00edtica explica c\u00f3mo recopilamos su informaci\u00f3n, qu\u00e9 hacemos con ella y qu\u00e9 controles tiene. &#13; &#13; [&hellip;]<\/p>\n","protected":false},"author":1,"featured_media":0,"parent":0,"menu_order":0,"comment_status":"closed","ping_status":"open","template":"","meta":{"_acf_changed":false,"footnotes":""},"class_list":["post-44272","page","type-page","status-publish","hentry"],"acf":[],"yoast_head":"<!-- This site is optimized with the Yoast SEO plugin v27.3 - https:\/\/yoast.com\/product\/yoast-seo-wordpress\/ -->\n<title>pol\u00edtica de privacidad - Mauritian Foods Online<\/title>\n<meta name=\"robots\" content=\"index, follow, max-snippet:-1, max-image-preview:large, max-video-preview:-1\" \/>\n<link rel=\"canonical\" href=\"https:\/\/mauritianfoodsonline.com\/es\/politica-de-privacidad\/\" \/>\n<meta property=\"og:locale\" content=\"es_ES\" \/>\n<meta property=\"og:type\" content=\"article\" \/>\n<meta property=\"og:title\" content=\"pol\u00edtica de privacidad - Mauritian Foods Online\" \/>\n<meta property=\"og:description\" content=\"&#013; Quienes somos &#013; &#013; Hola: La direcci\u00f3n de nuestro sitio web es: https:\/\/mauritianfoodsonline.com &#013; &#013; Comprometida &#013; &#013; Para proteger su privacidad en l\u00ednea: Entendemos que no desea que la informaci\u00f3n personal que proporcione se distribuya indiscriminadamente. Esta pol\u00edtica explica c\u00f3mo recopilamos su informaci\u00f3n, qu\u00e9 hacemos con ella y qu\u00e9 controles tiene. &#013; &#013; [&hellip;]\" \/>\n<meta property=\"og:url\" content=\"https:\/\/mauritianfoodsonline.com\/es\/politica-de-privacidad\/\" \/>\n<meta property=\"og:site_name\" content=\"Mauritian Foods Online\" \/>\n<meta property=\"article:publisher\" content=\"https:\/\/www.facebook.com\/mauritianfoodsonlineuk\/\" \/>\n<meta property=\"article:modified_time\" content=\"2025-05-07T09:22:52+00:00\" \/>\n<meta property=\"og:image\" content=\"https:\/\/mauritianfoodsonline.com\/wp-content\/uploads\/2024\/12\/mauritionLogo.png\" \/>\n\t<meta property=\"og:image:width\" content=\"356\" \/>\n\t<meta property=\"og:image:height\" content=\"109\" \/>\n\t<meta property=\"og:image:type\" content=\"image\/png\" \/>\n<meta name=\"twitter:card\" content=\"summary_large_image\" \/>\n<meta name=\"twitter:site\" content=\"@mauritian_foods\" \/>\n<meta name=\"twitter:label1\" content=\"Tiempo de lectura\" \/>\n\t<meta name=\"twitter:data1\" content=\"6 minutos\" \/>\n<script type=\"application\/ld+json\" class=\"yoast-schema-graph\">{\"@context\":\"https:\\\/\\\/schema.org\",\"@graph\":[{\"@type\":\"WebPage\",\"@id\":\"https:\\\/\\\/mauritianfoodsonline.com\\\/es\\\/politica-de-privacidad\\\/\",\"url\":\"https:\\\/\\\/mauritianfoodsonline.com\\\/es\\\/politica-de-privacidad\\\/\",\"name\":\"pol\u00edtica de privacidad - Mauritian Foods Online\",\"isPartOf\":{\"@id\":\"https:\\\/\\\/mauritianfoodsonline.com\\\/#website\"},\"datePublished\":\"2022-07-15T04:07:34+00:00\",\"dateModified\":\"2025-05-07T09:22:52+00:00\",\"breadcrumb\":{\"@id\":\"https:\\\/\\\/mauritianfoodsonline.com\\\/es\\\/politica-de-privacidad\\\/#breadcrumb\"},\"inLanguage\":\"es\",\"potentialAction\":[{\"@type\":\"ReadAction\",\"target\":[\"https:\\\/\\\/mauritianfoodsonline.com\\\/es\\\/politica-de-privacidad\\\/\"]}]},{\"@type\":\"BreadcrumbList\",\"@id\":\"https:\\\/\\\/mauritianfoodsonline.com\\\/es\\\/politica-de-privacidad\\\/#breadcrumb\",\"itemListElement\":[{\"@type\":\"ListItem\",\"position\":1,\"name\":\"Home\",\"item\":\"https:\\\/\\\/mauritianfoodsonline.com\\\/es\\\/\"},{\"@type\":\"ListItem\",\"position\":2,\"name\":\"pol\u00edtica de privacidad\"}]},{\"@type\":\"WebSite\",\"@id\":\"https:\\\/\\\/mauritianfoodsonline.com\\\/#website\",\"url\":\"https:\\\/\\\/mauritianfoodsonline.com\\\/\",\"name\":\"Mauritian Foods Online\",\"description\":\"Online\",\"publisher\":{\"@id\":\"https:\\\/\\\/mauritianfoodsonline.com\\\/#organization\"},\"potentialAction\":[{\"@type\":\"SearchAction\",\"target\":{\"@type\":\"EntryPoint\",\"urlTemplate\":\"https:\\\/\\\/mauritianfoodsonline.com\\\/?s={search_term_string}\"},\"query-input\":{\"@type\":\"PropertyValueSpecification\",\"valueRequired\":true,\"valueName\":\"search_term_string\"}}],\"inLanguage\":\"es\"},{\"@type\":\"Organization\",\"@id\":\"https:\\\/\\\/mauritianfoodsonline.com\\\/#organization\",\"name\":\"Mauritian Foods Online\",\"url\":\"https:\\\/\\\/mauritianfoodsonline.com\\\/\",\"logo\":{\"@type\":\"ImageObject\",\"inLanguage\":\"es\",\"@id\":\"https:\\\/\\\/mauritianfoodsonline.com\\\/#\\\/schema\\\/logo\\\/image\\\/\",\"url\":\"https:\\\/\\\/mauritianfoodsonline.com\\\/wp-content\\\/uploads\\\/2024\\\/11\\\/svgviewer-png-output-1.png\",\"contentUrl\":\"https:\\\/\\\/mauritianfoodsonline.com\\\/wp-content\\\/uploads\\\/2024\\\/11\\\/svgviewer-png-output-1.png\",\"width\":106,\"height\":109,\"caption\":\"Mauritian Foods Online\"},\"image\":{\"@id\":\"https:\\\/\\\/mauritianfoodsonline.com\\\/#\\\/schema\\\/logo\\\/image\\\/\"},\"sameAs\":[\"https:\\\/\\\/www.facebook.com\\\/mauritianfoodsonlineuk\\\/\",\"https:\\\/\\\/x.com\\\/mauritian_foods\",\"https:\\\/\\\/www.instagram.com\\\/mauritianfoodsonline\\\/#\"]}]}<\/script>\n<!-- \/ Yoast SEO plugin. -->","yoast_head_json":{"title":"pol\u00edtica de privacidad - Mauritian Foods Online","robots":{"index":"index","follow":"follow","max-snippet":"max-snippet:-1","max-image-preview":"max-image-preview:large","max-video-preview":"max-video-preview:-1"},"canonical":"https:\/\/mauritianfoodsonline.com\/es\/politica-de-privacidad\/","og_locale":"es_ES","og_type":"article","og_title":"pol\u00edtica de privacidad - Mauritian Foods Online","og_description":"&#13; Quienes somos &#13; &#13; Hola: La direcci\u00f3n de nuestro sitio web es: https:\/\/mauritianfoodsonline.com &#13; &#13; Comprometida &#13; &#13; Para proteger su privacidad en l\u00ednea: Entendemos que no desea que la informaci\u00f3n personal que proporcione se distribuya indiscriminadamente. Esta pol\u00edtica explica c\u00f3mo recopilamos su informaci\u00f3n, qu\u00e9 hacemos con ella y qu\u00e9 controles tiene. &#13; &#13; [&hellip;]","og_url":"https:\/\/mauritianfoodsonline.com\/es\/politica-de-privacidad\/","og_site_name":"Mauritian Foods Online","article_publisher":"https:\/\/www.facebook.com\/mauritianfoodsonlineuk\/","article_modified_time":"2025-05-07T09:22:52+00:00","og_image":[{"width":356,"height":109,"url":"https:\/\/mauritianfoodsonline.com\/wp-content\/uploads\/2024\/12\/mauritionLogo.png","type":"image\/png"}],"twitter_card":"summary_large_image","twitter_site":"@mauritian_foods","twitter_misc":{"Tiempo de lectura":"6 minutos"},"schema":{"@context":"https:\/\/schema.org","@graph":[{"@type":"WebPage","@id":"https:\/\/mauritianfoodsonline.com\/es\/politica-de-privacidad\/","url":"https:\/\/mauritianfoodsonline.com\/es\/politica-de-privacidad\/","name":"pol\u00edtica de privacidad - Mauritian Foods Online","isPartOf":{"@id":"https:\/\/mauritianfoodsonline.com\/#website"},"datePublished":"2022-07-15T04:07:34+00:00","dateModified":"2025-05-07T09:22:52+00:00","breadcrumb":{"@id":"https:\/\/mauritianfoodsonline.com\/es\/politica-de-privacidad\/#breadcrumb"},"inLanguage":"es","potentialAction":[{"@type":"ReadAction","target":["https:\/\/mauritianfoodsonline.com\/es\/politica-de-privacidad\/"]}]},{"@type":"BreadcrumbList","@id":"https:\/\/mauritianfoodsonline.com\/es\/politica-de-privacidad\/#breadcrumb","itemListElement":[{"@type":"ListItem","position":1,"name":"Home","item":"https:\/\/mauritianfoodsonline.com\/es\/"},{"@type":"ListItem","position":2,"name":"pol\u00edtica de privacidad"}]},{"@type":"WebSite","@id":"https:\/\/mauritianfoodsonline.com\/#website","url":"https:\/\/mauritianfoodsonline.com\/","name":"Mauritian Foods Online","description":"Online","publisher":{"@id":"https:\/\/mauritianfoodsonline.com\/#organization"},"potentialAction":[{"@type":"SearchAction","target":{"@type":"EntryPoint","urlTemplate":"https:\/\/mauritianfoodsonline.com\/?s={search_term_string}"},"query-input":{"@type":"PropertyValueSpecification","valueRequired":true,"valueName":"search_term_string"}}],"inLanguage":"es"},{"@type":"Organization","@id":"https:\/\/mauritianfoodsonline.com\/#organization","name":"Mauritian Foods Online","url":"https:\/\/mauritianfoodsonline.com\/","logo":{"@type":"ImageObject","inLanguage":"es","@id":"https:\/\/mauritianfoodsonline.com\/#\/schema\/logo\/image\/","url":"https:\/\/mauritianfoodsonline.com\/wp-content\/uploads\/2024\/11\/svgviewer-png-output-1.png","contentUrl":"https:\/\/mauritianfoodsonline.com\/wp-content\/uploads\/2024\/11\/svgviewer-png-output-1.png","width":106,"height":109,"caption":"Mauritian Foods Online"},"image":{"@id":"https:\/\/mauritianfoodsonline.com\/#\/schema\/logo\/image\/"},"sameAs":["https:\/\/www.facebook.com\/mauritianfoodsonlineuk\/","https:\/\/x.com\/mauritian_foods","https:\/\/www.instagram.com\/mauritianfoodsonline\/#"]}]}},"_links":{"self":[{"href":"https:\/\/mauritianfoodsonline.com\/es\/wp-json\/wp\/v2\/pages\/44272","targetHints":{"allow":["GET"]}}],"collection":[{"href":"https:\/\/mauritianfoodsonline.com\/es\/wp-json\/wp\/v2\/pages"}],"about":[{"href":"https:\/\/mauritianfoodsonline.com\/es\/wp-json\/wp\/v2\/types\/page"}],"author":[{"embeddable":true,"href":"https:\/\/mauritianfoodsonline.com\/es\/wp-json\/wp\/v2\/users\/1"}],"replies":[{"embeddable":true,"href":"https:\/\/mauritianfoodsonline.com\/es\/wp-json\/wp\/v2\/comments?post=44272"}],"version-history":[{"count":1,"href":"https:\/\/mauritianfoodsonline.com\/es\/wp-json\/wp\/v2\/pages\/44272\/revisions"}],"predecessor-version":[{"id":44273,"href":"https:\/\/mauritianfoodsonline.com\/es\/wp-json\/wp\/v2\/pages\/44272\/revisions\/44273"}],"wp:attachment":[{"href":"https:\/\/mauritianfoodsonline.com\/es\/wp-json\/wp\/v2\/media?parent=44272"}],"curies":[{"name":"wp","href":"https:\/\/api.w.org\/{rel}","templated":true}]}}