{"id":41620,"date":"2024-11-27T13:13:13","date_gmt":"2024-11-27T13:13:13","guid":{"rendered":"https:\/\/mauritianfoodsonline.com\/product\/cebolleta\/"},"modified":"2025-05-07T11:25:20","modified_gmt":"2025-05-07T11:25:20","slug":"cebolleta","status":"publish","type":"product","link":"https:\/\/mauritianfoodsonline.com\/es\/product\/cebolleta\/","title":{"rendered":"Spring Onion"},"content":{"rendered":"","protected":false},"excerpt":{"rendered":"<p>Las cebolletas (tambi\u00e9n conocidas como cebollinos o cebollas de verdeo) son vegetales comestibles de diversas especies del g\u00e9nero <i>Allium<\/i>. Las cebolletas generalmente poseen un sabor m\u00e1s suave que la mayor\u00eda de las cebollas. <\/p>\n","protected":false},"featured_media":40109,"comment_status":"open","ping_status":"closed","template":"","meta":{"_acf_changed":false},"special-offers":[],"product_brand":[],"product_cat":[15],"product_tag":[357],"class_list":{"0":"post-41620","1":"product","2":"type-product","3":"status-publish","4":"has-post-thumbnail","6":"product_cat-uncategorized","7":"product_tag-curry-leaves-4","9":"first","10":"instock","11":"taxable","12":"shipping-taxable","13":"purchasable","14":"product-type-simple","15":"add-to-wishlist-before_image"},"acf":[],"yoast_head":"<!-- This site is optimized with the Yoast SEO plugin v27.3 - https:\/\/yoast.com\/product\/yoast-seo-wordpress\/ -->\n<title>Spring Onion - Mauritian Foods Online<\/title>\n<meta name=\"robots\" content=\"index, follow, max-snippet:-1, max-image-preview:large, max-video-preview:-1\" \/>\n<link rel=\"canonical\" href=\"https:\/\/mauritianfoodsonline.com\/es\/product\/cebolleta\/\" \/>\n<meta property=\"og:locale\" content=\"es_ES\" \/>\n<meta property=\"og:type\" content=\"article\" \/>\n<meta property=\"og:title\" content=\"Spring Onion - Mauritian Foods Online\" \/>\n<meta property=\"og:description\" content=\"Las cebolletas (tambi\u00e9n conocidas como cebollinos o cebollas de verdeo) son vegetales comestibles de diversas especies del g\u00e9nero Allium. Las cebolletas generalmente poseen un sabor m\u00e1s suave que la mayor\u00eda de las cebollas.\" \/>\n<meta property=\"og:url\" content=\"https:\/\/mauritianfoodsonline.com\/es\/product\/cebolleta\/\" \/>\n<meta property=\"og:site_name\" content=\"Mauritian Foods Online\" \/>\n<meta property=\"article:publisher\" content=\"https:\/\/www.facebook.com\/mauritianfoodsonlineuk\/\" \/>\n<meta property=\"article:modified_time\" content=\"2025-05-07T11:25:20+00:00\" \/>\n<meta property=\"og:image\" content=\"https:\/\/mauritianfoodsonline.com\/wp-content\/uploads\/2024\/11\/fresh-spring-onion-scallions-wood-plank-top-view-flat-lay-prepare-cooking-scaled.jpg\" \/>\n\t<meta property=\"og:image:width\" content=\"2560\" \/>\n\t<meta property=\"og:image:height\" content=\"1707\" \/>\n\t<meta property=\"og:image:type\" content=\"image\/jpeg\" \/>\n<meta name=\"twitter:card\" content=\"summary_large_image\" \/>\n<meta name=\"twitter:site\" content=\"@mauritian_foods\" \/>\n<script type=\"application\/ld+json\" class=\"yoast-schema-graph\">{\"@context\":\"https:\\\/\\\/schema.org\",\"@graph\":[{\"@type\":\"WebPage\",\"@id\":\"https:\\\/\\\/mauritianfoodsonline.com\\\/es\\\/product\\\/cebolleta\\\/\",\"url\":\"https:\\\/\\\/mauritianfoodsonline.com\\\/es\\\/product\\\/cebolleta\\\/\",\"name\":\"Spring Onion - Mauritian Foods Online\",\"isPartOf\":{\"@id\":\"https:\\\/\\\/mauritianfoodsonline.com\\\/#website\"},\"primaryImageOfPage\":{\"@id\":\"https:\\\/\\\/mauritianfoodsonline.com\\\/es\\\/product\\\/cebolleta\\\/#primaryimage\"},\"image\":{\"@id\":\"https:\\\/\\\/mauritianfoodsonline.com\\\/es\\\/product\\\/cebolleta\\\/#primaryimage\"},\"thumbnailUrl\":\"https:\\\/\\\/mauritianfoodsonline.com\\\/wp-content\\\/uploads\\\/2024\\\/11\\\/fresh-spring-onion-scallions-wood-plank-top-view-flat-lay-prepare-cooking-scaled.jpg\",\"datePublished\":\"2024-11-27T13:13:13+00:00\",\"dateModified\":\"2025-05-07T11:25:20+00:00\",\"breadcrumb\":{\"@id\":\"https:\\\/\\\/mauritianfoodsonline.com\\\/es\\\/product\\\/cebolleta\\\/#breadcrumb\"},\"inLanguage\":\"es\",\"potentialAction\":[{\"@type\":\"ReadAction\",\"target\":[\"https:\\\/\\\/mauritianfoodsonline.com\\\/es\\\/product\\\/cebolleta\\\/\"]}]},{\"@type\":\"ImageObject\",\"inLanguage\":\"es\",\"@id\":\"https:\\\/\\\/mauritianfoodsonline.com\\\/es\\\/product\\\/cebolleta\\\/#primaryimage\",\"url\":\"https:\\\/\\\/mauritianfoodsonline.com\\\/wp-content\\\/uploads\\\/2024\\\/11\\\/fresh-spring-onion-scallions-wood-plank-top-view-flat-lay-prepare-cooking-scaled.jpg\",\"contentUrl\":\"https:\\\/\\\/mauritianfoodsonline.com\\\/wp-content\\\/uploads\\\/2024\\\/11\\\/fresh-spring-onion-scallions-wood-plank-top-view-flat-lay-prepare-cooking-scaled.jpg\",\"width\":2560,\"height\":1707,\"caption\":\"Fresh spring onion on rustic wood table. Close up callions or spring onion on wood plank in top view flat lay. Prepare spring onion for cooking. Food and vegetable concept for background or wallpaper.\"},{\"@type\":\"BreadcrumbList\",\"@id\":\"https:\\\/\\\/mauritianfoodsonline.com\\\/es\\\/product\\\/cebolleta\\\/#breadcrumb\",\"itemListElement\":[{\"@type\":\"ListItem\",\"position\":1,\"name\":\"Home\",\"item\":\"https:\\\/\\\/mauritianfoodsonline.com\\\/es\\\/\"},{\"@type\":\"ListItem\",\"position\":2,\"name\":\"Tienda\",\"item\":\"https:\\\/\\\/mauritianfoodsonline.com\\\/tienda\\\/\"},{\"@type\":\"ListItem\",\"position\":3,\"name\":\"Spring Onion\"}]},{\"@type\":\"WebSite\",\"@id\":\"https:\\\/\\\/mauritianfoodsonline.com\\\/#website\",\"url\":\"https:\\\/\\\/mauritianfoodsonline.com\\\/\",\"name\":\"Mauritian Foods Online\",\"description\":\"Online\",\"publisher\":{\"@id\":\"https:\\\/\\\/mauritianfoodsonline.com\\\/#organization\"},\"potentialAction\":[{\"@type\":\"SearchAction\",\"target\":{\"@type\":\"EntryPoint\",\"urlTemplate\":\"https:\\\/\\\/mauritianfoodsonline.com\\\/?s={search_term_string}\"},\"query-input\":{\"@type\":\"PropertyValueSpecification\",\"valueRequired\":true,\"valueName\":\"search_term_string\"}}],\"inLanguage\":\"es\"},{\"@type\":\"Organization\",\"@id\":\"https:\\\/\\\/mauritianfoodsonline.com\\\/#organization\",\"name\":\"Mauritian Foods Online\",\"url\":\"https:\\\/\\\/mauritianfoodsonline.com\\\/\",\"logo\":{\"@type\":\"ImageObject\",\"inLanguage\":\"es\",\"@id\":\"https:\\\/\\\/mauritianfoodsonline.com\\\/#\\\/schema\\\/logo\\\/image\\\/\",\"url\":\"https:\\\/\\\/mauritianfoodsonline.com\\\/wp-content\\\/uploads\\\/2024\\\/11\\\/svgviewer-png-output-1.png\",\"contentUrl\":\"https:\\\/\\\/mauritianfoodsonline.com\\\/wp-content\\\/uploads\\\/2024\\\/11\\\/svgviewer-png-output-1.png\",\"width\":106,\"height\":109,\"caption\":\"Mauritian Foods Online\"},\"image\":{\"@id\":\"https:\\\/\\\/mauritianfoodsonline.com\\\/#\\\/schema\\\/logo\\\/image\\\/\"},\"sameAs\":[\"https:\\\/\\\/www.facebook.com\\\/mauritianfoodsonlineuk\\\/\",\"https:\\\/\\\/x.com\\\/mauritian_foods\",\"https:\\\/\\\/www.instagram.com\\\/mauritianfoodsonline\\\/#\"]}]}<\/script>\n<!-- \/ Yoast SEO plugin. -->","yoast_head_json":{"title":"Spring Onion - Mauritian Foods Online","robots":{"index":"index","follow":"follow","max-snippet":"max-snippet:-1","max-image-preview":"max-image-preview:large","max-video-preview":"max-video-preview:-1"},"canonical":"https:\/\/mauritianfoodsonline.com\/es\/product\/cebolleta\/","og_locale":"es_ES","og_type":"article","og_title":"Spring Onion - Mauritian Foods Online","og_description":"Las cebolletas (tambi\u00e9n conocidas como cebollinos o cebollas de verdeo) son vegetales comestibles de diversas especies del g\u00e9nero Allium. Las cebolletas generalmente poseen un sabor m\u00e1s suave que la mayor\u00eda de las cebollas.","og_url":"https:\/\/mauritianfoodsonline.com\/es\/product\/cebolleta\/","og_site_name":"Mauritian Foods Online","article_publisher":"https:\/\/www.facebook.com\/mauritianfoodsonlineuk\/","article_modified_time":"2025-05-07T11:25:20+00:00","og_image":[{"width":2560,"height":1707,"url":"https:\/\/mauritianfoodsonline.com\/wp-content\/uploads\/2024\/11\/fresh-spring-onion-scallions-wood-plank-top-view-flat-lay-prepare-cooking-scaled.jpg","type":"image\/jpeg"}],"twitter_card":"summary_large_image","twitter_site":"@mauritian_foods","schema":{"@context":"https:\/\/schema.org","@graph":[{"@type":"WebPage","@id":"https:\/\/mauritianfoodsonline.com\/es\/product\/cebolleta\/","url":"https:\/\/mauritianfoodsonline.com\/es\/product\/cebolleta\/","name":"Spring Onion - Mauritian Foods Online","isPartOf":{"@id":"https:\/\/mauritianfoodsonline.com\/#website"},"primaryImageOfPage":{"@id":"https:\/\/mauritianfoodsonline.com\/es\/product\/cebolleta\/#primaryimage"},"image":{"@id":"https:\/\/mauritianfoodsonline.com\/es\/product\/cebolleta\/#primaryimage"},"thumbnailUrl":"https:\/\/mauritianfoodsonline.com\/wp-content\/uploads\/2024\/11\/fresh-spring-onion-scallions-wood-plank-top-view-flat-lay-prepare-cooking-scaled.jpg","datePublished":"2024-11-27T13:13:13+00:00","dateModified":"2025-05-07T11:25:20+00:00","breadcrumb":{"@id":"https:\/\/mauritianfoodsonline.com\/es\/product\/cebolleta\/#breadcrumb"},"inLanguage":"es","potentialAction":[{"@type":"ReadAction","target":["https:\/\/mauritianfoodsonline.com\/es\/product\/cebolleta\/"]}]},{"@type":"ImageObject","inLanguage":"es","@id":"https:\/\/mauritianfoodsonline.com\/es\/product\/cebolleta\/#primaryimage","url":"https:\/\/mauritianfoodsonline.com\/wp-content\/uploads\/2024\/11\/fresh-spring-onion-scallions-wood-plank-top-view-flat-lay-prepare-cooking-scaled.jpg","contentUrl":"https:\/\/mauritianfoodsonline.com\/wp-content\/uploads\/2024\/11\/fresh-spring-onion-scallions-wood-plank-top-view-flat-lay-prepare-cooking-scaled.jpg","width":2560,"height":1707,"caption":"Fresh spring onion on rustic wood table. Close up callions or spring onion on wood plank in top view flat lay. Prepare spring onion for cooking. Food and vegetable concept for background or wallpaper."},{"@type":"BreadcrumbList","@id":"https:\/\/mauritianfoodsonline.com\/es\/product\/cebolleta\/#breadcrumb","itemListElement":[{"@type":"ListItem","position":1,"name":"Home","item":"https:\/\/mauritianfoodsonline.com\/es\/"},{"@type":"ListItem","position":2,"name":"Tienda","item":"https:\/\/mauritianfoodsonline.com\/tienda\/"},{"@type":"ListItem","position":3,"name":"Spring Onion"}]},{"@type":"WebSite","@id":"https:\/\/mauritianfoodsonline.com\/#website","url":"https:\/\/mauritianfoodsonline.com\/","name":"Mauritian Foods Online","description":"Online","publisher":{"@id":"https:\/\/mauritianfoodsonline.com\/#organization"},"potentialAction":[{"@type":"SearchAction","target":{"@type":"EntryPoint","urlTemplate":"https:\/\/mauritianfoodsonline.com\/?s={search_term_string}"},"query-input":{"@type":"PropertyValueSpecification","valueRequired":true,"valueName":"search_term_string"}}],"inLanguage":"es"},{"@type":"Organization","@id":"https:\/\/mauritianfoodsonline.com\/#organization","name":"Mauritian Foods Online","url":"https:\/\/mauritianfoodsonline.com\/","logo":{"@type":"ImageObject","inLanguage":"es","@id":"https:\/\/mauritianfoodsonline.com\/#\/schema\/logo\/image\/","url":"https:\/\/mauritianfoodsonline.com\/wp-content\/uploads\/2024\/11\/svgviewer-png-output-1.png","contentUrl":"https:\/\/mauritianfoodsonline.com\/wp-content\/uploads\/2024\/11\/svgviewer-png-output-1.png","width":106,"height":109,"caption":"Mauritian Foods Online"},"image":{"@id":"https:\/\/mauritianfoodsonline.com\/#\/schema\/logo\/image\/"},"sameAs":["https:\/\/www.facebook.com\/mauritianfoodsonlineuk\/","https:\/\/x.com\/mauritian_foods","https:\/\/www.instagram.com\/mauritianfoodsonline\/#"]}]}},"_links":{"self":[{"href":"https:\/\/mauritianfoodsonline.com\/es\/wp-json\/wp\/v2\/product\/41620","targetHints":{"allow":["GET"]}}],"collection":[{"href":"https:\/\/mauritianfoodsonline.com\/es\/wp-json\/wp\/v2\/product"}],"about":[{"href":"https:\/\/mauritianfoodsonline.com\/es\/wp-json\/wp\/v2\/types\/product"}],"replies":[{"embeddable":true,"href":"https:\/\/mauritianfoodsonline.com\/es\/wp-json\/wp\/v2\/comments?post=41620"}],"wp:featuredmedia":[{"embeddable":true,"href":"https:\/\/mauritianfoodsonline.com\/es\/wp-json\/wp\/v2\/media\/40109"}],"wp:attachment":[{"href":"https:\/\/mauritianfoodsonline.com\/es\/wp-json\/wp\/v2\/media?parent=41620"}],"wp:term":[{"taxonomy":"special-offers","embeddable":true,"href":"https:\/\/mauritianfoodsonline.com\/es\/wp-json\/wp\/v2\/special-offers?post=41620"},{"taxonomy":"product_brand","embeddable":true,"href":"https:\/\/mauritianfoodsonline.com\/es\/wp-json\/wp\/v2\/product_brand?post=41620"},{"taxonomy":"product_cat","embeddable":true,"href":"https:\/\/mauritianfoodsonline.com\/es\/wp-json\/wp\/v2\/product_cat?post=41620"},{"taxonomy":"product_tag","embeddable":true,"href":"https:\/\/mauritianfoodsonline.com\/es\/wp-json\/wp\/v2\/product_tag?post=41620"}],"curies":[{"name":"wp","href":"https:\/\/api.w.org\/{rel}","templated":true}]}}