{"id":44446,"date":"2024-11-23T17:12:20","date_gmt":"2024-11-23T17:12:20","guid":{"rendered":"https:\/\/mauritianfoodsonline.com\/product\/pumkin-silver\/"},"modified":"2025-09-15T11:02:16","modified_gmt":"2025-09-15T11:02:16","slug":"pumkin-silver","status":"publish","type":"product","link":"https:\/\/mauritianfoodsonline.com\/es\/product\/pumkin-silver\/","title":{"rendered":"Pumkin Silver"},"content":{"rendered":"<p>Las calabazas plateadas son apreciadas por su textura tierna y su sabor ligeramente m\u00e1s suave en comparaci\u00f3n con otras variedades de calabaza, y se usan com\u00fanmente en sopas, currys o asados. Gracias a su llamativo aspecto y delicioso sabor, tambi\u00e9n son excelentes piezas decorativas para arreglos oto\u00f1ales. Adem\u00e1s, son ricas en nutrientes como vitamina A, fibra y antioxidantes, lo que las convierte en un complemento nutritivo para cualquier comida.  <\/p>\n","protected":false},"excerpt":{"rendered":"<p>Pa\u00eds de origen<strong>:<\/strong> INDIA<\/p>\n<p>Aprox<strong>.<\/strong> 1 kg<\/p>\n<p>La calabaza plateada, a menudo conocida como \u00abSilver Bell\u00bb o \u00abSilver Sweet\u00bb, es una variedad \u00fanica de calabaza con una piel gris plateada p\u00e1lida y una textura lisa y ligeramente estriada. Suele ser m\u00e1s peque\u00f1a que las calabazas tradicionales, con forma redonda o ligeramente aplanada. Su pulpa interior es de color naranja brillante y posee un sabor dulce e intenso, ideal para cocinar, hornear y hacer tartas.  <\/p>\n","protected":false},"featured_media":40073,"comment_status":"open","ping_status":"closed","template":"","meta":{"_acf_changed":false},"special-offers":[],"product_brand":[],"product_cat":[1148,1149],"product_tag":[357],"class_list":{"0":"post-44446","1":"product","2":"type-product","3":"status-publish","4":"has-post-thumbnail","6":"product_cat-verduras","7":"product_cat-verduras-frescas","8":"product_tag-curry-leaves-4","10":"first","11":"instock","12":"taxable","13":"shipping-taxable","14":"purchasable","15":"product-type-variable","16":"add-to-wishlist-before_image"},"acf":[],"yoast_head":"<!-- This site is optimized with the Yoast SEO plugin v27.3 - https:\/\/yoast.com\/product\/yoast-seo-wordpress\/ -->\n<title>Pumkin Silver - Mauritian Foods Online<\/title>\n<meta name=\"description\" content=\"Las calabazas plateadas son apreciadas por su textura tierna y su sabor ligeramente m\u00e1s suave en comparaci\u00f3n con otras variedades de calabaza, y se usan com\u00fanmente en sopas, currys o asados. Gracias a su llamativo aspecto y delicioso sabor, tambi\u00e9n son excelentes piezas decorativas para arreglos oto\u00f1ales. Adem\u00e1s, son ricas en nutrientes como vitamina A, fibra y antioxidantes, lo que las convierte en un complemento nutritivo para cualquier comida.\" \/>\n<meta name=\"robots\" content=\"index, follow, max-snippet:-1, max-image-preview:large, max-video-preview:-1\" \/>\n<link rel=\"canonical\" href=\"https:\/\/mauritianfoodsonline.com\/es\/product\/pumkin-silver\/\" \/>\n<meta property=\"og:locale\" content=\"es_ES\" \/>\n<meta property=\"og:type\" content=\"article\" \/>\n<meta property=\"og:title\" content=\"Pumkin Silver - Mauritian Foods Online\" \/>\n<meta property=\"og:description\" content=\"Las calabazas plateadas son apreciadas por su textura tierna y su sabor ligeramente m\u00e1s suave en comparaci\u00f3n con otras variedades de calabaza, y se usan com\u00fanmente en sopas, currys o asados. Gracias a su llamativo aspecto y delicioso sabor, tambi\u00e9n son excelentes piezas decorativas para arreglos oto\u00f1ales. Adem\u00e1s, son ricas en nutrientes como vitamina A, fibra y antioxidantes, lo que las convierte en un complemento nutritivo para cualquier comida.\" \/>\n<meta property=\"og:url\" content=\"https:\/\/mauritianfoodsonline.com\/es\/product\/pumkin-silver\/\" \/>\n<meta property=\"og:site_name\" content=\"Mauritian Foods Online\" \/>\n<meta property=\"article:publisher\" content=\"https:\/\/www.facebook.com\/mauritianfoodsonlineuk\/\" \/>\n<meta property=\"article:modified_time\" content=\"2025-09-15T11:02:16+00:00\" \/>\n<meta property=\"og:image\" content=\"https:\/\/mauritianfoodsonline.com\/wp-content\/uploads\/2024\/11\/Silver-pumpkin-1.jpg\" \/>\n\t<meta property=\"og:image:width\" content=\"679\" \/>\n\t<meta property=\"og:image:height\" content=\"460\" \/>\n\t<meta property=\"og:image:type\" content=\"image\/jpeg\" \/>\n<meta name=\"twitter:card\" content=\"summary_large_image\" \/>\n<meta name=\"twitter:site\" content=\"@mauritian_foods\" \/>\n<script type=\"application\/ld+json\" class=\"yoast-schema-graph\">{\"@context\":\"https:\\\/\\\/schema.org\",\"@graph\":[{\"@type\":\"WebPage\",\"@id\":\"https:\\\/\\\/mauritianfoodsonline.com\\\/es\\\/product\\\/pumkin-silver\\\/\",\"url\":\"https:\\\/\\\/mauritianfoodsonline.com\\\/es\\\/product\\\/pumkin-silver\\\/\",\"name\":\"Pumkin Silver - Mauritian Foods Online\",\"isPartOf\":{\"@id\":\"https:\\\/\\\/mauritianfoodsonline.com\\\/#website\"},\"primaryImageOfPage\":{\"@id\":\"https:\\\/\\\/mauritianfoodsonline.com\\\/es\\\/product\\\/pumkin-silver\\\/#primaryimage\"},\"image\":{\"@id\":\"https:\\\/\\\/mauritianfoodsonline.com\\\/es\\\/product\\\/pumkin-silver\\\/#primaryimage\"},\"thumbnailUrl\":\"https:\\\/\\\/mauritianfoodsonline.com\\\/wp-content\\\/uploads\\\/2024\\\/11\\\/Silver-pumpkin-1.jpg\",\"datePublished\":\"2024-11-23T17:12:20+00:00\",\"dateModified\":\"2025-09-15T11:02:16+00:00\",\"description\":\"Las calabazas plateadas son apreciadas por su textura tierna y su sabor ligeramente m\u00e1s suave en comparaci\u00f3n con otras variedades de calabaza, y se usan com\u00fanmente en sopas, currys o asados. Gracias a su llamativo aspecto y delicioso sabor, tambi\u00e9n son excelentes piezas decorativas para arreglos oto\u00f1ales. Adem\u00e1s, son ricas en nutrientes como vitamina A, fibra y antioxidantes, lo que las convierte en un complemento nutritivo para cualquier comida.\",\"breadcrumb\":{\"@id\":\"https:\\\/\\\/mauritianfoodsonline.com\\\/es\\\/product\\\/pumkin-silver\\\/#breadcrumb\"},\"inLanguage\":\"es\",\"potentialAction\":[{\"@type\":\"ReadAction\",\"target\":[\"https:\\\/\\\/mauritianfoodsonline.com\\\/es\\\/product\\\/pumkin-silver\\\/\"]}]},{\"@type\":\"ImageObject\",\"inLanguage\":\"es\",\"@id\":\"https:\\\/\\\/mauritianfoodsonline.com\\\/es\\\/product\\\/pumkin-silver\\\/#primaryimage\",\"url\":\"https:\\\/\\\/mauritianfoodsonline.com\\\/wp-content\\\/uploads\\\/2024\\\/11\\\/Silver-pumpkin-1.jpg\",\"contentUrl\":\"https:\\\/\\\/mauritianfoodsonline.com\\\/wp-content\\\/uploads\\\/2024\\\/11\\\/Silver-pumpkin-1.jpg\",\"width\":679,\"height\":460},{\"@type\":\"BreadcrumbList\",\"@id\":\"https:\\\/\\\/mauritianfoodsonline.com\\\/es\\\/product\\\/pumkin-silver\\\/#breadcrumb\",\"itemListElement\":[{\"@type\":\"ListItem\",\"position\":1,\"name\":\"Home\",\"item\":\"https:\\\/\\\/mauritianfoodsonline.com\\\/es\\\/\"},{\"@type\":\"ListItem\",\"position\":2,\"name\":\"Tienda\",\"item\":\"https:\\\/\\\/mauritianfoodsonline.com\\\/tienda\\\/\"},{\"@type\":\"ListItem\",\"position\":3,\"name\":\"Pumkin Silver\"}]},{\"@type\":\"WebSite\",\"@id\":\"https:\\\/\\\/mauritianfoodsonline.com\\\/#website\",\"url\":\"https:\\\/\\\/mauritianfoodsonline.com\\\/\",\"name\":\"Mauritian Foods Online\",\"description\":\"Online\",\"publisher\":{\"@id\":\"https:\\\/\\\/mauritianfoodsonline.com\\\/#organization\"},\"potentialAction\":[{\"@type\":\"SearchAction\",\"target\":{\"@type\":\"EntryPoint\",\"urlTemplate\":\"https:\\\/\\\/mauritianfoodsonline.com\\\/?s={search_term_string}\"},\"query-input\":{\"@type\":\"PropertyValueSpecification\",\"valueRequired\":true,\"valueName\":\"search_term_string\"}}],\"inLanguage\":\"es\"},{\"@type\":\"Organization\",\"@id\":\"https:\\\/\\\/mauritianfoodsonline.com\\\/#organization\",\"name\":\"Mauritian Foods Online\",\"url\":\"https:\\\/\\\/mauritianfoodsonline.com\\\/\",\"logo\":{\"@type\":\"ImageObject\",\"inLanguage\":\"es\",\"@id\":\"https:\\\/\\\/mauritianfoodsonline.com\\\/#\\\/schema\\\/logo\\\/image\\\/\",\"url\":\"https:\\\/\\\/mauritianfoodsonline.com\\\/wp-content\\\/uploads\\\/2024\\\/11\\\/svgviewer-png-output-1.png\",\"contentUrl\":\"https:\\\/\\\/mauritianfoodsonline.com\\\/wp-content\\\/uploads\\\/2024\\\/11\\\/svgviewer-png-output-1.png\",\"width\":106,\"height\":109,\"caption\":\"Mauritian Foods Online\"},\"image\":{\"@id\":\"https:\\\/\\\/mauritianfoodsonline.com\\\/#\\\/schema\\\/logo\\\/image\\\/\"},\"sameAs\":[\"https:\\\/\\\/www.facebook.com\\\/mauritianfoodsonlineuk\\\/\",\"https:\\\/\\\/x.com\\\/mauritian_foods\",\"https:\\\/\\\/www.instagram.com\\\/mauritianfoodsonline\\\/#\"]}]}<\/script>\n<!-- \/ Yoast SEO plugin. -->","yoast_head_json":{"title":"Pumkin Silver - Mauritian Foods Online","description":"Las calabazas plateadas son apreciadas por su textura tierna y su sabor ligeramente m\u00e1s suave en comparaci\u00f3n con otras variedades de calabaza, y se usan com\u00fanmente en sopas, currys o asados. Gracias a su llamativo aspecto y delicioso sabor, tambi\u00e9n son excelentes piezas decorativas para arreglos oto\u00f1ales. Adem\u00e1s, son ricas en nutrientes como vitamina A, fibra y antioxidantes, lo que las convierte en un complemento nutritivo para cualquier comida.","robots":{"index":"index","follow":"follow","max-snippet":"max-snippet:-1","max-image-preview":"max-image-preview:large","max-video-preview":"max-video-preview:-1"},"canonical":"https:\/\/mauritianfoodsonline.com\/es\/product\/pumkin-silver\/","og_locale":"es_ES","og_type":"article","og_title":"Pumkin Silver - Mauritian Foods Online","og_description":"Las calabazas plateadas son apreciadas por su textura tierna y su sabor ligeramente m\u00e1s suave en comparaci\u00f3n con otras variedades de calabaza, y se usan com\u00fanmente en sopas, currys o asados. Gracias a su llamativo aspecto y delicioso sabor, tambi\u00e9n son excelentes piezas decorativas para arreglos oto\u00f1ales. Adem\u00e1s, son ricas en nutrientes como vitamina A, fibra y antioxidantes, lo que las convierte en un complemento nutritivo para cualquier comida.","og_url":"https:\/\/mauritianfoodsonline.com\/es\/product\/pumkin-silver\/","og_site_name":"Mauritian Foods Online","article_publisher":"https:\/\/www.facebook.com\/mauritianfoodsonlineuk\/","article_modified_time":"2025-09-15T11:02:16+00:00","og_image":[{"width":679,"height":460,"url":"https:\/\/mauritianfoodsonline.com\/wp-content\/uploads\/2024\/11\/Silver-pumpkin-1.jpg","type":"image\/jpeg"}],"twitter_card":"summary_large_image","twitter_site":"@mauritian_foods","schema":{"@context":"https:\/\/schema.org","@graph":[{"@type":"WebPage","@id":"https:\/\/mauritianfoodsonline.com\/es\/product\/pumkin-silver\/","url":"https:\/\/mauritianfoodsonline.com\/es\/product\/pumkin-silver\/","name":"Pumkin Silver - Mauritian Foods Online","isPartOf":{"@id":"https:\/\/mauritianfoodsonline.com\/#website"},"primaryImageOfPage":{"@id":"https:\/\/mauritianfoodsonline.com\/es\/product\/pumkin-silver\/#primaryimage"},"image":{"@id":"https:\/\/mauritianfoodsonline.com\/es\/product\/pumkin-silver\/#primaryimage"},"thumbnailUrl":"https:\/\/mauritianfoodsonline.com\/wp-content\/uploads\/2024\/11\/Silver-pumpkin-1.jpg","datePublished":"2024-11-23T17:12:20+00:00","dateModified":"2025-09-15T11:02:16+00:00","description":"Las calabazas plateadas son apreciadas por su textura tierna y su sabor ligeramente m\u00e1s suave en comparaci\u00f3n con otras variedades de calabaza, y se usan com\u00fanmente en sopas, currys o asados. Gracias a su llamativo aspecto y delicioso sabor, tambi\u00e9n son excelentes piezas decorativas para arreglos oto\u00f1ales. Adem\u00e1s, son ricas en nutrientes como vitamina A, fibra y antioxidantes, lo que las convierte en un complemento nutritivo para cualquier comida.","breadcrumb":{"@id":"https:\/\/mauritianfoodsonline.com\/es\/product\/pumkin-silver\/#breadcrumb"},"inLanguage":"es","potentialAction":[{"@type":"ReadAction","target":["https:\/\/mauritianfoodsonline.com\/es\/product\/pumkin-silver\/"]}]},{"@type":"ImageObject","inLanguage":"es","@id":"https:\/\/mauritianfoodsonline.com\/es\/product\/pumkin-silver\/#primaryimage","url":"https:\/\/mauritianfoodsonline.com\/wp-content\/uploads\/2024\/11\/Silver-pumpkin-1.jpg","contentUrl":"https:\/\/mauritianfoodsonline.com\/wp-content\/uploads\/2024\/11\/Silver-pumpkin-1.jpg","width":679,"height":460},{"@type":"BreadcrumbList","@id":"https:\/\/mauritianfoodsonline.com\/es\/product\/pumkin-silver\/#breadcrumb","itemListElement":[{"@type":"ListItem","position":1,"name":"Home","item":"https:\/\/mauritianfoodsonline.com\/es\/"},{"@type":"ListItem","position":2,"name":"Tienda","item":"https:\/\/mauritianfoodsonline.com\/tienda\/"},{"@type":"ListItem","position":3,"name":"Pumkin Silver"}]},{"@type":"WebSite","@id":"https:\/\/mauritianfoodsonline.com\/#website","url":"https:\/\/mauritianfoodsonline.com\/","name":"Mauritian Foods Online","description":"Online","publisher":{"@id":"https:\/\/mauritianfoodsonline.com\/#organization"},"potentialAction":[{"@type":"SearchAction","target":{"@type":"EntryPoint","urlTemplate":"https:\/\/mauritianfoodsonline.com\/?s={search_term_string}"},"query-input":{"@type":"PropertyValueSpecification","valueRequired":true,"valueName":"search_term_string"}}],"inLanguage":"es"},{"@type":"Organization","@id":"https:\/\/mauritianfoodsonline.com\/#organization","name":"Mauritian Foods Online","url":"https:\/\/mauritianfoodsonline.com\/","logo":{"@type":"ImageObject","inLanguage":"es","@id":"https:\/\/mauritianfoodsonline.com\/#\/schema\/logo\/image\/","url":"https:\/\/mauritianfoodsonline.com\/wp-content\/uploads\/2024\/11\/svgviewer-png-output-1.png","contentUrl":"https:\/\/mauritianfoodsonline.com\/wp-content\/uploads\/2024\/11\/svgviewer-png-output-1.png","width":106,"height":109,"caption":"Mauritian Foods Online"},"image":{"@id":"https:\/\/mauritianfoodsonline.com\/#\/schema\/logo\/image\/"},"sameAs":["https:\/\/www.facebook.com\/mauritianfoodsonlineuk\/","https:\/\/x.com\/mauritian_foods","https:\/\/www.instagram.com\/mauritianfoodsonline\/#"]}]}},"_links":{"self":[{"href":"https:\/\/mauritianfoodsonline.com\/es\/wp-json\/wp\/v2\/product\/44446","targetHints":{"allow":["GET"]}}],"collection":[{"href":"https:\/\/mauritianfoodsonline.com\/es\/wp-json\/wp\/v2\/product"}],"about":[{"href":"https:\/\/mauritianfoodsonline.com\/es\/wp-json\/wp\/v2\/types\/product"}],"replies":[{"embeddable":true,"href":"https:\/\/mauritianfoodsonline.com\/es\/wp-json\/wp\/v2\/comments?post=44446"}],"wp:featuredmedia":[{"embeddable":true,"href":"https:\/\/mauritianfoodsonline.com\/es\/wp-json\/wp\/v2\/media\/40073"}],"wp:attachment":[{"href":"https:\/\/mauritianfoodsonline.com\/es\/wp-json\/wp\/v2\/media?parent=44446"}],"wp:term":[{"taxonomy":"special-offers","embeddable":true,"href":"https:\/\/mauritianfoodsonline.com\/es\/wp-json\/wp\/v2\/special-offers?post=44446"},{"taxonomy":"product_brand","embeddable":true,"href":"https:\/\/mauritianfoodsonline.com\/es\/wp-json\/wp\/v2\/product_brand?post=44446"},{"taxonomy":"product_cat","embeddable":true,"href":"https:\/\/mauritianfoodsonline.com\/es\/wp-json\/wp\/v2\/product_cat?post=44446"},{"taxonomy":"product_tag","embeddable":true,"href":"https:\/\/mauritianfoodsonline.com\/es\/wp-json\/wp\/v2\/product_tag?post=44446"}],"curies":[{"name":"wp","href":"https:\/\/api.w.org\/{rel}","templated":true}]}}