{"id":44493,"date":"2024-11-20T09:58:06","date_gmt":"2024-11-20T09:58:06","guid":{"rendered":"https:\/\/mauritianfoodsonline.com\/product\/long-aubergine\/"},"modified":"2025-09-15T11:02:09","modified_gmt":"2025-09-15T11:02:09","slug":"long-aubergine","status":"publish","type":"product","link":"https:\/\/mauritianfoodsonline.com\/es\/product\/long-aubergine\/","title":{"rendered":"Long Aubergine"},"content":{"rendered":"<p><span>Las berenjenas largas indias, a menudo llamadas \u00abbrinjal\u00bb en India, son una variedad de berenjena t\u00edpicamente alargada y esbelta. A continuaci\u00f3n, se presentan algunas caracter\u00edsticas descriptivas: <\/span><br \/>\n<span>1. Forma y tama\u00f1o: Estas berenjenas son largas, delgadas y cil\u00edndricas, y suelen medir entre 15 y 30 cm de largo. Su piel, lisa y brillante, suele tener un tono que va del morado oscuro al verdoso m\u00e1s claro, seg\u00fan la variedad. <\/span><br \/>\n<span>2. Textura: La pulpa es firme, pero tierna al cocinarse, con una textura esponjosa y suave. La piel es fina, lo que facilita su corte y cocci\u00f3n sin necesidad de pelarla. <\/span><br \/>\n<span>3. Sabor: Las berenjenas largas indias tienen un sabor suave y ligeramente amargo cuando est\u00e1n crudas, pero una vez cocinadas, adquieren un sabor intenso, ahumado y sabroso. Esto las hace ideales para asar, fre\u00edr o incorporar a curris y guisos. <\/span><\/p>\n","protected":false},"excerpt":{"rendered":"<p>Pa\u00eds de origen: <strong>India<\/strong>\/<strong>Mauricio\/Sri Lanka\/Filipinas<\/strong><\/p>\n","protected":false},"featured_media":41411,"comment_status":"open","ping_status":"closed","template":"","meta":{"_acf_changed":false},"special-offers":[],"product_brand":[],"product_cat":[1148,1149],"product_tag":[357],"class_list":{"0":"post-44493","1":"product","2":"type-product","3":"status-publish","4":"has-post-thumbnail","6":"product_cat-verduras","7":"product_cat-verduras-frescas","8":"product_tag-curry-leaves-4","10":"first","11":"instock","12":"taxable","13":"shipping-taxable","14":"purchasable","15":"product-type-variable","16":"add-to-wishlist-before_image"},"acf":[],"yoast_head":"<!-- This site is optimized with the Yoast SEO plugin v27.3 - https:\/\/yoast.com\/product\/yoast-seo-wordpress\/ -->\n<title>Long Aubergine - Mauritian Foods Online<\/title>\n<meta name=\"robots\" content=\"index, follow, max-snippet:-1, max-image-preview:large, max-video-preview:-1\" \/>\n<link rel=\"canonical\" href=\"https:\/\/mauritianfoodsonline.com\/es\/product\/long-aubergine\/\" \/>\n<meta property=\"og:locale\" content=\"es_ES\" \/>\n<meta property=\"og:type\" content=\"article\" \/>\n<meta property=\"og:title\" content=\"Long Aubergine - Mauritian Foods Online\" \/>\n<meta property=\"og:description\" content=\"Pa\u00eds de origen: India\/Mauricio\/Sri Lanka\/Filipinas\" \/>\n<meta property=\"og:url\" content=\"https:\/\/mauritianfoodsonline.com\/es\/product\/long-aubergine\/\" \/>\n<meta property=\"og:site_name\" content=\"Mauritian Foods Online\" \/>\n<meta property=\"article:publisher\" content=\"https:\/\/www.facebook.com\/mauritianfoodsonlineuk\/\" \/>\n<meta property=\"article:modified_time\" content=\"2025-09-15T11:02:09+00:00\" \/>\n<meta property=\"og:image\" content=\"https:\/\/mauritianfoodsonline.com\/wp-content\/uploads\/2024\/11\/eggplant-slices-hardwood-table-1_11zon.png\" \/>\n\t<meta property=\"og:image:width\" content=\"1327\" \/>\n\t<meta property=\"og:image:height\" content=\"884\" \/>\n\t<meta property=\"og:image:type\" content=\"image\/png\" \/>\n<meta name=\"twitter:card\" content=\"summary_large_image\" \/>\n<meta name=\"twitter:site\" content=\"@mauritian_foods\" \/>\n<meta name=\"twitter:label1\" content=\"Tiempo de lectura\" \/>\n\t<meta name=\"twitter:data1\" content=\"1 minuto\" \/>\n<script type=\"application\/ld+json\" class=\"yoast-schema-graph\">{\"@context\":\"https:\\\/\\\/schema.org\",\"@graph\":[{\"@type\":\"WebPage\",\"@id\":\"https:\\\/\\\/mauritianfoodsonline.com\\\/es\\\/product\\\/long-aubergine\\\/\",\"url\":\"https:\\\/\\\/mauritianfoodsonline.com\\\/es\\\/product\\\/long-aubergine\\\/\",\"name\":\"Long Aubergine - Mauritian Foods Online\",\"isPartOf\":{\"@id\":\"https:\\\/\\\/mauritianfoodsonline.com\\\/#website\"},\"primaryImageOfPage\":{\"@id\":\"https:\\\/\\\/mauritianfoodsonline.com\\\/es\\\/product\\\/long-aubergine\\\/#primaryimage\"},\"image\":{\"@id\":\"https:\\\/\\\/mauritianfoodsonline.com\\\/es\\\/product\\\/long-aubergine\\\/#primaryimage\"},\"thumbnailUrl\":\"https:\\\/\\\/mauritianfoodsonline.com\\\/wp-content\\\/uploads\\\/2024\\\/11\\\/eggplant-slices-hardwood-table-1_11zon.png\",\"datePublished\":\"2024-11-20T09:58:06+00:00\",\"dateModified\":\"2025-09-15T11:02:09+00:00\",\"breadcrumb\":{\"@id\":\"https:\\\/\\\/mauritianfoodsonline.com\\\/es\\\/product\\\/long-aubergine\\\/#breadcrumb\"},\"inLanguage\":\"es\",\"potentialAction\":[{\"@type\":\"ReadAction\",\"target\":[\"https:\\\/\\\/mauritianfoodsonline.com\\\/es\\\/product\\\/long-aubergine\\\/\"]}]},{\"@type\":\"ImageObject\",\"inLanguage\":\"es\",\"@id\":\"https:\\\/\\\/mauritianfoodsonline.com\\\/es\\\/product\\\/long-aubergine\\\/#primaryimage\",\"url\":\"https:\\\/\\\/mauritianfoodsonline.com\\\/wp-content\\\/uploads\\\/2024\\\/11\\\/eggplant-slices-hardwood-table-1_11zon.png\",\"contentUrl\":\"https:\\\/\\\/mauritianfoodsonline.com\\\/wp-content\\\/uploads\\\/2024\\\/11\\\/eggplant-slices-hardwood-table-1_11zon.png\",\"width\":1327,\"height\":884},{\"@type\":\"BreadcrumbList\",\"@id\":\"https:\\\/\\\/mauritianfoodsonline.com\\\/es\\\/product\\\/long-aubergine\\\/#breadcrumb\",\"itemListElement\":[{\"@type\":\"ListItem\",\"position\":1,\"name\":\"Home\",\"item\":\"https:\\\/\\\/mauritianfoodsonline.com\\\/es\\\/\"},{\"@type\":\"ListItem\",\"position\":2,\"name\":\"Tienda\",\"item\":\"https:\\\/\\\/mauritianfoodsonline.com\\\/tienda\\\/\"},{\"@type\":\"ListItem\",\"position\":3,\"name\":\"Long Aubergine\"}]},{\"@type\":\"WebSite\",\"@id\":\"https:\\\/\\\/mauritianfoodsonline.com\\\/#website\",\"url\":\"https:\\\/\\\/mauritianfoodsonline.com\\\/\",\"name\":\"Mauritian Foods Online\",\"description\":\"Online\",\"publisher\":{\"@id\":\"https:\\\/\\\/mauritianfoodsonline.com\\\/#organization\"},\"potentialAction\":[{\"@type\":\"SearchAction\",\"target\":{\"@type\":\"EntryPoint\",\"urlTemplate\":\"https:\\\/\\\/mauritianfoodsonline.com\\\/?s={search_term_string}\"},\"query-input\":{\"@type\":\"PropertyValueSpecification\",\"valueRequired\":true,\"valueName\":\"search_term_string\"}}],\"inLanguage\":\"es\"},{\"@type\":\"Organization\",\"@id\":\"https:\\\/\\\/mauritianfoodsonline.com\\\/#organization\",\"name\":\"Mauritian Foods Online\",\"url\":\"https:\\\/\\\/mauritianfoodsonline.com\\\/\",\"logo\":{\"@type\":\"ImageObject\",\"inLanguage\":\"es\",\"@id\":\"https:\\\/\\\/mauritianfoodsonline.com\\\/#\\\/schema\\\/logo\\\/image\\\/\",\"url\":\"https:\\\/\\\/mauritianfoodsonline.com\\\/wp-content\\\/uploads\\\/2024\\\/11\\\/svgviewer-png-output-1.png\",\"contentUrl\":\"https:\\\/\\\/mauritianfoodsonline.com\\\/wp-content\\\/uploads\\\/2024\\\/11\\\/svgviewer-png-output-1.png\",\"width\":106,\"height\":109,\"caption\":\"Mauritian Foods Online\"},\"image\":{\"@id\":\"https:\\\/\\\/mauritianfoodsonline.com\\\/#\\\/schema\\\/logo\\\/image\\\/\"},\"sameAs\":[\"https:\\\/\\\/www.facebook.com\\\/mauritianfoodsonlineuk\\\/\",\"https:\\\/\\\/x.com\\\/mauritian_foods\",\"https:\\\/\\\/www.instagram.com\\\/mauritianfoodsonline\\\/#\"]}]}<\/script>\n<!-- \/ Yoast SEO plugin. -->","yoast_head_json":{"title":"Long Aubergine - Mauritian Foods Online","robots":{"index":"index","follow":"follow","max-snippet":"max-snippet:-1","max-image-preview":"max-image-preview:large","max-video-preview":"max-video-preview:-1"},"canonical":"https:\/\/mauritianfoodsonline.com\/es\/product\/long-aubergine\/","og_locale":"es_ES","og_type":"article","og_title":"Long Aubergine - Mauritian Foods Online","og_description":"Pa\u00eds de origen: India\/Mauricio\/Sri Lanka\/Filipinas","og_url":"https:\/\/mauritianfoodsonline.com\/es\/product\/long-aubergine\/","og_site_name":"Mauritian Foods Online","article_publisher":"https:\/\/www.facebook.com\/mauritianfoodsonlineuk\/","article_modified_time":"2025-09-15T11:02:09+00:00","og_image":[{"width":1327,"height":884,"url":"https:\/\/mauritianfoodsonline.com\/wp-content\/uploads\/2024\/11\/eggplant-slices-hardwood-table-1_11zon.png","type":"image\/png"}],"twitter_card":"summary_large_image","twitter_site":"@mauritian_foods","twitter_misc":{"Tiempo de lectura":"1 minuto"},"schema":{"@context":"https:\/\/schema.org","@graph":[{"@type":"WebPage","@id":"https:\/\/mauritianfoodsonline.com\/es\/product\/long-aubergine\/","url":"https:\/\/mauritianfoodsonline.com\/es\/product\/long-aubergine\/","name":"Long Aubergine - Mauritian Foods Online","isPartOf":{"@id":"https:\/\/mauritianfoodsonline.com\/#website"},"primaryImageOfPage":{"@id":"https:\/\/mauritianfoodsonline.com\/es\/product\/long-aubergine\/#primaryimage"},"image":{"@id":"https:\/\/mauritianfoodsonline.com\/es\/product\/long-aubergine\/#primaryimage"},"thumbnailUrl":"https:\/\/mauritianfoodsonline.com\/wp-content\/uploads\/2024\/11\/eggplant-slices-hardwood-table-1_11zon.png","datePublished":"2024-11-20T09:58:06+00:00","dateModified":"2025-09-15T11:02:09+00:00","breadcrumb":{"@id":"https:\/\/mauritianfoodsonline.com\/es\/product\/long-aubergine\/#breadcrumb"},"inLanguage":"es","potentialAction":[{"@type":"ReadAction","target":["https:\/\/mauritianfoodsonline.com\/es\/product\/long-aubergine\/"]}]},{"@type":"ImageObject","inLanguage":"es","@id":"https:\/\/mauritianfoodsonline.com\/es\/product\/long-aubergine\/#primaryimage","url":"https:\/\/mauritianfoodsonline.com\/wp-content\/uploads\/2024\/11\/eggplant-slices-hardwood-table-1_11zon.png","contentUrl":"https:\/\/mauritianfoodsonline.com\/wp-content\/uploads\/2024\/11\/eggplant-slices-hardwood-table-1_11zon.png","width":1327,"height":884},{"@type":"BreadcrumbList","@id":"https:\/\/mauritianfoodsonline.com\/es\/product\/long-aubergine\/#breadcrumb","itemListElement":[{"@type":"ListItem","position":1,"name":"Home","item":"https:\/\/mauritianfoodsonline.com\/es\/"},{"@type":"ListItem","position":2,"name":"Tienda","item":"https:\/\/mauritianfoodsonline.com\/tienda\/"},{"@type":"ListItem","position":3,"name":"Long Aubergine"}]},{"@type":"WebSite","@id":"https:\/\/mauritianfoodsonline.com\/#website","url":"https:\/\/mauritianfoodsonline.com\/","name":"Mauritian Foods Online","description":"Online","publisher":{"@id":"https:\/\/mauritianfoodsonline.com\/#organization"},"potentialAction":[{"@type":"SearchAction","target":{"@type":"EntryPoint","urlTemplate":"https:\/\/mauritianfoodsonline.com\/?s={search_term_string}"},"query-input":{"@type":"PropertyValueSpecification","valueRequired":true,"valueName":"search_term_string"}}],"inLanguage":"es"},{"@type":"Organization","@id":"https:\/\/mauritianfoodsonline.com\/#organization","name":"Mauritian Foods Online","url":"https:\/\/mauritianfoodsonline.com\/","logo":{"@type":"ImageObject","inLanguage":"es","@id":"https:\/\/mauritianfoodsonline.com\/#\/schema\/logo\/image\/","url":"https:\/\/mauritianfoodsonline.com\/wp-content\/uploads\/2024\/11\/svgviewer-png-output-1.png","contentUrl":"https:\/\/mauritianfoodsonline.com\/wp-content\/uploads\/2024\/11\/svgviewer-png-output-1.png","width":106,"height":109,"caption":"Mauritian Foods Online"},"image":{"@id":"https:\/\/mauritianfoodsonline.com\/#\/schema\/logo\/image\/"},"sameAs":["https:\/\/www.facebook.com\/mauritianfoodsonlineuk\/","https:\/\/x.com\/mauritian_foods","https:\/\/www.instagram.com\/mauritianfoodsonline\/#"]}]}},"_links":{"self":[{"href":"https:\/\/mauritianfoodsonline.com\/es\/wp-json\/wp\/v2\/product\/44493","targetHints":{"allow":["GET"]}}],"collection":[{"href":"https:\/\/mauritianfoodsonline.com\/es\/wp-json\/wp\/v2\/product"}],"about":[{"href":"https:\/\/mauritianfoodsonline.com\/es\/wp-json\/wp\/v2\/types\/product"}],"replies":[{"embeddable":true,"href":"https:\/\/mauritianfoodsonline.com\/es\/wp-json\/wp\/v2\/comments?post=44493"}],"wp:featuredmedia":[{"embeddable":true,"href":"https:\/\/mauritianfoodsonline.com\/es\/wp-json\/wp\/v2\/media\/41411"}],"wp:attachment":[{"href":"https:\/\/mauritianfoodsonline.com\/es\/wp-json\/wp\/v2\/media?parent=44493"}],"wp:term":[{"taxonomy":"special-offers","embeddable":true,"href":"https:\/\/mauritianfoodsonline.com\/es\/wp-json\/wp\/v2\/special-offers?post=44493"},{"taxonomy":"product_brand","embeddable":true,"href":"https:\/\/mauritianfoodsonline.com\/es\/wp-json\/wp\/v2\/product_brand?post=44493"},{"taxonomy":"product_cat","embeddable":true,"href":"https:\/\/mauritianfoodsonline.com\/es\/wp-json\/wp\/v2\/product_cat?post=44493"},{"taxonomy":"product_tag","embeddable":true,"href":"https:\/\/mauritianfoodsonline.com\/es\/wp-json\/wp\/v2\/product_tag?post=44493"}],"curies":[{"name":"wp","href":"https:\/\/api.w.org\/{rel}","templated":true}]}}