{"id":44503,"date":"2024-08-09T05:09:32","date_gmt":"2024-08-09T05:09:32","guid":{"rendered":"https:\/\/mauritianfoodsonline.com\/product\/stewards-lazzat-cutlets\/"},"modified":"2024-08-09T05:09:32","modified_gmt":"2024-08-09T05:09:32","slug":"stewards-lazzat-cutlets","status":"publish","type":"product","link":"https:\/\/mauritianfoodsonline.com\/es\/product\/stewards-lazzat-cutlets\/","title":{"rendered":"Steward\u2019s Lazzat \u2013 Cutlets"},"content":{"rendered":"<p>Todo empez\u00f3 de la nada con dos personas que se propusieron empezar algo desde cero. Hoy, su esfuerzo, dedicaci\u00f3n, compromiso y visi\u00f3n de futuro han dado sus frutos en Lazzat. <\/p>\n<p>Se eligi\u00f3 la palabra \u00abLazzat\u00bb para el negocio porque significa sabor y como dice el lema del propietario \u00abBhai Eusuf\u00bb: \u00a1todo lo que pongas en la mesa para comer debe tener buen sabor!<\/p>\n<p>Estas fant\u00e1sticas especias se pueden utilizar para hacer curry y como condimento para una variedad de platos mauricianos e indios.<\/p>\n","protected":false},"excerpt":{"rendered":"<p>Todo empez\u00f3 de la nada con dos personas que se propusieron empezar algo desde cero. Hoy, su esfuerzo, dedicaci\u00f3n, compromiso y visi\u00f3n de futuro han dado sus frutos en Lazzat. <\/p>\n<p>Se eligi\u00f3 la palabra \u00abLazzat\u00bb para el negocio porque significa sabor y como dice el lema del propietario \u00abBhai Eusuf\u00bb: \u00a1todo lo que pongas en la mesa para comer debe tener buen sabor!<\/p>\n<p>Estas fant\u00e1sticas especias se pueden utilizar para hacer curry y como condimento para una variedad de platos mauricianos e indios.<\/p>\n","protected":false},"featured_media":37991,"comment_status":"open","ping_status":"closed","template":"","meta":{"_acf_changed":false},"special-offers":[],"product_brand":[],"product_cat":[758,444,328,754],"product_tag":[],"class_list":{"0":"post-44503","1":"product","2":"type-product","3":"status-publish","4":"has-post-thumbnail","6":"product_cat-box-spices-masala-es","7":"product_cat-food-cupboard-4","8":"product_cat-mauritian-3","9":"product_cat-spices-es","10":"brand-lazzat-es","12":"first","13":"instock","14":"purchasable","15":"product-type-simple","16":"add-to-wishlist-before_image"},"acf":[],"yoast_head":"<!-- This site is optimized with the Yoast SEO plugin v27.3 - https:\/\/yoast.com\/product\/yoast-seo-wordpress\/ -->\n<title>Steward\u2019s Lazzat \u2013 Cutlets - Mauritian Foods Online<\/title>\n<meta name=\"robots\" content=\"index, follow, max-snippet:-1, max-image-preview:large, max-video-preview:-1\" \/>\n<link rel=\"canonical\" href=\"https:\/\/mauritianfoodsonline.com\/es\/product\/stewards-lazzat-cutlets\/\" \/>\n<meta property=\"og:locale\" content=\"es_ES\" \/>\n<meta property=\"og:type\" content=\"article\" \/>\n<meta property=\"og:title\" content=\"Steward\u2019s Lazzat \u2013 Cutlets - Mauritian Foods Online\" \/>\n<meta property=\"og:description\" content=\"Todo empez\u00f3 de la nada con dos personas que se propusieron empezar algo desde cero. Hoy, su esfuerzo, dedicaci\u00f3n, compromiso y visi\u00f3n de futuro han dado sus frutos en Lazzat.  Se eligi\u00f3 la palabra &quot;Lazzat&quot; para el negocio porque significa sabor y como dice el lema del propietario &quot;Bhai Eusuf&quot;: \u00a1todo lo que pongas en la mesa para comer debe tener buen sabor! Estas fant\u00e1sticas especias se pueden utilizar para hacer curry y como condimento para una variedad de platos mauricianos e indios.\" \/>\n<meta property=\"og:url\" content=\"https:\/\/mauritianfoodsonline.com\/es\/product\/stewards-lazzat-cutlets\/\" \/>\n<meta property=\"og:site_name\" content=\"Mauritian Foods Online\" \/>\n<meta property=\"article:publisher\" content=\"https:\/\/www.facebook.com\/mauritianfoodsonlineuk\/\" \/>\n<meta property=\"og:image\" content=\"https:\/\/mauritianfoodsonline.com\/wp-content\/uploads\/2024\/08\/MauritianFoods_Web-28.jpg\" \/>\n\t<meta property=\"og:image:width\" content=\"800\" \/>\n\t<meta property=\"og:image:height\" content=\"800\" \/>\n\t<meta property=\"og:image:type\" content=\"image\/jpeg\" \/>\n<meta name=\"twitter:card\" content=\"summary_large_image\" \/>\n<meta name=\"twitter:site\" content=\"@mauritian_foods\" \/>\n<script type=\"application\/ld+json\" class=\"yoast-schema-graph\">{\"@context\":\"https:\\\/\\\/schema.org\",\"@graph\":[{\"@type\":\"WebPage\",\"@id\":\"https:\\\/\\\/mauritianfoodsonline.com\\\/es\\\/product\\\/stewards-lazzat-cutlets\\\/\",\"url\":\"https:\\\/\\\/mauritianfoodsonline.com\\\/es\\\/product\\\/stewards-lazzat-cutlets\\\/\",\"name\":\"Steward\u2019s Lazzat \u2013 Cutlets - Mauritian Foods Online\",\"isPartOf\":{\"@id\":\"https:\\\/\\\/mauritianfoodsonline.com\\\/#website\"},\"primaryImageOfPage\":{\"@id\":\"https:\\\/\\\/mauritianfoodsonline.com\\\/es\\\/product\\\/stewards-lazzat-cutlets\\\/#primaryimage\"},\"image\":{\"@id\":\"https:\\\/\\\/mauritianfoodsonline.com\\\/es\\\/product\\\/stewards-lazzat-cutlets\\\/#primaryimage\"},\"thumbnailUrl\":\"https:\\\/\\\/mauritianfoodsonline.com\\\/wp-content\\\/uploads\\\/2024\\\/08\\\/MauritianFoods_Web-28.jpg\",\"datePublished\":\"2024-08-09T05:09:32+00:00\",\"breadcrumb\":{\"@id\":\"https:\\\/\\\/mauritianfoodsonline.com\\\/es\\\/product\\\/stewards-lazzat-cutlets\\\/#breadcrumb\"},\"inLanguage\":\"es\",\"potentialAction\":[{\"@type\":\"ReadAction\",\"target\":[\"https:\\\/\\\/mauritianfoodsonline.com\\\/es\\\/product\\\/stewards-lazzat-cutlets\\\/\"]}]},{\"@type\":\"ImageObject\",\"inLanguage\":\"es\",\"@id\":\"https:\\\/\\\/mauritianfoodsonline.com\\\/es\\\/product\\\/stewards-lazzat-cutlets\\\/#primaryimage\",\"url\":\"https:\\\/\\\/mauritianfoodsonline.com\\\/wp-content\\\/uploads\\\/2024\\\/08\\\/MauritianFoods_Web-28.jpg\",\"contentUrl\":\"https:\\\/\\\/mauritianfoodsonline.com\\\/wp-content\\\/uploads\\\/2024\\\/08\\\/MauritianFoods_Web-28.jpg\",\"width\":800,\"height\":800},{\"@type\":\"BreadcrumbList\",\"@id\":\"https:\\\/\\\/mauritianfoodsonline.com\\\/es\\\/product\\\/stewards-lazzat-cutlets\\\/#breadcrumb\",\"itemListElement\":[{\"@type\":\"ListItem\",\"position\":1,\"name\":\"Home\",\"item\":\"https:\\\/\\\/mauritianfoodsonline.com\\\/es\\\/\"},{\"@type\":\"ListItem\",\"position\":2,\"name\":\"Tienda\",\"item\":\"https:\\\/\\\/mauritianfoodsonline.com\\\/tienda\\\/\"},{\"@type\":\"ListItem\",\"position\":3,\"name\":\"Steward\u2019s Lazzat \u2013 Cutlets\"}]},{\"@type\":\"WebSite\",\"@id\":\"https:\\\/\\\/mauritianfoodsonline.com\\\/#website\",\"url\":\"https:\\\/\\\/mauritianfoodsonline.com\\\/\",\"name\":\"Mauritian Foods Online\",\"description\":\"Online\",\"publisher\":{\"@id\":\"https:\\\/\\\/mauritianfoodsonline.com\\\/#organization\"},\"potentialAction\":[{\"@type\":\"SearchAction\",\"target\":{\"@type\":\"EntryPoint\",\"urlTemplate\":\"https:\\\/\\\/mauritianfoodsonline.com\\\/?s={search_term_string}\"},\"query-input\":{\"@type\":\"PropertyValueSpecification\",\"valueRequired\":true,\"valueName\":\"search_term_string\"}}],\"inLanguage\":\"es\"},{\"@type\":\"Organization\",\"@id\":\"https:\\\/\\\/mauritianfoodsonline.com\\\/#organization\",\"name\":\"Mauritian Foods Online\",\"url\":\"https:\\\/\\\/mauritianfoodsonline.com\\\/\",\"logo\":{\"@type\":\"ImageObject\",\"inLanguage\":\"es\",\"@id\":\"https:\\\/\\\/mauritianfoodsonline.com\\\/#\\\/schema\\\/logo\\\/image\\\/\",\"url\":\"https:\\\/\\\/mauritianfoodsonline.com\\\/wp-content\\\/uploads\\\/2024\\\/11\\\/svgviewer-png-output-1.png\",\"contentUrl\":\"https:\\\/\\\/mauritianfoodsonline.com\\\/wp-content\\\/uploads\\\/2024\\\/11\\\/svgviewer-png-output-1.png\",\"width\":106,\"height\":109,\"caption\":\"Mauritian Foods Online\"},\"image\":{\"@id\":\"https:\\\/\\\/mauritianfoodsonline.com\\\/#\\\/schema\\\/logo\\\/image\\\/\"},\"sameAs\":[\"https:\\\/\\\/www.facebook.com\\\/mauritianfoodsonlineuk\\\/\",\"https:\\\/\\\/x.com\\\/mauritian_foods\",\"https:\\\/\\\/www.instagram.com\\\/mauritianfoodsonline\\\/#\"]}]}<\/script>\n<!-- \/ Yoast SEO plugin. -->","yoast_head_json":{"title":"Steward\u2019s Lazzat \u2013 Cutlets - Mauritian Foods Online","robots":{"index":"index","follow":"follow","max-snippet":"max-snippet:-1","max-image-preview":"max-image-preview:large","max-video-preview":"max-video-preview:-1"},"canonical":"https:\/\/mauritianfoodsonline.com\/es\/product\/stewards-lazzat-cutlets\/","og_locale":"es_ES","og_type":"article","og_title":"Steward\u2019s Lazzat \u2013 Cutlets - Mauritian Foods Online","og_description":"Todo empez\u00f3 de la nada con dos personas que se propusieron empezar algo desde cero. Hoy, su esfuerzo, dedicaci\u00f3n, compromiso y visi\u00f3n de futuro han dado sus frutos en Lazzat.  Se eligi\u00f3 la palabra \"Lazzat\" para el negocio porque significa sabor y como dice el lema del propietario \"Bhai Eusuf\": \u00a1todo lo que pongas en la mesa para comer debe tener buen sabor! Estas fant\u00e1sticas especias se pueden utilizar para hacer curry y como condimento para una variedad de platos mauricianos e indios.","og_url":"https:\/\/mauritianfoodsonline.com\/es\/product\/stewards-lazzat-cutlets\/","og_site_name":"Mauritian Foods Online","article_publisher":"https:\/\/www.facebook.com\/mauritianfoodsonlineuk\/","og_image":[{"width":800,"height":800,"url":"https:\/\/mauritianfoodsonline.com\/wp-content\/uploads\/2024\/08\/MauritianFoods_Web-28.jpg","type":"image\/jpeg"}],"twitter_card":"summary_large_image","twitter_site":"@mauritian_foods","schema":{"@context":"https:\/\/schema.org","@graph":[{"@type":"WebPage","@id":"https:\/\/mauritianfoodsonline.com\/es\/product\/stewards-lazzat-cutlets\/","url":"https:\/\/mauritianfoodsonline.com\/es\/product\/stewards-lazzat-cutlets\/","name":"Steward\u2019s Lazzat \u2013 Cutlets - Mauritian Foods Online","isPartOf":{"@id":"https:\/\/mauritianfoodsonline.com\/#website"},"primaryImageOfPage":{"@id":"https:\/\/mauritianfoodsonline.com\/es\/product\/stewards-lazzat-cutlets\/#primaryimage"},"image":{"@id":"https:\/\/mauritianfoodsonline.com\/es\/product\/stewards-lazzat-cutlets\/#primaryimage"},"thumbnailUrl":"https:\/\/mauritianfoodsonline.com\/wp-content\/uploads\/2024\/08\/MauritianFoods_Web-28.jpg","datePublished":"2024-08-09T05:09:32+00:00","breadcrumb":{"@id":"https:\/\/mauritianfoodsonline.com\/es\/product\/stewards-lazzat-cutlets\/#breadcrumb"},"inLanguage":"es","potentialAction":[{"@type":"ReadAction","target":["https:\/\/mauritianfoodsonline.com\/es\/product\/stewards-lazzat-cutlets\/"]}]},{"@type":"ImageObject","inLanguage":"es","@id":"https:\/\/mauritianfoodsonline.com\/es\/product\/stewards-lazzat-cutlets\/#primaryimage","url":"https:\/\/mauritianfoodsonline.com\/wp-content\/uploads\/2024\/08\/MauritianFoods_Web-28.jpg","contentUrl":"https:\/\/mauritianfoodsonline.com\/wp-content\/uploads\/2024\/08\/MauritianFoods_Web-28.jpg","width":800,"height":800},{"@type":"BreadcrumbList","@id":"https:\/\/mauritianfoodsonline.com\/es\/product\/stewards-lazzat-cutlets\/#breadcrumb","itemListElement":[{"@type":"ListItem","position":1,"name":"Home","item":"https:\/\/mauritianfoodsonline.com\/es\/"},{"@type":"ListItem","position":2,"name":"Tienda","item":"https:\/\/mauritianfoodsonline.com\/tienda\/"},{"@type":"ListItem","position":3,"name":"Steward\u2019s Lazzat \u2013 Cutlets"}]},{"@type":"WebSite","@id":"https:\/\/mauritianfoodsonline.com\/#website","url":"https:\/\/mauritianfoodsonline.com\/","name":"Mauritian Foods Online","description":"Online","publisher":{"@id":"https:\/\/mauritianfoodsonline.com\/#organization"},"potentialAction":[{"@type":"SearchAction","target":{"@type":"EntryPoint","urlTemplate":"https:\/\/mauritianfoodsonline.com\/?s={search_term_string}"},"query-input":{"@type":"PropertyValueSpecification","valueRequired":true,"valueName":"search_term_string"}}],"inLanguage":"es"},{"@type":"Organization","@id":"https:\/\/mauritianfoodsonline.com\/#organization","name":"Mauritian Foods Online","url":"https:\/\/mauritianfoodsonline.com\/","logo":{"@type":"ImageObject","inLanguage":"es","@id":"https:\/\/mauritianfoodsonline.com\/#\/schema\/logo\/image\/","url":"https:\/\/mauritianfoodsonline.com\/wp-content\/uploads\/2024\/11\/svgviewer-png-output-1.png","contentUrl":"https:\/\/mauritianfoodsonline.com\/wp-content\/uploads\/2024\/11\/svgviewer-png-output-1.png","width":106,"height":109,"caption":"Mauritian Foods Online"},"image":{"@id":"https:\/\/mauritianfoodsonline.com\/#\/schema\/logo\/image\/"},"sameAs":["https:\/\/www.facebook.com\/mauritianfoodsonlineuk\/","https:\/\/x.com\/mauritian_foods","https:\/\/www.instagram.com\/mauritianfoodsonline\/#"]}]}},"_links":{"self":[{"href":"https:\/\/mauritianfoodsonline.com\/es\/wp-json\/wp\/v2\/product\/44503","targetHints":{"allow":["GET"]}}],"collection":[{"href":"https:\/\/mauritianfoodsonline.com\/es\/wp-json\/wp\/v2\/product"}],"about":[{"href":"https:\/\/mauritianfoodsonline.com\/es\/wp-json\/wp\/v2\/types\/product"}],"replies":[{"embeddable":true,"href":"https:\/\/mauritianfoodsonline.com\/es\/wp-json\/wp\/v2\/comments?post=44503"}],"wp:featuredmedia":[{"embeddable":true,"href":"https:\/\/mauritianfoodsonline.com\/es\/wp-json\/wp\/v2\/media\/37991"}],"wp:attachment":[{"href":"https:\/\/mauritianfoodsonline.com\/es\/wp-json\/wp\/v2\/media?parent=44503"}],"wp:term":[{"taxonomy":"special-offers","embeddable":true,"href":"https:\/\/mauritianfoodsonline.com\/es\/wp-json\/wp\/v2\/special-offers?post=44503"},{"taxonomy":"product_brand","embeddable":true,"href":"https:\/\/mauritianfoodsonline.com\/es\/wp-json\/wp\/v2\/product_brand?post=44503"},{"taxonomy":"product_cat","embeddable":true,"href":"https:\/\/mauritianfoodsonline.com\/es\/wp-json\/wp\/v2\/product_cat?post=44503"},{"taxonomy":"product_tag","embeddable":true,"href":"https:\/\/mauritianfoodsonline.com\/es\/wp-json\/wp\/v2\/product_tag?post=44503"}],"curies":[{"name":"wp","href":"https:\/\/api.w.org\/{rel}","templated":true}]}}