{"id":41910,"date":"2022-07-15T04:07:34","date_gmt":"2022-07-15T04:07:34","guid":{"rendered":"https:\/\/mauritianfoodsonline.com\/politique-de-confidentialite\/"},"modified":"2025-04-29T08:40:53","modified_gmt":"2025-04-29T08:40:53","slug":"politique-de-confidentialite","status":"publish","type":"page","link":"https:\/\/mauritianfoodsonline.com\/fr\/politique-de-confidentialite\/","title":{"rendered":"politique de confidentialit\u00e9"},"content":{"rendered":"&#13;\n<h2 class=\"wp-block-heading\">Qui nous sommes<\/h2>&#13;\n&#13;\n<p><strong class=\"privacy-policy-tutorial\">Hello:<\/strong> L&rsquo;adresse de notre site Web est : https:\/\/mauritianfoodsonline.com<\/p>&#13;\n&#13;\n<h2 class=\"wp-block-heading\">Committed<\/h2>&#13;\n&#13;\n<p><strong class=\"privacy-policy-tutorial\">Pour prot\u00e9ger votre vie priv\u00e9e en ligne : <\/strong>Nous comprenons que vous ne souhaitiez pas que les informations personnelles que vous nous fournissez soient diffus\u00e9es sans discernement. Cette politique explique comment nous collectons vos informations, ce que nous en faisons et les contr\u00f4les dont vous disposez. <\/p>&#13;\n&#13;\n<p>Cette politique de confidentialit\u00e9 d\u00e9crit comment vos informations personnelles sont collect\u00e9es, utilis\u00e9es et partag\u00e9es lorsque vous visitez ou effectuez un achat sur www.mauritianfoodsonline.com (le \u00ab Site \u00bb).<\/p>&#13;\n&#13;\n<h2 class=\"wp-block-heading\">Quelles donn\u00e9es personnelles nous collectons et pourquoi nous les collectons<\/h2>&#13;\n&#13;\n<p><strong class=\"privacy-policy-tutorial\">Informations sur l&rsquo;appareil : <\/strong>Lorsque vous consultez le Site, nous collectons automatiquement certaines informations sur votre appareil, notamment votre navigateur web, votre adresse IP, votre fuseau horaire et certains cookies install\u00e9s sur votre appareil. De plus, lorsque vous naviguez sur le Site, nous collectons des informations sur les pages web ou les produits que vous consultez, les sites web ou les termes de recherche qui vous ont redirig\u00e9 vers le Site, ainsi que sur vos interactions avec le Site. Ces informations collect\u00e9es automatiquement sont appel\u00e9es \u00ab Informations sur l&rsquo;appareil \u00bb.  <\/p>&#13;\n<p><strong class=\"privacy-policy-tutorial\">Nous collectons des informations sur les appareils \u00e0 l&rsquo;aide des technologies suivantes<\/strong><\/p>&#13;\n&#13;\n<p><strong class=\"privacy-policy-tutorial\">Cookies: <\/strong>\u201cCookies\u201d are data files that are placed on your device or computer and often include an anonymous unique identifier. For more information about cookies, and how to disable cookies, visit https:\/\/www.allaboutcookies.org.<strong class=\"privacy-policy-tutorial\"><\/strong>.<\/p>&#13;\n&#13;\n<p><strong class=\"privacy-policy-tutorial\">Fichiers journaux : <\/strong>les \u00ab fichiers journaux \u00bb suivent les actions se produisant sur le site et collectent des donn\u00e9es, notamment votre adresse IP, le type de navigateur, le fournisseur de services Internet, les pages de renvoi\/sortie et les horodatages.<\/p>&#13;\n&#13;\n<p><strong class=\"privacy-policy-tutorial\">Balises Web : <\/strong>Les \u00ab balises Web \u00bb, les \u00ab tags \u00bb et les \u00ab pixels \u00bb sont des fichiers \u00e9lectroniques utilis\u00e9s pour enregistrer des informations sur la fa\u00e7on dont vous naviguez sur le Site.<\/p>&#13;\n<p><strong class=\"privacy-policy-tutorial\">Autres technologies de suivi : <\/strong>\u00ab D\u2019autres technologies de suivi \u00bb peuvent \u00eatre test\u00e9es de temps \u00e0 autre et seront d\u00e9taill\u00e9es ici si elles sont mises en \u0153uvre de mani\u00e8re permanente sur le site.<\/p>&#13;\n<p>De plus, lorsque vous effectuez ou tentez d&rsquo;effectuer un achat sur le Site, nous collectons certaines informations vous concernant, notamment votre nom, votre adresse de facturation, votre adresse de livraison, vos informations de paiement (carte de cr\u00e9dit, PayPal, Apple Pay, Google Pay), votre adresse e-mail et votre num\u00e9ro de t\u00e9l\u00e9phone. Ces informations sont appel\u00e9es \u00ab Informations de commande \u00bb. <\/p>&#13;\n<p>Lorsque nous parlons d\u2019\u00ab informations personnelles \u00bb dans la pr\u00e9sente politique de confidentialit\u00e9, nous parlons \u00e0 la fois d\u2019informations sur l\u2019appareil et d\u2019informations sur la commande.<\/p>&#13;\n&#13;\n<p><strong class=\"privacy-policy-tutorial\">Contenu int\u00e9gr\u00e9 : <\/strong>Les articles de ce site peuvent inclure du contenu int\u00e9gr\u00e9 (par exemple, des vid\u00e9os, des images, des articles, etc.). Le contenu int\u00e9gr\u00e9 provenant d&rsquo;autres sites web se comporte exactement de la m\u00eame mani\u00e8re que si le visiteur avait visit\u00e9 cet autre site web. <\/p>&#13;\n&#13;\n<p>Ces sites Web peuvent collecter des donn\u00e9es vous concernant, utiliser des cookies, int\u00e9grer un suivi tiers suppl\u00e9mentaire et surveiller votre interaction avec ce contenu int\u00e9gr\u00e9, y compris le suivi de votre interaction avec le contenu int\u00e9gr\u00e9 si vous avez un compte et \u00eates connect\u00e9 \u00e0 ce site Web.<\/p>&#13;\n&#13;\n<h2 class=\"wp-block-heading\">Comment utilisons-nous vos informations personnelles ?<\/h2>&#13;\n&#13;\n<p><strong class=\"privacy-policy-tutorial\">Informations de commande : <\/strong>Nous utilisons les informations de commande que nous collectons pour honorer les commandes pass\u00e9es sur le site (notamment pour traiter vos informations de paiement, organiser l&rsquo;exp\u00e9dition et vous fournir des factures et\/ou des confirmations de commande). De plus, nous utilisons ces informations pour : <\/p>&#13;\n<ul>&#13;\n<li>Administer your account with us.<\/li>&#13;\n<li>Communicate with you;<\/li>&#13;\n<li>Screen our orders for potential risk or fraud and Verify and carry out financial transactions in relation to payments you make online; and<\/li>&#13;\n<li>When in line with the preferences you have shared with us, provide you with information or advertising relating to our products or services.<\/li>&#13;\n<li>Audit the downloading of data from our website.<\/li>&#13;\n<li>Improve the layout and\/or content of the pages of our website and customize them for users<\/li>&#13;\n<li>Provide you with a more personalized experience on our site.<\/li>&#13;\n<\/ul>&#13;\n<p>Nous utilisons les informations sur les appareils que nous collectons pour nous aider \u00e0 d\u00e9tecter les risques potentiels et les fraudes (en particulier, votre adresse IP), et plus g\u00e9n\u00e9ralement pour am\u00e9liorer et optimiser notre site (par exemple, en g\u00e9n\u00e9rant des analyses sur la fa\u00e7on dont nos clients naviguent et interagissent avec le site, et pour \u00e9valuer le succ\u00e8s de nos campagnes de marketing et de publicit\u00e9).<\/p>&#13;\n<p>Nous utilisons \u00e9galement ces donn\u00e9es pour recibler la publicit\u00e9 avec les plateformes de m\u00e9dias sociaux comme Facebook, Instagram, Twitter, Tiktok et Google Adwords, vous pouvez vous d\u00e9sinscrire de cette forme de publicit\u00e9 en nous contactant directement, ou via les m\u00e9canismes de d\u00e9sinscription de Google, Facebook, Instagram, Twitter, Tiktok en utilisant les liens d\u00e9taill\u00e9s ci-dessous.<\/p>&#13;\n&#13;\n<h2 class=\"wp-block-heading\">Partage de vos informations personnelles<\/h2>&#13;\n&#13;\n<p><strong class=\"privacy-policy-tutorial\">Partage:<\/strong><\/p>&#13;\n<p>Nous utilisons Google Analytics pour nous aider \u00e0 comprendre comment nos clients utilisent le site. Vous pouvez en savoir plus sur la mani\u00e8re dont Google utilise vos informations personnelles ici : https:\/\/www.google.com\/intl\/en\/policies\/privacy\/.<\/p>&#13;\n<p>Vous pouvez \u00e9galement vous d\u00e9sinscrire de Google Analytics ici : https:\/\/tools.google.com\/dlpage\/gaoptout.<\/p>&#13;\n&#13;\n<h2 class=\"wp-block-heading\">Publicit\u00e9 comportementale<\/h2>&#13;\n&#13;\n<p><strong class=\"privacy-policy-tutorial\">Publicit\u00e9 : <\/strong>Comme d\u00e9crit ci-dessus, nous utilisons vos informations personnelles pour vous proposer des publicit\u00e9s cibl\u00e9es ou des communications marketing susceptibles de vous int\u00e9resser. Pour plus d&rsquo;informations sur le fonctionnement de la publicit\u00e9 cibl\u00e9e, consultez la page p\u00e9dagogique de la Network Advertising Initiative (\u00ab NAI \u00bb) \u00e0 l&rsquo;adresse https:\/\/www.networkadvertising.org\/understanding-online-advertising\/how-does-it-work. <\/p>&#13;\n<p>Vous pouvez d\u00e9sactiver la publicit\u00e9 cibl\u00e9e en utilisant les liens ci-dessous :<br\/>\u2013 Facebook : https:\/\/www.facebook.com\/settings\/?tab=ads<br\/>\u2013 Google : https:\/\/www.google.com\/settings\/ads\/anonymous<br\/>\u2013 Bing : https:\/\/advertise.bingads.microsoft.com\/en-us\/resources\/policies\/personalized-ads<\/p>&#13;\n<p>De plus, vous pouvez vous d\u00e9sinscrire de certains de ces services en visitant le portail de d\u00e9sinscription de la Digital Advertising Alliance \u00e0 l&rsquo;adresse : https:\/\/optout.aboutads.info\/.<\/p>&#13;\n&#13;\n<h2 class=\"wp-block-heading\">Ne pas suivre<\/h2>&#13;\n&#13;\n<p><strong class=\"privacy-policy-tutorial\">Trackers :<\/strong> Veuillez noter que nous ne modifions pas les pratiques de collecte et d\u2019utilisation des donn\u00e9es de notre site lorsque nous voyons un signal \u00ab Ne pas suivre \u00bb provenant de votre navigateur.<\/p>&#13;\n<h2>Vos droits<\/h2>&#13;\n<p><strong><\/strong><\/p>&#13;\n<p><strong class=\"privacy-policy-tutorial\">Droits : <\/strong>Si vous r\u00e9sidez en Europe, vous avez le droit d\u2019acc\u00e9der aux informations personnelles que nous d\u00e9tenons \u00e0 votre sujet et de demander leur rectification, mise \u00e0 jour ou suppression. Pour exercer ce droit, veuillez nous contacter aux coordonn\u00e9es ci-dessous. <\/p>&#13;\n<p>De plus, si vous r\u00e9sidez en Europe, nous vous informons que nous traitons vos informations afin d&rsquo;ex\u00e9cuter les contrats que nous pourrions avoir avec vous (par exemple, si vous passez une commande sur le Site), ou pour poursuivre nos int\u00e9r\u00eats commerciaux l\u00e9gitimes mentionn\u00e9s ci-dessus. De plus, veuillez noter que les informations que vous nous fournissez seront consult\u00e9es et\/ou transf\u00e9r\u00e9es hors d&rsquo;Europe, notamment au Canada et aux \u00c9tats-Unis. <\/p>&#13;\n<h2>Conservation des donn\u00e9es<\/h2>&#13;\n<p><\/p>&#13;\n<p><strong class=\"privacy-policy-tutorial\">Conservation : <\/strong>Lorsque vous passez une commande via le Site, nous conserverons vos informations de commande dans nos archives, sauf si et jusqu&rsquo;\u00e0 ce que vous nous demandiez de supprimer ces informations.<\/p>&#13;\n<h2>Changements<\/h2>&#13;\n<p><\/p>&#13;\n<p><strong class=\"privacy-policy-tutorial\">Modifications : <\/strong>Nous pouvons mettre \u00e0 jour cette politique de confidentialit\u00e9 de temps \u00e0 autre afin de refl\u00e9ter, par exemple, des changements dans nos pratiques ou pour d&rsquo;autres raisons op\u00e9rationnelles, l\u00e9gales ou r\u00e9glementaires.<\/p>&#13;\n<h2>Mineures<\/h2>&#13;\n<p><\/p>&#13;\n<p><strong class=\"privacy-policy-tutorial\">Utilisateurs : <\/strong>Le Site n\u2019est pas destin\u00e9 aux personnes de moins de 16 ans.<\/p>&#13;\n<h2>Contactez-nous<\/h2>&#13;\n<p><\/p>&#13;\n<p><strong class=\"privacy-policy-tutorial\">Coordonn\u00e9es : <\/strong>Pour plus d&rsquo;informations sur nos pratiques de confidentialit\u00e9, si vous avez des questions ou si vous souhaitez d\u00e9poser une plainte, veuillez nous contacter par e-mail \u00e0 info@mauritianfoodsonline.com ou par courrier en utilisant les coordonn\u00e9es fournies ci-dessous :<\/p>&#13;\n<p>Marqueurs dans la phrase1<\/p>&#13;\n<p>Damini (Londres) Ltd<\/p>&#13;\n<p>Num\u00e9ro d&rsquo;entreprise : 10153962<\/p>&#13;\n<p>Responsable de la conformit\u00e9 \u00e0 la confidentialit\u00e9<\/p>&#13;\n<p>Centre commercial Edmonton Green,<\/p>&#13;\n<p>Londres, N9 0TZ,<\/p>&#13;\n<p>Royaume-Uni<\/p>&#13;\n","protected":false},"excerpt":{"rendered":"<p>&#13; Qui nous sommes &#13; &#13; Hello: L&rsquo;adresse de notre site Web est : https:\/\/mauritianfoodsonline.com &#13; &#13; Committed &#13; &#13; Pour prot\u00e9ger votre vie priv\u00e9e en ligne : Nous comprenons que vous ne souhaitiez pas que les informations personnelles que vous nous fournissez soient diffus\u00e9es sans discernement. Cette politique explique comment nous collectons vos informations, [&hellip;]<\/p>\n","protected":false},"author":1,"featured_media":0,"parent":0,"menu_order":0,"comment_status":"closed","ping_status":"open","template":"","meta":{"_acf_changed":false,"footnotes":""},"class_list":["post-41910","page","type-page","status-publish","hentry"],"acf":[],"yoast_head":"<!-- This site is optimized with the Yoast SEO plugin v27.3 - https:\/\/yoast.com\/product\/yoast-seo-wordpress\/ -->\n<title>politique de confidentialit\u00e9 - Mauritian Foods Online<\/title>\n<meta name=\"robots\" content=\"index, follow, max-snippet:-1, max-image-preview:large, max-video-preview:-1\" \/>\n<link rel=\"canonical\" href=\"https:\/\/mauritianfoodsonline.com\/fr\/politique-de-confidentialite\/\" \/>\n<meta property=\"og:locale\" content=\"fr_FR\" \/>\n<meta property=\"og:type\" content=\"article\" \/>\n<meta property=\"og:title\" content=\"politique de confidentialit\u00e9 - Mauritian Foods Online\" \/>\n<meta property=\"og:description\" content=\"&#013; Qui nous sommes &#013; &#013; Hello: L&rsquo;adresse de notre site Web est : https:\/\/mauritianfoodsonline.com &#013; &#013; Committed &#013; &#013; Pour prot\u00e9ger votre vie priv\u00e9e en ligne : Nous comprenons que vous ne souhaitiez pas que les informations personnelles que vous nous fournissez soient diffus\u00e9es sans discernement. Cette politique explique comment nous collectons vos informations, [&hellip;]\" \/>\n<meta property=\"og:url\" content=\"https:\/\/mauritianfoodsonline.com\/fr\/politique-de-confidentialite\/\" \/>\n<meta property=\"og:site_name\" content=\"Mauritian Foods Online\" \/>\n<meta property=\"article:publisher\" content=\"https:\/\/www.facebook.com\/mauritianfoodsonlineuk\/\" \/>\n<meta property=\"article:modified_time\" content=\"2025-04-29T08:40:53+00:00\" \/>\n<meta property=\"og:image\" content=\"https:\/\/mauritianfoodsonline.com\/wp-content\/uploads\/2024\/12\/mauritionLogo.png\" \/>\n\t<meta property=\"og:image:width\" content=\"356\" \/>\n\t<meta property=\"og:image:height\" content=\"109\" \/>\n\t<meta property=\"og:image:type\" content=\"image\/png\" \/>\n<meta name=\"twitter:card\" content=\"summary_large_image\" \/>\n<meta name=\"twitter:site\" content=\"@mauritian_foods\" \/>\n<meta name=\"twitter:label1\" content=\"Dur\u00e9e de lecture estim\u00e9e\" \/>\n\t<meta name=\"twitter:data1\" content=\"7 minutes\" \/>\n<script type=\"application\/ld+json\" class=\"yoast-schema-graph\">{\"@context\":\"https:\\\/\\\/schema.org\",\"@graph\":[{\"@type\":\"WebPage\",\"@id\":\"https:\\\/\\\/mauritianfoodsonline.com\\\/fr\\\/politique-de-confidentialite\\\/\",\"url\":\"https:\\\/\\\/mauritianfoodsonline.com\\\/fr\\\/politique-de-confidentialite\\\/\",\"name\":\"politique de confidentialit\u00e9 - Mauritian Foods Online\",\"isPartOf\":{\"@id\":\"https:\\\/\\\/mauritianfoodsonline.com\\\/#website\"},\"datePublished\":\"2022-07-15T04:07:34+00:00\",\"dateModified\":\"2025-04-29T08:40:53+00:00\",\"breadcrumb\":{\"@id\":\"https:\\\/\\\/mauritianfoodsonline.com\\\/fr\\\/politique-de-confidentialite\\\/#breadcrumb\"},\"inLanguage\":\"fr-FR\",\"potentialAction\":[{\"@type\":\"ReadAction\",\"target\":[\"https:\\\/\\\/mauritianfoodsonline.com\\\/fr\\\/politique-de-confidentialite\\\/\"]}]},{\"@type\":\"BreadcrumbList\",\"@id\":\"https:\\\/\\\/mauritianfoodsonline.com\\\/fr\\\/politique-de-confidentialite\\\/#breadcrumb\",\"itemListElement\":[{\"@type\":\"ListItem\",\"position\":1,\"name\":\"Home\",\"item\":\"https:\\\/\\\/mauritianfoodsonline.com\\\/fr\\\/\"},{\"@type\":\"ListItem\",\"position\":2,\"name\":\"politique de confidentialit\u00e9\"}]},{\"@type\":\"WebSite\",\"@id\":\"https:\\\/\\\/mauritianfoodsonline.com\\\/#website\",\"url\":\"https:\\\/\\\/mauritianfoodsonline.com\\\/\",\"name\":\"Mauritian Foods Online\",\"description\":\"Online\",\"publisher\":{\"@id\":\"https:\\\/\\\/mauritianfoodsonline.com\\\/#organization\"},\"potentialAction\":[{\"@type\":\"SearchAction\",\"target\":{\"@type\":\"EntryPoint\",\"urlTemplate\":\"https:\\\/\\\/mauritianfoodsonline.com\\\/?s={search_term_string}\"},\"query-input\":{\"@type\":\"PropertyValueSpecification\",\"valueRequired\":true,\"valueName\":\"search_term_string\"}}],\"inLanguage\":\"fr-FR\"},{\"@type\":\"Organization\",\"@id\":\"https:\\\/\\\/mauritianfoodsonline.com\\\/#organization\",\"name\":\"Mauritian Foods Online\",\"url\":\"https:\\\/\\\/mauritianfoodsonline.com\\\/\",\"logo\":{\"@type\":\"ImageObject\",\"inLanguage\":\"fr-FR\",\"@id\":\"https:\\\/\\\/mauritianfoodsonline.com\\\/#\\\/schema\\\/logo\\\/image\\\/\",\"url\":\"https:\\\/\\\/mauritianfoodsonline.com\\\/wp-content\\\/uploads\\\/2024\\\/11\\\/svgviewer-png-output-1.png\",\"contentUrl\":\"https:\\\/\\\/mauritianfoodsonline.com\\\/wp-content\\\/uploads\\\/2024\\\/11\\\/svgviewer-png-output-1.png\",\"width\":106,\"height\":109,\"caption\":\"Mauritian Foods Online\"},\"image\":{\"@id\":\"https:\\\/\\\/mauritianfoodsonline.com\\\/#\\\/schema\\\/logo\\\/image\\\/\"},\"sameAs\":[\"https:\\\/\\\/www.facebook.com\\\/mauritianfoodsonlineuk\\\/\",\"https:\\\/\\\/x.com\\\/mauritian_foods\",\"https:\\\/\\\/www.instagram.com\\\/mauritianfoodsonline\\\/#\"]}]}<\/script>\n<!-- \/ Yoast SEO plugin. -->","yoast_head_json":{"title":"politique de confidentialit\u00e9 - Mauritian Foods Online","robots":{"index":"index","follow":"follow","max-snippet":"max-snippet:-1","max-image-preview":"max-image-preview:large","max-video-preview":"max-video-preview:-1"},"canonical":"https:\/\/mauritianfoodsonline.com\/fr\/politique-de-confidentialite\/","og_locale":"fr_FR","og_type":"article","og_title":"politique de confidentialit\u00e9 - Mauritian Foods Online","og_description":"&#13; Qui nous sommes &#13; &#13; Hello: L&rsquo;adresse de notre site Web est : https:\/\/mauritianfoodsonline.com &#13; &#13; Committed &#13; &#13; Pour prot\u00e9ger votre vie priv\u00e9e en ligne : Nous comprenons que vous ne souhaitiez pas que les informations personnelles que vous nous fournissez soient diffus\u00e9es sans discernement. Cette politique explique comment nous collectons vos informations, [&hellip;]","og_url":"https:\/\/mauritianfoodsonline.com\/fr\/politique-de-confidentialite\/","og_site_name":"Mauritian Foods Online","article_publisher":"https:\/\/www.facebook.com\/mauritianfoodsonlineuk\/","article_modified_time":"2025-04-29T08:40:53+00:00","og_image":[{"width":356,"height":109,"url":"https:\/\/mauritianfoodsonline.com\/wp-content\/uploads\/2024\/12\/mauritionLogo.png","type":"image\/png"}],"twitter_card":"summary_large_image","twitter_site":"@mauritian_foods","twitter_misc":{"Dur\u00e9e de lecture estim\u00e9e":"7 minutes"},"schema":{"@context":"https:\/\/schema.org","@graph":[{"@type":"WebPage","@id":"https:\/\/mauritianfoodsonline.com\/fr\/politique-de-confidentialite\/","url":"https:\/\/mauritianfoodsonline.com\/fr\/politique-de-confidentialite\/","name":"politique de confidentialit\u00e9 - Mauritian Foods Online","isPartOf":{"@id":"https:\/\/mauritianfoodsonline.com\/#website"},"datePublished":"2022-07-15T04:07:34+00:00","dateModified":"2025-04-29T08:40:53+00:00","breadcrumb":{"@id":"https:\/\/mauritianfoodsonline.com\/fr\/politique-de-confidentialite\/#breadcrumb"},"inLanguage":"fr-FR","potentialAction":[{"@type":"ReadAction","target":["https:\/\/mauritianfoodsonline.com\/fr\/politique-de-confidentialite\/"]}]},{"@type":"BreadcrumbList","@id":"https:\/\/mauritianfoodsonline.com\/fr\/politique-de-confidentialite\/#breadcrumb","itemListElement":[{"@type":"ListItem","position":1,"name":"Home","item":"https:\/\/mauritianfoodsonline.com\/fr\/"},{"@type":"ListItem","position":2,"name":"politique de confidentialit\u00e9"}]},{"@type":"WebSite","@id":"https:\/\/mauritianfoodsonline.com\/#website","url":"https:\/\/mauritianfoodsonline.com\/","name":"Mauritian Foods Online","description":"Online","publisher":{"@id":"https:\/\/mauritianfoodsonline.com\/#organization"},"potentialAction":[{"@type":"SearchAction","target":{"@type":"EntryPoint","urlTemplate":"https:\/\/mauritianfoodsonline.com\/?s={search_term_string}"},"query-input":{"@type":"PropertyValueSpecification","valueRequired":true,"valueName":"search_term_string"}}],"inLanguage":"fr-FR"},{"@type":"Organization","@id":"https:\/\/mauritianfoodsonline.com\/#organization","name":"Mauritian Foods Online","url":"https:\/\/mauritianfoodsonline.com\/","logo":{"@type":"ImageObject","inLanguage":"fr-FR","@id":"https:\/\/mauritianfoodsonline.com\/#\/schema\/logo\/image\/","url":"https:\/\/mauritianfoodsonline.com\/wp-content\/uploads\/2024\/11\/svgviewer-png-output-1.png","contentUrl":"https:\/\/mauritianfoodsonline.com\/wp-content\/uploads\/2024\/11\/svgviewer-png-output-1.png","width":106,"height":109,"caption":"Mauritian Foods Online"},"image":{"@id":"https:\/\/mauritianfoodsonline.com\/#\/schema\/logo\/image\/"},"sameAs":["https:\/\/www.facebook.com\/mauritianfoodsonlineuk\/","https:\/\/x.com\/mauritian_foods","https:\/\/www.instagram.com\/mauritianfoodsonline\/#"]}]}},"_links":{"self":[{"href":"https:\/\/mauritianfoodsonline.com\/fr\/wp-json\/wp\/v2\/pages\/41910","targetHints":{"allow":["GET"]}}],"collection":[{"href":"https:\/\/mauritianfoodsonline.com\/fr\/wp-json\/wp\/v2\/pages"}],"about":[{"href":"https:\/\/mauritianfoodsonline.com\/fr\/wp-json\/wp\/v2\/types\/page"}],"author":[{"embeddable":true,"href":"https:\/\/mauritianfoodsonline.com\/fr\/wp-json\/wp\/v2\/users\/1"}],"replies":[{"embeddable":true,"href":"https:\/\/mauritianfoodsonline.com\/fr\/wp-json\/wp\/v2\/comments?post=41910"}],"version-history":[{"count":1,"href":"https:\/\/mauritianfoodsonline.com\/fr\/wp-json\/wp\/v2\/pages\/41910\/revisions"}],"predecessor-version":[{"id":41911,"href":"https:\/\/mauritianfoodsonline.com\/fr\/wp-json\/wp\/v2\/pages\/41910\/revisions\/41911"}],"wp:attachment":[{"href":"https:\/\/mauritianfoodsonline.com\/fr\/wp-json\/wp\/v2\/media?parent=41910"}],"curies":[{"name":"wp","href":"https:\/\/api.w.org\/{rel}","templated":true}]}}