{"id":41912,"date":"2022-07-19T04:12:53","date_gmt":"2022-07-19T04:12:53","guid":{"rendered":"https:\/\/mauritianfoodsonline.com\/politique-de-remboursement-et-de-retour\/"},"modified":"2025-04-29T08:52:33","modified_gmt":"2025-04-29T08:52:33","slug":"politique-de-remboursement-et-de-retour","status":"publish","type":"page","link":"https:\/\/mauritianfoodsonline.com\/fr\/politique-de-remboursement-et-de-retour\/","title":{"rendered":"Politique de remboursement et de retour"},"content":{"rendered":"&#13;\n<h2>Aper\u00e7u<\/h2>&#13;\n<p><\/p>&#13;\n<p>Notre politique de remboursement et de retour est valable 30 jours. Pass\u00e9 ce d\u00e9lai, nous ne pouvons pas vous offrir un remboursement complet ni un \u00e9change. <\/p>&#13;\n<p><\/p>&#13;\n<p>Pour \u00eatre \u00e9ligible \u00e0 un retour, votre article doit \u00eatre inutilis\u00e9 et dans le m\u00eame \u00e9tat que celui dans lequel vous l&rsquo;avez re\u00e7u. Il doit \u00e9galement \u00eatre dans son emballage d&rsquo;origine. <\/p>&#13;\n<p><\/p>&#13;\n<p>Plusieurs types de marchandises ne peuvent pas \u00eatre retourn\u00e9es. Les denr\u00e9es p\u00e9rissables telles que la nourriture, les fleurs, les journaux ou les magazines ne peuvent pas \u00eatre retourn\u00e9es. Nous n&rsquo;acceptons pas non plus les produits \u00e0 usage intime ou sanitaire, les mati\u00e8res dangereuses, ni les liquides ou gaz inflammables.  <\/p>&#13;\n<p><\/p>&#13;\n<p>Articles suppl\u00e9mentaires non retournables :<\/p>&#13;\n<p><\/p>&#13;\n<ul class=\"wp-block-list\">&#13;\n<li>\n<p>Cartes cadeaux<\/p>\n<\/li>&#13;\n<li>\n<p>Produits logiciels t\u00e9l\u00e9chargeables<\/p>\n<\/li>&#13;\n<li>\n<p>Certains articles de sant\u00e9 et de soins personnels<\/p>\n<\/li>&#13;\n<\/ul>&#13;\n<p><\/p>&#13;\n<p>Pour compl\u00e9ter votre retour, nous avons besoin d&rsquo;un re\u00e7u ou d&rsquo;une preuve d&rsquo;achat.<\/p>&#13;\n<p><\/p>&#13;\n<p>Veuillez ne pas renvoyer votre achat au fabricant.<\/p>&#13;\n<p><\/p>&#13;\n<p>Il existe certaines situations dans lesquelles seuls des remboursements partiels sont accord\u00e9s :<\/p>&#13;\n<p><\/p>&#13;\n<ul class=\"wp-block-list\">&#13;\n<li>\n<p>Livre avec des signes \u00e9vidents d&rsquo;utilisation<\/p>\n<\/li>&#13;\n<li>\n<p>CD, DVD, cassette VHS, logiciel, jeu vid\u00e9o, cassette audio ou disque vinyle qui a \u00e9t\u00e9 ouvert.<\/p>\n<\/li>&#13;\n<li>\n<p>Tout article qui n&rsquo;est pas dans son \u00e9tat d&rsquo;origine, qui est endommag\u00e9 ou qui pr\u00e9sente des pi\u00e8ces manquantes pour des raisons qui ne sont pas dues \u00e0 notre erreur.<\/p>\n<\/li>&#13;\n<li>\n<p>Tout article retourn\u00e9 plus de 30 jours apr\u00e8s la livraison<\/p>\n<\/li>&#13;\n<\/ul>&#13;\n<p><\/p>&#13;\n<h2>Remboursements<\/h2>&#13;\n<p><\/p>&#13;\n<p>Une fois votre retour re\u00e7u et inspect\u00e9, nous vous enverrons un e-mail pour vous confirmer sa r\u00e9ception. Nous vous informerons \u00e9galement de l&rsquo;approbation ou du rejet de votre remboursement. <\/p>&#13;\n<p><\/p>&#13;\n<p>Si votre demande est approuv\u00e9e, votre remboursement sera trait\u00e9 et un cr\u00e9dit sera automatiquement appliqu\u00e9 \u00e0 votre carte de cr\u00e9dit ou \u00e0 votre mode de paiement d&rsquo;origine, dans un certain d\u00e9lai.<\/p>&#13;\n<p><\/p>&#13;\n<h2><b>Remboursements tardifs ou manquants<\/b><\/h2>&#13;\n<p><\/p>&#13;\n<p>Si vous n\u2019avez pas encore re\u00e7u de remboursement, v\u00e9rifiez d\u2019abord \u00e0 nouveau votre compte bancaire.<\/p>&#13;\n<p><\/p>&#13;\n<p>Contactez ensuite votre soci\u00e9t\u00e9 de carte de cr\u00e9dit, car cela peut prendre un certain temps avant que votre remboursement ne soit officiellement publi\u00e9.<\/p>&#13;\n<p><\/p>&#13;\n<p>Contactez ensuite votre banque. Un d\u00e9lai de traitement est souvent n\u00e9cessaire avant qu&rsquo;un remboursement ne soit effectu\u00e9. <\/p>&#13;\n<p><\/p>&#13;\n<p>Si vous avez effectu\u00e9 toutes ces \u00e9tapes et que vous n\u2019avez toujours pas re\u00e7u votre remboursement, veuillez nous contacter \u00e0 l\u2019adresse {adresse e-mail}.<\/p>&#13;\n<p><\/p>&#13;\n<h2><b>Articles en solde<\/b><\/h2>&#13;\n<p><\/p>&#13;\n<p>Seuls les articles \u00e0 prix r\u00e9gulier peuvent \u00eatre rembours\u00e9s. Les articles sold\u00e9s ne sont pas remboursables. <\/p>&#13;\n<p><\/p>&#13;\n<h2>\u00c9changes<\/h2>&#13;\n<p><\/p>&#13;\n<p>Nous rempla\u00e7ons les articles uniquement s&rsquo;ils sont d\u00e9fectueux ou endommag\u00e9s. Pour un \u00e9change contre le m\u00eame article, envoyez-nous un e-mail \u00e0 {adresse e-mail} et renvoyez-le \u00e0 {adresse physique}. <\/p>&#13;\n<p><\/p>&#13;\n<h2>Cadeaux<\/h2>&#13;\n<p><\/p>&#13;\n<p>Si l&rsquo;article \u00e9tait marqu\u00e9 comme cadeau lors de l&rsquo;achat et qu&rsquo;il vous a \u00e9t\u00e9 exp\u00e9di\u00e9 directement, vous recevrez un cr\u00e9dit-cadeau d&rsquo;une valeur \u00e9quivalente \u00e0 celle de votre retour. Une fois l&rsquo;article retourn\u00e9 re\u00e7u, un ch\u00e8que-cadeau vous sera envoy\u00e9 par courrier. <\/p>&#13;\n<p><\/p>&#13;\n<p>Si l&rsquo;article n&rsquo;a pas \u00e9t\u00e9 marqu\u00e9 comme cadeau lors de l&rsquo;achat, ou si le donateur du cadeau a fait exp\u00e9dier la commande \u00e0 lui-m\u00eame pour vous l&rsquo;offrir plus tard, nous enverrons un remboursement au donateur du cadeau et il sera inform\u00e9 de votre retour.<\/p>&#13;\n<p><\/p>&#13;\n<h2>Retours d&rsquo;exp\u00e9dition<\/h2>&#13;\n<p><\/p>&#13;\n<p>Pour retourner votre produit, vous devez l&rsquo;envoyer par courrier \u00e0 : {adresse physique}.<\/p>&#13;\n<p><\/p>&#13;\n<p>Les frais de retour sont \u00e0 votre charge. Ces frais ne sont pas remboursables. En cas de remboursement, les frais de retour seront d\u00e9duits de celui-ci.  <\/p>&#13;\n<p><\/p>&#13;\n<p>Selon l&rsquo;endroit o\u00f9 vous vivez, le temps n\u00e9cessaire pour que votre produit \u00e9chang\u00e9 vous parvienne peut varier.<\/p>&#13;\n<p><\/p>&#13;\n<p>Si vous retournez des articles plus chers, vous pouvez envisager d&rsquo;utiliser un service de livraison avec suivi ou de souscrire une assurance livraison. Nous ne garantissons pas la r\u00e9ception de votre article retourn\u00e9. <\/p>&#13;\n<p><\/p>&#13;\n<h2>Besoin d&rsquo;aide ?<\/h2>&#13;\n<p><\/p>&#13;\n<p>Contactez-nous \u00e0 <a href=\"mailto:info@mauritianfoodsonline.com\" class=\"cntct\">info@mauritianfoodsonline.com<\/a> pour toute question relative aux remboursements et aux retours.<\/p>&#13;\n","protected":false},"excerpt":{"rendered":"<p>&#13; Aper\u00e7u &#13; &#13; Notre politique de remboursement et de retour est valable 30 jours. Pass\u00e9 ce d\u00e9lai, nous ne pouvons pas vous offrir un remboursement complet ni un \u00e9change. &#13; &#13; Pour \u00eatre \u00e9ligible \u00e0 un retour, votre article doit \u00eatre inutilis\u00e9 et dans le m\u00eame \u00e9tat que celui dans lequel vous l&rsquo;avez re\u00e7u. [&hellip;]<\/p>\n","protected":false},"author":1,"featured_media":0,"parent":0,"menu_order":0,"comment_status":"closed","ping_status":"closed","template":"","meta":{"_acf_changed":false,"footnotes":""},"class_list":["post-41912","page","type-page","status-publish","hentry"],"acf":[],"yoast_head":"<!-- This site is optimized with the Yoast SEO plugin v27.3 - https:\/\/yoast.com\/product\/yoast-seo-wordpress\/ -->\n<title>Politique de remboursement et de retour - Mauritian Foods Online<\/title>\n<meta name=\"robots\" content=\"index, follow, max-snippet:-1, max-image-preview:large, max-video-preview:-1\" \/>\n<link rel=\"canonical\" href=\"https:\/\/mauritianfoodsonline.com\/fr\/politique-de-remboursement-et-de-retour\/\" \/>\n<meta property=\"og:locale\" content=\"fr_FR\" \/>\n<meta property=\"og:type\" content=\"article\" \/>\n<meta property=\"og:title\" content=\"Politique de remboursement et de retour - Mauritian Foods Online\" \/>\n<meta property=\"og:description\" content=\"&#013; Aper\u00e7u &#013; &#013; Notre politique de remboursement et de retour est valable 30 jours. Pass\u00e9 ce d\u00e9lai, nous ne pouvons pas vous offrir un remboursement complet ni un \u00e9change. &#013; &#013; Pour \u00eatre \u00e9ligible \u00e0 un retour, votre article doit \u00eatre inutilis\u00e9 et dans le m\u00eame \u00e9tat que celui dans lequel vous l&rsquo;avez re\u00e7u. [&hellip;]\" \/>\n<meta property=\"og:url\" content=\"https:\/\/mauritianfoodsonline.com\/fr\/politique-de-remboursement-et-de-retour\/\" \/>\n<meta property=\"og:site_name\" content=\"Mauritian Foods Online\" \/>\n<meta property=\"article:publisher\" content=\"https:\/\/www.facebook.com\/mauritianfoodsonlineuk\/\" \/>\n<meta property=\"article:modified_time\" content=\"2025-04-29T08:52:33+00:00\" \/>\n<meta property=\"og:image\" content=\"https:\/\/mauritianfoodsonline.com\/wp-content\/uploads\/2024\/12\/mauritionLogo.png\" \/>\n\t<meta property=\"og:image:width\" content=\"356\" \/>\n\t<meta property=\"og:image:height\" content=\"109\" \/>\n\t<meta property=\"og:image:type\" content=\"image\/png\" \/>\n<meta name=\"twitter:card\" content=\"summary_large_image\" \/>\n<meta name=\"twitter:site\" content=\"@mauritian_foods\" \/>\n<meta name=\"twitter:label1\" content=\"Dur\u00e9e de lecture estim\u00e9e\" \/>\n\t<meta name=\"twitter:data1\" content=\"3 minutes\" \/>\n<script type=\"application\/ld+json\" class=\"yoast-schema-graph\">{\"@context\":\"https:\\\/\\\/schema.org\",\"@graph\":[{\"@type\":\"WebPage\",\"@id\":\"https:\\\/\\\/mauritianfoodsonline.com\\\/fr\\\/politique-de-remboursement-et-de-retour\\\/\",\"url\":\"https:\\\/\\\/mauritianfoodsonline.com\\\/fr\\\/politique-de-remboursement-et-de-retour\\\/\",\"name\":\"Politique de remboursement et de retour - Mauritian Foods Online\",\"isPartOf\":{\"@id\":\"https:\\\/\\\/mauritianfoodsonline.com\\\/#website\"},\"datePublished\":\"2022-07-19T04:12:53+00:00\",\"dateModified\":\"2025-04-29T08:52:33+00:00\",\"breadcrumb\":{\"@id\":\"https:\\\/\\\/mauritianfoodsonline.com\\\/fr\\\/politique-de-remboursement-et-de-retour\\\/#breadcrumb\"},\"inLanguage\":\"fr-FR\",\"potentialAction\":[{\"@type\":\"ReadAction\",\"target\":[\"https:\\\/\\\/mauritianfoodsonline.com\\\/fr\\\/politique-de-remboursement-et-de-retour\\\/\"]}]},{\"@type\":\"BreadcrumbList\",\"@id\":\"https:\\\/\\\/mauritianfoodsonline.com\\\/fr\\\/politique-de-remboursement-et-de-retour\\\/#breadcrumb\",\"itemListElement\":[{\"@type\":\"ListItem\",\"position\":1,\"name\":\"Home\",\"item\":\"https:\\\/\\\/mauritianfoodsonline.com\\\/fr\\\/\"},{\"@type\":\"ListItem\",\"position\":2,\"name\":\"Politique de remboursement et de retour\"}]},{\"@type\":\"WebSite\",\"@id\":\"https:\\\/\\\/mauritianfoodsonline.com\\\/#website\",\"url\":\"https:\\\/\\\/mauritianfoodsonline.com\\\/\",\"name\":\"Mauritian Foods Online\",\"description\":\"Online\",\"publisher\":{\"@id\":\"https:\\\/\\\/mauritianfoodsonline.com\\\/#organization\"},\"potentialAction\":[{\"@type\":\"SearchAction\",\"target\":{\"@type\":\"EntryPoint\",\"urlTemplate\":\"https:\\\/\\\/mauritianfoodsonline.com\\\/?s={search_term_string}\"},\"query-input\":{\"@type\":\"PropertyValueSpecification\",\"valueRequired\":true,\"valueName\":\"search_term_string\"}}],\"inLanguage\":\"fr-FR\"},{\"@type\":\"Organization\",\"@id\":\"https:\\\/\\\/mauritianfoodsonline.com\\\/#organization\",\"name\":\"Mauritian Foods Online\",\"url\":\"https:\\\/\\\/mauritianfoodsonline.com\\\/\",\"logo\":{\"@type\":\"ImageObject\",\"inLanguage\":\"fr-FR\",\"@id\":\"https:\\\/\\\/mauritianfoodsonline.com\\\/#\\\/schema\\\/logo\\\/image\\\/\",\"url\":\"https:\\\/\\\/mauritianfoodsonline.com\\\/wp-content\\\/uploads\\\/2024\\\/11\\\/svgviewer-png-output-1.png\",\"contentUrl\":\"https:\\\/\\\/mauritianfoodsonline.com\\\/wp-content\\\/uploads\\\/2024\\\/11\\\/svgviewer-png-output-1.png\",\"width\":106,\"height\":109,\"caption\":\"Mauritian Foods Online\"},\"image\":{\"@id\":\"https:\\\/\\\/mauritianfoodsonline.com\\\/#\\\/schema\\\/logo\\\/image\\\/\"},\"sameAs\":[\"https:\\\/\\\/www.facebook.com\\\/mauritianfoodsonlineuk\\\/\",\"https:\\\/\\\/x.com\\\/mauritian_foods\",\"https:\\\/\\\/www.instagram.com\\\/mauritianfoodsonline\\\/#\"]}]}<\/script>\n<!-- \/ Yoast SEO plugin. -->","yoast_head_json":{"title":"Politique de remboursement et de retour - Mauritian Foods Online","robots":{"index":"index","follow":"follow","max-snippet":"max-snippet:-1","max-image-preview":"max-image-preview:large","max-video-preview":"max-video-preview:-1"},"canonical":"https:\/\/mauritianfoodsonline.com\/fr\/politique-de-remboursement-et-de-retour\/","og_locale":"fr_FR","og_type":"article","og_title":"Politique de remboursement et de retour - Mauritian Foods Online","og_description":"&#13; Aper\u00e7u &#13; &#13; Notre politique de remboursement et de retour est valable 30 jours. Pass\u00e9 ce d\u00e9lai, nous ne pouvons pas vous offrir un remboursement complet ni un \u00e9change. &#13; &#13; Pour \u00eatre \u00e9ligible \u00e0 un retour, votre article doit \u00eatre inutilis\u00e9 et dans le m\u00eame \u00e9tat que celui dans lequel vous l&rsquo;avez re\u00e7u. [&hellip;]","og_url":"https:\/\/mauritianfoodsonline.com\/fr\/politique-de-remboursement-et-de-retour\/","og_site_name":"Mauritian Foods Online","article_publisher":"https:\/\/www.facebook.com\/mauritianfoodsonlineuk\/","article_modified_time":"2025-04-29T08:52:33+00:00","og_image":[{"width":356,"height":109,"url":"https:\/\/mauritianfoodsonline.com\/wp-content\/uploads\/2024\/12\/mauritionLogo.png","type":"image\/png"}],"twitter_card":"summary_large_image","twitter_site":"@mauritian_foods","twitter_misc":{"Dur\u00e9e de lecture estim\u00e9e":"3 minutes"},"schema":{"@context":"https:\/\/schema.org","@graph":[{"@type":"WebPage","@id":"https:\/\/mauritianfoodsonline.com\/fr\/politique-de-remboursement-et-de-retour\/","url":"https:\/\/mauritianfoodsonline.com\/fr\/politique-de-remboursement-et-de-retour\/","name":"Politique de remboursement et de retour - Mauritian Foods Online","isPartOf":{"@id":"https:\/\/mauritianfoodsonline.com\/#website"},"datePublished":"2022-07-19T04:12:53+00:00","dateModified":"2025-04-29T08:52:33+00:00","breadcrumb":{"@id":"https:\/\/mauritianfoodsonline.com\/fr\/politique-de-remboursement-et-de-retour\/#breadcrumb"},"inLanguage":"fr-FR","potentialAction":[{"@type":"ReadAction","target":["https:\/\/mauritianfoodsonline.com\/fr\/politique-de-remboursement-et-de-retour\/"]}]},{"@type":"BreadcrumbList","@id":"https:\/\/mauritianfoodsonline.com\/fr\/politique-de-remboursement-et-de-retour\/#breadcrumb","itemListElement":[{"@type":"ListItem","position":1,"name":"Home","item":"https:\/\/mauritianfoodsonline.com\/fr\/"},{"@type":"ListItem","position":2,"name":"Politique de remboursement et de retour"}]},{"@type":"WebSite","@id":"https:\/\/mauritianfoodsonline.com\/#website","url":"https:\/\/mauritianfoodsonline.com\/","name":"Mauritian Foods Online","description":"Online","publisher":{"@id":"https:\/\/mauritianfoodsonline.com\/#organization"},"potentialAction":[{"@type":"SearchAction","target":{"@type":"EntryPoint","urlTemplate":"https:\/\/mauritianfoodsonline.com\/?s={search_term_string}"},"query-input":{"@type":"PropertyValueSpecification","valueRequired":true,"valueName":"search_term_string"}}],"inLanguage":"fr-FR"},{"@type":"Organization","@id":"https:\/\/mauritianfoodsonline.com\/#organization","name":"Mauritian Foods Online","url":"https:\/\/mauritianfoodsonline.com\/","logo":{"@type":"ImageObject","inLanguage":"fr-FR","@id":"https:\/\/mauritianfoodsonline.com\/#\/schema\/logo\/image\/","url":"https:\/\/mauritianfoodsonline.com\/wp-content\/uploads\/2024\/11\/svgviewer-png-output-1.png","contentUrl":"https:\/\/mauritianfoodsonline.com\/wp-content\/uploads\/2024\/11\/svgviewer-png-output-1.png","width":106,"height":109,"caption":"Mauritian Foods Online"},"image":{"@id":"https:\/\/mauritianfoodsonline.com\/#\/schema\/logo\/image\/"},"sameAs":["https:\/\/www.facebook.com\/mauritianfoodsonlineuk\/","https:\/\/x.com\/mauritian_foods","https:\/\/www.instagram.com\/mauritianfoodsonline\/#"]}]}},"_links":{"self":[{"href":"https:\/\/mauritianfoodsonline.com\/fr\/wp-json\/wp\/v2\/pages\/41912","targetHints":{"allow":["GET"]}}],"collection":[{"href":"https:\/\/mauritianfoodsonline.com\/fr\/wp-json\/wp\/v2\/pages"}],"about":[{"href":"https:\/\/mauritianfoodsonline.com\/fr\/wp-json\/wp\/v2\/types\/page"}],"author":[{"embeddable":true,"href":"https:\/\/mauritianfoodsonline.com\/fr\/wp-json\/wp\/v2\/users\/1"}],"replies":[{"embeddable":true,"href":"https:\/\/mauritianfoodsonline.com\/fr\/wp-json\/wp\/v2\/comments?post=41912"}],"version-history":[{"count":1,"href":"https:\/\/mauritianfoodsonline.com\/fr\/wp-json\/wp\/v2\/pages\/41912\/revisions"}],"predecessor-version":[{"id":41913,"href":"https:\/\/mauritianfoodsonline.com\/fr\/wp-json\/wp\/v2\/pages\/41912\/revisions\/41913"}],"wp:attachment":[{"href":"https:\/\/mauritianfoodsonline.com\/fr\/wp-json\/wp\/v2\/media?parent=41912"}],"curies":[{"name":"wp","href":"https:\/\/api.w.org\/{rel}","templated":true}]}}