{"id":43078,"date":"2022-07-18T19:20:19","date_gmt":"2022-07-18T19:20:19","guid":{"rendered":"https:\/\/mauritianfoodsonline.com\/a-propos-de-nous\/"},"modified":"2022-07-18T19:20:19","modified_gmt":"2022-07-18T19:20:19","slug":"a-propos-de-nous","status":"publish","type":"page","link":"https:\/\/mauritianfoodsonline.com\/fr\/a-propos-de-nous\/","title":{"rendered":"\u00c0 propos de nous"},"content":{"rendered":"<h2>Bienvenue sur Mauritian Foods Online<\/h2>\n<p>Votre destination unique pour des produits alimentaires mauriciens authentiques livr\u00e9s directement chez vous. Nous avons \u00e0 c\u0153ur de vous faire d\u00e9couvrir les saveurs vibrantes et le riche patrimoine culinaire de l&rsquo;\u00eele Maurice, o\u00f9 que vous soyez dans le monde.<\/p>\n<p>Sur notre boutique en ligne, nous proposons une large gamme de produits d&rsquo;\u00e9picerie mauriciens de haute qualit\u00e9 qui capturent l&rsquo;essence de ce paradis tropical. Des \u00e9pices aromatiques et des fruits exotiques aux sauces traditionnelles et aux d\u00e9licieux en-cas, nous avons s\u00e9lectionn\u00e9 une s\u00e9lection vari\u00e9e de produits qui satisferont vos envies de cuisine mauricienne authentique.<\/p>\n<p>Parcourez nos rayons virtuels et d\u00e9couvrez un \u00e9ventail d&rsquo;ingr\u00e9dients de base qui constituent l&rsquo;\u00e9pine dorsale de la cuisine mauricienne. Que vous recherchiez du riz basmati, des lentilles, du curry en poudre ou des pickles, nous avons s\u00e9lectionn\u00e9 les meilleurs ingr\u00e9dients pour vous permettre de recr\u00e9er les saveurs de l&rsquo;\u00eele Maurice chez vous.<\/p>\n<p>Notre engagement qualit\u00e9 va au-del\u00e0 des ingr\u00e9dients eux-m\u00eames. Nous collaborons avec des fournisseurs r\u00e9put\u00e9s qui partagent notre engagement envers l&rsquo;authenticit\u00e9 et la fra\u00eecheur. Chaque produit est soumis \u00e0 des contr\u00f4les qualit\u00e9 rigoureux, vous garantissant ainsi le meilleur. Nous comprenons l\u2019importance de pr\u00e9server l\u2019int\u00e9grit\u00e9 des saveurs mauriciennes et nos produits refl\u00e8tent notre engagement ind\u00e9fectible \u00e0 offrir une exp\u00e9rience culinaire exceptionnelle.<\/p>\n","protected":false},"excerpt":{"rendered":"<p>Bienvenue sur Mauritian Foods Online Votre destination unique pour des produits alimentaires mauriciens authentiques livr\u00e9s directement chez vous. Nous avons \u00e0 c\u0153ur de vous faire d\u00e9couvrir les saveurs vibrantes et le riche patrimoine culinaire de l&rsquo;\u00eele Maurice, o\u00f9 que vous soyez dans le monde. Sur notre boutique en ligne, nous proposons une large gamme de [&hellip;]<\/p>\n","protected":false},"author":1,"featured_media":35060,"parent":0,"menu_order":0,"comment_status":"closed","ping_status":"closed","template":"page-about.php","meta":{"_acf_changed":false,"footnotes":""},"class_list":["post-43078","page","type-page","status-publish","has-post-thumbnail","hentry"],"acf":[],"yoast_head":"<!-- This site is optimized with the Yoast SEO plugin v27.4 - https:\/\/yoast.com\/product\/yoast-seo-wordpress\/ -->\n<title>\u00c0 propos de nous - Mauritian Foods Online | \u00c9picerie mauricienne authentique<\/title>\n<meta name=\"description\" content=\"D\u00e9couvrez l&#039;essence m\u00eame de l&#039;\u00eele Maurice avec Mauritian Foods Online. Nous livrons des produits d&#039;\u00e9picerie, des \u00e9pices et des ingr\u00e9dients traditionnels mauriciens authentiques dans le monde entier. Achetez d\u00e8s maintenant pour savourer les saveurs authentiques de l&#039;\u00eele Maurice\u00a0!\" \/>\n<meta name=\"robots\" content=\"index, follow, max-snippet:-1, max-image-preview:large, max-video-preview:-1\" \/>\n<link rel=\"canonical\" href=\"https:\/\/mauritianfoodsonline.com\/about-us\/\" \/>\n<meta property=\"og:locale\" content=\"fr_FR\" \/>\n<meta property=\"og:type\" content=\"article\" \/>\n<meta property=\"og:title\" content=\"\u00c0 propos de nous - Mauritian Foods Online | \u00c9picerie mauricienne authentique\" \/>\n<meta property=\"og:description\" content=\"D\u00e9couvrez l&#039;essence m\u00eame de l&#039;\u00eele Maurice avec Mauritian Foods Online. Nous livrons des produits d&#039;\u00e9picerie, des \u00e9pices et des ingr\u00e9dients traditionnels mauriciens authentiques dans le monde entier. Achetez d\u00e8s maintenant pour savourer les saveurs authentiques de l&#039;\u00eele Maurice\u00a0!\" \/>\n<meta property=\"og:url\" content=\"https:\/\/mauritianfoodsonline.com\/about-us\/\" \/>\n<meta property=\"og:site_name\" content=\"Mauritian Foods Online\" \/>\n<meta property=\"article:publisher\" content=\"https:\/\/www.facebook.com\/mauritianfoodsonlineuk\/\" \/>\n<meta property=\"og:image\" content=\"https:\/\/mauritianfoodsonline.com\/wp-content\/uploads\/2022\/07\/abt1.jpg\" \/>\n\t<meta property=\"og:image:width\" content=\"457\" \/>\n\t<meta property=\"og:image:height\" content=\"411\" \/>\n\t<meta property=\"og:image:type\" content=\"image\/jpeg\" \/>\n<meta name=\"twitter:card\" content=\"summary_large_image\" \/>\n<meta name=\"twitter:site\" content=\"@mauritian_foods\" \/>\n<meta name=\"twitter:label1\" content=\"Dur\u00e9e de lecture estim\u00e9e\" \/>\n\t<meta name=\"twitter:data1\" content=\"1 minute\" \/>\n<script type=\"application\/ld+json\" class=\"yoast-schema-graph\">{\"@context\":\"https:\\\/\\\/schema.org\",\"@graph\":[{\"@type\":\"WebPage\",\"@id\":\"https:\\\/\\\/mauritianfoodsonline.com\\\/about-us\\\/\",\"url\":\"https:\\\/\\\/mauritianfoodsonline.com\\\/about-us\\\/\",\"name\":\"\u00c0 propos de nous - Mauritian Foods Online | \u00c9picerie mauricienne authentique\",\"isPartOf\":{\"@id\":\"https:\\\/\\\/mauritianfoodsonline.com\\\/#website\"},\"primaryImageOfPage\":{\"@id\":\"https:\\\/\\\/mauritianfoodsonline.com\\\/about-us\\\/#primaryimage\"},\"image\":{\"@id\":\"https:\\\/\\\/mauritianfoodsonline.com\\\/about-us\\\/#primaryimage\"},\"thumbnailUrl\":\"https:\\\/\\\/mauritianfoodsonline.com\\\/wp-content\\\/uploads\\\/2022\\\/07\\\/abt1.jpg\",\"datePublished\":\"2022-07-18T19:20:19+00:00\",\"description\":\"D\u00e9couvrez l'essence m\u00eame de l'\u00eele Maurice avec Mauritian Foods Online. Nous livrons des produits d'\u00e9picerie, des \u00e9pices et des ingr\u00e9dients traditionnels mauriciens authentiques dans le monde entier. Achetez d\u00e8s maintenant pour savourer les saveurs authentiques de l'\u00eele Maurice\u00a0!\",\"breadcrumb\":{\"@id\":\"https:\\\/\\\/mauritianfoodsonline.com\\\/about-us\\\/#breadcrumb\"},\"inLanguage\":\"fr-FR\",\"potentialAction\":[{\"@type\":\"ReadAction\",\"target\":[\"https:\\\/\\\/mauritianfoodsonline.com\\\/about-us\\\/\"]}]},{\"@type\":\"ImageObject\",\"inLanguage\":\"fr-FR\",\"@id\":\"https:\\\/\\\/mauritianfoodsonline.com\\\/about-us\\\/#primaryimage\",\"url\":\"https:\\\/\\\/mauritianfoodsonline.com\\\/wp-content\\\/uploads\\\/2022\\\/07\\\/abt1.jpg\",\"contentUrl\":\"https:\\\/\\\/mauritianfoodsonline.com\\\/wp-content\\\/uploads\\\/2022\\\/07\\\/abt1.jpg\",\"width\":457,\"height\":411},{\"@type\":\"BreadcrumbList\",\"@id\":\"https:\\\/\\\/mauritianfoodsonline.com\\\/about-us\\\/#breadcrumb\",\"itemListElement\":[{\"@type\":\"ListItem\",\"position\":1,\"name\":\"Home\",\"item\":\"https:\\\/\\\/mauritianfoodsonline.com\\\/fr\\\/\"},{\"@type\":\"ListItem\",\"position\":2,\"name\":\"\u00c0 propos de nous\"}]},{\"@type\":\"WebSite\",\"@id\":\"https:\\\/\\\/mauritianfoodsonline.com\\\/#website\",\"url\":\"https:\\\/\\\/mauritianfoodsonline.com\\\/\",\"name\":\"Mauritian Foods Online\",\"description\":\"Online\",\"publisher\":{\"@id\":\"https:\\\/\\\/mauritianfoodsonline.com\\\/#organization\"},\"potentialAction\":[{\"@type\":\"SearchAction\",\"target\":{\"@type\":\"EntryPoint\",\"urlTemplate\":\"https:\\\/\\\/mauritianfoodsonline.com\\\/?s={search_term_string}\"},\"query-input\":{\"@type\":\"PropertyValueSpecification\",\"valueRequired\":true,\"valueName\":\"search_term_string\"}}],\"inLanguage\":\"fr-FR\"},{\"@type\":\"Organization\",\"@id\":\"https:\\\/\\\/mauritianfoodsonline.com\\\/#organization\",\"name\":\"Mauritian Foods Online\",\"url\":\"https:\\\/\\\/mauritianfoodsonline.com\\\/\",\"logo\":{\"@type\":\"ImageObject\",\"inLanguage\":\"fr-FR\",\"@id\":\"https:\\\/\\\/mauritianfoodsonline.com\\\/#\\\/schema\\\/logo\\\/image\\\/\",\"url\":\"https:\\\/\\\/mauritianfoodsonline.com\\\/wp-content\\\/uploads\\\/2024\\\/11\\\/svgviewer-png-output-1.png\",\"contentUrl\":\"https:\\\/\\\/mauritianfoodsonline.com\\\/wp-content\\\/uploads\\\/2024\\\/11\\\/svgviewer-png-output-1.png\",\"width\":106,\"height\":109,\"caption\":\"Mauritian Foods Online\"},\"image\":{\"@id\":\"https:\\\/\\\/mauritianfoodsonline.com\\\/#\\\/schema\\\/logo\\\/image\\\/\"},\"sameAs\":[\"https:\\\/\\\/www.facebook.com\\\/mauritianfoodsonlineuk\\\/\",\"https:\\\/\\\/x.com\\\/mauritian_foods\",\"https:\\\/\\\/www.instagram.com\\\/mauritianfoodsonline\\\/#\"]}]}<\/script>\n<!-- \/ Yoast SEO plugin. -->","yoast_head_json":{"title":"\u00c0 propos de nous - Mauritian Foods Online | \u00c9picerie mauricienne authentique","description":"D\u00e9couvrez l'essence m\u00eame de l'\u00eele Maurice avec Mauritian Foods Online. Nous livrons des produits d'\u00e9picerie, des \u00e9pices et des ingr\u00e9dients traditionnels mauriciens authentiques dans le monde entier. Achetez d\u00e8s maintenant pour savourer les saveurs authentiques de l'\u00eele Maurice\u00a0!","robots":{"index":"index","follow":"follow","max-snippet":"max-snippet:-1","max-image-preview":"max-image-preview:large","max-video-preview":"max-video-preview:-1"},"canonical":"https:\/\/mauritianfoodsonline.com\/about-us\/","og_locale":"fr_FR","og_type":"article","og_title":"\u00c0 propos de nous - Mauritian Foods Online | \u00c9picerie mauricienne authentique","og_description":"D\u00e9couvrez l'essence m\u00eame de l'\u00eele Maurice avec Mauritian Foods Online. Nous livrons des produits d'\u00e9picerie, des \u00e9pices et des ingr\u00e9dients traditionnels mauriciens authentiques dans le monde entier. Achetez d\u00e8s maintenant pour savourer les saveurs authentiques de l'\u00eele Maurice\u00a0!","og_url":"https:\/\/mauritianfoodsonline.com\/about-us\/","og_site_name":"Mauritian Foods Online","article_publisher":"https:\/\/www.facebook.com\/mauritianfoodsonlineuk\/","og_image":[{"width":457,"height":411,"url":"https:\/\/mauritianfoodsonline.com\/wp-content\/uploads\/2022\/07\/abt1.jpg","type":"image\/jpeg"}],"twitter_card":"summary_large_image","twitter_site":"@mauritian_foods","twitter_misc":{"Dur\u00e9e de lecture estim\u00e9e":"1 minute"},"schema":{"@context":"https:\/\/schema.org","@graph":[{"@type":"WebPage","@id":"https:\/\/mauritianfoodsonline.com\/about-us\/","url":"https:\/\/mauritianfoodsonline.com\/about-us\/","name":"\u00c0 propos de nous - Mauritian Foods Online | \u00c9picerie mauricienne authentique","isPartOf":{"@id":"https:\/\/mauritianfoodsonline.com\/#website"},"primaryImageOfPage":{"@id":"https:\/\/mauritianfoodsonline.com\/about-us\/#primaryimage"},"image":{"@id":"https:\/\/mauritianfoodsonline.com\/about-us\/#primaryimage"},"thumbnailUrl":"https:\/\/mauritianfoodsonline.com\/wp-content\/uploads\/2022\/07\/abt1.jpg","datePublished":"2022-07-18T19:20:19+00:00","description":"D\u00e9couvrez l'essence m\u00eame de l'\u00eele Maurice avec Mauritian Foods Online. Nous livrons des produits d'\u00e9picerie, des \u00e9pices et des ingr\u00e9dients traditionnels mauriciens authentiques dans le monde entier. Achetez d\u00e8s maintenant pour savourer les saveurs authentiques de l'\u00eele Maurice\u00a0!","breadcrumb":{"@id":"https:\/\/mauritianfoodsonline.com\/about-us\/#breadcrumb"},"inLanguage":"fr-FR","potentialAction":[{"@type":"ReadAction","target":["https:\/\/mauritianfoodsonline.com\/about-us\/"]}]},{"@type":"ImageObject","inLanguage":"fr-FR","@id":"https:\/\/mauritianfoodsonline.com\/about-us\/#primaryimage","url":"https:\/\/mauritianfoodsonline.com\/wp-content\/uploads\/2022\/07\/abt1.jpg","contentUrl":"https:\/\/mauritianfoodsonline.com\/wp-content\/uploads\/2022\/07\/abt1.jpg","width":457,"height":411},{"@type":"BreadcrumbList","@id":"https:\/\/mauritianfoodsonline.com\/about-us\/#breadcrumb","itemListElement":[{"@type":"ListItem","position":1,"name":"Home","item":"https:\/\/mauritianfoodsonline.com\/fr\/"},{"@type":"ListItem","position":2,"name":"\u00c0 propos de nous"}]},{"@type":"WebSite","@id":"https:\/\/mauritianfoodsonline.com\/#website","url":"https:\/\/mauritianfoodsonline.com\/","name":"Mauritian Foods Online","description":"Online","publisher":{"@id":"https:\/\/mauritianfoodsonline.com\/#organization"},"potentialAction":[{"@type":"SearchAction","target":{"@type":"EntryPoint","urlTemplate":"https:\/\/mauritianfoodsonline.com\/?s={search_term_string}"},"query-input":{"@type":"PropertyValueSpecification","valueRequired":true,"valueName":"search_term_string"}}],"inLanguage":"fr-FR"},{"@type":"Organization","@id":"https:\/\/mauritianfoodsonline.com\/#organization","name":"Mauritian Foods Online","url":"https:\/\/mauritianfoodsonline.com\/","logo":{"@type":"ImageObject","inLanguage":"fr-FR","@id":"https:\/\/mauritianfoodsonline.com\/#\/schema\/logo\/image\/","url":"https:\/\/mauritianfoodsonline.com\/wp-content\/uploads\/2024\/11\/svgviewer-png-output-1.png","contentUrl":"https:\/\/mauritianfoodsonline.com\/wp-content\/uploads\/2024\/11\/svgviewer-png-output-1.png","width":106,"height":109,"caption":"Mauritian Foods Online"},"image":{"@id":"https:\/\/mauritianfoodsonline.com\/#\/schema\/logo\/image\/"},"sameAs":["https:\/\/www.facebook.com\/mauritianfoodsonlineuk\/","https:\/\/x.com\/mauritian_foods","https:\/\/www.instagram.com\/mauritianfoodsonline\/#"]}]}},"_links":{"self":[{"href":"https:\/\/mauritianfoodsonline.com\/fr\/wp-json\/wp\/v2\/pages\/43078","targetHints":{"allow":["GET"]}}],"collection":[{"href":"https:\/\/mauritianfoodsonline.com\/fr\/wp-json\/wp\/v2\/pages"}],"about":[{"href":"https:\/\/mauritianfoodsonline.com\/fr\/wp-json\/wp\/v2\/types\/page"}],"author":[{"embeddable":true,"href":"https:\/\/mauritianfoodsonline.com\/fr\/wp-json\/wp\/v2\/users\/1"}],"replies":[{"embeddable":true,"href":"https:\/\/mauritianfoodsonline.com\/fr\/wp-json\/wp\/v2\/comments?post=43078"}],"version-history":[{"count":0,"href":"https:\/\/mauritianfoodsonline.com\/fr\/wp-json\/wp\/v2\/pages\/43078\/revisions"}],"wp:featuredmedia":[{"embeddable":true,"href":"https:\/\/mauritianfoodsonline.com\/fr\/wp-json\/wp\/v2\/media\/35060"}],"wp:attachment":[{"href":"https:\/\/mauritianfoodsonline.com\/fr\/wp-json\/wp\/v2\/media?parent=43078"}],"curies":[{"name":"wp","href":"https:\/\/api.w.org\/{rel}","templated":true}]}}