{"id":41875,"date":"2024-11-23T17:12:20","date_gmt":"2024-11-23T17:12:20","guid":{"rendered":"https:\/\/mauritianfoodsonline.com\/product\/citrouille-argentee\/"},"modified":"2025-09-15T11:02:15","modified_gmt":"2025-09-15T11:02:15","slug":"citrouille-argentee","status":"publish","type":"product","link":"https:\/\/mauritianfoodsonline.com\/fr\/product\/citrouille-argentee\/","title":{"rendered":"Pumkin Silver"},"content":{"rendered":"<p>Les potirons argent\u00e9s sont appr\u00e9ci\u00e9s pour leur texture tendre et leur saveur l\u00e9g\u00e8rement plus douce que celle des autres vari\u00e9t\u00e9s de citrouilles. On les utilise couramment dans les soupes, les currys ou les plats r\u00f4tis. Gr\u00e2ce \u00e0 leur apparence remarquable et \u00e0 leur go\u00fbt d\u00e9licieux, les potirons argent\u00e9s constituent \u00e9galement d&rsquo;excellentes pi\u00e8ces d\u00e9coratives pour les d\u00e9corations automnales. De plus, ils regorgent de nutriments comme la vitamine A, les fibres et les antioxydants, ce qui en fait un compl\u00e9ment nutritif \u00e0 tous les repas.  <\/p>\n","protected":false},"excerpt":{"rendered":"<p>Pays d&rsquo;origine <strong>:<\/strong> INDE<\/p>\n<p><strong>Environ<\/strong> 1 kg<\/p>\n<p>La citrouille argent\u00e9e, souvent appel\u00e9e \u00ab&nbsp;Silver Bell&nbsp;\u00bb ou \u00ab&nbsp;Silver Sweet&nbsp;\u00bb, est une vari\u00e9t\u00e9 unique de citrouille \u00e0 la peau gris argent\u00e9 p\u00e2le et \u00e0 la texture lisse et l\u00e9g\u00e8rement stri\u00e9e. Elle est g\u00e9n\u00e9ralement plus petite que les citrouilles traditionnelles, avec une forme ronde ou l\u00e9g\u00e8rement aplatie. Sa chair orange vif a une saveur riche et sucr\u00e9e, id\u00e9ale pour la cuisine, la p\u00e2tisserie et les tartes.  <\/p>\n","protected":false},"featured_media":40070,"comment_status":"open","ping_status":"closed","template":"","meta":{"_acf_changed":false},"special-offers":[],"product_brand":[],"product_cat":[1142,1143],"product_tag":[346],"class_list":{"0":"post-41875","1":"product","2":"type-product","3":"status-publish","4":"has-post-thumbnail","6":"product_cat-legumes","7":"product_cat-legumes-frais","8":"product_tag-curry-leaves","10":"first","11":"instock","12":"taxable","13":"shipping-taxable","14":"purchasable","15":"product-type-variable","16":"add-to-wishlist-before_image"},"acf":[],"yoast_head":"<!-- This site is optimized with the Yoast SEO plugin v27.3 - https:\/\/yoast.com\/product\/yoast-seo-wordpress\/ -->\n<title>Pumkin Silver - Mauritian Foods Online<\/title>\n<meta name=\"description\" content=\"Les potirons argent\u00e9s sont appr\u00e9ci\u00e9s pour leur texture tendre et leur saveur l\u00e9g\u00e8rement plus douce que celle des autres vari\u00e9t\u00e9s de citrouilles. On les utilise couramment dans les soupes, les currys ou les plats r\u00f4tis. Gr\u00e2ce \u00e0 leur apparence remarquable et \u00e0 leur go\u00fbt d\u00e9licieux, les potirons argent\u00e9s constituent \u00e9galement d&#039;excellentes pi\u00e8ces d\u00e9coratives pour les d\u00e9corations automnales. De plus, ils regorgent de nutriments comme la vitamine A, les fibres et les antioxydants, ce qui en fait un compl\u00e9ment nutritif \u00e0 tous les repas.\" \/>\n<meta name=\"robots\" content=\"index, follow, max-snippet:-1, max-image-preview:large, max-video-preview:-1\" \/>\n<link rel=\"canonical\" href=\"https:\/\/mauritianfoodsonline.com\/fr\/product\/citrouille-argentee\/\" \/>\n<meta property=\"og:locale\" content=\"fr_FR\" \/>\n<meta property=\"og:type\" content=\"article\" \/>\n<meta property=\"og:title\" content=\"Pumkin Silver - Mauritian Foods Online\" \/>\n<meta property=\"og:description\" content=\"Les potirons argent\u00e9s sont appr\u00e9ci\u00e9s pour leur texture tendre et leur saveur l\u00e9g\u00e8rement plus douce que celle des autres vari\u00e9t\u00e9s de citrouilles. On les utilise couramment dans les soupes, les currys ou les plats r\u00f4tis. Gr\u00e2ce \u00e0 leur apparence remarquable et \u00e0 leur go\u00fbt d\u00e9licieux, les potirons argent\u00e9s constituent \u00e9galement d&#039;excellentes pi\u00e8ces d\u00e9coratives pour les d\u00e9corations automnales. De plus, ils regorgent de nutriments comme la vitamine A, les fibres et les antioxydants, ce qui en fait un compl\u00e9ment nutritif \u00e0 tous les repas.\" \/>\n<meta property=\"og:url\" content=\"https:\/\/mauritianfoodsonline.com\/fr\/product\/citrouille-argentee\/\" \/>\n<meta property=\"og:site_name\" content=\"Mauritian Foods Online\" \/>\n<meta property=\"article:publisher\" content=\"https:\/\/www.facebook.com\/mauritianfoodsonlineuk\/\" \/>\n<meta property=\"article:modified_time\" content=\"2025-09-15T11:02:15+00:00\" \/>\n<meta property=\"og:image\" content=\"https:\/\/mauritianfoodsonline.com\/wp-content\/uploads\/2024\/11\/Silver-pumpkin-1.jpg\" \/>\n\t<meta property=\"og:image:width\" content=\"679\" \/>\n\t<meta property=\"og:image:height\" content=\"460\" \/>\n\t<meta property=\"og:image:type\" content=\"image\/jpeg\" \/>\n<meta name=\"twitter:card\" content=\"summary_large_image\" \/>\n<meta name=\"twitter:site\" content=\"@mauritian_foods\" \/>\n<script type=\"application\/ld+json\" class=\"yoast-schema-graph\">{\"@context\":\"https:\\\/\\\/schema.org\",\"@graph\":[{\"@type\":\"WebPage\",\"@id\":\"https:\\\/\\\/mauritianfoodsonline.com\\\/fr\\\/product\\\/citrouille-argentee\\\/\",\"url\":\"https:\\\/\\\/mauritianfoodsonline.com\\\/fr\\\/product\\\/citrouille-argentee\\\/\",\"name\":\"Pumkin Silver - Mauritian Foods Online\",\"isPartOf\":{\"@id\":\"https:\\\/\\\/mauritianfoodsonline.com\\\/#website\"},\"primaryImageOfPage\":{\"@id\":\"https:\\\/\\\/mauritianfoodsonline.com\\\/fr\\\/product\\\/citrouille-argentee\\\/#primaryimage\"},\"image\":{\"@id\":\"https:\\\/\\\/mauritianfoodsonline.com\\\/fr\\\/product\\\/citrouille-argentee\\\/#primaryimage\"},\"thumbnailUrl\":\"https:\\\/\\\/mauritianfoodsonline.com\\\/wp-content\\\/uploads\\\/2024\\\/11\\\/Silver-pumpkin-1.jpg\",\"datePublished\":\"2024-11-23T17:12:20+00:00\",\"dateModified\":\"2025-09-15T11:02:15+00:00\",\"description\":\"Les potirons argent\u00e9s sont appr\u00e9ci\u00e9s pour leur texture tendre et leur saveur l\u00e9g\u00e8rement plus douce que celle des autres vari\u00e9t\u00e9s de citrouilles. On les utilise couramment dans les soupes, les currys ou les plats r\u00f4tis. Gr\u00e2ce \u00e0 leur apparence remarquable et \u00e0 leur go\u00fbt d\u00e9licieux, les potirons argent\u00e9s constituent \u00e9galement d'excellentes pi\u00e8ces d\u00e9coratives pour les d\u00e9corations automnales. De plus, ils regorgent de nutriments comme la vitamine A, les fibres et les antioxydants, ce qui en fait un compl\u00e9ment nutritif \u00e0 tous les repas.\",\"breadcrumb\":{\"@id\":\"https:\\\/\\\/mauritianfoodsonline.com\\\/fr\\\/product\\\/citrouille-argentee\\\/#breadcrumb\"},\"inLanguage\":\"fr-FR\",\"potentialAction\":[{\"@type\":\"ReadAction\",\"target\":[\"https:\\\/\\\/mauritianfoodsonline.com\\\/fr\\\/product\\\/citrouille-argentee\\\/\"]}]},{\"@type\":\"ImageObject\",\"inLanguage\":\"fr-FR\",\"@id\":\"https:\\\/\\\/mauritianfoodsonline.com\\\/fr\\\/product\\\/citrouille-argentee\\\/#primaryimage\",\"url\":\"https:\\\/\\\/mauritianfoodsonline.com\\\/wp-content\\\/uploads\\\/2024\\\/11\\\/Silver-pumpkin-1.jpg\",\"contentUrl\":\"https:\\\/\\\/mauritianfoodsonline.com\\\/wp-content\\\/uploads\\\/2024\\\/11\\\/Silver-pumpkin-1.jpg\",\"width\":679,\"height\":460},{\"@type\":\"BreadcrumbList\",\"@id\":\"https:\\\/\\\/mauritianfoodsonline.com\\\/fr\\\/product\\\/citrouille-argentee\\\/#breadcrumb\",\"itemListElement\":[{\"@type\":\"ListItem\",\"position\":1,\"name\":\"Home\",\"item\":\"https:\\\/\\\/mauritianfoodsonline.com\\\/fr\\\/\"},{\"@type\":\"ListItem\",\"position\":2,\"name\":\"Magasin\",\"item\":\"https:\\\/\\\/mauritianfoodsonline.com\\\/magasin\\\/\"},{\"@type\":\"ListItem\",\"position\":3,\"name\":\"Pumkin Silver\"}]},{\"@type\":\"WebSite\",\"@id\":\"https:\\\/\\\/mauritianfoodsonline.com\\\/#website\",\"url\":\"https:\\\/\\\/mauritianfoodsonline.com\\\/\",\"name\":\"Mauritian Foods Online\",\"description\":\"Online\",\"publisher\":{\"@id\":\"https:\\\/\\\/mauritianfoodsonline.com\\\/#organization\"},\"potentialAction\":[{\"@type\":\"SearchAction\",\"target\":{\"@type\":\"EntryPoint\",\"urlTemplate\":\"https:\\\/\\\/mauritianfoodsonline.com\\\/?s={search_term_string}\"},\"query-input\":{\"@type\":\"PropertyValueSpecification\",\"valueRequired\":true,\"valueName\":\"search_term_string\"}}],\"inLanguage\":\"fr-FR\"},{\"@type\":\"Organization\",\"@id\":\"https:\\\/\\\/mauritianfoodsonline.com\\\/#organization\",\"name\":\"Mauritian Foods Online\",\"url\":\"https:\\\/\\\/mauritianfoodsonline.com\\\/\",\"logo\":{\"@type\":\"ImageObject\",\"inLanguage\":\"fr-FR\",\"@id\":\"https:\\\/\\\/mauritianfoodsonline.com\\\/#\\\/schema\\\/logo\\\/image\\\/\",\"url\":\"https:\\\/\\\/mauritianfoodsonline.com\\\/wp-content\\\/uploads\\\/2024\\\/11\\\/svgviewer-png-output-1.png\",\"contentUrl\":\"https:\\\/\\\/mauritianfoodsonline.com\\\/wp-content\\\/uploads\\\/2024\\\/11\\\/svgviewer-png-output-1.png\",\"width\":106,\"height\":109,\"caption\":\"Mauritian Foods Online\"},\"image\":{\"@id\":\"https:\\\/\\\/mauritianfoodsonline.com\\\/#\\\/schema\\\/logo\\\/image\\\/\"},\"sameAs\":[\"https:\\\/\\\/www.facebook.com\\\/mauritianfoodsonlineuk\\\/\",\"https:\\\/\\\/x.com\\\/mauritian_foods\",\"https:\\\/\\\/www.instagram.com\\\/mauritianfoodsonline\\\/#\"]}]}<\/script>\n<!-- \/ Yoast SEO plugin. -->","yoast_head_json":{"title":"Pumkin Silver - Mauritian Foods Online","description":"Les potirons argent\u00e9s sont appr\u00e9ci\u00e9s pour leur texture tendre et leur saveur l\u00e9g\u00e8rement plus douce que celle des autres vari\u00e9t\u00e9s de citrouilles. On les utilise couramment dans les soupes, les currys ou les plats r\u00f4tis. Gr\u00e2ce \u00e0 leur apparence remarquable et \u00e0 leur go\u00fbt d\u00e9licieux, les potirons argent\u00e9s constituent \u00e9galement d'excellentes pi\u00e8ces d\u00e9coratives pour les d\u00e9corations automnales. De plus, ils regorgent de nutriments comme la vitamine A, les fibres et les antioxydants, ce qui en fait un compl\u00e9ment nutritif \u00e0 tous les repas.","robots":{"index":"index","follow":"follow","max-snippet":"max-snippet:-1","max-image-preview":"max-image-preview:large","max-video-preview":"max-video-preview:-1"},"canonical":"https:\/\/mauritianfoodsonline.com\/fr\/product\/citrouille-argentee\/","og_locale":"fr_FR","og_type":"article","og_title":"Pumkin Silver - Mauritian Foods Online","og_description":"Les potirons argent\u00e9s sont appr\u00e9ci\u00e9s pour leur texture tendre et leur saveur l\u00e9g\u00e8rement plus douce que celle des autres vari\u00e9t\u00e9s de citrouilles. On les utilise couramment dans les soupes, les currys ou les plats r\u00f4tis. Gr\u00e2ce \u00e0 leur apparence remarquable et \u00e0 leur go\u00fbt d\u00e9licieux, les potirons argent\u00e9s constituent \u00e9galement d'excellentes pi\u00e8ces d\u00e9coratives pour les d\u00e9corations automnales. De plus, ils regorgent de nutriments comme la vitamine A, les fibres et les antioxydants, ce qui en fait un compl\u00e9ment nutritif \u00e0 tous les repas.","og_url":"https:\/\/mauritianfoodsonline.com\/fr\/product\/citrouille-argentee\/","og_site_name":"Mauritian Foods Online","article_publisher":"https:\/\/www.facebook.com\/mauritianfoodsonlineuk\/","article_modified_time":"2025-09-15T11:02:15+00:00","og_image":[{"width":679,"height":460,"url":"https:\/\/mauritianfoodsonline.com\/wp-content\/uploads\/2024\/11\/Silver-pumpkin-1.jpg","type":"image\/jpeg"}],"twitter_card":"summary_large_image","twitter_site":"@mauritian_foods","schema":{"@context":"https:\/\/schema.org","@graph":[{"@type":"WebPage","@id":"https:\/\/mauritianfoodsonline.com\/fr\/product\/citrouille-argentee\/","url":"https:\/\/mauritianfoodsonline.com\/fr\/product\/citrouille-argentee\/","name":"Pumkin Silver - Mauritian Foods Online","isPartOf":{"@id":"https:\/\/mauritianfoodsonline.com\/#website"},"primaryImageOfPage":{"@id":"https:\/\/mauritianfoodsonline.com\/fr\/product\/citrouille-argentee\/#primaryimage"},"image":{"@id":"https:\/\/mauritianfoodsonline.com\/fr\/product\/citrouille-argentee\/#primaryimage"},"thumbnailUrl":"https:\/\/mauritianfoodsonline.com\/wp-content\/uploads\/2024\/11\/Silver-pumpkin-1.jpg","datePublished":"2024-11-23T17:12:20+00:00","dateModified":"2025-09-15T11:02:15+00:00","description":"Les potirons argent\u00e9s sont appr\u00e9ci\u00e9s pour leur texture tendre et leur saveur l\u00e9g\u00e8rement plus douce que celle des autres vari\u00e9t\u00e9s de citrouilles. On les utilise couramment dans les soupes, les currys ou les plats r\u00f4tis. Gr\u00e2ce \u00e0 leur apparence remarquable et \u00e0 leur go\u00fbt d\u00e9licieux, les potirons argent\u00e9s constituent \u00e9galement d'excellentes pi\u00e8ces d\u00e9coratives pour les d\u00e9corations automnales. De plus, ils regorgent de nutriments comme la vitamine A, les fibres et les antioxydants, ce qui en fait un compl\u00e9ment nutritif \u00e0 tous les repas.","breadcrumb":{"@id":"https:\/\/mauritianfoodsonline.com\/fr\/product\/citrouille-argentee\/#breadcrumb"},"inLanguage":"fr-FR","potentialAction":[{"@type":"ReadAction","target":["https:\/\/mauritianfoodsonline.com\/fr\/product\/citrouille-argentee\/"]}]},{"@type":"ImageObject","inLanguage":"fr-FR","@id":"https:\/\/mauritianfoodsonline.com\/fr\/product\/citrouille-argentee\/#primaryimage","url":"https:\/\/mauritianfoodsonline.com\/wp-content\/uploads\/2024\/11\/Silver-pumpkin-1.jpg","contentUrl":"https:\/\/mauritianfoodsonline.com\/wp-content\/uploads\/2024\/11\/Silver-pumpkin-1.jpg","width":679,"height":460},{"@type":"BreadcrumbList","@id":"https:\/\/mauritianfoodsonline.com\/fr\/product\/citrouille-argentee\/#breadcrumb","itemListElement":[{"@type":"ListItem","position":1,"name":"Home","item":"https:\/\/mauritianfoodsonline.com\/fr\/"},{"@type":"ListItem","position":2,"name":"Magasin","item":"https:\/\/mauritianfoodsonline.com\/magasin\/"},{"@type":"ListItem","position":3,"name":"Pumkin Silver"}]},{"@type":"WebSite","@id":"https:\/\/mauritianfoodsonline.com\/#website","url":"https:\/\/mauritianfoodsonline.com\/","name":"Mauritian Foods Online","description":"Online","publisher":{"@id":"https:\/\/mauritianfoodsonline.com\/#organization"},"potentialAction":[{"@type":"SearchAction","target":{"@type":"EntryPoint","urlTemplate":"https:\/\/mauritianfoodsonline.com\/?s={search_term_string}"},"query-input":{"@type":"PropertyValueSpecification","valueRequired":true,"valueName":"search_term_string"}}],"inLanguage":"fr-FR"},{"@type":"Organization","@id":"https:\/\/mauritianfoodsonline.com\/#organization","name":"Mauritian Foods Online","url":"https:\/\/mauritianfoodsonline.com\/","logo":{"@type":"ImageObject","inLanguage":"fr-FR","@id":"https:\/\/mauritianfoodsonline.com\/#\/schema\/logo\/image\/","url":"https:\/\/mauritianfoodsonline.com\/wp-content\/uploads\/2024\/11\/svgviewer-png-output-1.png","contentUrl":"https:\/\/mauritianfoodsonline.com\/wp-content\/uploads\/2024\/11\/svgviewer-png-output-1.png","width":106,"height":109,"caption":"Mauritian Foods Online"},"image":{"@id":"https:\/\/mauritianfoodsonline.com\/#\/schema\/logo\/image\/"},"sameAs":["https:\/\/www.facebook.com\/mauritianfoodsonlineuk\/","https:\/\/x.com\/mauritian_foods","https:\/\/www.instagram.com\/mauritianfoodsonline\/#"]}]}},"_links":{"self":[{"href":"https:\/\/mauritianfoodsonline.com\/fr\/wp-json\/wp\/v2\/product\/41875","targetHints":{"allow":["GET"]}}],"collection":[{"href":"https:\/\/mauritianfoodsonline.com\/fr\/wp-json\/wp\/v2\/product"}],"about":[{"href":"https:\/\/mauritianfoodsonline.com\/fr\/wp-json\/wp\/v2\/types\/product"}],"replies":[{"embeddable":true,"href":"https:\/\/mauritianfoodsonline.com\/fr\/wp-json\/wp\/v2\/comments?post=41875"}],"wp:featuredmedia":[{"embeddable":true,"href":"https:\/\/mauritianfoodsonline.com\/fr\/wp-json\/wp\/v2\/media\/40070"}],"wp:attachment":[{"href":"https:\/\/mauritianfoodsonline.com\/fr\/wp-json\/wp\/v2\/media?parent=41875"}],"wp:term":[{"taxonomy":"special-offers","embeddable":true,"href":"https:\/\/mauritianfoodsonline.com\/fr\/wp-json\/wp\/v2\/special-offers?post=41875"},{"taxonomy":"product_brand","embeddable":true,"href":"https:\/\/mauritianfoodsonline.com\/fr\/wp-json\/wp\/v2\/product_brand?post=41875"},{"taxonomy":"product_cat","embeddable":true,"href":"https:\/\/mauritianfoodsonline.com\/fr\/wp-json\/wp\/v2\/product_cat?post=41875"},{"taxonomy":"product_tag","embeddable":true,"href":"https:\/\/mauritianfoodsonline.com\/fr\/wp-json\/wp\/v2\/product_tag?post=41875"}],"curies":[{"name":"wp","href":"https:\/\/api.w.org\/{rel}","templated":true}]}}