{"id":41886,"date":"2024-11-25T13:54:48","date_gmt":"2024-11-25T13:54:48","guid":{"rendered":"https:\/\/mauritianfoodsonline.com\/product\/citron\/"},"modified":"2025-05-05T11:30:34","modified_gmt":"2025-05-05T11:30:34","slug":"citron","status":"publish","type":"product","link":"https:\/\/mauritianfoodsonline.com\/fr\/product\/citron\/","title":{"rendered":"Lemon"},"content":{"rendered":"<p>Les citrons sont tr\u00e8s polyvalents en cuisine, utilis\u00e9s pour leur jus, leur zeste ou leur \u00e9corce. Le jus est souvent utilis\u00e9 pour relever la saveur des plats, dans les vinaigrettes, les marinades ou les boissons comme la limonade. Le zeste, l&rsquo;\u00e9corce ext\u00e9rieure du fruit, apporte une note citronn\u00e9e parfum\u00e9e aux desserts, p\u00e2tisseries et plats sal\u00e9s. Le citron peut \u00e9galement \u00eatre utilis\u00e9 pour ses propri\u00e9t\u00e9s nettoyantes, son acidit\u00e9 naturelle en faisant un nettoyant efficace et \u00e9cologique.   <\/p>\n","protected":false},"excerpt":{"rendered":"<p>Pays d&rsquo;origine <strong>:<\/strong> EUROPE<\/p>\n<p>Les citrons sont des agrumes d&rsquo;un jaune \u00e9clatant, r\u00e9put\u00e9s pour leur saveur acidul\u00e9e et acidul\u00e9e et leur ar\u00f4me rafra\u00eechissant. De forme ovale, ils poss\u00e8dent une \u00e9corce \u00e9paisse et textur\u00e9e, et une chair juteuse et segment\u00e9e. Riches en vitamine C, les citrons sont r\u00e9put\u00e9s pour leurs propri\u00e9t\u00e9s immunostimulantes et constituent \u00e9galement une bonne source d&rsquo;antioxydants, de fibres et de divers autres vitamines et min\u00e9raux.  <\/p>\n","protected":false},"featured_media":39632,"comment_status":"open","ping_status":"closed","template":"","meta":{"_acf_changed":false},"special-offers":[],"product_brand":[],"product_cat":[15],"product_tag":[346],"class_list":{"0":"post-41886","1":"product","2":"type-product","3":"status-publish","4":"has-post-thumbnail","6":"product_cat-uncategorized","7":"product_tag-curry-leaves","9":"first","10":"instock","11":"taxable","12":"shipping-taxable","13":"purchasable","14":"product-type-simple","15":"add-to-wishlist-before_image"},"acf":[],"yoast_head":"<!-- This site is optimized with the Yoast SEO plugin v27.3 - https:\/\/yoast.com\/product\/yoast-seo-wordpress\/ -->\n<title>Lemon - Mauritian Foods Online<\/title>\n<meta name=\"description\" content=\"Les citrons sont des agrume jaune vif r\u00e9put\u00e9s pour leur saveur acidul\u00e9e et leur ar\u00f4me rafra\u00eechissant. De forme ovale, ils poss\u00e8dent une \u00e9corce \u00e9paisse et textur\u00e9e, et une chair juteuse et segment\u00e9e. Riches en vitamine C, les citrons sont reconnus pour leurs propri\u00e9t\u00e9s immunostimulantes et constituent \u00e9galement une excellente source d&#039;antioxydants, de fibres et de divers autres vitamines et min\u00e9raux. Les citrons sont tr\u00e8s polyvalents en cuisine, utilis\u00e9s pour leur jus, leur zeste ou leur \u00e9corce. Le jus est souvent utilis\u00e9 pour rehausser la saveur des plats, dans les vinaigrettes, les marinades ou les boissons comme la limonade. Le zeste, l&#039;\u00e9corce ext\u00e9rieure du fruit, apporte une touche d&#039;agrumes parfum\u00e9e aux desserts, p\u00e2tisseries et plats sal\u00e9s. Les citrons peuvent \u00e9galement \u00eatre utilis\u00e9s pour leurs propri\u00e9t\u00e9s nettoyantes, leur acidit\u00e9 naturelle en faisant un nettoyant efficace et \u00e9cologique. Press\u00e9s dans une boisson rafra\u00eechissante, ajout\u00e9s \u00e0 une recette ou simplement utilis\u00e9s en d\u00e9coration, les citrons sont un incontournable en cuisine et dans la maison.\" \/>\n<meta name=\"robots\" content=\"index, follow, max-snippet:-1, max-image-preview:large, max-video-preview:-1\" \/>\n<link rel=\"canonical\" href=\"https:\/\/mauritianfoodsonline.com\/fr\/product\/citron\/\" \/>\n<meta property=\"og:locale\" content=\"fr_FR\" \/>\n<meta property=\"og:type\" content=\"article\" \/>\n<meta property=\"og:title\" content=\"Lemon - Mauritian Foods Online\" \/>\n<meta property=\"og:description\" content=\"Les citrons sont des agrume jaune vif r\u00e9put\u00e9s pour leur saveur acidul\u00e9e et leur ar\u00f4me rafra\u00eechissant. De forme ovale, ils poss\u00e8dent une \u00e9corce \u00e9paisse et textur\u00e9e, et une chair juteuse et segment\u00e9e. Riches en vitamine C, les citrons sont reconnus pour leurs propri\u00e9t\u00e9s immunostimulantes et constituent \u00e9galement une excellente source d&#039;antioxydants, de fibres et de divers autres vitamines et min\u00e9raux. Les citrons sont tr\u00e8s polyvalents en cuisine, utilis\u00e9s pour leur jus, leur zeste ou leur \u00e9corce. Le jus est souvent utilis\u00e9 pour rehausser la saveur des plats, dans les vinaigrettes, les marinades ou les boissons comme la limonade. Le zeste, l&#039;\u00e9corce ext\u00e9rieure du fruit, apporte une touche d&#039;agrumes parfum\u00e9e aux desserts, p\u00e2tisseries et plats sal\u00e9s. Les citrons peuvent \u00e9galement \u00eatre utilis\u00e9s pour leurs propri\u00e9t\u00e9s nettoyantes, leur acidit\u00e9 naturelle en faisant un nettoyant efficace et \u00e9cologique. Press\u00e9s dans une boisson rafra\u00eechissante, ajout\u00e9s \u00e0 une recette ou simplement utilis\u00e9s en d\u00e9coration, les citrons sont un incontournable en cuisine et dans la maison.\" \/>\n<meta property=\"og:url\" content=\"https:\/\/mauritianfoodsonline.com\/fr\/product\/citron\/\" \/>\n<meta property=\"og:site_name\" content=\"Mauritian Foods Online\" \/>\n<meta property=\"article:publisher\" content=\"https:\/\/www.facebook.com\/mauritianfoodsonlineuk\/\" \/>\n<meta property=\"article:modified_time\" content=\"2025-05-05T11:30:34+00:00\" \/>\n<meta property=\"og:image\" content=\"https:\/\/mauritianfoodsonline.com\/wp-content\/uploads\/2024\/11\/lemon-table-scaled.jpg\" \/>\n\t<meta property=\"og:image:width\" content=\"2560\" \/>\n\t<meta property=\"og:image:height\" content=\"2314\" \/>\n\t<meta property=\"og:image:type\" content=\"image\/jpeg\" \/>\n<meta name=\"twitter:card\" content=\"summary_large_image\" \/>\n<meta name=\"twitter:site\" content=\"@mauritian_foods\" \/>\n<script type=\"application\/ld+json\" class=\"yoast-schema-graph\">{\"@context\":\"https:\\\/\\\/schema.org\",\"@graph\":[{\"@type\":\"WebPage\",\"@id\":\"https:\\\/\\\/mauritianfoodsonline.com\\\/fr\\\/product\\\/citron\\\/\",\"url\":\"https:\\\/\\\/mauritianfoodsonline.com\\\/fr\\\/product\\\/citron\\\/\",\"name\":\"Lemon - Mauritian Foods Online\",\"isPartOf\":{\"@id\":\"https:\\\/\\\/mauritianfoodsonline.com\\\/#website\"},\"primaryImageOfPage\":{\"@id\":\"https:\\\/\\\/mauritianfoodsonline.com\\\/fr\\\/product\\\/citron\\\/#primaryimage\"},\"image\":{\"@id\":\"https:\\\/\\\/mauritianfoodsonline.com\\\/fr\\\/product\\\/citron\\\/#primaryimage\"},\"thumbnailUrl\":\"https:\\\/\\\/mauritianfoodsonline.com\\\/wp-content\\\/uploads\\\/2024\\\/11\\\/lemon-table-scaled.jpg\",\"datePublished\":\"2024-11-25T13:54:48+00:00\",\"dateModified\":\"2025-05-05T11:30:34+00:00\",\"description\":\"Les citrons sont des agrume jaune vif r\u00e9put\u00e9s pour leur saveur acidul\u00e9e et leur ar\u00f4me rafra\u00eechissant. De forme ovale, ils poss\u00e8dent une \u00e9corce \u00e9paisse et textur\u00e9e, et une chair juteuse et segment\u00e9e. Riches en vitamine C, les citrons sont reconnus pour leurs propri\u00e9t\u00e9s immunostimulantes et constituent \u00e9galement une excellente source d'antioxydants, de fibres et de divers autres vitamines et min\u00e9raux. Les citrons sont tr\u00e8s polyvalents en cuisine, utilis\u00e9s pour leur jus, leur zeste ou leur \u00e9corce. Le jus est souvent utilis\u00e9 pour rehausser la saveur des plats, dans les vinaigrettes, les marinades ou les boissons comme la limonade. Le zeste, l'\u00e9corce ext\u00e9rieure du fruit, apporte une touche d'agrumes parfum\u00e9e aux desserts, p\u00e2tisseries et plats sal\u00e9s. Les citrons peuvent \u00e9galement \u00eatre utilis\u00e9s pour leurs propri\u00e9t\u00e9s nettoyantes, leur acidit\u00e9 naturelle en faisant un nettoyant efficace et \u00e9cologique. Press\u00e9s dans une boisson rafra\u00eechissante, ajout\u00e9s \u00e0 une recette ou simplement utilis\u00e9s en d\u00e9coration, les citrons sont un incontournable en cuisine et dans la maison.\",\"breadcrumb\":{\"@id\":\"https:\\\/\\\/mauritianfoodsonline.com\\\/fr\\\/product\\\/citron\\\/#breadcrumb\"},\"inLanguage\":\"fr-FR\",\"potentialAction\":[{\"@type\":\"ReadAction\",\"target\":[\"https:\\\/\\\/mauritianfoodsonline.com\\\/fr\\\/product\\\/citron\\\/\"]}]},{\"@type\":\"ImageObject\",\"inLanguage\":\"fr-FR\",\"@id\":\"https:\\\/\\\/mauritianfoodsonline.com\\\/fr\\\/product\\\/citron\\\/#primaryimage\",\"url\":\"https:\\\/\\\/mauritianfoodsonline.com\\\/wp-content\\\/uploads\\\/2024\\\/11\\\/lemon-table-scaled.jpg\",\"contentUrl\":\"https:\\\/\\\/mauritianfoodsonline.com\\\/wp-content\\\/uploads\\\/2024\\\/11\\\/lemon-table-scaled.jpg\",\"width\":2560,\"height\":2314,\"caption\":\"Citrus, sour. Lemon on the table\"},{\"@type\":\"BreadcrumbList\",\"@id\":\"https:\\\/\\\/mauritianfoodsonline.com\\\/fr\\\/product\\\/citron\\\/#breadcrumb\",\"itemListElement\":[{\"@type\":\"ListItem\",\"position\":1,\"name\":\"Home\",\"item\":\"https:\\\/\\\/mauritianfoodsonline.com\\\/fr\\\/\"},{\"@type\":\"ListItem\",\"position\":2,\"name\":\"Magasin\",\"item\":\"https:\\\/\\\/mauritianfoodsonline.com\\\/magasin\\\/\"},{\"@type\":\"ListItem\",\"position\":3,\"name\":\"Lemon\"}]},{\"@type\":\"WebSite\",\"@id\":\"https:\\\/\\\/mauritianfoodsonline.com\\\/#website\",\"url\":\"https:\\\/\\\/mauritianfoodsonline.com\\\/\",\"name\":\"Mauritian Foods Online\",\"description\":\"Online\",\"publisher\":{\"@id\":\"https:\\\/\\\/mauritianfoodsonline.com\\\/#organization\"},\"potentialAction\":[{\"@type\":\"SearchAction\",\"target\":{\"@type\":\"EntryPoint\",\"urlTemplate\":\"https:\\\/\\\/mauritianfoodsonline.com\\\/?s={search_term_string}\"},\"query-input\":{\"@type\":\"PropertyValueSpecification\",\"valueRequired\":true,\"valueName\":\"search_term_string\"}}],\"inLanguage\":\"fr-FR\"},{\"@type\":\"Organization\",\"@id\":\"https:\\\/\\\/mauritianfoodsonline.com\\\/#organization\",\"name\":\"Mauritian Foods Online\",\"url\":\"https:\\\/\\\/mauritianfoodsonline.com\\\/\",\"logo\":{\"@type\":\"ImageObject\",\"inLanguage\":\"fr-FR\",\"@id\":\"https:\\\/\\\/mauritianfoodsonline.com\\\/#\\\/schema\\\/logo\\\/image\\\/\",\"url\":\"https:\\\/\\\/mauritianfoodsonline.com\\\/wp-content\\\/uploads\\\/2024\\\/11\\\/svgviewer-png-output-1.png\",\"contentUrl\":\"https:\\\/\\\/mauritianfoodsonline.com\\\/wp-content\\\/uploads\\\/2024\\\/11\\\/svgviewer-png-output-1.png\",\"width\":106,\"height\":109,\"caption\":\"Mauritian Foods Online\"},\"image\":{\"@id\":\"https:\\\/\\\/mauritianfoodsonline.com\\\/#\\\/schema\\\/logo\\\/image\\\/\"},\"sameAs\":[\"https:\\\/\\\/www.facebook.com\\\/mauritianfoodsonlineuk\\\/\",\"https:\\\/\\\/x.com\\\/mauritian_foods\",\"https:\\\/\\\/www.instagram.com\\\/mauritianfoodsonline\\\/#\"]}]}<\/script>\n<!-- \/ Yoast SEO plugin. -->","yoast_head_json":{"title":"Lemon - Mauritian Foods Online","description":"Les citrons sont des agrume jaune vif r\u00e9put\u00e9s pour leur saveur acidul\u00e9e et leur ar\u00f4me rafra\u00eechissant. De forme ovale, ils poss\u00e8dent une \u00e9corce \u00e9paisse et textur\u00e9e, et une chair juteuse et segment\u00e9e. Riches en vitamine C, les citrons sont reconnus pour leurs propri\u00e9t\u00e9s immunostimulantes et constituent \u00e9galement une excellente source d'antioxydants, de fibres et de divers autres vitamines et min\u00e9raux. Les citrons sont tr\u00e8s polyvalents en cuisine, utilis\u00e9s pour leur jus, leur zeste ou leur \u00e9corce. Le jus est souvent utilis\u00e9 pour rehausser la saveur des plats, dans les vinaigrettes, les marinades ou les boissons comme la limonade. Le zeste, l'\u00e9corce ext\u00e9rieure du fruit, apporte une touche d'agrumes parfum\u00e9e aux desserts, p\u00e2tisseries et plats sal\u00e9s. Les citrons peuvent \u00e9galement \u00eatre utilis\u00e9s pour leurs propri\u00e9t\u00e9s nettoyantes, leur acidit\u00e9 naturelle en faisant un nettoyant efficace et \u00e9cologique. Press\u00e9s dans une boisson rafra\u00eechissante, ajout\u00e9s \u00e0 une recette ou simplement utilis\u00e9s en d\u00e9coration, les citrons sont un incontournable en cuisine et dans la maison.","robots":{"index":"index","follow":"follow","max-snippet":"max-snippet:-1","max-image-preview":"max-image-preview:large","max-video-preview":"max-video-preview:-1"},"canonical":"https:\/\/mauritianfoodsonline.com\/fr\/product\/citron\/","og_locale":"fr_FR","og_type":"article","og_title":"Lemon - Mauritian Foods Online","og_description":"Les citrons sont des agrume jaune vif r\u00e9put\u00e9s pour leur saveur acidul\u00e9e et leur ar\u00f4me rafra\u00eechissant. De forme ovale, ils poss\u00e8dent une \u00e9corce \u00e9paisse et textur\u00e9e, et une chair juteuse et segment\u00e9e. Riches en vitamine C, les citrons sont reconnus pour leurs propri\u00e9t\u00e9s immunostimulantes et constituent \u00e9galement une excellente source d'antioxydants, de fibres et de divers autres vitamines et min\u00e9raux. Les citrons sont tr\u00e8s polyvalents en cuisine, utilis\u00e9s pour leur jus, leur zeste ou leur \u00e9corce. Le jus est souvent utilis\u00e9 pour rehausser la saveur des plats, dans les vinaigrettes, les marinades ou les boissons comme la limonade. Le zeste, l'\u00e9corce ext\u00e9rieure du fruit, apporte une touche d'agrumes parfum\u00e9e aux desserts, p\u00e2tisseries et plats sal\u00e9s. Les citrons peuvent \u00e9galement \u00eatre utilis\u00e9s pour leurs propri\u00e9t\u00e9s nettoyantes, leur acidit\u00e9 naturelle en faisant un nettoyant efficace et \u00e9cologique. Press\u00e9s dans une boisson rafra\u00eechissante, ajout\u00e9s \u00e0 une recette ou simplement utilis\u00e9s en d\u00e9coration, les citrons sont un incontournable en cuisine et dans la maison.","og_url":"https:\/\/mauritianfoodsonline.com\/fr\/product\/citron\/","og_site_name":"Mauritian Foods Online","article_publisher":"https:\/\/www.facebook.com\/mauritianfoodsonlineuk\/","article_modified_time":"2025-05-05T11:30:34+00:00","og_image":[{"width":2560,"height":2314,"url":"https:\/\/mauritianfoodsonline.com\/wp-content\/uploads\/2024\/11\/lemon-table-scaled.jpg","type":"image\/jpeg"}],"twitter_card":"summary_large_image","twitter_site":"@mauritian_foods","schema":{"@context":"https:\/\/schema.org","@graph":[{"@type":"WebPage","@id":"https:\/\/mauritianfoodsonline.com\/fr\/product\/citron\/","url":"https:\/\/mauritianfoodsonline.com\/fr\/product\/citron\/","name":"Lemon - Mauritian Foods Online","isPartOf":{"@id":"https:\/\/mauritianfoodsonline.com\/#website"},"primaryImageOfPage":{"@id":"https:\/\/mauritianfoodsonline.com\/fr\/product\/citron\/#primaryimage"},"image":{"@id":"https:\/\/mauritianfoodsonline.com\/fr\/product\/citron\/#primaryimage"},"thumbnailUrl":"https:\/\/mauritianfoodsonline.com\/wp-content\/uploads\/2024\/11\/lemon-table-scaled.jpg","datePublished":"2024-11-25T13:54:48+00:00","dateModified":"2025-05-05T11:30:34+00:00","description":"Les citrons sont des agrume jaune vif r\u00e9put\u00e9s pour leur saveur acidul\u00e9e et leur ar\u00f4me rafra\u00eechissant. De forme ovale, ils poss\u00e8dent une \u00e9corce \u00e9paisse et textur\u00e9e, et une chair juteuse et segment\u00e9e. Riches en vitamine C, les citrons sont reconnus pour leurs propri\u00e9t\u00e9s immunostimulantes et constituent \u00e9galement une excellente source d'antioxydants, de fibres et de divers autres vitamines et min\u00e9raux. Les citrons sont tr\u00e8s polyvalents en cuisine, utilis\u00e9s pour leur jus, leur zeste ou leur \u00e9corce. Le jus est souvent utilis\u00e9 pour rehausser la saveur des plats, dans les vinaigrettes, les marinades ou les boissons comme la limonade. Le zeste, l'\u00e9corce ext\u00e9rieure du fruit, apporte une touche d'agrumes parfum\u00e9e aux desserts, p\u00e2tisseries et plats sal\u00e9s. Les citrons peuvent \u00e9galement \u00eatre utilis\u00e9s pour leurs propri\u00e9t\u00e9s nettoyantes, leur acidit\u00e9 naturelle en faisant un nettoyant efficace et \u00e9cologique. Press\u00e9s dans une boisson rafra\u00eechissante, ajout\u00e9s \u00e0 une recette ou simplement utilis\u00e9s en d\u00e9coration, les citrons sont un incontournable en cuisine et dans la maison.","breadcrumb":{"@id":"https:\/\/mauritianfoodsonline.com\/fr\/product\/citron\/#breadcrumb"},"inLanguage":"fr-FR","potentialAction":[{"@type":"ReadAction","target":["https:\/\/mauritianfoodsonline.com\/fr\/product\/citron\/"]}]},{"@type":"ImageObject","inLanguage":"fr-FR","@id":"https:\/\/mauritianfoodsonline.com\/fr\/product\/citron\/#primaryimage","url":"https:\/\/mauritianfoodsonline.com\/wp-content\/uploads\/2024\/11\/lemon-table-scaled.jpg","contentUrl":"https:\/\/mauritianfoodsonline.com\/wp-content\/uploads\/2024\/11\/lemon-table-scaled.jpg","width":2560,"height":2314,"caption":"Citrus, sour. Lemon on the table"},{"@type":"BreadcrumbList","@id":"https:\/\/mauritianfoodsonline.com\/fr\/product\/citron\/#breadcrumb","itemListElement":[{"@type":"ListItem","position":1,"name":"Home","item":"https:\/\/mauritianfoodsonline.com\/fr\/"},{"@type":"ListItem","position":2,"name":"Magasin","item":"https:\/\/mauritianfoodsonline.com\/magasin\/"},{"@type":"ListItem","position":3,"name":"Lemon"}]},{"@type":"WebSite","@id":"https:\/\/mauritianfoodsonline.com\/#website","url":"https:\/\/mauritianfoodsonline.com\/","name":"Mauritian Foods Online","description":"Online","publisher":{"@id":"https:\/\/mauritianfoodsonline.com\/#organization"},"potentialAction":[{"@type":"SearchAction","target":{"@type":"EntryPoint","urlTemplate":"https:\/\/mauritianfoodsonline.com\/?s={search_term_string}"},"query-input":{"@type":"PropertyValueSpecification","valueRequired":true,"valueName":"search_term_string"}}],"inLanguage":"fr-FR"},{"@type":"Organization","@id":"https:\/\/mauritianfoodsonline.com\/#organization","name":"Mauritian Foods Online","url":"https:\/\/mauritianfoodsonline.com\/","logo":{"@type":"ImageObject","inLanguage":"fr-FR","@id":"https:\/\/mauritianfoodsonline.com\/#\/schema\/logo\/image\/","url":"https:\/\/mauritianfoodsonline.com\/wp-content\/uploads\/2024\/11\/svgviewer-png-output-1.png","contentUrl":"https:\/\/mauritianfoodsonline.com\/wp-content\/uploads\/2024\/11\/svgviewer-png-output-1.png","width":106,"height":109,"caption":"Mauritian Foods Online"},"image":{"@id":"https:\/\/mauritianfoodsonline.com\/#\/schema\/logo\/image\/"},"sameAs":["https:\/\/www.facebook.com\/mauritianfoodsonlineuk\/","https:\/\/x.com\/mauritian_foods","https:\/\/www.instagram.com\/mauritianfoodsonline\/#"]}]}},"_links":{"self":[{"href":"https:\/\/mauritianfoodsonline.com\/fr\/wp-json\/wp\/v2\/product\/41886","targetHints":{"allow":["GET"]}}],"collection":[{"href":"https:\/\/mauritianfoodsonline.com\/fr\/wp-json\/wp\/v2\/product"}],"about":[{"href":"https:\/\/mauritianfoodsonline.com\/fr\/wp-json\/wp\/v2\/types\/product"}],"replies":[{"embeddable":true,"href":"https:\/\/mauritianfoodsonline.com\/fr\/wp-json\/wp\/v2\/comments?post=41886"}],"wp:featuredmedia":[{"embeddable":true,"href":"https:\/\/mauritianfoodsonline.com\/fr\/wp-json\/wp\/v2\/media\/39632"}],"wp:attachment":[{"href":"https:\/\/mauritianfoodsonline.com\/fr\/wp-json\/wp\/v2\/media?parent=41886"}],"wp:term":[{"taxonomy":"special-offers","embeddable":true,"href":"https:\/\/mauritianfoodsonline.com\/fr\/wp-json\/wp\/v2\/special-offers?post=41886"},{"taxonomy":"product_brand","embeddable":true,"href":"https:\/\/mauritianfoodsonline.com\/fr\/wp-json\/wp\/v2\/product_brand?post=41886"},{"taxonomy":"product_cat","embeddable":true,"href":"https:\/\/mauritianfoodsonline.com\/fr\/wp-json\/wp\/v2\/product_cat?post=41886"},{"taxonomy":"product_tag","embeddable":true,"href":"https:\/\/mauritianfoodsonline.com\/fr\/wp-json\/wp\/v2\/product_tag?post=41886"}],"curies":[{"name":"wp","href":"https:\/\/api.w.org\/{rel}","templated":true}]}}