{"id":41905,"date":"2024-11-26T14:09:44","date_gmt":"2024-11-26T14:09:44","guid":{"rendered":"https:\/\/mauritianfoodsonline.com\/product\/aubergine\/"},"modified":"2025-05-05T11:30:38","modified_gmt":"2025-05-05T11:30:38","slug":"aubergine","status":"publish","type":"product","link":"https:\/\/mauritianfoodsonline.com\/fr\/product\/aubergine\/","title":{"rendered":"Aubergine"},"content":{"rendered":"<p>Les aubergines sont souvent saut\u00e9es, grill\u00e9es, r\u00f4ties ou cuites au four. Elles ont tendance \u00e0 bien absorber les saveurs des \u00e9pices, des herbes et des huiles. Certaines personnes salent \u00e9galement la chair d&rsquo;une aubergine avant la cuisson pour att\u00e9nuer son amertume et en extraire l&rsquo;exc\u00e8s d&rsquo;humidit\u00e9. <\/p>\n","protected":false},"excerpt":{"rendered":"<p>L&rsquo;aubergine est un l\u00e9gume. Elle est g\u00e9n\u00e9ralement violette, mais peut aussi se d\u00e9cliner en d&rsquo;autres couleurs, comme le blanc ou le vert. Crue, l&rsquo;aubergine a un go\u00fbt doux et l\u00e9g\u00e8rement amer, mais cuite, elle devient tendre et d\u00e9veloppe une saveur riche.  <\/p>\n<p>&nbsp;<\/p>\n","protected":false},"featured_media":39554,"comment_status":"open","ping_status":"closed","template":"","meta":{"_acf_changed":false},"special-offers":[],"product_brand":[],"product_cat":[15],"product_tag":[346],"class_list":{"0":"post-41905","1":"product","2":"type-product","3":"status-publish","4":"has-post-thumbnail","6":"product_cat-uncategorized","7":"product_tag-curry-leaves","9":"first","10":"instock","11":"taxable","12":"shipping-taxable","13":"purchasable","14":"product-type-simple","15":"add-to-wishlist-before_image"},"acf":[],"yoast_head":"<!-- This site is optimized with the Yoast SEO plugin v27.3 - https:\/\/yoast.com\/product\/yoast-seo-wordpress\/ -->\n<title>Aubergine - Mauritian Foods Online<\/title>\n<meta name=\"robots\" content=\"index, follow, max-snippet:-1, max-image-preview:large, max-video-preview:-1\" \/>\n<link rel=\"canonical\" href=\"https:\/\/mauritianfoodsonline.com\/fr\/product\/aubergine\/\" \/>\n<meta property=\"og:locale\" content=\"fr_FR\" \/>\n<meta property=\"og:type\" content=\"article\" \/>\n<meta property=\"og:title\" content=\"Aubergine - Mauritian Foods Online\" \/>\n<meta property=\"og:description\" content=\"L&#039;aubergine est un l\u00e9gume. Elle est g\u00e9n\u00e9ralement violette, mais peut aussi se d\u00e9cliner en d&#039;autres couleurs, comme le blanc ou le vert. Crue, l&#039;aubergine a un go\u00fbt doux et l\u00e9g\u00e8rement amer, mais cuite, elle devient tendre et d\u00e9veloppe une saveur riche.  &nbsp;\" \/>\n<meta property=\"og:url\" content=\"https:\/\/mauritianfoodsonline.com\/fr\/product\/aubergine\/\" \/>\n<meta property=\"og:site_name\" content=\"Mauritian Foods Online\" \/>\n<meta property=\"article:publisher\" content=\"https:\/\/www.facebook.com\/mauritianfoodsonlineuk\/\" \/>\n<meta property=\"article:modified_time\" content=\"2025-05-05T11:30:38+00:00\" \/>\n<meta property=\"og:image\" content=\"https:\/\/mauritianfoodsonline.com\/wp-content\/uploads\/2024\/11\/Aubergine-scaled.jpg\" \/>\n\t<meta property=\"og:image:width\" content=\"2560\" \/>\n\t<meta property=\"og:image:height\" content=\"2452\" \/>\n\t<meta property=\"og:image:type\" content=\"image\/jpeg\" \/>\n<meta name=\"twitter:card\" content=\"summary_large_image\" \/>\n<meta name=\"twitter:site\" content=\"@mauritian_foods\" \/>\n<script type=\"application\/ld+json\" class=\"yoast-schema-graph\">{\"@context\":\"https:\\\/\\\/schema.org\",\"@graph\":[{\"@type\":\"WebPage\",\"@id\":\"https:\\\/\\\/mauritianfoodsonline.com\\\/fr\\\/product\\\/aubergine\\\/\",\"url\":\"https:\\\/\\\/mauritianfoodsonline.com\\\/fr\\\/product\\\/aubergine\\\/\",\"name\":\"Aubergine - Mauritian Foods Online\",\"isPartOf\":{\"@id\":\"https:\\\/\\\/mauritianfoodsonline.com\\\/#website\"},\"primaryImageOfPage\":{\"@id\":\"https:\\\/\\\/mauritianfoodsonline.com\\\/fr\\\/product\\\/aubergine\\\/#primaryimage\"},\"image\":{\"@id\":\"https:\\\/\\\/mauritianfoodsonline.com\\\/fr\\\/product\\\/aubergine\\\/#primaryimage\"},\"thumbnailUrl\":\"https:\\\/\\\/mauritianfoodsonline.com\\\/wp-content\\\/uploads\\\/2024\\\/11\\\/Aubergine-scaled.jpg\",\"datePublished\":\"2024-11-26T14:09:44+00:00\",\"dateModified\":\"2025-05-05T11:30:38+00:00\",\"breadcrumb\":{\"@id\":\"https:\\\/\\\/mauritianfoodsonline.com\\\/fr\\\/product\\\/aubergine\\\/#breadcrumb\"},\"inLanguage\":\"fr-FR\",\"potentialAction\":[{\"@type\":\"ReadAction\",\"target\":[\"https:\\\/\\\/mauritianfoodsonline.com\\\/fr\\\/product\\\/aubergine\\\/\"]}]},{\"@type\":\"ImageObject\",\"inLanguage\":\"fr-FR\",\"@id\":\"https:\\\/\\\/mauritianfoodsonline.com\\\/fr\\\/product\\\/aubergine\\\/#primaryimage\",\"url\":\"https:\\\/\\\/mauritianfoodsonline.com\\\/wp-content\\\/uploads\\\/2024\\\/11\\\/Aubergine-scaled.jpg\",\"contentUrl\":\"https:\\\/\\\/mauritianfoodsonline.com\\\/wp-content\\\/uploads\\\/2024\\\/11\\\/Aubergine-scaled.jpg\",\"width\":2560,\"height\":2452,\"caption\":\"Eggplant on a white background\"},{\"@type\":\"BreadcrumbList\",\"@id\":\"https:\\\/\\\/mauritianfoodsonline.com\\\/fr\\\/product\\\/aubergine\\\/#breadcrumb\",\"itemListElement\":[{\"@type\":\"ListItem\",\"position\":1,\"name\":\"Home\",\"item\":\"https:\\\/\\\/mauritianfoodsonline.com\\\/fr\\\/\"},{\"@type\":\"ListItem\",\"position\":2,\"name\":\"Magasin\",\"item\":\"https:\\\/\\\/mauritianfoodsonline.com\\\/magasin\\\/\"},{\"@type\":\"ListItem\",\"position\":3,\"name\":\"Aubergine\"}]},{\"@type\":\"WebSite\",\"@id\":\"https:\\\/\\\/mauritianfoodsonline.com\\\/#website\",\"url\":\"https:\\\/\\\/mauritianfoodsonline.com\\\/\",\"name\":\"Mauritian Foods Online\",\"description\":\"Online\",\"publisher\":{\"@id\":\"https:\\\/\\\/mauritianfoodsonline.com\\\/#organization\"},\"potentialAction\":[{\"@type\":\"SearchAction\",\"target\":{\"@type\":\"EntryPoint\",\"urlTemplate\":\"https:\\\/\\\/mauritianfoodsonline.com\\\/?s={search_term_string}\"},\"query-input\":{\"@type\":\"PropertyValueSpecification\",\"valueRequired\":true,\"valueName\":\"search_term_string\"}}],\"inLanguage\":\"fr-FR\"},{\"@type\":\"Organization\",\"@id\":\"https:\\\/\\\/mauritianfoodsonline.com\\\/#organization\",\"name\":\"Mauritian Foods Online\",\"url\":\"https:\\\/\\\/mauritianfoodsonline.com\\\/\",\"logo\":{\"@type\":\"ImageObject\",\"inLanguage\":\"fr-FR\",\"@id\":\"https:\\\/\\\/mauritianfoodsonline.com\\\/#\\\/schema\\\/logo\\\/image\\\/\",\"url\":\"https:\\\/\\\/mauritianfoodsonline.com\\\/wp-content\\\/uploads\\\/2024\\\/11\\\/svgviewer-png-output-1.png\",\"contentUrl\":\"https:\\\/\\\/mauritianfoodsonline.com\\\/wp-content\\\/uploads\\\/2024\\\/11\\\/svgviewer-png-output-1.png\",\"width\":106,\"height\":109,\"caption\":\"Mauritian Foods Online\"},\"image\":{\"@id\":\"https:\\\/\\\/mauritianfoodsonline.com\\\/#\\\/schema\\\/logo\\\/image\\\/\"},\"sameAs\":[\"https:\\\/\\\/www.facebook.com\\\/mauritianfoodsonlineuk\\\/\",\"https:\\\/\\\/x.com\\\/mauritian_foods\",\"https:\\\/\\\/www.instagram.com\\\/mauritianfoodsonline\\\/#\"]}]}<\/script>\n<!-- \/ Yoast SEO plugin. -->","yoast_head_json":{"title":"Aubergine - Mauritian Foods Online","robots":{"index":"index","follow":"follow","max-snippet":"max-snippet:-1","max-image-preview":"max-image-preview:large","max-video-preview":"max-video-preview:-1"},"canonical":"https:\/\/mauritianfoodsonline.com\/fr\/product\/aubergine\/","og_locale":"fr_FR","og_type":"article","og_title":"Aubergine - Mauritian Foods Online","og_description":"L'aubergine est un l\u00e9gume. Elle est g\u00e9n\u00e9ralement violette, mais peut aussi se d\u00e9cliner en d'autres couleurs, comme le blanc ou le vert. Crue, l'aubergine a un go\u00fbt doux et l\u00e9g\u00e8rement amer, mais cuite, elle devient tendre et d\u00e9veloppe une saveur riche.  &nbsp;","og_url":"https:\/\/mauritianfoodsonline.com\/fr\/product\/aubergine\/","og_site_name":"Mauritian Foods Online","article_publisher":"https:\/\/www.facebook.com\/mauritianfoodsonlineuk\/","article_modified_time":"2025-05-05T11:30:38+00:00","og_image":[{"width":2560,"height":2452,"url":"https:\/\/mauritianfoodsonline.com\/wp-content\/uploads\/2024\/11\/Aubergine-scaled.jpg","type":"image\/jpeg"}],"twitter_card":"summary_large_image","twitter_site":"@mauritian_foods","schema":{"@context":"https:\/\/schema.org","@graph":[{"@type":"WebPage","@id":"https:\/\/mauritianfoodsonline.com\/fr\/product\/aubergine\/","url":"https:\/\/mauritianfoodsonline.com\/fr\/product\/aubergine\/","name":"Aubergine - Mauritian Foods Online","isPartOf":{"@id":"https:\/\/mauritianfoodsonline.com\/#website"},"primaryImageOfPage":{"@id":"https:\/\/mauritianfoodsonline.com\/fr\/product\/aubergine\/#primaryimage"},"image":{"@id":"https:\/\/mauritianfoodsonline.com\/fr\/product\/aubergine\/#primaryimage"},"thumbnailUrl":"https:\/\/mauritianfoodsonline.com\/wp-content\/uploads\/2024\/11\/Aubergine-scaled.jpg","datePublished":"2024-11-26T14:09:44+00:00","dateModified":"2025-05-05T11:30:38+00:00","breadcrumb":{"@id":"https:\/\/mauritianfoodsonline.com\/fr\/product\/aubergine\/#breadcrumb"},"inLanguage":"fr-FR","potentialAction":[{"@type":"ReadAction","target":["https:\/\/mauritianfoodsonline.com\/fr\/product\/aubergine\/"]}]},{"@type":"ImageObject","inLanguage":"fr-FR","@id":"https:\/\/mauritianfoodsonline.com\/fr\/product\/aubergine\/#primaryimage","url":"https:\/\/mauritianfoodsonline.com\/wp-content\/uploads\/2024\/11\/Aubergine-scaled.jpg","contentUrl":"https:\/\/mauritianfoodsonline.com\/wp-content\/uploads\/2024\/11\/Aubergine-scaled.jpg","width":2560,"height":2452,"caption":"Eggplant on a white background"},{"@type":"BreadcrumbList","@id":"https:\/\/mauritianfoodsonline.com\/fr\/product\/aubergine\/#breadcrumb","itemListElement":[{"@type":"ListItem","position":1,"name":"Home","item":"https:\/\/mauritianfoodsonline.com\/fr\/"},{"@type":"ListItem","position":2,"name":"Magasin","item":"https:\/\/mauritianfoodsonline.com\/magasin\/"},{"@type":"ListItem","position":3,"name":"Aubergine"}]},{"@type":"WebSite","@id":"https:\/\/mauritianfoodsonline.com\/#website","url":"https:\/\/mauritianfoodsonline.com\/","name":"Mauritian Foods Online","description":"Online","publisher":{"@id":"https:\/\/mauritianfoodsonline.com\/#organization"},"potentialAction":[{"@type":"SearchAction","target":{"@type":"EntryPoint","urlTemplate":"https:\/\/mauritianfoodsonline.com\/?s={search_term_string}"},"query-input":{"@type":"PropertyValueSpecification","valueRequired":true,"valueName":"search_term_string"}}],"inLanguage":"fr-FR"},{"@type":"Organization","@id":"https:\/\/mauritianfoodsonline.com\/#organization","name":"Mauritian Foods Online","url":"https:\/\/mauritianfoodsonline.com\/","logo":{"@type":"ImageObject","inLanguage":"fr-FR","@id":"https:\/\/mauritianfoodsonline.com\/#\/schema\/logo\/image\/","url":"https:\/\/mauritianfoodsonline.com\/wp-content\/uploads\/2024\/11\/svgviewer-png-output-1.png","contentUrl":"https:\/\/mauritianfoodsonline.com\/wp-content\/uploads\/2024\/11\/svgviewer-png-output-1.png","width":106,"height":109,"caption":"Mauritian Foods Online"},"image":{"@id":"https:\/\/mauritianfoodsonline.com\/#\/schema\/logo\/image\/"},"sameAs":["https:\/\/www.facebook.com\/mauritianfoodsonlineuk\/","https:\/\/x.com\/mauritian_foods","https:\/\/www.instagram.com\/mauritianfoodsonline\/#"]}]}},"_links":{"self":[{"href":"https:\/\/mauritianfoodsonline.com\/fr\/wp-json\/wp\/v2\/product\/41905","targetHints":{"allow":["GET"]}}],"collection":[{"href":"https:\/\/mauritianfoodsonline.com\/fr\/wp-json\/wp\/v2\/product"}],"about":[{"href":"https:\/\/mauritianfoodsonline.com\/fr\/wp-json\/wp\/v2\/types\/product"}],"replies":[{"embeddable":true,"href":"https:\/\/mauritianfoodsonline.com\/fr\/wp-json\/wp\/v2\/comments?post=41905"}],"wp:featuredmedia":[{"embeddable":true,"href":"https:\/\/mauritianfoodsonline.com\/fr\/wp-json\/wp\/v2\/media\/39554"}],"wp:attachment":[{"href":"https:\/\/mauritianfoodsonline.com\/fr\/wp-json\/wp\/v2\/media?parent=41905"}],"wp:term":[{"taxonomy":"special-offers","embeddable":true,"href":"https:\/\/mauritianfoodsonline.com\/fr\/wp-json\/wp\/v2\/special-offers?post=41905"},{"taxonomy":"product_brand","embeddable":true,"href":"https:\/\/mauritianfoodsonline.com\/fr\/wp-json\/wp\/v2\/product_brand?post=41905"},{"taxonomy":"product_cat","embeddable":true,"href":"https:\/\/mauritianfoodsonline.com\/fr\/wp-json\/wp\/v2\/product_cat?post=41905"},{"taxonomy":"product_tag","embeddable":true,"href":"https:\/\/mauritianfoodsonline.com\/fr\/wp-json\/wp\/v2\/product_tag?post=41905"}],"curies":[{"name":"wp","href":"https:\/\/api.w.org\/{rel}","templated":true}]}}