{"id":43132,"date":"2024-08-09T04:52:41","date_gmt":"2024-08-09T04:52:41","guid":{"rendered":"https:\/\/mauritianfoodsonline.com\/product\/asiko-exotic-crisps-no-salt\/"},"modified":"2024-08-09T04:52:41","modified_gmt":"2024-08-09T04:52:41","slug":"asiko-exotic-crisps-no-salt","status":"publish","type":"product","link":"https:\/\/mauritianfoodsonline.com\/fr\/product\/asiko-exotic-crisps-no-salt\/","title":{"rendered":"Asiko Exotic Crisps \u2013 No salt"},"content":{"rendered":"<p>Savourez le go\u00fbt pur et naturel des plantains premium, frits \u00e0 la perfection et croustillants, sans sel ajout\u00e9. Sans gluten et v\u00e9g\u00e9taliens, ces d\u00e9licieuses chips sont parfaites pour grignoter, tremper ou ajouter une touche tropicale \u00e0 vos plats ! <\/p>\n","protected":false},"excerpt":{"rendered":"<p><strong>Chips de plantain exotique Asiko \u2013 Non sal\u00e9es<br \/>\n<\/strong><br \/>\n<br \/>Taille du paquet : <strong>75 g<\/strong> <\/p>\n","protected":false},"featured_media":35114,"comment_status":"open","ping_status":"closed","template":"","meta":{"_acf_changed":false},"special-offers":[],"product_brand":[],"product_cat":[460,458],"product_tag":[],"class_list":{"0":"post-43132","1":"product","2":"type-product","3":"status-publish","4":"has-post-thumbnail","6":"product_cat-savoury-snacks","7":"product_cat-snacks-desserts","9":"first","10":"instock","11":"purchasable","12":"product-type-simple","13":"add-to-wishlist-before_image"},"acf":[],"yoast_head":"<!-- This site is optimized with the Yoast SEO plugin v27.3 - https:\/\/yoast.com\/product\/yoast-seo-wordpress\/ -->\n<title>Asiko Exotic Crisps \u2013 No salt - Mauritian Foods Online<\/title>\n<meta name=\"robots\" content=\"index, follow, max-snippet:-1, max-image-preview:large, max-video-preview:-1\" \/>\n<link rel=\"canonical\" href=\"https:\/\/mauritianfoodsonline.com\/fr\/product\/asiko-exotic-crisps-no-salt\/\" \/>\n<meta property=\"og:locale\" content=\"fr_FR\" \/>\n<meta property=\"og:type\" content=\"article\" \/>\n<meta property=\"og:title\" content=\"Asiko Exotic Crisps \u2013 No salt - Mauritian Foods Online\" \/>\n<meta property=\"og:description\" content=\"Chips de plantain exotique Asiko \u2013 Non sal\u00e9es Taille du paquet : 75 g\" \/>\n<meta property=\"og:url\" content=\"https:\/\/mauritianfoodsonline.com\/fr\/product\/asiko-exotic-crisps-no-salt\/\" \/>\n<meta property=\"og:site_name\" content=\"Mauritian Foods Online\" \/>\n<meta property=\"article:publisher\" content=\"https:\/\/www.facebook.com\/mauritianfoodsonlineuk\/\" \/>\n<meta property=\"og:image\" content=\"https:\/\/mauritianfoodsonline.com\/wp-content\/uploads\/2024\/08\/sbdb.jpg\" \/>\n\t<meta property=\"og:image:width\" content=\"800\" \/>\n\t<meta property=\"og:image:height\" content=\"800\" \/>\n\t<meta property=\"og:image:type\" content=\"image\/jpeg\" \/>\n<meta name=\"twitter:card\" content=\"summary_large_image\" \/>\n<meta name=\"twitter:site\" content=\"@mauritian_foods\" \/>\n<script type=\"application\/ld+json\" class=\"yoast-schema-graph\">{\"@context\":\"https:\\\/\\\/schema.org\",\"@graph\":[{\"@type\":\"WebPage\",\"@id\":\"https:\\\/\\\/mauritianfoodsonline.com\\\/fr\\\/product\\\/asiko-exotic-crisps-no-salt\\\/\",\"url\":\"https:\\\/\\\/mauritianfoodsonline.com\\\/fr\\\/product\\\/asiko-exotic-crisps-no-salt\\\/\",\"name\":\"Asiko Exotic Crisps \u2013 No salt - Mauritian Foods Online\",\"isPartOf\":{\"@id\":\"https:\\\/\\\/mauritianfoodsonline.com\\\/#website\"},\"primaryImageOfPage\":{\"@id\":\"https:\\\/\\\/mauritianfoodsonline.com\\\/fr\\\/product\\\/asiko-exotic-crisps-no-salt\\\/#primaryimage\"},\"image\":{\"@id\":\"https:\\\/\\\/mauritianfoodsonline.com\\\/fr\\\/product\\\/asiko-exotic-crisps-no-salt\\\/#primaryimage\"},\"thumbnailUrl\":\"https:\\\/\\\/mauritianfoodsonline.com\\\/wp-content\\\/uploads\\\/2024\\\/08\\\/sbdb.jpg\",\"datePublished\":\"2024-08-09T04:52:41+00:00\",\"breadcrumb\":{\"@id\":\"https:\\\/\\\/mauritianfoodsonline.com\\\/fr\\\/product\\\/asiko-exotic-crisps-no-salt\\\/#breadcrumb\"},\"inLanguage\":\"fr-FR\",\"potentialAction\":[{\"@type\":\"ReadAction\",\"target\":[\"https:\\\/\\\/mauritianfoodsonline.com\\\/fr\\\/product\\\/asiko-exotic-crisps-no-salt\\\/\"]}]},{\"@type\":\"ImageObject\",\"inLanguage\":\"fr-FR\",\"@id\":\"https:\\\/\\\/mauritianfoodsonline.com\\\/fr\\\/product\\\/asiko-exotic-crisps-no-salt\\\/#primaryimage\",\"url\":\"https:\\\/\\\/mauritianfoodsonline.com\\\/wp-content\\\/uploads\\\/2024\\\/08\\\/sbdb.jpg\",\"contentUrl\":\"https:\\\/\\\/mauritianfoodsonline.com\\\/wp-content\\\/uploads\\\/2024\\\/08\\\/sbdb.jpg\",\"width\":800,\"height\":800,\"caption\":\"Asiko Plantain Crisps \u2013 Unsalted snack (75 g) imported to UK\"},{\"@type\":\"BreadcrumbList\",\"@id\":\"https:\\\/\\\/mauritianfoodsonline.com\\\/fr\\\/product\\\/asiko-exotic-crisps-no-salt\\\/#breadcrumb\",\"itemListElement\":[{\"@type\":\"ListItem\",\"position\":1,\"name\":\"Home\",\"item\":\"https:\\\/\\\/mauritianfoodsonline.com\\\/fr\\\/\"},{\"@type\":\"ListItem\",\"position\":2,\"name\":\"Magasin\",\"item\":\"https:\\\/\\\/mauritianfoodsonline.com\\\/magasin\\\/\"},{\"@type\":\"ListItem\",\"position\":3,\"name\":\"Asiko Exotic Crisps \u2013 No salt\"}]},{\"@type\":\"WebSite\",\"@id\":\"https:\\\/\\\/mauritianfoodsonline.com\\\/#website\",\"url\":\"https:\\\/\\\/mauritianfoodsonline.com\\\/\",\"name\":\"Mauritian Foods Online\",\"description\":\"Online\",\"publisher\":{\"@id\":\"https:\\\/\\\/mauritianfoodsonline.com\\\/#organization\"},\"potentialAction\":[{\"@type\":\"SearchAction\",\"target\":{\"@type\":\"EntryPoint\",\"urlTemplate\":\"https:\\\/\\\/mauritianfoodsonline.com\\\/?s={search_term_string}\"},\"query-input\":{\"@type\":\"PropertyValueSpecification\",\"valueRequired\":true,\"valueName\":\"search_term_string\"}}],\"inLanguage\":\"fr-FR\"},{\"@type\":\"Organization\",\"@id\":\"https:\\\/\\\/mauritianfoodsonline.com\\\/#organization\",\"name\":\"Mauritian Foods Online\",\"url\":\"https:\\\/\\\/mauritianfoodsonline.com\\\/\",\"logo\":{\"@type\":\"ImageObject\",\"inLanguage\":\"fr-FR\",\"@id\":\"https:\\\/\\\/mauritianfoodsonline.com\\\/#\\\/schema\\\/logo\\\/image\\\/\",\"url\":\"https:\\\/\\\/mauritianfoodsonline.com\\\/wp-content\\\/uploads\\\/2024\\\/11\\\/svgviewer-png-output-1.png\",\"contentUrl\":\"https:\\\/\\\/mauritianfoodsonline.com\\\/wp-content\\\/uploads\\\/2024\\\/11\\\/svgviewer-png-output-1.png\",\"width\":106,\"height\":109,\"caption\":\"Mauritian Foods Online\"},\"image\":{\"@id\":\"https:\\\/\\\/mauritianfoodsonline.com\\\/#\\\/schema\\\/logo\\\/image\\\/\"},\"sameAs\":[\"https:\\\/\\\/www.facebook.com\\\/mauritianfoodsonlineuk\\\/\",\"https:\\\/\\\/x.com\\\/mauritian_foods\",\"https:\\\/\\\/www.instagram.com\\\/mauritianfoodsonline\\\/#\"]}]}<\/script>\n<!-- \/ Yoast SEO plugin. -->","yoast_head_json":{"title":"Asiko Exotic Crisps \u2013 No salt - Mauritian Foods Online","robots":{"index":"index","follow":"follow","max-snippet":"max-snippet:-1","max-image-preview":"max-image-preview:large","max-video-preview":"max-video-preview:-1"},"canonical":"https:\/\/mauritianfoodsonline.com\/fr\/product\/asiko-exotic-crisps-no-salt\/","og_locale":"fr_FR","og_type":"article","og_title":"Asiko Exotic Crisps \u2013 No salt - Mauritian Foods Online","og_description":"Chips de plantain exotique Asiko \u2013 Non sal\u00e9es Taille du paquet : 75 g","og_url":"https:\/\/mauritianfoodsonline.com\/fr\/product\/asiko-exotic-crisps-no-salt\/","og_site_name":"Mauritian Foods Online","article_publisher":"https:\/\/www.facebook.com\/mauritianfoodsonlineuk\/","og_image":[{"width":800,"height":800,"url":"https:\/\/mauritianfoodsonline.com\/wp-content\/uploads\/2024\/08\/sbdb.jpg","type":"image\/jpeg"}],"twitter_card":"summary_large_image","twitter_site":"@mauritian_foods","schema":{"@context":"https:\/\/schema.org","@graph":[{"@type":"WebPage","@id":"https:\/\/mauritianfoodsonline.com\/fr\/product\/asiko-exotic-crisps-no-salt\/","url":"https:\/\/mauritianfoodsonline.com\/fr\/product\/asiko-exotic-crisps-no-salt\/","name":"Asiko Exotic Crisps \u2013 No salt - Mauritian Foods Online","isPartOf":{"@id":"https:\/\/mauritianfoodsonline.com\/#website"},"primaryImageOfPage":{"@id":"https:\/\/mauritianfoodsonline.com\/fr\/product\/asiko-exotic-crisps-no-salt\/#primaryimage"},"image":{"@id":"https:\/\/mauritianfoodsonline.com\/fr\/product\/asiko-exotic-crisps-no-salt\/#primaryimage"},"thumbnailUrl":"https:\/\/mauritianfoodsonline.com\/wp-content\/uploads\/2024\/08\/sbdb.jpg","datePublished":"2024-08-09T04:52:41+00:00","breadcrumb":{"@id":"https:\/\/mauritianfoodsonline.com\/fr\/product\/asiko-exotic-crisps-no-salt\/#breadcrumb"},"inLanguage":"fr-FR","potentialAction":[{"@type":"ReadAction","target":["https:\/\/mauritianfoodsonline.com\/fr\/product\/asiko-exotic-crisps-no-salt\/"]}]},{"@type":"ImageObject","inLanguage":"fr-FR","@id":"https:\/\/mauritianfoodsonline.com\/fr\/product\/asiko-exotic-crisps-no-salt\/#primaryimage","url":"https:\/\/mauritianfoodsonline.com\/wp-content\/uploads\/2024\/08\/sbdb.jpg","contentUrl":"https:\/\/mauritianfoodsonline.com\/wp-content\/uploads\/2024\/08\/sbdb.jpg","width":800,"height":800,"caption":"Asiko Plantain Crisps \u2013 Unsalted snack (75 g) imported to UK"},{"@type":"BreadcrumbList","@id":"https:\/\/mauritianfoodsonline.com\/fr\/product\/asiko-exotic-crisps-no-salt\/#breadcrumb","itemListElement":[{"@type":"ListItem","position":1,"name":"Home","item":"https:\/\/mauritianfoodsonline.com\/fr\/"},{"@type":"ListItem","position":2,"name":"Magasin","item":"https:\/\/mauritianfoodsonline.com\/magasin\/"},{"@type":"ListItem","position":3,"name":"Asiko Exotic Crisps \u2013 No salt"}]},{"@type":"WebSite","@id":"https:\/\/mauritianfoodsonline.com\/#website","url":"https:\/\/mauritianfoodsonline.com\/","name":"Mauritian Foods Online","description":"Online","publisher":{"@id":"https:\/\/mauritianfoodsonline.com\/#organization"},"potentialAction":[{"@type":"SearchAction","target":{"@type":"EntryPoint","urlTemplate":"https:\/\/mauritianfoodsonline.com\/?s={search_term_string}"},"query-input":{"@type":"PropertyValueSpecification","valueRequired":true,"valueName":"search_term_string"}}],"inLanguage":"fr-FR"},{"@type":"Organization","@id":"https:\/\/mauritianfoodsonline.com\/#organization","name":"Mauritian Foods Online","url":"https:\/\/mauritianfoodsonline.com\/","logo":{"@type":"ImageObject","inLanguage":"fr-FR","@id":"https:\/\/mauritianfoodsonline.com\/#\/schema\/logo\/image\/","url":"https:\/\/mauritianfoodsonline.com\/wp-content\/uploads\/2024\/11\/svgviewer-png-output-1.png","contentUrl":"https:\/\/mauritianfoodsonline.com\/wp-content\/uploads\/2024\/11\/svgviewer-png-output-1.png","width":106,"height":109,"caption":"Mauritian Foods Online"},"image":{"@id":"https:\/\/mauritianfoodsonline.com\/#\/schema\/logo\/image\/"},"sameAs":["https:\/\/www.facebook.com\/mauritianfoodsonlineuk\/","https:\/\/x.com\/mauritian_foods","https:\/\/www.instagram.com\/mauritianfoodsonline\/#"]}]}},"_links":{"self":[{"href":"https:\/\/mauritianfoodsonline.com\/fr\/wp-json\/wp\/v2\/product\/43132","targetHints":{"allow":["GET"]}}],"collection":[{"href":"https:\/\/mauritianfoodsonline.com\/fr\/wp-json\/wp\/v2\/product"}],"about":[{"href":"https:\/\/mauritianfoodsonline.com\/fr\/wp-json\/wp\/v2\/types\/product"}],"replies":[{"embeddable":true,"href":"https:\/\/mauritianfoodsonline.com\/fr\/wp-json\/wp\/v2\/comments?post=43132"}],"wp:featuredmedia":[{"embeddable":true,"href":"https:\/\/mauritianfoodsonline.com\/fr\/wp-json\/wp\/v2\/media\/35114"}],"wp:attachment":[{"href":"https:\/\/mauritianfoodsonline.com\/fr\/wp-json\/wp\/v2\/media?parent=43132"}],"wp:term":[{"taxonomy":"special-offers","embeddable":true,"href":"https:\/\/mauritianfoodsonline.com\/fr\/wp-json\/wp\/v2\/special-offers?post=43132"},{"taxonomy":"product_brand","embeddable":true,"href":"https:\/\/mauritianfoodsonline.com\/fr\/wp-json\/wp\/v2\/product_brand?post=43132"},{"taxonomy":"product_cat","embeddable":true,"href":"https:\/\/mauritianfoodsonline.com\/fr\/wp-json\/wp\/v2\/product_cat?post=43132"},{"taxonomy":"product_tag","embeddable":true,"href":"https:\/\/mauritianfoodsonline.com\/fr\/wp-json\/wp\/v2\/product_tag?post=43132"}],"curies":[{"name":"wp","href":"https:\/\/api.w.org\/{rel}","templated":true}]}}