{"id":43137,"date":"2025-03-08T12:52:38","date_gmt":"2025-03-08T12:52:38","guid":{"rendered":"https:\/\/mauritianfoodsonline.com\/product\/mango-juicy-fudge-300g\/"},"modified":"2026-04-14T11:24:41","modified_gmt":"2026-04-14T11:24:41","slug":"mango-juicy-fudge-300g","status":"publish","type":"product","link":"https:\/\/mauritianfoodsonline.com\/fr\/product\/mango-juicy-fudge-300g\/","title":{"rendered":"Fudge juteux \u00e0 la mangue 300 g"},"content":{"rendered":"<p><strong>\u2022 Conditionnement et poids : 300 g de fudge juteux \u00e0 la mangue \u2014 moelleux et fondant.<\/strong><br \/>\n<br data-start=\"1277\" data-end=\"1280\"><strong>\u2022 Profil gustatif : Fudge sucr\u00e9 et cr\u00e9meux \u00e0 l&rsquo;essence naturelle de mangue.<\/strong><br \/>\n<br data-start=\"1348\" data-end=\"1351\"><strong>\u2022 Texture : Lisse et moelleuse, avec une saveur fruit\u00e9e prononc\u00e9e \u00e0 chaque bouch\u00e9e.<\/strong><br \/>\n<br data-start=\"1424\" data-end=\"1427\"><strong>\u2022 Id\u00e9al pour : les go\u00fbters, les plateaux de desserts, \u00e0 partager entre amis ou en famille.<\/strong><\/p>\n","protected":false},"excerpt":{"rendered":"<p>\u2022 Conditionnement et poids : 300 g de fudge juteux \u00e0 la mangue \u2014 moelleux et fondant. \u2022 Profil gustatif : Fudge sucr\u00e9 et cr\u00e9meux \u00e0 l&rsquo;essence naturelle de mangue. \u2022 Texture : Lisse et moelleuse, avec une saveur fruit\u00e9e prononc\u00e9e \u00e0 chaque bouch\u00e9e. \u2022 Id\u00e9al pour : les go\u00fbters, les plateaux de desserts, \u00e0 [&hellip;]<\/p>\n","protected":false},"featured_media":41006,"comment_status":"open","ping_status":"closed","template":"","meta":{"_acf_changed":false},"special-offers":[],"product_brand":[],"product_cat":[441,318,458,461],"product_tag":[],"class_list":{"0":"post-43137","1":"product","2":"type-product","3":"status-publish","4":"has-post-thumbnail","6":"product_cat-food-cupboard","7":"product_cat-mauritian","8":"product_cat-snacks-desserts","9":"product_cat-sweet-snacks","11":"first","12":"instock","13":"purchasable","14":"product-type-simple","15":"add-to-wishlist-before_image"},"acf":[],"yoast_head":"<!-- This site is optimized with the Yoast SEO plugin v27.5 - https:\/\/yoast.com\/product\/yoast-seo-wordpress\/ -->\n<title>Fudge juteux \u00e0 la mangue 300 g \u2013 Friandise aux fruits (Royaume-Uni)<\/title>\n<meta name=\"description\" content=\"Laissez-vous tenter par le fudge juteux \u00e0 la mangue (300 g), un fudge moelleux et fruit\u00e9 au vrai go\u00fbt de mangue. Id\u00e9al pour une pause gourmande ou un dessert. Livraison rapide au Royaume-Uni via mauritianfoodonline.\" \/>\n<meta name=\"robots\" content=\"index, follow, max-snippet:-1, max-image-preview:large, max-video-preview:-1\" \/>\n<link rel=\"canonical\" href=\"https:\/\/mauritianfoodsonline.com\/fr\/product\/mango-juicy-fudge-300g\/\" \/>\n<meta property=\"og:locale\" content=\"fr_FR\" \/>\n<meta property=\"og:type\" content=\"article\" \/>\n<meta property=\"og:title\" content=\"Fudge juteux \u00e0 la mangue 300 g \u2013 D\u00e9lice tropical sucr\u00e9 Royaume-Uni\" \/>\n<meta property=\"og:description\" content=\"Fudge juteux \u00e0 la mangue Savour 300 g \u2014 un fudge moelleux et fruit\u00e9 au vrai go\u00fbt de mangue. Une gourmandise \u00e0 d\u00e9guster en pause gourmande ou en dessert, livr\u00e9e partout au Royaume-Uni par mauritianfoodonline.\" \/>\n<meta property=\"og:url\" content=\"https:\/\/mauritianfoodsonline.com\/fr\/product\/mango-juicy-fudge-300g\/\" \/>\n<meta property=\"og:site_name\" content=\"Mauritian Foods Online\" \/>\n<meta property=\"article:publisher\" content=\"https:\/\/www.facebook.com\/mauritianfoodsonlineuk\/\" \/>\n<meta property=\"article:modified_time\" content=\"2026-04-14T11:24:41+00:00\" \/>\n<meta property=\"og:image\" content=\"https:\/\/mauritianfoodsonline.com\/wp-content\/uploads\/2025\/03\/new-preoducts-2025-64.jpg\" \/>\n\t<meta property=\"og:image:width\" content=\"800\" \/>\n\t<meta property=\"og:image:height\" content=\"800\" \/>\n\t<meta property=\"og:image:type\" content=\"image\/jpeg\" \/>\n<meta name=\"twitter:card\" content=\"summary_large_image\" \/>\n<meta name=\"twitter:site\" content=\"@mauritian_foods\" \/>\n<script type=\"application\/ld+json\" class=\"yoast-schema-graph\">{\"@context\":\"https:\\\/\\\/schema.org\",\"@graph\":[{\"@type\":\"WebPage\",\"@id\":\"https:\\\/\\\/mauritianfoodsonline.com\\\/fr\\\/product\\\/mango-juicy-fudge-300g\\\/\",\"url\":\"https:\\\/\\\/mauritianfoodsonline.com\\\/fr\\\/product\\\/mango-juicy-fudge-300g\\\/\",\"name\":\"Fudge juteux \u00e0 la mangue 300 g \u2013 Friandise aux fruits (Royaume-Uni)\",\"isPartOf\":{\"@id\":\"https:\\\/\\\/mauritianfoodsonline.com\\\/#website\"},\"primaryImageOfPage\":{\"@id\":\"https:\\\/\\\/mauritianfoodsonline.com\\\/fr\\\/product\\\/mango-juicy-fudge-300g\\\/#primaryimage\"},\"image\":{\"@id\":\"https:\\\/\\\/mauritianfoodsonline.com\\\/fr\\\/product\\\/mango-juicy-fudge-300g\\\/#primaryimage\"},\"thumbnailUrl\":\"https:\\\/\\\/mauritianfoodsonline.com\\\/wp-content\\\/uploads\\\/2025\\\/03\\\/new-preoducts-2025-64.jpg\",\"datePublished\":\"2025-03-08T12:52:38+00:00\",\"dateModified\":\"2026-04-14T11:24:41+00:00\",\"description\":\"Laissez-vous tenter par le fudge juteux \u00e0 la mangue (300 g), un fudge moelleux et fruit\u00e9 au vrai go\u00fbt de mangue. Id\u00e9al pour une pause gourmande ou un dessert. Livraison rapide au Royaume-Uni via mauritianfoodonline.\",\"breadcrumb\":{\"@id\":\"https:\\\/\\\/mauritianfoodsonline.com\\\/fr\\\/product\\\/mango-juicy-fudge-300g\\\/#breadcrumb\"},\"inLanguage\":\"fr-FR\",\"potentialAction\":[{\"@type\":\"ReadAction\",\"target\":[\"https:\\\/\\\/mauritianfoodsonline.com\\\/fr\\\/product\\\/mango-juicy-fudge-300g\\\/\"]}]},{\"@type\":\"ImageObject\",\"inLanguage\":\"fr-FR\",\"@id\":\"https:\\\/\\\/mauritianfoodsonline.com\\\/fr\\\/product\\\/mango-juicy-fudge-300g\\\/#primaryimage\",\"url\":\"https:\\\/\\\/mauritianfoodsonline.com\\\/wp-content\\\/uploads\\\/2025\\\/03\\\/new-preoducts-2025-64.jpg\",\"contentUrl\":\"https:\\\/\\\/mauritianfoodsonline.com\\\/wp-content\\\/uploads\\\/2025\\\/03\\\/new-preoducts-2025-64.jpg\",\"width\":800,\"height\":800,\"caption\":\"Fudge juteux \u00e0 la mangue \u2013 Fudge \u00e0 la mangue sucr\u00e9 et fruit\u00e9 (300 g)\"},{\"@type\":\"BreadcrumbList\",\"@id\":\"https:\\\/\\\/mauritianfoodsonline.com\\\/fr\\\/product\\\/mango-juicy-fudge-300g\\\/#breadcrumb\",\"itemListElement\":[{\"@type\":\"ListItem\",\"position\":1,\"name\":\"Home\",\"item\":\"https:\\\/\\\/mauritianfoodsonline.com\\\/fr\\\/\"},{\"@type\":\"ListItem\",\"position\":2,\"name\":\"Magasin\",\"item\":\"https:\\\/\\\/mauritianfoodsonline.com\\\/magasin\\\/\"},{\"@type\":\"ListItem\",\"position\":3,\"name\":\"Fudge juteux \u00e0 la mangue 300 g\"}]},{\"@type\":\"WebSite\",\"@id\":\"https:\\\/\\\/mauritianfoodsonline.com\\\/#website\",\"url\":\"https:\\\/\\\/mauritianfoodsonline.com\\\/\",\"name\":\"Mauritian Foods Online\",\"description\":\"Online\",\"publisher\":{\"@id\":\"https:\\\/\\\/mauritianfoodsonline.com\\\/#organization\"},\"potentialAction\":[{\"@type\":\"SearchAction\",\"target\":{\"@type\":\"EntryPoint\",\"urlTemplate\":\"https:\\\/\\\/mauritianfoodsonline.com\\\/?s={search_term_string}\"},\"query-input\":{\"@type\":\"PropertyValueSpecification\",\"valueRequired\":true,\"valueName\":\"search_term_string\"}}],\"inLanguage\":\"fr-FR\"},{\"@type\":\"Organization\",\"@id\":\"https:\\\/\\\/mauritianfoodsonline.com\\\/#organization\",\"name\":\"Mauritian Foods Online\",\"url\":\"https:\\\/\\\/mauritianfoodsonline.com\\\/\",\"logo\":{\"@type\":\"ImageObject\",\"inLanguage\":\"fr-FR\",\"@id\":\"https:\\\/\\\/mauritianfoodsonline.com\\\/#\\\/schema\\\/logo\\\/image\\\/\",\"url\":\"https:\\\/\\\/mauritianfoodsonline.com\\\/wp-content\\\/uploads\\\/2024\\\/11\\\/svgviewer-png-output-1.png\",\"contentUrl\":\"https:\\\/\\\/mauritianfoodsonline.com\\\/wp-content\\\/uploads\\\/2024\\\/11\\\/svgviewer-png-output-1.png\",\"width\":106,\"height\":109,\"caption\":\"Mauritian Foods Online\"},\"image\":{\"@id\":\"https:\\\/\\\/mauritianfoodsonline.com\\\/#\\\/schema\\\/logo\\\/image\\\/\"},\"sameAs\":[\"https:\\\/\\\/www.facebook.com\\\/mauritianfoodsonlineuk\\\/\",\"https:\\\/\\\/x.com\\\/mauritian_foods\",\"https:\\\/\\\/www.instagram.com\\\/mauritianfoodsonline\\\/#\"]}]}<\/script>\n<!-- \/ Yoast SEO plugin. -->","yoast_head_json":{"title":"Fudge juteux \u00e0 la mangue 300 g \u2013 Friandise aux fruits (Royaume-Uni)","description":"Laissez-vous tenter par le fudge juteux \u00e0 la mangue (300 g), un fudge moelleux et fruit\u00e9 au vrai go\u00fbt de mangue. Id\u00e9al pour une pause gourmande ou un dessert. Livraison rapide au Royaume-Uni via mauritianfoodonline.","robots":{"index":"index","follow":"follow","max-snippet":"max-snippet:-1","max-image-preview":"max-image-preview:large","max-video-preview":"max-video-preview:-1"},"canonical":"https:\/\/mauritianfoodsonline.com\/fr\/product\/mango-juicy-fudge-300g\/","og_locale":"fr_FR","og_type":"article","og_title":"Fudge juteux \u00e0 la mangue 300 g \u2013 D\u00e9lice tropical sucr\u00e9 Royaume-Uni","og_description":"Fudge juteux \u00e0 la mangue Savour 300 g \u2014 un fudge moelleux et fruit\u00e9 au vrai go\u00fbt de mangue. Une gourmandise \u00e0 d\u00e9guster en pause gourmande ou en dessert, livr\u00e9e partout au Royaume-Uni par mauritianfoodonline.","og_url":"https:\/\/mauritianfoodsonline.com\/fr\/product\/mango-juicy-fudge-300g\/","og_site_name":"Mauritian Foods Online","article_publisher":"https:\/\/www.facebook.com\/mauritianfoodsonlineuk\/","article_modified_time":"2026-04-14T11:24:41+00:00","og_image":[{"width":800,"height":800,"url":"https:\/\/mauritianfoodsonline.com\/wp-content\/uploads\/2025\/03\/new-preoducts-2025-64.jpg","type":"image\/jpeg"}],"twitter_card":"summary_large_image","twitter_site":"@mauritian_foods","schema":{"@context":"https:\/\/schema.org","@graph":[{"@type":"WebPage","@id":"https:\/\/mauritianfoodsonline.com\/fr\/product\/mango-juicy-fudge-300g\/","url":"https:\/\/mauritianfoodsonline.com\/fr\/product\/mango-juicy-fudge-300g\/","name":"Fudge juteux \u00e0 la mangue 300 g \u2013 Friandise aux fruits (Royaume-Uni)","isPartOf":{"@id":"https:\/\/mauritianfoodsonline.com\/#website"},"primaryImageOfPage":{"@id":"https:\/\/mauritianfoodsonline.com\/fr\/product\/mango-juicy-fudge-300g\/#primaryimage"},"image":{"@id":"https:\/\/mauritianfoodsonline.com\/fr\/product\/mango-juicy-fudge-300g\/#primaryimage"},"thumbnailUrl":"https:\/\/mauritianfoodsonline.com\/wp-content\/uploads\/2025\/03\/new-preoducts-2025-64.jpg","datePublished":"2025-03-08T12:52:38+00:00","dateModified":"2026-04-14T11:24:41+00:00","description":"Laissez-vous tenter par le fudge juteux \u00e0 la mangue (300 g), un fudge moelleux et fruit\u00e9 au vrai go\u00fbt de mangue. Id\u00e9al pour une pause gourmande ou un dessert. Livraison rapide au Royaume-Uni via mauritianfoodonline.","breadcrumb":{"@id":"https:\/\/mauritianfoodsonline.com\/fr\/product\/mango-juicy-fudge-300g\/#breadcrumb"},"inLanguage":"fr-FR","potentialAction":[{"@type":"ReadAction","target":["https:\/\/mauritianfoodsonline.com\/fr\/product\/mango-juicy-fudge-300g\/"]}]},{"@type":"ImageObject","inLanguage":"fr-FR","@id":"https:\/\/mauritianfoodsonline.com\/fr\/product\/mango-juicy-fudge-300g\/#primaryimage","url":"https:\/\/mauritianfoodsonline.com\/wp-content\/uploads\/2025\/03\/new-preoducts-2025-64.jpg","contentUrl":"https:\/\/mauritianfoodsonline.com\/wp-content\/uploads\/2025\/03\/new-preoducts-2025-64.jpg","width":800,"height":800,"caption":"Fudge juteux \u00e0 la mangue \u2013 Fudge \u00e0 la mangue sucr\u00e9 et fruit\u00e9 (300 g)"},{"@type":"BreadcrumbList","@id":"https:\/\/mauritianfoodsonline.com\/fr\/product\/mango-juicy-fudge-300g\/#breadcrumb","itemListElement":[{"@type":"ListItem","position":1,"name":"Home","item":"https:\/\/mauritianfoodsonline.com\/fr\/"},{"@type":"ListItem","position":2,"name":"Magasin","item":"https:\/\/mauritianfoodsonline.com\/magasin\/"},{"@type":"ListItem","position":3,"name":"Fudge juteux \u00e0 la mangue 300 g"}]},{"@type":"WebSite","@id":"https:\/\/mauritianfoodsonline.com\/#website","url":"https:\/\/mauritianfoodsonline.com\/","name":"Mauritian Foods Online","description":"Online","publisher":{"@id":"https:\/\/mauritianfoodsonline.com\/#organization"},"potentialAction":[{"@type":"SearchAction","target":{"@type":"EntryPoint","urlTemplate":"https:\/\/mauritianfoodsonline.com\/?s={search_term_string}"},"query-input":{"@type":"PropertyValueSpecification","valueRequired":true,"valueName":"search_term_string"}}],"inLanguage":"fr-FR"},{"@type":"Organization","@id":"https:\/\/mauritianfoodsonline.com\/#organization","name":"Mauritian Foods Online","url":"https:\/\/mauritianfoodsonline.com\/","logo":{"@type":"ImageObject","inLanguage":"fr-FR","@id":"https:\/\/mauritianfoodsonline.com\/#\/schema\/logo\/image\/","url":"https:\/\/mauritianfoodsonline.com\/wp-content\/uploads\/2024\/11\/svgviewer-png-output-1.png","contentUrl":"https:\/\/mauritianfoodsonline.com\/wp-content\/uploads\/2024\/11\/svgviewer-png-output-1.png","width":106,"height":109,"caption":"Mauritian Foods Online"},"image":{"@id":"https:\/\/mauritianfoodsonline.com\/#\/schema\/logo\/image\/"},"sameAs":["https:\/\/www.facebook.com\/mauritianfoodsonlineuk\/","https:\/\/x.com\/mauritian_foods","https:\/\/www.instagram.com\/mauritianfoodsonline\/#"]}]}},"_links":{"self":[{"href":"https:\/\/mauritianfoodsonline.com\/fr\/wp-json\/wp\/v2\/product\/43137","targetHints":{"allow":["GET"]}}],"collection":[{"href":"https:\/\/mauritianfoodsonline.com\/fr\/wp-json\/wp\/v2\/product"}],"about":[{"href":"https:\/\/mauritianfoodsonline.com\/fr\/wp-json\/wp\/v2\/types\/product"}],"replies":[{"embeddable":true,"href":"https:\/\/mauritianfoodsonline.com\/fr\/wp-json\/wp\/v2\/comments?post=43137"}],"wp:featuredmedia":[{"embeddable":true,"href":"https:\/\/mauritianfoodsonline.com\/fr\/wp-json\/wp\/v2\/media\/41006"}],"wp:attachment":[{"href":"https:\/\/mauritianfoodsonline.com\/fr\/wp-json\/wp\/v2\/media?parent=43137"}],"wp:term":[{"taxonomy":"special-offers","embeddable":true,"href":"https:\/\/mauritianfoodsonline.com\/fr\/wp-json\/wp\/v2\/special-offers?post=43137"},{"taxonomy":"product_brand","embeddable":true,"href":"https:\/\/mauritianfoodsonline.com\/fr\/wp-json\/wp\/v2\/product_brand?post=43137"},{"taxonomy":"product_cat","embeddable":true,"href":"https:\/\/mauritianfoodsonline.com\/fr\/wp-json\/wp\/v2\/product_cat?post=43137"},{"taxonomy":"product_tag","embeddable":true,"href":"https:\/\/mauritianfoodsonline.com\/fr\/wp-json\/wp\/v2\/product_tag?post=43137"}],"curies":[{"name":"wp","href":"https:\/\/api.w.org\/{rel}","templated":true}]}}