{"id":43140,"date":"2025-03-07T14:30:31","date_gmt":"2025-03-07T14:30:31","guid":{"rendered":"https:\/\/mauritianfoodsonline.com\/product\/kiss-me-chewing-gum-box-spear-mint\/"},"modified":"2026-04-14T11:24:48","modified_gmt":"2026-04-14T11:24:48","slug":"kiss-me-chewing-gum-box-spear-mint","status":"publish","type":"product","link":"https:\/\/mauritianfoodsonline.com\/fr\/product\/kiss-me-chewing-gum-box-spear-mint\/","title":{"rendered":"Embrasse-moi &#8211; Chewing-gum (bo\u00eete) &#8211; Menthe verte"},"content":{"rendered":"<p><strong>\u2022 Format de l&#8217;emballage : Bo\u00eete de 20 paquets de chewing-gum Kiss Me (b\u00e2tonnets individuels \u00e0 l&rsquo;int\u00e9rieur).<\/strong><br \/>\n<br data-start=\"1363\" data-end=\"1366\"><strong>\u2022 Profil aromatique : Saveur fra\u00eeche, vive et menthol\u00e9e qui persiste longtemps.<\/strong><br \/>\n<br data-start=\"1436\" data-end=\"1439\"><strong>\u2022 Utilisation : Id\u00e9al pour rafra\u00eechir l&rsquo;haleine apr\u00e8s les repas, en voyage ou \u00e0 tout moment o\u00f9 vous avez besoin d&rsquo;un rafra\u00eechissement rapide.<\/strong><br \/>\n<br data-start=\"1542\" data-end=\"1545\"><strong>\u2022 Portable et partageable : facile \u00e0 transporter dans un sac, une poche ou un box \u2013 id\u00e9al pour une fra\u00eecheur en d\u00e9placement.<\/strong><\/p>\n","protected":false},"excerpt":{"rendered":"<p>\u2022 Format de l&#8217;emballage : Bo\u00eete de 20 paquets de chewing-gum Kiss Me (b\u00e2tonnets individuels \u00e0 l&rsquo;int\u00e9rieur). \u2022 Profil aromatique : Saveur fra\u00eeche, vive et menthol\u00e9e qui persiste longtemps. \u2022 Utilisation : Id\u00e9al pour rafra\u00eechir l&rsquo;haleine apr\u00e8s les repas, en voyage ou \u00e0 tout moment o\u00f9 vous avez besoin d&rsquo;un rafra\u00eechissement rapide. \u2022 Portable et [&hellip;]<\/p>\n","protected":false},"featured_media":40874,"comment_status":"open","ping_status":"closed","template":"","meta":{"_acf_changed":false},"special-offers":[],"product_brand":[],"product_cat":[441,318,458,461],"product_tag":[],"class_list":{"0":"post-43140","1":"product","2":"type-product","3":"status-publish","4":"has-post-thumbnail","6":"product_cat-food-cupboard","7":"product_cat-mauritian","8":"product_cat-snacks-desserts","9":"product_cat-sweet-snacks","11":"first","12":"instock","13":"purchasable","14":"product-type-simple","15":"add-to-wishlist-before_image"},"acf":[],"yoast_head":"<!-- This site is optimized with the Yoast SEO plugin v27.4 - https:\/\/yoast.com\/product\/yoast-seo-wordpress\/ -->\n<title>Bo\u00eete de chewing-gum Kiss Me \u2013 Saveur fra\u00eeche Royaume-Uni | mauritianfoodonline<\/title>\n<meta name=\"description\" content=\"Savourez la bo\u00eete de chewing-gum Kiss Me\u00a0: une saveur menthe fra\u00eeche pour une mastication longue dur\u00e9e. Id\u00e9al pour une haleine fra\u00eeche et un rafra\u00eechissement quotidien. Commandez d\u00e8s maintenant avec livraison au Royaume-Uni via mauritianfoodonline.\" \/>\n<meta name=\"robots\" content=\"index, follow, max-snippet:-1, max-image-preview:large, max-video-preview:-1\" \/>\n<link rel=\"canonical\" href=\"https:\/\/mauritianfoodsonline.com\/fr\/product\/kiss-me-chewing-gum-box-spear-mint\/\" \/>\n<meta property=\"og:locale\" content=\"fr_FR\" \/>\n<meta property=\"og:type\" content=\"article\" \/>\n<meta property=\"og:title\" content=\"Bo\u00eete de chewing-gum Kiss Me \u2013 Fra\u00eecheur menthe Royaume-Uni\" \/>\n<meta property=\"og:description\" content=\"Rafra\u00eechissez-vous avec la bo\u00eete de chewing-gums Kiss Me\u00a0: une saveur menthol\u00e9e longue dur\u00e9e, id\u00e9ale au quotidien. Livraison dans tout le Royaume-Uni par mauritianfoodonline.\" \/>\n<meta property=\"og:url\" content=\"https:\/\/mauritianfoodsonline.com\/fr\/product\/kiss-me-chewing-gum-box-spear-mint\/\" \/>\n<meta property=\"og:site_name\" content=\"Mauritian Foods Online\" \/>\n<meta property=\"article:publisher\" content=\"https:\/\/www.facebook.com\/mauritianfoodsonlineuk\/\" \/>\n<meta property=\"article:modified_time\" content=\"2026-04-14T11:24:48+00:00\" \/>\n<meta property=\"og:image\" content=\"https:\/\/mauritianfoodsonline.com\/wp-content\/uploads\/2025\/03\/new-preoducts-2025-44.jpg\" \/>\n\t<meta property=\"og:image:width\" content=\"800\" \/>\n\t<meta property=\"og:image:height\" content=\"800\" \/>\n\t<meta property=\"og:image:type\" content=\"image\/jpeg\" \/>\n<meta name=\"twitter:card\" content=\"summary_large_image\" \/>\n<meta name=\"twitter:site\" content=\"@mauritian_foods\" \/>\n<script type=\"application\/ld+json\" class=\"yoast-schema-graph\">{\"@context\":\"https:\\\/\\\/schema.org\",\"@graph\":[{\"@type\":\"WebPage\",\"@id\":\"https:\\\/\\\/mauritianfoodsonline.com\\\/fr\\\/product\\\/kiss-me-chewing-gum-box-spear-mint\\\/\",\"url\":\"https:\\\/\\\/mauritianfoodsonline.com\\\/fr\\\/product\\\/kiss-me-chewing-gum-box-spear-mint\\\/\",\"name\":\"Bo\u00eete de chewing-gum Kiss Me \u2013 Saveur fra\u00eeche Royaume-Uni | mauritianfoodonline\",\"isPartOf\":{\"@id\":\"https:\\\/\\\/mauritianfoodsonline.com\\\/#website\"},\"primaryImageOfPage\":{\"@id\":\"https:\\\/\\\/mauritianfoodsonline.com\\\/fr\\\/product\\\/kiss-me-chewing-gum-box-spear-mint\\\/#primaryimage\"},\"image\":{\"@id\":\"https:\\\/\\\/mauritianfoodsonline.com\\\/fr\\\/product\\\/kiss-me-chewing-gum-box-spear-mint\\\/#primaryimage\"},\"thumbnailUrl\":\"https:\\\/\\\/mauritianfoodsonline.com\\\/wp-content\\\/uploads\\\/2025\\\/03\\\/new-preoducts-2025-44.jpg\",\"datePublished\":\"2025-03-07T14:30:31+00:00\",\"dateModified\":\"2026-04-14T11:24:48+00:00\",\"description\":\"Savourez la bo\u00eete de chewing-gum Kiss Me\u00a0: une saveur menthe fra\u00eeche pour une mastication longue dur\u00e9e. Id\u00e9al pour une haleine fra\u00eeche et un rafra\u00eechissement quotidien. Commandez d\u00e8s maintenant avec livraison au Royaume-Uni via mauritianfoodonline.\",\"breadcrumb\":{\"@id\":\"https:\\\/\\\/mauritianfoodsonline.com\\\/fr\\\/product\\\/kiss-me-chewing-gum-box-spear-mint\\\/#breadcrumb\"},\"inLanguage\":\"fr-FR\",\"potentialAction\":[{\"@type\":\"ReadAction\",\"target\":[\"https:\\\/\\\/mauritianfoodsonline.com\\\/fr\\\/product\\\/kiss-me-chewing-gum-box-spear-mint\\\/\"]}]},{\"@type\":\"ImageObject\",\"inLanguage\":\"fr-FR\",\"@id\":\"https:\\\/\\\/mauritianfoodsonline.com\\\/fr\\\/product\\\/kiss-me-chewing-gum-box-spear-mint\\\/#primaryimage\",\"url\":\"https:\\\/\\\/mauritianfoodsonline.com\\\/wp-content\\\/uploads\\\/2025\\\/03\\\/new-preoducts-2025-44.jpg\",\"contentUrl\":\"https:\\\/\\\/mauritianfoodsonline.com\\\/wp-content\\\/uploads\\\/2025\\\/03\\\/new-preoducts-2025-44.jpg\",\"width\":800,\"height\":800,\"caption\":\"Bo\u00eete de chewing-gum Kiss Me \u2013 paquet de chewing-gum \u00e0 la menthe fra\u00eeche\"},{\"@type\":\"BreadcrumbList\",\"@id\":\"https:\\\/\\\/mauritianfoodsonline.com\\\/fr\\\/product\\\/kiss-me-chewing-gum-box-spear-mint\\\/#breadcrumb\",\"itemListElement\":[{\"@type\":\"ListItem\",\"position\":1,\"name\":\"Home\",\"item\":\"https:\\\/\\\/mauritianfoodsonline.com\\\/fr\\\/\"},{\"@type\":\"ListItem\",\"position\":2,\"name\":\"Magasin\",\"item\":\"https:\\\/\\\/mauritianfoodsonline.com\\\/magasin\\\/\"},{\"@type\":\"ListItem\",\"position\":3,\"name\":\"Embrasse-moi &#8211; Chewing-gum (bo\u00eete) &#8211; Menthe verte\"}]},{\"@type\":\"WebSite\",\"@id\":\"https:\\\/\\\/mauritianfoodsonline.com\\\/#website\",\"url\":\"https:\\\/\\\/mauritianfoodsonline.com\\\/\",\"name\":\"Mauritian Foods Online\",\"description\":\"Online\",\"publisher\":{\"@id\":\"https:\\\/\\\/mauritianfoodsonline.com\\\/#organization\"},\"potentialAction\":[{\"@type\":\"SearchAction\",\"target\":{\"@type\":\"EntryPoint\",\"urlTemplate\":\"https:\\\/\\\/mauritianfoodsonline.com\\\/?s={search_term_string}\"},\"query-input\":{\"@type\":\"PropertyValueSpecification\",\"valueRequired\":true,\"valueName\":\"search_term_string\"}}],\"inLanguage\":\"fr-FR\"},{\"@type\":\"Organization\",\"@id\":\"https:\\\/\\\/mauritianfoodsonline.com\\\/#organization\",\"name\":\"Mauritian Foods Online\",\"url\":\"https:\\\/\\\/mauritianfoodsonline.com\\\/\",\"logo\":{\"@type\":\"ImageObject\",\"inLanguage\":\"fr-FR\",\"@id\":\"https:\\\/\\\/mauritianfoodsonline.com\\\/#\\\/schema\\\/logo\\\/image\\\/\",\"url\":\"https:\\\/\\\/mauritianfoodsonline.com\\\/wp-content\\\/uploads\\\/2024\\\/11\\\/svgviewer-png-output-1.png\",\"contentUrl\":\"https:\\\/\\\/mauritianfoodsonline.com\\\/wp-content\\\/uploads\\\/2024\\\/11\\\/svgviewer-png-output-1.png\",\"width\":106,\"height\":109,\"caption\":\"Mauritian Foods Online\"},\"image\":{\"@id\":\"https:\\\/\\\/mauritianfoodsonline.com\\\/#\\\/schema\\\/logo\\\/image\\\/\"},\"sameAs\":[\"https:\\\/\\\/www.facebook.com\\\/mauritianfoodsonlineuk\\\/\",\"https:\\\/\\\/x.com\\\/mauritian_foods\",\"https:\\\/\\\/www.instagram.com\\\/mauritianfoodsonline\\\/#\"]}]}<\/script>\n<!-- \/ Yoast SEO plugin. -->","yoast_head_json":{"title":"Bo\u00eete de chewing-gum Kiss Me \u2013 Saveur fra\u00eeche Royaume-Uni | mauritianfoodonline","description":"Savourez la bo\u00eete de chewing-gum Kiss Me\u00a0: une saveur menthe fra\u00eeche pour une mastication longue dur\u00e9e. Id\u00e9al pour une haleine fra\u00eeche et un rafra\u00eechissement quotidien. Commandez d\u00e8s maintenant avec livraison au Royaume-Uni via mauritianfoodonline.","robots":{"index":"index","follow":"follow","max-snippet":"max-snippet:-1","max-image-preview":"max-image-preview:large","max-video-preview":"max-video-preview:-1"},"canonical":"https:\/\/mauritianfoodsonline.com\/fr\/product\/kiss-me-chewing-gum-box-spear-mint\/","og_locale":"fr_FR","og_type":"article","og_title":"Bo\u00eete de chewing-gum Kiss Me \u2013 Fra\u00eecheur menthe Royaume-Uni","og_description":"Rafra\u00eechissez-vous avec la bo\u00eete de chewing-gums Kiss Me\u00a0: une saveur menthol\u00e9e longue dur\u00e9e, id\u00e9ale au quotidien. Livraison dans tout le Royaume-Uni par mauritianfoodonline.","og_url":"https:\/\/mauritianfoodsonline.com\/fr\/product\/kiss-me-chewing-gum-box-spear-mint\/","og_site_name":"Mauritian Foods Online","article_publisher":"https:\/\/www.facebook.com\/mauritianfoodsonlineuk\/","article_modified_time":"2026-04-14T11:24:48+00:00","og_image":[{"width":800,"height":800,"url":"https:\/\/mauritianfoodsonline.com\/wp-content\/uploads\/2025\/03\/new-preoducts-2025-44.jpg","type":"image\/jpeg"}],"twitter_card":"summary_large_image","twitter_site":"@mauritian_foods","schema":{"@context":"https:\/\/schema.org","@graph":[{"@type":"WebPage","@id":"https:\/\/mauritianfoodsonline.com\/fr\/product\/kiss-me-chewing-gum-box-spear-mint\/","url":"https:\/\/mauritianfoodsonline.com\/fr\/product\/kiss-me-chewing-gum-box-spear-mint\/","name":"Bo\u00eete de chewing-gum Kiss Me \u2013 Saveur fra\u00eeche Royaume-Uni | mauritianfoodonline","isPartOf":{"@id":"https:\/\/mauritianfoodsonline.com\/#website"},"primaryImageOfPage":{"@id":"https:\/\/mauritianfoodsonline.com\/fr\/product\/kiss-me-chewing-gum-box-spear-mint\/#primaryimage"},"image":{"@id":"https:\/\/mauritianfoodsonline.com\/fr\/product\/kiss-me-chewing-gum-box-spear-mint\/#primaryimage"},"thumbnailUrl":"https:\/\/mauritianfoodsonline.com\/wp-content\/uploads\/2025\/03\/new-preoducts-2025-44.jpg","datePublished":"2025-03-07T14:30:31+00:00","dateModified":"2026-04-14T11:24:48+00:00","description":"Savourez la bo\u00eete de chewing-gum Kiss Me\u00a0: une saveur menthe fra\u00eeche pour une mastication longue dur\u00e9e. Id\u00e9al pour une haleine fra\u00eeche et un rafra\u00eechissement quotidien. Commandez d\u00e8s maintenant avec livraison au Royaume-Uni via mauritianfoodonline.","breadcrumb":{"@id":"https:\/\/mauritianfoodsonline.com\/fr\/product\/kiss-me-chewing-gum-box-spear-mint\/#breadcrumb"},"inLanguage":"fr-FR","potentialAction":[{"@type":"ReadAction","target":["https:\/\/mauritianfoodsonline.com\/fr\/product\/kiss-me-chewing-gum-box-spear-mint\/"]}]},{"@type":"ImageObject","inLanguage":"fr-FR","@id":"https:\/\/mauritianfoodsonline.com\/fr\/product\/kiss-me-chewing-gum-box-spear-mint\/#primaryimage","url":"https:\/\/mauritianfoodsonline.com\/wp-content\/uploads\/2025\/03\/new-preoducts-2025-44.jpg","contentUrl":"https:\/\/mauritianfoodsonline.com\/wp-content\/uploads\/2025\/03\/new-preoducts-2025-44.jpg","width":800,"height":800,"caption":"Bo\u00eete de chewing-gum Kiss Me \u2013 paquet de chewing-gum \u00e0 la menthe fra\u00eeche"},{"@type":"BreadcrumbList","@id":"https:\/\/mauritianfoodsonline.com\/fr\/product\/kiss-me-chewing-gum-box-spear-mint\/#breadcrumb","itemListElement":[{"@type":"ListItem","position":1,"name":"Home","item":"https:\/\/mauritianfoodsonline.com\/fr\/"},{"@type":"ListItem","position":2,"name":"Magasin","item":"https:\/\/mauritianfoodsonline.com\/magasin\/"},{"@type":"ListItem","position":3,"name":"Embrasse-moi &#8211; Chewing-gum (bo\u00eete) &#8211; Menthe verte"}]},{"@type":"WebSite","@id":"https:\/\/mauritianfoodsonline.com\/#website","url":"https:\/\/mauritianfoodsonline.com\/","name":"Mauritian Foods Online","description":"Online","publisher":{"@id":"https:\/\/mauritianfoodsonline.com\/#organization"},"potentialAction":[{"@type":"SearchAction","target":{"@type":"EntryPoint","urlTemplate":"https:\/\/mauritianfoodsonline.com\/?s={search_term_string}"},"query-input":{"@type":"PropertyValueSpecification","valueRequired":true,"valueName":"search_term_string"}}],"inLanguage":"fr-FR"},{"@type":"Organization","@id":"https:\/\/mauritianfoodsonline.com\/#organization","name":"Mauritian Foods Online","url":"https:\/\/mauritianfoodsonline.com\/","logo":{"@type":"ImageObject","inLanguage":"fr-FR","@id":"https:\/\/mauritianfoodsonline.com\/#\/schema\/logo\/image\/","url":"https:\/\/mauritianfoodsonline.com\/wp-content\/uploads\/2024\/11\/svgviewer-png-output-1.png","contentUrl":"https:\/\/mauritianfoodsonline.com\/wp-content\/uploads\/2024\/11\/svgviewer-png-output-1.png","width":106,"height":109,"caption":"Mauritian Foods Online"},"image":{"@id":"https:\/\/mauritianfoodsonline.com\/#\/schema\/logo\/image\/"},"sameAs":["https:\/\/www.facebook.com\/mauritianfoodsonlineuk\/","https:\/\/x.com\/mauritian_foods","https:\/\/www.instagram.com\/mauritianfoodsonline\/#"]}]}},"_links":{"self":[{"href":"https:\/\/mauritianfoodsonline.com\/fr\/wp-json\/wp\/v2\/product\/43140","targetHints":{"allow":["GET"]}}],"collection":[{"href":"https:\/\/mauritianfoodsonline.com\/fr\/wp-json\/wp\/v2\/product"}],"about":[{"href":"https:\/\/mauritianfoodsonline.com\/fr\/wp-json\/wp\/v2\/types\/product"}],"replies":[{"embeddable":true,"href":"https:\/\/mauritianfoodsonline.com\/fr\/wp-json\/wp\/v2\/comments?post=43140"}],"wp:featuredmedia":[{"embeddable":true,"href":"https:\/\/mauritianfoodsonline.com\/fr\/wp-json\/wp\/v2\/media\/40874"}],"wp:attachment":[{"href":"https:\/\/mauritianfoodsonline.com\/fr\/wp-json\/wp\/v2\/media?parent=43140"}],"wp:term":[{"taxonomy":"special-offers","embeddable":true,"href":"https:\/\/mauritianfoodsonline.com\/fr\/wp-json\/wp\/v2\/special-offers?post=43140"},{"taxonomy":"product_brand","embeddable":true,"href":"https:\/\/mauritianfoodsonline.com\/fr\/wp-json\/wp\/v2\/product_brand?post=43140"},{"taxonomy":"product_cat","embeddable":true,"href":"https:\/\/mauritianfoodsonline.com\/fr\/wp-json\/wp\/v2\/product_cat?post=43140"},{"taxonomy":"product_tag","embeddable":true,"href":"https:\/\/mauritianfoodsonline.com\/fr\/wp-json\/wp\/v2\/product_tag?post=43140"}],"curies":[{"name":"wp","href":"https:\/\/api.w.org\/{rel}","templated":true}]}}