{"id":43168,"date":"2025-03-07T13:44:30","date_gmt":"2025-03-07T13:44:30","guid":{"rendered":"https:\/\/mauritianfoodsonline.com\/product\/my-motto-wafers-box-cocoa-cocoa\/"},"modified":"2026-04-14T11:26:21","modified_gmt":"2026-04-14T11:26:21","slug":"my-motto-wafers-box-cocoa-cocoa","status":"publish","type":"product","link":"https:\/\/mauritianfoodsonline.com\/fr\/product\/my-motto-wafers-box-cocoa-cocoa\/","title":{"rendered":"Gaufrettes My Motto (bo\u00eete) &#8211; Cacao et cacao"},"content":{"rendered":"<p><strong>\u2022 Format et type d&amp;#39;emballage&nbsp;: bo\u00eete de 150&nbsp;g de biscuits gaufrettes au cacao fourr\u00e9s de cr\u00e8me.<\/strong><br \/>\n<br data-start=\"1373\" data-end=\"1376\"><strong>\u2022 Profil aromatique : Une riche cr\u00e8me au cacao prise en sandwich entre deux feuilles de gaufrette extra-croustillantes.<\/strong><br \/>\n<br data-start=\"1460\" data-end=\"1463\"><strong>\u2022 Texture : Croquante et l\u00e9g\u00e8re, avec une finale onctueuse au chocolat.<\/strong><br \/>\n<br data-start=\"1527\" data-end=\"1530\"><strong>\u2022 Occasions : Go\u00fbter, friandise pour une f\u00eate, ajout \u00e0 la bo\u00eete \u00e0 lunch ou plateau de biscuits \u00e0 partager.<\/strong><\/p>\n","protected":false},"excerpt":{"rendered":"<p>\u2022 Format et type d&amp;#39;emballage&nbsp;: bo\u00eete de 150&nbsp;g de biscuits gaufrettes au cacao fourr\u00e9s de cr\u00e8me. \u2022 Profil aromatique : Une riche cr\u00e8me au cacao prise en sandwich entre deux feuilles de gaufrette extra-croustillantes. \u2022 Texture : Croquante et l\u00e9g\u00e8re, avec une finale onctueuse au chocolat. \u2022 Occasions : Go\u00fbter, friandise pour une f\u00eate, ajout [&hellip;]<\/p>\n","protected":false},"featured_media":41228,"comment_status":"open","ping_status":"closed","template":"","meta":{"_acf_changed":false},"special-offers":[],"product_brand":[],"product_cat":[441,318,458,461],"product_tag":[],"class_list":{"0":"post-43168","1":"product","2":"type-product","3":"status-publish","4":"has-post-thumbnail","6":"product_cat-food-cupboard","7":"product_cat-mauritian","8":"product_cat-snacks-desserts","9":"product_cat-sweet-snacks","11":"first","12":"instock","13":"purchasable","14":"product-type-simple","15":"add-to-wishlist-before_image"},"acf":[],"yoast_head":"<!-- This site is optimized with the Yoast SEO plugin v27.5 - https:\/\/yoast.com\/product\/yoast-seo-wordpress\/ -->\n<title>Gaufrettes au cacao My Motto Cocoa 150 g \u2013 Snack croustillant du Royaume-Uni<\/title>\n<meta name=\"description\" content=\"Bo\u00eete de gaufrettes Croquantes My Motto au cacao (150 g) : de d\u00e9licieuses couches croustillantes fourr\u00e9es d&#039;une onctueuse cr\u00e8me au cacao. Id\u00e9al pour accompagner un th\u00e9 ou un caf\u00e9. Livraison rapide au Royaume-Uni par mauritianfoodonline.\" \/>\n<meta name=\"robots\" content=\"index, follow, max-snippet:-1, max-image-preview:large, max-video-preview:-1\" \/>\n<link rel=\"canonical\" href=\"https:\/\/mauritianfoodsonline.com\/fr\/product\/my-motto-wafers-box-cocoa-cocoa\/\" \/>\n<meta property=\"og:locale\" content=\"fr_FR\" \/>\n<meta property=\"og:type\" content=\"article\" \/>\n<meta property=\"og:title\" content=\"Gaufrettes au cacao My Motto 150 g \u2013 Croquant sucr\u00e9 au cacao (Royaume-Uni)\" \/>\n<meta property=\"og:description\" content=\"Savourez les gaufrettes croustillantes My Motto Cocoa Cocoa Wafers, fourr\u00e9es d&#039;une onctueuse cr\u00e8me au cacao, en bo\u00eete de 150 g. Id\u00e9ales pour satisfaire vos envies de sucr\u00e9, elles sont livr\u00e9es dans tout le Royaume-Uni par mauritianfoodonline.\" \/>\n<meta property=\"og:url\" content=\"https:\/\/mauritianfoodsonline.com\/fr\/product\/my-motto-wafers-box-cocoa-cocoa\/\" \/>\n<meta property=\"og:site_name\" content=\"Mauritian Foods Online\" \/>\n<meta property=\"article:publisher\" content=\"https:\/\/www.facebook.com\/mauritianfoodsonlineuk\/\" \/>\n<meta property=\"article:modified_time\" content=\"2026-04-14T11:26:21+00:00\" \/>\n<meta property=\"og:image\" content=\"https:\/\/mauritianfoodsonline.com\/wp-content\/uploads\/2025\/03\/new-preoducts-2025-98.jpg\" \/>\n\t<meta property=\"og:image:width\" content=\"800\" \/>\n\t<meta property=\"og:image:height\" content=\"800\" \/>\n\t<meta property=\"og:image:type\" content=\"image\/jpeg\" \/>\n<meta name=\"twitter:card\" content=\"summary_large_image\" \/>\n<meta name=\"twitter:site\" content=\"@mauritian_foods\" \/>\n<script type=\"application\/ld+json\" class=\"yoast-schema-graph\">{\"@context\":\"https:\\\/\\\/schema.org\",\"@graph\":[{\"@type\":\"WebPage\",\"@id\":\"https:\\\/\\\/mauritianfoodsonline.com\\\/fr\\\/product\\\/my-motto-wafers-box-cocoa-cocoa\\\/\",\"url\":\"https:\\\/\\\/mauritianfoodsonline.com\\\/fr\\\/product\\\/my-motto-wafers-box-cocoa-cocoa\\\/\",\"name\":\"Gaufrettes au cacao My Motto Cocoa 150 g \u2013 Snack croustillant du Royaume-Uni\",\"isPartOf\":{\"@id\":\"https:\\\/\\\/mauritianfoodsonline.com\\\/#website\"},\"primaryImageOfPage\":{\"@id\":\"https:\\\/\\\/mauritianfoodsonline.com\\\/fr\\\/product\\\/my-motto-wafers-box-cocoa-cocoa\\\/#primaryimage\"},\"image\":{\"@id\":\"https:\\\/\\\/mauritianfoodsonline.com\\\/fr\\\/product\\\/my-motto-wafers-box-cocoa-cocoa\\\/#primaryimage\"},\"thumbnailUrl\":\"https:\\\/\\\/mauritianfoodsonline.com\\\/wp-content\\\/uploads\\\/2025\\\/03\\\/new-preoducts-2025-98.jpg\",\"datePublished\":\"2025-03-07T13:44:30+00:00\",\"dateModified\":\"2026-04-14T11:26:21+00:00\",\"description\":\"Bo\u00eete de gaufrettes Croquantes My Motto au cacao (150 g) : de d\u00e9licieuses couches croustillantes fourr\u00e9es d'une onctueuse cr\u00e8me au cacao. Id\u00e9al pour accompagner un th\u00e9 ou un caf\u00e9. Livraison rapide au Royaume-Uni par mauritianfoodonline.\",\"breadcrumb\":{\"@id\":\"https:\\\/\\\/mauritianfoodsonline.com\\\/fr\\\/product\\\/my-motto-wafers-box-cocoa-cocoa\\\/#breadcrumb\"},\"inLanguage\":\"fr-FR\",\"potentialAction\":[{\"@type\":\"ReadAction\",\"target\":[\"https:\\\/\\\/mauritianfoodsonline.com\\\/fr\\\/product\\\/my-motto-wafers-box-cocoa-cocoa\\\/\"]}]},{\"@type\":\"ImageObject\",\"inLanguage\":\"fr-FR\",\"@id\":\"https:\\\/\\\/mauritianfoodsonline.com\\\/fr\\\/product\\\/my-motto-wafers-box-cocoa-cocoa\\\/#primaryimage\",\"url\":\"https:\\\/\\\/mauritianfoodsonline.com\\\/wp-content\\\/uploads\\\/2025\\\/03\\\/new-preoducts-2025-98.jpg\",\"contentUrl\":\"https:\\\/\\\/mauritianfoodsonline.com\\\/wp-content\\\/uploads\\\/2025\\\/03\\\/new-preoducts-2025-98.jpg\",\"width\":800,\"height\":800,\"caption\":\"Gaufrettes au cacao My Motto \u2013 Friandises croustillantes fourr\u00e9es \u00e0 la cr\u00e8me de cacao (150 g)\"},{\"@type\":\"BreadcrumbList\",\"@id\":\"https:\\\/\\\/mauritianfoodsonline.com\\\/fr\\\/product\\\/my-motto-wafers-box-cocoa-cocoa\\\/#breadcrumb\",\"itemListElement\":[{\"@type\":\"ListItem\",\"position\":1,\"name\":\"Home\",\"item\":\"https:\\\/\\\/mauritianfoodsonline.com\\\/fr\\\/\"},{\"@type\":\"ListItem\",\"position\":2,\"name\":\"Magasin\",\"item\":\"https:\\\/\\\/mauritianfoodsonline.com\\\/magasin\\\/\"},{\"@type\":\"ListItem\",\"position\":3,\"name\":\"Gaufrettes My Motto (bo\u00eete) &#8211; Cacao et cacao\"}]},{\"@type\":\"WebSite\",\"@id\":\"https:\\\/\\\/mauritianfoodsonline.com\\\/#website\",\"url\":\"https:\\\/\\\/mauritianfoodsonline.com\\\/\",\"name\":\"Mauritian Foods Online\",\"description\":\"Online\",\"publisher\":{\"@id\":\"https:\\\/\\\/mauritianfoodsonline.com\\\/#organization\"},\"potentialAction\":[{\"@type\":\"SearchAction\",\"target\":{\"@type\":\"EntryPoint\",\"urlTemplate\":\"https:\\\/\\\/mauritianfoodsonline.com\\\/?s={search_term_string}\"},\"query-input\":{\"@type\":\"PropertyValueSpecification\",\"valueRequired\":true,\"valueName\":\"search_term_string\"}}],\"inLanguage\":\"fr-FR\"},{\"@type\":\"Organization\",\"@id\":\"https:\\\/\\\/mauritianfoodsonline.com\\\/#organization\",\"name\":\"Mauritian Foods Online\",\"url\":\"https:\\\/\\\/mauritianfoodsonline.com\\\/\",\"logo\":{\"@type\":\"ImageObject\",\"inLanguage\":\"fr-FR\",\"@id\":\"https:\\\/\\\/mauritianfoodsonline.com\\\/#\\\/schema\\\/logo\\\/image\\\/\",\"url\":\"https:\\\/\\\/mauritianfoodsonline.com\\\/wp-content\\\/uploads\\\/2024\\\/11\\\/svgviewer-png-output-1.png\",\"contentUrl\":\"https:\\\/\\\/mauritianfoodsonline.com\\\/wp-content\\\/uploads\\\/2024\\\/11\\\/svgviewer-png-output-1.png\",\"width\":106,\"height\":109,\"caption\":\"Mauritian Foods Online\"},\"image\":{\"@id\":\"https:\\\/\\\/mauritianfoodsonline.com\\\/#\\\/schema\\\/logo\\\/image\\\/\"},\"sameAs\":[\"https:\\\/\\\/www.facebook.com\\\/mauritianfoodsonlineuk\\\/\",\"https:\\\/\\\/x.com\\\/mauritian_foods\",\"https:\\\/\\\/www.instagram.com\\\/mauritianfoodsonline\\\/#\"]}]}<\/script>\n<!-- \/ Yoast SEO plugin. -->","yoast_head_json":{"title":"Gaufrettes au cacao My Motto Cocoa 150 g \u2013 Snack croustillant du Royaume-Uni","description":"Bo\u00eete de gaufrettes Croquantes My Motto au cacao (150 g) : de d\u00e9licieuses couches croustillantes fourr\u00e9es d'une onctueuse cr\u00e8me au cacao. Id\u00e9al pour accompagner un th\u00e9 ou un caf\u00e9. Livraison rapide au Royaume-Uni par mauritianfoodonline.","robots":{"index":"index","follow":"follow","max-snippet":"max-snippet:-1","max-image-preview":"max-image-preview:large","max-video-preview":"max-video-preview:-1"},"canonical":"https:\/\/mauritianfoodsonline.com\/fr\/product\/my-motto-wafers-box-cocoa-cocoa\/","og_locale":"fr_FR","og_type":"article","og_title":"Gaufrettes au cacao My Motto 150 g \u2013 Croquant sucr\u00e9 au cacao (Royaume-Uni)","og_description":"Savourez les gaufrettes croustillantes My Motto Cocoa Cocoa Wafers, fourr\u00e9es d'une onctueuse cr\u00e8me au cacao, en bo\u00eete de 150 g. Id\u00e9ales pour satisfaire vos envies de sucr\u00e9, elles sont livr\u00e9es dans tout le Royaume-Uni par mauritianfoodonline.","og_url":"https:\/\/mauritianfoodsonline.com\/fr\/product\/my-motto-wafers-box-cocoa-cocoa\/","og_site_name":"Mauritian Foods Online","article_publisher":"https:\/\/www.facebook.com\/mauritianfoodsonlineuk\/","article_modified_time":"2026-04-14T11:26:21+00:00","og_image":[{"width":800,"height":800,"url":"https:\/\/mauritianfoodsonline.com\/wp-content\/uploads\/2025\/03\/new-preoducts-2025-98.jpg","type":"image\/jpeg"}],"twitter_card":"summary_large_image","twitter_site":"@mauritian_foods","schema":{"@context":"https:\/\/schema.org","@graph":[{"@type":"WebPage","@id":"https:\/\/mauritianfoodsonline.com\/fr\/product\/my-motto-wafers-box-cocoa-cocoa\/","url":"https:\/\/mauritianfoodsonline.com\/fr\/product\/my-motto-wafers-box-cocoa-cocoa\/","name":"Gaufrettes au cacao My Motto Cocoa 150 g \u2013 Snack croustillant du Royaume-Uni","isPartOf":{"@id":"https:\/\/mauritianfoodsonline.com\/#website"},"primaryImageOfPage":{"@id":"https:\/\/mauritianfoodsonline.com\/fr\/product\/my-motto-wafers-box-cocoa-cocoa\/#primaryimage"},"image":{"@id":"https:\/\/mauritianfoodsonline.com\/fr\/product\/my-motto-wafers-box-cocoa-cocoa\/#primaryimage"},"thumbnailUrl":"https:\/\/mauritianfoodsonline.com\/wp-content\/uploads\/2025\/03\/new-preoducts-2025-98.jpg","datePublished":"2025-03-07T13:44:30+00:00","dateModified":"2026-04-14T11:26:21+00:00","description":"Bo\u00eete de gaufrettes Croquantes My Motto au cacao (150 g) : de d\u00e9licieuses couches croustillantes fourr\u00e9es d'une onctueuse cr\u00e8me au cacao. Id\u00e9al pour accompagner un th\u00e9 ou un caf\u00e9. Livraison rapide au Royaume-Uni par mauritianfoodonline.","breadcrumb":{"@id":"https:\/\/mauritianfoodsonline.com\/fr\/product\/my-motto-wafers-box-cocoa-cocoa\/#breadcrumb"},"inLanguage":"fr-FR","potentialAction":[{"@type":"ReadAction","target":["https:\/\/mauritianfoodsonline.com\/fr\/product\/my-motto-wafers-box-cocoa-cocoa\/"]}]},{"@type":"ImageObject","inLanguage":"fr-FR","@id":"https:\/\/mauritianfoodsonline.com\/fr\/product\/my-motto-wafers-box-cocoa-cocoa\/#primaryimage","url":"https:\/\/mauritianfoodsonline.com\/wp-content\/uploads\/2025\/03\/new-preoducts-2025-98.jpg","contentUrl":"https:\/\/mauritianfoodsonline.com\/wp-content\/uploads\/2025\/03\/new-preoducts-2025-98.jpg","width":800,"height":800,"caption":"Gaufrettes au cacao My Motto \u2013 Friandises croustillantes fourr\u00e9es \u00e0 la cr\u00e8me de cacao (150 g)"},{"@type":"BreadcrumbList","@id":"https:\/\/mauritianfoodsonline.com\/fr\/product\/my-motto-wafers-box-cocoa-cocoa\/#breadcrumb","itemListElement":[{"@type":"ListItem","position":1,"name":"Home","item":"https:\/\/mauritianfoodsonline.com\/fr\/"},{"@type":"ListItem","position":2,"name":"Magasin","item":"https:\/\/mauritianfoodsonline.com\/magasin\/"},{"@type":"ListItem","position":3,"name":"Gaufrettes My Motto (bo\u00eete) &#8211; Cacao et cacao"}]},{"@type":"WebSite","@id":"https:\/\/mauritianfoodsonline.com\/#website","url":"https:\/\/mauritianfoodsonline.com\/","name":"Mauritian Foods Online","description":"Online","publisher":{"@id":"https:\/\/mauritianfoodsonline.com\/#organization"},"potentialAction":[{"@type":"SearchAction","target":{"@type":"EntryPoint","urlTemplate":"https:\/\/mauritianfoodsonline.com\/?s={search_term_string}"},"query-input":{"@type":"PropertyValueSpecification","valueRequired":true,"valueName":"search_term_string"}}],"inLanguage":"fr-FR"},{"@type":"Organization","@id":"https:\/\/mauritianfoodsonline.com\/#organization","name":"Mauritian Foods Online","url":"https:\/\/mauritianfoodsonline.com\/","logo":{"@type":"ImageObject","inLanguage":"fr-FR","@id":"https:\/\/mauritianfoodsonline.com\/#\/schema\/logo\/image\/","url":"https:\/\/mauritianfoodsonline.com\/wp-content\/uploads\/2024\/11\/svgviewer-png-output-1.png","contentUrl":"https:\/\/mauritianfoodsonline.com\/wp-content\/uploads\/2024\/11\/svgviewer-png-output-1.png","width":106,"height":109,"caption":"Mauritian Foods Online"},"image":{"@id":"https:\/\/mauritianfoodsonline.com\/#\/schema\/logo\/image\/"},"sameAs":["https:\/\/www.facebook.com\/mauritianfoodsonlineuk\/","https:\/\/x.com\/mauritian_foods","https:\/\/www.instagram.com\/mauritianfoodsonline\/#"]}]}},"_links":{"self":[{"href":"https:\/\/mauritianfoodsonline.com\/fr\/wp-json\/wp\/v2\/product\/43168","targetHints":{"allow":["GET"]}}],"collection":[{"href":"https:\/\/mauritianfoodsonline.com\/fr\/wp-json\/wp\/v2\/product"}],"about":[{"href":"https:\/\/mauritianfoodsonline.com\/fr\/wp-json\/wp\/v2\/types\/product"}],"replies":[{"embeddable":true,"href":"https:\/\/mauritianfoodsonline.com\/fr\/wp-json\/wp\/v2\/comments?post=43168"}],"wp:featuredmedia":[{"embeddable":true,"href":"https:\/\/mauritianfoodsonline.com\/fr\/wp-json\/wp\/v2\/media\/41228"}],"wp:attachment":[{"href":"https:\/\/mauritianfoodsonline.com\/fr\/wp-json\/wp\/v2\/media?parent=43168"}],"wp:term":[{"taxonomy":"special-offers","embeddable":true,"href":"https:\/\/mauritianfoodsonline.com\/fr\/wp-json\/wp\/v2\/special-offers?post=43168"},{"taxonomy":"product_brand","embeddable":true,"href":"https:\/\/mauritianfoodsonline.com\/fr\/wp-json\/wp\/v2\/product_brand?post=43168"},{"taxonomy":"product_cat","embeddable":true,"href":"https:\/\/mauritianfoodsonline.com\/fr\/wp-json\/wp\/v2\/product_cat?post=43168"},{"taxonomy":"product_tag","embeddable":true,"href":"https:\/\/mauritianfoodsonline.com\/fr\/wp-json\/wp\/v2\/product_tag?post=43168"}],"curies":[{"name":"wp","href":"https:\/\/api.w.org\/{rel}","templated":true}]}}