{"id":43172,"date":"2025-03-07T13:50:29","date_gmt":"2025-03-07T13:50:29","guid":{"rendered":"https:\/\/mauritianfoodsonline.com\/product\/astor-wafer-stick-box-chocolate\/"},"modified":"2026-04-14T11:25:43","modified_gmt":"2026-04-14T11:25:43","slug":"astor-wafer-stick-box-chocolate","status":"publish","type":"product","link":"https:\/\/mauritianfoodsonline.com\/fr\/product\/astor-wafer-stick-box-chocolate\/","title":{"rendered":"Astor Wafer Stick (Bo\u00eete) &#8211; Chocolat"},"content":{"rendered":"<p><strong>\u2022 GAUFRES FOURR\u00c9ES AU CHOCOLAT : Gaufrette ext\u00e9rieure croustillante avec un c\u0153ur fondant au chocolat \u2014 un croquant satisfaisant et une douceur cr\u00e9meuse.<\/strong><br \/>\n<br data-start=\"1525\" data-end=\"1528\"><strong>\u2022 COLLATION PR\u00caTE \u00c0 CONSOMMER : Aucune pr\u00e9paration n\u00e9cessaire ; il suffit d&rsquo;ouvrir la bo\u00eete et de d\u00e9guster.<\/strong><br \/>\n<br data-start=\"1598\" data-end=\"1601\"><strong>\u2022 ID\u00c9AL POUR LE PARTAGE : Le format bo\u00eete est parfait pour les f\u00eates, l&rsquo;heure du th\u00e9 ou \u00e0 partager entre amis\/en famille. 24 sachets x 20 g.<\/strong><br \/>\n<br data-start=\"1707\" data-end=\"1710\"><strong>\u2022 LIVRAISON PRATIQUE AU ROYAUME-UNI&nbsp;: Disponible via mauritianfoodonline \u2014 livraison facile \u00e0 domicile au Royaume-Uni.<\/strong><\/p>\n","protected":false},"excerpt":{"rendered":"<p>\u2022 GAUFRES FOURR\u00c9ES AU CHOCOLAT : Gaufrette ext\u00e9rieure croustillante avec un c\u0153ur fondant au chocolat \u2014 un croquant satisfaisant et une douceur cr\u00e9meuse. \u2022 COLLATION PR\u00caTE \u00c0 CONSOMMER : Aucune pr\u00e9paration n\u00e9cessaire ; il suffit d&rsquo;ouvrir la bo\u00eete et de d\u00e9guster. \u2022 ID\u00c9AL POUR LE PARTAGE : Le format bo\u00eete est parfait pour les f\u00eates, [&hellip;]<\/p>\n","protected":false},"featured_media":41030,"comment_status":"open","ping_status":"closed","template":"","meta":{"_acf_changed":false},"special-offers":[],"product_brand":[],"product_cat":[441,318,458,461],"product_tag":[],"class_list":{"0":"post-43172","1":"product","2":"type-product","3":"status-publish","4":"has-post-thumbnail","6":"product_cat-food-cupboard","7":"product_cat-mauritian","8":"product_cat-snacks-desserts","9":"product_cat-sweet-snacks","11":"first","12":"instock","13":"purchasable","14":"product-type-simple","15":"add-to-wishlist-before_image"},"acf":[],"yoast_head":"<!-- This site is optimized with the Yoast SEO plugin v27.5 - https:\/\/yoast.com\/product\/yoast-seo-wordpress\/ -->\n<title>mauritianfoodonline B\u00e2tonnets de gaufrette au chocolat Astor \u2013 Snack Royaume-Uni<\/title>\n<meta name=\"description\" content=\"Laissez-vous tenter par les b\u00e2tonnets de gaufrettes au chocolat Astor\u00a0: de l\u00e9g\u00e8res gaufrettes croustillantes fourr\u00e9es d\u2019une onctueuse cr\u00e8me au chocolat. Un en-cas sucr\u00e9 id\u00e9al, livr\u00e9 rapidement au Royaume-Uni par mauritianfoodonline.\" \/>\n<meta name=\"robots\" content=\"index, follow, max-snippet:-1, max-image-preview:large, max-video-preview:-1\" \/>\n<link rel=\"canonical\" href=\"https:\/\/mauritianfoodsonline.com\/fr\/product\/astor-wafer-stick-box-chocolate\/\" \/>\n<meta property=\"og:locale\" content=\"fr_FR\" \/>\n<meta property=\"og:type\" content=\"article\" \/>\n<meta property=\"og:title\" content=\"Astor Gaufrette Chocolat\u00e9e en B\u00e2tonnet \u2013 Gourmandise Croustillante et Sucr\u00e9e du Royaume-Uni\" \/>\n<meta property=\"og:description\" content=\"Savourez les gaufrettes au chocolat Astor\u00a0: des rouleaux croustillants enrob\u00e9s de chocolat onctueux, parfaits pour une pause gourmande ou un dessert. Livraison rapide au Royaume-Uni par mauritianfoodonline.\" \/>\n<meta property=\"og:url\" content=\"https:\/\/mauritianfoodsonline.com\/fr\/product\/astor-wafer-stick-box-chocolate\/\" \/>\n<meta property=\"og:site_name\" content=\"Mauritian Foods Online\" \/>\n<meta property=\"article:publisher\" content=\"https:\/\/www.facebook.com\/mauritianfoodsonlineuk\/\" \/>\n<meta property=\"article:modified_time\" content=\"2026-04-14T11:25:43+00:00\" \/>\n<meta property=\"og:image\" content=\"https:\/\/mauritianfoodsonline.com\/wp-content\/uploads\/2025\/03\/new-preoducts-2025-68.jpg\" \/>\n\t<meta property=\"og:image:width\" content=\"800\" \/>\n\t<meta property=\"og:image:height\" content=\"800\" \/>\n\t<meta property=\"og:image:type\" content=\"image\/jpeg\" \/>\n<meta name=\"twitter:card\" content=\"summary_large_image\" \/>\n<meta name=\"twitter:site\" content=\"@mauritian_foods\" \/>\n<script type=\"application\/ld+json\" class=\"yoast-schema-graph\">{\"@context\":\"https:\\\/\\\/schema.org\",\"@graph\":[{\"@type\":\"WebPage\",\"@id\":\"https:\\\/\\\/mauritianfoodsonline.com\\\/fr\\\/product\\\/astor-wafer-stick-box-chocolate\\\/\",\"url\":\"https:\\\/\\\/mauritianfoodsonline.com\\\/fr\\\/product\\\/astor-wafer-stick-box-chocolate\\\/\",\"name\":\"mauritianfoodonline B\u00e2tonnets de gaufrette au chocolat Astor \u2013 Snack Royaume-Uni\",\"isPartOf\":{\"@id\":\"https:\\\/\\\/mauritianfoodsonline.com\\\/#website\"},\"primaryImageOfPage\":{\"@id\":\"https:\\\/\\\/mauritianfoodsonline.com\\\/fr\\\/product\\\/astor-wafer-stick-box-chocolate\\\/#primaryimage\"},\"image\":{\"@id\":\"https:\\\/\\\/mauritianfoodsonline.com\\\/fr\\\/product\\\/astor-wafer-stick-box-chocolate\\\/#primaryimage\"},\"thumbnailUrl\":\"https:\\\/\\\/mauritianfoodsonline.com\\\/wp-content\\\/uploads\\\/2025\\\/03\\\/new-preoducts-2025-68.jpg\",\"datePublished\":\"2025-03-07T13:50:29+00:00\",\"dateModified\":\"2026-04-14T11:25:43+00:00\",\"description\":\"Laissez-vous tenter par les b\u00e2tonnets de gaufrettes au chocolat Astor\u00a0: de l\u00e9g\u00e8res gaufrettes croustillantes fourr\u00e9es d\u2019une onctueuse cr\u00e8me au chocolat. Un en-cas sucr\u00e9 id\u00e9al, livr\u00e9 rapidement au Royaume-Uni par mauritianfoodonline.\",\"breadcrumb\":{\"@id\":\"https:\\\/\\\/mauritianfoodsonline.com\\\/fr\\\/product\\\/astor-wafer-stick-box-chocolate\\\/#breadcrumb\"},\"inLanguage\":\"fr-FR\",\"potentialAction\":[{\"@type\":\"ReadAction\",\"target\":[\"https:\\\/\\\/mauritianfoodsonline.com\\\/fr\\\/product\\\/astor-wafer-stick-box-chocolate\\\/\"]}]},{\"@type\":\"ImageObject\",\"inLanguage\":\"fr-FR\",\"@id\":\"https:\\\/\\\/mauritianfoodsonline.com\\\/fr\\\/product\\\/astor-wafer-stick-box-chocolate\\\/#primaryimage\",\"url\":\"https:\\\/\\\/mauritianfoodsonline.com\\\/wp-content\\\/uploads\\\/2025\\\/03\\\/new-preoducts-2025-68.jpg\",\"contentUrl\":\"https:\\\/\\\/mauritianfoodsonline.com\\\/wp-content\\\/uploads\\\/2025\\\/03\\\/new-preoducts-2025-68.jpg\",\"width\":800,\"height\":800,\"caption\":\"B\u00e2tonnets de gaufrettes au chocolat Astor \u2013 Bo\u00eete de gaufrettes croustillantes et cr\u00e9meuses\"},{\"@type\":\"BreadcrumbList\",\"@id\":\"https:\\\/\\\/mauritianfoodsonline.com\\\/fr\\\/product\\\/astor-wafer-stick-box-chocolate\\\/#breadcrumb\",\"itemListElement\":[{\"@type\":\"ListItem\",\"position\":1,\"name\":\"Home\",\"item\":\"https:\\\/\\\/mauritianfoodsonline.com\\\/fr\\\/\"},{\"@type\":\"ListItem\",\"position\":2,\"name\":\"Magasin\",\"item\":\"https:\\\/\\\/mauritianfoodsonline.com\\\/magasin\\\/\"},{\"@type\":\"ListItem\",\"position\":3,\"name\":\"Astor Wafer Stick (Bo\u00eete) &#8211; Chocolat\"}]},{\"@type\":\"WebSite\",\"@id\":\"https:\\\/\\\/mauritianfoodsonline.com\\\/#website\",\"url\":\"https:\\\/\\\/mauritianfoodsonline.com\\\/\",\"name\":\"Mauritian Foods Online\",\"description\":\"Online\",\"publisher\":{\"@id\":\"https:\\\/\\\/mauritianfoodsonline.com\\\/#organization\"},\"potentialAction\":[{\"@type\":\"SearchAction\",\"target\":{\"@type\":\"EntryPoint\",\"urlTemplate\":\"https:\\\/\\\/mauritianfoodsonline.com\\\/?s={search_term_string}\"},\"query-input\":{\"@type\":\"PropertyValueSpecification\",\"valueRequired\":true,\"valueName\":\"search_term_string\"}}],\"inLanguage\":\"fr-FR\"},{\"@type\":\"Organization\",\"@id\":\"https:\\\/\\\/mauritianfoodsonline.com\\\/#organization\",\"name\":\"Mauritian Foods Online\",\"url\":\"https:\\\/\\\/mauritianfoodsonline.com\\\/\",\"logo\":{\"@type\":\"ImageObject\",\"inLanguage\":\"fr-FR\",\"@id\":\"https:\\\/\\\/mauritianfoodsonline.com\\\/#\\\/schema\\\/logo\\\/image\\\/\",\"url\":\"https:\\\/\\\/mauritianfoodsonline.com\\\/wp-content\\\/uploads\\\/2024\\\/11\\\/svgviewer-png-output-1.png\",\"contentUrl\":\"https:\\\/\\\/mauritianfoodsonline.com\\\/wp-content\\\/uploads\\\/2024\\\/11\\\/svgviewer-png-output-1.png\",\"width\":106,\"height\":109,\"caption\":\"Mauritian Foods Online\"},\"image\":{\"@id\":\"https:\\\/\\\/mauritianfoodsonline.com\\\/#\\\/schema\\\/logo\\\/image\\\/\"},\"sameAs\":[\"https:\\\/\\\/www.facebook.com\\\/mauritianfoodsonlineuk\\\/\",\"https:\\\/\\\/x.com\\\/mauritian_foods\",\"https:\\\/\\\/www.instagram.com\\\/mauritianfoodsonline\\\/#\"]}]}<\/script>\n<!-- \/ Yoast SEO plugin. -->","yoast_head_json":{"title":"mauritianfoodonline B\u00e2tonnets de gaufrette au chocolat Astor \u2013 Snack Royaume-Uni","description":"Laissez-vous tenter par les b\u00e2tonnets de gaufrettes au chocolat Astor\u00a0: de l\u00e9g\u00e8res gaufrettes croustillantes fourr\u00e9es d\u2019une onctueuse cr\u00e8me au chocolat. Un en-cas sucr\u00e9 id\u00e9al, livr\u00e9 rapidement au Royaume-Uni par mauritianfoodonline.","robots":{"index":"index","follow":"follow","max-snippet":"max-snippet:-1","max-image-preview":"max-image-preview:large","max-video-preview":"max-video-preview:-1"},"canonical":"https:\/\/mauritianfoodsonline.com\/fr\/product\/astor-wafer-stick-box-chocolate\/","og_locale":"fr_FR","og_type":"article","og_title":"Astor Gaufrette Chocolat\u00e9e en B\u00e2tonnet \u2013 Gourmandise Croustillante et Sucr\u00e9e du Royaume-Uni","og_description":"Savourez les gaufrettes au chocolat Astor\u00a0: des rouleaux croustillants enrob\u00e9s de chocolat onctueux, parfaits pour une pause gourmande ou un dessert. Livraison rapide au Royaume-Uni par mauritianfoodonline.","og_url":"https:\/\/mauritianfoodsonline.com\/fr\/product\/astor-wafer-stick-box-chocolate\/","og_site_name":"Mauritian Foods Online","article_publisher":"https:\/\/www.facebook.com\/mauritianfoodsonlineuk\/","article_modified_time":"2026-04-14T11:25:43+00:00","og_image":[{"width":800,"height":800,"url":"https:\/\/mauritianfoodsonline.com\/wp-content\/uploads\/2025\/03\/new-preoducts-2025-68.jpg","type":"image\/jpeg"}],"twitter_card":"summary_large_image","twitter_site":"@mauritian_foods","schema":{"@context":"https:\/\/schema.org","@graph":[{"@type":"WebPage","@id":"https:\/\/mauritianfoodsonline.com\/fr\/product\/astor-wafer-stick-box-chocolate\/","url":"https:\/\/mauritianfoodsonline.com\/fr\/product\/astor-wafer-stick-box-chocolate\/","name":"mauritianfoodonline B\u00e2tonnets de gaufrette au chocolat Astor \u2013 Snack Royaume-Uni","isPartOf":{"@id":"https:\/\/mauritianfoodsonline.com\/#website"},"primaryImageOfPage":{"@id":"https:\/\/mauritianfoodsonline.com\/fr\/product\/astor-wafer-stick-box-chocolate\/#primaryimage"},"image":{"@id":"https:\/\/mauritianfoodsonline.com\/fr\/product\/astor-wafer-stick-box-chocolate\/#primaryimage"},"thumbnailUrl":"https:\/\/mauritianfoodsonline.com\/wp-content\/uploads\/2025\/03\/new-preoducts-2025-68.jpg","datePublished":"2025-03-07T13:50:29+00:00","dateModified":"2026-04-14T11:25:43+00:00","description":"Laissez-vous tenter par les b\u00e2tonnets de gaufrettes au chocolat Astor\u00a0: de l\u00e9g\u00e8res gaufrettes croustillantes fourr\u00e9es d\u2019une onctueuse cr\u00e8me au chocolat. Un en-cas sucr\u00e9 id\u00e9al, livr\u00e9 rapidement au Royaume-Uni par mauritianfoodonline.","breadcrumb":{"@id":"https:\/\/mauritianfoodsonline.com\/fr\/product\/astor-wafer-stick-box-chocolate\/#breadcrumb"},"inLanguage":"fr-FR","potentialAction":[{"@type":"ReadAction","target":["https:\/\/mauritianfoodsonline.com\/fr\/product\/astor-wafer-stick-box-chocolate\/"]}]},{"@type":"ImageObject","inLanguage":"fr-FR","@id":"https:\/\/mauritianfoodsonline.com\/fr\/product\/astor-wafer-stick-box-chocolate\/#primaryimage","url":"https:\/\/mauritianfoodsonline.com\/wp-content\/uploads\/2025\/03\/new-preoducts-2025-68.jpg","contentUrl":"https:\/\/mauritianfoodsonline.com\/wp-content\/uploads\/2025\/03\/new-preoducts-2025-68.jpg","width":800,"height":800,"caption":"B\u00e2tonnets de gaufrettes au chocolat Astor \u2013 Bo\u00eete de gaufrettes croustillantes et cr\u00e9meuses"},{"@type":"BreadcrumbList","@id":"https:\/\/mauritianfoodsonline.com\/fr\/product\/astor-wafer-stick-box-chocolate\/#breadcrumb","itemListElement":[{"@type":"ListItem","position":1,"name":"Home","item":"https:\/\/mauritianfoodsonline.com\/fr\/"},{"@type":"ListItem","position":2,"name":"Magasin","item":"https:\/\/mauritianfoodsonline.com\/magasin\/"},{"@type":"ListItem","position":3,"name":"Astor Wafer Stick (Bo\u00eete) &#8211; Chocolat"}]},{"@type":"WebSite","@id":"https:\/\/mauritianfoodsonline.com\/#website","url":"https:\/\/mauritianfoodsonline.com\/","name":"Mauritian Foods Online","description":"Online","publisher":{"@id":"https:\/\/mauritianfoodsonline.com\/#organization"},"potentialAction":[{"@type":"SearchAction","target":{"@type":"EntryPoint","urlTemplate":"https:\/\/mauritianfoodsonline.com\/?s={search_term_string}"},"query-input":{"@type":"PropertyValueSpecification","valueRequired":true,"valueName":"search_term_string"}}],"inLanguage":"fr-FR"},{"@type":"Organization","@id":"https:\/\/mauritianfoodsonline.com\/#organization","name":"Mauritian Foods Online","url":"https:\/\/mauritianfoodsonline.com\/","logo":{"@type":"ImageObject","inLanguage":"fr-FR","@id":"https:\/\/mauritianfoodsonline.com\/#\/schema\/logo\/image\/","url":"https:\/\/mauritianfoodsonline.com\/wp-content\/uploads\/2024\/11\/svgviewer-png-output-1.png","contentUrl":"https:\/\/mauritianfoodsonline.com\/wp-content\/uploads\/2024\/11\/svgviewer-png-output-1.png","width":106,"height":109,"caption":"Mauritian Foods Online"},"image":{"@id":"https:\/\/mauritianfoodsonline.com\/#\/schema\/logo\/image\/"},"sameAs":["https:\/\/www.facebook.com\/mauritianfoodsonlineuk\/","https:\/\/x.com\/mauritian_foods","https:\/\/www.instagram.com\/mauritianfoodsonline\/#"]}]}},"_links":{"self":[{"href":"https:\/\/mauritianfoodsonline.com\/fr\/wp-json\/wp\/v2\/product\/43172","targetHints":{"allow":["GET"]}}],"collection":[{"href":"https:\/\/mauritianfoodsonline.com\/fr\/wp-json\/wp\/v2\/product"}],"about":[{"href":"https:\/\/mauritianfoodsonline.com\/fr\/wp-json\/wp\/v2\/types\/product"}],"replies":[{"embeddable":true,"href":"https:\/\/mauritianfoodsonline.com\/fr\/wp-json\/wp\/v2\/comments?post=43172"}],"wp:featuredmedia":[{"embeddable":true,"href":"https:\/\/mauritianfoodsonline.com\/fr\/wp-json\/wp\/v2\/media\/41030"}],"wp:attachment":[{"href":"https:\/\/mauritianfoodsonline.com\/fr\/wp-json\/wp\/v2\/media?parent=43172"}],"wp:term":[{"taxonomy":"special-offers","embeddable":true,"href":"https:\/\/mauritianfoodsonline.com\/fr\/wp-json\/wp\/v2\/special-offers?post=43172"},{"taxonomy":"product_brand","embeddable":true,"href":"https:\/\/mauritianfoodsonline.com\/fr\/wp-json\/wp\/v2\/product_brand?post=43172"},{"taxonomy":"product_cat","embeddable":true,"href":"https:\/\/mauritianfoodsonline.com\/fr\/wp-json\/wp\/v2\/product_cat?post=43172"},{"taxonomy":"product_tag","embeddable":true,"href":"https:\/\/mauritianfoodsonline.com\/fr\/wp-json\/wp\/v2\/product_tag?post=43172"}],"curies":[{"name":"wp","href":"https:\/\/api.w.org\/{rel}","templated":true}]}}