{"id":43174,"date":"2024-08-09T04:53:18","date_gmt":"2024-08-09T04:53:18","guid":{"rendered":"https:\/\/mauritianfoodsonline.com\/product\/eagle-brand-curry-powder-mild\/"},"modified":"2025-09-15T12:08:36","modified_gmt":"2025-09-15T12:08:36","slug":"eagle-brand-curry-powder-mild","status":"publish","type":"product","link":"https:\/\/mauritianfoodsonline.com\/fr\/product\/eagle-brand-curry-powder-mild\/","title":{"rendered":"Eagle Brand Curry Powder \u2013 Mild"},"content":{"rendered":"<p><span class=\"actsearchhighlightcolor\">Les \u00e9pices Eagle Brand sont<\/span> moulues \u00e0 partir de poivrons s\u00e9lectionn\u00e9s et conf\u00e8rent une couleur brun rouge\u00e2tre riche et exquise \u00e0 tous les aliments. Chaque sachet est \u00e9tiquet\u00e9 avec la date limite de consommation. <\/p>\n<p>Informations sur les allerg\u00e8nes : Emball\u00e9 dans une usine qui traite \u00e9galement du bl\u00e9, du c\u00e9leri, de la moutarde et du dioxyde de soufre.<\/p>\n","protected":false},"excerpt":{"rendered":"<p>Les \u00e9pices Eagle Brand sont moulues \u00e0 partir de poivrons s\u00e9lectionn\u00e9s et conf\u00e8rent une couleur brun rouge\u00e2tre riche et exquise \u00e0 tous les aliments. Chaque sachet est \u00e9tiquet\u00e9 avec la date limite de consommation. Informations sur les allerg\u00e8nes : Emball\u00e9 dans une usine qui traite \u00e9galement du bl\u00e9, du c\u00e9leri, de la moutarde et du [&hellip;]<\/p>\n","protected":false},"featured_media":38900,"comment_status":"open","ping_status":"closed","template":"","meta":{"_acf_changed":false},"special-offers":[],"product_brand":[],"product_cat":[465,318,463],"product_tag":[],"class_list":{"0":"post-43174","1":"product","2":"type-product","3":"status-publish","4":"has-post-thumbnail","6":"product_cat-curry-powder","7":"product_cat-mauritian","8":"product_cat-spices","10":"first","11":"instock","12":"purchasable","13":"product-type-variable","14":"add-to-wishlist-before_image"},"acf":[],"yoast_head":"<!-- This site is optimized with the Yoast SEO plugin v27.3 - https:\/\/yoast.com\/product\/yoast-seo-wordpress\/ -->\n<title>Eagle Brand Curry Powder \u2013 Mild - Mauritian Foods Online<\/title>\n<meta name=\"robots\" content=\"index, follow, max-snippet:-1, max-image-preview:large, max-video-preview:-1\" \/>\n<link rel=\"canonical\" href=\"https:\/\/mauritianfoodsonline.com\/fr\/product\/eagle-brand-curry-powder-mild\/\" \/>\n<meta property=\"og:locale\" content=\"fr_FR\" \/>\n<meta property=\"og:type\" content=\"article\" \/>\n<meta property=\"og:title\" content=\"Eagle Brand Curry Powder \u2013 Mild - Mauritian Foods Online\" \/>\n<meta property=\"og:description\" content=\"Les \u00e9pices Eagle Brand sont moulues \u00e0 partir de poivrons s\u00e9lectionn\u00e9s et conf\u00e8rent une couleur brun rouge\u00e2tre riche et exquise \u00e0 tous les aliments. Chaque sachet est \u00e9tiquet\u00e9 avec la date limite de consommation. Informations sur les allerg\u00e8nes : Emball\u00e9 dans une usine qui traite \u00e9galement du bl\u00e9, du c\u00e9leri, de la moutarde et du [&hellip;]\" \/>\n<meta property=\"og:url\" content=\"https:\/\/mauritianfoodsonline.com\/fr\/product\/eagle-brand-curry-powder-mild\/\" \/>\n<meta property=\"og:site_name\" content=\"Mauritian Foods Online\" \/>\n<meta property=\"article:publisher\" content=\"https:\/\/www.facebook.com\/mauritianfoodsonlineuk\/\" \/>\n<meta property=\"article:modified_time\" content=\"2025-09-15T12:08:36+00:00\" \/>\n<meta property=\"og:image\" content=\"https:\/\/mauritianfoodsonline.com\/wp-content\/uploads\/2024\/08\/MauritianFoods_Web-315.jpg\" \/>\n\t<meta property=\"og:image:width\" content=\"800\" \/>\n\t<meta property=\"og:image:height\" content=\"800\" \/>\n\t<meta property=\"og:image:type\" content=\"image\/jpeg\" \/>\n<meta name=\"twitter:card\" content=\"summary_large_image\" \/>\n<meta name=\"twitter:site\" content=\"@mauritian_foods\" \/>\n<script type=\"application\/ld+json\" class=\"yoast-schema-graph\">{\"@context\":\"https:\\\/\\\/schema.org\",\"@graph\":[{\"@type\":\"WebPage\",\"@id\":\"https:\\\/\\\/mauritianfoodsonline.com\\\/fr\\\/product\\\/eagle-brand-curry-powder-mild\\\/\",\"url\":\"https:\\\/\\\/mauritianfoodsonline.com\\\/fr\\\/product\\\/eagle-brand-curry-powder-mild\\\/\",\"name\":\"Eagle Brand Curry Powder \u2013 Mild - Mauritian Foods Online\",\"isPartOf\":{\"@id\":\"https:\\\/\\\/mauritianfoodsonline.com\\\/#website\"},\"primaryImageOfPage\":{\"@id\":\"https:\\\/\\\/mauritianfoodsonline.com\\\/fr\\\/product\\\/eagle-brand-curry-powder-mild\\\/#primaryimage\"},\"image\":{\"@id\":\"https:\\\/\\\/mauritianfoodsonline.com\\\/fr\\\/product\\\/eagle-brand-curry-powder-mild\\\/#primaryimage\"},\"thumbnailUrl\":\"https:\\\/\\\/mauritianfoodsonline.com\\\/wp-content\\\/uploads\\\/2024\\\/08\\\/MauritianFoods_Web-315.jpg\",\"datePublished\":\"2024-08-09T04:53:18+00:00\",\"dateModified\":\"2025-09-15T12:08:36+00:00\",\"breadcrumb\":{\"@id\":\"https:\\\/\\\/mauritianfoodsonline.com\\\/fr\\\/product\\\/eagle-brand-curry-powder-mild\\\/#breadcrumb\"},\"inLanguage\":\"fr-FR\",\"potentialAction\":[{\"@type\":\"ReadAction\",\"target\":[\"https:\\\/\\\/mauritianfoodsonline.com\\\/fr\\\/product\\\/eagle-brand-curry-powder-mild\\\/\"]}]},{\"@type\":\"ImageObject\",\"inLanguage\":\"fr-FR\",\"@id\":\"https:\\\/\\\/mauritianfoodsonline.com\\\/fr\\\/product\\\/eagle-brand-curry-powder-mild\\\/#primaryimage\",\"url\":\"https:\\\/\\\/mauritianfoodsonline.com\\\/wp-content\\\/uploads\\\/2024\\\/08\\\/MauritianFoods_Web-315.jpg\",\"contentUrl\":\"https:\\\/\\\/mauritianfoodsonline.com\\\/wp-content\\\/uploads\\\/2024\\\/08\\\/MauritianFoods_Web-315.jpg\",\"width\":800,\"height\":800},{\"@type\":\"BreadcrumbList\",\"@id\":\"https:\\\/\\\/mauritianfoodsonline.com\\\/fr\\\/product\\\/eagle-brand-curry-powder-mild\\\/#breadcrumb\",\"itemListElement\":[{\"@type\":\"ListItem\",\"position\":1,\"name\":\"Home\",\"item\":\"https:\\\/\\\/mauritianfoodsonline.com\\\/fr\\\/\"},{\"@type\":\"ListItem\",\"position\":2,\"name\":\"Magasin\",\"item\":\"https:\\\/\\\/mauritianfoodsonline.com\\\/magasin\\\/\"},{\"@type\":\"ListItem\",\"position\":3,\"name\":\"Eagle Brand Curry Powder \u2013 Mild\"}]},{\"@type\":\"WebSite\",\"@id\":\"https:\\\/\\\/mauritianfoodsonline.com\\\/#website\",\"url\":\"https:\\\/\\\/mauritianfoodsonline.com\\\/\",\"name\":\"Mauritian Foods Online\",\"description\":\"Online\",\"publisher\":{\"@id\":\"https:\\\/\\\/mauritianfoodsonline.com\\\/#organization\"},\"potentialAction\":[{\"@type\":\"SearchAction\",\"target\":{\"@type\":\"EntryPoint\",\"urlTemplate\":\"https:\\\/\\\/mauritianfoodsonline.com\\\/?s={search_term_string}\"},\"query-input\":{\"@type\":\"PropertyValueSpecification\",\"valueRequired\":true,\"valueName\":\"search_term_string\"}}],\"inLanguage\":\"fr-FR\"},{\"@type\":\"Organization\",\"@id\":\"https:\\\/\\\/mauritianfoodsonline.com\\\/#organization\",\"name\":\"Mauritian Foods Online\",\"url\":\"https:\\\/\\\/mauritianfoodsonline.com\\\/\",\"logo\":{\"@type\":\"ImageObject\",\"inLanguage\":\"fr-FR\",\"@id\":\"https:\\\/\\\/mauritianfoodsonline.com\\\/#\\\/schema\\\/logo\\\/image\\\/\",\"url\":\"https:\\\/\\\/mauritianfoodsonline.com\\\/wp-content\\\/uploads\\\/2024\\\/11\\\/svgviewer-png-output-1.png\",\"contentUrl\":\"https:\\\/\\\/mauritianfoodsonline.com\\\/wp-content\\\/uploads\\\/2024\\\/11\\\/svgviewer-png-output-1.png\",\"width\":106,\"height\":109,\"caption\":\"Mauritian Foods Online\"},\"image\":{\"@id\":\"https:\\\/\\\/mauritianfoodsonline.com\\\/#\\\/schema\\\/logo\\\/image\\\/\"},\"sameAs\":[\"https:\\\/\\\/www.facebook.com\\\/mauritianfoodsonlineuk\\\/\",\"https:\\\/\\\/x.com\\\/mauritian_foods\",\"https:\\\/\\\/www.instagram.com\\\/mauritianfoodsonline\\\/#\"]}]}<\/script>\n<!-- \/ Yoast SEO plugin. -->","yoast_head_json":{"title":"Eagle Brand Curry Powder \u2013 Mild - Mauritian Foods Online","robots":{"index":"index","follow":"follow","max-snippet":"max-snippet:-1","max-image-preview":"max-image-preview:large","max-video-preview":"max-video-preview:-1"},"canonical":"https:\/\/mauritianfoodsonline.com\/fr\/product\/eagle-brand-curry-powder-mild\/","og_locale":"fr_FR","og_type":"article","og_title":"Eagle Brand Curry Powder \u2013 Mild - Mauritian Foods Online","og_description":"Les \u00e9pices Eagle Brand sont moulues \u00e0 partir de poivrons s\u00e9lectionn\u00e9s et conf\u00e8rent une couleur brun rouge\u00e2tre riche et exquise \u00e0 tous les aliments. Chaque sachet est \u00e9tiquet\u00e9 avec la date limite de consommation. Informations sur les allerg\u00e8nes : Emball\u00e9 dans une usine qui traite \u00e9galement du bl\u00e9, du c\u00e9leri, de la moutarde et du [&hellip;]","og_url":"https:\/\/mauritianfoodsonline.com\/fr\/product\/eagle-brand-curry-powder-mild\/","og_site_name":"Mauritian Foods Online","article_publisher":"https:\/\/www.facebook.com\/mauritianfoodsonlineuk\/","article_modified_time":"2025-09-15T12:08:36+00:00","og_image":[{"width":800,"height":800,"url":"https:\/\/mauritianfoodsonline.com\/wp-content\/uploads\/2024\/08\/MauritianFoods_Web-315.jpg","type":"image\/jpeg"}],"twitter_card":"summary_large_image","twitter_site":"@mauritian_foods","schema":{"@context":"https:\/\/schema.org","@graph":[{"@type":"WebPage","@id":"https:\/\/mauritianfoodsonline.com\/fr\/product\/eagle-brand-curry-powder-mild\/","url":"https:\/\/mauritianfoodsonline.com\/fr\/product\/eagle-brand-curry-powder-mild\/","name":"Eagle Brand Curry Powder \u2013 Mild - Mauritian Foods Online","isPartOf":{"@id":"https:\/\/mauritianfoodsonline.com\/#website"},"primaryImageOfPage":{"@id":"https:\/\/mauritianfoodsonline.com\/fr\/product\/eagle-brand-curry-powder-mild\/#primaryimage"},"image":{"@id":"https:\/\/mauritianfoodsonline.com\/fr\/product\/eagle-brand-curry-powder-mild\/#primaryimage"},"thumbnailUrl":"https:\/\/mauritianfoodsonline.com\/wp-content\/uploads\/2024\/08\/MauritianFoods_Web-315.jpg","datePublished":"2024-08-09T04:53:18+00:00","dateModified":"2025-09-15T12:08:36+00:00","breadcrumb":{"@id":"https:\/\/mauritianfoodsonline.com\/fr\/product\/eagle-brand-curry-powder-mild\/#breadcrumb"},"inLanguage":"fr-FR","potentialAction":[{"@type":"ReadAction","target":["https:\/\/mauritianfoodsonline.com\/fr\/product\/eagle-brand-curry-powder-mild\/"]}]},{"@type":"ImageObject","inLanguage":"fr-FR","@id":"https:\/\/mauritianfoodsonline.com\/fr\/product\/eagle-brand-curry-powder-mild\/#primaryimage","url":"https:\/\/mauritianfoodsonline.com\/wp-content\/uploads\/2024\/08\/MauritianFoods_Web-315.jpg","contentUrl":"https:\/\/mauritianfoodsonline.com\/wp-content\/uploads\/2024\/08\/MauritianFoods_Web-315.jpg","width":800,"height":800},{"@type":"BreadcrumbList","@id":"https:\/\/mauritianfoodsonline.com\/fr\/product\/eagle-brand-curry-powder-mild\/#breadcrumb","itemListElement":[{"@type":"ListItem","position":1,"name":"Home","item":"https:\/\/mauritianfoodsonline.com\/fr\/"},{"@type":"ListItem","position":2,"name":"Magasin","item":"https:\/\/mauritianfoodsonline.com\/magasin\/"},{"@type":"ListItem","position":3,"name":"Eagle Brand Curry Powder \u2013 Mild"}]},{"@type":"WebSite","@id":"https:\/\/mauritianfoodsonline.com\/#website","url":"https:\/\/mauritianfoodsonline.com\/","name":"Mauritian Foods Online","description":"Online","publisher":{"@id":"https:\/\/mauritianfoodsonline.com\/#organization"},"potentialAction":[{"@type":"SearchAction","target":{"@type":"EntryPoint","urlTemplate":"https:\/\/mauritianfoodsonline.com\/?s={search_term_string}"},"query-input":{"@type":"PropertyValueSpecification","valueRequired":true,"valueName":"search_term_string"}}],"inLanguage":"fr-FR"},{"@type":"Organization","@id":"https:\/\/mauritianfoodsonline.com\/#organization","name":"Mauritian Foods Online","url":"https:\/\/mauritianfoodsonline.com\/","logo":{"@type":"ImageObject","inLanguage":"fr-FR","@id":"https:\/\/mauritianfoodsonline.com\/#\/schema\/logo\/image\/","url":"https:\/\/mauritianfoodsonline.com\/wp-content\/uploads\/2024\/11\/svgviewer-png-output-1.png","contentUrl":"https:\/\/mauritianfoodsonline.com\/wp-content\/uploads\/2024\/11\/svgviewer-png-output-1.png","width":106,"height":109,"caption":"Mauritian Foods Online"},"image":{"@id":"https:\/\/mauritianfoodsonline.com\/#\/schema\/logo\/image\/"},"sameAs":["https:\/\/www.facebook.com\/mauritianfoodsonlineuk\/","https:\/\/x.com\/mauritian_foods","https:\/\/www.instagram.com\/mauritianfoodsonline\/#"]}]}},"_links":{"self":[{"href":"https:\/\/mauritianfoodsonline.com\/fr\/wp-json\/wp\/v2\/product\/43174","targetHints":{"allow":["GET"]}}],"collection":[{"href":"https:\/\/mauritianfoodsonline.com\/fr\/wp-json\/wp\/v2\/product"}],"about":[{"href":"https:\/\/mauritianfoodsonline.com\/fr\/wp-json\/wp\/v2\/types\/product"}],"replies":[{"embeddable":true,"href":"https:\/\/mauritianfoodsonline.com\/fr\/wp-json\/wp\/v2\/comments?post=43174"}],"wp:featuredmedia":[{"embeddable":true,"href":"https:\/\/mauritianfoodsonline.com\/fr\/wp-json\/wp\/v2\/media\/38900"}],"wp:attachment":[{"href":"https:\/\/mauritianfoodsonline.com\/fr\/wp-json\/wp\/v2\/media?parent=43174"}],"wp:term":[{"taxonomy":"special-offers","embeddable":true,"href":"https:\/\/mauritianfoodsonline.com\/fr\/wp-json\/wp\/v2\/special-offers?post=43174"},{"taxonomy":"product_brand","embeddable":true,"href":"https:\/\/mauritianfoodsonline.com\/fr\/wp-json\/wp\/v2\/product_brand?post=43174"},{"taxonomy":"product_cat","embeddable":true,"href":"https:\/\/mauritianfoodsonline.com\/fr\/wp-json\/wp\/v2\/product_cat?post=43174"},{"taxonomy":"product_tag","embeddable":true,"href":"https:\/\/mauritianfoodsonline.com\/fr\/wp-json\/wp\/v2\/product_tag?post=43174"}],"curies":[{"name":"wp","href":"https:\/\/api.w.org\/{rel}","templated":true}]}}