{"id":43297,"date":"2024-11-20T09:58:06","date_gmt":"2024-11-20T09:58:06","guid":{"rendered":"https:\/\/mauritianfoodsonline.com\/product\/long-aubergine\/"},"modified":"2025-09-15T11:02:11","modified_gmt":"2025-09-15T11:02:11","slug":"long-aubergine","status":"publish","type":"product","link":"https:\/\/mauritianfoodsonline.com\/fr\/product\/long-aubergine\/","title":{"rendered":"Long Aubergine"},"content":{"rendered":"<p><span>Les aubergines longues indiennes, souvent appel\u00e9es \u00ab brinjal \u00bb en Inde, sont une vari\u00e9t\u00e9 d&rsquo;aubergines g\u00e9n\u00e9ralement allong\u00e9es et fines. Voici quelques caract\u00e9ristiques descriptives : <\/span><br \/>\n<span>1. Forme et taille : Ces aubergines sont longues, fines et cylindriques, mesurant souvent entre 15 et 30 cm de long. Leur peau lisse et brillante varie g\u00e9n\u00e9ralement du violet fonc\u00e9 au vert plus clair, selon la vari\u00e9t\u00e9. <\/span><br \/>\n<span>2. Texture : La chair est ferme, mais tendre \u00e0 la cuisson, avec une texture spongieuse et lisse. La peau est fine, ce qui la rend facile \u00e0 couper et \u00e0 cuire sans avoir \u00e0 la peler. <\/span><br \/>\n<span>3. Saveur : Les aubergines longues indiennes ont un go\u00fbt doux et l\u00e9g\u00e8rement amer lorsqu&rsquo;elles sont crues, mais une fois cuites, elles d\u00e9veloppent une saveur riche, fum\u00e9e et savoureuse. Elles sont donc id\u00e9ales pour les grillades, les fritures ou pour les currys et les rago\u00fbts. <\/span><\/p>\n","protected":false},"excerpt":{"rendered":"<p>Pays d&rsquo;origine : <strong>Inde<\/strong>\/<strong>Maurice\/Sri Lanka\/Philippines<\/strong><\/p>\n","protected":false},"featured_media":41408,"comment_status":"open","ping_status":"closed","template":"","meta":{"_acf_changed":false},"special-offers":[],"product_brand":[],"product_cat":[1142,1143],"product_tag":[346],"class_list":{"0":"post-43297","1":"product","2":"type-product","3":"status-publish","4":"has-post-thumbnail","6":"product_cat-legumes","7":"product_cat-legumes-frais","8":"product_tag-curry-leaves","10":"first","11":"instock","12":"taxable","13":"shipping-taxable","14":"purchasable","15":"product-type-variable","16":"add-to-wishlist-before_image"},"acf":[],"yoast_head":"<!-- This site is optimized with the Yoast SEO plugin v27.3 - https:\/\/yoast.com\/product\/yoast-seo-wordpress\/ -->\n<title>Long Aubergine - Mauritian Foods Online<\/title>\n<meta name=\"robots\" content=\"index, follow, max-snippet:-1, max-image-preview:large, max-video-preview:-1\" \/>\n<link rel=\"canonical\" href=\"https:\/\/mauritianfoodsonline.com\/fr\/product\/long-aubergine\/\" \/>\n<meta property=\"og:locale\" content=\"fr_FR\" \/>\n<meta property=\"og:type\" content=\"article\" \/>\n<meta property=\"og:title\" content=\"Long Aubergine - Mauritian Foods Online\" \/>\n<meta property=\"og:description\" content=\"Pays d&#039;origine : Inde\/Maurice\/Sri Lanka\/Philippines\" \/>\n<meta property=\"og:url\" content=\"https:\/\/mauritianfoodsonline.com\/fr\/product\/long-aubergine\/\" \/>\n<meta property=\"og:site_name\" content=\"Mauritian Foods Online\" \/>\n<meta property=\"article:publisher\" content=\"https:\/\/www.facebook.com\/mauritianfoodsonlineuk\/\" \/>\n<meta property=\"article:modified_time\" content=\"2025-09-15T11:02:11+00:00\" \/>\n<meta property=\"og:image\" content=\"https:\/\/mauritianfoodsonline.com\/wp-content\/uploads\/2024\/11\/eggplant-slices-hardwood-table-1_11zon.png\" \/>\n\t<meta property=\"og:image:width\" content=\"1327\" \/>\n\t<meta property=\"og:image:height\" content=\"884\" \/>\n\t<meta property=\"og:image:type\" content=\"image\/png\" \/>\n<meta name=\"twitter:card\" content=\"summary_large_image\" \/>\n<meta name=\"twitter:site\" content=\"@mauritian_foods\" \/>\n<meta name=\"twitter:label1\" content=\"Dur\u00e9e de lecture estim\u00e9e\" \/>\n\t<meta name=\"twitter:data1\" content=\"1 minute\" \/>\n<script type=\"application\/ld+json\" class=\"yoast-schema-graph\">{\"@context\":\"https:\\\/\\\/schema.org\",\"@graph\":[{\"@type\":\"WebPage\",\"@id\":\"https:\\\/\\\/mauritianfoodsonline.com\\\/fr\\\/product\\\/long-aubergine\\\/\",\"url\":\"https:\\\/\\\/mauritianfoodsonline.com\\\/fr\\\/product\\\/long-aubergine\\\/\",\"name\":\"Long Aubergine - Mauritian Foods Online\",\"isPartOf\":{\"@id\":\"https:\\\/\\\/mauritianfoodsonline.com\\\/#website\"},\"primaryImageOfPage\":{\"@id\":\"https:\\\/\\\/mauritianfoodsonline.com\\\/fr\\\/product\\\/long-aubergine\\\/#primaryimage\"},\"image\":{\"@id\":\"https:\\\/\\\/mauritianfoodsonline.com\\\/fr\\\/product\\\/long-aubergine\\\/#primaryimage\"},\"thumbnailUrl\":\"https:\\\/\\\/mauritianfoodsonline.com\\\/wp-content\\\/uploads\\\/2024\\\/11\\\/eggplant-slices-hardwood-table-1_11zon.png\",\"datePublished\":\"2024-11-20T09:58:06+00:00\",\"dateModified\":\"2025-09-15T11:02:11+00:00\",\"breadcrumb\":{\"@id\":\"https:\\\/\\\/mauritianfoodsonline.com\\\/fr\\\/product\\\/long-aubergine\\\/#breadcrumb\"},\"inLanguage\":\"fr-FR\",\"potentialAction\":[{\"@type\":\"ReadAction\",\"target\":[\"https:\\\/\\\/mauritianfoodsonline.com\\\/fr\\\/product\\\/long-aubergine\\\/\"]}]},{\"@type\":\"ImageObject\",\"inLanguage\":\"fr-FR\",\"@id\":\"https:\\\/\\\/mauritianfoodsonline.com\\\/fr\\\/product\\\/long-aubergine\\\/#primaryimage\",\"url\":\"https:\\\/\\\/mauritianfoodsonline.com\\\/wp-content\\\/uploads\\\/2024\\\/11\\\/eggplant-slices-hardwood-table-1_11zon.png\",\"contentUrl\":\"https:\\\/\\\/mauritianfoodsonline.com\\\/wp-content\\\/uploads\\\/2024\\\/11\\\/eggplant-slices-hardwood-table-1_11zon.png\",\"width\":1327,\"height\":884},{\"@type\":\"BreadcrumbList\",\"@id\":\"https:\\\/\\\/mauritianfoodsonline.com\\\/fr\\\/product\\\/long-aubergine\\\/#breadcrumb\",\"itemListElement\":[{\"@type\":\"ListItem\",\"position\":1,\"name\":\"Home\",\"item\":\"https:\\\/\\\/mauritianfoodsonline.com\\\/fr\\\/\"},{\"@type\":\"ListItem\",\"position\":2,\"name\":\"Magasin\",\"item\":\"https:\\\/\\\/mauritianfoodsonline.com\\\/magasin\\\/\"},{\"@type\":\"ListItem\",\"position\":3,\"name\":\"Long Aubergine\"}]},{\"@type\":\"WebSite\",\"@id\":\"https:\\\/\\\/mauritianfoodsonline.com\\\/#website\",\"url\":\"https:\\\/\\\/mauritianfoodsonline.com\\\/\",\"name\":\"Mauritian Foods Online\",\"description\":\"Online\",\"publisher\":{\"@id\":\"https:\\\/\\\/mauritianfoodsonline.com\\\/#organization\"},\"potentialAction\":[{\"@type\":\"SearchAction\",\"target\":{\"@type\":\"EntryPoint\",\"urlTemplate\":\"https:\\\/\\\/mauritianfoodsonline.com\\\/?s={search_term_string}\"},\"query-input\":{\"@type\":\"PropertyValueSpecification\",\"valueRequired\":true,\"valueName\":\"search_term_string\"}}],\"inLanguage\":\"fr-FR\"},{\"@type\":\"Organization\",\"@id\":\"https:\\\/\\\/mauritianfoodsonline.com\\\/#organization\",\"name\":\"Mauritian Foods Online\",\"url\":\"https:\\\/\\\/mauritianfoodsonline.com\\\/\",\"logo\":{\"@type\":\"ImageObject\",\"inLanguage\":\"fr-FR\",\"@id\":\"https:\\\/\\\/mauritianfoodsonline.com\\\/#\\\/schema\\\/logo\\\/image\\\/\",\"url\":\"https:\\\/\\\/mauritianfoodsonline.com\\\/wp-content\\\/uploads\\\/2024\\\/11\\\/svgviewer-png-output-1.png\",\"contentUrl\":\"https:\\\/\\\/mauritianfoodsonline.com\\\/wp-content\\\/uploads\\\/2024\\\/11\\\/svgviewer-png-output-1.png\",\"width\":106,\"height\":109,\"caption\":\"Mauritian Foods Online\"},\"image\":{\"@id\":\"https:\\\/\\\/mauritianfoodsonline.com\\\/#\\\/schema\\\/logo\\\/image\\\/\"},\"sameAs\":[\"https:\\\/\\\/www.facebook.com\\\/mauritianfoodsonlineuk\\\/\",\"https:\\\/\\\/x.com\\\/mauritian_foods\",\"https:\\\/\\\/www.instagram.com\\\/mauritianfoodsonline\\\/#\"]}]}<\/script>\n<!-- \/ Yoast SEO plugin. -->","yoast_head_json":{"title":"Long Aubergine - Mauritian Foods Online","robots":{"index":"index","follow":"follow","max-snippet":"max-snippet:-1","max-image-preview":"max-image-preview:large","max-video-preview":"max-video-preview:-1"},"canonical":"https:\/\/mauritianfoodsonline.com\/fr\/product\/long-aubergine\/","og_locale":"fr_FR","og_type":"article","og_title":"Long Aubergine - Mauritian Foods Online","og_description":"Pays d'origine : Inde\/Maurice\/Sri Lanka\/Philippines","og_url":"https:\/\/mauritianfoodsonline.com\/fr\/product\/long-aubergine\/","og_site_name":"Mauritian Foods Online","article_publisher":"https:\/\/www.facebook.com\/mauritianfoodsonlineuk\/","article_modified_time":"2025-09-15T11:02:11+00:00","og_image":[{"width":1327,"height":884,"url":"https:\/\/mauritianfoodsonline.com\/wp-content\/uploads\/2024\/11\/eggplant-slices-hardwood-table-1_11zon.png","type":"image\/png"}],"twitter_card":"summary_large_image","twitter_site":"@mauritian_foods","twitter_misc":{"Dur\u00e9e de lecture estim\u00e9e":"1 minute"},"schema":{"@context":"https:\/\/schema.org","@graph":[{"@type":"WebPage","@id":"https:\/\/mauritianfoodsonline.com\/fr\/product\/long-aubergine\/","url":"https:\/\/mauritianfoodsonline.com\/fr\/product\/long-aubergine\/","name":"Long Aubergine - Mauritian Foods Online","isPartOf":{"@id":"https:\/\/mauritianfoodsonline.com\/#website"},"primaryImageOfPage":{"@id":"https:\/\/mauritianfoodsonline.com\/fr\/product\/long-aubergine\/#primaryimage"},"image":{"@id":"https:\/\/mauritianfoodsonline.com\/fr\/product\/long-aubergine\/#primaryimage"},"thumbnailUrl":"https:\/\/mauritianfoodsonline.com\/wp-content\/uploads\/2024\/11\/eggplant-slices-hardwood-table-1_11zon.png","datePublished":"2024-11-20T09:58:06+00:00","dateModified":"2025-09-15T11:02:11+00:00","breadcrumb":{"@id":"https:\/\/mauritianfoodsonline.com\/fr\/product\/long-aubergine\/#breadcrumb"},"inLanguage":"fr-FR","potentialAction":[{"@type":"ReadAction","target":["https:\/\/mauritianfoodsonline.com\/fr\/product\/long-aubergine\/"]}]},{"@type":"ImageObject","inLanguage":"fr-FR","@id":"https:\/\/mauritianfoodsonline.com\/fr\/product\/long-aubergine\/#primaryimage","url":"https:\/\/mauritianfoodsonline.com\/wp-content\/uploads\/2024\/11\/eggplant-slices-hardwood-table-1_11zon.png","contentUrl":"https:\/\/mauritianfoodsonline.com\/wp-content\/uploads\/2024\/11\/eggplant-slices-hardwood-table-1_11zon.png","width":1327,"height":884},{"@type":"BreadcrumbList","@id":"https:\/\/mauritianfoodsonline.com\/fr\/product\/long-aubergine\/#breadcrumb","itemListElement":[{"@type":"ListItem","position":1,"name":"Home","item":"https:\/\/mauritianfoodsonline.com\/fr\/"},{"@type":"ListItem","position":2,"name":"Magasin","item":"https:\/\/mauritianfoodsonline.com\/magasin\/"},{"@type":"ListItem","position":3,"name":"Long Aubergine"}]},{"@type":"WebSite","@id":"https:\/\/mauritianfoodsonline.com\/#website","url":"https:\/\/mauritianfoodsonline.com\/","name":"Mauritian Foods Online","description":"Online","publisher":{"@id":"https:\/\/mauritianfoodsonline.com\/#organization"},"potentialAction":[{"@type":"SearchAction","target":{"@type":"EntryPoint","urlTemplate":"https:\/\/mauritianfoodsonline.com\/?s={search_term_string}"},"query-input":{"@type":"PropertyValueSpecification","valueRequired":true,"valueName":"search_term_string"}}],"inLanguage":"fr-FR"},{"@type":"Organization","@id":"https:\/\/mauritianfoodsonline.com\/#organization","name":"Mauritian Foods Online","url":"https:\/\/mauritianfoodsonline.com\/","logo":{"@type":"ImageObject","inLanguage":"fr-FR","@id":"https:\/\/mauritianfoodsonline.com\/#\/schema\/logo\/image\/","url":"https:\/\/mauritianfoodsonline.com\/wp-content\/uploads\/2024\/11\/svgviewer-png-output-1.png","contentUrl":"https:\/\/mauritianfoodsonline.com\/wp-content\/uploads\/2024\/11\/svgviewer-png-output-1.png","width":106,"height":109,"caption":"Mauritian Foods Online"},"image":{"@id":"https:\/\/mauritianfoodsonline.com\/#\/schema\/logo\/image\/"},"sameAs":["https:\/\/www.facebook.com\/mauritianfoodsonlineuk\/","https:\/\/x.com\/mauritian_foods","https:\/\/www.instagram.com\/mauritianfoodsonline\/#"]}]}},"_links":{"self":[{"href":"https:\/\/mauritianfoodsonline.com\/fr\/wp-json\/wp\/v2\/product\/43297","targetHints":{"allow":["GET"]}}],"collection":[{"href":"https:\/\/mauritianfoodsonline.com\/fr\/wp-json\/wp\/v2\/product"}],"about":[{"href":"https:\/\/mauritianfoodsonline.com\/fr\/wp-json\/wp\/v2\/types\/product"}],"replies":[{"embeddable":true,"href":"https:\/\/mauritianfoodsonline.com\/fr\/wp-json\/wp\/v2\/comments?post=43297"}],"wp:featuredmedia":[{"embeddable":true,"href":"https:\/\/mauritianfoodsonline.com\/fr\/wp-json\/wp\/v2\/media\/41408"}],"wp:attachment":[{"href":"https:\/\/mauritianfoodsonline.com\/fr\/wp-json\/wp\/v2\/media?parent=43297"}],"wp:term":[{"taxonomy":"special-offers","embeddable":true,"href":"https:\/\/mauritianfoodsonline.com\/fr\/wp-json\/wp\/v2\/special-offers?post=43297"},{"taxonomy":"product_brand","embeddable":true,"href":"https:\/\/mauritianfoodsonline.com\/fr\/wp-json\/wp\/v2\/product_brand?post=43297"},{"taxonomy":"product_cat","embeddable":true,"href":"https:\/\/mauritianfoodsonline.com\/fr\/wp-json\/wp\/v2\/product_cat?post=43297"},{"taxonomy":"product_tag","embeddable":true,"href":"https:\/\/mauritianfoodsonline.com\/fr\/wp-json\/wp\/v2\/product_tag?post=43297"}],"curies":[{"name":"wp","href":"https:\/\/api.w.org\/{rel}","templated":true}]}}