{"id":43305,"date":"2024-11-21T12:44:08","date_gmt":"2024-11-21T12:44:08","guid":{"rendered":"https:\/\/mauritianfoodsonline.com\/product\/carrots\/"},"modified":"2025-09-15T11:02:15","modified_gmt":"2025-09-15T11:02:15","slug":"carrots","status":"publish","type":"product","link":"https:\/\/mauritianfoodsonline.com\/fr\/product\/carrots\/","title":{"rendered":"Carrots"},"content":{"rendered":"<p>Ces l\u00e9gumes polyvalents peuvent \u00eatre d\u00e9gust\u00e9s crus, coup\u00e9s en tranches dans des salades ou cuits dans divers plats tels que des soupes, des rago\u00fbts et des saut\u00e9s. Les carottes sont \u00e9galement populaires comme en-cas sain, souvent consomm\u00e9es en b\u00e2tonnets ou incorpor\u00e9es \u00e0 des jus. Disponibles toute l&rsquo;ann\u00e9e, elles sont disponibles en diff\u00e9rentes tailles, allant des petites carottes tendres aux vari\u00e9t\u00e9s plus grandes et plus matures. Naturellement faibles en calories, les carottes peuvent constituer un d\u00e9licieux compl\u00e9ment \u00e0 une alimentation \u00e9quilibr\u00e9e.   <\/p>\n","protected":false},"excerpt":{"rendered":"<p>Pays d&rsquo;origine <strong>:<\/strong> Royaume-Uni<\/p>\n<p><strong>Environ<\/strong>. 1 kg par plateau<\/p>\n<p>Les carottes sont des l\u00e9gumes racines d&rsquo;un orange vif, r\u00e9put\u00e9s pour leur texture croquante et leur saveur naturellement sucr\u00e9e. Riches en nutriments essentiels, elles constituent une excellente source de vitamine A, essentielle \u00e0 la sant\u00e9 oculaire, ainsi que d&rsquo;antioxydants, de fibres et de vitamines C et K. <\/p>\n","protected":false},"featured_media":40064,"comment_status":"open","ping_status":"closed","template":"","meta":{"_acf_changed":false},"special-offers":[],"product_brand":[],"product_cat":[1142,1143],"product_tag":[346],"class_list":{"0":"post-43305","1":"product","2":"type-product","3":"status-publish","4":"has-post-thumbnail","6":"product_cat-legumes","7":"product_cat-legumes-frais","8":"product_tag-curry-leaves","10":"first","11":"instock","12":"taxable","13":"shipping-taxable","14":"purchasable","15":"product-type-variable","16":"add-to-wishlist-before_image"},"acf":[],"yoast_head":"<!-- This site is optimized with the Yoast SEO plugin v27.3 - https:\/\/yoast.com\/product\/yoast-seo-wordpress\/ -->\n<title>Carrots - Mauritian Foods Online<\/title>\n<meta name=\"description\" content=\"Ces l\u00e9gumes polyvalents peuvent \u00eatre d\u00e9gust\u00e9s crus, coup\u00e9s en tranches dans des salades ou cuits dans divers plats tels que des soupes, des rago\u00fbts et des saut\u00e9s. Les carottes sont \u00e9galement populaires comme en-cas sain, souvent consomm\u00e9es en b\u00e2tonnets ou incorpor\u00e9es \u00e0 des jus. Disponibles toute l&#039;ann\u00e9e, elles sont disponibles en diff\u00e9rentes tailles, allant des petites carottes tendres aux vari\u00e9t\u00e9s plus grandes et plus matures. Naturellement faibles en calories, les carottes peuvent constituer un d\u00e9licieux compl\u00e9ment \u00e0 une alimentation \u00e9quilibr\u00e9e.\" \/>\n<meta name=\"robots\" content=\"index, follow, max-snippet:-1, max-image-preview:large, max-video-preview:-1\" \/>\n<link rel=\"canonical\" href=\"https:\/\/mauritianfoodsonline.com\/fr\/product\/carrots\/\" \/>\n<meta property=\"og:locale\" content=\"fr_FR\" \/>\n<meta property=\"og:type\" content=\"article\" \/>\n<meta property=\"og:title\" content=\"Carrots - Mauritian Foods Online\" \/>\n<meta property=\"og:description\" content=\"Ces l\u00e9gumes polyvalents peuvent \u00eatre d\u00e9gust\u00e9s crus, coup\u00e9s en tranches dans des salades ou cuits dans divers plats tels que des soupes, des rago\u00fbts et des saut\u00e9s. Les carottes sont \u00e9galement populaires comme en-cas sain, souvent consomm\u00e9es en b\u00e2tonnets ou incorpor\u00e9es \u00e0 des jus. Disponibles toute l&#039;ann\u00e9e, elles sont disponibles en diff\u00e9rentes tailles, allant des petites carottes tendres aux vari\u00e9t\u00e9s plus grandes et plus matures. Naturellement faibles en calories, les carottes peuvent constituer un d\u00e9licieux compl\u00e9ment \u00e0 une alimentation \u00e9quilibr\u00e9e.\" \/>\n<meta property=\"og:url\" content=\"https:\/\/mauritianfoodsonline.com\/fr\/product\/carrots\/\" \/>\n<meta property=\"og:site_name\" content=\"Mauritian Foods Online\" \/>\n<meta property=\"article:publisher\" content=\"https:\/\/www.facebook.com\/mauritianfoodsonlineuk\/\" \/>\n<meta property=\"article:modified_time\" content=\"2025-09-15T11:02:15+00:00\" \/>\n<meta property=\"og:image\" content=\"https:\/\/mauritianfoodsonline.com\/wp-content\/uploads\/2024\/11\/2562-1.jpg\" \/>\n\t<meta property=\"og:image:width\" content=\"1500\" \/>\n\t<meta property=\"og:image:height\" content=\"1014\" \/>\n\t<meta property=\"og:image:type\" content=\"image\/jpeg\" \/>\n<meta name=\"twitter:card\" content=\"summary_large_image\" \/>\n<meta name=\"twitter:site\" content=\"@mauritian_foods\" \/>\n<script type=\"application\/ld+json\" class=\"yoast-schema-graph\">{\"@context\":\"https:\\\/\\\/schema.org\",\"@graph\":[{\"@type\":\"WebPage\",\"@id\":\"https:\\\/\\\/mauritianfoodsonline.com\\\/fr\\\/product\\\/carrots\\\/\",\"url\":\"https:\\\/\\\/mauritianfoodsonline.com\\\/fr\\\/product\\\/carrots\\\/\",\"name\":\"Carrots - Mauritian Foods Online\",\"isPartOf\":{\"@id\":\"https:\\\/\\\/mauritianfoodsonline.com\\\/#website\"},\"primaryImageOfPage\":{\"@id\":\"https:\\\/\\\/mauritianfoodsonline.com\\\/fr\\\/product\\\/carrots\\\/#primaryimage\"},\"image\":{\"@id\":\"https:\\\/\\\/mauritianfoodsonline.com\\\/fr\\\/product\\\/carrots\\\/#primaryimage\"},\"thumbnailUrl\":\"https:\\\/\\\/mauritianfoodsonline.com\\\/wp-content\\\/uploads\\\/2024\\\/11\\\/2562-1.jpg\",\"datePublished\":\"2024-11-21T12:44:08+00:00\",\"dateModified\":\"2025-09-15T11:02:15+00:00\",\"description\":\"Ces l\u00e9gumes polyvalents peuvent \u00eatre d\u00e9gust\u00e9s crus, coup\u00e9s en tranches dans des salades ou cuits dans divers plats tels que des soupes, des rago\u00fbts et des saut\u00e9s. Les carottes sont \u00e9galement populaires comme en-cas sain, souvent consomm\u00e9es en b\u00e2tonnets ou incorpor\u00e9es \u00e0 des jus. Disponibles toute l'ann\u00e9e, elles sont disponibles en diff\u00e9rentes tailles, allant des petites carottes tendres aux vari\u00e9t\u00e9s plus grandes et plus matures. Naturellement faibles en calories, les carottes peuvent constituer un d\u00e9licieux compl\u00e9ment \u00e0 une alimentation \u00e9quilibr\u00e9e.\",\"breadcrumb\":{\"@id\":\"https:\\\/\\\/mauritianfoodsonline.com\\\/fr\\\/product\\\/carrots\\\/#breadcrumb\"},\"inLanguage\":\"fr-FR\",\"potentialAction\":[{\"@type\":\"ReadAction\",\"target\":[\"https:\\\/\\\/mauritianfoodsonline.com\\\/fr\\\/product\\\/carrots\\\/\"]}]},{\"@type\":\"ImageObject\",\"inLanguage\":\"fr-FR\",\"@id\":\"https:\\\/\\\/mauritianfoodsonline.com\\\/fr\\\/product\\\/carrots\\\/#primaryimage\",\"url\":\"https:\\\/\\\/mauritianfoodsonline.com\\\/wp-content\\\/uploads\\\/2024\\\/11\\\/2562-1.jpg\",\"contentUrl\":\"https:\\\/\\\/mauritianfoodsonline.com\\\/wp-content\\\/uploads\\\/2024\\\/11\\\/2562-1.jpg\",\"width\":1500,\"height\":1014},{\"@type\":\"BreadcrumbList\",\"@id\":\"https:\\\/\\\/mauritianfoodsonline.com\\\/fr\\\/product\\\/carrots\\\/#breadcrumb\",\"itemListElement\":[{\"@type\":\"ListItem\",\"position\":1,\"name\":\"Home\",\"item\":\"https:\\\/\\\/mauritianfoodsonline.com\\\/fr\\\/\"},{\"@type\":\"ListItem\",\"position\":2,\"name\":\"Magasin\",\"item\":\"https:\\\/\\\/mauritianfoodsonline.com\\\/magasin\\\/\"},{\"@type\":\"ListItem\",\"position\":3,\"name\":\"Carrots\"}]},{\"@type\":\"WebSite\",\"@id\":\"https:\\\/\\\/mauritianfoodsonline.com\\\/#website\",\"url\":\"https:\\\/\\\/mauritianfoodsonline.com\\\/\",\"name\":\"Mauritian Foods Online\",\"description\":\"Online\",\"publisher\":{\"@id\":\"https:\\\/\\\/mauritianfoodsonline.com\\\/#organization\"},\"potentialAction\":[{\"@type\":\"SearchAction\",\"target\":{\"@type\":\"EntryPoint\",\"urlTemplate\":\"https:\\\/\\\/mauritianfoodsonline.com\\\/?s={search_term_string}\"},\"query-input\":{\"@type\":\"PropertyValueSpecification\",\"valueRequired\":true,\"valueName\":\"search_term_string\"}}],\"inLanguage\":\"fr-FR\"},{\"@type\":\"Organization\",\"@id\":\"https:\\\/\\\/mauritianfoodsonline.com\\\/#organization\",\"name\":\"Mauritian Foods Online\",\"url\":\"https:\\\/\\\/mauritianfoodsonline.com\\\/\",\"logo\":{\"@type\":\"ImageObject\",\"inLanguage\":\"fr-FR\",\"@id\":\"https:\\\/\\\/mauritianfoodsonline.com\\\/#\\\/schema\\\/logo\\\/image\\\/\",\"url\":\"https:\\\/\\\/mauritianfoodsonline.com\\\/wp-content\\\/uploads\\\/2024\\\/11\\\/svgviewer-png-output-1.png\",\"contentUrl\":\"https:\\\/\\\/mauritianfoodsonline.com\\\/wp-content\\\/uploads\\\/2024\\\/11\\\/svgviewer-png-output-1.png\",\"width\":106,\"height\":109,\"caption\":\"Mauritian Foods Online\"},\"image\":{\"@id\":\"https:\\\/\\\/mauritianfoodsonline.com\\\/#\\\/schema\\\/logo\\\/image\\\/\"},\"sameAs\":[\"https:\\\/\\\/www.facebook.com\\\/mauritianfoodsonlineuk\\\/\",\"https:\\\/\\\/x.com\\\/mauritian_foods\",\"https:\\\/\\\/www.instagram.com\\\/mauritianfoodsonline\\\/#\"]}]}<\/script>\n<!-- \/ Yoast SEO plugin. -->","yoast_head_json":{"title":"Carrots - Mauritian Foods Online","description":"Ces l\u00e9gumes polyvalents peuvent \u00eatre d\u00e9gust\u00e9s crus, coup\u00e9s en tranches dans des salades ou cuits dans divers plats tels que des soupes, des rago\u00fbts et des saut\u00e9s. Les carottes sont \u00e9galement populaires comme en-cas sain, souvent consomm\u00e9es en b\u00e2tonnets ou incorpor\u00e9es \u00e0 des jus. Disponibles toute l'ann\u00e9e, elles sont disponibles en diff\u00e9rentes tailles, allant des petites carottes tendres aux vari\u00e9t\u00e9s plus grandes et plus matures. Naturellement faibles en calories, les carottes peuvent constituer un d\u00e9licieux compl\u00e9ment \u00e0 une alimentation \u00e9quilibr\u00e9e.","robots":{"index":"index","follow":"follow","max-snippet":"max-snippet:-1","max-image-preview":"max-image-preview:large","max-video-preview":"max-video-preview:-1"},"canonical":"https:\/\/mauritianfoodsonline.com\/fr\/product\/carrots\/","og_locale":"fr_FR","og_type":"article","og_title":"Carrots - Mauritian Foods Online","og_description":"Ces l\u00e9gumes polyvalents peuvent \u00eatre d\u00e9gust\u00e9s crus, coup\u00e9s en tranches dans des salades ou cuits dans divers plats tels que des soupes, des rago\u00fbts et des saut\u00e9s. Les carottes sont \u00e9galement populaires comme en-cas sain, souvent consomm\u00e9es en b\u00e2tonnets ou incorpor\u00e9es \u00e0 des jus. Disponibles toute l'ann\u00e9e, elles sont disponibles en diff\u00e9rentes tailles, allant des petites carottes tendres aux vari\u00e9t\u00e9s plus grandes et plus matures. Naturellement faibles en calories, les carottes peuvent constituer un d\u00e9licieux compl\u00e9ment \u00e0 une alimentation \u00e9quilibr\u00e9e.","og_url":"https:\/\/mauritianfoodsonline.com\/fr\/product\/carrots\/","og_site_name":"Mauritian Foods Online","article_publisher":"https:\/\/www.facebook.com\/mauritianfoodsonlineuk\/","article_modified_time":"2025-09-15T11:02:15+00:00","og_image":[{"width":1500,"height":1014,"url":"https:\/\/mauritianfoodsonline.com\/wp-content\/uploads\/2024\/11\/2562-1.jpg","type":"image\/jpeg"}],"twitter_card":"summary_large_image","twitter_site":"@mauritian_foods","schema":{"@context":"https:\/\/schema.org","@graph":[{"@type":"WebPage","@id":"https:\/\/mauritianfoodsonline.com\/fr\/product\/carrots\/","url":"https:\/\/mauritianfoodsonline.com\/fr\/product\/carrots\/","name":"Carrots - Mauritian Foods Online","isPartOf":{"@id":"https:\/\/mauritianfoodsonline.com\/#website"},"primaryImageOfPage":{"@id":"https:\/\/mauritianfoodsonline.com\/fr\/product\/carrots\/#primaryimage"},"image":{"@id":"https:\/\/mauritianfoodsonline.com\/fr\/product\/carrots\/#primaryimage"},"thumbnailUrl":"https:\/\/mauritianfoodsonline.com\/wp-content\/uploads\/2024\/11\/2562-1.jpg","datePublished":"2024-11-21T12:44:08+00:00","dateModified":"2025-09-15T11:02:15+00:00","description":"Ces l\u00e9gumes polyvalents peuvent \u00eatre d\u00e9gust\u00e9s crus, coup\u00e9s en tranches dans des salades ou cuits dans divers plats tels que des soupes, des rago\u00fbts et des saut\u00e9s. Les carottes sont \u00e9galement populaires comme en-cas sain, souvent consomm\u00e9es en b\u00e2tonnets ou incorpor\u00e9es \u00e0 des jus. Disponibles toute l'ann\u00e9e, elles sont disponibles en diff\u00e9rentes tailles, allant des petites carottes tendres aux vari\u00e9t\u00e9s plus grandes et plus matures. Naturellement faibles en calories, les carottes peuvent constituer un d\u00e9licieux compl\u00e9ment \u00e0 une alimentation \u00e9quilibr\u00e9e.","breadcrumb":{"@id":"https:\/\/mauritianfoodsonline.com\/fr\/product\/carrots\/#breadcrumb"},"inLanguage":"fr-FR","potentialAction":[{"@type":"ReadAction","target":["https:\/\/mauritianfoodsonline.com\/fr\/product\/carrots\/"]}]},{"@type":"ImageObject","inLanguage":"fr-FR","@id":"https:\/\/mauritianfoodsonline.com\/fr\/product\/carrots\/#primaryimage","url":"https:\/\/mauritianfoodsonline.com\/wp-content\/uploads\/2024\/11\/2562-1.jpg","contentUrl":"https:\/\/mauritianfoodsonline.com\/wp-content\/uploads\/2024\/11\/2562-1.jpg","width":1500,"height":1014},{"@type":"BreadcrumbList","@id":"https:\/\/mauritianfoodsonline.com\/fr\/product\/carrots\/#breadcrumb","itemListElement":[{"@type":"ListItem","position":1,"name":"Home","item":"https:\/\/mauritianfoodsonline.com\/fr\/"},{"@type":"ListItem","position":2,"name":"Magasin","item":"https:\/\/mauritianfoodsonline.com\/magasin\/"},{"@type":"ListItem","position":3,"name":"Carrots"}]},{"@type":"WebSite","@id":"https:\/\/mauritianfoodsonline.com\/#website","url":"https:\/\/mauritianfoodsonline.com\/","name":"Mauritian Foods Online","description":"Online","publisher":{"@id":"https:\/\/mauritianfoodsonline.com\/#organization"},"potentialAction":[{"@type":"SearchAction","target":{"@type":"EntryPoint","urlTemplate":"https:\/\/mauritianfoodsonline.com\/?s={search_term_string}"},"query-input":{"@type":"PropertyValueSpecification","valueRequired":true,"valueName":"search_term_string"}}],"inLanguage":"fr-FR"},{"@type":"Organization","@id":"https:\/\/mauritianfoodsonline.com\/#organization","name":"Mauritian Foods Online","url":"https:\/\/mauritianfoodsonline.com\/","logo":{"@type":"ImageObject","inLanguage":"fr-FR","@id":"https:\/\/mauritianfoodsonline.com\/#\/schema\/logo\/image\/","url":"https:\/\/mauritianfoodsonline.com\/wp-content\/uploads\/2024\/11\/svgviewer-png-output-1.png","contentUrl":"https:\/\/mauritianfoodsonline.com\/wp-content\/uploads\/2024\/11\/svgviewer-png-output-1.png","width":106,"height":109,"caption":"Mauritian Foods Online"},"image":{"@id":"https:\/\/mauritianfoodsonline.com\/#\/schema\/logo\/image\/"},"sameAs":["https:\/\/www.facebook.com\/mauritianfoodsonlineuk\/","https:\/\/x.com\/mauritian_foods","https:\/\/www.instagram.com\/mauritianfoodsonline\/#"]}]}},"_links":{"self":[{"href":"https:\/\/mauritianfoodsonline.com\/fr\/wp-json\/wp\/v2\/product\/43305","targetHints":{"allow":["GET"]}}],"collection":[{"href":"https:\/\/mauritianfoodsonline.com\/fr\/wp-json\/wp\/v2\/product"}],"about":[{"href":"https:\/\/mauritianfoodsonline.com\/fr\/wp-json\/wp\/v2\/types\/product"}],"replies":[{"embeddable":true,"href":"https:\/\/mauritianfoodsonline.com\/fr\/wp-json\/wp\/v2\/comments?post=43305"}],"wp:featuredmedia":[{"embeddable":true,"href":"https:\/\/mauritianfoodsonline.com\/fr\/wp-json\/wp\/v2\/media\/40064"}],"wp:attachment":[{"href":"https:\/\/mauritianfoodsonline.com\/fr\/wp-json\/wp\/v2\/media?parent=43305"}],"wp:term":[{"taxonomy":"special-offers","embeddable":true,"href":"https:\/\/mauritianfoodsonline.com\/fr\/wp-json\/wp\/v2\/special-offers?post=43305"},{"taxonomy":"product_brand","embeddable":true,"href":"https:\/\/mauritianfoodsonline.com\/fr\/wp-json\/wp\/v2\/product_brand?post=43305"},{"taxonomy":"product_cat","embeddable":true,"href":"https:\/\/mauritianfoodsonline.com\/fr\/wp-json\/wp\/v2\/product_cat?post=43305"},{"taxonomy":"product_tag","embeddable":true,"href":"https:\/\/mauritianfoodsonline.com\/fr\/wp-json\/wp\/v2\/product_tag?post=43305"}],"curies":[{"name":"wp","href":"https:\/\/api.w.org\/{rel}","templated":true}]}}