{"id":43308,"date":"2024-11-07T19:42:57","date_gmt":"2024-11-07T19:42:57","guid":{"rendered":"https:\/\/mauritianfoodsonline.com\/product\/small-onion\/"},"modified":"2025-05-05T09:53:24","modified_gmt":"2025-05-05T09:53:24","slug":"small-onion","status":"publish","type":"product","link":"https:\/\/mauritianfoodsonline.com\/fr\/product\/small-onion\/","title":{"rendered":"Small Onion"},"content":{"rendered":"<p>Les oignons grelots, aussi appel\u00e9s \u00ab oignons perl\u00e9s \u00bb ou \u00ab petits oignons \u00bb, sont une petite vari\u00e9t\u00e9 d&rsquo;oignons (Allium cepa). On pense qu&rsquo;ils sont originaires du bassin m\u00e9diterran\u00e9en, qui comprend certaines r\u00e9gions d&rsquo;Europe, d&rsquo;Afrique du Nord et d&rsquo;Asie occidentale. <\/p>\n<p>Les oignons sont g\u00e9n\u00e9ralement cultiv\u00e9s depuis longtemps. Des preuves sugg\u00e8rent qu&rsquo;ils ont \u00e9t\u00e9 parmi les premiers l\u00e9gumes cultiv\u00e9s par l&rsquo;homme, remontant \u00e0 des civilisations anciennes comme les \u00c9gyptiens, les Grecs et les Romains. Les oignons nouveaux, en particulier, en raison de leur taille et de leur douceur, ont probablement \u00e9t\u00e9 d\u00e9velopp\u00e9s au fil du temps par s\u00e9lection g\u00e9n\u00e9tique pour leur saveur douce et leur taille pratique. <\/p>\n<p>Si les oignons sont d\u00e9sormais cultiv\u00e9s dans le monde entier, l&rsquo;origine exacte des vari\u00e9t\u00e9s plus petites, comme les oignons grelots, est plus difficile \u00e0 d\u00e9terminer. Cependant, ils sont commun\u00e9ment associ\u00e9s \u00e0 la cuisine europ\u00e9enne et m\u00e9diterran\u00e9enne, o\u00f9 ils sont souvent utilis\u00e9s dans les marinades, les rago\u00fbts et les garnitures. <\/p>\n","protected":false},"excerpt":{"rendered":"<p>Origine : <strong>Europe, Afrique du Nord et Asie occidentale<\/p>\n<p><\/strong>Environ<strong>.<\/strong> <strong>500 g par sachet<\/strong><\/p>\n","protected":false},"featured_media":41420,"comment_status":"open","ping_status":"closed","template":"","meta":{"_acf_changed":false},"special-offers":[],"product_brand":[],"product_cat":[15],"product_tag":[346],"class_list":{"0":"post-43308","1":"product","2":"type-product","3":"status-publish","4":"has-post-thumbnail","6":"product_cat-uncategorized","7":"product_tag-curry-leaves","9":"first","10":"instock","11":"taxable","12":"shipping-taxable","13":"purchasable","14":"product-type-simple","15":"add-to-wishlist-before_image"},"acf":[],"yoast_head":"<!-- This site is optimized with the Yoast SEO plugin v27.4 - https:\/\/yoast.com\/product\/yoast-seo-wordpress\/ -->\n<title>Small Onion - Mauritian Foods Online<\/title>\n<meta name=\"description\" content=\"Les oignons grelots, aussi appel\u00e9s \u00ab oignons perl\u00e9s \u00bb ou \u00ab petits oignons \u00bb, sont une petite vari\u00e9t\u00e9 d&#039;oignons (Allium cepa). On pense qu&#039;ils sont originaires du bassin m\u00e9diterran\u00e9en, qui comprend certaines r\u00e9gions d&#039;Europe, d&#039;Afrique du Nord et d&#039;Asie occidentale. La culture de l&#039;oignon est g\u00e9n\u00e9ralement ancienne, et des preuves sugg\u00e8rent qu&#039;il s&#039;agit de l&#039;un des premiers l\u00e9gumes cultiv\u00e9s par l&#039;homme, remontant \u00e0 des civilisations antiques comme les \u00c9gyptiens, les Grecs et les Romains. En raison de leur taille et de leur douceur, les oignons grelots ont probablement \u00e9t\u00e9 d\u00e9velopp\u00e9s au fil du temps par s\u00e9lection g\u00e9n\u00e9tique pour leur saveur douce et leur taille pratique. Si les oignons sont aujourd&#039;hui cultiv\u00e9s dans le monde entier, l&#039;origine exacte des vari\u00e9t\u00e9s plus petites comme les oignons grelots est plus difficile \u00e0 d\u00e9terminer. Cependant, ils sont commun\u00e9ment associ\u00e9s \u00e0 la cuisine europ\u00e9enne et m\u00e9diterran\u00e9enne, o\u00f9 ils sont souvent utilis\u00e9s dans les marinades, les rago\u00fbts et les garnitures.\" \/>\n<meta name=\"robots\" content=\"index, follow, max-snippet:-1, max-image-preview:large, max-video-preview:-1\" \/>\n<link rel=\"canonical\" href=\"https:\/\/mauritianfoodsonline.com\/fr\/product\/small-onion\/\" \/>\n<meta property=\"og:locale\" content=\"fr_FR\" \/>\n<meta property=\"og:type\" content=\"article\" \/>\n<meta property=\"og:title\" content=\"Small Onion - Mauritian Foods Online\" \/>\n<meta property=\"og:description\" content=\"Les oignons grelots, aussi appel\u00e9s \u00ab oignons perl\u00e9s \u00bb ou \u00ab petits oignons \u00bb, sont une petite vari\u00e9t\u00e9 d&#039;oignons (Allium cepa). On pense qu&#039;ils sont originaires du bassin m\u00e9diterran\u00e9en, qui comprend certaines r\u00e9gions d&#039;Europe, d&#039;Afrique du Nord et d&#039;Asie occidentale. La culture de l&#039;oignon est g\u00e9n\u00e9ralement ancienne, et des preuves sugg\u00e8rent qu&#039;il s&#039;agit de l&#039;un des premiers l\u00e9gumes cultiv\u00e9s par l&#039;homme, remontant \u00e0 des civilisations antiques comme les \u00c9gyptiens, les Grecs et les Romains. En raison de leur taille et de leur douceur, les oignons grelots ont probablement \u00e9t\u00e9 d\u00e9velopp\u00e9s au fil du temps par s\u00e9lection g\u00e9n\u00e9tique pour leur saveur douce et leur taille pratique. Si les oignons sont aujourd&#039;hui cultiv\u00e9s dans le monde entier, l&#039;origine exacte des vari\u00e9t\u00e9s plus petites comme les oignons grelots est plus difficile \u00e0 d\u00e9terminer. Cependant, ils sont commun\u00e9ment associ\u00e9s \u00e0 la cuisine europ\u00e9enne et m\u00e9diterran\u00e9enne, o\u00f9 ils sont souvent utilis\u00e9s dans les marinades, les rago\u00fbts et les garnitures.\" \/>\n<meta property=\"og:url\" content=\"https:\/\/mauritianfoodsonline.com\/fr\/product\/small-onion\/\" \/>\n<meta property=\"og:site_name\" content=\"Mauritian Foods Online\" \/>\n<meta property=\"article:publisher\" content=\"https:\/\/www.facebook.com\/mauritianfoodsonlineuk\/\" \/>\n<meta property=\"article:modified_time\" content=\"2025-05-05T09:53:24+00:00\" \/>\n<meta property=\"og:image\" content=\"https:\/\/mauritianfoodsonline.com\/wp-content\/uploads\/2024\/11\/shallots-1-1_11zon.jpg\" \/>\n\t<meta property=\"og:image:width\" content=\"1500\" \/>\n\t<meta property=\"og:image:height\" content=\"2250\" \/>\n\t<meta property=\"og:image:type\" content=\"image\/jpeg\" \/>\n<meta name=\"twitter:card\" content=\"summary_large_image\" \/>\n<meta name=\"twitter:site\" content=\"@mauritian_foods\" \/>\n<meta name=\"twitter:label1\" content=\"Dur\u00e9e de lecture estim\u00e9e\" \/>\n\t<meta name=\"twitter:data1\" content=\"1 minute\" \/>\n<script type=\"application\/ld+json\" class=\"yoast-schema-graph\">{\"@context\":\"https:\\\/\\\/schema.org\",\"@graph\":[{\"@type\":\"WebPage\",\"@id\":\"https:\\\/\\\/mauritianfoodsonline.com\\\/fr\\\/product\\\/small-onion\\\/\",\"url\":\"https:\\\/\\\/mauritianfoodsonline.com\\\/fr\\\/product\\\/small-onion\\\/\",\"name\":\"Small Onion - Mauritian Foods Online\",\"isPartOf\":{\"@id\":\"https:\\\/\\\/mauritianfoodsonline.com\\\/#website\"},\"primaryImageOfPage\":{\"@id\":\"https:\\\/\\\/mauritianfoodsonline.com\\\/fr\\\/product\\\/small-onion\\\/#primaryimage\"},\"image\":{\"@id\":\"https:\\\/\\\/mauritianfoodsonline.com\\\/fr\\\/product\\\/small-onion\\\/#primaryimage\"},\"thumbnailUrl\":\"https:\\\/\\\/mauritianfoodsonline.com\\\/wp-content\\\/uploads\\\/2024\\\/11\\\/shallots-1-1_11zon.jpg\",\"datePublished\":\"2024-11-07T19:42:57+00:00\",\"dateModified\":\"2025-05-05T09:53:24+00:00\",\"description\":\"Les oignons grelots, aussi appel\u00e9s \u00ab oignons perl\u00e9s \u00bb ou \u00ab petits oignons \u00bb, sont une petite vari\u00e9t\u00e9 d'oignons (Allium cepa). On pense qu'ils sont originaires du bassin m\u00e9diterran\u00e9en, qui comprend certaines r\u00e9gions d'Europe, d'Afrique du Nord et d'Asie occidentale. La culture de l'oignon est g\u00e9n\u00e9ralement ancienne, et des preuves sugg\u00e8rent qu'il s'agit de l'un des premiers l\u00e9gumes cultiv\u00e9s par l'homme, remontant \u00e0 des civilisations antiques comme les \u00c9gyptiens, les Grecs et les Romains. En raison de leur taille et de leur douceur, les oignons grelots ont probablement \u00e9t\u00e9 d\u00e9velopp\u00e9s au fil du temps par s\u00e9lection g\u00e9n\u00e9tique pour leur saveur douce et leur taille pratique. Si les oignons sont aujourd'hui cultiv\u00e9s dans le monde entier, l'origine exacte des vari\u00e9t\u00e9s plus petites comme les oignons grelots est plus difficile \u00e0 d\u00e9terminer. Cependant, ils sont commun\u00e9ment associ\u00e9s \u00e0 la cuisine europ\u00e9enne et m\u00e9diterran\u00e9enne, o\u00f9 ils sont souvent utilis\u00e9s dans les marinades, les rago\u00fbts et les garnitures.\",\"breadcrumb\":{\"@id\":\"https:\\\/\\\/mauritianfoodsonline.com\\\/fr\\\/product\\\/small-onion\\\/#breadcrumb\"},\"inLanguage\":\"fr-FR\",\"potentialAction\":[{\"@type\":\"ReadAction\",\"target\":[\"https:\\\/\\\/mauritianfoodsonline.com\\\/fr\\\/product\\\/small-onion\\\/\"]}]},{\"@type\":\"ImageObject\",\"inLanguage\":\"fr-FR\",\"@id\":\"https:\\\/\\\/mauritianfoodsonline.com\\\/fr\\\/product\\\/small-onion\\\/#primaryimage\",\"url\":\"https:\\\/\\\/mauritianfoodsonline.com\\\/wp-content\\\/uploads\\\/2024\\\/11\\\/shallots-1-1_11zon.jpg\",\"contentUrl\":\"https:\\\/\\\/mauritianfoodsonline.com\\\/wp-content\\\/uploads\\\/2024\\\/11\\\/shallots-1-1_11zon.jpg\",\"width\":1500,\"height\":2250},{\"@type\":\"BreadcrumbList\",\"@id\":\"https:\\\/\\\/mauritianfoodsonline.com\\\/fr\\\/product\\\/small-onion\\\/#breadcrumb\",\"itemListElement\":[{\"@type\":\"ListItem\",\"position\":1,\"name\":\"Home\",\"item\":\"https:\\\/\\\/mauritianfoodsonline.com\\\/fr\\\/\"},{\"@type\":\"ListItem\",\"position\":2,\"name\":\"Magasin\",\"item\":\"https:\\\/\\\/mauritianfoodsonline.com\\\/magasin\\\/\"},{\"@type\":\"ListItem\",\"position\":3,\"name\":\"Small Onion\"}]},{\"@type\":\"WebSite\",\"@id\":\"https:\\\/\\\/mauritianfoodsonline.com\\\/#website\",\"url\":\"https:\\\/\\\/mauritianfoodsonline.com\\\/\",\"name\":\"Mauritian Foods Online\",\"description\":\"Online\",\"publisher\":{\"@id\":\"https:\\\/\\\/mauritianfoodsonline.com\\\/#organization\"},\"potentialAction\":[{\"@type\":\"SearchAction\",\"target\":{\"@type\":\"EntryPoint\",\"urlTemplate\":\"https:\\\/\\\/mauritianfoodsonline.com\\\/?s={search_term_string}\"},\"query-input\":{\"@type\":\"PropertyValueSpecification\",\"valueRequired\":true,\"valueName\":\"search_term_string\"}}],\"inLanguage\":\"fr-FR\"},{\"@type\":\"Organization\",\"@id\":\"https:\\\/\\\/mauritianfoodsonline.com\\\/#organization\",\"name\":\"Mauritian Foods Online\",\"url\":\"https:\\\/\\\/mauritianfoodsonline.com\\\/\",\"logo\":{\"@type\":\"ImageObject\",\"inLanguage\":\"fr-FR\",\"@id\":\"https:\\\/\\\/mauritianfoodsonline.com\\\/#\\\/schema\\\/logo\\\/image\\\/\",\"url\":\"https:\\\/\\\/mauritianfoodsonline.com\\\/wp-content\\\/uploads\\\/2024\\\/11\\\/svgviewer-png-output-1.png\",\"contentUrl\":\"https:\\\/\\\/mauritianfoodsonline.com\\\/wp-content\\\/uploads\\\/2024\\\/11\\\/svgviewer-png-output-1.png\",\"width\":106,\"height\":109,\"caption\":\"Mauritian Foods Online\"},\"image\":{\"@id\":\"https:\\\/\\\/mauritianfoodsonline.com\\\/#\\\/schema\\\/logo\\\/image\\\/\"},\"sameAs\":[\"https:\\\/\\\/www.facebook.com\\\/mauritianfoodsonlineuk\\\/\",\"https:\\\/\\\/x.com\\\/mauritian_foods\",\"https:\\\/\\\/www.instagram.com\\\/mauritianfoodsonline\\\/#\"]}]}<\/script>\n<!-- \/ Yoast SEO plugin. -->","yoast_head_json":{"title":"Small Onion - Mauritian Foods Online","description":"Les oignons grelots, aussi appel\u00e9s \u00ab oignons perl\u00e9s \u00bb ou \u00ab petits oignons \u00bb, sont une petite vari\u00e9t\u00e9 d'oignons (Allium cepa). On pense qu'ils sont originaires du bassin m\u00e9diterran\u00e9en, qui comprend certaines r\u00e9gions d'Europe, d'Afrique du Nord et d'Asie occidentale. La culture de l'oignon est g\u00e9n\u00e9ralement ancienne, et des preuves sugg\u00e8rent qu'il s'agit de l'un des premiers l\u00e9gumes cultiv\u00e9s par l'homme, remontant \u00e0 des civilisations antiques comme les \u00c9gyptiens, les Grecs et les Romains. En raison de leur taille et de leur douceur, les oignons grelots ont probablement \u00e9t\u00e9 d\u00e9velopp\u00e9s au fil du temps par s\u00e9lection g\u00e9n\u00e9tique pour leur saveur douce et leur taille pratique. Si les oignons sont aujourd'hui cultiv\u00e9s dans le monde entier, l'origine exacte des vari\u00e9t\u00e9s plus petites comme les oignons grelots est plus difficile \u00e0 d\u00e9terminer. Cependant, ils sont commun\u00e9ment associ\u00e9s \u00e0 la cuisine europ\u00e9enne et m\u00e9diterran\u00e9enne, o\u00f9 ils sont souvent utilis\u00e9s dans les marinades, les rago\u00fbts et les garnitures.","robots":{"index":"index","follow":"follow","max-snippet":"max-snippet:-1","max-image-preview":"max-image-preview:large","max-video-preview":"max-video-preview:-1"},"canonical":"https:\/\/mauritianfoodsonline.com\/fr\/product\/small-onion\/","og_locale":"fr_FR","og_type":"article","og_title":"Small Onion - Mauritian Foods Online","og_description":"Les oignons grelots, aussi appel\u00e9s \u00ab oignons perl\u00e9s \u00bb ou \u00ab petits oignons \u00bb, sont une petite vari\u00e9t\u00e9 d'oignons (Allium cepa). On pense qu'ils sont originaires du bassin m\u00e9diterran\u00e9en, qui comprend certaines r\u00e9gions d'Europe, d'Afrique du Nord et d'Asie occidentale. La culture de l'oignon est g\u00e9n\u00e9ralement ancienne, et des preuves sugg\u00e8rent qu'il s'agit de l'un des premiers l\u00e9gumes cultiv\u00e9s par l'homme, remontant \u00e0 des civilisations antiques comme les \u00c9gyptiens, les Grecs et les Romains. En raison de leur taille et de leur douceur, les oignons grelots ont probablement \u00e9t\u00e9 d\u00e9velopp\u00e9s au fil du temps par s\u00e9lection g\u00e9n\u00e9tique pour leur saveur douce et leur taille pratique. Si les oignons sont aujourd'hui cultiv\u00e9s dans le monde entier, l'origine exacte des vari\u00e9t\u00e9s plus petites comme les oignons grelots est plus difficile \u00e0 d\u00e9terminer. Cependant, ils sont commun\u00e9ment associ\u00e9s \u00e0 la cuisine europ\u00e9enne et m\u00e9diterran\u00e9enne, o\u00f9 ils sont souvent utilis\u00e9s dans les marinades, les rago\u00fbts et les garnitures.","og_url":"https:\/\/mauritianfoodsonline.com\/fr\/product\/small-onion\/","og_site_name":"Mauritian Foods Online","article_publisher":"https:\/\/www.facebook.com\/mauritianfoodsonlineuk\/","article_modified_time":"2025-05-05T09:53:24+00:00","og_image":[{"width":1500,"height":2250,"url":"https:\/\/mauritianfoodsonline.com\/wp-content\/uploads\/2024\/11\/shallots-1-1_11zon.jpg","type":"image\/jpeg"}],"twitter_card":"summary_large_image","twitter_site":"@mauritian_foods","twitter_misc":{"Dur\u00e9e de lecture estim\u00e9e":"1 minute"},"schema":{"@context":"https:\/\/schema.org","@graph":[{"@type":"WebPage","@id":"https:\/\/mauritianfoodsonline.com\/fr\/product\/small-onion\/","url":"https:\/\/mauritianfoodsonline.com\/fr\/product\/small-onion\/","name":"Small Onion - Mauritian Foods Online","isPartOf":{"@id":"https:\/\/mauritianfoodsonline.com\/#website"},"primaryImageOfPage":{"@id":"https:\/\/mauritianfoodsonline.com\/fr\/product\/small-onion\/#primaryimage"},"image":{"@id":"https:\/\/mauritianfoodsonline.com\/fr\/product\/small-onion\/#primaryimage"},"thumbnailUrl":"https:\/\/mauritianfoodsonline.com\/wp-content\/uploads\/2024\/11\/shallots-1-1_11zon.jpg","datePublished":"2024-11-07T19:42:57+00:00","dateModified":"2025-05-05T09:53:24+00:00","description":"Les oignons grelots, aussi appel\u00e9s \u00ab oignons perl\u00e9s \u00bb ou \u00ab petits oignons \u00bb, sont une petite vari\u00e9t\u00e9 d'oignons (Allium cepa). On pense qu'ils sont originaires du bassin m\u00e9diterran\u00e9en, qui comprend certaines r\u00e9gions d'Europe, d'Afrique du Nord et d'Asie occidentale. La culture de l'oignon est g\u00e9n\u00e9ralement ancienne, et des preuves sugg\u00e8rent qu'il s'agit de l'un des premiers l\u00e9gumes cultiv\u00e9s par l'homme, remontant \u00e0 des civilisations antiques comme les \u00c9gyptiens, les Grecs et les Romains. En raison de leur taille et de leur douceur, les oignons grelots ont probablement \u00e9t\u00e9 d\u00e9velopp\u00e9s au fil du temps par s\u00e9lection g\u00e9n\u00e9tique pour leur saveur douce et leur taille pratique. Si les oignons sont aujourd'hui cultiv\u00e9s dans le monde entier, l'origine exacte des vari\u00e9t\u00e9s plus petites comme les oignons grelots est plus difficile \u00e0 d\u00e9terminer. Cependant, ils sont commun\u00e9ment associ\u00e9s \u00e0 la cuisine europ\u00e9enne et m\u00e9diterran\u00e9enne, o\u00f9 ils sont souvent utilis\u00e9s dans les marinades, les rago\u00fbts et les garnitures.","breadcrumb":{"@id":"https:\/\/mauritianfoodsonline.com\/fr\/product\/small-onion\/#breadcrumb"},"inLanguage":"fr-FR","potentialAction":[{"@type":"ReadAction","target":["https:\/\/mauritianfoodsonline.com\/fr\/product\/small-onion\/"]}]},{"@type":"ImageObject","inLanguage":"fr-FR","@id":"https:\/\/mauritianfoodsonline.com\/fr\/product\/small-onion\/#primaryimage","url":"https:\/\/mauritianfoodsonline.com\/wp-content\/uploads\/2024\/11\/shallots-1-1_11zon.jpg","contentUrl":"https:\/\/mauritianfoodsonline.com\/wp-content\/uploads\/2024\/11\/shallots-1-1_11zon.jpg","width":1500,"height":2250},{"@type":"BreadcrumbList","@id":"https:\/\/mauritianfoodsonline.com\/fr\/product\/small-onion\/#breadcrumb","itemListElement":[{"@type":"ListItem","position":1,"name":"Home","item":"https:\/\/mauritianfoodsonline.com\/fr\/"},{"@type":"ListItem","position":2,"name":"Magasin","item":"https:\/\/mauritianfoodsonline.com\/magasin\/"},{"@type":"ListItem","position":3,"name":"Small Onion"}]},{"@type":"WebSite","@id":"https:\/\/mauritianfoodsonline.com\/#website","url":"https:\/\/mauritianfoodsonline.com\/","name":"Mauritian Foods Online","description":"Online","publisher":{"@id":"https:\/\/mauritianfoodsonline.com\/#organization"},"potentialAction":[{"@type":"SearchAction","target":{"@type":"EntryPoint","urlTemplate":"https:\/\/mauritianfoodsonline.com\/?s={search_term_string}"},"query-input":{"@type":"PropertyValueSpecification","valueRequired":true,"valueName":"search_term_string"}}],"inLanguage":"fr-FR"},{"@type":"Organization","@id":"https:\/\/mauritianfoodsonline.com\/#organization","name":"Mauritian Foods Online","url":"https:\/\/mauritianfoodsonline.com\/","logo":{"@type":"ImageObject","inLanguage":"fr-FR","@id":"https:\/\/mauritianfoodsonline.com\/#\/schema\/logo\/image\/","url":"https:\/\/mauritianfoodsonline.com\/wp-content\/uploads\/2024\/11\/svgviewer-png-output-1.png","contentUrl":"https:\/\/mauritianfoodsonline.com\/wp-content\/uploads\/2024\/11\/svgviewer-png-output-1.png","width":106,"height":109,"caption":"Mauritian Foods Online"},"image":{"@id":"https:\/\/mauritianfoodsonline.com\/#\/schema\/logo\/image\/"},"sameAs":["https:\/\/www.facebook.com\/mauritianfoodsonlineuk\/","https:\/\/x.com\/mauritian_foods","https:\/\/www.instagram.com\/mauritianfoodsonline\/#"]}]}},"_links":{"self":[{"href":"https:\/\/mauritianfoodsonline.com\/fr\/wp-json\/wp\/v2\/product\/43308","targetHints":{"allow":["GET"]}}],"collection":[{"href":"https:\/\/mauritianfoodsonline.com\/fr\/wp-json\/wp\/v2\/product"}],"about":[{"href":"https:\/\/mauritianfoodsonline.com\/fr\/wp-json\/wp\/v2\/types\/product"}],"replies":[{"embeddable":true,"href":"https:\/\/mauritianfoodsonline.com\/fr\/wp-json\/wp\/v2\/comments?post=43308"}],"wp:featuredmedia":[{"embeddable":true,"href":"https:\/\/mauritianfoodsonline.com\/fr\/wp-json\/wp\/v2\/media\/41420"}],"wp:attachment":[{"href":"https:\/\/mauritianfoodsonline.com\/fr\/wp-json\/wp\/v2\/media?parent=43308"}],"wp:term":[{"taxonomy":"special-offers","embeddable":true,"href":"https:\/\/mauritianfoodsonline.com\/fr\/wp-json\/wp\/v2\/special-offers?post=43308"},{"taxonomy":"product_brand","embeddable":true,"href":"https:\/\/mauritianfoodsonline.com\/fr\/wp-json\/wp\/v2\/product_brand?post=43308"},{"taxonomy":"product_cat","embeddable":true,"href":"https:\/\/mauritianfoodsonline.com\/fr\/wp-json\/wp\/v2\/product_cat?post=43308"},{"taxonomy":"product_tag","embeddable":true,"href":"https:\/\/mauritianfoodsonline.com\/fr\/wp-json\/wp\/v2\/product_tag?post=43308"}],"curies":[{"name":"wp","href":"https:\/\/api.w.org\/{rel}","templated":true}]}}