{"id":43394,"date":"2024-08-09T05:09:33","date_gmt":"2024-08-09T05:09:33","guid":{"rendered":"https:\/\/mauritianfoodsonline.com\/product\/stewards-lazzat-bbq\/"},"modified":"2024-08-09T05:09:33","modified_gmt":"2024-08-09T05:09:33","slug":"stewards-lazzat-bbq","status":"publish","type":"product","link":"https:\/\/mauritianfoodsonline.com\/fr\/product\/stewards-lazzat-bbq\/","title":{"rendered":"Steward\u2019s Lazzat \u2013 BBQ"},"content":{"rendered":"<p>Tout a commenc\u00e9 de nulle part, gr\u00e2ce \u00e0 deux personnes qui se sont lanc\u00e9 le d\u00e9fi de cr\u00e9er quelque chose de z\u00e9ro. Aujourd&rsquo;hui, leur travail acharn\u00e9, leur d\u00e9vouement, leur engagement et leur vision \u00e0 long terme ont port\u00e9 leurs fruits : Lazzat. <\/p>\n<p>Le mot \u00ab\u00a0Lazzat\u00a0\u00bb a \u00e9t\u00e9 choisi pour l&rsquo;entreprise car il signifie go\u00fbt et comme le dit la devise du propri\u00e9taire \u00ab\u00a0Bhai Eusuf\u00a0\u00bb : tout ce que vous mettez sur la table pour manger, cela doit avoir bon go\u00fbt !<\/p>\n<p>Ces \u00e9pices fantastiques peuvent \u00eatre utilis\u00e9es pour pr\u00e9parer des currys et comme ar\u00f4me pour une vari\u00e9t\u00e9 de plats mauriciens et indiens.<\/p>\n","protected":false},"excerpt":{"rendered":"<p>Tout a commenc\u00e9 de nulle part, gr\u00e2ce \u00e0 deux personnes qui se sont lanc\u00e9 le d\u00e9fi de cr\u00e9er quelque chose de z\u00e9ro. Aujourd&rsquo;hui, leur travail acharn\u00e9, leur d\u00e9vouement, leur engagement et leur vision \u00e0 long terme ont port\u00e9 leurs fruits : Lazzat. <\/p>\n<p>Le mot \u00ab\u00a0Lazzat\u00a0\u00bb a \u00e9t\u00e9 choisi pour l&rsquo;entreprise car il signifie go\u00fbt et comme le dit la devise du propri\u00e9taire \u00ab\u00a0Bhai Eusuf\u00a0\u00bb : tout ce que vous mettez sur la table pour manger, cela doit avoir bon go\u00fbt !<\/p>\n<p>Ces \u00e9pices fantastiques peuvent \u00eatre utilis\u00e9es pour pr\u00e9parer des currys et comme ar\u00f4me pour une vari\u00e9t\u00e9 de plats mauriciens et indiens.<\/p>\n","protected":false},"featured_media":37994,"comment_status":"open","ping_status":"closed","template":"","meta":{"_acf_changed":false},"special-offers":[],"product_brand":[],"product_cat":[464,441,318,463],"product_tag":[],"class_list":{"0":"post-43394","1":"product","2":"type-product","3":"status-publish","4":"has-post-thumbnail","6":"product_cat-box-spices-masala","7":"product_cat-food-cupboard","8":"product_cat-mauritian","9":"product_cat-spices","10":"brand-lazzat","12":"first","13":"instock","14":"purchasable","15":"product-type-simple","16":"add-to-wishlist-before_image"},"acf":[],"yoast_head":"<!-- This site is optimized with the Yoast SEO plugin v27.3 - https:\/\/yoast.com\/product\/yoast-seo-wordpress\/ -->\n<title>Steward\u2019s Lazzat \u2013 BBQ - Mauritian Foods Online<\/title>\n<meta name=\"robots\" content=\"index, follow, max-snippet:-1, max-image-preview:large, max-video-preview:-1\" \/>\n<link rel=\"canonical\" href=\"https:\/\/mauritianfoodsonline.com\/fr\/product\/stewards-lazzat-bbq\/\" \/>\n<meta property=\"og:locale\" content=\"fr_FR\" \/>\n<meta property=\"og:type\" content=\"article\" \/>\n<meta property=\"og:title\" content=\"Steward\u2019s Lazzat \u2013 BBQ - Mauritian Foods Online\" \/>\n<meta property=\"og:description\" content=\"Tout a commenc\u00e9 de nulle part, gr\u00e2ce \u00e0 deux personnes qui se sont lanc\u00e9 le d\u00e9fi de cr\u00e9er quelque chose de z\u00e9ro. Aujourd&#039;hui, leur travail acharn\u00e9, leur d\u00e9vouement, leur engagement et leur vision \u00e0 long terme ont port\u00e9 leurs fruits : Lazzat.  Le mot &quot;Lazzat&quot; a \u00e9t\u00e9 choisi pour l&#039;entreprise car il signifie go\u00fbt et comme le dit la devise du propri\u00e9taire &quot;Bhai Eusuf&quot; : tout ce que vous mettez sur la table pour manger, cela doit avoir bon go\u00fbt ! Ces \u00e9pices fantastiques peuvent \u00eatre utilis\u00e9es pour pr\u00e9parer des currys et comme ar\u00f4me pour une vari\u00e9t\u00e9 de plats mauriciens et indiens.\" \/>\n<meta property=\"og:url\" content=\"https:\/\/mauritianfoodsonline.com\/fr\/product\/stewards-lazzat-bbq\/\" \/>\n<meta property=\"og:site_name\" content=\"Mauritian Foods Online\" \/>\n<meta property=\"article:publisher\" content=\"https:\/\/www.facebook.com\/mauritianfoodsonlineuk\/\" \/>\n<meta property=\"og:image\" content=\"https:\/\/mauritianfoodsonline.com\/wp-content\/uploads\/2024\/08\/MauritianFoods_Web-22.jpg\" \/>\n\t<meta property=\"og:image:width\" content=\"800\" \/>\n\t<meta property=\"og:image:height\" content=\"800\" \/>\n\t<meta property=\"og:image:type\" content=\"image\/jpeg\" \/>\n<meta name=\"twitter:card\" content=\"summary_large_image\" \/>\n<meta name=\"twitter:site\" content=\"@mauritian_foods\" \/>\n<meta name=\"twitter:label1\" content=\"Dur\u00e9e de lecture estim\u00e9e\" \/>\n\t<meta name=\"twitter:data1\" content=\"1 minute\" \/>\n<script type=\"application\/ld+json\" class=\"yoast-schema-graph\">{\"@context\":\"https:\\\/\\\/schema.org\",\"@graph\":[{\"@type\":\"WebPage\",\"@id\":\"https:\\\/\\\/mauritianfoodsonline.com\\\/fr\\\/product\\\/stewards-lazzat-bbq\\\/\",\"url\":\"https:\\\/\\\/mauritianfoodsonline.com\\\/fr\\\/product\\\/stewards-lazzat-bbq\\\/\",\"name\":\"Steward\u2019s Lazzat \u2013 BBQ - Mauritian Foods Online\",\"isPartOf\":{\"@id\":\"https:\\\/\\\/mauritianfoodsonline.com\\\/#website\"},\"primaryImageOfPage\":{\"@id\":\"https:\\\/\\\/mauritianfoodsonline.com\\\/fr\\\/product\\\/stewards-lazzat-bbq\\\/#primaryimage\"},\"image\":{\"@id\":\"https:\\\/\\\/mauritianfoodsonline.com\\\/fr\\\/product\\\/stewards-lazzat-bbq\\\/#primaryimage\"},\"thumbnailUrl\":\"https:\\\/\\\/mauritianfoodsonline.com\\\/wp-content\\\/uploads\\\/2024\\\/08\\\/MauritianFoods_Web-22.jpg\",\"datePublished\":\"2024-08-09T05:09:33+00:00\",\"breadcrumb\":{\"@id\":\"https:\\\/\\\/mauritianfoodsonline.com\\\/fr\\\/product\\\/stewards-lazzat-bbq\\\/#breadcrumb\"},\"inLanguage\":\"fr-FR\",\"potentialAction\":[{\"@type\":\"ReadAction\",\"target\":[\"https:\\\/\\\/mauritianfoodsonline.com\\\/fr\\\/product\\\/stewards-lazzat-bbq\\\/\"]}]},{\"@type\":\"ImageObject\",\"inLanguage\":\"fr-FR\",\"@id\":\"https:\\\/\\\/mauritianfoodsonline.com\\\/fr\\\/product\\\/stewards-lazzat-bbq\\\/#primaryimage\",\"url\":\"https:\\\/\\\/mauritianfoodsonline.com\\\/wp-content\\\/uploads\\\/2024\\\/08\\\/MauritianFoods_Web-22.jpg\",\"contentUrl\":\"https:\\\/\\\/mauritianfoodsonline.com\\\/wp-content\\\/uploads\\\/2024\\\/08\\\/MauritianFoods_Web-22.jpg\",\"width\":800,\"height\":800},{\"@type\":\"BreadcrumbList\",\"@id\":\"https:\\\/\\\/mauritianfoodsonline.com\\\/fr\\\/product\\\/stewards-lazzat-bbq\\\/#breadcrumb\",\"itemListElement\":[{\"@type\":\"ListItem\",\"position\":1,\"name\":\"Home\",\"item\":\"https:\\\/\\\/mauritianfoodsonline.com\\\/fr\\\/\"},{\"@type\":\"ListItem\",\"position\":2,\"name\":\"Magasin\",\"item\":\"https:\\\/\\\/mauritianfoodsonline.com\\\/magasin\\\/\"},{\"@type\":\"ListItem\",\"position\":3,\"name\":\"Steward\u2019s Lazzat \u2013 BBQ\"}]},{\"@type\":\"WebSite\",\"@id\":\"https:\\\/\\\/mauritianfoodsonline.com\\\/#website\",\"url\":\"https:\\\/\\\/mauritianfoodsonline.com\\\/\",\"name\":\"Mauritian Foods Online\",\"description\":\"Online\",\"publisher\":{\"@id\":\"https:\\\/\\\/mauritianfoodsonline.com\\\/#organization\"},\"potentialAction\":[{\"@type\":\"SearchAction\",\"target\":{\"@type\":\"EntryPoint\",\"urlTemplate\":\"https:\\\/\\\/mauritianfoodsonline.com\\\/?s={search_term_string}\"},\"query-input\":{\"@type\":\"PropertyValueSpecification\",\"valueRequired\":true,\"valueName\":\"search_term_string\"}}],\"inLanguage\":\"fr-FR\"},{\"@type\":\"Organization\",\"@id\":\"https:\\\/\\\/mauritianfoodsonline.com\\\/#organization\",\"name\":\"Mauritian Foods Online\",\"url\":\"https:\\\/\\\/mauritianfoodsonline.com\\\/\",\"logo\":{\"@type\":\"ImageObject\",\"inLanguage\":\"fr-FR\",\"@id\":\"https:\\\/\\\/mauritianfoodsonline.com\\\/#\\\/schema\\\/logo\\\/image\\\/\",\"url\":\"https:\\\/\\\/mauritianfoodsonline.com\\\/wp-content\\\/uploads\\\/2024\\\/11\\\/svgviewer-png-output-1.png\",\"contentUrl\":\"https:\\\/\\\/mauritianfoodsonline.com\\\/wp-content\\\/uploads\\\/2024\\\/11\\\/svgviewer-png-output-1.png\",\"width\":106,\"height\":109,\"caption\":\"Mauritian Foods Online\"},\"image\":{\"@id\":\"https:\\\/\\\/mauritianfoodsonline.com\\\/#\\\/schema\\\/logo\\\/image\\\/\"},\"sameAs\":[\"https:\\\/\\\/www.facebook.com\\\/mauritianfoodsonlineuk\\\/\",\"https:\\\/\\\/x.com\\\/mauritian_foods\",\"https:\\\/\\\/www.instagram.com\\\/mauritianfoodsonline\\\/#\"]}]}<\/script>\n<!-- \/ Yoast SEO plugin. -->","yoast_head_json":{"title":"Steward\u2019s Lazzat \u2013 BBQ - Mauritian Foods Online","robots":{"index":"index","follow":"follow","max-snippet":"max-snippet:-1","max-image-preview":"max-image-preview:large","max-video-preview":"max-video-preview:-1"},"canonical":"https:\/\/mauritianfoodsonline.com\/fr\/product\/stewards-lazzat-bbq\/","og_locale":"fr_FR","og_type":"article","og_title":"Steward\u2019s Lazzat \u2013 BBQ - Mauritian Foods Online","og_description":"Tout a commenc\u00e9 de nulle part, gr\u00e2ce \u00e0 deux personnes qui se sont lanc\u00e9 le d\u00e9fi de cr\u00e9er quelque chose de z\u00e9ro. Aujourd'hui, leur travail acharn\u00e9, leur d\u00e9vouement, leur engagement et leur vision \u00e0 long terme ont port\u00e9 leurs fruits : Lazzat.  Le mot \"Lazzat\" a \u00e9t\u00e9 choisi pour l'entreprise car il signifie go\u00fbt et comme le dit la devise du propri\u00e9taire \"Bhai Eusuf\" : tout ce que vous mettez sur la table pour manger, cela doit avoir bon go\u00fbt ! Ces \u00e9pices fantastiques peuvent \u00eatre utilis\u00e9es pour pr\u00e9parer des currys et comme ar\u00f4me pour une vari\u00e9t\u00e9 de plats mauriciens et indiens.","og_url":"https:\/\/mauritianfoodsonline.com\/fr\/product\/stewards-lazzat-bbq\/","og_site_name":"Mauritian Foods Online","article_publisher":"https:\/\/www.facebook.com\/mauritianfoodsonlineuk\/","og_image":[{"width":800,"height":800,"url":"https:\/\/mauritianfoodsonline.com\/wp-content\/uploads\/2024\/08\/MauritianFoods_Web-22.jpg","type":"image\/jpeg"}],"twitter_card":"summary_large_image","twitter_site":"@mauritian_foods","twitter_misc":{"Dur\u00e9e de lecture estim\u00e9e":"1 minute"},"schema":{"@context":"https:\/\/schema.org","@graph":[{"@type":"WebPage","@id":"https:\/\/mauritianfoodsonline.com\/fr\/product\/stewards-lazzat-bbq\/","url":"https:\/\/mauritianfoodsonline.com\/fr\/product\/stewards-lazzat-bbq\/","name":"Steward\u2019s Lazzat \u2013 BBQ - Mauritian Foods Online","isPartOf":{"@id":"https:\/\/mauritianfoodsonline.com\/#website"},"primaryImageOfPage":{"@id":"https:\/\/mauritianfoodsonline.com\/fr\/product\/stewards-lazzat-bbq\/#primaryimage"},"image":{"@id":"https:\/\/mauritianfoodsonline.com\/fr\/product\/stewards-lazzat-bbq\/#primaryimage"},"thumbnailUrl":"https:\/\/mauritianfoodsonline.com\/wp-content\/uploads\/2024\/08\/MauritianFoods_Web-22.jpg","datePublished":"2024-08-09T05:09:33+00:00","breadcrumb":{"@id":"https:\/\/mauritianfoodsonline.com\/fr\/product\/stewards-lazzat-bbq\/#breadcrumb"},"inLanguage":"fr-FR","potentialAction":[{"@type":"ReadAction","target":["https:\/\/mauritianfoodsonline.com\/fr\/product\/stewards-lazzat-bbq\/"]}]},{"@type":"ImageObject","inLanguage":"fr-FR","@id":"https:\/\/mauritianfoodsonline.com\/fr\/product\/stewards-lazzat-bbq\/#primaryimage","url":"https:\/\/mauritianfoodsonline.com\/wp-content\/uploads\/2024\/08\/MauritianFoods_Web-22.jpg","contentUrl":"https:\/\/mauritianfoodsonline.com\/wp-content\/uploads\/2024\/08\/MauritianFoods_Web-22.jpg","width":800,"height":800},{"@type":"BreadcrumbList","@id":"https:\/\/mauritianfoodsonline.com\/fr\/product\/stewards-lazzat-bbq\/#breadcrumb","itemListElement":[{"@type":"ListItem","position":1,"name":"Home","item":"https:\/\/mauritianfoodsonline.com\/fr\/"},{"@type":"ListItem","position":2,"name":"Magasin","item":"https:\/\/mauritianfoodsonline.com\/magasin\/"},{"@type":"ListItem","position":3,"name":"Steward\u2019s Lazzat \u2013 BBQ"}]},{"@type":"WebSite","@id":"https:\/\/mauritianfoodsonline.com\/#website","url":"https:\/\/mauritianfoodsonline.com\/","name":"Mauritian Foods Online","description":"Online","publisher":{"@id":"https:\/\/mauritianfoodsonline.com\/#organization"},"potentialAction":[{"@type":"SearchAction","target":{"@type":"EntryPoint","urlTemplate":"https:\/\/mauritianfoodsonline.com\/?s={search_term_string}"},"query-input":{"@type":"PropertyValueSpecification","valueRequired":true,"valueName":"search_term_string"}}],"inLanguage":"fr-FR"},{"@type":"Organization","@id":"https:\/\/mauritianfoodsonline.com\/#organization","name":"Mauritian Foods Online","url":"https:\/\/mauritianfoodsonline.com\/","logo":{"@type":"ImageObject","inLanguage":"fr-FR","@id":"https:\/\/mauritianfoodsonline.com\/#\/schema\/logo\/image\/","url":"https:\/\/mauritianfoodsonline.com\/wp-content\/uploads\/2024\/11\/svgviewer-png-output-1.png","contentUrl":"https:\/\/mauritianfoodsonline.com\/wp-content\/uploads\/2024\/11\/svgviewer-png-output-1.png","width":106,"height":109,"caption":"Mauritian Foods Online"},"image":{"@id":"https:\/\/mauritianfoodsonline.com\/#\/schema\/logo\/image\/"},"sameAs":["https:\/\/www.facebook.com\/mauritianfoodsonlineuk\/","https:\/\/x.com\/mauritian_foods","https:\/\/www.instagram.com\/mauritianfoodsonline\/#"]}]}},"_links":{"self":[{"href":"https:\/\/mauritianfoodsonline.com\/fr\/wp-json\/wp\/v2\/product\/43394","targetHints":{"allow":["GET"]}}],"collection":[{"href":"https:\/\/mauritianfoodsonline.com\/fr\/wp-json\/wp\/v2\/product"}],"about":[{"href":"https:\/\/mauritianfoodsonline.com\/fr\/wp-json\/wp\/v2\/types\/product"}],"replies":[{"embeddable":true,"href":"https:\/\/mauritianfoodsonline.com\/fr\/wp-json\/wp\/v2\/comments?post=43394"}],"wp:featuredmedia":[{"embeddable":true,"href":"https:\/\/mauritianfoodsonline.com\/fr\/wp-json\/wp\/v2\/media\/37994"}],"wp:attachment":[{"href":"https:\/\/mauritianfoodsonline.com\/fr\/wp-json\/wp\/v2\/media?parent=43394"}],"wp:term":[{"taxonomy":"special-offers","embeddable":true,"href":"https:\/\/mauritianfoodsonline.com\/fr\/wp-json\/wp\/v2\/special-offers?post=43394"},{"taxonomy":"product_brand","embeddable":true,"href":"https:\/\/mauritianfoodsonline.com\/fr\/wp-json\/wp\/v2\/product_brand?post=43394"},{"taxonomy":"product_cat","embeddable":true,"href":"https:\/\/mauritianfoodsonline.com\/fr\/wp-json\/wp\/v2\/product_cat?post=43394"},{"taxonomy":"product_tag","embeddable":true,"href":"https:\/\/mauritianfoodsonline.com\/fr\/wp-json\/wp\/v2\/product_tag?post=43394"}],"curies":[{"name":"wp","href":"https:\/\/api.w.org\/{rel}","templated":true}]}}