{"id":51439,"date":"2026-04-26T21:16:35","date_gmt":"2026-04-26T21:16:35","guid":{"rendered":"https:\/\/mauritianfoodsonline.com\/?post_type=product&#038;p=51439"},"modified":"2026-04-26T21:19:31","modified_gmt":"2026-04-26T21:19:31","slug":"chartreuse-sachet-de-the-vanille-copy-copy-copy-copy-copy-copy-copy-copy-copy-copy-copy-copy-copy-copy-copy","status":"publish","type":"product","link":"https:\/\/mauritianfoodsonline.com\/fr\/product\/chartreuse-sachet-de-the-vanille-copy-copy-copy-copy-copy-copy-copy-copy-copy-copy-copy-copy-copy-copy-copy\/","title":{"rendered":"Chartreuse &#8211; Sachet de th\u00e9 &#8211; Vanille (Copy) (Copy) (Copy) (Copy) (Copy) (Copy) (Copy) (Copy) (Copy) (Copy) (Copy) (Copy) (Copy) (Copy) (Copy)"},"content":{"rendered":"<p data-start=\"1239\" data-end=\"1558\"><strong>\u2022 Conditionnement et poids : paquet de 50 g de sachets de th\u00e9 noir aromatis\u00e9 \u00e0 la vanille \u2014 25 sachets au total.<\/strong><br \/>\n<br data-start=\"1327\" data-end=\"1330\"><strong>\u2022 Type de th\u00e9 : Th\u00e9 noir classique \u00e0 l&rsquo;ar\u00f4me naturel de vanille.<\/strong><br \/>\n<br data-start=\"1391\" data-end=\"1394\"><strong>\u2022 Profil aromatique : Notes douces de vanille sur une base de th\u00e9 \u00e9quilibr\u00e9e et moyennement cors\u00e9e.<\/strong><br \/>\n<br data-start=\"1478\" data-end=\"1481\"><strong>\u2022 Id\u00e9al pour : le th\u00e9 de l&rsquo;apr\u00e8s-midi, les pauses de l&rsquo;apr\u00e8s-midi ou les moments de d\u00e9tente \u00e0 la maison.<\/strong><\/p>\n","protected":false},"excerpt":{"rendered":"<p>\u2022 Conditionnement et poids : paquet de 50 g de sachets de th\u00e9 noir aromatis\u00e9 \u00e0 la vanille \u2014 25 sachets au total. \u2022 Type de th\u00e9 : Th\u00e9 noir classique \u00e0 l&rsquo;ar\u00f4me naturel de vanille. \u2022 Profil aromatique : Notes douces de vanille sur une base de th\u00e9 \u00e9quilibr\u00e9e et moyennement cors\u00e9e. \u2022 Id\u00e9al [&hellip;]<\/p>\n","protected":false},"featured_media":51459,"comment_status":"open","ping_status":"closed","template":"","meta":{"_acf_changed":false},"special-offers":[],"product_brand":[],"product_cat":[376,318,377],"product_tag":[],"class_list":{"0":"post-51439","1":"product","2":"type-product","3":"status-publish","4":"has-post-thumbnail","6":"product_cat-drinks","7":"product_cat-mauritian","8":"product_cat-tea-coffee","10":"first","11":"instock","12":"purchasable","13":"product-type-simple","14":"add-to-wishlist-before_image"},"acf":[],"yoast_head":"<!-- This site is optimized with the Yoast SEO plugin v27.5 - https:\/\/yoast.com\/product\/yoast-seo-wordpress\/ -->\n<title>Sachets de th\u00e9 Chartreuse Vanille 50 g \u2013 Th\u00e9 doux et parfum\u00e9 (Royaume-Uni)<\/title>\n<meta name=\"description\" content=\"Savourez les sachets de th\u00e9 Chartreuse Vanille\u00a0\u2014 un th\u00e9 noir aromatique aux notes cr\u00e9meuses de vanille. Id\u00e9al pour les amateurs de th\u00e9 au Royaume-Uni. Livraison rapide dans tout le Royaume-Uni via mauritianfoodonline.\" \/>\n<meta name=\"robots\" content=\"index, follow, max-snippet:-1, max-image-preview:large, max-video-preview:-1\" \/>\n<link rel=\"canonical\" href=\"https:\/\/mauritianfoodsonline.com\/fr\/product\/chartreuse-sachet-de-the-vanille-copy-copy-copy-copy-copy-copy-copy-copy-copy-copy-copy-copy-copy-copy-copy\/\" \/>\n<meta property=\"og:locale\" content=\"fr_FR\" \/>\n<meta property=\"og:type\" content=\"article\" \/>\n<meta property=\"og:title\" content=\"Sachets de th\u00e9 Chartreuse Vanille \u2013 Th\u00e9 cr\u00e9meux aromatis\u00e9 (Royaume-Uni)\" \/>\n<meta property=\"og:description\" content=\"Savourez les sachets de th\u00e9 Chartreuse Vanille\u00a0: un th\u00e9 noir aromatique au doux go\u00fbt de vanille. Id\u00e9al pour une pause quotidienne, livr\u00e9 dans tout le Royaume-Uni par mauritianfoodonline.\" \/>\n<meta property=\"og:url\" content=\"https:\/\/mauritianfoodsonline.com\/fr\/product\/chartreuse-sachet-de-the-vanille-copy-copy-copy-copy-copy-copy-copy-copy-copy-copy-copy-copy-copy-copy-copy\/\" \/>\n<meta property=\"og:site_name\" content=\"Mauritian Foods Online\" \/>\n<meta property=\"article:publisher\" content=\"https:\/\/www.facebook.com\/mauritianfoodsonlineuk\/\" \/>\n<meta property=\"article:modified_time\" content=\"2026-04-26T21:19:31+00:00\" \/>\n<meta property=\"og:image\" content=\"https:\/\/mauritianfoodsonline.com\/wp-content\/uploads\/2026\/04\/new-products-2026-122.jpg\" \/>\n\t<meta property=\"og:image:width\" content=\"800\" \/>\n\t<meta property=\"og:image:height\" content=\"800\" \/>\n\t<meta property=\"og:image:type\" content=\"image\/jpeg\" \/>\n<meta name=\"twitter:card\" content=\"summary_large_image\" \/>\n<meta name=\"twitter:site\" content=\"@mauritian_foods\" \/>\n<script type=\"application\/ld+json\" class=\"yoast-schema-graph\">{\"@context\":\"https:\\\/\\\/schema.org\",\"@graph\":[{\"@type\":\"WebPage\",\"@id\":\"https:\\\/\\\/mauritianfoodsonline.com\\\/fr\\\/product\\\/chartreuse-sachet-de-the-vanille-copy-copy-copy-copy-copy-copy-copy-copy-copy-copy-copy-copy-copy-copy-copy\\\/\",\"url\":\"https:\\\/\\\/mauritianfoodsonline.com\\\/fr\\\/product\\\/chartreuse-sachet-de-the-vanille-copy-copy-copy-copy-copy-copy-copy-copy-copy-copy-copy-copy-copy-copy-copy\\\/\",\"name\":\"Sachets de th\u00e9 Chartreuse Vanille 50 g \u2013 Th\u00e9 doux et parfum\u00e9 (Royaume-Uni)\",\"isPartOf\":{\"@id\":\"https:\\\/\\\/mauritianfoodsonline.com\\\/#website\"},\"primaryImageOfPage\":{\"@id\":\"https:\\\/\\\/mauritianfoodsonline.com\\\/fr\\\/product\\\/chartreuse-sachet-de-the-vanille-copy-copy-copy-copy-copy-copy-copy-copy-copy-copy-copy-copy-copy-copy-copy\\\/#primaryimage\"},\"image\":{\"@id\":\"https:\\\/\\\/mauritianfoodsonline.com\\\/fr\\\/product\\\/chartreuse-sachet-de-the-vanille-copy-copy-copy-copy-copy-copy-copy-copy-copy-copy-copy-copy-copy-copy-copy\\\/#primaryimage\"},\"thumbnailUrl\":\"https:\\\/\\\/mauritianfoodsonline.com\\\/wp-content\\\/uploads\\\/2026\\\/04\\\/new-products-2026-122.jpg\",\"datePublished\":\"2026-04-26T21:16:35+00:00\",\"dateModified\":\"2026-04-26T21:19:31+00:00\",\"description\":\"Savourez les sachets de th\u00e9 Chartreuse Vanille\u00a0\u2014 un th\u00e9 noir aromatique aux notes cr\u00e9meuses de vanille. Id\u00e9al pour les amateurs de th\u00e9 au Royaume-Uni. Livraison rapide dans tout le Royaume-Uni via mauritianfoodonline.\",\"breadcrumb\":{\"@id\":\"https:\\\/\\\/mauritianfoodsonline.com\\\/fr\\\/product\\\/chartreuse-sachet-de-the-vanille-copy-copy-copy-copy-copy-copy-copy-copy-copy-copy-copy-copy-copy-copy-copy\\\/#breadcrumb\"},\"inLanguage\":\"fr-FR\",\"potentialAction\":[{\"@type\":\"ReadAction\",\"target\":[\"https:\\\/\\\/mauritianfoodsonline.com\\\/fr\\\/product\\\/chartreuse-sachet-de-the-vanille-copy-copy-copy-copy-copy-copy-copy-copy-copy-copy-copy-copy-copy-copy-copy\\\/\"]}]},{\"@type\":\"ImageObject\",\"inLanguage\":\"fr-FR\",\"@id\":\"https:\\\/\\\/mauritianfoodsonline.com\\\/fr\\\/product\\\/chartreuse-sachet-de-the-vanille-copy-copy-copy-copy-copy-copy-copy-copy-copy-copy-copy-copy-copy-copy-copy\\\/#primaryimage\",\"url\":\"https:\\\/\\\/mauritianfoodsonline.com\\\/wp-content\\\/uploads\\\/2026\\\/04\\\/new-products-2026-122.jpg\",\"contentUrl\":\"https:\\\/\\\/mauritianfoodsonline.com\\\/wp-content\\\/uploads\\\/2026\\\/04\\\/new-products-2026-122.jpg\",\"width\":800,\"height\":800},{\"@type\":\"BreadcrumbList\",\"@id\":\"https:\\\/\\\/mauritianfoodsonline.com\\\/fr\\\/product\\\/chartreuse-sachet-de-the-vanille-copy-copy-copy-copy-copy-copy-copy-copy-copy-copy-copy-copy-copy-copy-copy\\\/#breadcrumb\",\"itemListElement\":[{\"@type\":\"ListItem\",\"position\":1,\"name\":\"Home\",\"item\":\"https:\\\/\\\/mauritianfoodsonline.com\\\/fr\\\/\"},{\"@type\":\"ListItem\",\"position\":2,\"name\":\"Magasin\",\"item\":\"https:\\\/\\\/mauritianfoodsonline.com\\\/magasin\\\/\"},{\"@type\":\"ListItem\",\"position\":3,\"name\":\"Chartreuse &#8211; Sachet de th\u00e9 &#8211; Vanille (Copy) (Copy) (Copy) (Copy) (Copy) (Copy) (Copy) (Copy) (Copy) (Copy) (Copy) (Copy) (Copy) (Copy) (Copy)\"}]},{\"@type\":\"WebSite\",\"@id\":\"https:\\\/\\\/mauritianfoodsonline.com\\\/#website\",\"url\":\"https:\\\/\\\/mauritianfoodsonline.com\\\/\",\"name\":\"Mauritian Foods Online\",\"description\":\"Online\",\"publisher\":{\"@id\":\"https:\\\/\\\/mauritianfoodsonline.com\\\/#organization\"},\"potentialAction\":[{\"@type\":\"SearchAction\",\"target\":{\"@type\":\"EntryPoint\",\"urlTemplate\":\"https:\\\/\\\/mauritianfoodsonline.com\\\/?s={search_term_string}\"},\"query-input\":{\"@type\":\"PropertyValueSpecification\",\"valueRequired\":true,\"valueName\":\"search_term_string\"}}],\"inLanguage\":\"fr-FR\"},{\"@type\":\"Organization\",\"@id\":\"https:\\\/\\\/mauritianfoodsonline.com\\\/#organization\",\"name\":\"Mauritian Foods Online\",\"url\":\"https:\\\/\\\/mauritianfoodsonline.com\\\/\",\"logo\":{\"@type\":\"ImageObject\",\"inLanguage\":\"fr-FR\",\"@id\":\"https:\\\/\\\/mauritianfoodsonline.com\\\/#\\\/schema\\\/logo\\\/image\\\/\",\"url\":\"https:\\\/\\\/mauritianfoodsonline.com\\\/wp-content\\\/uploads\\\/2024\\\/11\\\/svgviewer-png-output-1.png\",\"contentUrl\":\"https:\\\/\\\/mauritianfoodsonline.com\\\/wp-content\\\/uploads\\\/2024\\\/11\\\/svgviewer-png-output-1.png\",\"width\":106,\"height\":109,\"caption\":\"Mauritian Foods Online\"},\"image\":{\"@id\":\"https:\\\/\\\/mauritianfoodsonline.com\\\/#\\\/schema\\\/logo\\\/image\\\/\"},\"sameAs\":[\"https:\\\/\\\/www.facebook.com\\\/mauritianfoodsonlineuk\\\/\",\"https:\\\/\\\/x.com\\\/mauritian_foods\",\"https:\\\/\\\/www.instagram.com\\\/mauritianfoodsonline\\\/#\"]}]}<\/script>\n<!-- \/ Yoast SEO plugin. -->","yoast_head_json":{"title":"Sachets de th\u00e9 Chartreuse Vanille 50 g \u2013 Th\u00e9 doux et parfum\u00e9 (Royaume-Uni)","description":"Savourez les sachets de th\u00e9 Chartreuse Vanille\u00a0\u2014 un th\u00e9 noir aromatique aux notes cr\u00e9meuses de vanille. Id\u00e9al pour les amateurs de th\u00e9 au Royaume-Uni. Livraison rapide dans tout le Royaume-Uni via mauritianfoodonline.","robots":{"index":"index","follow":"follow","max-snippet":"max-snippet:-1","max-image-preview":"max-image-preview:large","max-video-preview":"max-video-preview:-1"},"canonical":"https:\/\/mauritianfoodsonline.com\/fr\/product\/chartreuse-sachet-de-the-vanille-copy-copy-copy-copy-copy-copy-copy-copy-copy-copy-copy-copy-copy-copy-copy\/","og_locale":"fr_FR","og_type":"article","og_title":"Sachets de th\u00e9 Chartreuse Vanille \u2013 Th\u00e9 cr\u00e9meux aromatis\u00e9 (Royaume-Uni)","og_description":"Savourez les sachets de th\u00e9 Chartreuse Vanille\u00a0: un th\u00e9 noir aromatique au doux go\u00fbt de vanille. Id\u00e9al pour une pause quotidienne, livr\u00e9 dans tout le Royaume-Uni par mauritianfoodonline.","og_url":"https:\/\/mauritianfoodsonline.com\/fr\/product\/chartreuse-sachet-de-the-vanille-copy-copy-copy-copy-copy-copy-copy-copy-copy-copy-copy-copy-copy-copy-copy\/","og_site_name":"Mauritian Foods Online","article_publisher":"https:\/\/www.facebook.com\/mauritianfoodsonlineuk\/","article_modified_time":"2026-04-26T21:19:31+00:00","og_image":[{"width":800,"height":800,"url":"https:\/\/mauritianfoodsonline.com\/wp-content\/uploads\/2026\/04\/new-products-2026-122.jpg","type":"image\/jpeg"}],"twitter_card":"summary_large_image","twitter_site":"@mauritian_foods","schema":{"@context":"https:\/\/schema.org","@graph":[{"@type":"WebPage","@id":"https:\/\/mauritianfoodsonline.com\/fr\/product\/chartreuse-sachet-de-the-vanille-copy-copy-copy-copy-copy-copy-copy-copy-copy-copy-copy-copy-copy-copy-copy\/","url":"https:\/\/mauritianfoodsonline.com\/fr\/product\/chartreuse-sachet-de-the-vanille-copy-copy-copy-copy-copy-copy-copy-copy-copy-copy-copy-copy-copy-copy-copy\/","name":"Sachets de th\u00e9 Chartreuse Vanille 50 g \u2013 Th\u00e9 doux et parfum\u00e9 (Royaume-Uni)","isPartOf":{"@id":"https:\/\/mauritianfoodsonline.com\/#website"},"primaryImageOfPage":{"@id":"https:\/\/mauritianfoodsonline.com\/fr\/product\/chartreuse-sachet-de-the-vanille-copy-copy-copy-copy-copy-copy-copy-copy-copy-copy-copy-copy-copy-copy-copy\/#primaryimage"},"image":{"@id":"https:\/\/mauritianfoodsonline.com\/fr\/product\/chartreuse-sachet-de-the-vanille-copy-copy-copy-copy-copy-copy-copy-copy-copy-copy-copy-copy-copy-copy-copy\/#primaryimage"},"thumbnailUrl":"https:\/\/mauritianfoodsonline.com\/wp-content\/uploads\/2026\/04\/new-products-2026-122.jpg","datePublished":"2026-04-26T21:16:35+00:00","dateModified":"2026-04-26T21:19:31+00:00","description":"Savourez les sachets de th\u00e9 Chartreuse Vanille\u00a0\u2014 un th\u00e9 noir aromatique aux notes cr\u00e9meuses de vanille. Id\u00e9al pour les amateurs de th\u00e9 au Royaume-Uni. Livraison rapide dans tout le Royaume-Uni via mauritianfoodonline.","breadcrumb":{"@id":"https:\/\/mauritianfoodsonline.com\/fr\/product\/chartreuse-sachet-de-the-vanille-copy-copy-copy-copy-copy-copy-copy-copy-copy-copy-copy-copy-copy-copy-copy\/#breadcrumb"},"inLanguage":"fr-FR","potentialAction":[{"@type":"ReadAction","target":["https:\/\/mauritianfoodsonline.com\/fr\/product\/chartreuse-sachet-de-the-vanille-copy-copy-copy-copy-copy-copy-copy-copy-copy-copy-copy-copy-copy-copy-copy\/"]}]},{"@type":"ImageObject","inLanguage":"fr-FR","@id":"https:\/\/mauritianfoodsonline.com\/fr\/product\/chartreuse-sachet-de-the-vanille-copy-copy-copy-copy-copy-copy-copy-copy-copy-copy-copy-copy-copy-copy-copy\/#primaryimage","url":"https:\/\/mauritianfoodsonline.com\/wp-content\/uploads\/2026\/04\/new-products-2026-122.jpg","contentUrl":"https:\/\/mauritianfoodsonline.com\/wp-content\/uploads\/2026\/04\/new-products-2026-122.jpg","width":800,"height":800},{"@type":"BreadcrumbList","@id":"https:\/\/mauritianfoodsonline.com\/fr\/product\/chartreuse-sachet-de-the-vanille-copy-copy-copy-copy-copy-copy-copy-copy-copy-copy-copy-copy-copy-copy-copy\/#breadcrumb","itemListElement":[{"@type":"ListItem","position":1,"name":"Home","item":"https:\/\/mauritianfoodsonline.com\/fr\/"},{"@type":"ListItem","position":2,"name":"Magasin","item":"https:\/\/mauritianfoodsonline.com\/magasin\/"},{"@type":"ListItem","position":3,"name":"Chartreuse &#8211; Sachet de th\u00e9 &#8211; Vanille (Copy) (Copy) (Copy) (Copy) (Copy) (Copy) (Copy) (Copy) (Copy) (Copy) (Copy) (Copy) (Copy) (Copy) (Copy)"}]},{"@type":"WebSite","@id":"https:\/\/mauritianfoodsonline.com\/#website","url":"https:\/\/mauritianfoodsonline.com\/","name":"Mauritian Foods Online","description":"Online","publisher":{"@id":"https:\/\/mauritianfoodsonline.com\/#organization"},"potentialAction":[{"@type":"SearchAction","target":{"@type":"EntryPoint","urlTemplate":"https:\/\/mauritianfoodsonline.com\/?s={search_term_string}"},"query-input":{"@type":"PropertyValueSpecification","valueRequired":true,"valueName":"search_term_string"}}],"inLanguage":"fr-FR"},{"@type":"Organization","@id":"https:\/\/mauritianfoodsonline.com\/#organization","name":"Mauritian Foods Online","url":"https:\/\/mauritianfoodsonline.com\/","logo":{"@type":"ImageObject","inLanguage":"fr-FR","@id":"https:\/\/mauritianfoodsonline.com\/#\/schema\/logo\/image\/","url":"https:\/\/mauritianfoodsonline.com\/wp-content\/uploads\/2024\/11\/svgviewer-png-output-1.png","contentUrl":"https:\/\/mauritianfoodsonline.com\/wp-content\/uploads\/2024\/11\/svgviewer-png-output-1.png","width":106,"height":109,"caption":"Mauritian Foods Online"},"image":{"@id":"https:\/\/mauritianfoodsonline.com\/#\/schema\/logo\/image\/"},"sameAs":["https:\/\/www.facebook.com\/mauritianfoodsonlineuk\/","https:\/\/x.com\/mauritian_foods","https:\/\/www.instagram.com\/mauritianfoodsonline\/#"]}]}},"_links":{"self":[{"href":"https:\/\/mauritianfoodsonline.com\/fr\/wp-json\/wp\/v2\/product\/51439","targetHints":{"allow":["GET"]}}],"collection":[{"href":"https:\/\/mauritianfoodsonline.com\/fr\/wp-json\/wp\/v2\/product"}],"about":[{"href":"https:\/\/mauritianfoodsonline.com\/fr\/wp-json\/wp\/v2\/types\/product"}],"replies":[{"embeddable":true,"href":"https:\/\/mauritianfoodsonline.com\/fr\/wp-json\/wp\/v2\/comments?post=51439"}],"wp:featuredmedia":[{"embeddable":true,"href":"https:\/\/mauritianfoodsonline.com\/fr\/wp-json\/wp\/v2\/media\/51459"}],"wp:attachment":[{"href":"https:\/\/mauritianfoodsonline.com\/fr\/wp-json\/wp\/v2\/media?parent=51439"}],"wp:term":[{"taxonomy":"special-offers","embeddable":true,"href":"https:\/\/mauritianfoodsonline.com\/fr\/wp-json\/wp\/v2\/special-offers?post=51439"},{"taxonomy":"product_brand","embeddable":true,"href":"https:\/\/mauritianfoodsonline.com\/fr\/wp-json\/wp\/v2\/product_brand?post=51439"},{"taxonomy":"product_cat","embeddable":true,"href":"https:\/\/mauritianfoodsonline.com\/fr\/wp-json\/wp\/v2\/product_cat?post=51439"},{"taxonomy":"product_tag","embeddable":true,"href":"https:\/\/mauritianfoodsonline.com\/fr\/wp-json\/wp\/v2\/product_tag?post=51439"}],"curies":[{"name":"wp","href":"https:\/\/api.w.org\/{rel}","templated":true}]}}