{"id":46557,"date":"2022-07-18T19:20:19","date_gmt":"2022-07-18T19:20:19","guid":{"rendered":"https:\/\/mauritianfoodsonline.com\/chi-siamo\/"},"modified":"2022-07-18T19:20:19","modified_gmt":"2022-07-18T19:20:19","slug":"chi-siamo","status":"publish","type":"page","link":"https:\/\/mauritianfoodsonline.com\/it\/chi-siamo\/","title":{"rendered":"Chi siamo"},"content":{"rendered":"<h2>Benvenuti al sito di prodotti alimentari mauriziani online<\/h2>\n<p>Il tuo punto di riferimento unico per autentici prodotti alimentari mauriziani consegnati direttamente a casa tua. La nostra passione \u00e8 portare i sapori vivaci e la ricca tradizione culinaria di Mauritius nelle tue cucine, ovunque tu sia nel mondo. <\/p>\n<p>Nel nostro negozio online offriamo un&#8217;ampia gamma di prodotti alimentari mauriziani di alta qualit\u00e0 che catturano l&#8217;essenza di questo paradiso tropicale. Dalle spezie aromatiche e dalla frutta esotica alle salse tradizionali e ai deliziosi snack, abbiamo selezionato per voi una vasta gamma di prodotti che soddisferanno la vostra voglia di autentica cucina mauriziana. <\/p>\n<p>Esplora i nostri scaffali virtuali e scopri una serie di prodotti base che costituiscono la spina dorsale della cucina mauriziana. Che tu stia cercando riso basmati, lenticchie, curry in polvere o sottaceti, abbiamo selezionato i migliori ingredienti per garantirti di poter ricreare i sapori di Mauritius a casa tua. <\/p>\n<p>Il nostro impegno per la qualit\u00e0 va oltre gli ingredienti stessi. Collaboriamo con fornitori affidabili che condividono la nostra dedizione all&#8217;autenticit\u00e0 e alla freschezza. Ogni prodotto viene sottoposto a rigorosi controlli di qualit\u00e0, per garantirvi solo il meglio. Comprendiamo l&#8217;importanza di preservare l&#8217;integrit\u00e0 dei sapori mauriziani e i nostri prodotti riflettono il nostro incrollabile impegno nel offrire un&#8217;esperienza culinaria eccezionale.   <\/p>\n","protected":false},"excerpt":{"rendered":"<p>Benvenuti al sito di prodotti alimentari mauriziani online Il tuo punto di riferimento unico per autentici prodotti alimentari mauriziani consegnati direttamente a casa tua. La nostra passione \u00e8 portare i sapori vivaci e la ricca tradizione culinaria di Mauritius nelle tue cucine, ovunque tu sia nel mondo. Nel nostro negozio online offriamo un&#8217;ampia gamma di [&hellip;]<\/p>\n","protected":false},"author":1,"featured_media":35062,"parent":0,"menu_order":0,"comment_status":"closed","ping_status":"closed","template":"page-about.php","meta":{"_acf_changed":false,"footnotes":""},"class_list":["post-46557","page","type-page","status-publish","has-post-thumbnail","hentry"],"acf":[],"yoast_head":"<!-- This site is optimized with the Yoast SEO plugin v27.3 - https:\/\/yoast.com\/product\/yoast-seo-wordpress\/ -->\n<title>Chi siamo - Mauritian Foods Online | Prodotti alimentari mauriziani autentici<\/title>\n<meta name=\"description\" content=\"Scopri l&#039;essenza di Mauritius con Mauritian Foods Online. Consegniamo autentici prodotti alimentari, spezie e ingredienti tradizionali mauriziani in tutto il mondo. Acquista ora per un vero assaggio di Mauritius!\" \/>\n<meta name=\"robots\" content=\"index, follow, max-snippet:-1, max-image-preview:large, max-video-preview:-1\" \/>\n<link rel=\"canonical\" href=\"https:\/\/mauritianfoodsonline.com\/it\/chi-siamo\/\" \/>\n<meta property=\"og:locale\" content=\"it_IT\" \/>\n<meta property=\"og:type\" content=\"article\" \/>\n<meta property=\"og:title\" content=\"Chi siamo - Mauritian Foods Online | Prodotti alimentari mauriziani autentici\" \/>\n<meta property=\"og:description\" content=\"Scopri l&#039;essenza di Mauritius con Mauritian Foods Online. Consegniamo autentici prodotti alimentari, spezie e ingredienti tradizionali mauriziani in tutto il mondo. Acquista ora per un vero assaggio di Mauritius!\" \/>\n<meta property=\"og:url\" content=\"https:\/\/mauritianfoodsonline.com\/it\/chi-siamo\/\" \/>\n<meta property=\"og:site_name\" content=\"Mauritian Foods Online\" \/>\n<meta property=\"article:publisher\" content=\"https:\/\/www.facebook.com\/mauritianfoodsonlineuk\/\" \/>\n<meta property=\"og:image\" content=\"https:\/\/mauritianfoodsonline.com\/wp-content\/uploads\/2022\/07\/abt1.jpg\" \/>\n\t<meta property=\"og:image:width\" content=\"457\" \/>\n\t<meta property=\"og:image:height\" content=\"411\" \/>\n\t<meta property=\"og:image:type\" content=\"image\/jpeg\" \/>\n<meta name=\"twitter:card\" content=\"summary_large_image\" \/>\n<meta name=\"twitter:site\" content=\"@mauritian_foods\" \/>\n<meta name=\"twitter:label1\" content=\"Tempo di lettura stimato\" \/>\n\t<meta name=\"twitter:data1\" content=\"1 minuto\" \/>\n<script type=\"application\/ld+json\" class=\"yoast-schema-graph\">{\"@context\":\"https:\\\/\\\/schema.org\",\"@graph\":[{\"@type\":\"WebPage\",\"@id\":\"https:\\\/\\\/mauritianfoodsonline.com\\\/it\\\/chi-siamo\\\/\",\"url\":\"https:\\\/\\\/mauritianfoodsonline.com\\\/it\\\/chi-siamo\\\/\",\"name\":\"Chi siamo - Mauritian Foods Online | Prodotti alimentari mauriziani autentici\",\"isPartOf\":{\"@id\":\"https:\\\/\\\/mauritianfoodsonline.com\\\/#website\"},\"primaryImageOfPage\":{\"@id\":\"https:\\\/\\\/mauritianfoodsonline.com\\\/it\\\/chi-siamo\\\/#primaryimage\"},\"image\":{\"@id\":\"https:\\\/\\\/mauritianfoodsonline.com\\\/it\\\/chi-siamo\\\/#primaryimage\"},\"thumbnailUrl\":\"https:\\\/\\\/mauritianfoodsonline.com\\\/wp-content\\\/uploads\\\/2022\\\/07\\\/abt1.jpg\",\"datePublished\":\"2022-07-18T19:20:19+00:00\",\"description\":\"Scopri l'essenza di Mauritius con Mauritian Foods Online. Consegniamo autentici prodotti alimentari, spezie e ingredienti tradizionali mauriziani in tutto il mondo. Acquista ora per un vero assaggio di Mauritius!\",\"breadcrumb\":{\"@id\":\"https:\\\/\\\/mauritianfoodsonline.com\\\/it\\\/chi-siamo\\\/#breadcrumb\"},\"inLanguage\":\"it-IT\",\"potentialAction\":[{\"@type\":\"ReadAction\",\"target\":[\"https:\\\/\\\/mauritianfoodsonline.com\\\/it\\\/chi-siamo\\\/\"]}]},{\"@type\":\"ImageObject\",\"inLanguage\":\"it-IT\",\"@id\":\"https:\\\/\\\/mauritianfoodsonline.com\\\/it\\\/chi-siamo\\\/#primaryimage\",\"url\":\"https:\\\/\\\/mauritianfoodsonline.com\\\/wp-content\\\/uploads\\\/2022\\\/07\\\/abt1.jpg\",\"contentUrl\":\"https:\\\/\\\/mauritianfoodsonline.com\\\/wp-content\\\/uploads\\\/2022\\\/07\\\/abt1.jpg\",\"width\":457,\"height\":411},{\"@type\":\"BreadcrumbList\",\"@id\":\"https:\\\/\\\/mauritianfoodsonline.com\\\/it\\\/chi-siamo\\\/#breadcrumb\",\"itemListElement\":[{\"@type\":\"ListItem\",\"position\":1,\"name\":\"Home\",\"item\":\"https:\\\/\\\/mauritianfoodsonline.com\\\/it\\\/\"},{\"@type\":\"ListItem\",\"position\":2,\"name\":\"Chi siamo\"}]},{\"@type\":\"WebSite\",\"@id\":\"https:\\\/\\\/mauritianfoodsonline.com\\\/#website\",\"url\":\"https:\\\/\\\/mauritianfoodsonline.com\\\/\",\"name\":\"Mauritian Foods Online\",\"description\":\"Online\",\"publisher\":{\"@id\":\"https:\\\/\\\/mauritianfoodsonline.com\\\/#organization\"},\"potentialAction\":[{\"@type\":\"SearchAction\",\"target\":{\"@type\":\"EntryPoint\",\"urlTemplate\":\"https:\\\/\\\/mauritianfoodsonline.com\\\/?s={search_term_string}\"},\"query-input\":{\"@type\":\"PropertyValueSpecification\",\"valueRequired\":true,\"valueName\":\"search_term_string\"}}],\"inLanguage\":\"it-IT\"},{\"@type\":\"Organization\",\"@id\":\"https:\\\/\\\/mauritianfoodsonline.com\\\/#organization\",\"name\":\"Mauritian Foods Online\",\"url\":\"https:\\\/\\\/mauritianfoodsonline.com\\\/\",\"logo\":{\"@type\":\"ImageObject\",\"inLanguage\":\"it-IT\",\"@id\":\"https:\\\/\\\/mauritianfoodsonline.com\\\/#\\\/schema\\\/logo\\\/image\\\/\",\"url\":\"https:\\\/\\\/mauritianfoodsonline.com\\\/wp-content\\\/uploads\\\/2024\\\/11\\\/svgviewer-png-output-1.png\",\"contentUrl\":\"https:\\\/\\\/mauritianfoodsonline.com\\\/wp-content\\\/uploads\\\/2024\\\/11\\\/svgviewer-png-output-1.png\",\"width\":106,\"height\":109,\"caption\":\"Mauritian Foods Online\"},\"image\":{\"@id\":\"https:\\\/\\\/mauritianfoodsonline.com\\\/#\\\/schema\\\/logo\\\/image\\\/\"},\"sameAs\":[\"https:\\\/\\\/www.facebook.com\\\/mauritianfoodsonlineuk\\\/\",\"https:\\\/\\\/x.com\\\/mauritian_foods\",\"https:\\\/\\\/www.instagram.com\\\/mauritianfoodsonline\\\/#\"]}]}<\/script>\n<!-- \/ Yoast SEO plugin. -->","yoast_head_json":{"title":"Chi siamo - Mauritian Foods Online | Prodotti alimentari mauriziani autentici","description":"Scopri l'essenza di Mauritius con Mauritian Foods Online. Consegniamo autentici prodotti alimentari, spezie e ingredienti tradizionali mauriziani in tutto il mondo. Acquista ora per un vero assaggio di Mauritius!","robots":{"index":"index","follow":"follow","max-snippet":"max-snippet:-1","max-image-preview":"max-image-preview:large","max-video-preview":"max-video-preview:-1"},"canonical":"https:\/\/mauritianfoodsonline.com\/it\/chi-siamo\/","og_locale":"it_IT","og_type":"article","og_title":"Chi siamo - Mauritian Foods Online | Prodotti alimentari mauriziani autentici","og_description":"Scopri l'essenza di Mauritius con Mauritian Foods Online. Consegniamo autentici prodotti alimentari, spezie e ingredienti tradizionali mauriziani in tutto il mondo. Acquista ora per un vero assaggio di Mauritius!","og_url":"https:\/\/mauritianfoodsonline.com\/it\/chi-siamo\/","og_site_name":"Mauritian Foods Online","article_publisher":"https:\/\/www.facebook.com\/mauritianfoodsonlineuk\/","og_image":[{"width":457,"height":411,"url":"https:\/\/mauritianfoodsonline.com\/wp-content\/uploads\/2022\/07\/abt1.jpg","type":"image\/jpeg"}],"twitter_card":"summary_large_image","twitter_site":"@mauritian_foods","twitter_misc":{"Tempo di lettura stimato":"1 minuto"},"schema":{"@context":"https:\/\/schema.org","@graph":[{"@type":"WebPage","@id":"https:\/\/mauritianfoodsonline.com\/it\/chi-siamo\/","url":"https:\/\/mauritianfoodsonline.com\/it\/chi-siamo\/","name":"Chi siamo - Mauritian Foods Online | Prodotti alimentari mauriziani autentici","isPartOf":{"@id":"https:\/\/mauritianfoodsonline.com\/#website"},"primaryImageOfPage":{"@id":"https:\/\/mauritianfoodsonline.com\/it\/chi-siamo\/#primaryimage"},"image":{"@id":"https:\/\/mauritianfoodsonline.com\/it\/chi-siamo\/#primaryimage"},"thumbnailUrl":"https:\/\/mauritianfoodsonline.com\/wp-content\/uploads\/2022\/07\/abt1.jpg","datePublished":"2022-07-18T19:20:19+00:00","description":"Scopri l'essenza di Mauritius con Mauritian Foods Online. Consegniamo autentici prodotti alimentari, spezie e ingredienti tradizionali mauriziani in tutto il mondo. Acquista ora per un vero assaggio di Mauritius!","breadcrumb":{"@id":"https:\/\/mauritianfoodsonline.com\/it\/chi-siamo\/#breadcrumb"},"inLanguage":"it-IT","potentialAction":[{"@type":"ReadAction","target":["https:\/\/mauritianfoodsonline.com\/it\/chi-siamo\/"]}]},{"@type":"ImageObject","inLanguage":"it-IT","@id":"https:\/\/mauritianfoodsonline.com\/it\/chi-siamo\/#primaryimage","url":"https:\/\/mauritianfoodsonline.com\/wp-content\/uploads\/2022\/07\/abt1.jpg","contentUrl":"https:\/\/mauritianfoodsonline.com\/wp-content\/uploads\/2022\/07\/abt1.jpg","width":457,"height":411},{"@type":"BreadcrumbList","@id":"https:\/\/mauritianfoodsonline.com\/it\/chi-siamo\/#breadcrumb","itemListElement":[{"@type":"ListItem","position":1,"name":"Home","item":"https:\/\/mauritianfoodsonline.com\/it\/"},{"@type":"ListItem","position":2,"name":"Chi siamo"}]},{"@type":"WebSite","@id":"https:\/\/mauritianfoodsonline.com\/#website","url":"https:\/\/mauritianfoodsonline.com\/","name":"Mauritian Foods Online","description":"Online","publisher":{"@id":"https:\/\/mauritianfoodsonline.com\/#organization"},"potentialAction":[{"@type":"SearchAction","target":{"@type":"EntryPoint","urlTemplate":"https:\/\/mauritianfoodsonline.com\/?s={search_term_string}"},"query-input":{"@type":"PropertyValueSpecification","valueRequired":true,"valueName":"search_term_string"}}],"inLanguage":"it-IT"},{"@type":"Organization","@id":"https:\/\/mauritianfoodsonline.com\/#organization","name":"Mauritian Foods Online","url":"https:\/\/mauritianfoodsonline.com\/","logo":{"@type":"ImageObject","inLanguage":"it-IT","@id":"https:\/\/mauritianfoodsonline.com\/#\/schema\/logo\/image\/","url":"https:\/\/mauritianfoodsonline.com\/wp-content\/uploads\/2024\/11\/svgviewer-png-output-1.png","contentUrl":"https:\/\/mauritianfoodsonline.com\/wp-content\/uploads\/2024\/11\/svgviewer-png-output-1.png","width":106,"height":109,"caption":"Mauritian Foods Online"},"image":{"@id":"https:\/\/mauritianfoodsonline.com\/#\/schema\/logo\/image\/"},"sameAs":["https:\/\/www.facebook.com\/mauritianfoodsonlineuk\/","https:\/\/x.com\/mauritian_foods","https:\/\/www.instagram.com\/mauritianfoodsonline\/#"]}]}},"_links":{"self":[{"href":"https:\/\/mauritianfoodsonline.com\/it\/wp-json\/wp\/v2\/pages\/46557","targetHints":{"allow":["GET"]}}],"collection":[{"href":"https:\/\/mauritianfoodsonline.com\/it\/wp-json\/wp\/v2\/pages"}],"about":[{"href":"https:\/\/mauritianfoodsonline.com\/it\/wp-json\/wp\/v2\/types\/page"}],"author":[{"embeddable":true,"href":"https:\/\/mauritianfoodsonline.com\/it\/wp-json\/wp\/v2\/users\/1"}],"replies":[{"embeddable":true,"href":"https:\/\/mauritianfoodsonline.com\/it\/wp-json\/wp\/v2\/comments?post=46557"}],"version-history":[{"count":0,"href":"https:\/\/mauritianfoodsonline.com\/it\/wp-json\/wp\/v2\/pages\/46557\/revisions"}],"wp:featuredmedia":[{"embeddable":true,"href":"https:\/\/mauritianfoodsonline.com\/it\/wp-json\/wp\/v2\/media\/35062"}],"wp:attachment":[{"href":"https:\/\/mauritianfoodsonline.com\/it\/wp-json\/wp\/v2\/media?parent=46557"}],"curies":[{"name":"wp","href":"https:\/\/api.w.org\/{rel}","templated":true}]}}