{"id":45205,"date":"2024-08-09T05:00:23","date_gmt":"2024-08-09T05:00:23","guid":{"rendered":"https:\/\/mauritianfoodsonline.com\/product\/lazzat-dello-steward-sapore-pulao\/"},"modified":"2025-05-13T05:59:07","modified_gmt":"2025-05-13T05:59:07","slug":"lazzat-dello-steward-sapore-pulao","status":"publish","type":"product","link":"https:\/\/mauritianfoodsonline.com\/it\/product\/lazzat-dello-steward-sapore-pulao\/","title":{"rendered":"Steward\u2019s Lazzat \u2013 Pulao Flavour"},"content":{"rendered":"<p>Tutto \u00e8 iniziato dal nulla, grazie a due persone che si sono messe alla prova e hanno iniziato qualcosa da zero. Oggi il loro duro lavoro, la loro dedizione, il loro impegno e la loro lungimiranza hanno dato i loro frutti, dando vita a Lazzat. <\/p>\n<p>Per l&#8217;attivit\u00e0 \u00e8 stata scelta la parola &#8220;Lazzat&#8221; perch\u00e9 significa gusto e, come afferma il motto del proprietario &#8220;Bhai Eusuf&#8221;, qualsiasi cosa tu metta in tavola da mangiare, dovrebbe avere un sapore delizioso!<\/p>\n<p>Queste fantastiche spezie possono essere utilizzate per preparare curry e come condimento per una variet\u00e0 di piatti mauriziani e indiani.<\/p>\n","protected":false},"excerpt":{"rendered":"<p>Tutto \u00e8 iniziato dal nulla, grazie a due persone che si sono messe alla prova e hanno iniziato qualcosa da zero. Oggi il loro duro lavoro, la loro dedizione, il loro impegno e la loro lungimiranza hanno dato i loro frutti, dando vita a Lazzat. <\/p>\n<p>Per l&#8217;attivit\u00e0 \u00e8 stata scelta la parola &#8220;Lazzat&#8221; perch\u00e9 significa gusto e, come afferma il motto del proprietario &#8220;Bhai Eusuf&#8221;, qualsiasi cosa tu metta in tavola da mangiare, dovrebbe avere un sapore delizioso!<\/p>\n<p>Queste fantastiche spezie possono essere utilizzate per preparare curry e come condimento per una variet\u00e0 di piatti mauriziani e indiani.<\/p>\n","protected":false},"featured_media":40468,"comment_status":"open","ping_status":"closed","template":"","meta":{"_acf_changed":false},"special-offers":[],"product_brand":[],"product_cat":[443,305,753],"product_tag":[],"class_list":{"0":"post-45205","1":"product","2":"type-product","3":"status-publish","4":"has-post-thumbnail","6":"product_cat-food-cupboard-3","7":"product_cat-mauritian-2","8":"product_cat-spices-it","9":"brand-lazzat-it","11":"first","12":"instock","13":"purchasable","14":"product-type-simple","15":"add-to-wishlist-before_image"},"acf":[],"yoast_head":"<!-- This site is optimized with the Yoast SEO plugin v27.3 - https:\/\/yoast.com\/product\/yoast-seo-wordpress\/ -->\n<title>Steward\u2019s Lazzat \u2013 Pulao Flavour - Mauritian Foods Online<\/title>\n<meta name=\"robots\" content=\"index, follow, max-snippet:-1, max-image-preview:large, max-video-preview:-1\" \/>\n<link rel=\"canonical\" href=\"https:\/\/mauritianfoodsonline.com\/it\/product\/lazzat-dello-steward-sapore-pulao\/\" \/>\n<meta property=\"og:locale\" content=\"it_IT\" \/>\n<meta property=\"og:type\" content=\"article\" \/>\n<meta property=\"og:title\" content=\"Steward\u2019s Lazzat \u2013 Pulao Flavour - Mauritian Foods Online\" \/>\n<meta property=\"og:description\" content=\"Tutto \u00e8 iniziato dal nulla, grazie a due persone che si sono messe alla prova e hanno iniziato qualcosa da zero. Oggi il loro duro lavoro, la loro dedizione, il loro impegno e la loro lungimiranza hanno dato i loro frutti, dando vita a Lazzat.  Per l&#039;attivit\u00e0 \u00e8 stata scelta la parola &quot;Lazzat&quot; perch\u00e9 significa gusto e, come afferma il motto del proprietario &quot;Bhai Eusuf&quot;, qualsiasi cosa tu metta in tavola da mangiare, dovrebbe avere un sapore delizioso! Queste fantastiche spezie possono essere utilizzate per preparare curry e come condimento per una variet\u00e0 di piatti mauriziani e indiani.\" \/>\n<meta property=\"og:url\" content=\"https:\/\/mauritianfoodsonline.com\/it\/product\/lazzat-dello-steward-sapore-pulao\/\" \/>\n<meta property=\"og:site_name\" content=\"Mauritian Foods Online\" \/>\n<meta property=\"article:publisher\" content=\"https:\/\/www.facebook.com\/mauritianfoodsonlineuk\/\" \/>\n<meta property=\"article:modified_time\" content=\"2025-05-13T05:59:07+00:00\" \/>\n<meta property=\"og:image\" content=\"https:\/\/mauritianfoodsonline.com\/wp-content\/uploads\/2024\/08\/Lazzat-pulao.jpg\" \/>\n\t<meta property=\"og:image:width\" content=\"800\" \/>\n\t<meta property=\"og:image:height\" content=\"800\" \/>\n\t<meta property=\"og:image:type\" content=\"image\/jpeg\" \/>\n<meta name=\"twitter:card\" content=\"summary_large_image\" \/>\n<meta name=\"twitter:site\" content=\"@mauritian_foods\" \/>\n<script type=\"application\/ld+json\" class=\"yoast-schema-graph\">{\"@context\":\"https:\\\/\\\/schema.org\",\"@graph\":[{\"@type\":\"WebPage\",\"@id\":\"https:\\\/\\\/mauritianfoodsonline.com\\\/it\\\/product\\\/lazzat-dello-steward-sapore-pulao\\\/\",\"url\":\"https:\\\/\\\/mauritianfoodsonline.com\\\/it\\\/product\\\/lazzat-dello-steward-sapore-pulao\\\/\",\"name\":\"Steward\u2019s Lazzat \u2013 Pulao Flavour - Mauritian Foods Online\",\"isPartOf\":{\"@id\":\"https:\\\/\\\/mauritianfoodsonline.com\\\/#website\"},\"primaryImageOfPage\":{\"@id\":\"https:\\\/\\\/mauritianfoodsonline.com\\\/it\\\/product\\\/lazzat-dello-steward-sapore-pulao\\\/#primaryimage\"},\"image\":{\"@id\":\"https:\\\/\\\/mauritianfoodsonline.com\\\/it\\\/product\\\/lazzat-dello-steward-sapore-pulao\\\/#primaryimage\"},\"thumbnailUrl\":\"https:\\\/\\\/mauritianfoodsonline.com\\\/wp-content\\\/uploads\\\/2024\\\/08\\\/Lazzat-pulao.jpg\",\"datePublished\":\"2024-08-09T05:00:23+00:00\",\"dateModified\":\"2025-05-13T05:59:07+00:00\",\"breadcrumb\":{\"@id\":\"https:\\\/\\\/mauritianfoodsonline.com\\\/it\\\/product\\\/lazzat-dello-steward-sapore-pulao\\\/#breadcrumb\"},\"inLanguage\":\"it-IT\",\"potentialAction\":[{\"@type\":\"ReadAction\",\"target\":[\"https:\\\/\\\/mauritianfoodsonline.com\\\/it\\\/product\\\/lazzat-dello-steward-sapore-pulao\\\/\"]}]},{\"@type\":\"ImageObject\",\"inLanguage\":\"it-IT\",\"@id\":\"https:\\\/\\\/mauritianfoodsonline.com\\\/it\\\/product\\\/lazzat-dello-steward-sapore-pulao\\\/#primaryimage\",\"url\":\"https:\\\/\\\/mauritianfoodsonline.com\\\/wp-content\\\/uploads\\\/2024\\\/08\\\/Lazzat-pulao.jpg\",\"contentUrl\":\"https:\\\/\\\/mauritianfoodsonline.com\\\/wp-content\\\/uploads\\\/2024\\\/08\\\/Lazzat-pulao.jpg\",\"width\":800,\"height\":800},{\"@type\":\"BreadcrumbList\",\"@id\":\"https:\\\/\\\/mauritianfoodsonline.com\\\/it\\\/product\\\/lazzat-dello-steward-sapore-pulao\\\/#breadcrumb\",\"itemListElement\":[{\"@type\":\"ListItem\",\"position\":1,\"name\":\"Home\",\"item\":\"https:\\\/\\\/mauritianfoodsonline.com\\\/it\\\/\"},{\"@type\":\"ListItem\",\"position\":2,\"name\":\"Negozio\",\"item\":\"https:\\\/\\\/mauritianfoodsonline.com\\\/it\\\/negozio\\\/\"},{\"@type\":\"ListItem\",\"position\":3,\"name\":\"Steward\u2019s Lazzat \u2013 Pulao Flavour\"}]},{\"@type\":\"WebSite\",\"@id\":\"https:\\\/\\\/mauritianfoodsonline.com\\\/#website\",\"url\":\"https:\\\/\\\/mauritianfoodsonline.com\\\/\",\"name\":\"Mauritian Foods Online\",\"description\":\"Online\",\"publisher\":{\"@id\":\"https:\\\/\\\/mauritianfoodsonline.com\\\/#organization\"},\"potentialAction\":[{\"@type\":\"SearchAction\",\"target\":{\"@type\":\"EntryPoint\",\"urlTemplate\":\"https:\\\/\\\/mauritianfoodsonline.com\\\/?s={search_term_string}\"},\"query-input\":{\"@type\":\"PropertyValueSpecification\",\"valueRequired\":true,\"valueName\":\"search_term_string\"}}],\"inLanguage\":\"it-IT\"},{\"@type\":\"Organization\",\"@id\":\"https:\\\/\\\/mauritianfoodsonline.com\\\/#organization\",\"name\":\"Mauritian Foods Online\",\"url\":\"https:\\\/\\\/mauritianfoodsonline.com\\\/\",\"logo\":{\"@type\":\"ImageObject\",\"inLanguage\":\"it-IT\",\"@id\":\"https:\\\/\\\/mauritianfoodsonline.com\\\/#\\\/schema\\\/logo\\\/image\\\/\",\"url\":\"https:\\\/\\\/mauritianfoodsonline.com\\\/wp-content\\\/uploads\\\/2024\\\/11\\\/svgviewer-png-output-1.png\",\"contentUrl\":\"https:\\\/\\\/mauritianfoodsonline.com\\\/wp-content\\\/uploads\\\/2024\\\/11\\\/svgviewer-png-output-1.png\",\"width\":106,\"height\":109,\"caption\":\"Mauritian Foods Online\"},\"image\":{\"@id\":\"https:\\\/\\\/mauritianfoodsonline.com\\\/#\\\/schema\\\/logo\\\/image\\\/\"},\"sameAs\":[\"https:\\\/\\\/www.facebook.com\\\/mauritianfoodsonlineuk\\\/\",\"https:\\\/\\\/x.com\\\/mauritian_foods\",\"https:\\\/\\\/www.instagram.com\\\/mauritianfoodsonline\\\/#\"]}]}<\/script>\n<!-- \/ Yoast SEO plugin. -->","yoast_head_json":{"title":"Steward\u2019s Lazzat \u2013 Pulao Flavour - Mauritian Foods Online","robots":{"index":"index","follow":"follow","max-snippet":"max-snippet:-1","max-image-preview":"max-image-preview:large","max-video-preview":"max-video-preview:-1"},"canonical":"https:\/\/mauritianfoodsonline.com\/it\/product\/lazzat-dello-steward-sapore-pulao\/","og_locale":"it_IT","og_type":"article","og_title":"Steward\u2019s Lazzat \u2013 Pulao Flavour - Mauritian Foods Online","og_description":"Tutto \u00e8 iniziato dal nulla, grazie a due persone che si sono messe alla prova e hanno iniziato qualcosa da zero. Oggi il loro duro lavoro, la loro dedizione, il loro impegno e la loro lungimiranza hanno dato i loro frutti, dando vita a Lazzat.  Per l'attivit\u00e0 \u00e8 stata scelta la parola \"Lazzat\" perch\u00e9 significa gusto e, come afferma il motto del proprietario \"Bhai Eusuf\", qualsiasi cosa tu metta in tavola da mangiare, dovrebbe avere un sapore delizioso! Queste fantastiche spezie possono essere utilizzate per preparare curry e come condimento per una variet\u00e0 di piatti mauriziani e indiani.","og_url":"https:\/\/mauritianfoodsonline.com\/it\/product\/lazzat-dello-steward-sapore-pulao\/","og_site_name":"Mauritian Foods Online","article_publisher":"https:\/\/www.facebook.com\/mauritianfoodsonlineuk\/","article_modified_time":"2025-05-13T05:59:07+00:00","og_image":[{"width":800,"height":800,"url":"https:\/\/mauritianfoodsonline.com\/wp-content\/uploads\/2024\/08\/Lazzat-pulao.jpg","type":"image\/jpeg"}],"twitter_card":"summary_large_image","twitter_site":"@mauritian_foods","schema":{"@context":"https:\/\/schema.org","@graph":[{"@type":"WebPage","@id":"https:\/\/mauritianfoodsonline.com\/it\/product\/lazzat-dello-steward-sapore-pulao\/","url":"https:\/\/mauritianfoodsonline.com\/it\/product\/lazzat-dello-steward-sapore-pulao\/","name":"Steward\u2019s Lazzat \u2013 Pulao Flavour - Mauritian Foods Online","isPartOf":{"@id":"https:\/\/mauritianfoodsonline.com\/#website"},"primaryImageOfPage":{"@id":"https:\/\/mauritianfoodsonline.com\/it\/product\/lazzat-dello-steward-sapore-pulao\/#primaryimage"},"image":{"@id":"https:\/\/mauritianfoodsonline.com\/it\/product\/lazzat-dello-steward-sapore-pulao\/#primaryimage"},"thumbnailUrl":"https:\/\/mauritianfoodsonline.com\/wp-content\/uploads\/2024\/08\/Lazzat-pulao.jpg","datePublished":"2024-08-09T05:00:23+00:00","dateModified":"2025-05-13T05:59:07+00:00","breadcrumb":{"@id":"https:\/\/mauritianfoodsonline.com\/it\/product\/lazzat-dello-steward-sapore-pulao\/#breadcrumb"},"inLanguage":"it-IT","potentialAction":[{"@type":"ReadAction","target":["https:\/\/mauritianfoodsonline.com\/it\/product\/lazzat-dello-steward-sapore-pulao\/"]}]},{"@type":"ImageObject","inLanguage":"it-IT","@id":"https:\/\/mauritianfoodsonline.com\/it\/product\/lazzat-dello-steward-sapore-pulao\/#primaryimage","url":"https:\/\/mauritianfoodsonline.com\/wp-content\/uploads\/2024\/08\/Lazzat-pulao.jpg","contentUrl":"https:\/\/mauritianfoodsonline.com\/wp-content\/uploads\/2024\/08\/Lazzat-pulao.jpg","width":800,"height":800},{"@type":"BreadcrumbList","@id":"https:\/\/mauritianfoodsonline.com\/it\/product\/lazzat-dello-steward-sapore-pulao\/#breadcrumb","itemListElement":[{"@type":"ListItem","position":1,"name":"Home","item":"https:\/\/mauritianfoodsonline.com\/it\/"},{"@type":"ListItem","position":2,"name":"Negozio","item":"https:\/\/mauritianfoodsonline.com\/it\/negozio\/"},{"@type":"ListItem","position":3,"name":"Steward\u2019s Lazzat \u2013 Pulao Flavour"}]},{"@type":"WebSite","@id":"https:\/\/mauritianfoodsonline.com\/#website","url":"https:\/\/mauritianfoodsonline.com\/","name":"Mauritian Foods Online","description":"Online","publisher":{"@id":"https:\/\/mauritianfoodsonline.com\/#organization"},"potentialAction":[{"@type":"SearchAction","target":{"@type":"EntryPoint","urlTemplate":"https:\/\/mauritianfoodsonline.com\/?s={search_term_string}"},"query-input":{"@type":"PropertyValueSpecification","valueRequired":true,"valueName":"search_term_string"}}],"inLanguage":"it-IT"},{"@type":"Organization","@id":"https:\/\/mauritianfoodsonline.com\/#organization","name":"Mauritian Foods Online","url":"https:\/\/mauritianfoodsonline.com\/","logo":{"@type":"ImageObject","inLanguage":"it-IT","@id":"https:\/\/mauritianfoodsonline.com\/#\/schema\/logo\/image\/","url":"https:\/\/mauritianfoodsonline.com\/wp-content\/uploads\/2024\/11\/svgviewer-png-output-1.png","contentUrl":"https:\/\/mauritianfoodsonline.com\/wp-content\/uploads\/2024\/11\/svgviewer-png-output-1.png","width":106,"height":109,"caption":"Mauritian Foods Online"},"image":{"@id":"https:\/\/mauritianfoodsonline.com\/#\/schema\/logo\/image\/"},"sameAs":["https:\/\/www.facebook.com\/mauritianfoodsonlineuk\/","https:\/\/x.com\/mauritian_foods","https:\/\/www.instagram.com\/mauritianfoodsonline\/#"]}]}},"_links":{"self":[{"href":"https:\/\/mauritianfoodsonline.com\/it\/wp-json\/wp\/v2\/product\/45205","targetHints":{"allow":["GET"]}}],"collection":[{"href":"https:\/\/mauritianfoodsonline.com\/it\/wp-json\/wp\/v2\/product"}],"about":[{"href":"https:\/\/mauritianfoodsonline.com\/it\/wp-json\/wp\/v2\/types\/product"}],"replies":[{"embeddable":true,"href":"https:\/\/mauritianfoodsonline.com\/it\/wp-json\/wp\/v2\/comments?post=45205"}],"wp:featuredmedia":[{"embeddable":true,"href":"https:\/\/mauritianfoodsonline.com\/it\/wp-json\/wp\/v2\/media\/40468"}],"wp:attachment":[{"href":"https:\/\/mauritianfoodsonline.com\/it\/wp-json\/wp\/v2\/media?parent=45205"}],"wp:term":[{"taxonomy":"special-offers","embeddable":true,"href":"https:\/\/mauritianfoodsonline.com\/it\/wp-json\/wp\/v2\/special-offers?post=45205"},{"taxonomy":"product_brand","embeddable":true,"href":"https:\/\/mauritianfoodsonline.com\/it\/wp-json\/wp\/v2\/product_brand?post=45205"},{"taxonomy":"product_cat","embeddable":true,"href":"https:\/\/mauritianfoodsonline.com\/it\/wp-json\/wp\/v2\/product_cat?post=45205"},{"taxonomy":"product_tag","embeddable":true,"href":"https:\/\/mauritianfoodsonline.com\/it\/wp-json\/wp\/v2\/product_tag?post=45205"}],"curies":[{"name":"wp","href":"https:\/\/api.w.org\/{rel}","templated":true}]}}