{"id":45214,"date":"2024-08-09T05:00:49","date_gmt":"2024-08-09T05:00:49","guid":{"rendered":"https:\/\/mauritianfoodsonline.com\/product\/tukmaria-semi-di-basilico\/"},"modified":"2025-05-13T05:59:15","modified_gmt":"2025-05-13T05:59:15","slug":"tukmaria-semi-di-basilico","status":"publish","type":"product","link":"https:\/\/mauritianfoodsonline.com\/it\/product\/tukmaria-semi-di-basilico\/","title":{"rendered":"Tukmaria | Basil Seeds"},"content":{"rendered":"<p>I semi di basilico sono anche conosciuti come Tukmaria e Sabja.<\/p>\n<p>Alcuni dei vantaggi di questo prodotto includono:<\/p>\n<p>1. Aiuta la digestione. I semi di basilico sono comunemente usati per alleviare il mal di stomaco. Grazie ai suoi effetti carminativi, \u00e8 efficace nel trattamento di disturbi digestivi come crampi allo stomaco, flatulenza, stitichezza, irregolarit\u00e0 intestinali e indigestione. <\/p>\n<p>2. Cura il raffreddore &#8211; Un altro beneficio dei semi di basilico \u00e8 che alleviano anche influenza, febbre e raffreddore. Avendo effetti antispasmodici, pu\u00f2 aiutare a trattare la pertosse. Infatti, il tulsi \u00e8 l&#8217;ingrediente principale di molti espettoranti e sciroppi per la tosse.  <\/p>\n<p>3. Cura i disturbi respiratori: l&#8217;erba \u00e8 utile nella cura delle malattie respiratorie, secondo studi recenti. Una miscela di erba, zenzero e miele \u00e8 un rimedio efficace contro asma, tosse, raffreddore, influenza e bronchite. Basta farla bollire in un bicchiere d&#8217;acqua e consumarla.  <\/p>\n<p>4. Antistress &#8211; Il consumo di semi di basilico ha un effetto positivo sull&#8217;umore ed \u00e8 quindi utile per alleviare stanchezza mentale, tensione nervosa, malinconia, depressione ed emicrania. Grazie al suo effetto calmante, \u00e8 comunemente usato in aromaterapia, donando chiarezza e forza mentale. <\/p>\n<p>5. Ottimo per le infezioni della pelle: i semi di basilico vengono schiacciati e trasformati in olio, utile per curare infezioni come ferite, tagli, infezioni della vescica, infezioni della pelle e cos\u00ec via.<\/p>\n<p>&nbsp;<\/p>\n","protected":false},"excerpt":{"rendered":"<p>I semi di basilico sono anche conosciuti come Tukmaria e Sabja e hanno molti benefici.<\/p>\n","protected":false},"featured_media":36100,"comment_status":"open","ping_status":"closed","template":"","meta":{"_acf_changed":false},"special-offers":[],"product_brand":[],"product_cat":[717,443,305,775,753],"product_tag":[],"class_list":{"0":"post-45214","1":"product","2":"type-product","3":"status-publish","4":"has-post-thumbnail","6":"product_cat-dry-fruits-nuts-seeds-it","7":"product_cat-food-cupboard-3","8":"product_cat-mauritian-2","9":"product_cat-special-offers-it","10":"product_cat-spices-it","12":"first","13":"instock","14":"purchasable","15":"product-type-simple","16":"add-to-wishlist-before_image"},"acf":[],"yoast_head":"<!-- This site is optimized with the Yoast SEO plugin v27.4 - https:\/\/yoast.com\/product\/yoast-seo-wordpress\/ -->\n<title>Tukmaria | Basil Seeds - Mauritian Foods Online<\/title>\n<meta name=\"robots\" content=\"index, follow, max-snippet:-1, max-image-preview:large, max-video-preview:-1\" \/>\n<link rel=\"canonical\" href=\"https:\/\/mauritianfoodsonline.com\/it\/product\/tukmaria-semi-di-basilico\/\" \/>\n<meta property=\"og:locale\" content=\"it_IT\" \/>\n<meta property=\"og:type\" content=\"article\" \/>\n<meta property=\"og:title\" content=\"Tukmaria | Basil Seeds - Mauritian Foods Online\" \/>\n<meta property=\"og:description\" content=\"I semi di basilico sono anche conosciuti come Tukmaria e Sabja e hanno molti benefici.\" \/>\n<meta property=\"og:url\" content=\"https:\/\/mauritianfoodsonline.com\/it\/product\/tukmaria-semi-di-basilico\/\" \/>\n<meta property=\"og:site_name\" content=\"Mauritian Foods Online\" \/>\n<meta property=\"article:publisher\" content=\"https:\/\/www.facebook.com\/mauritianfoodsonlineuk\/\" \/>\n<meta property=\"article:modified_time\" content=\"2025-05-13T05:59:15+00:00\" \/>\n<meta property=\"og:image\" content=\"https:\/\/mauritianfoodsonline.com\/wp-content\/uploads\/2024\/08\/RTZ_4290b.jpg\" \/>\n\t<meta property=\"og:image:width\" content=\"800\" \/>\n\t<meta property=\"og:image:height\" content=\"800\" \/>\n\t<meta property=\"og:image:type\" content=\"image\/jpeg\" \/>\n<meta name=\"twitter:card\" content=\"summary_large_image\" \/>\n<meta name=\"twitter:site\" content=\"@mauritian_foods\" \/>\n<meta name=\"twitter:label1\" content=\"Tempo di lettura stimato\" \/>\n\t<meta name=\"twitter:data1\" content=\"1 minuto\" \/>\n<script type=\"application\/ld+json\" class=\"yoast-schema-graph\">{\"@context\":\"https:\\\/\\\/schema.org\",\"@graph\":[{\"@type\":\"WebPage\",\"@id\":\"https:\\\/\\\/mauritianfoodsonline.com\\\/it\\\/product\\\/tukmaria-semi-di-basilico\\\/\",\"url\":\"https:\\\/\\\/mauritianfoodsonline.com\\\/it\\\/product\\\/tukmaria-semi-di-basilico\\\/\",\"name\":\"Tukmaria | Basil Seeds - Mauritian Foods Online\",\"isPartOf\":{\"@id\":\"https:\\\/\\\/mauritianfoodsonline.com\\\/#website\"},\"primaryImageOfPage\":{\"@id\":\"https:\\\/\\\/mauritianfoodsonline.com\\\/it\\\/product\\\/tukmaria-semi-di-basilico\\\/#primaryimage\"},\"image\":{\"@id\":\"https:\\\/\\\/mauritianfoodsonline.com\\\/it\\\/product\\\/tukmaria-semi-di-basilico\\\/#primaryimage\"},\"thumbnailUrl\":\"https:\\\/\\\/mauritianfoodsonline.com\\\/wp-content\\\/uploads\\\/2024\\\/08\\\/RTZ_4290b.jpg\",\"datePublished\":\"2024-08-09T05:00:49+00:00\",\"dateModified\":\"2025-05-13T05:59:15+00:00\",\"breadcrumb\":{\"@id\":\"https:\\\/\\\/mauritianfoodsonline.com\\\/it\\\/product\\\/tukmaria-semi-di-basilico\\\/#breadcrumb\"},\"inLanguage\":\"it-IT\",\"potentialAction\":[{\"@type\":\"ReadAction\",\"target\":[\"https:\\\/\\\/mauritianfoodsonline.com\\\/it\\\/product\\\/tukmaria-semi-di-basilico\\\/\"]}]},{\"@type\":\"ImageObject\",\"inLanguage\":\"it-IT\",\"@id\":\"https:\\\/\\\/mauritianfoodsonline.com\\\/it\\\/product\\\/tukmaria-semi-di-basilico\\\/#primaryimage\",\"url\":\"https:\\\/\\\/mauritianfoodsonline.com\\\/wp-content\\\/uploads\\\/2024\\\/08\\\/RTZ_4290b.jpg\",\"contentUrl\":\"https:\\\/\\\/mauritianfoodsonline.com\\\/wp-content\\\/uploads\\\/2024\\\/08\\\/RTZ_4290b.jpg\",\"width\":800,\"height\":800},{\"@type\":\"BreadcrumbList\",\"@id\":\"https:\\\/\\\/mauritianfoodsonline.com\\\/it\\\/product\\\/tukmaria-semi-di-basilico\\\/#breadcrumb\",\"itemListElement\":[{\"@type\":\"ListItem\",\"position\":1,\"name\":\"Home\",\"item\":\"https:\\\/\\\/mauritianfoodsonline.com\\\/it\\\/\"},{\"@type\":\"ListItem\",\"position\":2,\"name\":\"Negozio\",\"item\":\"https:\\\/\\\/mauritianfoodsonline.com\\\/it\\\/negozio\\\/\"},{\"@type\":\"ListItem\",\"position\":3,\"name\":\"Tukmaria | Basil Seeds\"}]},{\"@type\":\"WebSite\",\"@id\":\"https:\\\/\\\/mauritianfoodsonline.com\\\/#website\",\"url\":\"https:\\\/\\\/mauritianfoodsonline.com\\\/\",\"name\":\"Mauritian Foods Online\",\"description\":\"Online\",\"publisher\":{\"@id\":\"https:\\\/\\\/mauritianfoodsonline.com\\\/#organization\"},\"potentialAction\":[{\"@type\":\"SearchAction\",\"target\":{\"@type\":\"EntryPoint\",\"urlTemplate\":\"https:\\\/\\\/mauritianfoodsonline.com\\\/?s={search_term_string}\"},\"query-input\":{\"@type\":\"PropertyValueSpecification\",\"valueRequired\":true,\"valueName\":\"search_term_string\"}}],\"inLanguage\":\"it-IT\"},{\"@type\":\"Organization\",\"@id\":\"https:\\\/\\\/mauritianfoodsonline.com\\\/#organization\",\"name\":\"Mauritian Foods Online\",\"url\":\"https:\\\/\\\/mauritianfoodsonline.com\\\/\",\"logo\":{\"@type\":\"ImageObject\",\"inLanguage\":\"it-IT\",\"@id\":\"https:\\\/\\\/mauritianfoodsonline.com\\\/#\\\/schema\\\/logo\\\/image\\\/\",\"url\":\"https:\\\/\\\/mauritianfoodsonline.com\\\/wp-content\\\/uploads\\\/2024\\\/11\\\/svgviewer-png-output-1.png\",\"contentUrl\":\"https:\\\/\\\/mauritianfoodsonline.com\\\/wp-content\\\/uploads\\\/2024\\\/11\\\/svgviewer-png-output-1.png\",\"width\":106,\"height\":109,\"caption\":\"Mauritian Foods Online\"},\"image\":{\"@id\":\"https:\\\/\\\/mauritianfoodsonline.com\\\/#\\\/schema\\\/logo\\\/image\\\/\"},\"sameAs\":[\"https:\\\/\\\/www.facebook.com\\\/mauritianfoodsonlineuk\\\/\",\"https:\\\/\\\/x.com\\\/mauritian_foods\",\"https:\\\/\\\/www.instagram.com\\\/mauritianfoodsonline\\\/#\"]}]}<\/script>\n<!-- \/ Yoast SEO plugin. -->","yoast_head_json":{"title":"Tukmaria | Basil Seeds - Mauritian Foods Online","robots":{"index":"index","follow":"follow","max-snippet":"max-snippet:-1","max-image-preview":"max-image-preview:large","max-video-preview":"max-video-preview:-1"},"canonical":"https:\/\/mauritianfoodsonline.com\/it\/product\/tukmaria-semi-di-basilico\/","og_locale":"it_IT","og_type":"article","og_title":"Tukmaria | Basil Seeds - Mauritian Foods Online","og_description":"I semi di basilico sono anche conosciuti come Tukmaria e Sabja e hanno molti benefici.","og_url":"https:\/\/mauritianfoodsonline.com\/it\/product\/tukmaria-semi-di-basilico\/","og_site_name":"Mauritian Foods Online","article_publisher":"https:\/\/www.facebook.com\/mauritianfoodsonlineuk\/","article_modified_time":"2025-05-13T05:59:15+00:00","og_image":[{"width":800,"height":800,"url":"https:\/\/mauritianfoodsonline.com\/wp-content\/uploads\/2024\/08\/RTZ_4290b.jpg","type":"image\/jpeg"}],"twitter_card":"summary_large_image","twitter_site":"@mauritian_foods","twitter_misc":{"Tempo di lettura stimato":"1 minuto"},"schema":{"@context":"https:\/\/schema.org","@graph":[{"@type":"WebPage","@id":"https:\/\/mauritianfoodsonline.com\/it\/product\/tukmaria-semi-di-basilico\/","url":"https:\/\/mauritianfoodsonline.com\/it\/product\/tukmaria-semi-di-basilico\/","name":"Tukmaria | Basil Seeds - Mauritian Foods Online","isPartOf":{"@id":"https:\/\/mauritianfoodsonline.com\/#website"},"primaryImageOfPage":{"@id":"https:\/\/mauritianfoodsonline.com\/it\/product\/tukmaria-semi-di-basilico\/#primaryimage"},"image":{"@id":"https:\/\/mauritianfoodsonline.com\/it\/product\/tukmaria-semi-di-basilico\/#primaryimage"},"thumbnailUrl":"https:\/\/mauritianfoodsonline.com\/wp-content\/uploads\/2024\/08\/RTZ_4290b.jpg","datePublished":"2024-08-09T05:00:49+00:00","dateModified":"2025-05-13T05:59:15+00:00","breadcrumb":{"@id":"https:\/\/mauritianfoodsonline.com\/it\/product\/tukmaria-semi-di-basilico\/#breadcrumb"},"inLanguage":"it-IT","potentialAction":[{"@type":"ReadAction","target":["https:\/\/mauritianfoodsonline.com\/it\/product\/tukmaria-semi-di-basilico\/"]}]},{"@type":"ImageObject","inLanguage":"it-IT","@id":"https:\/\/mauritianfoodsonline.com\/it\/product\/tukmaria-semi-di-basilico\/#primaryimage","url":"https:\/\/mauritianfoodsonline.com\/wp-content\/uploads\/2024\/08\/RTZ_4290b.jpg","contentUrl":"https:\/\/mauritianfoodsonline.com\/wp-content\/uploads\/2024\/08\/RTZ_4290b.jpg","width":800,"height":800},{"@type":"BreadcrumbList","@id":"https:\/\/mauritianfoodsonline.com\/it\/product\/tukmaria-semi-di-basilico\/#breadcrumb","itemListElement":[{"@type":"ListItem","position":1,"name":"Home","item":"https:\/\/mauritianfoodsonline.com\/it\/"},{"@type":"ListItem","position":2,"name":"Negozio","item":"https:\/\/mauritianfoodsonline.com\/it\/negozio\/"},{"@type":"ListItem","position":3,"name":"Tukmaria | Basil Seeds"}]},{"@type":"WebSite","@id":"https:\/\/mauritianfoodsonline.com\/#website","url":"https:\/\/mauritianfoodsonline.com\/","name":"Mauritian Foods Online","description":"Online","publisher":{"@id":"https:\/\/mauritianfoodsonline.com\/#organization"},"potentialAction":[{"@type":"SearchAction","target":{"@type":"EntryPoint","urlTemplate":"https:\/\/mauritianfoodsonline.com\/?s={search_term_string}"},"query-input":{"@type":"PropertyValueSpecification","valueRequired":true,"valueName":"search_term_string"}}],"inLanguage":"it-IT"},{"@type":"Organization","@id":"https:\/\/mauritianfoodsonline.com\/#organization","name":"Mauritian Foods Online","url":"https:\/\/mauritianfoodsonline.com\/","logo":{"@type":"ImageObject","inLanguage":"it-IT","@id":"https:\/\/mauritianfoodsonline.com\/#\/schema\/logo\/image\/","url":"https:\/\/mauritianfoodsonline.com\/wp-content\/uploads\/2024\/11\/svgviewer-png-output-1.png","contentUrl":"https:\/\/mauritianfoodsonline.com\/wp-content\/uploads\/2024\/11\/svgviewer-png-output-1.png","width":106,"height":109,"caption":"Mauritian Foods Online"},"image":{"@id":"https:\/\/mauritianfoodsonline.com\/#\/schema\/logo\/image\/"},"sameAs":["https:\/\/www.facebook.com\/mauritianfoodsonlineuk\/","https:\/\/x.com\/mauritian_foods","https:\/\/www.instagram.com\/mauritianfoodsonline\/#"]}]}},"_links":{"self":[{"href":"https:\/\/mauritianfoodsonline.com\/it\/wp-json\/wp\/v2\/product\/45214","targetHints":{"allow":["GET"]}}],"collection":[{"href":"https:\/\/mauritianfoodsonline.com\/it\/wp-json\/wp\/v2\/product"}],"about":[{"href":"https:\/\/mauritianfoodsonline.com\/it\/wp-json\/wp\/v2\/types\/product"}],"replies":[{"embeddable":true,"href":"https:\/\/mauritianfoodsonline.com\/it\/wp-json\/wp\/v2\/comments?post=45214"}],"wp:featuredmedia":[{"embeddable":true,"href":"https:\/\/mauritianfoodsonline.com\/it\/wp-json\/wp\/v2\/media\/36100"}],"wp:attachment":[{"href":"https:\/\/mauritianfoodsonline.com\/it\/wp-json\/wp\/v2\/media?parent=45214"}],"wp:term":[{"taxonomy":"special-offers","embeddable":true,"href":"https:\/\/mauritianfoodsonline.com\/it\/wp-json\/wp\/v2\/special-offers?post=45214"},{"taxonomy":"product_brand","embeddable":true,"href":"https:\/\/mauritianfoodsonline.com\/it\/wp-json\/wp\/v2\/product_brand?post=45214"},{"taxonomy":"product_cat","embeddable":true,"href":"https:\/\/mauritianfoodsonline.com\/it\/wp-json\/wp\/v2\/product_cat?post=45214"},{"taxonomy":"product_tag","embeddable":true,"href":"https:\/\/mauritianfoodsonline.com\/it\/wp-json\/wp\/v2\/product_tag?post=45214"}],"curies":[{"name":"wp","href":"https:\/\/api.w.org\/{rel}","templated":true}]}}