{"id":46197,"date":"2024-11-07T19:42:57","date_gmt":"2024-11-07T19:42:57","guid":{"rendered":"https:\/\/mauritianfoodsonline.com\/product\/cipolla-piccola\/"},"modified":"2025-05-13T04:49:59","modified_gmt":"2025-05-13T04:49:59","slug":"cipolla-piccola","status":"publish","type":"product","link":"https:\/\/mauritianfoodsonline.com\/it\/product\/cipolla-piccola\/","title":{"rendered":"Small Onion"},"content":{"rendered":"<p>Le cipolline, note anche come &#8220;cipolle perlate&#8221; o &#8220;cipolle piccole&#8221;, sono una variet\u00e0 pi\u00f9 piccola di cipolla (Allium cepa). Si ritiene che siano originarie della regione mediterranea, che comprende parti di Europa, Nord Africa e Asia occidentale. <\/p>\n<p>Le cipolle in generale vantano una lunga storia di coltivazione, con prove che suggeriscono che siano state uno dei primi ortaggi coltivati dall&#8217;uomo, risalenti ad antiche civilt\u00e0 come Egizi, Greci e Romani. Le cipolle novelle in particolare, grazie alle loro dimensioni e al loro sapore dolce, sono state probabilmente sviluppate nel tempo attraverso selezioni genetiche per il loro sapore delicato e le dimensioni compatte. <\/p>\n<p>Sebbene le cipolle siano ormai coltivate in tutto il mondo, l&#8217;origine esatta delle variet\u00e0 pi\u00f9 piccole, come i cipollotti, \u00e8 pi\u00f9 difficile da individuare. Tuttavia, sono comunemente associate alla cucina europea e mediterranea, dove vengono spesso utilizzate per sottaceti, stufati e guarnizioni. <\/p>\n","protected":false},"excerpt":{"rendered":"<p>Paese di origine <strong>: Europa, Nord Africa e Asia occidentale<\/strong><\/p>\n<p> <strong>Circa<\/strong> <strong>500 g per confezione<\/strong><\/p>\n","protected":false},"featured_media":41422,"comment_status":"open","ping_status":"closed","template":"","meta":{"_acf_changed":false},"special-offers":[],"product_brand":[],"product_cat":[17],"product_tag":[337],"class_list":{"0":"post-46197","1":"product","2":"type-product","3":"status-publish","4":"has-post-thumbnail","6":"product_cat-food-cupboard","7":"product_tag-curry-leaves-3","9":"first","10":"instock","11":"taxable","12":"shipping-taxable","13":"purchasable","14":"product-type-simple","15":"add-to-wishlist-before_image"},"acf":[],"yoast_head":"<!-- This site is optimized with the Yoast SEO plugin v27.4 - https:\/\/yoast.com\/product\/yoast-seo-wordpress\/ -->\n<title>Small Onion - Mauritian Foods Online<\/title>\n<meta name=\"description\" content=\"Le cipolline, note anche come &quot;cipolline perlate&quot; o &quot;cipolline piccole&quot;, sono una variet\u00e0 pi\u00f9 piccola di cipolla (Allium cepa). Si ritiene che siano originarie della regione mediterranea, che comprende parti di Europa, Nord Africa e Asia occidentale. Le cipolle in generale hanno una lunga storia di coltivazione, con prove che suggeriscono che siano state uno dei primi ortaggi coltivati dall&#039;uomo, risalenti ad antiche civilt\u00e0 come Egizi, Greci e Romani. Le cipolline in particolare, per via delle loro dimensioni e del loro sapore dolce, si sono probabilmente sviluppate nel tempo attraverso l&#039;allevamento selettivo per il loro sapore delicato e le dimensioni pratiche. Sebbene le cipolle siano ora coltivate a livello globale, l&#039;origine esatta delle variet\u00e0 pi\u00f9 piccole come le cipolline \u00e8 pi\u00f9 difficile da individuare. Tuttavia, sono comunemente associate alla cucina europea e mediterranea, dove vengono spesso utilizzate per sottaceti, stufati e guarnizioni.\" \/>\n<meta name=\"robots\" content=\"index, follow, max-snippet:-1, max-image-preview:large, max-video-preview:-1\" \/>\n<link rel=\"canonical\" href=\"https:\/\/mauritianfoodsonline.com\/it\/product\/cipolla-piccola\/\" \/>\n<meta property=\"og:locale\" content=\"it_IT\" \/>\n<meta property=\"og:type\" content=\"article\" \/>\n<meta property=\"og:title\" content=\"Small Onion - Mauritian Foods Online\" \/>\n<meta property=\"og:description\" content=\"Le cipolline, note anche come &quot;cipolline perlate&quot; o &quot;cipolline piccole&quot;, sono una variet\u00e0 pi\u00f9 piccola di cipolla (Allium cepa). Si ritiene che siano originarie della regione mediterranea, che comprende parti di Europa, Nord Africa e Asia occidentale. Le cipolle in generale hanno una lunga storia di coltivazione, con prove che suggeriscono che siano state uno dei primi ortaggi coltivati dall&#039;uomo, risalenti ad antiche civilt\u00e0 come Egizi, Greci e Romani. Le cipolline in particolare, per via delle loro dimensioni e del loro sapore dolce, si sono probabilmente sviluppate nel tempo attraverso l&#039;allevamento selettivo per il loro sapore delicato e le dimensioni pratiche. Sebbene le cipolle siano ora coltivate a livello globale, l&#039;origine esatta delle variet\u00e0 pi\u00f9 piccole come le cipolline \u00e8 pi\u00f9 difficile da individuare. Tuttavia, sono comunemente associate alla cucina europea e mediterranea, dove vengono spesso utilizzate per sottaceti, stufati e guarnizioni.\" \/>\n<meta property=\"og:url\" content=\"https:\/\/mauritianfoodsonline.com\/it\/product\/cipolla-piccola\/\" \/>\n<meta property=\"og:site_name\" content=\"Mauritian Foods Online\" \/>\n<meta property=\"article:publisher\" content=\"https:\/\/www.facebook.com\/mauritianfoodsonlineuk\/\" \/>\n<meta property=\"article:modified_time\" content=\"2025-05-13T04:49:59+00:00\" \/>\n<meta property=\"og:image\" content=\"https:\/\/mauritianfoodsonline.com\/wp-content\/uploads\/2024\/11\/shallots-1-1_11zon.jpg\" \/>\n\t<meta property=\"og:image:width\" content=\"1500\" \/>\n\t<meta property=\"og:image:height\" content=\"2250\" \/>\n\t<meta property=\"og:image:type\" content=\"image\/jpeg\" \/>\n<meta name=\"twitter:card\" content=\"summary_large_image\" \/>\n<meta name=\"twitter:site\" content=\"@mauritian_foods\" \/>\n<meta name=\"twitter:label1\" content=\"Tempo di lettura stimato\" \/>\n\t<meta name=\"twitter:data1\" content=\"1 minuto\" \/>\n<script type=\"application\/ld+json\" class=\"yoast-schema-graph\">{\"@context\":\"https:\\\/\\\/schema.org\",\"@graph\":[{\"@type\":\"WebPage\",\"@id\":\"https:\\\/\\\/mauritianfoodsonline.com\\\/it\\\/product\\\/cipolla-piccola\\\/\",\"url\":\"https:\\\/\\\/mauritianfoodsonline.com\\\/it\\\/product\\\/cipolla-piccola\\\/\",\"name\":\"Small Onion - Mauritian Foods Online\",\"isPartOf\":{\"@id\":\"https:\\\/\\\/mauritianfoodsonline.com\\\/#website\"},\"primaryImageOfPage\":{\"@id\":\"https:\\\/\\\/mauritianfoodsonline.com\\\/it\\\/product\\\/cipolla-piccola\\\/#primaryimage\"},\"image\":{\"@id\":\"https:\\\/\\\/mauritianfoodsonline.com\\\/it\\\/product\\\/cipolla-piccola\\\/#primaryimage\"},\"thumbnailUrl\":\"https:\\\/\\\/mauritianfoodsonline.com\\\/wp-content\\\/uploads\\\/2024\\\/11\\\/shallots-1-1_11zon.jpg\",\"datePublished\":\"2024-11-07T19:42:57+00:00\",\"dateModified\":\"2025-05-13T04:49:59+00:00\",\"description\":\"Le cipolline, note anche come \\\"cipolline perlate\\\" o \\\"cipolline piccole\\\", sono una variet\u00e0 pi\u00f9 piccola di cipolla (Allium cepa). Si ritiene che siano originarie della regione mediterranea, che comprende parti di Europa, Nord Africa e Asia occidentale. Le cipolle in generale hanno una lunga storia di coltivazione, con prove che suggeriscono che siano state uno dei primi ortaggi coltivati dall'uomo, risalenti ad antiche civilt\u00e0 come Egizi, Greci e Romani. Le cipolline in particolare, per via delle loro dimensioni e del loro sapore dolce, si sono probabilmente sviluppate nel tempo attraverso l'allevamento selettivo per il loro sapore delicato e le dimensioni pratiche. Sebbene le cipolle siano ora coltivate a livello globale, l'origine esatta delle variet\u00e0 pi\u00f9 piccole come le cipolline \u00e8 pi\u00f9 difficile da individuare. Tuttavia, sono comunemente associate alla cucina europea e mediterranea, dove vengono spesso utilizzate per sottaceti, stufati e guarnizioni.\",\"breadcrumb\":{\"@id\":\"https:\\\/\\\/mauritianfoodsonline.com\\\/it\\\/product\\\/cipolla-piccola\\\/#breadcrumb\"},\"inLanguage\":\"it-IT\",\"potentialAction\":[{\"@type\":\"ReadAction\",\"target\":[\"https:\\\/\\\/mauritianfoodsonline.com\\\/it\\\/product\\\/cipolla-piccola\\\/\"]}]},{\"@type\":\"ImageObject\",\"inLanguage\":\"it-IT\",\"@id\":\"https:\\\/\\\/mauritianfoodsonline.com\\\/it\\\/product\\\/cipolla-piccola\\\/#primaryimage\",\"url\":\"https:\\\/\\\/mauritianfoodsonline.com\\\/wp-content\\\/uploads\\\/2024\\\/11\\\/shallots-1-1_11zon.jpg\",\"contentUrl\":\"https:\\\/\\\/mauritianfoodsonline.com\\\/wp-content\\\/uploads\\\/2024\\\/11\\\/shallots-1-1_11zon.jpg\",\"width\":1500,\"height\":2250},{\"@type\":\"BreadcrumbList\",\"@id\":\"https:\\\/\\\/mauritianfoodsonline.com\\\/it\\\/product\\\/cipolla-piccola\\\/#breadcrumb\",\"itemListElement\":[{\"@type\":\"ListItem\",\"position\":1,\"name\":\"Home\",\"item\":\"https:\\\/\\\/mauritianfoodsonline.com\\\/it\\\/\"},{\"@type\":\"ListItem\",\"position\":2,\"name\":\"Negozio\",\"item\":\"https:\\\/\\\/mauritianfoodsonline.com\\\/it\\\/negozio\\\/\"},{\"@type\":\"ListItem\",\"position\":3,\"name\":\"Small Onion\"}]},{\"@type\":\"WebSite\",\"@id\":\"https:\\\/\\\/mauritianfoodsonline.com\\\/#website\",\"url\":\"https:\\\/\\\/mauritianfoodsonline.com\\\/\",\"name\":\"Mauritian Foods Online\",\"description\":\"Online\",\"publisher\":{\"@id\":\"https:\\\/\\\/mauritianfoodsonline.com\\\/#organization\"},\"potentialAction\":[{\"@type\":\"SearchAction\",\"target\":{\"@type\":\"EntryPoint\",\"urlTemplate\":\"https:\\\/\\\/mauritianfoodsonline.com\\\/?s={search_term_string}\"},\"query-input\":{\"@type\":\"PropertyValueSpecification\",\"valueRequired\":true,\"valueName\":\"search_term_string\"}}],\"inLanguage\":\"it-IT\"},{\"@type\":\"Organization\",\"@id\":\"https:\\\/\\\/mauritianfoodsonline.com\\\/#organization\",\"name\":\"Mauritian Foods Online\",\"url\":\"https:\\\/\\\/mauritianfoodsonline.com\\\/\",\"logo\":{\"@type\":\"ImageObject\",\"inLanguage\":\"it-IT\",\"@id\":\"https:\\\/\\\/mauritianfoodsonline.com\\\/#\\\/schema\\\/logo\\\/image\\\/\",\"url\":\"https:\\\/\\\/mauritianfoodsonline.com\\\/wp-content\\\/uploads\\\/2024\\\/11\\\/svgviewer-png-output-1.png\",\"contentUrl\":\"https:\\\/\\\/mauritianfoodsonline.com\\\/wp-content\\\/uploads\\\/2024\\\/11\\\/svgviewer-png-output-1.png\",\"width\":106,\"height\":109,\"caption\":\"Mauritian Foods Online\"},\"image\":{\"@id\":\"https:\\\/\\\/mauritianfoodsonline.com\\\/#\\\/schema\\\/logo\\\/image\\\/\"},\"sameAs\":[\"https:\\\/\\\/www.facebook.com\\\/mauritianfoodsonlineuk\\\/\",\"https:\\\/\\\/x.com\\\/mauritian_foods\",\"https:\\\/\\\/www.instagram.com\\\/mauritianfoodsonline\\\/#\"]}]}<\/script>\n<!-- \/ Yoast SEO plugin. -->","yoast_head_json":{"title":"Small Onion - Mauritian Foods Online","description":"Le cipolline, note anche come \"cipolline perlate\" o \"cipolline piccole\", sono una variet\u00e0 pi\u00f9 piccola di cipolla (Allium cepa). Si ritiene che siano originarie della regione mediterranea, che comprende parti di Europa, Nord Africa e Asia occidentale. Le cipolle in generale hanno una lunga storia di coltivazione, con prove che suggeriscono che siano state uno dei primi ortaggi coltivati dall'uomo, risalenti ad antiche civilt\u00e0 come Egizi, Greci e Romani. Le cipolline in particolare, per via delle loro dimensioni e del loro sapore dolce, si sono probabilmente sviluppate nel tempo attraverso l'allevamento selettivo per il loro sapore delicato e le dimensioni pratiche. Sebbene le cipolle siano ora coltivate a livello globale, l'origine esatta delle variet\u00e0 pi\u00f9 piccole come le cipolline \u00e8 pi\u00f9 difficile da individuare. Tuttavia, sono comunemente associate alla cucina europea e mediterranea, dove vengono spesso utilizzate per sottaceti, stufati e guarnizioni.","robots":{"index":"index","follow":"follow","max-snippet":"max-snippet:-1","max-image-preview":"max-image-preview:large","max-video-preview":"max-video-preview:-1"},"canonical":"https:\/\/mauritianfoodsonline.com\/it\/product\/cipolla-piccola\/","og_locale":"it_IT","og_type":"article","og_title":"Small Onion - Mauritian Foods Online","og_description":"Le cipolline, note anche come \"cipolline perlate\" o \"cipolline piccole\", sono una variet\u00e0 pi\u00f9 piccola di cipolla (Allium cepa). Si ritiene che siano originarie della regione mediterranea, che comprende parti di Europa, Nord Africa e Asia occidentale. Le cipolle in generale hanno una lunga storia di coltivazione, con prove che suggeriscono che siano state uno dei primi ortaggi coltivati dall'uomo, risalenti ad antiche civilt\u00e0 come Egizi, Greci e Romani. Le cipolline in particolare, per via delle loro dimensioni e del loro sapore dolce, si sono probabilmente sviluppate nel tempo attraverso l'allevamento selettivo per il loro sapore delicato e le dimensioni pratiche. Sebbene le cipolle siano ora coltivate a livello globale, l'origine esatta delle variet\u00e0 pi\u00f9 piccole come le cipolline \u00e8 pi\u00f9 difficile da individuare. Tuttavia, sono comunemente associate alla cucina europea e mediterranea, dove vengono spesso utilizzate per sottaceti, stufati e guarnizioni.","og_url":"https:\/\/mauritianfoodsonline.com\/it\/product\/cipolla-piccola\/","og_site_name":"Mauritian Foods Online","article_publisher":"https:\/\/www.facebook.com\/mauritianfoodsonlineuk\/","article_modified_time":"2025-05-13T04:49:59+00:00","og_image":[{"width":1500,"height":2250,"url":"https:\/\/mauritianfoodsonline.com\/wp-content\/uploads\/2024\/11\/shallots-1-1_11zon.jpg","type":"image\/jpeg"}],"twitter_card":"summary_large_image","twitter_site":"@mauritian_foods","twitter_misc":{"Tempo di lettura stimato":"1 minuto"},"schema":{"@context":"https:\/\/schema.org","@graph":[{"@type":"WebPage","@id":"https:\/\/mauritianfoodsonline.com\/it\/product\/cipolla-piccola\/","url":"https:\/\/mauritianfoodsonline.com\/it\/product\/cipolla-piccola\/","name":"Small Onion - Mauritian Foods Online","isPartOf":{"@id":"https:\/\/mauritianfoodsonline.com\/#website"},"primaryImageOfPage":{"@id":"https:\/\/mauritianfoodsonline.com\/it\/product\/cipolla-piccola\/#primaryimage"},"image":{"@id":"https:\/\/mauritianfoodsonline.com\/it\/product\/cipolla-piccola\/#primaryimage"},"thumbnailUrl":"https:\/\/mauritianfoodsonline.com\/wp-content\/uploads\/2024\/11\/shallots-1-1_11zon.jpg","datePublished":"2024-11-07T19:42:57+00:00","dateModified":"2025-05-13T04:49:59+00:00","description":"Le cipolline, note anche come \"cipolline perlate\" o \"cipolline piccole\", sono una variet\u00e0 pi\u00f9 piccola di cipolla (Allium cepa). Si ritiene che siano originarie della regione mediterranea, che comprende parti di Europa, Nord Africa e Asia occidentale. Le cipolle in generale hanno una lunga storia di coltivazione, con prove che suggeriscono che siano state uno dei primi ortaggi coltivati dall'uomo, risalenti ad antiche civilt\u00e0 come Egizi, Greci e Romani. Le cipolline in particolare, per via delle loro dimensioni e del loro sapore dolce, si sono probabilmente sviluppate nel tempo attraverso l'allevamento selettivo per il loro sapore delicato e le dimensioni pratiche. Sebbene le cipolle siano ora coltivate a livello globale, l'origine esatta delle variet\u00e0 pi\u00f9 piccole come le cipolline \u00e8 pi\u00f9 difficile da individuare. Tuttavia, sono comunemente associate alla cucina europea e mediterranea, dove vengono spesso utilizzate per sottaceti, stufati e guarnizioni.","breadcrumb":{"@id":"https:\/\/mauritianfoodsonline.com\/it\/product\/cipolla-piccola\/#breadcrumb"},"inLanguage":"it-IT","potentialAction":[{"@type":"ReadAction","target":["https:\/\/mauritianfoodsonline.com\/it\/product\/cipolla-piccola\/"]}]},{"@type":"ImageObject","inLanguage":"it-IT","@id":"https:\/\/mauritianfoodsonline.com\/it\/product\/cipolla-piccola\/#primaryimage","url":"https:\/\/mauritianfoodsonline.com\/wp-content\/uploads\/2024\/11\/shallots-1-1_11zon.jpg","contentUrl":"https:\/\/mauritianfoodsonline.com\/wp-content\/uploads\/2024\/11\/shallots-1-1_11zon.jpg","width":1500,"height":2250},{"@type":"BreadcrumbList","@id":"https:\/\/mauritianfoodsonline.com\/it\/product\/cipolla-piccola\/#breadcrumb","itemListElement":[{"@type":"ListItem","position":1,"name":"Home","item":"https:\/\/mauritianfoodsonline.com\/it\/"},{"@type":"ListItem","position":2,"name":"Negozio","item":"https:\/\/mauritianfoodsonline.com\/it\/negozio\/"},{"@type":"ListItem","position":3,"name":"Small Onion"}]},{"@type":"WebSite","@id":"https:\/\/mauritianfoodsonline.com\/#website","url":"https:\/\/mauritianfoodsonline.com\/","name":"Mauritian Foods Online","description":"Online","publisher":{"@id":"https:\/\/mauritianfoodsonline.com\/#organization"},"potentialAction":[{"@type":"SearchAction","target":{"@type":"EntryPoint","urlTemplate":"https:\/\/mauritianfoodsonline.com\/?s={search_term_string}"},"query-input":{"@type":"PropertyValueSpecification","valueRequired":true,"valueName":"search_term_string"}}],"inLanguage":"it-IT"},{"@type":"Organization","@id":"https:\/\/mauritianfoodsonline.com\/#organization","name":"Mauritian Foods Online","url":"https:\/\/mauritianfoodsonline.com\/","logo":{"@type":"ImageObject","inLanguage":"it-IT","@id":"https:\/\/mauritianfoodsonline.com\/#\/schema\/logo\/image\/","url":"https:\/\/mauritianfoodsonline.com\/wp-content\/uploads\/2024\/11\/svgviewer-png-output-1.png","contentUrl":"https:\/\/mauritianfoodsonline.com\/wp-content\/uploads\/2024\/11\/svgviewer-png-output-1.png","width":106,"height":109,"caption":"Mauritian Foods Online"},"image":{"@id":"https:\/\/mauritianfoodsonline.com\/#\/schema\/logo\/image\/"},"sameAs":["https:\/\/www.facebook.com\/mauritianfoodsonlineuk\/","https:\/\/x.com\/mauritian_foods","https:\/\/www.instagram.com\/mauritianfoodsonline\/#"]}]}},"_links":{"self":[{"href":"https:\/\/mauritianfoodsonline.com\/it\/wp-json\/wp\/v2\/product\/46197","targetHints":{"allow":["GET"]}}],"collection":[{"href":"https:\/\/mauritianfoodsonline.com\/it\/wp-json\/wp\/v2\/product"}],"about":[{"href":"https:\/\/mauritianfoodsonline.com\/it\/wp-json\/wp\/v2\/types\/product"}],"replies":[{"embeddable":true,"href":"https:\/\/mauritianfoodsonline.com\/it\/wp-json\/wp\/v2\/comments?post=46197"}],"wp:featuredmedia":[{"embeddable":true,"href":"https:\/\/mauritianfoodsonline.com\/it\/wp-json\/wp\/v2\/media\/41422"}],"wp:attachment":[{"href":"https:\/\/mauritianfoodsonline.com\/it\/wp-json\/wp\/v2\/media?parent=46197"}],"wp:term":[{"taxonomy":"special-offers","embeddable":true,"href":"https:\/\/mauritianfoodsonline.com\/it\/wp-json\/wp\/v2\/special-offers?post=46197"},{"taxonomy":"product_brand","embeddable":true,"href":"https:\/\/mauritianfoodsonline.com\/it\/wp-json\/wp\/v2\/product_brand?post=46197"},{"taxonomy":"product_cat","embeddable":true,"href":"https:\/\/mauritianfoodsonline.com\/it\/wp-json\/wp\/v2\/product_cat?post=46197"},{"taxonomy":"product_tag","embeddable":true,"href":"https:\/\/mauritianfoodsonline.com\/it\/wp-json\/wp\/v2\/product_tag?post=46197"}],"curies":[{"name":"wp","href":"https:\/\/api.w.org\/{rel}","templated":true}]}}