{"id":45683,"date":"2024-08-09T07:01:19","date_gmt":"2024-08-09T07:01:19","guid":{"rendered":"https:\/\/mauritianfoodsonline.com\/product\/ptit-sale-gefrituurde-gezouten-vis-poisson-sale-snoek-frit\/"},"modified":"2025-05-12T08:59:40","modified_gmt":"2025-05-12T08:59:40","slug":"ptit-sale-gefrituurde-gezouten-vis-poisson-sale-snoek-frit","status":"publish","type":"product","link":"https:\/\/mauritianfoodsonline.com\/nl\/product\/ptit-sale-gefrituurde-gezouten-vis-poisson-sale-snoek-frit\/","title":{"rendered":"P\u2019tit-Sal\u00e9 Deep Fried Salted Fish (Poisson Sal\u00e9 Snoek Frit)"},"content":{"rendered":"","protected":false},"excerpt":{"rendered":"<p>Ervaar de authentieke smaak van Mauritius met P&#8217;tit-Sal\u00e9 gezouten vis. Deze gefrituurde delicatesse, gemaakt van 100% Thyrsites atun (snoek), is een echte favoriet van het eiland. Zorgvuldig verwerkt en verpakt om de rijke smaak te behouden, is het perfect om een unieke, hartige touch aan uw gerechten toe te voegen. Geniet van het gemak van deze kant-en-klare traktatie die de smaken van Mauritius rechtstreeks naar uw keuken brengt.   <\/p>\n","protected":false},"featured_media":39067,"comment_status":"open","ping_status":"closed","template":"","meta":{"_acf_changed":false},"special-offers":[],"product_brand":[],"product_cat":[700,712,440,323],"product_tag":[],"class_list":{"0":"post-45683","1":"product","2":"type-product","3":"status-publish","4":"has-post-thumbnail","6":"product_cat-condiments-nl","7":"product_cat-fish-seafood-nl","8":"product_cat-food-cupboard-2","9":"product_cat-mauritian","11":"first","12":"instock","13":"taxable","14":"shipping-taxable","15":"purchasable","16":"product-type-simple","17":"add-to-wishlist-before_image"},"acf":[],"yoast_head":"<!-- This site is optimized with the Yoast SEO plugin v27.4 - https:\/\/yoast.com\/product\/yoast-seo-wordpress\/ -->\n<title>P\u2019tit-Sal\u00e9 Deep Fried Salted Fish (Poisson Sal\u00e9 Snoek Frit) - Mauritian Foods Online<\/title>\n<meta name=\"robots\" content=\"index, follow, max-snippet:-1, max-image-preview:large, max-video-preview:-1\" \/>\n<link rel=\"canonical\" href=\"https:\/\/mauritianfoodsonline.com\/nl\/product\/ptit-sale-gefrituurde-gezouten-vis-poisson-sale-snoek-frit\/\" \/>\n<meta property=\"og:locale\" content=\"nl_NL\" \/>\n<meta property=\"og:type\" content=\"article\" \/>\n<meta property=\"og:title\" content=\"P\u2019tit-Sal\u00e9 Deep Fried Salted Fish (Poisson Sal\u00e9 Snoek Frit) - Mauritian Foods Online\" \/>\n<meta property=\"og:description\" content=\"Ervaar de authentieke smaak van Mauritius met P&#039;tit-Sal\u00e9 gezouten vis. Deze gefrituurde delicatesse, gemaakt van 100% Thyrsites atun (snoek), is een echte favoriet van het eiland. Zorgvuldig verwerkt en verpakt om de rijke smaak te behouden, is het perfect om een unieke, hartige touch aan uw gerechten toe te voegen. Geniet van het gemak van deze kant-en-klare traktatie die de smaken van Mauritius rechtstreeks naar uw keuken brengt.\" \/>\n<meta property=\"og:url\" content=\"https:\/\/mauritianfoodsonline.com\/nl\/product\/ptit-sale-gefrituurde-gezouten-vis-poisson-sale-snoek-frit\/\" \/>\n<meta property=\"og:site_name\" content=\"Mauritian Foods Online\" \/>\n<meta property=\"article:publisher\" content=\"https:\/\/www.facebook.com\/mauritianfoodsonlineuk\/\" \/>\n<meta property=\"article:modified_time\" content=\"2025-05-12T08:59:40+00:00\" \/>\n<meta property=\"og:image\" content=\"https:\/\/mauritianfoodsonline.com\/wp-content\/uploads\/2024\/08\/MauritianFoods_Web-214.jpg\" \/>\n\t<meta property=\"og:image:width\" content=\"800\" \/>\n\t<meta property=\"og:image:height\" content=\"800\" \/>\n\t<meta property=\"og:image:type\" content=\"image\/jpeg\" \/>\n<meta name=\"twitter:card\" content=\"summary_large_image\" \/>\n<meta name=\"twitter:site\" content=\"@mauritian_foods\" \/>\n<script type=\"application\/ld+json\" class=\"yoast-schema-graph\">{\"@context\":\"https:\\\/\\\/schema.org\",\"@graph\":[{\"@type\":\"WebPage\",\"@id\":\"https:\\\/\\\/mauritianfoodsonline.com\\\/nl\\\/product\\\/ptit-sale-gefrituurde-gezouten-vis-poisson-sale-snoek-frit\\\/\",\"url\":\"https:\\\/\\\/mauritianfoodsonline.com\\\/nl\\\/product\\\/ptit-sale-gefrituurde-gezouten-vis-poisson-sale-snoek-frit\\\/\",\"name\":\"P\u2019tit-Sal\u00e9 Deep Fried Salted Fish (Poisson Sal\u00e9 Snoek Frit) - Mauritian Foods Online\",\"isPartOf\":{\"@id\":\"https:\\\/\\\/mauritianfoodsonline.com\\\/#website\"},\"primaryImageOfPage\":{\"@id\":\"https:\\\/\\\/mauritianfoodsonline.com\\\/nl\\\/product\\\/ptit-sale-gefrituurde-gezouten-vis-poisson-sale-snoek-frit\\\/#primaryimage\"},\"image\":{\"@id\":\"https:\\\/\\\/mauritianfoodsonline.com\\\/nl\\\/product\\\/ptit-sale-gefrituurde-gezouten-vis-poisson-sale-snoek-frit\\\/#primaryimage\"},\"thumbnailUrl\":\"https:\\\/\\\/mauritianfoodsonline.com\\\/wp-content\\\/uploads\\\/2024\\\/08\\\/MauritianFoods_Web-214.jpg\",\"datePublished\":\"2024-08-09T07:01:19+00:00\",\"dateModified\":\"2025-05-12T08:59:40+00:00\",\"breadcrumb\":{\"@id\":\"https:\\\/\\\/mauritianfoodsonline.com\\\/nl\\\/product\\\/ptit-sale-gefrituurde-gezouten-vis-poisson-sale-snoek-frit\\\/#breadcrumb\"},\"inLanguage\":\"nl-NL\",\"potentialAction\":[{\"@type\":\"ReadAction\",\"target\":[\"https:\\\/\\\/mauritianfoodsonline.com\\\/nl\\\/product\\\/ptit-sale-gefrituurde-gezouten-vis-poisson-sale-snoek-frit\\\/\"]}]},{\"@type\":\"ImageObject\",\"inLanguage\":\"nl-NL\",\"@id\":\"https:\\\/\\\/mauritianfoodsonline.com\\\/nl\\\/product\\\/ptit-sale-gefrituurde-gezouten-vis-poisson-sale-snoek-frit\\\/#primaryimage\",\"url\":\"https:\\\/\\\/mauritianfoodsonline.com\\\/wp-content\\\/uploads\\\/2024\\\/08\\\/MauritianFoods_Web-214.jpg\",\"contentUrl\":\"https:\\\/\\\/mauritianfoodsonline.com\\\/wp-content\\\/uploads\\\/2024\\\/08\\\/MauritianFoods_Web-214.jpg\",\"width\":800,\"height\":800},{\"@type\":\"BreadcrumbList\",\"@id\":\"https:\\\/\\\/mauritianfoodsonline.com\\\/nl\\\/product\\\/ptit-sale-gefrituurde-gezouten-vis-poisson-sale-snoek-frit\\\/#breadcrumb\",\"itemListElement\":[{\"@type\":\"ListItem\",\"position\":1,\"name\":\"Home\",\"item\":\"https:\\\/\\\/mauritianfoodsonline.com\\\/nl\\\/\"},{\"@type\":\"ListItem\",\"position\":2,\"name\":\"Winkel\",\"item\":\"https:\\\/\\\/mauritianfoodsonline.com\\\/winkel\\\/\"},{\"@type\":\"ListItem\",\"position\":3,\"name\":\"P\u2019tit-Sal\u00e9 Deep Fried Salted Fish (Poisson Sal\u00e9 Snoek Frit)\"}]},{\"@type\":\"WebSite\",\"@id\":\"https:\\\/\\\/mauritianfoodsonline.com\\\/#website\",\"url\":\"https:\\\/\\\/mauritianfoodsonline.com\\\/\",\"name\":\"Mauritian Foods Online\",\"description\":\"Online\",\"publisher\":{\"@id\":\"https:\\\/\\\/mauritianfoodsonline.com\\\/#organization\"},\"potentialAction\":[{\"@type\":\"SearchAction\",\"target\":{\"@type\":\"EntryPoint\",\"urlTemplate\":\"https:\\\/\\\/mauritianfoodsonline.com\\\/?s={search_term_string}\"},\"query-input\":{\"@type\":\"PropertyValueSpecification\",\"valueRequired\":true,\"valueName\":\"search_term_string\"}}],\"inLanguage\":\"nl-NL\"},{\"@type\":\"Organization\",\"@id\":\"https:\\\/\\\/mauritianfoodsonline.com\\\/#organization\",\"name\":\"Mauritian Foods Online\",\"url\":\"https:\\\/\\\/mauritianfoodsonline.com\\\/\",\"logo\":{\"@type\":\"ImageObject\",\"inLanguage\":\"nl-NL\",\"@id\":\"https:\\\/\\\/mauritianfoodsonline.com\\\/#\\\/schema\\\/logo\\\/image\\\/\",\"url\":\"https:\\\/\\\/mauritianfoodsonline.com\\\/wp-content\\\/uploads\\\/2024\\\/11\\\/svgviewer-png-output-1.png\",\"contentUrl\":\"https:\\\/\\\/mauritianfoodsonline.com\\\/wp-content\\\/uploads\\\/2024\\\/11\\\/svgviewer-png-output-1.png\",\"width\":106,\"height\":109,\"caption\":\"Mauritian Foods Online\"},\"image\":{\"@id\":\"https:\\\/\\\/mauritianfoodsonline.com\\\/#\\\/schema\\\/logo\\\/image\\\/\"},\"sameAs\":[\"https:\\\/\\\/www.facebook.com\\\/mauritianfoodsonlineuk\\\/\",\"https:\\\/\\\/x.com\\\/mauritian_foods\",\"https:\\\/\\\/www.instagram.com\\\/mauritianfoodsonline\\\/#\"]}]}<\/script>\n<!-- \/ Yoast SEO plugin. -->","yoast_head_json":{"title":"P\u2019tit-Sal\u00e9 Deep Fried Salted Fish (Poisson Sal\u00e9 Snoek Frit) - Mauritian Foods Online","robots":{"index":"index","follow":"follow","max-snippet":"max-snippet:-1","max-image-preview":"max-image-preview:large","max-video-preview":"max-video-preview:-1"},"canonical":"https:\/\/mauritianfoodsonline.com\/nl\/product\/ptit-sale-gefrituurde-gezouten-vis-poisson-sale-snoek-frit\/","og_locale":"nl_NL","og_type":"article","og_title":"P\u2019tit-Sal\u00e9 Deep Fried Salted Fish (Poisson Sal\u00e9 Snoek Frit) - Mauritian Foods Online","og_description":"Ervaar de authentieke smaak van Mauritius met P'tit-Sal\u00e9 gezouten vis. Deze gefrituurde delicatesse, gemaakt van 100% Thyrsites atun (snoek), is een echte favoriet van het eiland. Zorgvuldig verwerkt en verpakt om de rijke smaak te behouden, is het perfect om een unieke, hartige touch aan uw gerechten toe te voegen. Geniet van het gemak van deze kant-en-klare traktatie die de smaken van Mauritius rechtstreeks naar uw keuken brengt.","og_url":"https:\/\/mauritianfoodsonline.com\/nl\/product\/ptit-sale-gefrituurde-gezouten-vis-poisson-sale-snoek-frit\/","og_site_name":"Mauritian Foods Online","article_publisher":"https:\/\/www.facebook.com\/mauritianfoodsonlineuk\/","article_modified_time":"2025-05-12T08:59:40+00:00","og_image":[{"width":800,"height":800,"url":"https:\/\/mauritianfoodsonline.com\/wp-content\/uploads\/2024\/08\/MauritianFoods_Web-214.jpg","type":"image\/jpeg"}],"twitter_card":"summary_large_image","twitter_site":"@mauritian_foods","schema":{"@context":"https:\/\/schema.org","@graph":[{"@type":"WebPage","@id":"https:\/\/mauritianfoodsonline.com\/nl\/product\/ptit-sale-gefrituurde-gezouten-vis-poisson-sale-snoek-frit\/","url":"https:\/\/mauritianfoodsonline.com\/nl\/product\/ptit-sale-gefrituurde-gezouten-vis-poisson-sale-snoek-frit\/","name":"P\u2019tit-Sal\u00e9 Deep Fried Salted Fish (Poisson Sal\u00e9 Snoek Frit) - Mauritian Foods Online","isPartOf":{"@id":"https:\/\/mauritianfoodsonline.com\/#website"},"primaryImageOfPage":{"@id":"https:\/\/mauritianfoodsonline.com\/nl\/product\/ptit-sale-gefrituurde-gezouten-vis-poisson-sale-snoek-frit\/#primaryimage"},"image":{"@id":"https:\/\/mauritianfoodsonline.com\/nl\/product\/ptit-sale-gefrituurde-gezouten-vis-poisson-sale-snoek-frit\/#primaryimage"},"thumbnailUrl":"https:\/\/mauritianfoodsonline.com\/wp-content\/uploads\/2024\/08\/MauritianFoods_Web-214.jpg","datePublished":"2024-08-09T07:01:19+00:00","dateModified":"2025-05-12T08:59:40+00:00","breadcrumb":{"@id":"https:\/\/mauritianfoodsonline.com\/nl\/product\/ptit-sale-gefrituurde-gezouten-vis-poisson-sale-snoek-frit\/#breadcrumb"},"inLanguage":"nl-NL","potentialAction":[{"@type":"ReadAction","target":["https:\/\/mauritianfoodsonline.com\/nl\/product\/ptit-sale-gefrituurde-gezouten-vis-poisson-sale-snoek-frit\/"]}]},{"@type":"ImageObject","inLanguage":"nl-NL","@id":"https:\/\/mauritianfoodsonline.com\/nl\/product\/ptit-sale-gefrituurde-gezouten-vis-poisson-sale-snoek-frit\/#primaryimage","url":"https:\/\/mauritianfoodsonline.com\/wp-content\/uploads\/2024\/08\/MauritianFoods_Web-214.jpg","contentUrl":"https:\/\/mauritianfoodsonline.com\/wp-content\/uploads\/2024\/08\/MauritianFoods_Web-214.jpg","width":800,"height":800},{"@type":"BreadcrumbList","@id":"https:\/\/mauritianfoodsonline.com\/nl\/product\/ptit-sale-gefrituurde-gezouten-vis-poisson-sale-snoek-frit\/#breadcrumb","itemListElement":[{"@type":"ListItem","position":1,"name":"Home","item":"https:\/\/mauritianfoodsonline.com\/nl\/"},{"@type":"ListItem","position":2,"name":"Winkel","item":"https:\/\/mauritianfoodsonline.com\/winkel\/"},{"@type":"ListItem","position":3,"name":"P\u2019tit-Sal\u00e9 Deep Fried Salted Fish (Poisson Sal\u00e9 Snoek Frit)"}]},{"@type":"WebSite","@id":"https:\/\/mauritianfoodsonline.com\/#website","url":"https:\/\/mauritianfoodsonline.com\/","name":"Mauritian Foods Online","description":"Online","publisher":{"@id":"https:\/\/mauritianfoodsonline.com\/#organization"},"potentialAction":[{"@type":"SearchAction","target":{"@type":"EntryPoint","urlTemplate":"https:\/\/mauritianfoodsonline.com\/?s={search_term_string}"},"query-input":{"@type":"PropertyValueSpecification","valueRequired":true,"valueName":"search_term_string"}}],"inLanguage":"nl-NL"},{"@type":"Organization","@id":"https:\/\/mauritianfoodsonline.com\/#organization","name":"Mauritian Foods Online","url":"https:\/\/mauritianfoodsonline.com\/","logo":{"@type":"ImageObject","inLanguage":"nl-NL","@id":"https:\/\/mauritianfoodsonline.com\/#\/schema\/logo\/image\/","url":"https:\/\/mauritianfoodsonline.com\/wp-content\/uploads\/2024\/11\/svgviewer-png-output-1.png","contentUrl":"https:\/\/mauritianfoodsonline.com\/wp-content\/uploads\/2024\/11\/svgviewer-png-output-1.png","width":106,"height":109,"caption":"Mauritian Foods Online"},"image":{"@id":"https:\/\/mauritianfoodsonline.com\/#\/schema\/logo\/image\/"},"sameAs":["https:\/\/www.facebook.com\/mauritianfoodsonlineuk\/","https:\/\/x.com\/mauritian_foods","https:\/\/www.instagram.com\/mauritianfoodsonline\/#"]}]}},"_links":{"self":[{"href":"https:\/\/mauritianfoodsonline.com\/nl\/wp-json\/wp\/v2\/product\/45683","targetHints":{"allow":["GET"]}}],"collection":[{"href":"https:\/\/mauritianfoodsonline.com\/nl\/wp-json\/wp\/v2\/product"}],"about":[{"href":"https:\/\/mauritianfoodsonline.com\/nl\/wp-json\/wp\/v2\/types\/product"}],"replies":[{"embeddable":true,"href":"https:\/\/mauritianfoodsonline.com\/nl\/wp-json\/wp\/v2\/comments?post=45683"}],"wp:featuredmedia":[{"embeddable":true,"href":"https:\/\/mauritianfoodsonline.com\/nl\/wp-json\/wp\/v2\/media\/39067"}],"wp:attachment":[{"href":"https:\/\/mauritianfoodsonline.com\/nl\/wp-json\/wp\/v2\/media?parent=45683"}],"wp:term":[{"taxonomy":"special-offers","embeddable":true,"href":"https:\/\/mauritianfoodsonline.com\/nl\/wp-json\/wp\/v2\/special-offers?post=45683"},{"taxonomy":"product_brand","embeddable":true,"href":"https:\/\/mauritianfoodsonline.com\/nl\/wp-json\/wp\/v2\/product_brand?post=45683"},{"taxonomy":"product_cat","embeddable":true,"href":"https:\/\/mauritianfoodsonline.com\/nl\/wp-json\/wp\/v2\/product_cat?post=45683"},{"taxonomy":"product_tag","embeddable":true,"href":"https:\/\/mauritianfoodsonline.com\/nl\/wp-json\/wp\/v2\/product_tag?post=45683"}],"curies":[{"name":"wp","href":"https:\/\/api.w.org\/{rel}","templated":true}]}}