{"id":46574,"date":"2022-07-18T19:20:19","date_gmt":"2022-07-18T19:20:19","guid":{"rendered":"https:\/\/mauritianfoodsonline.com\/om-oss\/"},"modified":"2022-07-18T19:20:19","modified_gmt":"2022-07-18T19:20:19","slug":"om-oss","status":"publish","type":"page","link":"https:\/\/mauritianfoodsonline.com\/sv\/om-oss\/","title":{"rendered":"Om oss"},"content":{"rendered":"<h2>V\u00e4lkommen till mauritisk mat online<\/h2>\n<p>Din enda destination f\u00f6r autentiska mauritiska matprodukter levererade direkt till din d\u00f6rr. Vi brinner f\u00f6r att f\u00f6ra Mauritius levande smaker och rika kulinariska arv till ditt k\u00f6k, oavsett var du befinner dig i v\u00e4rlden. <\/p>\n<p>I v\u00e5r onlinebutik erbjuder vi ett brett utbud av h\u00f6gkvalitativa mauritiska matvaror som f\u00e5ngar essensen av detta tropiska paradis. Fr\u00e5n aromatiska kryddor och exotiska frukter till traditionella s\u00e5ser och l\u00e4ckra snacks, vi har sammanst\u00e4llt ett brett urval av produkter som kommer att tillfredsst\u00e4lla dina beg\u00e4r efter \u00e4kta mauritisk mat. <\/p>\n<p>Bl\u00e4ddra igenom v\u00e5ra virtuella g\u00e5ngar och uppt\u00e4ck en rad h\u00e4ftklamrar som utg\u00f6r ryggraden i mauritisk matlagning. Oavsett om du letar efter basmatiris, linser, currypulver eller pickles, har vi h\u00e4mtat de finaste ingredienserna f\u00f6r att s\u00e4kerst\u00e4lla att du kan \u00e5terskapa Mauritius smaker i ditt eget hem. <\/p>\n<p>V\u00e5rt engagemang f\u00f6r kvalitet str\u00e4cker sig bortom sj\u00e4lva ingredienserna. Vi samarbetar med v\u00e4lrenommerade leverant\u00f6rer som delar v\u00e5rt engagemang f\u00f6r autenticitet och fr\u00e4sch\u00f6r. Varje produkt genomg\u00e5r rigor\u00f6sa kvalitetskontroller, vilket s\u00e4kerst\u00e4ller att du bara f\u00e5r det b\u00e4sta. Vi f\u00f6rst\u00e5r vikten av att bevara integriteten hos mauritiska smaker, och v\u00e5ra produkter \u00e5terspeglar v\u00e5rt orubbliga engagemang f\u00f6r att leverera en exceptionell kulinarisk upplevelse.   <\/p>\n","protected":false},"excerpt":{"rendered":"<p>V\u00e4lkommen till mauritisk mat online Din enda destination f\u00f6r autentiska mauritiska matprodukter levererade direkt till din d\u00f6rr. Vi brinner f\u00f6r att f\u00f6ra Mauritius levande smaker och rika kulinariska arv till ditt k\u00f6k, oavsett var du befinner dig i v\u00e4rlden. I v\u00e5r onlinebutik erbjuder vi ett brett utbud av h\u00f6gkvalitativa mauritiska matvaror som f\u00e5ngar essensen av [&hellip;]<\/p>\n","protected":false},"author":1,"featured_media":35064,"parent":0,"menu_order":0,"comment_status":"closed","ping_status":"closed","template":"page-about.php","meta":{"_acf_changed":false,"footnotes":""},"class_list":["post-46574","page","type-page","status-publish","has-post-thumbnail","hentry"],"acf":[],"yoast_head":"<!-- This site is optimized with the Yoast SEO plugin v27.4 - https:\/\/yoast.com\/product\/yoast-seo-wordpress\/ -->\n<title>About Us - Mauritian Foods Online | Authentic Mauritian Groceries<\/title>\n<meta name=\"description\" content=\"Discover the essence of Mauritius with Mauritian Foods Online. We deliver authentic Mauritian groceries, spices, and traditional ingredients worldwide. Shop now for a true taste of Mauritius!\" \/>\n<meta name=\"robots\" content=\"index, follow, max-snippet:-1, max-image-preview:large, max-video-preview:-1\" \/>\n<link rel=\"canonical\" href=\"https:\/\/mauritianfoodsonline.com\/sv\/om-oss\/\" \/>\n<meta property=\"og:locale\" content=\"sv_SE\" \/>\n<meta property=\"og:type\" content=\"article\" \/>\n<meta property=\"og:title\" content=\"About Us - Mauritian Foods Online | Authentic Mauritian Groceries\" \/>\n<meta property=\"og:description\" content=\"Discover the essence of Mauritius with Mauritian Foods Online. We deliver authentic Mauritian groceries, spices, and traditional ingredients worldwide. Shop now for a true taste of Mauritius!\" \/>\n<meta property=\"og:url\" content=\"https:\/\/mauritianfoodsonline.com\/sv\/om-oss\/\" \/>\n<meta property=\"og:site_name\" content=\"Mauritian Foods Online\" \/>\n<meta property=\"article:publisher\" content=\"https:\/\/www.facebook.com\/mauritianfoodsonlineuk\/\" \/>\n<meta property=\"og:image\" content=\"https:\/\/mauritianfoodsonline.com\/wp-content\/uploads\/2022\/07\/abt1.jpg\" \/>\n\t<meta property=\"og:image:width\" content=\"457\" \/>\n\t<meta property=\"og:image:height\" content=\"411\" \/>\n\t<meta property=\"og:image:type\" content=\"image\/jpeg\" \/>\n<meta name=\"twitter:card\" content=\"summary_large_image\" \/>\n<meta name=\"twitter:site\" content=\"@mauritian_foods\" \/>\n<meta name=\"twitter:label1\" content=\"Ber\u00e4knad l\u00e4stid\" \/>\n\t<meta name=\"twitter:data1\" content=\"1 minut\" \/>\n<script type=\"application\/ld+json\" class=\"yoast-schema-graph\">{\"@context\":\"https:\\\/\\\/schema.org\",\"@graph\":[{\"@type\":\"WebPage\",\"@id\":\"https:\\\/\\\/mauritianfoodsonline.com\\\/sv\\\/om-oss\\\/\",\"url\":\"https:\\\/\\\/mauritianfoodsonline.com\\\/sv\\\/om-oss\\\/\",\"name\":\"About Us - Mauritian Foods Online | Authentic Mauritian Groceries\",\"isPartOf\":{\"@id\":\"https:\\\/\\\/mauritianfoodsonline.com\\\/#website\"},\"primaryImageOfPage\":{\"@id\":\"https:\\\/\\\/mauritianfoodsonline.com\\\/sv\\\/om-oss\\\/#primaryimage\"},\"image\":{\"@id\":\"https:\\\/\\\/mauritianfoodsonline.com\\\/sv\\\/om-oss\\\/#primaryimage\"},\"thumbnailUrl\":\"https:\\\/\\\/mauritianfoodsonline.com\\\/wp-content\\\/uploads\\\/2022\\\/07\\\/abt1.jpg\",\"datePublished\":\"2022-07-18T19:20:19+00:00\",\"description\":\"Discover the essence of Mauritius with Mauritian Foods Online. We deliver authentic Mauritian groceries, spices, and traditional ingredients worldwide. Shop now for a true taste of Mauritius!\",\"breadcrumb\":{\"@id\":\"https:\\\/\\\/mauritianfoodsonline.com\\\/sv\\\/om-oss\\\/#breadcrumb\"},\"inLanguage\":\"sv-SE\",\"potentialAction\":[{\"@type\":\"ReadAction\",\"target\":[\"https:\\\/\\\/mauritianfoodsonline.com\\\/sv\\\/om-oss\\\/\"]}]},{\"@type\":\"ImageObject\",\"inLanguage\":\"sv-SE\",\"@id\":\"https:\\\/\\\/mauritianfoodsonline.com\\\/sv\\\/om-oss\\\/#primaryimage\",\"url\":\"https:\\\/\\\/mauritianfoodsonline.com\\\/wp-content\\\/uploads\\\/2022\\\/07\\\/abt1.jpg\",\"contentUrl\":\"https:\\\/\\\/mauritianfoodsonline.com\\\/wp-content\\\/uploads\\\/2022\\\/07\\\/abt1.jpg\",\"width\":457,\"height\":411},{\"@type\":\"BreadcrumbList\",\"@id\":\"https:\\\/\\\/mauritianfoodsonline.com\\\/sv\\\/om-oss\\\/#breadcrumb\",\"itemListElement\":[{\"@type\":\"ListItem\",\"position\":1,\"name\":\"Home\",\"item\":\"https:\\\/\\\/mauritianfoodsonline.com\\\/sv\\\/\"},{\"@type\":\"ListItem\",\"position\":2,\"name\":\"Om oss\"}]},{\"@type\":\"WebSite\",\"@id\":\"https:\\\/\\\/mauritianfoodsonline.com\\\/#website\",\"url\":\"https:\\\/\\\/mauritianfoodsonline.com\\\/\",\"name\":\"Mauritian Foods Online\",\"description\":\"Online\",\"publisher\":{\"@id\":\"https:\\\/\\\/mauritianfoodsonline.com\\\/#organization\"},\"potentialAction\":[{\"@type\":\"SearchAction\",\"target\":{\"@type\":\"EntryPoint\",\"urlTemplate\":\"https:\\\/\\\/mauritianfoodsonline.com\\\/?s={search_term_string}\"},\"query-input\":{\"@type\":\"PropertyValueSpecification\",\"valueRequired\":true,\"valueName\":\"search_term_string\"}}],\"inLanguage\":\"sv-SE\"},{\"@type\":\"Organization\",\"@id\":\"https:\\\/\\\/mauritianfoodsonline.com\\\/#organization\",\"name\":\"Mauritian Foods Online\",\"url\":\"https:\\\/\\\/mauritianfoodsonline.com\\\/\",\"logo\":{\"@type\":\"ImageObject\",\"inLanguage\":\"sv-SE\",\"@id\":\"https:\\\/\\\/mauritianfoodsonline.com\\\/#\\\/schema\\\/logo\\\/image\\\/\",\"url\":\"https:\\\/\\\/mauritianfoodsonline.com\\\/wp-content\\\/uploads\\\/2024\\\/11\\\/svgviewer-png-output-1.png\",\"contentUrl\":\"https:\\\/\\\/mauritianfoodsonline.com\\\/wp-content\\\/uploads\\\/2024\\\/11\\\/svgviewer-png-output-1.png\",\"width\":106,\"height\":109,\"caption\":\"Mauritian Foods Online\"},\"image\":{\"@id\":\"https:\\\/\\\/mauritianfoodsonline.com\\\/#\\\/schema\\\/logo\\\/image\\\/\"},\"sameAs\":[\"https:\\\/\\\/www.facebook.com\\\/mauritianfoodsonlineuk\\\/\",\"https:\\\/\\\/x.com\\\/mauritian_foods\",\"https:\\\/\\\/www.instagram.com\\\/mauritianfoodsonline\\\/#\"]}]}<\/script>\n<!-- \/ Yoast SEO plugin. -->","yoast_head_json":{"title":"About Us - Mauritian Foods Online | Authentic Mauritian Groceries","description":"Discover the essence of Mauritius with Mauritian Foods Online. We deliver authentic Mauritian groceries, spices, and traditional ingredients worldwide. Shop now for a true taste of Mauritius!","robots":{"index":"index","follow":"follow","max-snippet":"max-snippet:-1","max-image-preview":"max-image-preview:large","max-video-preview":"max-video-preview:-1"},"canonical":"https:\/\/mauritianfoodsonline.com\/sv\/om-oss\/","og_locale":"sv_SE","og_type":"article","og_title":"About Us - Mauritian Foods Online | Authentic Mauritian Groceries","og_description":"Discover the essence of Mauritius with Mauritian Foods Online. We deliver authentic Mauritian groceries, spices, and traditional ingredients worldwide. Shop now for a true taste of Mauritius!","og_url":"https:\/\/mauritianfoodsonline.com\/sv\/om-oss\/","og_site_name":"Mauritian Foods Online","article_publisher":"https:\/\/www.facebook.com\/mauritianfoodsonlineuk\/","og_image":[{"width":457,"height":411,"url":"https:\/\/mauritianfoodsonline.com\/wp-content\/uploads\/2022\/07\/abt1.jpg","type":"image\/jpeg"}],"twitter_card":"summary_large_image","twitter_site":"@mauritian_foods","twitter_misc":{"Ber\u00e4knad l\u00e4stid":"1 minut"},"schema":{"@context":"https:\/\/schema.org","@graph":[{"@type":"WebPage","@id":"https:\/\/mauritianfoodsonline.com\/sv\/om-oss\/","url":"https:\/\/mauritianfoodsonline.com\/sv\/om-oss\/","name":"About Us - Mauritian Foods Online | Authentic Mauritian Groceries","isPartOf":{"@id":"https:\/\/mauritianfoodsonline.com\/#website"},"primaryImageOfPage":{"@id":"https:\/\/mauritianfoodsonline.com\/sv\/om-oss\/#primaryimage"},"image":{"@id":"https:\/\/mauritianfoodsonline.com\/sv\/om-oss\/#primaryimage"},"thumbnailUrl":"https:\/\/mauritianfoodsonline.com\/wp-content\/uploads\/2022\/07\/abt1.jpg","datePublished":"2022-07-18T19:20:19+00:00","description":"Discover the essence of Mauritius with Mauritian Foods Online. We deliver authentic Mauritian groceries, spices, and traditional ingredients worldwide. Shop now for a true taste of Mauritius!","breadcrumb":{"@id":"https:\/\/mauritianfoodsonline.com\/sv\/om-oss\/#breadcrumb"},"inLanguage":"sv-SE","potentialAction":[{"@type":"ReadAction","target":["https:\/\/mauritianfoodsonline.com\/sv\/om-oss\/"]}]},{"@type":"ImageObject","inLanguage":"sv-SE","@id":"https:\/\/mauritianfoodsonline.com\/sv\/om-oss\/#primaryimage","url":"https:\/\/mauritianfoodsonline.com\/wp-content\/uploads\/2022\/07\/abt1.jpg","contentUrl":"https:\/\/mauritianfoodsonline.com\/wp-content\/uploads\/2022\/07\/abt1.jpg","width":457,"height":411},{"@type":"BreadcrumbList","@id":"https:\/\/mauritianfoodsonline.com\/sv\/om-oss\/#breadcrumb","itemListElement":[{"@type":"ListItem","position":1,"name":"Home","item":"https:\/\/mauritianfoodsonline.com\/sv\/"},{"@type":"ListItem","position":2,"name":"Om oss"}]},{"@type":"WebSite","@id":"https:\/\/mauritianfoodsonline.com\/#website","url":"https:\/\/mauritianfoodsonline.com\/","name":"Mauritian Foods Online","description":"Online","publisher":{"@id":"https:\/\/mauritianfoodsonline.com\/#organization"},"potentialAction":[{"@type":"SearchAction","target":{"@type":"EntryPoint","urlTemplate":"https:\/\/mauritianfoodsonline.com\/?s={search_term_string}"},"query-input":{"@type":"PropertyValueSpecification","valueRequired":true,"valueName":"search_term_string"}}],"inLanguage":"sv-SE"},{"@type":"Organization","@id":"https:\/\/mauritianfoodsonline.com\/#organization","name":"Mauritian Foods Online","url":"https:\/\/mauritianfoodsonline.com\/","logo":{"@type":"ImageObject","inLanguage":"sv-SE","@id":"https:\/\/mauritianfoodsonline.com\/#\/schema\/logo\/image\/","url":"https:\/\/mauritianfoodsonline.com\/wp-content\/uploads\/2024\/11\/svgviewer-png-output-1.png","contentUrl":"https:\/\/mauritianfoodsonline.com\/wp-content\/uploads\/2024\/11\/svgviewer-png-output-1.png","width":106,"height":109,"caption":"Mauritian Foods Online"},"image":{"@id":"https:\/\/mauritianfoodsonline.com\/#\/schema\/logo\/image\/"},"sameAs":["https:\/\/www.facebook.com\/mauritianfoodsonlineuk\/","https:\/\/x.com\/mauritian_foods","https:\/\/www.instagram.com\/mauritianfoodsonline\/#"]}]}},"_links":{"self":[{"href":"https:\/\/mauritianfoodsonline.com\/sv\/wp-json\/wp\/v2\/pages\/46574","targetHints":{"allow":["GET"]}}],"collection":[{"href":"https:\/\/mauritianfoodsonline.com\/sv\/wp-json\/wp\/v2\/pages"}],"about":[{"href":"https:\/\/mauritianfoodsonline.com\/sv\/wp-json\/wp\/v2\/types\/page"}],"author":[{"embeddable":true,"href":"https:\/\/mauritianfoodsonline.com\/sv\/wp-json\/wp\/v2\/users\/1"}],"replies":[{"embeddable":true,"href":"https:\/\/mauritianfoodsonline.com\/sv\/wp-json\/wp\/v2\/comments?post=46574"}],"version-history":[{"count":0,"href":"https:\/\/mauritianfoodsonline.com\/sv\/wp-json\/wp\/v2\/pages\/46574\/revisions"}],"wp:featuredmedia":[{"embeddable":true,"href":"https:\/\/mauritianfoodsonline.com\/sv\/wp-json\/wp\/v2\/media\/35064"}],"wp:attachment":[{"href":"https:\/\/mauritianfoodsonline.com\/sv\/wp-json\/wp\/v2\/media?parent=46574"}],"curies":[{"name":"wp","href":"https:\/\/api.w.org\/{rel}","templated":true}]}}