{"id":46583,"date":"2022-07-15T04:07:34","date_gmt":"2022-07-15T04:07:34","guid":{"rendered":"https:\/\/mauritianfoodsonline.com\/sekretesspolicy\/"},"modified":"2025-05-13T06:34:27","modified_gmt":"2025-05-13T06:34:27","slug":"sekretesspolicy","status":"publish","type":"page","link":"https:\/\/mauritianfoodsonline.com\/sv\/sekretesspolicy\/","title":{"rendered":"Sekretesspolicy"},"content":{"rendered":"&#13;\n<h2 class=\"wp-block-heading\">Vilka vi \u00e4r<\/h2>&#13;\n&#13;\n<p><strong class=\"privacy-policy-tutorial\">Hej: <\/strong>V\u00e5r webbadress \u00e4r: https:\/\/mauritianfoodsonline.com<\/p>&#13;\n&#13;\n<h2 class=\"wp-block-heading\">Engagerad<\/h2>&#13;\n&#13;\n<p><strong class=\"privacy-policy-tutorial\">F\u00f6r att skydda din integritet online: <\/strong>Vi uppskattar att du inte vill att n\u00e5gon personlig information som du kan tillhandah\u00e5lla distribueras urskillningsl\u00f6st. Denna policy f\u00f6rklarar hur vi samlar in din information, vad vi g\u00f6r med den och vilka kontroller du har. <\/p>&#13;\n&#13;\n<p>Denna integritetspolicy beskriver hur din personliga information samlas in, anv\u00e4nds och delas n\u00e4r du bes\u00f6ker eller g\u00f6r ett k\u00f6p fr\u00e5n www.mauritianfoodsonline.com (&#8221;Webbplatsen&#8221;).<\/p>&#13;\n&#13;\n<h2 class=\"wp-block-heading\">Vilka personuppgifter vi samlar in och varf\u00f6r vi samlar in dem<\/h2>&#13;\n&#13;\n<p><strong class=\"privacy-policy-tutorial\">Enhetsinformation: <\/strong>N\u00e4r du bes\u00f6ker webbplatsen samlar vi automatiskt in viss information om din enhet, inklusive information om din webbl\u00e4sare, IP-adress, tidszon och n\u00e5gra av de cookies som \u00e4r installerade p\u00e5 din enhet. N\u00e4r du surfar p\u00e5 webbplatsen samlar vi dessutom in information om de enskilda webbsidorna eller produkterna som du tittar p\u00e5, vilka webbplatser eller s\u00f6ktermer som h\u00e4nvisade dig till webbplatsen och information om hur du interagerar med webbplatsen. Vi h\u00e4nvisar till denna automatiskt insamlade information som &#8221;enhetsinformation&#8221;.  <\/p>&#13;\n<p><strong class=\"privacy-policy-tutorial\">Vi samlar in enhetsinformation med hj\u00e4lp av f\u00f6ljande tekniker<\/strong><\/p>&#13;\n&#13;\n<p><strong class=\"privacy-policy-tutorial\">Cookies: <\/strong>\u201cCookies\u201d are data files that are placed on your device or computer and often include an anonymous unique identifier. For more information about cookies, and how to disable cookies, visit https:\/\/www.allaboutcookies.org.<strong class=\"privacy-policy-tutorial\"><\/strong>.<\/p>&#13;\n&#13;\n<p><strong class=\"privacy-policy-tutorial\">Loggfiler: <\/strong>&#8221;Loggfiler&#8221; sp\u00e5rar \u00e5tg\u00e4rder som sker p\u00e5 webbplatsen och samlar in data inklusive din IP-adress, webbl\u00e4sartyp, Internetleverant\u00f6r, h\u00e4nvisnings-\/utg\u00e5ngssidor och datum-\/tidsst\u00e4mplar.<\/p>&#13;\n&#13;\n<p><strong class=\"privacy-policy-tutorial\">Webbeacons: <\/strong>&#8221;Web beacons&#8221;, &#8221;taggar&#8221; och &#8221;pixlar&#8221; \u00e4r elektroniska filer som anv\u00e4nds f\u00f6r att registrera information om hur du surfar p\u00e5 webbplatsen.<\/p>&#13;\n<p><strong class=\"privacy-policy-tutorial\">Andra sp\u00e5rningstekniker: <\/strong>&#8221;Andra sp\u00e5rningstekniker&#8221; kan testas d\u00e5 och d\u00e5, och kommer att beskrivas h\u00e4r om de implementeras som en permanent fixtur p\u00e5 platsen.<\/p>&#13;\n<p>N\u00e4r du dessutom g\u00f6r ett k\u00f6p eller f\u00f6rs\u00f6ker g\u00f6ra ett k\u00f6p via webbplatsen, samlar vi in \u200b\u200bviss information fr\u00e5n dig, inklusive ditt namn, faktureringsadress, leveransadress, betalningsinformation (inklusive kreditkort, Paypal, Apple Pay, Google pay), e-postadress och telefonnummer. Vi h\u00e4nvisar till denna information som &#8221;Best\u00e4llningsinformation&#8221;. <\/p>&#13;\n<p>N\u00e4r vi talar om &#8221;Personlig information&#8221; i denna integritetspolicy talar vi b\u00e5de om enhetsinformation och best\u00e4llningsinformation.<\/p>&#13;\n&#13;\n<p><strong class=\"privacy-policy-tutorial\">Inb\u00e4ddat inneh\u00e5ll: <\/strong>Artiklar p\u00e5 den h\u00e4r webbplatsen kan inneh\u00e5lla inb\u00e4ddat inneh\u00e5ll (t.ex. videor, bilder, artiklar, etc.). Inb\u00e4ddat inneh\u00e5ll fr\u00e5n andra webbplatser beter sig p\u00e5 exakt samma s\u00e4tt som om bes\u00f6karen har bes\u00f6kt den andra webbplatsen. <\/p>&#13;\n&#13;\n<p>Dessa webbplatser kan samla in data om dig, anv\u00e4nda cookies, b\u00e4dda in ytterligare sp\u00e5rning fr\u00e5n tredje part och \u00f6vervaka din interaktion med det inb\u00e4ddade inneh\u00e5llet, inklusive sp\u00e5rning av din interaktion med det inb\u00e4ddade inneh\u00e5llet om du har ett konto och \u00e4r inloggad p\u00e5 den webbplatsen.<\/p>&#13;\n&#13;\n<h2 class=\"wp-block-heading\">Hur anv\u00e4nder vi dina personuppgifter?<\/h2>&#13;\n&#13;\n<p><strong class=\"privacy-policy-tutorial\">Best\u00e4llningsinformation: <\/strong>Vi anv\u00e4nder best\u00e4llningsinformationen som vi samlar in i allm\u00e4nhet f\u00f6r att utf\u00f6ra alla best\u00e4llningar som g\u00f6rs via webbplatsen (inklusive bearbetning av din betalningsinformation, ordna med frakt och f\u00f6rse dig med fakturor och\/eller orderbekr\u00e4ftelser). Dessutom anv\u00e4nder vi denna best\u00e4llningsinformation f\u00f6r att: <\/p>&#13;\n<ul>&#13;\n<li>Administer your account with us.<\/li>&#13;\n<li>Communicate with you;<\/li>&#13;\n<li>Screen our orders for potential risk or fraud and Verify and carry out financial transactions in relation to payments you make online; and<\/li>&#13;\n<li>When in line with the preferences you have shared with us, provide you with information or advertising relating to our products or services.<\/li>&#13;\n<li>Audit the downloading of data from our website.<\/li>&#13;\n<li>Improve the layout and\/or content of the pages of our website and customize them for users<\/li>&#13;\n<li>Provide you with a more personalized experience on our site.<\/li>&#13;\n<\/ul>&#13;\n<p>Vi anv\u00e4nder enhetsinformationen som vi samlar in f\u00f6r att hj\u00e4lpa oss att unders\u00f6ka potentiella risker och bedr\u00e4gerier (s\u00e4rskilt din IP-adress), och mer allm\u00e4nt f\u00f6r att f\u00f6rb\u00e4ttra och optimera v\u00e5r webbplats (till exempel genom att generera analyser om hur v\u00e5ra kunder surfar och interagerar med webbplatsen, och f\u00f6r att bed\u00f6ma framg\u00e5ngen med v\u00e5ra marknadsf\u00f6rings- och reklamkampanjer).<\/p>&#13;\n<p>Vi anv\u00e4nder \u00e4ven denna information f\u00f6r att rikta in annonsering p\u00e5 nytt med sociala medieplattformar som Facebook, Instagram, Twitter, Tiktok och Google Adwords, du kan v\u00e4lja bort denna form av annonsering genom att kontakta oss direkt, eller via opt-out-mekanismerna f\u00f6r Google, Facebook, Instagram, Twitter, Tiktok med hj\u00e4lp av l\u00e4nkarna nedan.<\/p>&#13;\n&#13;\n<h2 class=\"wp-block-heading\">Dela din personliga information<\/h2>&#13;\n&#13;\n<p><strong class=\"privacy-policy-tutorial\">Delning:<\/strong><\/p>&#13;\n<p>Vi anv\u00e4nder Google Analytics f\u00f6r att hj\u00e4lpa oss f\u00f6rst\u00e5 hur v\u00e5ra kunder anv\u00e4nder webbplatsen \u2013 du kan l\u00e4sa mer om hur Google anv\u00e4nder din personliga information h\u00e4r: https:\/\/www.google.com\/intl\/sv\/policies\/privacy\/.<\/p>&#13;\n<p>Du kan ocks\u00e5 v\u00e4lja bort Google Analytics h\u00e4r: https:\/\/tools.google.com\/dlpage\/gaoptout.<\/p>&#13;\n&#13;\n<h2 class=\"wp-block-heading\">Beteendereklam<\/h2>&#13;\n&#13;\n<p><strong class=\"privacy-policy-tutorial\">Reklam: <\/strong>Som beskrivs ovan anv\u00e4nder vi din personliga information f\u00f6r att f\u00f6rse dig med riktade annonser eller marknadsf\u00f6ringskommunikation som vi tror kan vara av intresse f\u00f6r dig. F\u00f6r mer information om hur riktad annonsering fungerar kan du bes\u00f6ka Network Advertising Initiatives (\u201dNAI\u201d) utbildningssida p\u00e5 https:\/\/www.networkadvertising.org\/understanding-online-advertising\/how-does-it-work. <\/p>&#13;\n<p>Du kan v\u00e4lja bort riktad annonsering genom att anv\u00e4nda l\u00e4nkarna nedan:<br\/>\u2013 Facebook: https:\/\/www.facebook.com\/settings\/?tab=ads<br\/>\u2013 Google: https:\/\/www.google.com\/settings\/ads\/anonymous<br\/>\u2013 Bing: https:\/\/advertise.bingads.microsoft.com\/en-us\/resources\/policies\/personalized-ads<\/p>&#13;\n<p>Dessutom kan du v\u00e4lja bort n\u00e5gra av dessa tj\u00e4nster genom att bes\u00f6ka Digital Advertising Alliances opt-out-portal p\u00e5: https:\/\/optout.aboutads.info\/.<\/p>&#13;\n&#13;\n<h2 class=\"wp-block-heading\">Sp\u00e5ra inte<\/h2>&#13;\n&#13;\n<p><strong class=\"privacy-policy-tutorial\">Sp\u00e5rare: <\/strong>Observera att vi inte \u00e4ndrar v\u00e5r webbplatss datainsamling och anv\u00e4ndningsmetoder n\u00e4r vi ser en sp\u00e5ra inte-signal fr\u00e5n din webbl\u00e4sare.<\/p>&#13;\n<h2>Dina r\u00e4ttigheter<\/h2>&#13;\n<p><strong><\/strong><\/p>&#13;\n<p><strong class=\"privacy-policy-tutorial\">R\u00e4ttigheter: <\/strong>Om du \u00e4r bosatt i Europa har du r\u00e4tt att f\u00e5 tillg\u00e5ng till personlig information vi har om dig och att be att din personliga information korrigeras, uppdateras eller raderas. Om du vill ut\u00f6va denna r\u00e4tt, v\u00e4nligen kontakta oss via kontaktuppgifterna nedan. <\/p>&#13;\n<p>Dessutom, om du \u00e4r bosatt i Europa, noterar vi att vi behandlar din information f\u00f6r att uppfylla avtal vi kan ha med dig (till exempel om du g\u00f6r en best\u00e4llning via webbplatsen), eller p\u00e5 annat s\u00e4tt f\u00f6r att fullf\u00f6lja v\u00e5ra legitima aff\u00e4rsintressen som anges ovan. Observera dessutom att din information kommer att n\u00e5s och eller \u00f6verf\u00f6ras utanf\u00f6r Europa, inklusive till Kanada och USA. <\/p>&#13;\n<h2>Datalagring<\/h2>&#13;\n<p><\/p>&#13;\n<p><strong class=\"privacy-policy-tutorial\">Beh\u00e5llning:<\/strong> N\u00e4r du g\u00f6r en best\u00e4llning via webbplatsen kommer vi att beh\u00e5lla din best\u00e4llningsinformation f\u00f6r v\u00e5ra register om inte och tills du ber oss att radera denna information.<\/p>&#13;\n<h2>\u00c4ndringar<\/h2>&#13;\n<p><\/p>&#13;\n<p><strong class=\"privacy-policy-tutorial\">\u00c4ndringar:<\/strong> Vi kan komma att uppdatera denna integritetspolicy d\u00e5 och d\u00e5 f\u00f6r att \u00e5terspegla, till exempel, \u00e4ndringar i v\u00e5r praxis eller av andra operativa, juridiska eller regulatoriska sk\u00e4l.<\/p>&#13;\n<h2>Minder\u00e5riga<\/h2>&#13;\n<p><\/p>&#13;\n<p><strong class=\"privacy-policy-tutorial\">Anv\u00e4ndare:<\/strong> Webbplatsen \u00e4r inte avsedd f\u00f6r personer under 16 \u00e5r.<\/p>&#13;\n<h2>Kontakta oss<\/h2>&#13;\n<p><\/p>&#13;\n<p><strong class=\"privacy-policy-tutorial\">Kontaktuppgifter: <\/strong>F\u00f6r mer information om v\u00e5r sekretesspraxis, om du har fr\u00e5gor eller om du vill g\u00f6ra ett klagom\u00e5l, v\u00e4nligen kontakta oss via e-post p\u00e5 info@mauritianfoodsonline.com eller per post med hj\u00e4lp av uppgifterna nedan:<\/p>&#13;\n<p>Mauritiansk mat online<\/p>&#13;\n<p>Damini(London) Ltd<\/p>&#13;\n<p>F\u00f6retagsnummer: 10153962<\/p>&#13;\n<p>Privacy Compliance Officer<\/p>&#13;\n<p>Edmonton Green Shopping Centre,<\/p>&#13;\n<p>London, N9 0TZ,<\/p>&#13;\n<p>United Kingdom<\/p>&#13;\n","protected":false},"excerpt":{"rendered":"<p>&#13; Vilka vi \u00e4r &#13; &#13; Hej: V\u00e5r webbadress \u00e4r: https:\/\/mauritianfoodsonline.com &#13; &#13; Engagerad &#13; &#13; F\u00f6r att skydda din integritet online: Vi uppskattar att du inte vill att n\u00e5gon personlig information som du kan tillhandah\u00e5lla distribueras urskillningsl\u00f6st. Denna policy f\u00f6rklarar hur vi samlar in din information, vad vi g\u00f6r med den och vilka kontroller [&hellip;]<\/p>\n","protected":false},"author":1,"featured_media":0,"parent":0,"menu_order":0,"comment_status":"closed","ping_status":"open","template":"","meta":{"_acf_changed":false,"footnotes":""},"class_list":["post-46583","page","type-page","status-publish","hentry"],"acf":[],"yoast_head":"<!-- This site is optimized with the Yoast SEO plugin v27.4 - https:\/\/yoast.com\/product\/yoast-seo-wordpress\/ -->\n<title>Sekretesspolicy - Mauritian Foods Online<\/title>\n<meta name=\"robots\" content=\"index, follow, max-snippet:-1, max-image-preview:large, max-video-preview:-1\" \/>\n<link rel=\"canonical\" href=\"https:\/\/mauritianfoodsonline.com\/sv\/sekretesspolicy\/\" \/>\n<meta property=\"og:locale\" content=\"sv_SE\" \/>\n<meta property=\"og:type\" content=\"article\" \/>\n<meta property=\"og:title\" content=\"Sekretesspolicy - Mauritian Foods Online\" \/>\n<meta property=\"og:description\" content=\"&#013; Vilka vi \u00e4r &#013; &#013; Hej: V\u00e5r webbadress \u00e4r: https:\/\/mauritianfoodsonline.com &#013; &#013; Engagerad &#013; &#013; F\u00f6r att skydda din integritet online: Vi uppskattar att du inte vill att n\u00e5gon personlig information som du kan tillhandah\u00e5lla distribueras urskillningsl\u00f6st. Denna policy f\u00f6rklarar hur vi samlar in din information, vad vi g\u00f6r med den och vilka kontroller [&hellip;]\" \/>\n<meta property=\"og:url\" content=\"https:\/\/mauritianfoodsonline.com\/sv\/sekretesspolicy\/\" \/>\n<meta property=\"og:site_name\" content=\"Mauritian Foods Online\" \/>\n<meta property=\"article:publisher\" content=\"https:\/\/www.facebook.com\/mauritianfoodsonlineuk\/\" \/>\n<meta property=\"article:modified_time\" content=\"2025-05-13T06:34:27+00:00\" \/>\n<meta property=\"og:image\" content=\"https:\/\/mauritianfoodsonline.com\/wp-content\/uploads\/2024\/12\/mauritionLogo.png\" \/>\n\t<meta property=\"og:image:width\" content=\"356\" \/>\n\t<meta property=\"og:image:height\" content=\"109\" \/>\n\t<meta property=\"og:image:type\" content=\"image\/png\" \/>\n<meta name=\"twitter:card\" content=\"summary_large_image\" \/>\n<meta name=\"twitter:site\" content=\"@mauritian_foods\" \/>\n<meta name=\"twitter:label1\" content=\"Ber\u00e4knad l\u00e4stid\" \/>\n\t<meta name=\"twitter:data1\" content=\"6 minuter\" \/>\n<script type=\"application\/ld+json\" class=\"yoast-schema-graph\">{\"@context\":\"https:\\\/\\\/schema.org\",\"@graph\":[{\"@type\":\"WebPage\",\"@id\":\"https:\\\/\\\/mauritianfoodsonline.com\\\/sv\\\/sekretesspolicy\\\/\",\"url\":\"https:\\\/\\\/mauritianfoodsonline.com\\\/sv\\\/sekretesspolicy\\\/\",\"name\":\"Sekretesspolicy - Mauritian Foods Online\",\"isPartOf\":{\"@id\":\"https:\\\/\\\/mauritianfoodsonline.com\\\/#website\"},\"datePublished\":\"2022-07-15T04:07:34+00:00\",\"dateModified\":\"2025-05-13T06:34:27+00:00\",\"breadcrumb\":{\"@id\":\"https:\\\/\\\/mauritianfoodsonline.com\\\/sv\\\/sekretesspolicy\\\/#breadcrumb\"},\"inLanguage\":\"sv-SE\",\"potentialAction\":[{\"@type\":\"ReadAction\",\"target\":[\"https:\\\/\\\/mauritianfoodsonline.com\\\/sv\\\/sekretesspolicy\\\/\"]}]},{\"@type\":\"BreadcrumbList\",\"@id\":\"https:\\\/\\\/mauritianfoodsonline.com\\\/sv\\\/sekretesspolicy\\\/#breadcrumb\",\"itemListElement\":[{\"@type\":\"ListItem\",\"position\":1,\"name\":\"Home\",\"item\":\"https:\\\/\\\/mauritianfoodsonline.com\\\/sv\\\/\"},{\"@type\":\"ListItem\",\"position\":2,\"name\":\"Sekretesspolicy\"}]},{\"@type\":\"WebSite\",\"@id\":\"https:\\\/\\\/mauritianfoodsonline.com\\\/#website\",\"url\":\"https:\\\/\\\/mauritianfoodsonline.com\\\/\",\"name\":\"Mauritian Foods Online\",\"description\":\"Online\",\"publisher\":{\"@id\":\"https:\\\/\\\/mauritianfoodsonline.com\\\/#organization\"},\"potentialAction\":[{\"@type\":\"SearchAction\",\"target\":{\"@type\":\"EntryPoint\",\"urlTemplate\":\"https:\\\/\\\/mauritianfoodsonline.com\\\/?s={search_term_string}\"},\"query-input\":{\"@type\":\"PropertyValueSpecification\",\"valueRequired\":true,\"valueName\":\"search_term_string\"}}],\"inLanguage\":\"sv-SE\"},{\"@type\":\"Organization\",\"@id\":\"https:\\\/\\\/mauritianfoodsonline.com\\\/#organization\",\"name\":\"Mauritian Foods Online\",\"url\":\"https:\\\/\\\/mauritianfoodsonline.com\\\/\",\"logo\":{\"@type\":\"ImageObject\",\"inLanguage\":\"sv-SE\",\"@id\":\"https:\\\/\\\/mauritianfoodsonline.com\\\/#\\\/schema\\\/logo\\\/image\\\/\",\"url\":\"https:\\\/\\\/mauritianfoodsonline.com\\\/wp-content\\\/uploads\\\/2024\\\/11\\\/svgviewer-png-output-1.png\",\"contentUrl\":\"https:\\\/\\\/mauritianfoodsonline.com\\\/wp-content\\\/uploads\\\/2024\\\/11\\\/svgviewer-png-output-1.png\",\"width\":106,\"height\":109,\"caption\":\"Mauritian Foods Online\"},\"image\":{\"@id\":\"https:\\\/\\\/mauritianfoodsonline.com\\\/#\\\/schema\\\/logo\\\/image\\\/\"},\"sameAs\":[\"https:\\\/\\\/www.facebook.com\\\/mauritianfoodsonlineuk\\\/\",\"https:\\\/\\\/x.com\\\/mauritian_foods\",\"https:\\\/\\\/www.instagram.com\\\/mauritianfoodsonline\\\/#\"]}]}<\/script>\n<!-- \/ Yoast SEO plugin. -->","yoast_head_json":{"title":"Sekretesspolicy - Mauritian Foods Online","robots":{"index":"index","follow":"follow","max-snippet":"max-snippet:-1","max-image-preview":"max-image-preview:large","max-video-preview":"max-video-preview:-1"},"canonical":"https:\/\/mauritianfoodsonline.com\/sv\/sekretesspolicy\/","og_locale":"sv_SE","og_type":"article","og_title":"Sekretesspolicy - Mauritian Foods Online","og_description":"&#13; Vilka vi \u00e4r &#13; &#13; Hej: V\u00e5r webbadress \u00e4r: https:\/\/mauritianfoodsonline.com &#13; &#13; Engagerad &#13; &#13; F\u00f6r att skydda din integritet online: Vi uppskattar att du inte vill att n\u00e5gon personlig information som du kan tillhandah\u00e5lla distribueras urskillningsl\u00f6st. Denna policy f\u00f6rklarar hur vi samlar in din information, vad vi g\u00f6r med den och vilka kontroller [&hellip;]","og_url":"https:\/\/mauritianfoodsonline.com\/sv\/sekretesspolicy\/","og_site_name":"Mauritian Foods Online","article_publisher":"https:\/\/www.facebook.com\/mauritianfoodsonlineuk\/","article_modified_time":"2025-05-13T06:34:27+00:00","og_image":[{"width":356,"height":109,"url":"https:\/\/mauritianfoodsonline.com\/wp-content\/uploads\/2024\/12\/mauritionLogo.png","type":"image\/png"}],"twitter_card":"summary_large_image","twitter_site":"@mauritian_foods","twitter_misc":{"Ber\u00e4knad l\u00e4stid":"6 minuter"},"schema":{"@context":"https:\/\/schema.org","@graph":[{"@type":"WebPage","@id":"https:\/\/mauritianfoodsonline.com\/sv\/sekretesspolicy\/","url":"https:\/\/mauritianfoodsonline.com\/sv\/sekretesspolicy\/","name":"Sekretesspolicy - Mauritian Foods Online","isPartOf":{"@id":"https:\/\/mauritianfoodsonline.com\/#website"},"datePublished":"2022-07-15T04:07:34+00:00","dateModified":"2025-05-13T06:34:27+00:00","breadcrumb":{"@id":"https:\/\/mauritianfoodsonline.com\/sv\/sekretesspolicy\/#breadcrumb"},"inLanguage":"sv-SE","potentialAction":[{"@type":"ReadAction","target":["https:\/\/mauritianfoodsonline.com\/sv\/sekretesspolicy\/"]}]},{"@type":"BreadcrumbList","@id":"https:\/\/mauritianfoodsonline.com\/sv\/sekretesspolicy\/#breadcrumb","itemListElement":[{"@type":"ListItem","position":1,"name":"Home","item":"https:\/\/mauritianfoodsonline.com\/sv\/"},{"@type":"ListItem","position":2,"name":"Sekretesspolicy"}]},{"@type":"WebSite","@id":"https:\/\/mauritianfoodsonline.com\/#website","url":"https:\/\/mauritianfoodsonline.com\/","name":"Mauritian Foods Online","description":"Online","publisher":{"@id":"https:\/\/mauritianfoodsonline.com\/#organization"},"potentialAction":[{"@type":"SearchAction","target":{"@type":"EntryPoint","urlTemplate":"https:\/\/mauritianfoodsonline.com\/?s={search_term_string}"},"query-input":{"@type":"PropertyValueSpecification","valueRequired":true,"valueName":"search_term_string"}}],"inLanguage":"sv-SE"},{"@type":"Organization","@id":"https:\/\/mauritianfoodsonline.com\/#organization","name":"Mauritian Foods Online","url":"https:\/\/mauritianfoodsonline.com\/","logo":{"@type":"ImageObject","inLanguage":"sv-SE","@id":"https:\/\/mauritianfoodsonline.com\/#\/schema\/logo\/image\/","url":"https:\/\/mauritianfoodsonline.com\/wp-content\/uploads\/2024\/11\/svgviewer-png-output-1.png","contentUrl":"https:\/\/mauritianfoodsonline.com\/wp-content\/uploads\/2024\/11\/svgviewer-png-output-1.png","width":106,"height":109,"caption":"Mauritian Foods Online"},"image":{"@id":"https:\/\/mauritianfoodsonline.com\/#\/schema\/logo\/image\/"},"sameAs":["https:\/\/www.facebook.com\/mauritianfoodsonlineuk\/","https:\/\/x.com\/mauritian_foods","https:\/\/www.instagram.com\/mauritianfoodsonline\/#"]}]}},"_links":{"self":[{"href":"https:\/\/mauritianfoodsonline.com\/sv\/wp-json\/wp\/v2\/pages\/46583","targetHints":{"allow":["GET"]}}],"collection":[{"href":"https:\/\/mauritianfoodsonline.com\/sv\/wp-json\/wp\/v2\/pages"}],"about":[{"href":"https:\/\/mauritianfoodsonline.com\/sv\/wp-json\/wp\/v2\/types\/page"}],"author":[{"embeddable":true,"href":"https:\/\/mauritianfoodsonline.com\/sv\/wp-json\/wp\/v2\/users\/1"}],"replies":[{"embeddable":true,"href":"https:\/\/mauritianfoodsonline.com\/sv\/wp-json\/wp\/v2\/comments?post=46583"}],"version-history":[{"count":1,"href":"https:\/\/mauritianfoodsonline.com\/sv\/wp-json\/wp\/v2\/pages\/46583\/revisions"}],"predecessor-version":[{"id":46584,"href":"https:\/\/mauritianfoodsonline.com\/sv\/wp-json\/wp\/v2\/pages\/46583\/revisions\/46584"}],"wp:attachment":[{"href":"https:\/\/mauritianfoodsonline.com\/sv\/wp-json\/wp\/v2\/media?parent=46583"}],"curies":[{"name":"wp","href":"https:\/\/api.w.org\/{rel}","templated":true}]}}