{"id":46587,"date":"2022-07-19T04:12:53","date_gmt":"2022-07-19T04:12:53","guid":{"rendered":"https:\/\/mauritianfoodsonline.com\/aterbetalnings-och-returpolicy\/"},"modified":"2025-05-13T06:39:08","modified_gmt":"2025-05-13T06:39:08","slug":"aterbetalnings-och-returpolicy","status":"publish","type":"page","link":"https:\/\/mauritianfoodsonline.com\/sv\/aterbetalnings-och-returpolicy\/","title":{"rendered":"\u00c5terbetalnings- och returpolicy"},"content":{"rendered":"&#13;\n<h2>\u00d6versikt<\/h2>&#13;\n<p><\/p>&#13;\n<p>V\u00e5r \u00e5terbetalnings- och returpolicy varar i 30 dagar. Om det har g\u00e5tt 30 dagar sedan ditt k\u00f6p kan vi inte erbjuda dig full \u00e5terbetalning eller utbyte. <\/p>&#13;\n<p><\/p>&#13;\n<p>F\u00f6r att vara ber\u00e4ttigad till retur m\u00e5ste din vara vara oanv\u00e4nd och i samma skick som du fick den. Den ska ocks\u00e5 vara i originalf\u00f6rpackningen. <\/p>&#13;\n<p><\/p>&#13;\n<p>Flera typer av varor \u00e4r undantagna fr\u00e5n att returneras. \u00d6vriga varor som mat, blommor, tidningar eller tidskrifter kan inte returneras. Vi accepterar inte heller produkter som \u00e4r intima eller sanit\u00e4ra varor, farliga material eller brandfarliga v\u00e4tskor eller gaser.  <\/p>&#13;\n<p><\/p>&#13;\n<p>Ytterligare eng\u00e5ngsartiklar:<\/p>&#13;\n<p><\/p>&#13;\n<ul class=\"wp-block-list\">&#13;\n<li>\n<p>Presentkort<\/p>\n<\/li>&#13;\n<li>\n<p>Nedladdningsbara mjukvaruprodukter<\/p>\n<\/li>&#13;\n<li>\n<p>Vissa h\u00e4lso- och hygienartiklar<\/p>\n<\/li>&#13;\n<\/ul>&#13;\n<p><\/p>&#13;\n<p>F\u00f6r att slutf\u00f6ra din retur beh\u00f6ver vi ett kvitto eller k\u00f6pbevis.<\/p>&#13;\n<p><\/p>&#13;\n<p>Skicka inte tillbaka ditt k\u00f6p till tillverkaren.<\/p>&#13;\n<p><\/p>&#13;\n<p>Det finns vissa situationer d\u00e4r endast partiella \u00e5terbetalningar beviljas:<\/p>&#13;\n<p><\/p>&#13;\n<ul class=\"wp-block-list\">&#13;\n<li>\n<p>Bok med tydliga tecken p\u00e5 anv\u00e4ndning<\/p>\n<\/li>&#13;\n<li>\n<p>CD, DVD, VHS-band, programvara, videospel, kassettband eller vinylskiva som har \u00f6ppnats.<\/p>\n<\/li>&#13;\n<li>\n<p>Alla f\u00f6rem\u00e5l som inte \u00e4r i originalskick, \u00e4r skadade eller saknar delar av sk\u00e4l som inte beror p\u00e5 v\u00e5rt fel.<\/p>\n<\/li>&#13;\n<li>\n<p>Alla varor som returneras mer \u00e4n 30 dagar efter leverans<\/p>\n<\/li>&#13;\n<\/ul>&#13;\n<p><\/p>&#13;\n<h2>\u00c5terbetalningar<\/h2>&#13;\n<p><\/p>&#13;\n<p>N\u00e4r din retur har mottagits och inspekterats skickar vi ett e-postmeddelande till dig f\u00f6r att meddela att vi har tagit emot din returnerade vara. Vi kommer ocks\u00e5 att meddela dig om godk\u00e4nnande eller avslag p\u00e5 din \u00e5terbetalning. <\/p>&#13;\n<p><\/p>&#13;\n<p>Om du blir godk\u00e4nd kommer din \u00e5terbetalning att behandlas och en kredit kommer automatiskt att appliceras p\u00e5 ditt kreditkort eller din ursprungliga betalningsmetod, inom ett visst antal dagar.<\/p>&#13;\n<p><\/p>&#13;\n<h2><b>Sen eller saknad \u00e5terbetalning<\/b><\/h2>&#13;\n<p><\/p>&#13;\n<p>Om du inte har f\u00e5tt n\u00e5gon \u00e5terbetalning \u00e4nnu, kontrollera f\u00f6rst ditt bankkonto igen.<\/p>&#13;\n<p><\/p>&#13;\n<p>Kontakta sedan ditt kreditkortsf\u00f6retag, det kan ta lite tid innan din \u00e5terbetalning publiceras officiellt.<\/p>&#13;\n<p><\/p>&#13;\n<p>Kontakta sedan din bank. Det \u00e4r ofta en viss handl\u00e4ggningstid innan en \u00e5terbetalning bokf\u00f6rs. <\/p>&#13;\n<p><\/p>&#13;\n<p>Om du har gjort allt detta och du fortfarande inte har f\u00e5tt din \u00e5terbetalning \u00e4nnu, kontakta oss p\u00e5 {email address}.<\/p>&#13;\n<p><\/p>&#13;\n<h2><b>F\u00f6rs\u00e4ljningsartiklar<\/b><\/h2>&#13;\n<p><\/p>&#13;\n<p>Endast ordinarie prissatta varor kan \u00e5terbetalas. Reavaror kan inte \u00e5terbetalas. <\/p>&#13;\n<p><\/p>&#13;\n<h2>Utbyten<\/h2>&#13;\n<p><\/p>&#13;\n<p>Vi byter endast ut varor om de \u00e4r defekta eller skadade. Om du beh\u00f6ver byta den mot samma vara, skicka oss ett e-postmeddelande p\u00e5 {email address} och skicka din vara till: {physical address}. <\/p>&#13;\n<p><\/p>&#13;\n<h2>G\u00e5vor<\/h2>&#13;\n<p><\/p>&#13;\n<p>Om varan markerades som en g\u00e5va n\u00e4r den k\u00f6ptes och skickades direkt till dig, f\u00e5r du en g\u00e5vokredit f\u00f6r v\u00e4rdet av din retur. N\u00e4r den returnerade varan har tagits emot skickas ett presentkort till dig. <\/p>&#13;\n<p><\/p>&#13;\n<p>Om varan inte var m\u00e4rkt som en g\u00e5va n\u00e4r den k\u00f6ptes, eller om g\u00e5vogivaren fick best\u00e4llningen skickad till sig sj\u00e4lv f\u00f6r att ge till dig senare, skickar vi en \u00e5terbetalning till g\u00e5vogivaren och de kommer att f\u00e5 reda p\u00e5 din retur.<\/p>&#13;\n<p><\/p>&#13;\n<h2>Frakt returer<\/h2>&#13;\n<p><\/p>&#13;\n<p>F\u00f6r att returnera din produkt b\u00f6r du posta produkten till: {physical address}.<\/p>&#13;\n<p><\/p>&#13;\n<p>Du kommer att st\u00e5 f\u00f6r dina egna fraktkostnader f\u00f6r att returnera din vara. Fraktkostnader \u00e4r ej \u00e5terbetalningsbara. Om du f\u00e5r en \u00e5terbetalning kommer kostnaden f\u00f6r returfrakten att dras av fr\u00e5n din \u00e5terbetalning.  <\/p>&#13;\n<p><\/p>&#13;\n<p>Beroende p\u00e5 var du bor kan tiden det kan ta f\u00f6r din utbytta produkt att n\u00e5 dig variera.<\/p>&#13;\n<p><\/p>&#13;\n<p>Om du returnerar dyrare varor kan du \u00f6verv\u00e4ga att anv\u00e4nda en sp\u00e5rbar frakttj\u00e4nst eller k\u00f6pa fraktf\u00f6rs\u00e4kring. Vi garanterar inte att vi kommer att ta emot din returnerade vara. <\/p>&#13;\n<p><\/p>&#13;\n<h2>Beh\u00f6ver du hj\u00e4lp?<\/h2>&#13;\n<p><\/p>&#13;\n<p>Kontakta oss p\u00e5 <a href=\"mailto:info@mauritianfoodsonline.com\" class=\"cntct\">info@mauritianfoodsonline.com<\/a> f\u00f6r fr\u00e5gor relaterade till \u00e5terbetalningar och returer.<\/p>&#13;\n","protected":false},"excerpt":{"rendered":"<p>&#13; \u00d6versikt &#13; &#13; V\u00e5r \u00e5terbetalnings- och returpolicy varar i 30 dagar. Om det har g\u00e5tt 30 dagar sedan ditt k\u00f6p kan vi inte erbjuda dig full \u00e5terbetalning eller utbyte. &#13; &#13; F\u00f6r att vara ber\u00e4ttigad till retur m\u00e5ste din vara vara oanv\u00e4nd och i samma skick som du fick den. Den ska ocks\u00e5 vara [&hellip;]<\/p>\n","protected":false},"author":1,"featured_media":0,"parent":0,"menu_order":0,"comment_status":"closed","ping_status":"closed","template":"","meta":{"_acf_changed":false,"footnotes":""},"class_list":["post-46587","page","type-page","status-publish","hentry"],"acf":[],"yoast_head":"<!-- This site is optimized with the Yoast SEO plugin v27.3 - https:\/\/yoast.com\/product\/yoast-seo-wordpress\/ -->\n<title>\u00c5terbetalnings- och returpolicy - Mauritian Foods Online<\/title>\n<meta name=\"robots\" content=\"index, follow, max-snippet:-1, max-image-preview:large, max-video-preview:-1\" \/>\n<link rel=\"canonical\" href=\"https:\/\/mauritianfoodsonline.com\/sv\/aterbetalnings-och-returpolicy\/\" \/>\n<meta property=\"og:locale\" content=\"sv_SE\" \/>\n<meta property=\"og:type\" content=\"article\" \/>\n<meta property=\"og:title\" content=\"\u00c5terbetalnings- och returpolicy - Mauritian Foods Online\" \/>\n<meta property=\"og:description\" content=\"&#013; \u00d6versikt &#013; &#013; V\u00e5r \u00e5terbetalnings- och returpolicy varar i 30 dagar. Om det har g\u00e5tt 30 dagar sedan ditt k\u00f6p kan vi inte erbjuda dig full \u00e5terbetalning eller utbyte. &#013; &#013; F\u00f6r att vara ber\u00e4ttigad till retur m\u00e5ste din vara vara oanv\u00e4nd och i samma skick som du fick den. Den ska ocks\u00e5 vara [&hellip;]\" \/>\n<meta property=\"og:url\" content=\"https:\/\/mauritianfoodsonline.com\/sv\/aterbetalnings-och-returpolicy\/\" \/>\n<meta property=\"og:site_name\" content=\"Mauritian Foods Online\" \/>\n<meta property=\"article:publisher\" content=\"https:\/\/www.facebook.com\/mauritianfoodsonlineuk\/\" \/>\n<meta property=\"article:modified_time\" content=\"2025-05-13T06:39:08+00:00\" \/>\n<meta property=\"og:image\" content=\"https:\/\/mauritianfoodsonline.com\/wp-content\/uploads\/2024\/12\/mauritionLogo.png\" \/>\n\t<meta property=\"og:image:width\" content=\"356\" \/>\n\t<meta property=\"og:image:height\" content=\"109\" \/>\n\t<meta property=\"og:image:type\" content=\"image\/png\" \/>\n<meta name=\"twitter:card\" content=\"summary_large_image\" \/>\n<meta name=\"twitter:site\" content=\"@mauritian_foods\" \/>\n<meta name=\"twitter:label1\" content=\"Ber\u00e4knad l\u00e4stid\" \/>\n\t<meta name=\"twitter:data1\" content=\"3 minuter\" \/>\n<script type=\"application\/ld+json\" class=\"yoast-schema-graph\">{\"@context\":\"https:\\\/\\\/schema.org\",\"@graph\":[{\"@type\":\"WebPage\",\"@id\":\"https:\\\/\\\/mauritianfoodsonline.com\\\/sv\\\/aterbetalnings-och-returpolicy\\\/\",\"url\":\"https:\\\/\\\/mauritianfoodsonline.com\\\/sv\\\/aterbetalnings-och-returpolicy\\\/\",\"name\":\"\u00c5terbetalnings- och returpolicy - Mauritian Foods Online\",\"isPartOf\":{\"@id\":\"https:\\\/\\\/mauritianfoodsonline.com\\\/#website\"},\"datePublished\":\"2022-07-19T04:12:53+00:00\",\"dateModified\":\"2025-05-13T06:39:08+00:00\",\"breadcrumb\":{\"@id\":\"https:\\\/\\\/mauritianfoodsonline.com\\\/sv\\\/aterbetalnings-och-returpolicy\\\/#breadcrumb\"},\"inLanguage\":\"sv-SE\",\"potentialAction\":[{\"@type\":\"ReadAction\",\"target\":[\"https:\\\/\\\/mauritianfoodsonline.com\\\/sv\\\/aterbetalnings-och-returpolicy\\\/\"]}]},{\"@type\":\"BreadcrumbList\",\"@id\":\"https:\\\/\\\/mauritianfoodsonline.com\\\/sv\\\/aterbetalnings-och-returpolicy\\\/#breadcrumb\",\"itemListElement\":[{\"@type\":\"ListItem\",\"position\":1,\"name\":\"Home\",\"item\":\"https:\\\/\\\/mauritianfoodsonline.com\\\/sv\\\/\"},{\"@type\":\"ListItem\",\"position\":2,\"name\":\"\u00c5terbetalnings- och returpolicy\"}]},{\"@type\":\"WebSite\",\"@id\":\"https:\\\/\\\/mauritianfoodsonline.com\\\/#website\",\"url\":\"https:\\\/\\\/mauritianfoodsonline.com\\\/\",\"name\":\"Mauritian Foods Online\",\"description\":\"Online\",\"publisher\":{\"@id\":\"https:\\\/\\\/mauritianfoodsonline.com\\\/#organization\"},\"potentialAction\":[{\"@type\":\"SearchAction\",\"target\":{\"@type\":\"EntryPoint\",\"urlTemplate\":\"https:\\\/\\\/mauritianfoodsonline.com\\\/?s={search_term_string}\"},\"query-input\":{\"@type\":\"PropertyValueSpecification\",\"valueRequired\":true,\"valueName\":\"search_term_string\"}}],\"inLanguage\":\"sv-SE\"},{\"@type\":\"Organization\",\"@id\":\"https:\\\/\\\/mauritianfoodsonline.com\\\/#organization\",\"name\":\"Mauritian Foods Online\",\"url\":\"https:\\\/\\\/mauritianfoodsonline.com\\\/\",\"logo\":{\"@type\":\"ImageObject\",\"inLanguage\":\"sv-SE\",\"@id\":\"https:\\\/\\\/mauritianfoodsonline.com\\\/#\\\/schema\\\/logo\\\/image\\\/\",\"url\":\"https:\\\/\\\/mauritianfoodsonline.com\\\/wp-content\\\/uploads\\\/2024\\\/11\\\/svgviewer-png-output-1.png\",\"contentUrl\":\"https:\\\/\\\/mauritianfoodsonline.com\\\/wp-content\\\/uploads\\\/2024\\\/11\\\/svgviewer-png-output-1.png\",\"width\":106,\"height\":109,\"caption\":\"Mauritian Foods Online\"},\"image\":{\"@id\":\"https:\\\/\\\/mauritianfoodsonline.com\\\/#\\\/schema\\\/logo\\\/image\\\/\"},\"sameAs\":[\"https:\\\/\\\/www.facebook.com\\\/mauritianfoodsonlineuk\\\/\",\"https:\\\/\\\/x.com\\\/mauritian_foods\",\"https:\\\/\\\/www.instagram.com\\\/mauritianfoodsonline\\\/#\"]}]}<\/script>\n<!-- \/ Yoast SEO plugin. -->","yoast_head_json":{"title":"\u00c5terbetalnings- och returpolicy - Mauritian Foods Online","robots":{"index":"index","follow":"follow","max-snippet":"max-snippet:-1","max-image-preview":"max-image-preview:large","max-video-preview":"max-video-preview:-1"},"canonical":"https:\/\/mauritianfoodsonline.com\/sv\/aterbetalnings-och-returpolicy\/","og_locale":"sv_SE","og_type":"article","og_title":"\u00c5terbetalnings- och returpolicy - Mauritian Foods Online","og_description":"&#13; \u00d6versikt &#13; &#13; V\u00e5r \u00e5terbetalnings- och returpolicy varar i 30 dagar. Om det har g\u00e5tt 30 dagar sedan ditt k\u00f6p kan vi inte erbjuda dig full \u00e5terbetalning eller utbyte. &#13; &#13; F\u00f6r att vara ber\u00e4ttigad till retur m\u00e5ste din vara vara oanv\u00e4nd och i samma skick som du fick den. Den ska ocks\u00e5 vara [&hellip;]","og_url":"https:\/\/mauritianfoodsonline.com\/sv\/aterbetalnings-och-returpolicy\/","og_site_name":"Mauritian Foods Online","article_publisher":"https:\/\/www.facebook.com\/mauritianfoodsonlineuk\/","article_modified_time":"2025-05-13T06:39:08+00:00","og_image":[{"width":356,"height":109,"url":"https:\/\/mauritianfoodsonline.com\/wp-content\/uploads\/2024\/12\/mauritionLogo.png","type":"image\/png"}],"twitter_card":"summary_large_image","twitter_site":"@mauritian_foods","twitter_misc":{"Ber\u00e4knad l\u00e4stid":"3 minuter"},"schema":{"@context":"https:\/\/schema.org","@graph":[{"@type":"WebPage","@id":"https:\/\/mauritianfoodsonline.com\/sv\/aterbetalnings-och-returpolicy\/","url":"https:\/\/mauritianfoodsonline.com\/sv\/aterbetalnings-och-returpolicy\/","name":"\u00c5terbetalnings- och returpolicy - Mauritian Foods Online","isPartOf":{"@id":"https:\/\/mauritianfoodsonline.com\/#website"},"datePublished":"2022-07-19T04:12:53+00:00","dateModified":"2025-05-13T06:39:08+00:00","breadcrumb":{"@id":"https:\/\/mauritianfoodsonline.com\/sv\/aterbetalnings-och-returpolicy\/#breadcrumb"},"inLanguage":"sv-SE","potentialAction":[{"@type":"ReadAction","target":["https:\/\/mauritianfoodsonline.com\/sv\/aterbetalnings-och-returpolicy\/"]}]},{"@type":"BreadcrumbList","@id":"https:\/\/mauritianfoodsonline.com\/sv\/aterbetalnings-och-returpolicy\/#breadcrumb","itemListElement":[{"@type":"ListItem","position":1,"name":"Home","item":"https:\/\/mauritianfoodsonline.com\/sv\/"},{"@type":"ListItem","position":2,"name":"\u00c5terbetalnings- och returpolicy"}]},{"@type":"WebSite","@id":"https:\/\/mauritianfoodsonline.com\/#website","url":"https:\/\/mauritianfoodsonline.com\/","name":"Mauritian Foods Online","description":"Online","publisher":{"@id":"https:\/\/mauritianfoodsonline.com\/#organization"},"potentialAction":[{"@type":"SearchAction","target":{"@type":"EntryPoint","urlTemplate":"https:\/\/mauritianfoodsonline.com\/?s={search_term_string}"},"query-input":{"@type":"PropertyValueSpecification","valueRequired":true,"valueName":"search_term_string"}}],"inLanguage":"sv-SE"},{"@type":"Organization","@id":"https:\/\/mauritianfoodsonline.com\/#organization","name":"Mauritian Foods Online","url":"https:\/\/mauritianfoodsonline.com\/","logo":{"@type":"ImageObject","inLanguage":"sv-SE","@id":"https:\/\/mauritianfoodsonline.com\/#\/schema\/logo\/image\/","url":"https:\/\/mauritianfoodsonline.com\/wp-content\/uploads\/2024\/11\/svgviewer-png-output-1.png","contentUrl":"https:\/\/mauritianfoodsonline.com\/wp-content\/uploads\/2024\/11\/svgviewer-png-output-1.png","width":106,"height":109,"caption":"Mauritian Foods Online"},"image":{"@id":"https:\/\/mauritianfoodsonline.com\/#\/schema\/logo\/image\/"},"sameAs":["https:\/\/www.facebook.com\/mauritianfoodsonlineuk\/","https:\/\/x.com\/mauritian_foods","https:\/\/www.instagram.com\/mauritianfoodsonline\/#"]}]}},"_links":{"self":[{"href":"https:\/\/mauritianfoodsonline.com\/sv\/wp-json\/wp\/v2\/pages\/46587","targetHints":{"allow":["GET"]}}],"collection":[{"href":"https:\/\/mauritianfoodsonline.com\/sv\/wp-json\/wp\/v2\/pages"}],"about":[{"href":"https:\/\/mauritianfoodsonline.com\/sv\/wp-json\/wp\/v2\/types\/page"}],"author":[{"embeddable":true,"href":"https:\/\/mauritianfoodsonline.com\/sv\/wp-json\/wp\/v2\/users\/1"}],"replies":[{"embeddable":true,"href":"https:\/\/mauritianfoodsonline.com\/sv\/wp-json\/wp\/v2\/comments?post=46587"}],"version-history":[{"count":1,"href":"https:\/\/mauritianfoodsonline.com\/sv\/wp-json\/wp\/v2\/pages\/46587\/revisions"}],"predecessor-version":[{"id":46588,"href":"https:\/\/mauritianfoodsonline.com\/sv\/wp-json\/wp\/v2\/pages\/46587\/revisions\/46588"}],"wp:attachment":[{"href":"https:\/\/mauritianfoodsonline.com\/sv\/wp-json\/wp\/v2\/media?parent=46587"}],"curies":[{"name":"wp","href":"https:\/\/api.w.org\/{rel}","templated":true}]}}