{"id":45223,"date":"2024-08-09T05:00:25","date_gmt":"2024-08-09T05:00:25","guid":{"rendered":"https:\/\/mauritianfoodsonline.com\/product\/satini-bomli-bon-gout-2\/"},"modified":"2025-05-13T10:53:45","modified_gmt":"2025-05-13T10:53:45","slug":"satini-bomli-bon-gout-2","status":"publish","type":"product","link":"https:\/\/mauritianfoodsonline.com\/sv\/product\/satini-bomli-bon-gout-2\/","title":{"rendered":"Satini Bomli \u2013 Bon Gout"},"content":{"rendered":"<p>Satini \u00e4r det kreolska ordet f\u00f6r chutney. Som n\u00e4mnts p\u00e5 huvudsidan Matlagning per land \u00e4r curryr\u00e4tter mycket popul\u00e4ra p\u00e5 Mauritius och, precis som i Indien, skulle m\u00e5ltiden inte vara komplett utan en eller tv\u00e5 chutneys som tillbeh\u00f6r, \u00e4ven om Satini p\u00e5 Mauritius har f\u00e5tt en st\u00f6rre roll och serverats som dipp eller aptitretare samt som tillbeh\u00f6r till olika huvudr\u00e4tter. <\/p>\n","protected":false},"excerpt":{"rendered":"<p>Satini \u00e4r det kreolska ordet f\u00f6r chutney. Som n\u00e4mnts p\u00e5 huvudsidan Matlagning per land \u00e4r curryr\u00e4tter mycket popul\u00e4ra p\u00e5 Mauritius och, precis som i Indien, skulle m\u00e5ltiden inte vara komplett utan en eller tv\u00e5 chutneys som tillbeh\u00f6r, \u00e4ven om Satini p\u00e5 Mauritius har f\u00e5tt en st\u00f6rre roll och serverats som dipp eller aptitretare samt som tillbeh\u00f6r till olika huvudr\u00e4tter. <\/p>\n","protected":false},"featured_media":36096,"comment_status":"open","ping_status":"closed","template":"","meta":{"_acf_changed":false},"special-offers":[],"product_brand":[],"product_cat":[715,304,308],"product_tag":[],"class_list":{"0":"post-45223","1":"product","2":"type-product","3":"status-publish","4":"has-post-thumbnail","6":"product_cat-fish-seafood-sv","7":"product_cat-mauritian-4","8":"product_cat-pickles-relishes-5","10":"first","11":"outofstock","12":"purchasable","13":"product-type-simple","14":"add-to-wishlist-before_image"},"acf":[],"yoast_head":"<!-- This site is optimized with the Yoast SEO plugin v27.3 - https:\/\/yoast.com\/product\/yoast-seo-wordpress\/ -->\n<title>Satini Bomli \u2013 Bon Gout - Mauritian Foods Online<\/title>\n<meta name=\"robots\" content=\"index, follow, max-snippet:-1, max-image-preview:large, max-video-preview:-1\" \/>\n<link rel=\"canonical\" href=\"https:\/\/mauritianfoodsonline.com\/sv\/product\/satini-bomli-bon-gout-2\/\" \/>\n<meta property=\"og:locale\" content=\"sv_SE\" \/>\n<meta property=\"og:type\" content=\"article\" \/>\n<meta property=\"og:title\" content=\"Satini Bomli \u2013 Bon Gout - Mauritian Foods Online\" \/>\n<meta property=\"og:description\" content=\"Satini \u00e4r det kreolska ordet f\u00f6r chutney. Som n\u00e4mnts p\u00e5 huvudsidan Matlagning per land \u00e4r curryr\u00e4tter mycket popul\u00e4ra p\u00e5 Mauritius och, precis som i Indien, skulle m\u00e5ltiden inte vara komplett utan en eller tv\u00e5 chutneys som tillbeh\u00f6r, \u00e4ven om Satini p\u00e5 Mauritius har f\u00e5tt en st\u00f6rre roll och serverats som dipp eller aptitretare samt som tillbeh\u00f6r till olika huvudr\u00e4tter.\" \/>\n<meta property=\"og:url\" content=\"https:\/\/mauritianfoodsonline.com\/sv\/product\/satini-bomli-bon-gout-2\/\" \/>\n<meta property=\"og:site_name\" content=\"Mauritian Foods Online\" \/>\n<meta property=\"article:publisher\" content=\"https:\/\/www.facebook.com\/mauritianfoodsonlineuk\/\" \/>\n<meta property=\"article:modified_time\" content=\"2025-05-13T10:53:45+00:00\" \/>\n<meta property=\"og:image\" content=\"https:\/\/mauritianfoodsonline.com\/wp-content\/uploads\/2024\/08\/RTZ_4374b.jpg\" \/>\n\t<meta property=\"og:image:width\" content=\"800\" \/>\n\t<meta property=\"og:image:height\" content=\"800\" \/>\n\t<meta property=\"og:image:type\" content=\"image\/jpeg\" \/>\n<meta name=\"twitter:card\" content=\"summary_large_image\" \/>\n<meta name=\"twitter:site\" content=\"@mauritian_foods\" \/>\n<script type=\"application\/ld+json\" class=\"yoast-schema-graph\">{\"@context\":\"https:\\\/\\\/schema.org\",\"@graph\":[{\"@type\":\"WebPage\",\"@id\":\"https:\\\/\\\/mauritianfoodsonline.com\\\/sv\\\/product\\\/satini-bomli-bon-gout-2\\\/\",\"url\":\"https:\\\/\\\/mauritianfoodsonline.com\\\/sv\\\/product\\\/satini-bomli-bon-gout-2\\\/\",\"name\":\"Satini Bomli \u2013 Bon Gout - Mauritian Foods Online\",\"isPartOf\":{\"@id\":\"https:\\\/\\\/mauritianfoodsonline.com\\\/#website\"},\"primaryImageOfPage\":{\"@id\":\"https:\\\/\\\/mauritianfoodsonline.com\\\/sv\\\/product\\\/satini-bomli-bon-gout-2\\\/#primaryimage\"},\"image\":{\"@id\":\"https:\\\/\\\/mauritianfoodsonline.com\\\/sv\\\/product\\\/satini-bomli-bon-gout-2\\\/#primaryimage\"},\"thumbnailUrl\":\"https:\\\/\\\/mauritianfoodsonline.com\\\/wp-content\\\/uploads\\\/2024\\\/08\\\/RTZ_4374b.jpg\",\"datePublished\":\"2024-08-09T05:00:25+00:00\",\"dateModified\":\"2025-05-13T10:53:45+00:00\",\"breadcrumb\":{\"@id\":\"https:\\\/\\\/mauritianfoodsonline.com\\\/sv\\\/product\\\/satini-bomli-bon-gout-2\\\/#breadcrumb\"},\"inLanguage\":\"sv-SE\",\"potentialAction\":[{\"@type\":\"ReadAction\",\"target\":[\"https:\\\/\\\/mauritianfoodsonline.com\\\/sv\\\/product\\\/satini-bomli-bon-gout-2\\\/\"]}]},{\"@type\":\"ImageObject\",\"inLanguage\":\"sv-SE\",\"@id\":\"https:\\\/\\\/mauritianfoodsonline.com\\\/sv\\\/product\\\/satini-bomli-bon-gout-2\\\/#primaryimage\",\"url\":\"https:\\\/\\\/mauritianfoodsonline.com\\\/wp-content\\\/uploads\\\/2024\\\/08\\\/RTZ_4374b.jpg\",\"contentUrl\":\"https:\\\/\\\/mauritianfoodsonline.com\\\/wp-content\\\/uploads\\\/2024\\\/08\\\/RTZ_4374b.jpg\",\"width\":800,\"height\":800},{\"@type\":\"BreadcrumbList\",\"@id\":\"https:\\\/\\\/mauritianfoodsonline.com\\\/sv\\\/product\\\/satini-bomli-bon-gout-2\\\/#breadcrumb\",\"itemListElement\":[{\"@type\":\"ListItem\",\"position\":1,\"name\":\"Home\",\"item\":\"https:\\\/\\\/mauritianfoodsonline.com\\\/sv\\\/\"},{\"@type\":\"ListItem\",\"position\":2,\"name\":\"Butik\",\"item\":\"https:\\\/\\\/mauritianfoodsonline.com\\\/sv\\\/butik\\\/\"},{\"@type\":\"ListItem\",\"position\":3,\"name\":\"Satini Bomli \u2013 Bon Gout\"}]},{\"@type\":\"WebSite\",\"@id\":\"https:\\\/\\\/mauritianfoodsonline.com\\\/#website\",\"url\":\"https:\\\/\\\/mauritianfoodsonline.com\\\/\",\"name\":\"Mauritian Foods Online\",\"description\":\"Online\",\"publisher\":{\"@id\":\"https:\\\/\\\/mauritianfoodsonline.com\\\/#organization\"},\"potentialAction\":[{\"@type\":\"SearchAction\",\"target\":{\"@type\":\"EntryPoint\",\"urlTemplate\":\"https:\\\/\\\/mauritianfoodsonline.com\\\/?s={search_term_string}\"},\"query-input\":{\"@type\":\"PropertyValueSpecification\",\"valueRequired\":true,\"valueName\":\"search_term_string\"}}],\"inLanguage\":\"sv-SE\"},{\"@type\":\"Organization\",\"@id\":\"https:\\\/\\\/mauritianfoodsonline.com\\\/#organization\",\"name\":\"Mauritian Foods Online\",\"url\":\"https:\\\/\\\/mauritianfoodsonline.com\\\/\",\"logo\":{\"@type\":\"ImageObject\",\"inLanguage\":\"sv-SE\",\"@id\":\"https:\\\/\\\/mauritianfoodsonline.com\\\/#\\\/schema\\\/logo\\\/image\\\/\",\"url\":\"https:\\\/\\\/mauritianfoodsonline.com\\\/wp-content\\\/uploads\\\/2024\\\/11\\\/svgviewer-png-output-1.png\",\"contentUrl\":\"https:\\\/\\\/mauritianfoodsonline.com\\\/wp-content\\\/uploads\\\/2024\\\/11\\\/svgviewer-png-output-1.png\",\"width\":106,\"height\":109,\"caption\":\"Mauritian Foods Online\"},\"image\":{\"@id\":\"https:\\\/\\\/mauritianfoodsonline.com\\\/#\\\/schema\\\/logo\\\/image\\\/\"},\"sameAs\":[\"https:\\\/\\\/www.facebook.com\\\/mauritianfoodsonlineuk\\\/\",\"https:\\\/\\\/x.com\\\/mauritian_foods\",\"https:\\\/\\\/www.instagram.com\\\/mauritianfoodsonline\\\/#\"]}]}<\/script>\n<!-- \/ Yoast SEO plugin. -->","yoast_head_json":{"title":"Satini Bomli \u2013 Bon Gout - Mauritian Foods Online","robots":{"index":"index","follow":"follow","max-snippet":"max-snippet:-1","max-image-preview":"max-image-preview:large","max-video-preview":"max-video-preview:-1"},"canonical":"https:\/\/mauritianfoodsonline.com\/sv\/product\/satini-bomli-bon-gout-2\/","og_locale":"sv_SE","og_type":"article","og_title":"Satini Bomli \u2013 Bon Gout - Mauritian Foods Online","og_description":"Satini \u00e4r det kreolska ordet f\u00f6r chutney. Som n\u00e4mnts p\u00e5 huvudsidan Matlagning per land \u00e4r curryr\u00e4tter mycket popul\u00e4ra p\u00e5 Mauritius och, precis som i Indien, skulle m\u00e5ltiden inte vara komplett utan en eller tv\u00e5 chutneys som tillbeh\u00f6r, \u00e4ven om Satini p\u00e5 Mauritius har f\u00e5tt en st\u00f6rre roll och serverats som dipp eller aptitretare samt som tillbeh\u00f6r till olika huvudr\u00e4tter.","og_url":"https:\/\/mauritianfoodsonline.com\/sv\/product\/satini-bomli-bon-gout-2\/","og_site_name":"Mauritian Foods Online","article_publisher":"https:\/\/www.facebook.com\/mauritianfoodsonlineuk\/","article_modified_time":"2025-05-13T10:53:45+00:00","og_image":[{"width":800,"height":800,"url":"https:\/\/mauritianfoodsonline.com\/wp-content\/uploads\/2024\/08\/RTZ_4374b.jpg","type":"image\/jpeg"}],"twitter_card":"summary_large_image","twitter_site":"@mauritian_foods","schema":{"@context":"https:\/\/schema.org","@graph":[{"@type":"WebPage","@id":"https:\/\/mauritianfoodsonline.com\/sv\/product\/satini-bomli-bon-gout-2\/","url":"https:\/\/mauritianfoodsonline.com\/sv\/product\/satini-bomli-bon-gout-2\/","name":"Satini Bomli \u2013 Bon Gout - Mauritian Foods Online","isPartOf":{"@id":"https:\/\/mauritianfoodsonline.com\/#website"},"primaryImageOfPage":{"@id":"https:\/\/mauritianfoodsonline.com\/sv\/product\/satini-bomli-bon-gout-2\/#primaryimage"},"image":{"@id":"https:\/\/mauritianfoodsonline.com\/sv\/product\/satini-bomli-bon-gout-2\/#primaryimage"},"thumbnailUrl":"https:\/\/mauritianfoodsonline.com\/wp-content\/uploads\/2024\/08\/RTZ_4374b.jpg","datePublished":"2024-08-09T05:00:25+00:00","dateModified":"2025-05-13T10:53:45+00:00","breadcrumb":{"@id":"https:\/\/mauritianfoodsonline.com\/sv\/product\/satini-bomli-bon-gout-2\/#breadcrumb"},"inLanguage":"sv-SE","potentialAction":[{"@type":"ReadAction","target":["https:\/\/mauritianfoodsonline.com\/sv\/product\/satini-bomli-bon-gout-2\/"]}]},{"@type":"ImageObject","inLanguage":"sv-SE","@id":"https:\/\/mauritianfoodsonline.com\/sv\/product\/satini-bomli-bon-gout-2\/#primaryimage","url":"https:\/\/mauritianfoodsonline.com\/wp-content\/uploads\/2024\/08\/RTZ_4374b.jpg","contentUrl":"https:\/\/mauritianfoodsonline.com\/wp-content\/uploads\/2024\/08\/RTZ_4374b.jpg","width":800,"height":800},{"@type":"BreadcrumbList","@id":"https:\/\/mauritianfoodsonline.com\/sv\/product\/satini-bomli-bon-gout-2\/#breadcrumb","itemListElement":[{"@type":"ListItem","position":1,"name":"Home","item":"https:\/\/mauritianfoodsonline.com\/sv\/"},{"@type":"ListItem","position":2,"name":"Butik","item":"https:\/\/mauritianfoodsonline.com\/sv\/butik\/"},{"@type":"ListItem","position":3,"name":"Satini Bomli \u2013 Bon Gout"}]},{"@type":"WebSite","@id":"https:\/\/mauritianfoodsonline.com\/#website","url":"https:\/\/mauritianfoodsonline.com\/","name":"Mauritian Foods Online","description":"Online","publisher":{"@id":"https:\/\/mauritianfoodsonline.com\/#organization"},"potentialAction":[{"@type":"SearchAction","target":{"@type":"EntryPoint","urlTemplate":"https:\/\/mauritianfoodsonline.com\/?s={search_term_string}"},"query-input":{"@type":"PropertyValueSpecification","valueRequired":true,"valueName":"search_term_string"}}],"inLanguage":"sv-SE"},{"@type":"Organization","@id":"https:\/\/mauritianfoodsonline.com\/#organization","name":"Mauritian Foods Online","url":"https:\/\/mauritianfoodsonline.com\/","logo":{"@type":"ImageObject","inLanguage":"sv-SE","@id":"https:\/\/mauritianfoodsonline.com\/#\/schema\/logo\/image\/","url":"https:\/\/mauritianfoodsonline.com\/wp-content\/uploads\/2024\/11\/svgviewer-png-output-1.png","contentUrl":"https:\/\/mauritianfoodsonline.com\/wp-content\/uploads\/2024\/11\/svgviewer-png-output-1.png","width":106,"height":109,"caption":"Mauritian Foods Online"},"image":{"@id":"https:\/\/mauritianfoodsonline.com\/#\/schema\/logo\/image\/"},"sameAs":["https:\/\/www.facebook.com\/mauritianfoodsonlineuk\/","https:\/\/x.com\/mauritian_foods","https:\/\/www.instagram.com\/mauritianfoodsonline\/#"]}]}},"_links":{"self":[{"href":"https:\/\/mauritianfoodsonline.com\/sv\/wp-json\/wp\/v2\/product\/45223","targetHints":{"allow":["GET"]}}],"collection":[{"href":"https:\/\/mauritianfoodsonline.com\/sv\/wp-json\/wp\/v2\/product"}],"about":[{"href":"https:\/\/mauritianfoodsonline.com\/sv\/wp-json\/wp\/v2\/types\/product"}],"replies":[{"embeddable":true,"href":"https:\/\/mauritianfoodsonline.com\/sv\/wp-json\/wp\/v2\/comments?post=45223"}],"wp:featuredmedia":[{"embeddable":true,"href":"https:\/\/mauritianfoodsonline.com\/sv\/wp-json\/wp\/v2\/media\/36096"}],"wp:attachment":[{"href":"https:\/\/mauritianfoodsonline.com\/sv\/wp-json\/wp\/v2\/media?parent=45223"}],"wp:term":[{"taxonomy":"special-offers","embeddable":true,"href":"https:\/\/mauritianfoodsonline.com\/sv\/wp-json\/wp\/v2\/special-offers?post=45223"},{"taxonomy":"product_brand","embeddable":true,"href":"https:\/\/mauritianfoodsonline.com\/sv\/wp-json\/wp\/v2\/product_brand?post=45223"},{"taxonomy":"product_cat","embeddable":true,"href":"https:\/\/mauritianfoodsonline.com\/sv\/wp-json\/wp\/v2\/product_cat?post=45223"},{"taxonomy":"product_tag","embeddable":true,"href":"https:\/\/mauritianfoodsonline.com\/sv\/wp-json\/wp\/v2\/product_tag?post=45223"}],"curies":[{"name":"wp","href":"https:\/\/api.w.org\/{rel}","templated":true}]}}