{"id":45230,"date":"2024-08-09T04:59:56","date_gmt":"2024-08-09T04:59:56","guid":{"rendered":"https:\/\/mauritianfoodsonline.com\/product\/stewards-lazzat-haleem-smak\/"},"modified":"2025-05-13T10:47:05","modified_gmt":"2025-05-13T10:47:05","slug":"stewards-lazzat-haleem-smak","status":"publish","type":"product","link":"https:\/\/mauritianfoodsonline.com\/sv\/product\/stewards-lazzat-haleem-smak\/","title":{"rendered":"Steward\u2019s Lazzat \u2013 Haleem Flavour"},"content":{"rendered":"<p>Allt b\u00f6rjade fr\u00e5n ingenting av tv\u00e5 personer som utmanade sig sj\u00e4lva att starta n\u00e5got fr\u00e5n grunden. Idag har deras h\u00e5rda arbete, engagemang, engagemang och l\u00e5ngsiktiga vision l\u00f6nat sig i form av Lazzat. <\/p>\n<p>Ordet &#8221;Lazzat&#8221; valdes f\u00f6r verksamheten eftersom det betyder smak och som \u00e4garen &#8221;Bhai Eusuf&#8221;s motto lyder: vad du \u00e4n l\u00e4gger p\u00e5 bordet att \u00e4ta, det ska ha god smak!<\/p>\n<p>Dessa fantastiska kryddor kan anv\u00e4ndas f\u00f6r att g\u00f6ra curryr\u00e4tter och som smaks\u00e4ttning f\u00f6r en m\u00e4ngd olika mauritiska och indiska r\u00e4tter.<\/p>\n","protected":false},"excerpt":{"rendered":"<p>Allt b\u00f6rjade fr\u00e5n ingenting av tv\u00e5 personer som utmanade sig sj\u00e4lva att starta n\u00e5got fr\u00e5n grunden. Idag har deras h\u00e5rda arbete, engagemang, engagemang och l\u00e5ngsiktiga vision l\u00f6nat sig i form av Lazzat. <\/p>\n<p>Ordet &#8221;Lazzat&#8221; valdes f\u00f6r verksamheten eftersom det betyder smak och som \u00e4garen &#8221;Bhai Eusuf&#8221;s motto lyder: vad du \u00e4n l\u00e4gger p\u00e5 bordet att \u00e4ta, det ska ha god smak!<\/p>\n<p>Dessa fantastiska kryddor kan anv\u00e4ndas f\u00f6r att g\u00f6ra curryr\u00e4tter och som smaks\u00e4ttning f\u00f6r en m\u00e4ngd olika mauritiska och indiska r\u00e4tter.<\/p>\n","protected":false},"featured_media":38034,"comment_status":"open","ping_status":"closed","template":"","meta":{"_acf_changed":false},"special-offers":[],"product_brand":[],"product_cat":[445,304,755],"product_tag":[],"class_list":{"0":"post-45230","1":"product","2":"type-product","3":"status-publish","4":"has-post-thumbnail","6":"product_cat-food-cupboard-5","7":"product_cat-mauritian-4","8":"product_cat-spices-sv","9":"brand-lazzat-sv","11":"first","12":"instock","13":"purchasable","14":"product-type-simple","15":"add-to-wishlist-before_image"},"acf":[],"yoast_head":"<!-- This site is optimized with the Yoast SEO plugin v27.3 - https:\/\/yoast.com\/product\/yoast-seo-wordpress\/ -->\n<title>Steward\u2019s Lazzat \u2013 Haleem Flavour - Mauritian Foods Online<\/title>\n<meta name=\"robots\" content=\"index, follow, max-snippet:-1, max-image-preview:large, max-video-preview:-1\" \/>\n<link rel=\"canonical\" href=\"https:\/\/mauritianfoodsonline.com\/sv\/product\/stewards-lazzat-haleem-smak\/\" \/>\n<meta property=\"og:locale\" content=\"sv_SE\" \/>\n<meta property=\"og:type\" content=\"article\" \/>\n<meta property=\"og:title\" content=\"Steward\u2019s Lazzat \u2013 Haleem Flavour - Mauritian Foods Online\" \/>\n<meta property=\"og:description\" content=\"Allt b\u00f6rjade fr\u00e5n ingenting av tv\u00e5 personer som utmanade sig sj\u00e4lva att starta n\u00e5got fr\u00e5n grunden. Idag har deras h\u00e5rda arbete, engagemang, engagemang och l\u00e5ngsiktiga vision l\u00f6nat sig i form av Lazzat.  Ordet &quot;Lazzat&quot; valdes f\u00f6r verksamheten eftersom det betyder smak och som \u00e4garen &quot;Bhai Eusuf&quot;s motto lyder: vad du \u00e4n l\u00e4gger p\u00e5 bordet att \u00e4ta, det ska ha god smak! Dessa fantastiska kryddor kan anv\u00e4ndas f\u00f6r att g\u00f6ra curryr\u00e4tter och som smaks\u00e4ttning f\u00f6r en m\u00e4ngd olika mauritiska och indiska r\u00e4tter.\" \/>\n<meta property=\"og:url\" content=\"https:\/\/mauritianfoodsonline.com\/sv\/product\/stewards-lazzat-haleem-smak\/\" \/>\n<meta property=\"og:site_name\" content=\"Mauritian Foods Online\" \/>\n<meta property=\"article:publisher\" content=\"https:\/\/www.facebook.com\/mauritianfoodsonlineuk\/\" \/>\n<meta property=\"article:modified_time\" content=\"2025-05-13T10:47:05+00:00\" \/>\n<meta property=\"og:image\" content=\"https:\/\/mauritianfoodsonline.com\/wp-content\/uploads\/2024\/08\/MauritianFoods_Web-35.jpg\" \/>\n\t<meta property=\"og:image:width\" content=\"800\" \/>\n\t<meta property=\"og:image:height\" content=\"800\" \/>\n\t<meta property=\"og:image:type\" content=\"image\/jpeg\" \/>\n<meta name=\"twitter:card\" content=\"summary_large_image\" \/>\n<meta name=\"twitter:site\" content=\"@mauritian_foods\" \/>\n<meta name=\"twitter:label1\" content=\"Ber\u00e4knad l\u00e4stid\" \/>\n\t<meta name=\"twitter:data1\" content=\"1 minut\" \/>\n<script type=\"application\/ld+json\" class=\"yoast-schema-graph\">{\"@context\":\"https:\\\/\\\/schema.org\",\"@graph\":[{\"@type\":\"WebPage\",\"@id\":\"https:\\\/\\\/mauritianfoodsonline.com\\\/sv\\\/product\\\/stewards-lazzat-haleem-smak\\\/\",\"url\":\"https:\\\/\\\/mauritianfoodsonline.com\\\/sv\\\/product\\\/stewards-lazzat-haleem-smak\\\/\",\"name\":\"Steward\u2019s Lazzat \u2013 Haleem Flavour - Mauritian Foods Online\",\"isPartOf\":{\"@id\":\"https:\\\/\\\/mauritianfoodsonline.com\\\/#website\"},\"primaryImageOfPage\":{\"@id\":\"https:\\\/\\\/mauritianfoodsonline.com\\\/sv\\\/product\\\/stewards-lazzat-haleem-smak\\\/#primaryimage\"},\"image\":{\"@id\":\"https:\\\/\\\/mauritianfoodsonline.com\\\/sv\\\/product\\\/stewards-lazzat-haleem-smak\\\/#primaryimage\"},\"thumbnailUrl\":\"https:\\\/\\\/mauritianfoodsonline.com\\\/wp-content\\\/uploads\\\/2024\\\/08\\\/MauritianFoods_Web-35.jpg\",\"datePublished\":\"2024-08-09T04:59:56+00:00\",\"dateModified\":\"2025-05-13T10:47:05+00:00\",\"breadcrumb\":{\"@id\":\"https:\\\/\\\/mauritianfoodsonline.com\\\/sv\\\/product\\\/stewards-lazzat-haleem-smak\\\/#breadcrumb\"},\"inLanguage\":\"sv-SE\",\"potentialAction\":[{\"@type\":\"ReadAction\",\"target\":[\"https:\\\/\\\/mauritianfoodsonline.com\\\/sv\\\/product\\\/stewards-lazzat-haleem-smak\\\/\"]}]},{\"@type\":\"ImageObject\",\"inLanguage\":\"sv-SE\",\"@id\":\"https:\\\/\\\/mauritianfoodsonline.com\\\/sv\\\/product\\\/stewards-lazzat-haleem-smak\\\/#primaryimage\",\"url\":\"https:\\\/\\\/mauritianfoodsonline.com\\\/wp-content\\\/uploads\\\/2024\\\/08\\\/MauritianFoods_Web-35.jpg\",\"contentUrl\":\"https:\\\/\\\/mauritianfoodsonline.com\\\/wp-content\\\/uploads\\\/2024\\\/08\\\/MauritianFoods_Web-35.jpg\",\"width\":800,\"height\":800},{\"@type\":\"BreadcrumbList\",\"@id\":\"https:\\\/\\\/mauritianfoodsonline.com\\\/sv\\\/product\\\/stewards-lazzat-haleem-smak\\\/#breadcrumb\",\"itemListElement\":[{\"@type\":\"ListItem\",\"position\":1,\"name\":\"Home\",\"item\":\"https:\\\/\\\/mauritianfoodsonline.com\\\/sv\\\/\"},{\"@type\":\"ListItem\",\"position\":2,\"name\":\"Butik\",\"item\":\"https:\\\/\\\/mauritianfoodsonline.com\\\/sv\\\/butik\\\/\"},{\"@type\":\"ListItem\",\"position\":3,\"name\":\"Steward\u2019s Lazzat \u2013 Haleem Flavour\"}]},{\"@type\":\"WebSite\",\"@id\":\"https:\\\/\\\/mauritianfoodsonline.com\\\/#website\",\"url\":\"https:\\\/\\\/mauritianfoodsonline.com\\\/\",\"name\":\"Mauritian Foods Online\",\"description\":\"Online\",\"publisher\":{\"@id\":\"https:\\\/\\\/mauritianfoodsonline.com\\\/#organization\"},\"potentialAction\":[{\"@type\":\"SearchAction\",\"target\":{\"@type\":\"EntryPoint\",\"urlTemplate\":\"https:\\\/\\\/mauritianfoodsonline.com\\\/?s={search_term_string}\"},\"query-input\":{\"@type\":\"PropertyValueSpecification\",\"valueRequired\":true,\"valueName\":\"search_term_string\"}}],\"inLanguage\":\"sv-SE\"},{\"@type\":\"Organization\",\"@id\":\"https:\\\/\\\/mauritianfoodsonline.com\\\/#organization\",\"name\":\"Mauritian Foods Online\",\"url\":\"https:\\\/\\\/mauritianfoodsonline.com\\\/\",\"logo\":{\"@type\":\"ImageObject\",\"inLanguage\":\"sv-SE\",\"@id\":\"https:\\\/\\\/mauritianfoodsonline.com\\\/#\\\/schema\\\/logo\\\/image\\\/\",\"url\":\"https:\\\/\\\/mauritianfoodsonline.com\\\/wp-content\\\/uploads\\\/2024\\\/11\\\/svgviewer-png-output-1.png\",\"contentUrl\":\"https:\\\/\\\/mauritianfoodsonline.com\\\/wp-content\\\/uploads\\\/2024\\\/11\\\/svgviewer-png-output-1.png\",\"width\":106,\"height\":109,\"caption\":\"Mauritian Foods Online\"},\"image\":{\"@id\":\"https:\\\/\\\/mauritianfoodsonline.com\\\/#\\\/schema\\\/logo\\\/image\\\/\"},\"sameAs\":[\"https:\\\/\\\/www.facebook.com\\\/mauritianfoodsonlineuk\\\/\",\"https:\\\/\\\/x.com\\\/mauritian_foods\",\"https:\\\/\\\/www.instagram.com\\\/mauritianfoodsonline\\\/#\"]}]}<\/script>\n<!-- \/ Yoast SEO plugin. -->","yoast_head_json":{"title":"Steward\u2019s Lazzat \u2013 Haleem Flavour - Mauritian Foods Online","robots":{"index":"index","follow":"follow","max-snippet":"max-snippet:-1","max-image-preview":"max-image-preview:large","max-video-preview":"max-video-preview:-1"},"canonical":"https:\/\/mauritianfoodsonline.com\/sv\/product\/stewards-lazzat-haleem-smak\/","og_locale":"sv_SE","og_type":"article","og_title":"Steward\u2019s Lazzat \u2013 Haleem Flavour - Mauritian Foods Online","og_description":"Allt b\u00f6rjade fr\u00e5n ingenting av tv\u00e5 personer som utmanade sig sj\u00e4lva att starta n\u00e5got fr\u00e5n grunden. Idag har deras h\u00e5rda arbete, engagemang, engagemang och l\u00e5ngsiktiga vision l\u00f6nat sig i form av Lazzat.  Ordet \"Lazzat\" valdes f\u00f6r verksamheten eftersom det betyder smak och som \u00e4garen \"Bhai Eusuf\"s motto lyder: vad du \u00e4n l\u00e4gger p\u00e5 bordet att \u00e4ta, det ska ha god smak! Dessa fantastiska kryddor kan anv\u00e4ndas f\u00f6r att g\u00f6ra curryr\u00e4tter och som smaks\u00e4ttning f\u00f6r en m\u00e4ngd olika mauritiska och indiska r\u00e4tter.","og_url":"https:\/\/mauritianfoodsonline.com\/sv\/product\/stewards-lazzat-haleem-smak\/","og_site_name":"Mauritian Foods Online","article_publisher":"https:\/\/www.facebook.com\/mauritianfoodsonlineuk\/","article_modified_time":"2025-05-13T10:47:05+00:00","og_image":[{"width":800,"height":800,"url":"https:\/\/mauritianfoodsonline.com\/wp-content\/uploads\/2024\/08\/MauritianFoods_Web-35.jpg","type":"image\/jpeg"}],"twitter_card":"summary_large_image","twitter_site":"@mauritian_foods","twitter_misc":{"Ber\u00e4knad l\u00e4stid":"1 minut"},"schema":{"@context":"https:\/\/schema.org","@graph":[{"@type":"WebPage","@id":"https:\/\/mauritianfoodsonline.com\/sv\/product\/stewards-lazzat-haleem-smak\/","url":"https:\/\/mauritianfoodsonline.com\/sv\/product\/stewards-lazzat-haleem-smak\/","name":"Steward\u2019s Lazzat \u2013 Haleem Flavour - Mauritian Foods Online","isPartOf":{"@id":"https:\/\/mauritianfoodsonline.com\/#website"},"primaryImageOfPage":{"@id":"https:\/\/mauritianfoodsonline.com\/sv\/product\/stewards-lazzat-haleem-smak\/#primaryimage"},"image":{"@id":"https:\/\/mauritianfoodsonline.com\/sv\/product\/stewards-lazzat-haleem-smak\/#primaryimage"},"thumbnailUrl":"https:\/\/mauritianfoodsonline.com\/wp-content\/uploads\/2024\/08\/MauritianFoods_Web-35.jpg","datePublished":"2024-08-09T04:59:56+00:00","dateModified":"2025-05-13T10:47:05+00:00","breadcrumb":{"@id":"https:\/\/mauritianfoodsonline.com\/sv\/product\/stewards-lazzat-haleem-smak\/#breadcrumb"},"inLanguage":"sv-SE","potentialAction":[{"@type":"ReadAction","target":["https:\/\/mauritianfoodsonline.com\/sv\/product\/stewards-lazzat-haleem-smak\/"]}]},{"@type":"ImageObject","inLanguage":"sv-SE","@id":"https:\/\/mauritianfoodsonline.com\/sv\/product\/stewards-lazzat-haleem-smak\/#primaryimage","url":"https:\/\/mauritianfoodsonline.com\/wp-content\/uploads\/2024\/08\/MauritianFoods_Web-35.jpg","contentUrl":"https:\/\/mauritianfoodsonline.com\/wp-content\/uploads\/2024\/08\/MauritianFoods_Web-35.jpg","width":800,"height":800},{"@type":"BreadcrumbList","@id":"https:\/\/mauritianfoodsonline.com\/sv\/product\/stewards-lazzat-haleem-smak\/#breadcrumb","itemListElement":[{"@type":"ListItem","position":1,"name":"Home","item":"https:\/\/mauritianfoodsonline.com\/sv\/"},{"@type":"ListItem","position":2,"name":"Butik","item":"https:\/\/mauritianfoodsonline.com\/sv\/butik\/"},{"@type":"ListItem","position":3,"name":"Steward\u2019s Lazzat \u2013 Haleem Flavour"}]},{"@type":"WebSite","@id":"https:\/\/mauritianfoodsonline.com\/#website","url":"https:\/\/mauritianfoodsonline.com\/","name":"Mauritian Foods Online","description":"Online","publisher":{"@id":"https:\/\/mauritianfoodsonline.com\/#organization"},"potentialAction":[{"@type":"SearchAction","target":{"@type":"EntryPoint","urlTemplate":"https:\/\/mauritianfoodsonline.com\/?s={search_term_string}"},"query-input":{"@type":"PropertyValueSpecification","valueRequired":true,"valueName":"search_term_string"}}],"inLanguage":"sv-SE"},{"@type":"Organization","@id":"https:\/\/mauritianfoodsonline.com\/#organization","name":"Mauritian Foods Online","url":"https:\/\/mauritianfoodsonline.com\/","logo":{"@type":"ImageObject","inLanguage":"sv-SE","@id":"https:\/\/mauritianfoodsonline.com\/#\/schema\/logo\/image\/","url":"https:\/\/mauritianfoodsonline.com\/wp-content\/uploads\/2024\/11\/svgviewer-png-output-1.png","contentUrl":"https:\/\/mauritianfoodsonline.com\/wp-content\/uploads\/2024\/11\/svgviewer-png-output-1.png","width":106,"height":109,"caption":"Mauritian Foods Online"},"image":{"@id":"https:\/\/mauritianfoodsonline.com\/#\/schema\/logo\/image\/"},"sameAs":["https:\/\/www.facebook.com\/mauritianfoodsonlineuk\/","https:\/\/x.com\/mauritian_foods","https:\/\/www.instagram.com\/mauritianfoodsonline\/#"]}]}},"_links":{"self":[{"href":"https:\/\/mauritianfoodsonline.com\/sv\/wp-json\/wp\/v2\/product\/45230","targetHints":{"allow":["GET"]}}],"collection":[{"href":"https:\/\/mauritianfoodsonline.com\/sv\/wp-json\/wp\/v2\/product"}],"about":[{"href":"https:\/\/mauritianfoodsonline.com\/sv\/wp-json\/wp\/v2\/types\/product"}],"replies":[{"embeddable":true,"href":"https:\/\/mauritianfoodsonline.com\/sv\/wp-json\/wp\/v2\/comments?post=45230"}],"wp:featuredmedia":[{"embeddable":true,"href":"https:\/\/mauritianfoodsonline.com\/sv\/wp-json\/wp\/v2\/media\/38034"}],"wp:attachment":[{"href":"https:\/\/mauritianfoodsonline.com\/sv\/wp-json\/wp\/v2\/media?parent=45230"}],"wp:term":[{"taxonomy":"special-offers","embeddable":true,"href":"https:\/\/mauritianfoodsonline.com\/sv\/wp-json\/wp\/v2\/special-offers?post=45230"},{"taxonomy":"product_brand","embeddable":true,"href":"https:\/\/mauritianfoodsonline.com\/sv\/wp-json\/wp\/v2\/product_brand?post=45230"},{"taxonomy":"product_cat","embeddable":true,"href":"https:\/\/mauritianfoodsonline.com\/sv\/wp-json\/wp\/v2\/product_cat?post=45230"},{"taxonomy":"product_tag","embeddable":true,"href":"https:\/\/mauritianfoodsonline.com\/sv\/wp-json\/wp\/v2\/product_tag?post=45230"}],"curies":[{"name":"wp","href":"https:\/\/api.w.org\/{rel}","templated":true}]}}