{"id":45302,"date":"2024-08-09T05:03:46","date_gmt":"2024-08-09T05:03:46","guid":{"rendered":"https:\/\/mauritianfoodsonline.com\/product\/sojabitar-trs\/"},"modified":"2025-05-13T10:32:23","modified_gmt":"2025-05-13T10:32:23","slug":"sojabitar-trs","status":"publish","type":"product","link":"https:\/\/mauritianfoodsonline.com\/sv\/product\/sojabitar-trs\/","title":{"rendered":"Soya Chunks &#8211; TRS"},"content":{"rendered":"<p>[fusion_builder_container type=&#8221;flex&#8221; hundred_percent=&#8221;no&#8221; equal_height_columns=&#8221;no&#8221; menu_anchor=&#8221;&#8221; hide_on_mobile=&#8221;small-visibility,medium-visibility,large-visibility&#8221; class=&#8221;&#8221; id=&#8221;&#8221; background_color=&#8221;&#8221; background_image=&#8221;&#8221; background_position=&#8221;center center&#8221; background_repeat=&#8221;no-repeat&#8221; fade=&#8221;no&#8221; background_parallax=&#8221;none&#8221; parallax_speed=&#8221;0.3&#8243; video_mp4=&#8221;&#8221; video_webm=&#8221;&#8221; video_ogv=&#8221;&#8221; video_url=&#8221;&#8221; video_aspect_ratio=&#8221;16:9&#8243; video_loop=&#8221;yes&#8221; video_mute=&#8221;yes&#8221; overlay_color=&#8221;&#8221; video_preview_image=&#8221;&#8221; border_color=&#8221;&#8221; border_style=&#8221;solid&#8221; padding_top=&#8221;&#8221; padding_bottom=&#8221;&#8221; padding_left=&#8221;&#8221; padding_right=&#8221;&#8221;][fusion_builder_row][fusion_builder_column type=&#8221;1_1&#8243; layout=&#8221;1_1&#8243; background_position=&#8221;left top&#8221; background_color=&#8221;&#8221; border_color=&#8221;&#8221; border_style=&#8221;solid&#8221; border_position=&#8221;all&#8221; spacing=&#8221;yes&#8221; background_image=&#8221;&#8221; background_repeat=&#8221;no-repeat&#8221; padding_top=&#8221;&#8221; padding_right=&#8221;&#8221; padding_bottom=&#8221;&#8221; padding_left=&#8221;&#8221; margin_top=&#8221;0px&#8221; margin_bottom=&#8221;0px&#8221; class=&#8221;&#8221; id=&#8221;&#8221; animation_type=&#8221;&#8221; animation_speed=&#8221;0.3&#8243; animation_direction=&#8221;left&#8221; hide_on_mobile=&#8221;small-visibility,medium-visibility,large-visibility&#8221; center_content=&#8221;no&#8221; last=&#8221;true&#8221; min_height=&#8221;&#8221; hover_type=&#8221;none&#8221; link=&#8221;&#8221; border_sizes_top=&#8221;&#8221; border_sizes_bottom=&#8221;&#8221; border_sizes_left=&#8221;&#8221; border_sizes_right=&#8221;&#8221; first=&#8221;true&#8221;][fusion_text]<\/p>\n<p>Dessa sojabitar \u00e4r ett bekv\u00e4mt s\u00e4tt att \u00f6ka ditt proteinintag och kan anv\u00e4ndas som bas f\u00f6r en huvudr\u00e4tt ist\u00e4llet f\u00f6r k\u00f6tt. De \u00e4r sega och fasta, precis som k\u00f6tt. De \u00e4r smakl\u00f6sa och absorberar smaker och kryddor fr\u00e5n ingredienserna runt omkring dem. Bl\u00f6tl\u00e4gg dem f\u00f6re anv\u00e4ndning och smaks\u00e4tt med en krydda som garam masala, med en touch av sojas\u00e5s eller balsamvin\u00e4ger.   <\/p>\n<p>[\/fusion_text][\/fusion_builder_column][\/fusion_builder_row][\/fusion_builder_container]<\/p>\n","protected":false},"excerpt":{"rendered":"<p>Dessa sojabitar \u00e4r ett bekv\u00e4mt s\u00e4tt att \u00f6ka ditt proteinintag och kan anv\u00e4ndas som bas f\u00f6r en huvudm\u00e5ltid ist\u00e4llet f\u00f6r k\u00f6tt.<\/p>\n","protected":false},"featured_media":36354,"comment_status":"open","ping_status":"closed","template":"","meta":{"_acf_changed":false},"special-offers":[],"product_brand":[],"product_cat":[703,445,304],"product_tag":[],"class_list":{"0":"post-45302","1":"product","2":"type-product","3":"status-publish","4":"has-post-thumbnail","6":"product_cat-condiments-sv","7":"product_cat-food-cupboard-5","8":"product_cat-mauritian-4","10":"first","11":"instock","12":"taxable","13":"shipping-taxable","14":"purchasable","15":"product-type-simple","16":"add-to-wishlist-before_image"},"acf":[],"yoast_head":"<!-- This site is optimized with the Yoast SEO plugin v27.3 - https:\/\/yoast.com\/product\/yoast-seo-wordpress\/ -->\n<title>Soya Chunks - TRS - Mauritian Foods Online<\/title>\n<meta name=\"robots\" content=\"index, follow, max-snippet:-1, max-image-preview:large, max-video-preview:-1\" \/>\n<link rel=\"canonical\" href=\"https:\/\/mauritianfoodsonline.com\/sv\/product\/sojabitar-trs\/\" \/>\n<meta property=\"og:locale\" content=\"sv_SE\" \/>\n<meta property=\"og:type\" content=\"article\" \/>\n<meta property=\"og:title\" content=\"Soya Chunks - TRS - Mauritian Foods Online\" \/>\n<meta property=\"og:description\" content=\"Dessa sojabitar \u00e4r ett bekv\u00e4mt s\u00e4tt att \u00f6ka ditt proteinintag och kan anv\u00e4ndas som bas f\u00f6r en huvudm\u00e5ltid ist\u00e4llet f\u00f6r k\u00f6tt.\" \/>\n<meta property=\"og:url\" content=\"https:\/\/mauritianfoodsonline.com\/sv\/product\/sojabitar-trs\/\" \/>\n<meta property=\"og:site_name\" content=\"Mauritian Foods Online\" \/>\n<meta property=\"article:publisher\" content=\"https:\/\/www.facebook.com\/mauritianfoodsonlineuk\/\" \/>\n<meta property=\"article:modified_time\" content=\"2025-05-13T10:32:23+00:00\" \/>\n<meta property=\"og:image\" content=\"https:\/\/mauritianfoodsonline.com\/wp-content\/uploads\/2024\/08\/MFO-88b.jpg\" \/>\n\t<meta property=\"og:image:width\" content=\"800\" \/>\n\t<meta property=\"og:image:height\" content=\"800\" \/>\n\t<meta property=\"og:image:type\" content=\"image\/jpeg\" \/>\n<meta name=\"twitter:card\" content=\"summary_large_image\" \/>\n<meta name=\"twitter:site\" content=\"@mauritian_foods\" \/>\n<meta name=\"twitter:label1\" content=\"Ber\u00e4knad l\u00e4stid\" \/>\n\t<meta name=\"twitter:data1\" content=\"1 minut\" \/>\n<script type=\"application\/ld+json\" class=\"yoast-schema-graph\">{\"@context\":\"https:\\\/\\\/schema.org\",\"@graph\":[{\"@type\":\"WebPage\",\"@id\":\"https:\\\/\\\/mauritianfoodsonline.com\\\/sv\\\/product\\\/sojabitar-trs\\\/\",\"url\":\"https:\\\/\\\/mauritianfoodsonline.com\\\/sv\\\/product\\\/sojabitar-trs\\\/\",\"name\":\"Soya Chunks - TRS - Mauritian Foods Online\",\"isPartOf\":{\"@id\":\"https:\\\/\\\/mauritianfoodsonline.com\\\/#website\"},\"primaryImageOfPage\":{\"@id\":\"https:\\\/\\\/mauritianfoodsonline.com\\\/sv\\\/product\\\/sojabitar-trs\\\/#primaryimage\"},\"image\":{\"@id\":\"https:\\\/\\\/mauritianfoodsonline.com\\\/sv\\\/product\\\/sojabitar-trs\\\/#primaryimage\"},\"thumbnailUrl\":\"https:\\\/\\\/mauritianfoodsonline.com\\\/wp-content\\\/uploads\\\/2024\\\/08\\\/MFO-88b.jpg\",\"datePublished\":\"2024-08-09T05:03:46+00:00\",\"dateModified\":\"2025-05-13T10:32:23+00:00\",\"breadcrumb\":{\"@id\":\"https:\\\/\\\/mauritianfoodsonline.com\\\/sv\\\/product\\\/sojabitar-trs\\\/#breadcrumb\"},\"inLanguage\":\"sv-SE\",\"potentialAction\":[{\"@type\":\"ReadAction\",\"target\":[\"https:\\\/\\\/mauritianfoodsonline.com\\\/sv\\\/product\\\/sojabitar-trs\\\/\"]}]},{\"@type\":\"ImageObject\",\"inLanguage\":\"sv-SE\",\"@id\":\"https:\\\/\\\/mauritianfoodsonline.com\\\/sv\\\/product\\\/sojabitar-trs\\\/#primaryimage\",\"url\":\"https:\\\/\\\/mauritianfoodsonline.com\\\/wp-content\\\/uploads\\\/2024\\\/08\\\/MFO-88b.jpg\",\"contentUrl\":\"https:\\\/\\\/mauritianfoodsonline.com\\\/wp-content\\\/uploads\\\/2024\\\/08\\\/MFO-88b.jpg\",\"width\":800,\"height\":800},{\"@type\":\"BreadcrumbList\",\"@id\":\"https:\\\/\\\/mauritianfoodsonline.com\\\/sv\\\/product\\\/sojabitar-trs\\\/#breadcrumb\",\"itemListElement\":[{\"@type\":\"ListItem\",\"position\":1,\"name\":\"Home\",\"item\":\"https:\\\/\\\/mauritianfoodsonline.com\\\/sv\\\/\"},{\"@type\":\"ListItem\",\"position\":2,\"name\":\"Butik\",\"item\":\"https:\\\/\\\/mauritianfoodsonline.com\\\/sv\\\/butik\\\/\"},{\"@type\":\"ListItem\",\"position\":3,\"name\":\"Soya Chunks &#8211; TRS\"}]},{\"@type\":\"WebSite\",\"@id\":\"https:\\\/\\\/mauritianfoodsonline.com\\\/#website\",\"url\":\"https:\\\/\\\/mauritianfoodsonline.com\\\/\",\"name\":\"Mauritian Foods Online\",\"description\":\"Online\",\"publisher\":{\"@id\":\"https:\\\/\\\/mauritianfoodsonline.com\\\/#organization\"},\"potentialAction\":[{\"@type\":\"SearchAction\",\"target\":{\"@type\":\"EntryPoint\",\"urlTemplate\":\"https:\\\/\\\/mauritianfoodsonline.com\\\/?s={search_term_string}\"},\"query-input\":{\"@type\":\"PropertyValueSpecification\",\"valueRequired\":true,\"valueName\":\"search_term_string\"}}],\"inLanguage\":\"sv-SE\"},{\"@type\":\"Organization\",\"@id\":\"https:\\\/\\\/mauritianfoodsonline.com\\\/#organization\",\"name\":\"Mauritian Foods Online\",\"url\":\"https:\\\/\\\/mauritianfoodsonline.com\\\/\",\"logo\":{\"@type\":\"ImageObject\",\"inLanguage\":\"sv-SE\",\"@id\":\"https:\\\/\\\/mauritianfoodsonline.com\\\/#\\\/schema\\\/logo\\\/image\\\/\",\"url\":\"https:\\\/\\\/mauritianfoodsonline.com\\\/wp-content\\\/uploads\\\/2024\\\/11\\\/svgviewer-png-output-1.png\",\"contentUrl\":\"https:\\\/\\\/mauritianfoodsonline.com\\\/wp-content\\\/uploads\\\/2024\\\/11\\\/svgviewer-png-output-1.png\",\"width\":106,\"height\":109,\"caption\":\"Mauritian Foods Online\"},\"image\":{\"@id\":\"https:\\\/\\\/mauritianfoodsonline.com\\\/#\\\/schema\\\/logo\\\/image\\\/\"},\"sameAs\":[\"https:\\\/\\\/www.facebook.com\\\/mauritianfoodsonlineuk\\\/\",\"https:\\\/\\\/x.com\\\/mauritian_foods\",\"https:\\\/\\\/www.instagram.com\\\/mauritianfoodsonline\\\/#\"]}]}<\/script>\n<!-- \/ Yoast SEO plugin. -->","yoast_head_json":{"title":"Soya Chunks - TRS - Mauritian Foods Online","robots":{"index":"index","follow":"follow","max-snippet":"max-snippet:-1","max-image-preview":"max-image-preview:large","max-video-preview":"max-video-preview:-1"},"canonical":"https:\/\/mauritianfoodsonline.com\/sv\/product\/sojabitar-trs\/","og_locale":"sv_SE","og_type":"article","og_title":"Soya Chunks - TRS - Mauritian Foods Online","og_description":"Dessa sojabitar \u00e4r ett bekv\u00e4mt s\u00e4tt att \u00f6ka ditt proteinintag och kan anv\u00e4ndas som bas f\u00f6r en huvudm\u00e5ltid ist\u00e4llet f\u00f6r k\u00f6tt.","og_url":"https:\/\/mauritianfoodsonline.com\/sv\/product\/sojabitar-trs\/","og_site_name":"Mauritian Foods Online","article_publisher":"https:\/\/www.facebook.com\/mauritianfoodsonlineuk\/","article_modified_time":"2025-05-13T10:32:23+00:00","og_image":[{"width":800,"height":800,"url":"https:\/\/mauritianfoodsonline.com\/wp-content\/uploads\/2024\/08\/MFO-88b.jpg","type":"image\/jpeg"}],"twitter_card":"summary_large_image","twitter_site":"@mauritian_foods","twitter_misc":{"Ber\u00e4knad l\u00e4stid":"1 minut"},"schema":{"@context":"https:\/\/schema.org","@graph":[{"@type":"WebPage","@id":"https:\/\/mauritianfoodsonline.com\/sv\/product\/sojabitar-trs\/","url":"https:\/\/mauritianfoodsonline.com\/sv\/product\/sojabitar-trs\/","name":"Soya Chunks - TRS - Mauritian Foods Online","isPartOf":{"@id":"https:\/\/mauritianfoodsonline.com\/#website"},"primaryImageOfPage":{"@id":"https:\/\/mauritianfoodsonline.com\/sv\/product\/sojabitar-trs\/#primaryimage"},"image":{"@id":"https:\/\/mauritianfoodsonline.com\/sv\/product\/sojabitar-trs\/#primaryimage"},"thumbnailUrl":"https:\/\/mauritianfoodsonline.com\/wp-content\/uploads\/2024\/08\/MFO-88b.jpg","datePublished":"2024-08-09T05:03:46+00:00","dateModified":"2025-05-13T10:32:23+00:00","breadcrumb":{"@id":"https:\/\/mauritianfoodsonline.com\/sv\/product\/sojabitar-trs\/#breadcrumb"},"inLanguage":"sv-SE","potentialAction":[{"@type":"ReadAction","target":["https:\/\/mauritianfoodsonline.com\/sv\/product\/sojabitar-trs\/"]}]},{"@type":"ImageObject","inLanguage":"sv-SE","@id":"https:\/\/mauritianfoodsonline.com\/sv\/product\/sojabitar-trs\/#primaryimage","url":"https:\/\/mauritianfoodsonline.com\/wp-content\/uploads\/2024\/08\/MFO-88b.jpg","contentUrl":"https:\/\/mauritianfoodsonline.com\/wp-content\/uploads\/2024\/08\/MFO-88b.jpg","width":800,"height":800},{"@type":"BreadcrumbList","@id":"https:\/\/mauritianfoodsonline.com\/sv\/product\/sojabitar-trs\/#breadcrumb","itemListElement":[{"@type":"ListItem","position":1,"name":"Home","item":"https:\/\/mauritianfoodsonline.com\/sv\/"},{"@type":"ListItem","position":2,"name":"Butik","item":"https:\/\/mauritianfoodsonline.com\/sv\/butik\/"},{"@type":"ListItem","position":3,"name":"Soya Chunks &#8211; TRS"}]},{"@type":"WebSite","@id":"https:\/\/mauritianfoodsonline.com\/#website","url":"https:\/\/mauritianfoodsonline.com\/","name":"Mauritian Foods Online","description":"Online","publisher":{"@id":"https:\/\/mauritianfoodsonline.com\/#organization"},"potentialAction":[{"@type":"SearchAction","target":{"@type":"EntryPoint","urlTemplate":"https:\/\/mauritianfoodsonline.com\/?s={search_term_string}"},"query-input":{"@type":"PropertyValueSpecification","valueRequired":true,"valueName":"search_term_string"}}],"inLanguage":"sv-SE"},{"@type":"Organization","@id":"https:\/\/mauritianfoodsonline.com\/#organization","name":"Mauritian Foods Online","url":"https:\/\/mauritianfoodsonline.com\/","logo":{"@type":"ImageObject","inLanguage":"sv-SE","@id":"https:\/\/mauritianfoodsonline.com\/#\/schema\/logo\/image\/","url":"https:\/\/mauritianfoodsonline.com\/wp-content\/uploads\/2024\/11\/svgviewer-png-output-1.png","contentUrl":"https:\/\/mauritianfoodsonline.com\/wp-content\/uploads\/2024\/11\/svgviewer-png-output-1.png","width":106,"height":109,"caption":"Mauritian Foods Online"},"image":{"@id":"https:\/\/mauritianfoodsonline.com\/#\/schema\/logo\/image\/"},"sameAs":["https:\/\/www.facebook.com\/mauritianfoodsonlineuk\/","https:\/\/x.com\/mauritian_foods","https:\/\/www.instagram.com\/mauritianfoodsonline\/#"]}]}},"_links":{"self":[{"href":"https:\/\/mauritianfoodsonline.com\/sv\/wp-json\/wp\/v2\/product\/45302","targetHints":{"allow":["GET"]}}],"collection":[{"href":"https:\/\/mauritianfoodsonline.com\/sv\/wp-json\/wp\/v2\/product"}],"about":[{"href":"https:\/\/mauritianfoodsonline.com\/sv\/wp-json\/wp\/v2\/types\/product"}],"replies":[{"embeddable":true,"href":"https:\/\/mauritianfoodsonline.com\/sv\/wp-json\/wp\/v2\/comments?post=45302"}],"wp:featuredmedia":[{"embeddable":true,"href":"https:\/\/mauritianfoodsonline.com\/sv\/wp-json\/wp\/v2\/media\/36354"}],"wp:attachment":[{"href":"https:\/\/mauritianfoodsonline.com\/sv\/wp-json\/wp\/v2\/media?parent=45302"}],"wp:term":[{"taxonomy":"special-offers","embeddable":true,"href":"https:\/\/mauritianfoodsonline.com\/sv\/wp-json\/wp\/v2\/special-offers?post=45302"},{"taxonomy":"product_brand","embeddable":true,"href":"https:\/\/mauritianfoodsonline.com\/sv\/wp-json\/wp\/v2\/product_brand?post=45302"},{"taxonomy":"product_cat","embeddable":true,"href":"https:\/\/mauritianfoodsonline.com\/sv\/wp-json\/wp\/v2\/product_cat?post=45302"},{"taxonomy":"product_tag","embeddable":true,"href":"https:\/\/mauritianfoodsonline.com\/sv\/wp-json\/wp\/v2\/product_tag?post=45302"}],"curies":[{"name":"wp","href":"https:\/\/api.w.org\/{rel}","templated":true}]}}