{"id":45609,"date":"2024-08-09T05:00:24","date_gmt":"2024-08-09T05:00:24","guid":{"rendered":"https:\/\/mauritianfoodsonline.com\/product\/super-ring-crisp-snacks-2\/"},"modified":"2025-09-15T11:58:58","modified_gmt":"2025-09-15T11:58:58","slug":"super-ring-crisp-snacks-2","status":"publish","type":"product","link":"https:\/\/mauritianfoodsonline.com\/sv\/product\/super-ring-crisp-snacks-2\/","title":{"rendered":"Super Ring Crisp Snacks"},"content":{"rendered":"<p>Sedan starten 1978 har Oriental Food Industries Sdn Bhd blivit Malaysias fr\u00e4msta tillverkare av snacks och konfektyrprodukter. Super Ring \u2013 som \u00e4r p\u00e5litlig f\u00f6r sin smak och kvalitet \u2013 \u00e4r en av v\u00e5ra mest popul\u00e4ra snacksprodukter! <\/p>\n<p>&nbsp;<\/p>\n","protected":false},"excerpt":{"rendered":"<p>Sedan starten 1978 har Oriental Food Industries Sdn Bhd blivit Malaysias fr\u00e4msta tillverkare av snacks och konfektyrprodukter. Super Ring \u2013 som \u00e4r p\u00e5litlig f\u00f6r sin smak och kvalitet \u2013 \u00e4r en av v\u00e5ra mest popul\u00e4ra snacksprodukter! &nbsp;<\/p>\n","protected":false},"featured_media":39216,"comment_status":"open","ping_status":"closed","template":"","meta":{"_acf_changed":false},"special-offers":[],"product_brand":[],"product_cat":[304,735],"product_tag":[],"class_list":{"0":"post-45609","1":"product","2":"type-product","3":"status-publish","4":"has-post-thumbnail","6":"product_cat-mauritian-4","7":"product_cat-snacks-desserts-sv","9":"first","10":"instock","11":"purchasable","12":"product-type-variable","13":"add-to-wishlist-before_image"},"acf":[],"yoast_head":"<!-- This site is optimized with the Yoast SEO plugin v27.3 - https:\/\/yoast.com\/product\/yoast-seo-wordpress\/ -->\n<title>Super Ring Crisp Snacks - Mauritian Foods Online<\/title>\n<meta name=\"robots\" content=\"index, follow, max-snippet:-1, max-image-preview:large, max-video-preview:-1\" \/>\n<link rel=\"canonical\" href=\"https:\/\/mauritianfoodsonline.com\/sv\/product\/super-ring-crisp-snacks-2\/\" \/>\n<meta property=\"og:locale\" content=\"sv_SE\" \/>\n<meta property=\"og:type\" content=\"article\" \/>\n<meta property=\"og:title\" content=\"Super Ring Crisp Snacks - Mauritian Foods Online\" \/>\n<meta property=\"og:description\" content=\"Sedan starten 1978 har Oriental Food Industries Sdn Bhd blivit Malaysias fr\u00e4msta tillverkare av snacks och konfektyrprodukter. Super Ring \u2013 som \u00e4r p\u00e5litlig f\u00f6r sin smak och kvalitet \u2013 \u00e4r en av v\u00e5ra mest popul\u00e4ra snacksprodukter! &nbsp;\" \/>\n<meta property=\"og:url\" content=\"https:\/\/mauritianfoodsonline.com\/sv\/product\/super-ring-crisp-snacks-2\/\" \/>\n<meta property=\"og:site_name\" content=\"Mauritian Foods Online\" \/>\n<meta property=\"article:publisher\" content=\"https:\/\/www.facebook.com\/mauritianfoodsonlineuk\/\" \/>\n<meta property=\"article:modified_time\" content=\"2025-09-15T11:58:58+00:00\" \/>\n<meta property=\"og:image\" content=\"https:\/\/mauritianfoodsonline.com\/wp-content\/uploads\/2024\/08\/MauritianFoods_Web-326.jpg\" \/>\n\t<meta property=\"og:image:width\" content=\"800\" \/>\n\t<meta property=\"og:image:height\" content=\"800\" \/>\n\t<meta property=\"og:image:type\" content=\"image\/jpeg\" \/>\n<meta name=\"twitter:card\" content=\"summary_large_image\" \/>\n<meta name=\"twitter:site\" content=\"@mauritian_foods\" \/>\n<script type=\"application\/ld+json\" class=\"yoast-schema-graph\">{\"@context\":\"https:\\\/\\\/schema.org\",\"@graph\":[{\"@type\":\"WebPage\",\"@id\":\"https:\\\/\\\/mauritianfoodsonline.com\\\/sv\\\/product\\\/super-ring-crisp-snacks-2\\\/\",\"url\":\"https:\\\/\\\/mauritianfoodsonline.com\\\/sv\\\/product\\\/super-ring-crisp-snacks-2\\\/\",\"name\":\"Super Ring Crisp Snacks - Mauritian Foods Online\",\"isPartOf\":{\"@id\":\"https:\\\/\\\/mauritianfoodsonline.com\\\/#website\"},\"primaryImageOfPage\":{\"@id\":\"https:\\\/\\\/mauritianfoodsonline.com\\\/sv\\\/product\\\/super-ring-crisp-snacks-2\\\/#primaryimage\"},\"image\":{\"@id\":\"https:\\\/\\\/mauritianfoodsonline.com\\\/sv\\\/product\\\/super-ring-crisp-snacks-2\\\/#primaryimage\"},\"thumbnailUrl\":\"https:\\\/\\\/mauritianfoodsonline.com\\\/wp-content\\\/uploads\\\/2024\\\/08\\\/MauritianFoods_Web-326.jpg\",\"datePublished\":\"2024-08-09T05:00:24+00:00\",\"dateModified\":\"2025-09-15T11:58:58+00:00\",\"breadcrumb\":{\"@id\":\"https:\\\/\\\/mauritianfoodsonline.com\\\/sv\\\/product\\\/super-ring-crisp-snacks-2\\\/#breadcrumb\"},\"inLanguage\":\"sv-SE\",\"potentialAction\":[{\"@type\":\"ReadAction\",\"target\":[\"https:\\\/\\\/mauritianfoodsonline.com\\\/sv\\\/product\\\/super-ring-crisp-snacks-2\\\/\"]}]},{\"@type\":\"ImageObject\",\"inLanguage\":\"sv-SE\",\"@id\":\"https:\\\/\\\/mauritianfoodsonline.com\\\/sv\\\/product\\\/super-ring-crisp-snacks-2\\\/#primaryimage\",\"url\":\"https:\\\/\\\/mauritianfoodsonline.com\\\/wp-content\\\/uploads\\\/2024\\\/08\\\/MauritianFoods_Web-326.jpg\",\"contentUrl\":\"https:\\\/\\\/mauritianfoodsonline.com\\\/wp-content\\\/uploads\\\/2024\\\/08\\\/MauritianFoods_Web-326.jpg\",\"width\":800,\"height\":800},{\"@type\":\"BreadcrumbList\",\"@id\":\"https:\\\/\\\/mauritianfoodsonline.com\\\/sv\\\/product\\\/super-ring-crisp-snacks-2\\\/#breadcrumb\",\"itemListElement\":[{\"@type\":\"ListItem\",\"position\":1,\"name\":\"Home\",\"item\":\"https:\\\/\\\/mauritianfoodsonline.com\\\/sv\\\/\"},{\"@type\":\"ListItem\",\"position\":2,\"name\":\"Butik\",\"item\":\"https:\\\/\\\/mauritianfoodsonline.com\\\/sv\\\/butik\\\/\"},{\"@type\":\"ListItem\",\"position\":3,\"name\":\"Super Ring Crisp Snacks\"}]},{\"@type\":\"WebSite\",\"@id\":\"https:\\\/\\\/mauritianfoodsonline.com\\\/#website\",\"url\":\"https:\\\/\\\/mauritianfoodsonline.com\\\/\",\"name\":\"Mauritian Foods Online\",\"description\":\"Online\",\"publisher\":{\"@id\":\"https:\\\/\\\/mauritianfoodsonline.com\\\/#organization\"},\"potentialAction\":[{\"@type\":\"SearchAction\",\"target\":{\"@type\":\"EntryPoint\",\"urlTemplate\":\"https:\\\/\\\/mauritianfoodsonline.com\\\/?s={search_term_string}\"},\"query-input\":{\"@type\":\"PropertyValueSpecification\",\"valueRequired\":true,\"valueName\":\"search_term_string\"}}],\"inLanguage\":\"sv-SE\"},{\"@type\":\"Organization\",\"@id\":\"https:\\\/\\\/mauritianfoodsonline.com\\\/#organization\",\"name\":\"Mauritian Foods Online\",\"url\":\"https:\\\/\\\/mauritianfoodsonline.com\\\/\",\"logo\":{\"@type\":\"ImageObject\",\"inLanguage\":\"sv-SE\",\"@id\":\"https:\\\/\\\/mauritianfoodsonline.com\\\/#\\\/schema\\\/logo\\\/image\\\/\",\"url\":\"https:\\\/\\\/mauritianfoodsonline.com\\\/wp-content\\\/uploads\\\/2024\\\/11\\\/svgviewer-png-output-1.png\",\"contentUrl\":\"https:\\\/\\\/mauritianfoodsonline.com\\\/wp-content\\\/uploads\\\/2024\\\/11\\\/svgviewer-png-output-1.png\",\"width\":106,\"height\":109,\"caption\":\"Mauritian Foods Online\"},\"image\":{\"@id\":\"https:\\\/\\\/mauritianfoodsonline.com\\\/#\\\/schema\\\/logo\\\/image\\\/\"},\"sameAs\":[\"https:\\\/\\\/www.facebook.com\\\/mauritianfoodsonlineuk\\\/\",\"https:\\\/\\\/x.com\\\/mauritian_foods\",\"https:\\\/\\\/www.instagram.com\\\/mauritianfoodsonline\\\/#\"]}]}<\/script>\n<!-- \/ Yoast SEO plugin. -->","yoast_head_json":{"title":"Super Ring Crisp Snacks - Mauritian Foods Online","robots":{"index":"index","follow":"follow","max-snippet":"max-snippet:-1","max-image-preview":"max-image-preview:large","max-video-preview":"max-video-preview:-1"},"canonical":"https:\/\/mauritianfoodsonline.com\/sv\/product\/super-ring-crisp-snacks-2\/","og_locale":"sv_SE","og_type":"article","og_title":"Super Ring Crisp Snacks - Mauritian Foods Online","og_description":"Sedan starten 1978 har Oriental Food Industries Sdn Bhd blivit Malaysias fr\u00e4msta tillverkare av snacks och konfektyrprodukter. Super Ring \u2013 som \u00e4r p\u00e5litlig f\u00f6r sin smak och kvalitet \u2013 \u00e4r en av v\u00e5ra mest popul\u00e4ra snacksprodukter! &nbsp;","og_url":"https:\/\/mauritianfoodsonline.com\/sv\/product\/super-ring-crisp-snacks-2\/","og_site_name":"Mauritian Foods Online","article_publisher":"https:\/\/www.facebook.com\/mauritianfoodsonlineuk\/","article_modified_time":"2025-09-15T11:58:58+00:00","og_image":[{"width":800,"height":800,"url":"https:\/\/mauritianfoodsonline.com\/wp-content\/uploads\/2024\/08\/MauritianFoods_Web-326.jpg","type":"image\/jpeg"}],"twitter_card":"summary_large_image","twitter_site":"@mauritian_foods","schema":{"@context":"https:\/\/schema.org","@graph":[{"@type":"WebPage","@id":"https:\/\/mauritianfoodsonline.com\/sv\/product\/super-ring-crisp-snacks-2\/","url":"https:\/\/mauritianfoodsonline.com\/sv\/product\/super-ring-crisp-snacks-2\/","name":"Super Ring Crisp Snacks - Mauritian Foods Online","isPartOf":{"@id":"https:\/\/mauritianfoodsonline.com\/#website"},"primaryImageOfPage":{"@id":"https:\/\/mauritianfoodsonline.com\/sv\/product\/super-ring-crisp-snacks-2\/#primaryimage"},"image":{"@id":"https:\/\/mauritianfoodsonline.com\/sv\/product\/super-ring-crisp-snacks-2\/#primaryimage"},"thumbnailUrl":"https:\/\/mauritianfoodsonline.com\/wp-content\/uploads\/2024\/08\/MauritianFoods_Web-326.jpg","datePublished":"2024-08-09T05:00:24+00:00","dateModified":"2025-09-15T11:58:58+00:00","breadcrumb":{"@id":"https:\/\/mauritianfoodsonline.com\/sv\/product\/super-ring-crisp-snacks-2\/#breadcrumb"},"inLanguage":"sv-SE","potentialAction":[{"@type":"ReadAction","target":["https:\/\/mauritianfoodsonline.com\/sv\/product\/super-ring-crisp-snacks-2\/"]}]},{"@type":"ImageObject","inLanguage":"sv-SE","@id":"https:\/\/mauritianfoodsonline.com\/sv\/product\/super-ring-crisp-snacks-2\/#primaryimage","url":"https:\/\/mauritianfoodsonline.com\/wp-content\/uploads\/2024\/08\/MauritianFoods_Web-326.jpg","contentUrl":"https:\/\/mauritianfoodsonline.com\/wp-content\/uploads\/2024\/08\/MauritianFoods_Web-326.jpg","width":800,"height":800},{"@type":"BreadcrumbList","@id":"https:\/\/mauritianfoodsonline.com\/sv\/product\/super-ring-crisp-snacks-2\/#breadcrumb","itemListElement":[{"@type":"ListItem","position":1,"name":"Home","item":"https:\/\/mauritianfoodsonline.com\/sv\/"},{"@type":"ListItem","position":2,"name":"Butik","item":"https:\/\/mauritianfoodsonline.com\/sv\/butik\/"},{"@type":"ListItem","position":3,"name":"Super Ring Crisp Snacks"}]},{"@type":"WebSite","@id":"https:\/\/mauritianfoodsonline.com\/#website","url":"https:\/\/mauritianfoodsonline.com\/","name":"Mauritian Foods Online","description":"Online","publisher":{"@id":"https:\/\/mauritianfoodsonline.com\/#organization"},"potentialAction":[{"@type":"SearchAction","target":{"@type":"EntryPoint","urlTemplate":"https:\/\/mauritianfoodsonline.com\/?s={search_term_string}"},"query-input":{"@type":"PropertyValueSpecification","valueRequired":true,"valueName":"search_term_string"}}],"inLanguage":"sv-SE"},{"@type":"Organization","@id":"https:\/\/mauritianfoodsonline.com\/#organization","name":"Mauritian Foods Online","url":"https:\/\/mauritianfoodsonline.com\/","logo":{"@type":"ImageObject","inLanguage":"sv-SE","@id":"https:\/\/mauritianfoodsonline.com\/#\/schema\/logo\/image\/","url":"https:\/\/mauritianfoodsonline.com\/wp-content\/uploads\/2024\/11\/svgviewer-png-output-1.png","contentUrl":"https:\/\/mauritianfoodsonline.com\/wp-content\/uploads\/2024\/11\/svgviewer-png-output-1.png","width":106,"height":109,"caption":"Mauritian Foods Online"},"image":{"@id":"https:\/\/mauritianfoodsonline.com\/#\/schema\/logo\/image\/"},"sameAs":["https:\/\/www.facebook.com\/mauritianfoodsonlineuk\/","https:\/\/x.com\/mauritian_foods","https:\/\/www.instagram.com\/mauritianfoodsonline\/#"]}]}},"_links":{"self":[{"href":"https:\/\/mauritianfoodsonline.com\/sv\/wp-json\/wp\/v2\/product\/45609","targetHints":{"allow":["GET"]}}],"collection":[{"href":"https:\/\/mauritianfoodsonline.com\/sv\/wp-json\/wp\/v2\/product"}],"about":[{"href":"https:\/\/mauritianfoodsonline.com\/sv\/wp-json\/wp\/v2\/types\/product"}],"replies":[{"embeddable":true,"href":"https:\/\/mauritianfoodsonline.com\/sv\/wp-json\/wp\/v2\/comments?post=45609"}],"wp:featuredmedia":[{"embeddable":true,"href":"https:\/\/mauritianfoodsonline.com\/sv\/wp-json\/wp\/v2\/media\/39216"}],"wp:attachment":[{"href":"https:\/\/mauritianfoodsonline.com\/sv\/wp-json\/wp\/v2\/media?parent=45609"}],"wp:term":[{"taxonomy":"special-offers","embeddable":true,"href":"https:\/\/mauritianfoodsonline.com\/sv\/wp-json\/wp\/v2\/special-offers?post=45609"},{"taxonomy":"product_brand","embeddable":true,"href":"https:\/\/mauritianfoodsonline.com\/sv\/wp-json\/wp\/v2\/product_brand?post=45609"},{"taxonomy":"product_cat","embeddable":true,"href":"https:\/\/mauritianfoodsonline.com\/sv\/wp-json\/wp\/v2\/product_cat?post=45609"},{"taxonomy":"product_tag","embeddable":true,"href":"https:\/\/mauritianfoodsonline.com\/sv\/wp-json\/wp\/v2\/product_tag?post=45609"}],"curies":[{"name":"wp","href":"https:\/\/api.w.org\/{rel}","templated":true}]}}