{"id":45664,"date":"2024-11-07T19:13:09","date_gmt":"2024-11-07T19:13:09","guid":{"rendered":"https:\/\/mauritianfoodsonline.com\/product\/farskt-korianderblad\/"},"modified":"2025-05-13T09:29:25","modified_gmt":"2025-05-13T09:29:25","slug":"farskt-korianderblad","status":"publish","type":"product","link":"https:\/\/mauritianfoodsonline.com\/sv\/product\/farskt-korianderblad\/","title":{"rendered":"Fresh Coriander Leaf"},"content":{"rendered":"<p>Koriander, \u00e4ven k\u00e4nd som <strong>koriander<\/strong> i sin bladform, \u00e4r en aromatisk \u00f6rt fr\u00e5n familjen <strong>Apiaceae<\/strong> , med ursprung i <strong>sydv\u00e4stra Asien<\/strong> och <strong>s\u00f6dra Europa<\/strong> . V\u00e4xten odlas i stor utstr\u00e4ckning f\u00f6r b\u00e5de sina <strong>f\u00e4rska blad<\/strong> (koriander) och <strong>fr\u00f6n<\/strong> (korianderfr\u00f6n), som alla erbjuder en distinkt smakprofil. Koriander \u00e4r k\u00e4nd f\u00f6r sin ljusa, citrusaktiga och l\u00e4tt kryddiga smak och \u00e4r en stapelvara i globala k\u00f6k, inklusive <strong>indisk<\/strong> , <strong>mexikansk<\/strong> , <strong>mellan\u00f6stern-<\/strong> och <strong>medelhavsmatlagning<\/strong> .  <\/p>\n<p><strong>Utseende:<\/strong><br \/>\n Korianderplantans <strong>blad<\/strong> \u00e4r <strong>fj\u00e4derliknande<\/strong> och <strong>ljusgr\u00f6na<\/strong> , med en delikat konsistens. <strong>Stj\u00e4lkarna<\/strong> \u00e4r smala och ih\u00e5liga, och bladen anv\u00e4nds ofta f\u00e4rska i r\u00e4tter f\u00f6r en smakexplosion. <strong>Fr\u00f6na<\/strong> \u00e4r sm\u00e5, runda och ljusbruna eller beige, med en sl\u00e4t, h\u00e5rd konsistens. N\u00e4r fr\u00f6na sk\u00f6rdas och torkas mals de till ett fint pulver f\u00f6r att frig\u00f6ra sin varma, n\u00f6tiga smak. Korianderplantans blommor \u00e4r sm\u00e5 och vita och v\u00e4xer i <strong>blomflockar<\/strong> .    <\/p>\n<p><strong>Smak och arom:<\/strong><br \/>\n Korianderblad har en <strong>frisk<\/strong> , <strong>citrusaktig<\/strong> och l\u00e4tt <strong>pepprig<\/strong> smak, vilket ger en ljus, svalkande smak i r\u00e4tter. Fr\u00f6na har en <strong>varm<\/strong> , <strong>kryddig<\/strong> och <strong>n\u00f6tig<\/strong> smak med en antydan av citrus, vilket g\u00f6r dem popul\u00e4ra i kryddblandningar som <strong>garam masala<\/strong> och <strong>currypulver<\/strong> . V\u00e4xtens tv\u00e5 delar \u2013 blad och fr\u00f6n \u2013 anv\u00e4nds ofta p\u00e5 olika s\u00e4tt i matlagning, med f\u00e4rska blad som garnering eller smaks\u00e4ttning, och fr\u00f6n som anv\u00e4nds malda eller hela i olika kryddblandningar.  <\/p>\n","protected":false},"excerpt":{"rendered":"<p>Koriander, \u00e4ven k\u00e4nd som <strong>koriander<\/strong> i sin bladform, \u00e4r en aromatisk \u00f6rt fr\u00e5n familjen <strong>Apiaceae<\/strong> , med ursprung i <strong>sydv\u00e4stra Asien<\/strong> och <strong>s\u00f6dra Europa<\/strong> . V\u00e4xten odlas i stor utstr\u00e4ckning f\u00f6r b\u00e5de sina <strong>f\u00e4rska blad<\/strong> (koriander) och <strong>fr\u00f6n<\/strong> (korianderfr\u00f6n), som alla erbjuder en distinkt smakprofil. Koriander \u00e4r k\u00e4nd f\u00f6r sin ljusa, citrusaktiga och l\u00e4tt kryddiga smak och \u00e4r en stapelvara i globala k\u00f6k, inklusive <strong>indisk<\/strong> , <strong>mexikansk<\/strong> , <strong>mellan\u00f6stern-<\/strong> och <strong>medelhavsmatlagning<\/strong> .  <\/p>\n","protected":false},"featured_media":39492,"comment_status":"open","ping_status":"closed","template":"","meta":{"_acf_changed":false},"special-offers":[],"product_brand":[],"product_cat":[17],"product_tag":[343],"class_list":{"0":"post-45664","1":"product","2":"type-product","3":"status-publish","4":"has-post-thumbnail","6":"product_cat-food-cupboard","7":"product_tag-curry-leaves-5","9":"first","10":"instock","11":"taxable","12":"shipping-taxable","13":"purchasable","14":"product-type-simple","15":"add-to-wishlist-before_image"},"acf":[],"yoast_head":"<!-- This site is optimized with the Yoast SEO plugin v27.4 - https:\/\/yoast.com\/product\/yoast-seo-wordpress\/ -->\n<title>Fresh Coriander Leaf - Mauritian Foods Online<\/title>\n<meta name=\"description\" content=\"Koriander, \u00e4ven k\u00e4nd som koriander i sin bladform, \u00e4r en aromatisk \u00f6rt fr\u00e5n familjen Apiaceae, inhemsk i Sydv\u00e4stasien och Sydeuropa. V\u00e4xten odlas i stor utstr\u00e4ckning f\u00f6r b\u00e5de sina f\u00e4rska blad (koriander) och fr\u00f6n (korianderfr\u00f6n), som alla erbjuder en distinkt smakprofil. Koriander \u00e4r k\u00e4nd f\u00f6r sin ljusa, citrusaktiga och l\u00e4tt kryddiga smak och \u00e4r en stapelvara i globala k\u00f6k, inklusive indisk, mexikansk, mellan\u00f6stern- och medelhavsmatlagning. Utseende: Korianderplantans blad \u00e4r fj\u00e4derliknande och ljusgr\u00f6na, med en delikat konsistens. Stj\u00e4lkarna \u00e4r smala och ih\u00e5liga, och bladen anv\u00e4nds ofta f\u00e4rska i r\u00e4tter f\u00f6r en smakexplosion. Fr\u00f6na \u00e4r sm\u00e5, runda och ljusbruna eller beige, med en sl\u00e4t, h\u00e5rd konsistens. N\u00e4r de sk\u00f6rdas och torkas mals fr\u00f6na till ett fint pulver f\u00f6r att frig\u00f6ra sin varma, n\u00f6tiga smak. Korianderplantans blommor \u00e4r sm\u00e5 och vita och v\u00e4xer i blomflockar. Smak och arom: Korianderblad har en frisk, citrusaktig och l\u00e4tt pepprig smak, vilket ger en ljus, svalkande smak i r\u00e4tter. Fr\u00f6na har en varm, kryddig och n\u00f6tig smak med en antydan av citrus, vilket g\u00f6r dem popul\u00e4ra i kryddblandningar som garam masala och currypulver. V\u00e4xtens tv\u00e5 delar \u2013 blad och fr\u00f6n \u2013 anv\u00e4nds ofta p\u00e5 olika s\u00e4tt i matlagning, med f\u00e4rska blad som garnering eller smaks\u00e4ttning, och fr\u00f6n som anv\u00e4nds malda eller hela i olika kryddblandningar.\" \/>\n<meta name=\"robots\" content=\"index, follow, max-snippet:-1, max-image-preview:large, max-video-preview:-1\" \/>\n<link rel=\"canonical\" href=\"https:\/\/mauritianfoodsonline.com\/sv\/product\/farskt-korianderblad\/\" \/>\n<meta property=\"og:locale\" content=\"sv_SE\" \/>\n<meta property=\"og:type\" content=\"article\" \/>\n<meta property=\"og:title\" content=\"Fresh Coriander Leaf - Mauritian Foods Online\" \/>\n<meta property=\"og:description\" content=\"Koriander, \u00e4ven k\u00e4nd som koriander i sin bladform, \u00e4r en aromatisk \u00f6rt fr\u00e5n familjen Apiaceae, inhemsk i Sydv\u00e4stasien och Sydeuropa. V\u00e4xten odlas i stor utstr\u00e4ckning f\u00f6r b\u00e5de sina f\u00e4rska blad (koriander) och fr\u00f6n (korianderfr\u00f6n), som alla erbjuder en distinkt smakprofil. Koriander \u00e4r k\u00e4nd f\u00f6r sin ljusa, citrusaktiga och l\u00e4tt kryddiga smak och \u00e4r en stapelvara i globala k\u00f6k, inklusive indisk, mexikansk, mellan\u00f6stern- och medelhavsmatlagning. Utseende: Korianderplantans blad \u00e4r fj\u00e4derliknande och ljusgr\u00f6na, med en delikat konsistens. Stj\u00e4lkarna \u00e4r smala och ih\u00e5liga, och bladen anv\u00e4nds ofta f\u00e4rska i r\u00e4tter f\u00f6r en smakexplosion. Fr\u00f6na \u00e4r sm\u00e5, runda och ljusbruna eller beige, med en sl\u00e4t, h\u00e5rd konsistens. N\u00e4r de sk\u00f6rdas och torkas mals fr\u00f6na till ett fint pulver f\u00f6r att frig\u00f6ra sin varma, n\u00f6tiga smak. Korianderplantans blommor \u00e4r sm\u00e5 och vita och v\u00e4xer i blomflockar. Smak och arom: Korianderblad har en frisk, citrusaktig och l\u00e4tt pepprig smak, vilket ger en ljus, svalkande smak i r\u00e4tter. Fr\u00f6na har en varm, kryddig och n\u00f6tig smak med en antydan av citrus, vilket g\u00f6r dem popul\u00e4ra i kryddblandningar som garam masala och currypulver. V\u00e4xtens tv\u00e5 delar \u2013 blad och fr\u00f6n \u2013 anv\u00e4nds ofta p\u00e5 olika s\u00e4tt i matlagning, med f\u00e4rska blad som garnering eller smaks\u00e4ttning, och fr\u00f6n som anv\u00e4nds malda eller hela i olika kryddblandningar.\" \/>\n<meta property=\"og:url\" content=\"https:\/\/mauritianfoodsonline.com\/sv\/product\/farskt-korianderblad\/\" \/>\n<meta property=\"og:site_name\" content=\"Mauritian Foods Online\" \/>\n<meta property=\"article:publisher\" content=\"https:\/\/www.facebook.com\/mauritianfoodsonlineuk\/\" \/>\n<meta property=\"article:modified_time\" content=\"2025-05-13T09:29:25+00:00\" \/>\n<meta property=\"og:image\" content=\"https:\/\/mauritianfoodsonline.com\/wp-content\/uploads\/2024\/11\/coriander-isolated.jpg\" \/>\n\t<meta property=\"og:image:width\" content=\"1335\" \/>\n\t<meta property=\"og:image:height\" content=\"2000\" \/>\n\t<meta property=\"og:image:type\" content=\"image\/jpeg\" \/>\n<meta name=\"twitter:card\" content=\"summary_large_image\" \/>\n<meta name=\"twitter:site\" content=\"@mauritian_foods\" \/>\n<meta name=\"twitter:label1\" content=\"Ber\u00e4knad l\u00e4stid\" \/>\n\t<meta name=\"twitter:data1\" content=\"1 minut\" \/>\n<script type=\"application\/ld+json\" class=\"yoast-schema-graph\">{\"@context\":\"https:\\\/\\\/schema.org\",\"@graph\":[{\"@type\":\"WebPage\",\"@id\":\"https:\\\/\\\/mauritianfoodsonline.com\\\/sv\\\/product\\\/farskt-korianderblad\\\/\",\"url\":\"https:\\\/\\\/mauritianfoodsonline.com\\\/sv\\\/product\\\/farskt-korianderblad\\\/\",\"name\":\"Fresh Coriander Leaf - Mauritian Foods Online\",\"isPartOf\":{\"@id\":\"https:\\\/\\\/mauritianfoodsonline.com\\\/#website\"},\"primaryImageOfPage\":{\"@id\":\"https:\\\/\\\/mauritianfoodsonline.com\\\/sv\\\/product\\\/farskt-korianderblad\\\/#primaryimage\"},\"image\":{\"@id\":\"https:\\\/\\\/mauritianfoodsonline.com\\\/sv\\\/product\\\/farskt-korianderblad\\\/#primaryimage\"},\"thumbnailUrl\":\"https:\\\/\\\/mauritianfoodsonline.com\\\/wp-content\\\/uploads\\\/2024\\\/11\\\/coriander-isolated.jpg\",\"datePublished\":\"2024-11-07T19:13:09+00:00\",\"dateModified\":\"2025-05-13T09:29:25+00:00\",\"description\":\"Koriander, \u00e4ven k\u00e4nd som koriander i sin bladform, \u00e4r en aromatisk \u00f6rt fr\u00e5n familjen Apiaceae, inhemsk i Sydv\u00e4stasien och Sydeuropa. V\u00e4xten odlas i stor utstr\u00e4ckning f\u00f6r b\u00e5de sina f\u00e4rska blad (koriander) och fr\u00f6n (korianderfr\u00f6n), som alla erbjuder en distinkt smakprofil. Koriander \u00e4r k\u00e4nd f\u00f6r sin ljusa, citrusaktiga och l\u00e4tt kryddiga smak och \u00e4r en stapelvara i globala k\u00f6k, inklusive indisk, mexikansk, mellan\u00f6stern- och medelhavsmatlagning. Utseende: Korianderplantans blad \u00e4r fj\u00e4derliknande och ljusgr\u00f6na, med en delikat konsistens. Stj\u00e4lkarna \u00e4r smala och ih\u00e5liga, och bladen anv\u00e4nds ofta f\u00e4rska i r\u00e4tter f\u00f6r en smakexplosion. Fr\u00f6na \u00e4r sm\u00e5, runda och ljusbruna eller beige, med en sl\u00e4t, h\u00e5rd konsistens. N\u00e4r de sk\u00f6rdas och torkas mals fr\u00f6na till ett fint pulver f\u00f6r att frig\u00f6ra sin varma, n\u00f6tiga smak. Korianderplantans blommor \u00e4r sm\u00e5 och vita och v\u00e4xer i blomflockar. Smak och arom: Korianderblad har en frisk, citrusaktig och l\u00e4tt pepprig smak, vilket ger en ljus, svalkande smak i r\u00e4tter. Fr\u00f6na har en varm, kryddig och n\u00f6tig smak med en antydan av citrus, vilket g\u00f6r dem popul\u00e4ra i kryddblandningar som garam masala och currypulver. V\u00e4xtens tv\u00e5 delar \u2013 blad och fr\u00f6n \u2013 anv\u00e4nds ofta p\u00e5 olika s\u00e4tt i matlagning, med f\u00e4rska blad som garnering eller smaks\u00e4ttning, och fr\u00f6n som anv\u00e4nds malda eller hela i olika kryddblandningar.\",\"breadcrumb\":{\"@id\":\"https:\\\/\\\/mauritianfoodsonline.com\\\/sv\\\/product\\\/farskt-korianderblad\\\/#breadcrumb\"},\"inLanguage\":\"sv-SE\",\"potentialAction\":[{\"@type\":\"ReadAction\",\"target\":[\"https:\\\/\\\/mauritianfoodsonline.com\\\/sv\\\/product\\\/farskt-korianderblad\\\/\"]}]},{\"@type\":\"ImageObject\",\"inLanguage\":\"sv-SE\",\"@id\":\"https:\\\/\\\/mauritianfoodsonline.com\\\/sv\\\/product\\\/farskt-korianderblad\\\/#primaryimage\",\"url\":\"https:\\\/\\\/mauritianfoodsonline.com\\\/wp-content\\\/uploads\\\/2024\\\/11\\\/coriander-isolated.jpg\",\"contentUrl\":\"https:\\\/\\\/mauritianfoodsonline.com\\\/wp-content\\\/uploads\\\/2024\\\/11\\\/coriander-isolated.jpg\",\"width\":1335,\"height\":2000,\"caption\":\"green coriander vegetables isolated on white background\"},{\"@type\":\"BreadcrumbList\",\"@id\":\"https:\\\/\\\/mauritianfoodsonline.com\\\/sv\\\/product\\\/farskt-korianderblad\\\/#breadcrumb\",\"itemListElement\":[{\"@type\":\"ListItem\",\"position\":1,\"name\":\"Home\",\"item\":\"https:\\\/\\\/mauritianfoodsonline.com\\\/sv\\\/\"},{\"@type\":\"ListItem\",\"position\":2,\"name\":\"Butik\",\"item\":\"https:\\\/\\\/mauritianfoodsonline.com\\\/sv\\\/butik\\\/\"},{\"@type\":\"ListItem\",\"position\":3,\"name\":\"Fresh Coriander Leaf\"}]},{\"@type\":\"WebSite\",\"@id\":\"https:\\\/\\\/mauritianfoodsonline.com\\\/#website\",\"url\":\"https:\\\/\\\/mauritianfoodsonline.com\\\/\",\"name\":\"Mauritian Foods Online\",\"description\":\"Online\",\"publisher\":{\"@id\":\"https:\\\/\\\/mauritianfoodsonline.com\\\/#organization\"},\"potentialAction\":[{\"@type\":\"SearchAction\",\"target\":{\"@type\":\"EntryPoint\",\"urlTemplate\":\"https:\\\/\\\/mauritianfoodsonline.com\\\/?s={search_term_string}\"},\"query-input\":{\"@type\":\"PropertyValueSpecification\",\"valueRequired\":true,\"valueName\":\"search_term_string\"}}],\"inLanguage\":\"sv-SE\"},{\"@type\":\"Organization\",\"@id\":\"https:\\\/\\\/mauritianfoodsonline.com\\\/#organization\",\"name\":\"Mauritian Foods Online\",\"url\":\"https:\\\/\\\/mauritianfoodsonline.com\\\/\",\"logo\":{\"@type\":\"ImageObject\",\"inLanguage\":\"sv-SE\",\"@id\":\"https:\\\/\\\/mauritianfoodsonline.com\\\/#\\\/schema\\\/logo\\\/image\\\/\",\"url\":\"https:\\\/\\\/mauritianfoodsonline.com\\\/wp-content\\\/uploads\\\/2024\\\/11\\\/svgviewer-png-output-1.png\",\"contentUrl\":\"https:\\\/\\\/mauritianfoodsonline.com\\\/wp-content\\\/uploads\\\/2024\\\/11\\\/svgviewer-png-output-1.png\",\"width\":106,\"height\":109,\"caption\":\"Mauritian Foods Online\"},\"image\":{\"@id\":\"https:\\\/\\\/mauritianfoodsonline.com\\\/#\\\/schema\\\/logo\\\/image\\\/\"},\"sameAs\":[\"https:\\\/\\\/www.facebook.com\\\/mauritianfoodsonlineuk\\\/\",\"https:\\\/\\\/x.com\\\/mauritian_foods\",\"https:\\\/\\\/www.instagram.com\\\/mauritianfoodsonline\\\/#\"]}]}<\/script>\n<!-- \/ Yoast SEO plugin. -->","yoast_head_json":{"title":"Fresh Coriander Leaf - Mauritian Foods Online","description":"Koriander, \u00e4ven k\u00e4nd som koriander i sin bladform, \u00e4r en aromatisk \u00f6rt fr\u00e5n familjen Apiaceae, inhemsk i Sydv\u00e4stasien och Sydeuropa. V\u00e4xten odlas i stor utstr\u00e4ckning f\u00f6r b\u00e5de sina f\u00e4rska blad (koriander) och fr\u00f6n (korianderfr\u00f6n), som alla erbjuder en distinkt smakprofil. Koriander \u00e4r k\u00e4nd f\u00f6r sin ljusa, citrusaktiga och l\u00e4tt kryddiga smak och \u00e4r en stapelvara i globala k\u00f6k, inklusive indisk, mexikansk, mellan\u00f6stern- och medelhavsmatlagning. Utseende: Korianderplantans blad \u00e4r fj\u00e4derliknande och ljusgr\u00f6na, med en delikat konsistens. Stj\u00e4lkarna \u00e4r smala och ih\u00e5liga, och bladen anv\u00e4nds ofta f\u00e4rska i r\u00e4tter f\u00f6r en smakexplosion. Fr\u00f6na \u00e4r sm\u00e5, runda och ljusbruna eller beige, med en sl\u00e4t, h\u00e5rd konsistens. N\u00e4r de sk\u00f6rdas och torkas mals fr\u00f6na till ett fint pulver f\u00f6r att frig\u00f6ra sin varma, n\u00f6tiga smak. Korianderplantans blommor \u00e4r sm\u00e5 och vita och v\u00e4xer i blomflockar. Smak och arom: Korianderblad har en frisk, citrusaktig och l\u00e4tt pepprig smak, vilket ger en ljus, svalkande smak i r\u00e4tter. Fr\u00f6na har en varm, kryddig och n\u00f6tig smak med en antydan av citrus, vilket g\u00f6r dem popul\u00e4ra i kryddblandningar som garam masala och currypulver. V\u00e4xtens tv\u00e5 delar \u2013 blad och fr\u00f6n \u2013 anv\u00e4nds ofta p\u00e5 olika s\u00e4tt i matlagning, med f\u00e4rska blad som garnering eller smaks\u00e4ttning, och fr\u00f6n som anv\u00e4nds malda eller hela i olika kryddblandningar.","robots":{"index":"index","follow":"follow","max-snippet":"max-snippet:-1","max-image-preview":"max-image-preview:large","max-video-preview":"max-video-preview:-1"},"canonical":"https:\/\/mauritianfoodsonline.com\/sv\/product\/farskt-korianderblad\/","og_locale":"sv_SE","og_type":"article","og_title":"Fresh Coriander Leaf - Mauritian Foods Online","og_description":"Koriander, \u00e4ven k\u00e4nd som koriander i sin bladform, \u00e4r en aromatisk \u00f6rt fr\u00e5n familjen Apiaceae, inhemsk i Sydv\u00e4stasien och Sydeuropa. V\u00e4xten odlas i stor utstr\u00e4ckning f\u00f6r b\u00e5de sina f\u00e4rska blad (koriander) och fr\u00f6n (korianderfr\u00f6n), som alla erbjuder en distinkt smakprofil. Koriander \u00e4r k\u00e4nd f\u00f6r sin ljusa, citrusaktiga och l\u00e4tt kryddiga smak och \u00e4r en stapelvara i globala k\u00f6k, inklusive indisk, mexikansk, mellan\u00f6stern- och medelhavsmatlagning. Utseende: Korianderplantans blad \u00e4r fj\u00e4derliknande och ljusgr\u00f6na, med en delikat konsistens. Stj\u00e4lkarna \u00e4r smala och ih\u00e5liga, och bladen anv\u00e4nds ofta f\u00e4rska i r\u00e4tter f\u00f6r en smakexplosion. Fr\u00f6na \u00e4r sm\u00e5, runda och ljusbruna eller beige, med en sl\u00e4t, h\u00e5rd konsistens. N\u00e4r de sk\u00f6rdas och torkas mals fr\u00f6na till ett fint pulver f\u00f6r att frig\u00f6ra sin varma, n\u00f6tiga smak. Korianderplantans blommor \u00e4r sm\u00e5 och vita och v\u00e4xer i blomflockar. Smak och arom: Korianderblad har en frisk, citrusaktig och l\u00e4tt pepprig smak, vilket ger en ljus, svalkande smak i r\u00e4tter. Fr\u00f6na har en varm, kryddig och n\u00f6tig smak med en antydan av citrus, vilket g\u00f6r dem popul\u00e4ra i kryddblandningar som garam masala och currypulver. V\u00e4xtens tv\u00e5 delar \u2013 blad och fr\u00f6n \u2013 anv\u00e4nds ofta p\u00e5 olika s\u00e4tt i matlagning, med f\u00e4rska blad som garnering eller smaks\u00e4ttning, och fr\u00f6n som anv\u00e4nds malda eller hela i olika kryddblandningar.","og_url":"https:\/\/mauritianfoodsonline.com\/sv\/product\/farskt-korianderblad\/","og_site_name":"Mauritian Foods Online","article_publisher":"https:\/\/www.facebook.com\/mauritianfoodsonlineuk\/","article_modified_time":"2025-05-13T09:29:25+00:00","og_image":[{"width":1335,"height":2000,"url":"https:\/\/mauritianfoodsonline.com\/wp-content\/uploads\/2024\/11\/coriander-isolated.jpg","type":"image\/jpeg"}],"twitter_card":"summary_large_image","twitter_site":"@mauritian_foods","twitter_misc":{"Ber\u00e4knad l\u00e4stid":"1 minut"},"schema":{"@context":"https:\/\/schema.org","@graph":[{"@type":"WebPage","@id":"https:\/\/mauritianfoodsonline.com\/sv\/product\/farskt-korianderblad\/","url":"https:\/\/mauritianfoodsonline.com\/sv\/product\/farskt-korianderblad\/","name":"Fresh Coriander Leaf - Mauritian Foods Online","isPartOf":{"@id":"https:\/\/mauritianfoodsonline.com\/#website"},"primaryImageOfPage":{"@id":"https:\/\/mauritianfoodsonline.com\/sv\/product\/farskt-korianderblad\/#primaryimage"},"image":{"@id":"https:\/\/mauritianfoodsonline.com\/sv\/product\/farskt-korianderblad\/#primaryimage"},"thumbnailUrl":"https:\/\/mauritianfoodsonline.com\/wp-content\/uploads\/2024\/11\/coriander-isolated.jpg","datePublished":"2024-11-07T19:13:09+00:00","dateModified":"2025-05-13T09:29:25+00:00","description":"Koriander, \u00e4ven k\u00e4nd som koriander i sin bladform, \u00e4r en aromatisk \u00f6rt fr\u00e5n familjen Apiaceae, inhemsk i Sydv\u00e4stasien och Sydeuropa. V\u00e4xten odlas i stor utstr\u00e4ckning f\u00f6r b\u00e5de sina f\u00e4rska blad (koriander) och fr\u00f6n (korianderfr\u00f6n), som alla erbjuder en distinkt smakprofil. Koriander \u00e4r k\u00e4nd f\u00f6r sin ljusa, citrusaktiga och l\u00e4tt kryddiga smak och \u00e4r en stapelvara i globala k\u00f6k, inklusive indisk, mexikansk, mellan\u00f6stern- och medelhavsmatlagning. Utseende: Korianderplantans blad \u00e4r fj\u00e4derliknande och ljusgr\u00f6na, med en delikat konsistens. Stj\u00e4lkarna \u00e4r smala och ih\u00e5liga, och bladen anv\u00e4nds ofta f\u00e4rska i r\u00e4tter f\u00f6r en smakexplosion. Fr\u00f6na \u00e4r sm\u00e5, runda och ljusbruna eller beige, med en sl\u00e4t, h\u00e5rd konsistens. N\u00e4r de sk\u00f6rdas och torkas mals fr\u00f6na till ett fint pulver f\u00f6r att frig\u00f6ra sin varma, n\u00f6tiga smak. Korianderplantans blommor \u00e4r sm\u00e5 och vita och v\u00e4xer i blomflockar. Smak och arom: Korianderblad har en frisk, citrusaktig och l\u00e4tt pepprig smak, vilket ger en ljus, svalkande smak i r\u00e4tter. Fr\u00f6na har en varm, kryddig och n\u00f6tig smak med en antydan av citrus, vilket g\u00f6r dem popul\u00e4ra i kryddblandningar som garam masala och currypulver. V\u00e4xtens tv\u00e5 delar \u2013 blad och fr\u00f6n \u2013 anv\u00e4nds ofta p\u00e5 olika s\u00e4tt i matlagning, med f\u00e4rska blad som garnering eller smaks\u00e4ttning, och fr\u00f6n som anv\u00e4nds malda eller hela i olika kryddblandningar.","breadcrumb":{"@id":"https:\/\/mauritianfoodsonline.com\/sv\/product\/farskt-korianderblad\/#breadcrumb"},"inLanguage":"sv-SE","potentialAction":[{"@type":"ReadAction","target":["https:\/\/mauritianfoodsonline.com\/sv\/product\/farskt-korianderblad\/"]}]},{"@type":"ImageObject","inLanguage":"sv-SE","@id":"https:\/\/mauritianfoodsonline.com\/sv\/product\/farskt-korianderblad\/#primaryimage","url":"https:\/\/mauritianfoodsonline.com\/wp-content\/uploads\/2024\/11\/coriander-isolated.jpg","contentUrl":"https:\/\/mauritianfoodsonline.com\/wp-content\/uploads\/2024\/11\/coriander-isolated.jpg","width":1335,"height":2000,"caption":"green coriander vegetables isolated on white background"},{"@type":"BreadcrumbList","@id":"https:\/\/mauritianfoodsonline.com\/sv\/product\/farskt-korianderblad\/#breadcrumb","itemListElement":[{"@type":"ListItem","position":1,"name":"Home","item":"https:\/\/mauritianfoodsonline.com\/sv\/"},{"@type":"ListItem","position":2,"name":"Butik","item":"https:\/\/mauritianfoodsonline.com\/sv\/butik\/"},{"@type":"ListItem","position":3,"name":"Fresh Coriander Leaf"}]},{"@type":"WebSite","@id":"https:\/\/mauritianfoodsonline.com\/#website","url":"https:\/\/mauritianfoodsonline.com\/","name":"Mauritian Foods Online","description":"Online","publisher":{"@id":"https:\/\/mauritianfoodsonline.com\/#organization"},"potentialAction":[{"@type":"SearchAction","target":{"@type":"EntryPoint","urlTemplate":"https:\/\/mauritianfoodsonline.com\/?s={search_term_string}"},"query-input":{"@type":"PropertyValueSpecification","valueRequired":true,"valueName":"search_term_string"}}],"inLanguage":"sv-SE"},{"@type":"Organization","@id":"https:\/\/mauritianfoodsonline.com\/#organization","name":"Mauritian Foods Online","url":"https:\/\/mauritianfoodsonline.com\/","logo":{"@type":"ImageObject","inLanguage":"sv-SE","@id":"https:\/\/mauritianfoodsonline.com\/#\/schema\/logo\/image\/","url":"https:\/\/mauritianfoodsonline.com\/wp-content\/uploads\/2024\/11\/svgviewer-png-output-1.png","contentUrl":"https:\/\/mauritianfoodsonline.com\/wp-content\/uploads\/2024\/11\/svgviewer-png-output-1.png","width":106,"height":109,"caption":"Mauritian Foods Online"},"image":{"@id":"https:\/\/mauritianfoodsonline.com\/#\/schema\/logo\/image\/"},"sameAs":["https:\/\/www.facebook.com\/mauritianfoodsonlineuk\/","https:\/\/x.com\/mauritian_foods","https:\/\/www.instagram.com\/mauritianfoodsonline\/#"]}]}},"_links":{"self":[{"href":"https:\/\/mauritianfoodsonline.com\/sv\/wp-json\/wp\/v2\/product\/45664","targetHints":{"allow":["GET"]}}],"collection":[{"href":"https:\/\/mauritianfoodsonline.com\/sv\/wp-json\/wp\/v2\/product"}],"about":[{"href":"https:\/\/mauritianfoodsonline.com\/sv\/wp-json\/wp\/v2\/types\/product"}],"replies":[{"embeddable":true,"href":"https:\/\/mauritianfoodsonline.com\/sv\/wp-json\/wp\/v2\/comments?post=45664"}],"wp:featuredmedia":[{"embeddable":true,"href":"https:\/\/mauritianfoodsonline.com\/sv\/wp-json\/wp\/v2\/media\/39492"}],"wp:attachment":[{"href":"https:\/\/mauritianfoodsonline.com\/sv\/wp-json\/wp\/v2\/media?parent=45664"}],"wp:term":[{"taxonomy":"special-offers","embeddable":true,"href":"https:\/\/mauritianfoodsonline.com\/sv\/wp-json\/wp\/v2\/special-offers?post=45664"},{"taxonomy":"product_brand","embeddable":true,"href":"https:\/\/mauritianfoodsonline.com\/sv\/wp-json\/wp\/v2\/product_brand?post=45664"},{"taxonomy":"product_cat","embeddable":true,"href":"https:\/\/mauritianfoodsonline.com\/sv\/wp-json\/wp\/v2\/product_cat?post=45664"},{"taxonomy":"product_tag","embeddable":true,"href":"https:\/\/mauritianfoodsonline.com\/sv\/wp-json\/wp\/v2\/product_tag?post=45664"}],"curies":[{"name":"wp","href":"https:\/\/api.w.org\/{rel}","templated":true}]}}