{"id":45687,"date":"2024-11-07T18:13:30","date_gmt":"2024-11-07T18:13:30","guid":{"rendered":"https:\/\/mauritianfoodsonline.com\/product\/curryblad\/"},"modified":"2025-05-13T09:28:36","modified_gmt":"2025-05-13T09:28:36","slug":"curryblad","status":"publish","type":"product","link":"https:\/\/mauritianfoodsonline.com\/sv\/product\/curryblad\/","title":{"rendered":"Curry Leaves"},"content":{"rendered":"<p>Curryblad \u00e4r aromatiska, <strong>m\u00f6rkgr\u00f6na blad<\/strong> som kommer fr\u00e5n <strong>Murraya koenigii<\/strong> -tr\u00e4det, som \u00e4r hemmah\u00f6rande i Indien och Sri Lanka. Dessa blad \u00e4r en popul\u00e4r \u00f6rt som anv\u00e4nds i en m\u00e4ngd olika sydasiatiska k\u00f6k, k\u00e4nda f\u00f6r sin unika och v\u00e4ldoftande smak. \u00c4ven om namnet &#8221;curryblad&#8221; kan antyda en direkt koppling till currypulver, \u00e4r de distinkta i smaken och spelar en nyckelroll f\u00f6r att f\u00f6rh\u00f6ja smaken p\u00e5 r\u00e4tter.  <\/p>\n<p><strong>Utseende:<\/strong><br \/>\n Curryblad \u00e4r sm\u00e5, avl\u00e5nga och v\u00e4xer vanligtvis i klasar. Bladen \u00e4r glansiga, ljusgr\u00f6na och har en fint tandad kant. N\u00e4r de \u00e4r f\u00e4rska har de en v\u00e4ldoftande citrusarom som blir mer uttalad n\u00e4r bladen f\u00f6rsiktigt v\u00e4rms upp i olja. Torkade curryblad, \u00e4ven om de fortfarande \u00e4r aromatiska, \u00e4r mindre livfulla i f\u00e4rgen och n\u00e5got mer spr\u00f6da.   <\/p>\n<p><strong>Smakprofil:<\/strong><br \/>\n Currybladens smak \u00e4r aromatisk och l\u00e4tt citrusaktig med en mild, bitter ton. De beskrivs ofta som en kombination av <strong>citrus, anis och timjan<\/strong> , vilket ger en distinkt smak som framh\u00e4ver curryr\u00e4tter, grytor och andra salta r\u00e4tter. Curryblad anv\u00e4nds vanligtvis f\u00e4rska men kan ocks\u00e5 hittas torkade eller pulveriserade f\u00f6r enkelhetens skull.  <\/p>\n<p><strong>N\u00e4ringsm\u00e4ssiga f\u00f6rdelar:<\/strong><br \/>\n Curryblad \u00e4r inte bara uppskattade f\u00f6r sina kulinariska anv\u00e4ndningsomr\u00e5den utan \u00e4ven f\u00f6r sina <strong>n\u00e4ringsm\u00e4ssiga och medicinska f\u00f6rdelar<\/strong> . De \u00e4r en rik k\u00e4lla till <strong>vitamin A, B, C och E.<\/strong> Dessutom inneh\u00e5ller curryblad <strong>antioxidanter<\/strong> , <strong>fibrer<\/strong> och <strong>mineraler<\/strong> som <strong>j\u00e4rn<\/strong> , <strong>kalcium<\/strong> och <strong>fosfor<\/strong> . Traditionell medicin anv\u00e4nder ofta curryblad f\u00f6r deras potentiella h\u00e4lsof\u00f6rdelar, s\u00e5som att st\u00f6dja matsm\u00e4ltningen, s\u00e4nka blodsockerniv\u00e5erna, fr\u00e4mja h\u00e5rv\u00e4xt och ge antiinflammatoriska effekter.   <\/p>\n<p><strong>Kulinariska anv\u00e4ndningsomr\u00e5den:<\/strong><br \/>\n F\u00e4rska curryblad \u00e4r en viktig ingrediens i m\u00e5nga sydindiska, srilankanska och sydostasiatiska r\u00e4tter. De steks ofta i <strong>het olja<\/strong> f\u00f6r att frig\u00f6ra sin doft och tills\u00e4tts i <strong>curryr\u00e4tter<\/strong> , <strong>grytor<\/strong> , <strong>linser<\/strong> , <strong>risr\u00e4tter<\/strong> (som <strong>tempererat ris<\/strong> ) och <strong>gr\u00f6nsaksr\u00e4tter<\/strong> . Curryblad kan ocks\u00e5 anv\u00e4ndas i <strong>pickles<\/strong> , <strong>s\u00e5ser<\/strong> och <strong>soppor<\/strong> f\u00f6r att ge sin unika smak. De anv\u00e4nds ofta i kombination med senapsfr\u00f6n, chili och andra kryddor f\u00f6r att bilda basen i smakrika r\u00e4tter.   <\/p>\n","protected":false},"excerpt":{"rendered":"<p>Ursprungsland <strong>:<\/strong> <strong>Mauritius\/Indien\/Sri Lanka<\/strong><\/p>\n<p> <strong>Cirka<\/strong> 50 <strong>g per knippe<\/strong><\/p>\n","protected":false},"featured_media":39462,"comment_status":"open","ping_status":"closed","template":"","meta":{"_acf_changed":false},"special-offers":[],"product_brand":[],"product_cat":[17],"product_tag":[343],"class_list":{"0":"post-45687","1":"product","2":"type-product","3":"status-publish","4":"has-post-thumbnail","6":"product_cat-food-cupboard","7":"product_tag-curry-leaves-5","9":"first","10":"instock","11":"taxable","12":"shipping-taxable","13":"purchasable","14":"product-type-simple","15":"add-to-wishlist-before_image"},"acf":[],"yoast_head":"<!-- This site is optimized with the Yoast SEO plugin v27.3 - https:\/\/yoast.com\/product\/yoast-seo-wordpress\/ -->\n<title>Curry Leaves - Mauritian Foods Online<\/title>\n<meta name=\"description\" content=\"H\u00e4lso- och medicinska anv\u00e4ndningsomr\u00e5den: Ut\u00f6ver deras kulinariska anv\u00e4ndning \u00e4r curryblad k\u00e4nda f\u00f6r sina medicinska egenskaper. De har anv\u00e4nts i traditionell ayurvedisk medicin f\u00f6r att behandla en m\u00e4ngd olika sjukdomar, inklusive matsm\u00e4ltningsbesv\u00e4r, diabetes och hudproblem. De tros ocks\u00e5 fr\u00e4mja h\u00e5rh\u00e4lsan, och vissa anv\u00e4nder currybladsolja f\u00f6r att f\u00f6rhindra h\u00e5ravfall och stimulera h\u00e5rv\u00e4xt. F\u00f6rvaring och h\u00e5llbarhet: F\u00e4rska curryblad b\u00f6r f\u00f6rvaras svalt och torrt och helst anv\u00e4ndas inom en vecka f\u00f6r b\u00e4sta smak. De kan ocks\u00e5 f\u00f6rvaras i kylsk\u00e5p f\u00f6r l\u00e4ngre h\u00e5llbarhet. F\u00f6r l\u00e4ngre f\u00f6rvaring kan curryblad torkas eller frysas. Torkade curryblad b\u00f6r f\u00f6rvaras i en luftt\u00e4t beh\u00e5llare p\u00e5 en sval och m\u00f6rk plats f\u00f6r att beh\u00e5lla sin smak i flera m\u00e5nader. Curryblad \u00e4r en viktig \u00f6rt i sydasiatisk matlagning, uppskattad f\u00f6r sin unika citrussmak. Oavsett om de \u00e4r f\u00e4rska, torkade eller pulveriserade anv\u00e4nds de f\u00f6r att ge djup till ett brett utbud av r\u00e4tter. F\u00f6rutom deras kulinariska anv\u00e4ndningsomr\u00e5den erbjuder curryblad ocks\u00e5 m\u00e5nga h\u00e4lsof\u00f6rdelar, vilket g\u00f6r dem till en m\u00e5ngsidig och v\u00e4rdefull ingrediens i b\u00e5de k\u00f6ket och inom traditionell medicin.\" \/>\n<meta name=\"robots\" content=\"index, follow, max-snippet:-1, max-image-preview:large, max-video-preview:-1\" \/>\n<link rel=\"canonical\" href=\"https:\/\/mauritianfoodsonline.com\/sv\/product\/curryblad\/\" \/>\n<meta property=\"og:locale\" content=\"sv_SE\" \/>\n<meta property=\"og:type\" content=\"article\" \/>\n<meta property=\"og:title\" content=\"Curry Leaves - Mauritian Foods Online\" \/>\n<meta property=\"og:description\" content=\"H\u00e4lso- och medicinska anv\u00e4ndningsomr\u00e5den: Ut\u00f6ver deras kulinariska anv\u00e4ndning \u00e4r curryblad k\u00e4nda f\u00f6r sina medicinska egenskaper. De har anv\u00e4nts i traditionell ayurvedisk medicin f\u00f6r att behandla en m\u00e4ngd olika sjukdomar, inklusive matsm\u00e4ltningsbesv\u00e4r, diabetes och hudproblem. De tros ocks\u00e5 fr\u00e4mja h\u00e5rh\u00e4lsan, och vissa anv\u00e4nder currybladsolja f\u00f6r att f\u00f6rhindra h\u00e5ravfall och stimulera h\u00e5rv\u00e4xt. F\u00f6rvaring och h\u00e5llbarhet: F\u00e4rska curryblad b\u00f6r f\u00f6rvaras svalt och torrt och helst anv\u00e4ndas inom en vecka f\u00f6r b\u00e4sta smak. De kan ocks\u00e5 f\u00f6rvaras i kylsk\u00e5p f\u00f6r l\u00e4ngre h\u00e5llbarhet. F\u00f6r l\u00e4ngre f\u00f6rvaring kan curryblad torkas eller frysas. Torkade curryblad b\u00f6r f\u00f6rvaras i en luftt\u00e4t beh\u00e5llare p\u00e5 en sval och m\u00f6rk plats f\u00f6r att beh\u00e5lla sin smak i flera m\u00e5nader. Curryblad \u00e4r en viktig \u00f6rt i sydasiatisk matlagning, uppskattad f\u00f6r sin unika citrussmak. Oavsett om de \u00e4r f\u00e4rska, torkade eller pulveriserade anv\u00e4nds de f\u00f6r att ge djup till ett brett utbud av r\u00e4tter. F\u00f6rutom deras kulinariska anv\u00e4ndningsomr\u00e5den erbjuder curryblad ocks\u00e5 m\u00e5nga h\u00e4lsof\u00f6rdelar, vilket g\u00f6r dem till en m\u00e5ngsidig och v\u00e4rdefull ingrediens i b\u00e5de k\u00f6ket och inom traditionell medicin.\" \/>\n<meta property=\"og:url\" content=\"https:\/\/mauritianfoodsonline.com\/sv\/product\/curryblad\/\" \/>\n<meta property=\"og:site_name\" content=\"Mauritian Foods Online\" \/>\n<meta property=\"article:publisher\" content=\"https:\/\/www.facebook.com\/mauritianfoodsonlineuk\/\" \/>\n<meta property=\"article:modified_time\" content=\"2025-05-13T09:28:36+00:00\" \/>\n<meta property=\"og:image\" content=\"https:\/\/mauritianfoodsonline.com\/wp-content\/uploads\/2024\/11\/Curry-Leaves.png\" \/>\n\t<meta property=\"og:image:width\" content=\"500\" \/>\n\t<meta property=\"og:image:height\" content=\"500\" \/>\n\t<meta property=\"og:image:type\" content=\"image\/png\" \/>\n<meta name=\"twitter:card\" content=\"summary_large_image\" \/>\n<meta name=\"twitter:site\" content=\"@mauritian_foods\" \/>\n<meta name=\"twitter:label1\" content=\"Ber\u00e4knad l\u00e4stid\" \/>\n\t<meta name=\"twitter:data1\" content=\"2 minuter\" \/>\n<script type=\"application\/ld+json\" class=\"yoast-schema-graph\">{\"@context\":\"https:\\\/\\\/schema.org\",\"@graph\":[{\"@type\":\"WebPage\",\"@id\":\"https:\\\/\\\/mauritianfoodsonline.com\\\/sv\\\/product\\\/curryblad\\\/\",\"url\":\"https:\\\/\\\/mauritianfoodsonline.com\\\/sv\\\/product\\\/curryblad\\\/\",\"name\":\"Curry Leaves - Mauritian Foods Online\",\"isPartOf\":{\"@id\":\"https:\\\/\\\/mauritianfoodsonline.com\\\/#website\"},\"primaryImageOfPage\":{\"@id\":\"https:\\\/\\\/mauritianfoodsonline.com\\\/sv\\\/product\\\/curryblad\\\/#primaryimage\"},\"image\":{\"@id\":\"https:\\\/\\\/mauritianfoodsonline.com\\\/sv\\\/product\\\/curryblad\\\/#primaryimage\"},\"thumbnailUrl\":\"https:\\\/\\\/mauritianfoodsonline.com\\\/wp-content\\\/uploads\\\/2024\\\/11\\\/Curry-Leaves.png\",\"datePublished\":\"2024-11-07T18:13:30+00:00\",\"dateModified\":\"2025-05-13T09:28:36+00:00\",\"description\":\"H\u00e4lso- och medicinska anv\u00e4ndningsomr\u00e5den: Ut\u00f6ver deras kulinariska anv\u00e4ndning \u00e4r curryblad k\u00e4nda f\u00f6r sina medicinska egenskaper. De har anv\u00e4nts i traditionell ayurvedisk medicin f\u00f6r att behandla en m\u00e4ngd olika sjukdomar, inklusive matsm\u00e4ltningsbesv\u00e4r, diabetes och hudproblem. De tros ocks\u00e5 fr\u00e4mja h\u00e5rh\u00e4lsan, och vissa anv\u00e4nder currybladsolja f\u00f6r att f\u00f6rhindra h\u00e5ravfall och stimulera h\u00e5rv\u00e4xt. F\u00f6rvaring och h\u00e5llbarhet: F\u00e4rska curryblad b\u00f6r f\u00f6rvaras svalt och torrt och helst anv\u00e4ndas inom en vecka f\u00f6r b\u00e4sta smak. De kan ocks\u00e5 f\u00f6rvaras i kylsk\u00e5p f\u00f6r l\u00e4ngre h\u00e5llbarhet. F\u00f6r l\u00e4ngre f\u00f6rvaring kan curryblad torkas eller frysas. Torkade curryblad b\u00f6r f\u00f6rvaras i en luftt\u00e4t beh\u00e5llare p\u00e5 en sval och m\u00f6rk plats f\u00f6r att beh\u00e5lla sin smak i flera m\u00e5nader. Curryblad \u00e4r en viktig \u00f6rt i sydasiatisk matlagning, uppskattad f\u00f6r sin unika citrussmak. Oavsett om de \u00e4r f\u00e4rska, torkade eller pulveriserade anv\u00e4nds de f\u00f6r att ge djup till ett brett utbud av r\u00e4tter. F\u00f6rutom deras kulinariska anv\u00e4ndningsomr\u00e5den erbjuder curryblad ocks\u00e5 m\u00e5nga h\u00e4lsof\u00f6rdelar, vilket g\u00f6r dem till en m\u00e5ngsidig och v\u00e4rdefull ingrediens i b\u00e5de k\u00f6ket och inom traditionell medicin.\",\"breadcrumb\":{\"@id\":\"https:\\\/\\\/mauritianfoodsonline.com\\\/sv\\\/product\\\/curryblad\\\/#breadcrumb\"},\"inLanguage\":\"sv-SE\",\"potentialAction\":[{\"@type\":\"ReadAction\",\"target\":[\"https:\\\/\\\/mauritianfoodsonline.com\\\/sv\\\/product\\\/curryblad\\\/\"]}]},{\"@type\":\"ImageObject\",\"inLanguage\":\"sv-SE\",\"@id\":\"https:\\\/\\\/mauritianfoodsonline.com\\\/sv\\\/product\\\/curryblad\\\/#primaryimage\",\"url\":\"https:\\\/\\\/mauritianfoodsonline.com\\\/wp-content\\\/uploads\\\/2024\\\/11\\\/Curry-Leaves.png\",\"contentUrl\":\"https:\\\/\\\/mauritianfoodsonline.com\\\/wp-content\\\/uploads\\\/2024\\\/11\\\/Curry-Leaves.png\",\"width\":500,\"height\":500},{\"@type\":\"BreadcrumbList\",\"@id\":\"https:\\\/\\\/mauritianfoodsonline.com\\\/sv\\\/product\\\/curryblad\\\/#breadcrumb\",\"itemListElement\":[{\"@type\":\"ListItem\",\"position\":1,\"name\":\"Home\",\"item\":\"https:\\\/\\\/mauritianfoodsonline.com\\\/sv\\\/\"},{\"@type\":\"ListItem\",\"position\":2,\"name\":\"Butik\",\"item\":\"https:\\\/\\\/mauritianfoodsonline.com\\\/sv\\\/butik\\\/\"},{\"@type\":\"ListItem\",\"position\":3,\"name\":\"Curry Leaves\"}]},{\"@type\":\"WebSite\",\"@id\":\"https:\\\/\\\/mauritianfoodsonline.com\\\/#website\",\"url\":\"https:\\\/\\\/mauritianfoodsonline.com\\\/\",\"name\":\"Mauritian Foods Online\",\"description\":\"Online\",\"publisher\":{\"@id\":\"https:\\\/\\\/mauritianfoodsonline.com\\\/#organization\"},\"potentialAction\":[{\"@type\":\"SearchAction\",\"target\":{\"@type\":\"EntryPoint\",\"urlTemplate\":\"https:\\\/\\\/mauritianfoodsonline.com\\\/?s={search_term_string}\"},\"query-input\":{\"@type\":\"PropertyValueSpecification\",\"valueRequired\":true,\"valueName\":\"search_term_string\"}}],\"inLanguage\":\"sv-SE\"},{\"@type\":\"Organization\",\"@id\":\"https:\\\/\\\/mauritianfoodsonline.com\\\/#organization\",\"name\":\"Mauritian Foods Online\",\"url\":\"https:\\\/\\\/mauritianfoodsonline.com\\\/\",\"logo\":{\"@type\":\"ImageObject\",\"inLanguage\":\"sv-SE\",\"@id\":\"https:\\\/\\\/mauritianfoodsonline.com\\\/#\\\/schema\\\/logo\\\/image\\\/\",\"url\":\"https:\\\/\\\/mauritianfoodsonline.com\\\/wp-content\\\/uploads\\\/2024\\\/11\\\/svgviewer-png-output-1.png\",\"contentUrl\":\"https:\\\/\\\/mauritianfoodsonline.com\\\/wp-content\\\/uploads\\\/2024\\\/11\\\/svgviewer-png-output-1.png\",\"width\":106,\"height\":109,\"caption\":\"Mauritian Foods Online\"},\"image\":{\"@id\":\"https:\\\/\\\/mauritianfoodsonline.com\\\/#\\\/schema\\\/logo\\\/image\\\/\"},\"sameAs\":[\"https:\\\/\\\/www.facebook.com\\\/mauritianfoodsonlineuk\\\/\",\"https:\\\/\\\/x.com\\\/mauritian_foods\",\"https:\\\/\\\/www.instagram.com\\\/mauritianfoodsonline\\\/#\"]}]}<\/script>\n<!-- \/ Yoast SEO plugin. -->","yoast_head_json":{"title":"Curry Leaves - Mauritian Foods Online","description":"H\u00e4lso- och medicinska anv\u00e4ndningsomr\u00e5den: Ut\u00f6ver deras kulinariska anv\u00e4ndning \u00e4r curryblad k\u00e4nda f\u00f6r sina medicinska egenskaper. De har anv\u00e4nts i traditionell ayurvedisk medicin f\u00f6r att behandla en m\u00e4ngd olika sjukdomar, inklusive matsm\u00e4ltningsbesv\u00e4r, diabetes och hudproblem. De tros ocks\u00e5 fr\u00e4mja h\u00e5rh\u00e4lsan, och vissa anv\u00e4nder currybladsolja f\u00f6r att f\u00f6rhindra h\u00e5ravfall och stimulera h\u00e5rv\u00e4xt. F\u00f6rvaring och h\u00e5llbarhet: F\u00e4rska curryblad b\u00f6r f\u00f6rvaras svalt och torrt och helst anv\u00e4ndas inom en vecka f\u00f6r b\u00e4sta smak. De kan ocks\u00e5 f\u00f6rvaras i kylsk\u00e5p f\u00f6r l\u00e4ngre h\u00e5llbarhet. F\u00f6r l\u00e4ngre f\u00f6rvaring kan curryblad torkas eller frysas. Torkade curryblad b\u00f6r f\u00f6rvaras i en luftt\u00e4t beh\u00e5llare p\u00e5 en sval och m\u00f6rk plats f\u00f6r att beh\u00e5lla sin smak i flera m\u00e5nader. Curryblad \u00e4r en viktig \u00f6rt i sydasiatisk matlagning, uppskattad f\u00f6r sin unika citrussmak. Oavsett om de \u00e4r f\u00e4rska, torkade eller pulveriserade anv\u00e4nds de f\u00f6r att ge djup till ett brett utbud av r\u00e4tter. F\u00f6rutom deras kulinariska anv\u00e4ndningsomr\u00e5den erbjuder curryblad ocks\u00e5 m\u00e5nga h\u00e4lsof\u00f6rdelar, vilket g\u00f6r dem till en m\u00e5ngsidig och v\u00e4rdefull ingrediens i b\u00e5de k\u00f6ket och inom traditionell medicin.","robots":{"index":"index","follow":"follow","max-snippet":"max-snippet:-1","max-image-preview":"max-image-preview:large","max-video-preview":"max-video-preview:-1"},"canonical":"https:\/\/mauritianfoodsonline.com\/sv\/product\/curryblad\/","og_locale":"sv_SE","og_type":"article","og_title":"Curry Leaves - Mauritian Foods Online","og_description":"H\u00e4lso- och medicinska anv\u00e4ndningsomr\u00e5den: Ut\u00f6ver deras kulinariska anv\u00e4ndning \u00e4r curryblad k\u00e4nda f\u00f6r sina medicinska egenskaper. De har anv\u00e4nts i traditionell ayurvedisk medicin f\u00f6r att behandla en m\u00e4ngd olika sjukdomar, inklusive matsm\u00e4ltningsbesv\u00e4r, diabetes och hudproblem. De tros ocks\u00e5 fr\u00e4mja h\u00e5rh\u00e4lsan, och vissa anv\u00e4nder currybladsolja f\u00f6r att f\u00f6rhindra h\u00e5ravfall och stimulera h\u00e5rv\u00e4xt. F\u00f6rvaring och h\u00e5llbarhet: F\u00e4rska curryblad b\u00f6r f\u00f6rvaras svalt och torrt och helst anv\u00e4ndas inom en vecka f\u00f6r b\u00e4sta smak. De kan ocks\u00e5 f\u00f6rvaras i kylsk\u00e5p f\u00f6r l\u00e4ngre h\u00e5llbarhet. F\u00f6r l\u00e4ngre f\u00f6rvaring kan curryblad torkas eller frysas. Torkade curryblad b\u00f6r f\u00f6rvaras i en luftt\u00e4t beh\u00e5llare p\u00e5 en sval och m\u00f6rk plats f\u00f6r att beh\u00e5lla sin smak i flera m\u00e5nader. Curryblad \u00e4r en viktig \u00f6rt i sydasiatisk matlagning, uppskattad f\u00f6r sin unika citrussmak. Oavsett om de \u00e4r f\u00e4rska, torkade eller pulveriserade anv\u00e4nds de f\u00f6r att ge djup till ett brett utbud av r\u00e4tter. F\u00f6rutom deras kulinariska anv\u00e4ndningsomr\u00e5den erbjuder curryblad ocks\u00e5 m\u00e5nga h\u00e4lsof\u00f6rdelar, vilket g\u00f6r dem till en m\u00e5ngsidig och v\u00e4rdefull ingrediens i b\u00e5de k\u00f6ket och inom traditionell medicin.","og_url":"https:\/\/mauritianfoodsonline.com\/sv\/product\/curryblad\/","og_site_name":"Mauritian Foods Online","article_publisher":"https:\/\/www.facebook.com\/mauritianfoodsonlineuk\/","article_modified_time":"2025-05-13T09:28:36+00:00","og_image":[{"width":500,"height":500,"url":"https:\/\/mauritianfoodsonline.com\/wp-content\/uploads\/2024\/11\/Curry-Leaves.png","type":"image\/png"}],"twitter_card":"summary_large_image","twitter_site":"@mauritian_foods","twitter_misc":{"Ber\u00e4knad l\u00e4stid":"2 minuter"},"schema":{"@context":"https:\/\/schema.org","@graph":[{"@type":"WebPage","@id":"https:\/\/mauritianfoodsonline.com\/sv\/product\/curryblad\/","url":"https:\/\/mauritianfoodsonline.com\/sv\/product\/curryblad\/","name":"Curry Leaves - Mauritian Foods Online","isPartOf":{"@id":"https:\/\/mauritianfoodsonline.com\/#website"},"primaryImageOfPage":{"@id":"https:\/\/mauritianfoodsonline.com\/sv\/product\/curryblad\/#primaryimage"},"image":{"@id":"https:\/\/mauritianfoodsonline.com\/sv\/product\/curryblad\/#primaryimage"},"thumbnailUrl":"https:\/\/mauritianfoodsonline.com\/wp-content\/uploads\/2024\/11\/Curry-Leaves.png","datePublished":"2024-11-07T18:13:30+00:00","dateModified":"2025-05-13T09:28:36+00:00","description":"H\u00e4lso- och medicinska anv\u00e4ndningsomr\u00e5den: Ut\u00f6ver deras kulinariska anv\u00e4ndning \u00e4r curryblad k\u00e4nda f\u00f6r sina medicinska egenskaper. De har anv\u00e4nts i traditionell ayurvedisk medicin f\u00f6r att behandla en m\u00e4ngd olika sjukdomar, inklusive matsm\u00e4ltningsbesv\u00e4r, diabetes och hudproblem. De tros ocks\u00e5 fr\u00e4mja h\u00e5rh\u00e4lsan, och vissa anv\u00e4nder currybladsolja f\u00f6r att f\u00f6rhindra h\u00e5ravfall och stimulera h\u00e5rv\u00e4xt. F\u00f6rvaring och h\u00e5llbarhet: F\u00e4rska curryblad b\u00f6r f\u00f6rvaras svalt och torrt och helst anv\u00e4ndas inom en vecka f\u00f6r b\u00e4sta smak. De kan ocks\u00e5 f\u00f6rvaras i kylsk\u00e5p f\u00f6r l\u00e4ngre h\u00e5llbarhet. F\u00f6r l\u00e4ngre f\u00f6rvaring kan curryblad torkas eller frysas. Torkade curryblad b\u00f6r f\u00f6rvaras i en luftt\u00e4t beh\u00e5llare p\u00e5 en sval och m\u00f6rk plats f\u00f6r att beh\u00e5lla sin smak i flera m\u00e5nader. Curryblad \u00e4r en viktig \u00f6rt i sydasiatisk matlagning, uppskattad f\u00f6r sin unika citrussmak. Oavsett om de \u00e4r f\u00e4rska, torkade eller pulveriserade anv\u00e4nds de f\u00f6r att ge djup till ett brett utbud av r\u00e4tter. F\u00f6rutom deras kulinariska anv\u00e4ndningsomr\u00e5den erbjuder curryblad ocks\u00e5 m\u00e5nga h\u00e4lsof\u00f6rdelar, vilket g\u00f6r dem till en m\u00e5ngsidig och v\u00e4rdefull ingrediens i b\u00e5de k\u00f6ket och inom traditionell medicin.","breadcrumb":{"@id":"https:\/\/mauritianfoodsonline.com\/sv\/product\/curryblad\/#breadcrumb"},"inLanguage":"sv-SE","potentialAction":[{"@type":"ReadAction","target":["https:\/\/mauritianfoodsonline.com\/sv\/product\/curryblad\/"]}]},{"@type":"ImageObject","inLanguage":"sv-SE","@id":"https:\/\/mauritianfoodsonline.com\/sv\/product\/curryblad\/#primaryimage","url":"https:\/\/mauritianfoodsonline.com\/wp-content\/uploads\/2024\/11\/Curry-Leaves.png","contentUrl":"https:\/\/mauritianfoodsonline.com\/wp-content\/uploads\/2024\/11\/Curry-Leaves.png","width":500,"height":500},{"@type":"BreadcrumbList","@id":"https:\/\/mauritianfoodsonline.com\/sv\/product\/curryblad\/#breadcrumb","itemListElement":[{"@type":"ListItem","position":1,"name":"Home","item":"https:\/\/mauritianfoodsonline.com\/sv\/"},{"@type":"ListItem","position":2,"name":"Butik","item":"https:\/\/mauritianfoodsonline.com\/sv\/butik\/"},{"@type":"ListItem","position":3,"name":"Curry Leaves"}]},{"@type":"WebSite","@id":"https:\/\/mauritianfoodsonline.com\/#website","url":"https:\/\/mauritianfoodsonline.com\/","name":"Mauritian Foods Online","description":"Online","publisher":{"@id":"https:\/\/mauritianfoodsonline.com\/#organization"},"potentialAction":[{"@type":"SearchAction","target":{"@type":"EntryPoint","urlTemplate":"https:\/\/mauritianfoodsonline.com\/?s={search_term_string}"},"query-input":{"@type":"PropertyValueSpecification","valueRequired":true,"valueName":"search_term_string"}}],"inLanguage":"sv-SE"},{"@type":"Organization","@id":"https:\/\/mauritianfoodsonline.com\/#organization","name":"Mauritian Foods Online","url":"https:\/\/mauritianfoodsonline.com\/","logo":{"@type":"ImageObject","inLanguage":"sv-SE","@id":"https:\/\/mauritianfoodsonline.com\/#\/schema\/logo\/image\/","url":"https:\/\/mauritianfoodsonline.com\/wp-content\/uploads\/2024\/11\/svgviewer-png-output-1.png","contentUrl":"https:\/\/mauritianfoodsonline.com\/wp-content\/uploads\/2024\/11\/svgviewer-png-output-1.png","width":106,"height":109,"caption":"Mauritian Foods Online"},"image":{"@id":"https:\/\/mauritianfoodsonline.com\/#\/schema\/logo\/image\/"},"sameAs":["https:\/\/www.facebook.com\/mauritianfoodsonlineuk\/","https:\/\/x.com\/mauritian_foods","https:\/\/www.instagram.com\/mauritianfoodsonline\/#"]}]}},"_links":{"self":[{"href":"https:\/\/mauritianfoodsonline.com\/sv\/wp-json\/wp\/v2\/product\/45687","targetHints":{"allow":["GET"]}}],"collection":[{"href":"https:\/\/mauritianfoodsonline.com\/sv\/wp-json\/wp\/v2\/product"}],"about":[{"href":"https:\/\/mauritianfoodsonline.com\/sv\/wp-json\/wp\/v2\/types\/product"}],"replies":[{"embeddable":true,"href":"https:\/\/mauritianfoodsonline.com\/sv\/wp-json\/wp\/v2\/comments?post=45687"}],"wp:featuredmedia":[{"embeddable":true,"href":"https:\/\/mauritianfoodsonline.com\/sv\/wp-json\/wp\/v2\/media\/39462"}],"wp:attachment":[{"href":"https:\/\/mauritianfoodsonline.com\/sv\/wp-json\/wp\/v2\/media?parent=45687"}],"wp:term":[{"taxonomy":"special-offers","embeddable":true,"href":"https:\/\/mauritianfoodsonline.com\/sv\/wp-json\/wp\/v2\/special-offers?post=45687"},{"taxonomy":"product_brand","embeddable":true,"href":"https:\/\/mauritianfoodsonline.com\/sv\/wp-json\/wp\/v2\/product_brand?post=45687"},{"taxonomy":"product_cat","embeddable":true,"href":"https:\/\/mauritianfoodsonline.com\/sv\/wp-json\/wp\/v2\/product_cat?post=45687"},{"taxonomy":"product_tag","embeddable":true,"href":"https:\/\/mauritianfoodsonline.com\/sv\/wp-json\/wp\/v2\/product_tag?post=45687"}],"curies":[{"name":"wp","href":"https:\/\/api.w.org\/{rel}","templated":true}]}}