{"id":45689,"date":"2024-08-09T07:01:18","date_gmt":"2024-08-09T07:01:18","guid":{"rendered":"https:\/\/mauritianfoodsonline.com\/product\/lotun-aperitif-sale-sev-special\/"},"modified":"2025-05-13T09:28:37","modified_gmt":"2025-05-13T09:28:37","slug":"lotun-aperitif-sale-sev-special","status":"publish","type":"product","link":"https:\/\/mauritianfoodsonline.com\/sv\/product\/lotun-aperitif-sale-sev-special\/","title":{"rendered":"L\u2019otun Ap\u00e9ritif Sal\u00e9 &#8211; Sev Sp\u00e9cial"},"content":{"rendered":"","protected":false},"excerpt":{"rendered":"<p>Njut av Mauritius unika smak med L&#8217;otun Ap\u00e9ritif Sal\u00e9. V\u00e5r Sev Sp\u00e9cial erbjuder krispiga, kryddade nudlar inspirerade av traditionella mauritiska recept. Perfekt f\u00f6r alla tillf\u00e4llen, njut av detta l\u00e4ckra mellanm\u00e5l som det \u00e4r eller med dina favoritdrycker.  <\/p>\n","protected":false},"featured_media":37854,"comment_status":"open","ping_status":"closed","template":"","meta":{"_acf_changed":false},"special-offers":[],"product_brand":[],"product_cat":[743,735],"product_tag":[],"class_list":{"0":"post-45689","1":"product","2":"type-product","3":"status-publish","4":"has-post-thumbnail","6":"product_cat-savoury-snacks-sv","7":"product_cat-snacks-desserts-sv","9":"first","10":"instock","11":"taxable","12":"shipping-taxable","13":"purchasable","14":"product-type-simple","15":"add-to-wishlist-before_image"},"acf":[],"yoast_head":"<!-- This site is optimized with the Yoast SEO plugin v27.3 - https:\/\/yoast.com\/product\/yoast-seo-wordpress\/ -->\n<title>L\u2019otun Ap\u00e9ritif Sal\u00e9 - Sev Sp\u00e9cial - Mauritian Foods Online<\/title>\n<meta name=\"robots\" content=\"index, follow, max-snippet:-1, max-image-preview:large, max-video-preview:-1\" \/>\n<link rel=\"canonical\" href=\"https:\/\/mauritianfoodsonline.com\/sv\/product\/lotun-aperitif-sale-sev-special\/\" \/>\n<meta property=\"og:locale\" content=\"sv_SE\" \/>\n<meta property=\"og:type\" content=\"article\" \/>\n<meta property=\"og:title\" content=\"L\u2019otun Ap\u00e9ritif Sal\u00e9 - Sev Sp\u00e9cial - Mauritian Foods Online\" \/>\n<meta property=\"og:description\" content=\"Njut av Mauritius unika smak med L&#039;otun Ap\u00e9ritif Sal\u00e9. V\u00e5r Sev Sp\u00e9cial erbjuder krispiga, kryddade nudlar inspirerade av traditionella mauritiska recept. Perfekt f\u00f6r alla tillf\u00e4llen, njut av detta l\u00e4ckra mellanm\u00e5l som det \u00e4r eller med dina favoritdrycker.\" \/>\n<meta property=\"og:url\" content=\"https:\/\/mauritianfoodsonline.com\/sv\/product\/lotun-aperitif-sale-sev-special\/\" \/>\n<meta property=\"og:site_name\" content=\"Mauritian Foods Online\" \/>\n<meta property=\"article:publisher\" content=\"https:\/\/www.facebook.com\/mauritianfoodsonlineuk\/\" \/>\n<meta property=\"article:modified_time\" content=\"2025-05-13T09:28:37+00:00\" \/>\n<meta property=\"og:image\" content=\"https:\/\/mauritianfoodsonline.com\/wp-content\/uploads\/2024\/08\/IMG_4964.jpg\" \/>\n\t<meta property=\"og:image:width\" content=\"1500\" \/>\n\t<meta property=\"og:image:height\" content=\"1500\" \/>\n\t<meta property=\"og:image:type\" content=\"image\/jpeg\" \/>\n<meta name=\"twitter:card\" content=\"summary_large_image\" \/>\n<meta name=\"twitter:site\" content=\"@mauritian_foods\" \/>\n<script type=\"application\/ld+json\" class=\"yoast-schema-graph\">{\"@context\":\"https:\\\/\\\/schema.org\",\"@graph\":[{\"@type\":\"WebPage\",\"@id\":\"https:\\\/\\\/mauritianfoodsonline.com\\\/sv\\\/product\\\/lotun-aperitif-sale-sev-special\\\/\",\"url\":\"https:\\\/\\\/mauritianfoodsonline.com\\\/sv\\\/product\\\/lotun-aperitif-sale-sev-special\\\/\",\"name\":\"L\u2019otun Ap\u00e9ritif Sal\u00e9 - Sev Sp\u00e9cial - Mauritian Foods Online\",\"isPartOf\":{\"@id\":\"https:\\\/\\\/mauritianfoodsonline.com\\\/#website\"},\"primaryImageOfPage\":{\"@id\":\"https:\\\/\\\/mauritianfoodsonline.com\\\/sv\\\/product\\\/lotun-aperitif-sale-sev-special\\\/#primaryimage\"},\"image\":{\"@id\":\"https:\\\/\\\/mauritianfoodsonline.com\\\/sv\\\/product\\\/lotun-aperitif-sale-sev-special\\\/#primaryimage\"},\"thumbnailUrl\":\"https:\\\/\\\/mauritianfoodsonline.com\\\/wp-content\\\/uploads\\\/2024\\\/08\\\/IMG_4964.jpg\",\"datePublished\":\"2024-08-09T07:01:18+00:00\",\"dateModified\":\"2025-05-13T09:28:37+00:00\",\"breadcrumb\":{\"@id\":\"https:\\\/\\\/mauritianfoodsonline.com\\\/sv\\\/product\\\/lotun-aperitif-sale-sev-special\\\/#breadcrumb\"},\"inLanguage\":\"sv-SE\",\"potentialAction\":[{\"@type\":\"ReadAction\",\"target\":[\"https:\\\/\\\/mauritianfoodsonline.com\\\/sv\\\/product\\\/lotun-aperitif-sale-sev-special\\\/\"]}]},{\"@type\":\"ImageObject\",\"inLanguage\":\"sv-SE\",\"@id\":\"https:\\\/\\\/mauritianfoodsonline.com\\\/sv\\\/product\\\/lotun-aperitif-sale-sev-special\\\/#primaryimage\",\"url\":\"https:\\\/\\\/mauritianfoodsonline.com\\\/wp-content\\\/uploads\\\/2024\\\/08\\\/IMG_4964.jpg\",\"contentUrl\":\"https:\\\/\\\/mauritianfoodsonline.com\\\/wp-content\\\/uploads\\\/2024\\\/08\\\/IMG_4964.jpg\",\"width\":1500,\"height\":1500,\"caption\":\"Lotun Aperitif Sal\u00e9 Sev Sp\u00e9cial \u2013 Crispy Mauritian snack for sharing\"},{\"@type\":\"BreadcrumbList\",\"@id\":\"https:\\\/\\\/mauritianfoodsonline.com\\\/sv\\\/product\\\/lotun-aperitif-sale-sev-special\\\/#breadcrumb\",\"itemListElement\":[{\"@type\":\"ListItem\",\"position\":1,\"name\":\"Home\",\"item\":\"https:\\\/\\\/mauritianfoodsonline.com\\\/sv\\\/\"},{\"@type\":\"ListItem\",\"position\":2,\"name\":\"Butik\",\"item\":\"https:\\\/\\\/mauritianfoodsonline.com\\\/sv\\\/butik\\\/\"},{\"@type\":\"ListItem\",\"position\":3,\"name\":\"L\u2019otun Ap\u00e9ritif Sal\u00e9 &#8211; Sev Sp\u00e9cial\"}]},{\"@type\":\"WebSite\",\"@id\":\"https:\\\/\\\/mauritianfoodsonline.com\\\/#website\",\"url\":\"https:\\\/\\\/mauritianfoodsonline.com\\\/\",\"name\":\"Mauritian Foods Online\",\"description\":\"Online\",\"publisher\":{\"@id\":\"https:\\\/\\\/mauritianfoodsonline.com\\\/#organization\"},\"potentialAction\":[{\"@type\":\"SearchAction\",\"target\":{\"@type\":\"EntryPoint\",\"urlTemplate\":\"https:\\\/\\\/mauritianfoodsonline.com\\\/?s={search_term_string}\"},\"query-input\":{\"@type\":\"PropertyValueSpecification\",\"valueRequired\":true,\"valueName\":\"search_term_string\"}}],\"inLanguage\":\"sv-SE\"},{\"@type\":\"Organization\",\"@id\":\"https:\\\/\\\/mauritianfoodsonline.com\\\/#organization\",\"name\":\"Mauritian Foods Online\",\"url\":\"https:\\\/\\\/mauritianfoodsonline.com\\\/\",\"logo\":{\"@type\":\"ImageObject\",\"inLanguage\":\"sv-SE\",\"@id\":\"https:\\\/\\\/mauritianfoodsonline.com\\\/#\\\/schema\\\/logo\\\/image\\\/\",\"url\":\"https:\\\/\\\/mauritianfoodsonline.com\\\/wp-content\\\/uploads\\\/2024\\\/11\\\/svgviewer-png-output-1.png\",\"contentUrl\":\"https:\\\/\\\/mauritianfoodsonline.com\\\/wp-content\\\/uploads\\\/2024\\\/11\\\/svgviewer-png-output-1.png\",\"width\":106,\"height\":109,\"caption\":\"Mauritian Foods Online\"},\"image\":{\"@id\":\"https:\\\/\\\/mauritianfoodsonline.com\\\/#\\\/schema\\\/logo\\\/image\\\/\"},\"sameAs\":[\"https:\\\/\\\/www.facebook.com\\\/mauritianfoodsonlineuk\\\/\",\"https:\\\/\\\/x.com\\\/mauritian_foods\",\"https:\\\/\\\/www.instagram.com\\\/mauritianfoodsonline\\\/#\"]}]}<\/script>\n<!-- \/ Yoast SEO plugin. -->","yoast_head_json":{"title":"L\u2019otun Ap\u00e9ritif Sal\u00e9 - Sev Sp\u00e9cial - Mauritian Foods Online","robots":{"index":"index","follow":"follow","max-snippet":"max-snippet:-1","max-image-preview":"max-image-preview:large","max-video-preview":"max-video-preview:-1"},"canonical":"https:\/\/mauritianfoodsonline.com\/sv\/product\/lotun-aperitif-sale-sev-special\/","og_locale":"sv_SE","og_type":"article","og_title":"L\u2019otun Ap\u00e9ritif Sal\u00e9 - Sev Sp\u00e9cial - Mauritian Foods Online","og_description":"Njut av Mauritius unika smak med L'otun Ap\u00e9ritif Sal\u00e9. V\u00e5r Sev Sp\u00e9cial erbjuder krispiga, kryddade nudlar inspirerade av traditionella mauritiska recept. Perfekt f\u00f6r alla tillf\u00e4llen, njut av detta l\u00e4ckra mellanm\u00e5l som det \u00e4r eller med dina favoritdrycker.","og_url":"https:\/\/mauritianfoodsonline.com\/sv\/product\/lotun-aperitif-sale-sev-special\/","og_site_name":"Mauritian Foods Online","article_publisher":"https:\/\/www.facebook.com\/mauritianfoodsonlineuk\/","article_modified_time":"2025-05-13T09:28:37+00:00","og_image":[{"width":1500,"height":1500,"url":"https:\/\/mauritianfoodsonline.com\/wp-content\/uploads\/2024\/08\/IMG_4964.jpg","type":"image\/jpeg"}],"twitter_card":"summary_large_image","twitter_site":"@mauritian_foods","schema":{"@context":"https:\/\/schema.org","@graph":[{"@type":"WebPage","@id":"https:\/\/mauritianfoodsonline.com\/sv\/product\/lotun-aperitif-sale-sev-special\/","url":"https:\/\/mauritianfoodsonline.com\/sv\/product\/lotun-aperitif-sale-sev-special\/","name":"L\u2019otun Ap\u00e9ritif Sal\u00e9 - Sev Sp\u00e9cial - Mauritian Foods Online","isPartOf":{"@id":"https:\/\/mauritianfoodsonline.com\/#website"},"primaryImageOfPage":{"@id":"https:\/\/mauritianfoodsonline.com\/sv\/product\/lotun-aperitif-sale-sev-special\/#primaryimage"},"image":{"@id":"https:\/\/mauritianfoodsonline.com\/sv\/product\/lotun-aperitif-sale-sev-special\/#primaryimage"},"thumbnailUrl":"https:\/\/mauritianfoodsonline.com\/wp-content\/uploads\/2024\/08\/IMG_4964.jpg","datePublished":"2024-08-09T07:01:18+00:00","dateModified":"2025-05-13T09:28:37+00:00","breadcrumb":{"@id":"https:\/\/mauritianfoodsonline.com\/sv\/product\/lotun-aperitif-sale-sev-special\/#breadcrumb"},"inLanguage":"sv-SE","potentialAction":[{"@type":"ReadAction","target":["https:\/\/mauritianfoodsonline.com\/sv\/product\/lotun-aperitif-sale-sev-special\/"]}]},{"@type":"ImageObject","inLanguage":"sv-SE","@id":"https:\/\/mauritianfoodsonline.com\/sv\/product\/lotun-aperitif-sale-sev-special\/#primaryimage","url":"https:\/\/mauritianfoodsonline.com\/wp-content\/uploads\/2024\/08\/IMG_4964.jpg","contentUrl":"https:\/\/mauritianfoodsonline.com\/wp-content\/uploads\/2024\/08\/IMG_4964.jpg","width":1500,"height":1500,"caption":"Lotun Aperitif Sal\u00e9 Sev Sp\u00e9cial \u2013 Crispy Mauritian snack for sharing"},{"@type":"BreadcrumbList","@id":"https:\/\/mauritianfoodsonline.com\/sv\/product\/lotun-aperitif-sale-sev-special\/#breadcrumb","itemListElement":[{"@type":"ListItem","position":1,"name":"Home","item":"https:\/\/mauritianfoodsonline.com\/sv\/"},{"@type":"ListItem","position":2,"name":"Butik","item":"https:\/\/mauritianfoodsonline.com\/sv\/butik\/"},{"@type":"ListItem","position":3,"name":"L\u2019otun Ap\u00e9ritif Sal\u00e9 &#8211; Sev Sp\u00e9cial"}]},{"@type":"WebSite","@id":"https:\/\/mauritianfoodsonline.com\/#website","url":"https:\/\/mauritianfoodsonline.com\/","name":"Mauritian Foods Online","description":"Online","publisher":{"@id":"https:\/\/mauritianfoodsonline.com\/#organization"},"potentialAction":[{"@type":"SearchAction","target":{"@type":"EntryPoint","urlTemplate":"https:\/\/mauritianfoodsonline.com\/?s={search_term_string}"},"query-input":{"@type":"PropertyValueSpecification","valueRequired":true,"valueName":"search_term_string"}}],"inLanguage":"sv-SE"},{"@type":"Organization","@id":"https:\/\/mauritianfoodsonline.com\/#organization","name":"Mauritian Foods Online","url":"https:\/\/mauritianfoodsonline.com\/","logo":{"@type":"ImageObject","inLanguage":"sv-SE","@id":"https:\/\/mauritianfoodsonline.com\/#\/schema\/logo\/image\/","url":"https:\/\/mauritianfoodsonline.com\/wp-content\/uploads\/2024\/11\/svgviewer-png-output-1.png","contentUrl":"https:\/\/mauritianfoodsonline.com\/wp-content\/uploads\/2024\/11\/svgviewer-png-output-1.png","width":106,"height":109,"caption":"Mauritian Foods Online"},"image":{"@id":"https:\/\/mauritianfoodsonline.com\/#\/schema\/logo\/image\/"},"sameAs":["https:\/\/www.facebook.com\/mauritianfoodsonlineuk\/","https:\/\/x.com\/mauritian_foods","https:\/\/www.instagram.com\/mauritianfoodsonline\/#"]}]}},"_links":{"self":[{"href":"https:\/\/mauritianfoodsonline.com\/sv\/wp-json\/wp\/v2\/product\/45689","targetHints":{"allow":["GET"]}}],"collection":[{"href":"https:\/\/mauritianfoodsonline.com\/sv\/wp-json\/wp\/v2\/product"}],"about":[{"href":"https:\/\/mauritianfoodsonline.com\/sv\/wp-json\/wp\/v2\/types\/product"}],"replies":[{"embeddable":true,"href":"https:\/\/mauritianfoodsonline.com\/sv\/wp-json\/wp\/v2\/comments?post=45689"}],"wp:featuredmedia":[{"embeddable":true,"href":"https:\/\/mauritianfoodsonline.com\/sv\/wp-json\/wp\/v2\/media\/37854"}],"wp:attachment":[{"href":"https:\/\/mauritianfoodsonline.com\/sv\/wp-json\/wp\/v2\/media?parent=45689"}],"wp:term":[{"taxonomy":"special-offers","embeddable":true,"href":"https:\/\/mauritianfoodsonline.com\/sv\/wp-json\/wp\/v2\/special-offers?post=45689"},{"taxonomy":"product_brand","embeddable":true,"href":"https:\/\/mauritianfoodsonline.com\/sv\/wp-json\/wp\/v2\/product_brand?post=45689"},{"taxonomy":"product_cat","embeddable":true,"href":"https:\/\/mauritianfoodsonline.com\/sv\/wp-json\/wp\/v2\/product_cat?post=45689"},{"taxonomy":"product_tag","embeddable":true,"href":"https:\/\/mauritianfoodsonline.com\/sv\/wp-json\/wp\/v2\/product_tag?post=45689"}],"curies":[{"name":"wp","href":"https:\/\/api.w.org\/{rel}","templated":true}]}}