{"id":46188,"date":"2024-11-21T12:44:08","date_gmt":"2024-11-21T12:44:08","guid":{"rendered":"https:\/\/mauritianfoodsonline.com\/product\/morotter\/"},"modified":"2025-09-15T11:02:09","modified_gmt":"2025-09-15T11:02:09","slug":"morotter","status":"publish","type":"product","link":"https:\/\/mauritianfoodsonline.com\/sv\/product\/morotter\/","title":{"rendered":"Carrots"},"content":{"rendered":"<p>Dessa m\u00e5ngsidiga gr\u00f6nsaker kan avnjutas r\u00e5a, skivas i sallader eller tillagas i en m\u00e4ngd olika r\u00e4tter som soppor, grytor och wokr\u00e4tter. Mor\u00f6tter \u00e4r ocks\u00e5 popul\u00e4ra som ett h\u00e4lsosamt mellanm\u00e5l, ofta \u00e4tna som pinnar eller inkluderade i juiceblandningar. De finns tillg\u00e4ngliga \u00e5ret runt och finns i olika storlekar och kan variera fr\u00e5n sm\u00e5, m\u00f6ra babymor\u00f6tter till st\u00f6rre, mer mogna sorter. Mor\u00f6tter \u00e4r naturligt kalorisn\u00e5la och kan vara ett uts\u00f6kt tillskott till en balanserad kost.   <\/p>\n","protected":false},"excerpt":{"rendered":"<p>Ursprungsland <strong>:<\/strong> Storbritannien<\/p>\n<p>Cirka <strong>0,1 kg per bricka<\/strong><\/p>\n<p>Mor\u00f6tter \u00e4r livfulla orange rotfrukter k\u00e4nda f\u00f6r sin krispiga konsistens och naturligt s\u00f6ta smak. De \u00e4r fulla av viktiga n\u00e4rings\u00e4mnen och en utm\u00e4rkt k\u00e4lla till vitamin A, vilket st\u00f6djer \u00f6gonh\u00e4lsan, samt antioxidanter, fibrer och vitamin C och K. <\/p>\n","protected":false},"featured_media":40068,"comment_status":"open","ping_status":"closed","template":"","meta":{"_acf_changed":false},"special-offers":[],"product_brand":[],"product_cat":[1151,1150],"product_tag":[343],"class_list":{"0":"post-46188","1":"product","2":"type-product","3":"status-publish","4":"has-post-thumbnail","6":"product_cat-farska-gronsaker","7":"product_cat-gronsaker","8":"product_tag-curry-leaves-5","10":"first","11":"instock","12":"taxable","13":"shipping-taxable","14":"purchasable","15":"product-type-variable","16":"add-to-wishlist-before_image"},"acf":[],"yoast_head":"<!-- This site is optimized with the Yoast SEO plugin v27.3 - https:\/\/yoast.com\/product\/yoast-seo-wordpress\/ -->\n<title>Carrots - Mauritian Foods Online<\/title>\n<meta name=\"description\" content=\"Dessa m\u00e5ngsidiga gr\u00f6nsaker kan avnjutas r\u00e5a, skivas i sallader eller tillagas i en m\u00e4ngd olika r\u00e4tter som soppor, grytor och wokr\u00e4tter. Mor\u00f6tter \u00e4r ocks\u00e5 popul\u00e4ra som ett h\u00e4lsosamt mellanm\u00e5l, ofta \u00e4tna som pinnar eller inkluderade i juiceblandningar. De finns tillg\u00e4ngliga \u00e5ret runt och finns i olika storlekar och kan variera fr\u00e5n sm\u00e5, m\u00f6ra babymor\u00f6tter till st\u00f6rre, mer mogna sorter. Mor\u00f6tter \u00e4r naturligt kalorisn\u00e5la och kan vara ett uts\u00f6kt tillskott till en balanserad kost.\" \/>\n<meta name=\"robots\" content=\"index, follow, max-snippet:-1, max-image-preview:large, max-video-preview:-1\" \/>\n<link rel=\"canonical\" href=\"https:\/\/mauritianfoodsonline.com\/sv\/product\/morotter\/\" \/>\n<meta property=\"og:locale\" content=\"sv_SE\" \/>\n<meta property=\"og:type\" content=\"article\" \/>\n<meta property=\"og:title\" content=\"Carrots - Mauritian Foods Online\" \/>\n<meta property=\"og:description\" content=\"Dessa m\u00e5ngsidiga gr\u00f6nsaker kan avnjutas r\u00e5a, skivas i sallader eller tillagas i en m\u00e4ngd olika r\u00e4tter som soppor, grytor och wokr\u00e4tter. Mor\u00f6tter \u00e4r ocks\u00e5 popul\u00e4ra som ett h\u00e4lsosamt mellanm\u00e5l, ofta \u00e4tna som pinnar eller inkluderade i juiceblandningar. De finns tillg\u00e4ngliga \u00e5ret runt och finns i olika storlekar och kan variera fr\u00e5n sm\u00e5, m\u00f6ra babymor\u00f6tter till st\u00f6rre, mer mogna sorter. Mor\u00f6tter \u00e4r naturligt kalorisn\u00e5la och kan vara ett uts\u00f6kt tillskott till en balanserad kost.\" \/>\n<meta property=\"og:url\" content=\"https:\/\/mauritianfoodsonline.com\/sv\/product\/morotter\/\" \/>\n<meta property=\"og:site_name\" content=\"Mauritian Foods Online\" \/>\n<meta property=\"article:publisher\" content=\"https:\/\/www.facebook.com\/mauritianfoodsonlineuk\/\" \/>\n<meta property=\"article:modified_time\" content=\"2025-09-15T11:02:09+00:00\" \/>\n<meta property=\"og:image\" content=\"https:\/\/mauritianfoodsonline.com\/wp-content\/uploads\/2024\/11\/2562-1.jpg\" \/>\n\t<meta property=\"og:image:width\" content=\"1500\" \/>\n\t<meta property=\"og:image:height\" content=\"1014\" \/>\n\t<meta property=\"og:image:type\" content=\"image\/jpeg\" \/>\n<meta name=\"twitter:card\" content=\"summary_large_image\" \/>\n<meta name=\"twitter:site\" content=\"@mauritian_foods\" \/>\n<script type=\"application\/ld+json\" class=\"yoast-schema-graph\">{\"@context\":\"https:\\\/\\\/schema.org\",\"@graph\":[{\"@type\":\"WebPage\",\"@id\":\"https:\\\/\\\/mauritianfoodsonline.com\\\/sv\\\/product\\\/morotter\\\/\",\"url\":\"https:\\\/\\\/mauritianfoodsonline.com\\\/sv\\\/product\\\/morotter\\\/\",\"name\":\"Carrots - Mauritian Foods Online\",\"isPartOf\":{\"@id\":\"https:\\\/\\\/mauritianfoodsonline.com\\\/#website\"},\"primaryImageOfPage\":{\"@id\":\"https:\\\/\\\/mauritianfoodsonline.com\\\/sv\\\/product\\\/morotter\\\/#primaryimage\"},\"image\":{\"@id\":\"https:\\\/\\\/mauritianfoodsonline.com\\\/sv\\\/product\\\/morotter\\\/#primaryimage\"},\"thumbnailUrl\":\"https:\\\/\\\/mauritianfoodsonline.com\\\/wp-content\\\/uploads\\\/2024\\\/11\\\/2562-1.jpg\",\"datePublished\":\"2024-11-21T12:44:08+00:00\",\"dateModified\":\"2025-09-15T11:02:09+00:00\",\"description\":\"Dessa m\u00e5ngsidiga gr\u00f6nsaker kan avnjutas r\u00e5a, skivas i sallader eller tillagas i en m\u00e4ngd olika r\u00e4tter som soppor, grytor och wokr\u00e4tter. Mor\u00f6tter \u00e4r ocks\u00e5 popul\u00e4ra som ett h\u00e4lsosamt mellanm\u00e5l, ofta \u00e4tna som pinnar eller inkluderade i juiceblandningar. De finns tillg\u00e4ngliga \u00e5ret runt och finns i olika storlekar och kan variera fr\u00e5n sm\u00e5, m\u00f6ra babymor\u00f6tter till st\u00f6rre, mer mogna sorter. Mor\u00f6tter \u00e4r naturligt kalorisn\u00e5la och kan vara ett uts\u00f6kt tillskott till en balanserad kost.\",\"breadcrumb\":{\"@id\":\"https:\\\/\\\/mauritianfoodsonline.com\\\/sv\\\/product\\\/morotter\\\/#breadcrumb\"},\"inLanguage\":\"sv-SE\",\"potentialAction\":[{\"@type\":\"ReadAction\",\"target\":[\"https:\\\/\\\/mauritianfoodsonline.com\\\/sv\\\/product\\\/morotter\\\/\"]}]},{\"@type\":\"ImageObject\",\"inLanguage\":\"sv-SE\",\"@id\":\"https:\\\/\\\/mauritianfoodsonline.com\\\/sv\\\/product\\\/morotter\\\/#primaryimage\",\"url\":\"https:\\\/\\\/mauritianfoodsonline.com\\\/wp-content\\\/uploads\\\/2024\\\/11\\\/2562-1.jpg\",\"contentUrl\":\"https:\\\/\\\/mauritianfoodsonline.com\\\/wp-content\\\/uploads\\\/2024\\\/11\\\/2562-1.jpg\",\"width\":1500,\"height\":1014},{\"@type\":\"BreadcrumbList\",\"@id\":\"https:\\\/\\\/mauritianfoodsonline.com\\\/sv\\\/product\\\/morotter\\\/#breadcrumb\",\"itemListElement\":[{\"@type\":\"ListItem\",\"position\":1,\"name\":\"Home\",\"item\":\"https:\\\/\\\/mauritianfoodsonline.com\\\/sv\\\/\"},{\"@type\":\"ListItem\",\"position\":2,\"name\":\"Butik\",\"item\":\"https:\\\/\\\/mauritianfoodsonline.com\\\/sv\\\/butik\\\/\"},{\"@type\":\"ListItem\",\"position\":3,\"name\":\"Carrots\"}]},{\"@type\":\"WebSite\",\"@id\":\"https:\\\/\\\/mauritianfoodsonline.com\\\/#website\",\"url\":\"https:\\\/\\\/mauritianfoodsonline.com\\\/\",\"name\":\"Mauritian Foods Online\",\"description\":\"Online\",\"publisher\":{\"@id\":\"https:\\\/\\\/mauritianfoodsonline.com\\\/#organization\"},\"potentialAction\":[{\"@type\":\"SearchAction\",\"target\":{\"@type\":\"EntryPoint\",\"urlTemplate\":\"https:\\\/\\\/mauritianfoodsonline.com\\\/?s={search_term_string}\"},\"query-input\":{\"@type\":\"PropertyValueSpecification\",\"valueRequired\":true,\"valueName\":\"search_term_string\"}}],\"inLanguage\":\"sv-SE\"},{\"@type\":\"Organization\",\"@id\":\"https:\\\/\\\/mauritianfoodsonline.com\\\/#organization\",\"name\":\"Mauritian Foods Online\",\"url\":\"https:\\\/\\\/mauritianfoodsonline.com\\\/\",\"logo\":{\"@type\":\"ImageObject\",\"inLanguage\":\"sv-SE\",\"@id\":\"https:\\\/\\\/mauritianfoodsonline.com\\\/#\\\/schema\\\/logo\\\/image\\\/\",\"url\":\"https:\\\/\\\/mauritianfoodsonline.com\\\/wp-content\\\/uploads\\\/2024\\\/11\\\/svgviewer-png-output-1.png\",\"contentUrl\":\"https:\\\/\\\/mauritianfoodsonline.com\\\/wp-content\\\/uploads\\\/2024\\\/11\\\/svgviewer-png-output-1.png\",\"width\":106,\"height\":109,\"caption\":\"Mauritian Foods Online\"},\"image\":{\"@id\":\"https:\\\/\\\/mauritianfoodsonline.com\\\/#\\\/schema\\\/logo\\\/image\\\/\"},\"sameAs\":[\"https:\\\/\\\/www.facebook.com\\\/mauritianfoodsonlineuk\\\/\",\"https:\\\/\\\/x.com\\\/mauritian_foods\",\"https:\\\/\\\/www.instagram.com\\\/mauritianfoodsonline\\\/#\"]}]}<\/script>\n<!-- \/ Yoast SEO plugin. -->","yoast_head_json":{"title":"Carrots - Mauritian Foods Online","description":"Dessa m\u00e5ngsidiga gr\u00f6nsaker kan avnjutas r\u00e5a, skivas i sallader eller tillagas i en m\u00e4ngd olika r\u00e4tter som soppor, grytor och wokr\u00e4tter. Mor\u00f6tter \u00e4r ocks\u00e5 popul\u00e4ra som ett h\u00e4lsosamt mellanm\u00e5l, ofta \u00e4tna som pinnar eller inkluderade i juiceblandningar. De finns tillg\u00e4ngliga \u00e5ret runt och finns i olika storlekar och kan variera fr\u00e5n sm\u00e5, m\u00f6ra babymor\u00f6tter till st\u00f6rre, mer mogna sorter. Mor\u00f6tter \u00e4r naturligt kalorisn\u00e5la och kan vara ett uts\u00f6kt tillskott till en balanserad kost.","robots":{"index":"index","follow":"follow","max-snippet":"max-snippet:-1","max-image-preview":"max-image-preview:large","max-video-preview":"max-video-preview:-1"},"canonical":"https:\/\/mauritianfoodsonline.com\/sv\/product\/morotter\/","og_locale":"sv_SE","og_type":"article","og_title":"Carrots - Mauritian Foods Online","og_description":"Dessa m\u00e5ngsidiga gr\u00f6nsaker kan avnjutas r\u00e5a, skivas i sallader eller tillagas i en m\u00e4ngd olika r\u00e4tter som soppor, grytor och wokr\u00e4tter. Mor\u00f6tter \u00e4r ocks\u00e5 popul\u00e4ra som ett h\u00e4lsosamt mellanm\u00e5l, ofta \u00e4tna som pinnar eller inkluderade i juiceblandningar. De finns tillg\u00e4ngliga \u00e5ret runt och finns i olika storlekar och kan variera fr\u00e5n sm\u00e5, m\u00f6ra babymor\u00f6tter till st\u00f6rre, mer mogna sorter. Mor\u00f6tter \u00e4r naturligt kalorisn\u00e5la och kan vara ett uts\u00f6kt tillskott till en balanserad kost.","og_url":"https:\/\/mauritianfoodsonline.com\/sv\/product\/morotter\/","og_site_name":"Mauritian Foods Online","article_publisher":"https:\/\/www.facebook.com\/mauritianfoodsonlineuk\/","article_modified_time":"2025-09-15T11:02:09+00:00","og_image":[{"width":1500,"height":1014,"url":"https:\/\/mauritianfoodsonline.com\/wp-content\/uploads\/2024\/11\/2562-1.jpg","type":"image\/jpeg"}],"twitter_card":"summary_large_image","twitter_site":"@mauritian_foods","schema":{"@context":"https:\/\/schema.org","@graph":[{"@type":"WebPage","@id":"https:\/\/mauritianfoodsonline.com\/sv\/product\/morotter\/","url":"https:\/\/mauritianfoodsonline.com\/sv\/product\/morotter\/","name":"Carrots - Mauritian Foods Online","isPartOf":{"@id":"https:\/\/mauritianfoodsonline.com\/#website"},"primaryImageOfPage":{"@id":"https:\/\/mauritianfoodsonline.com\/sv\/product\/morotter\/#primaryimage"},"image":{"@id":"https:\/\/mauritianfoodsonline.com\/sv\/product\/morotter\/#primaryimage"},"thumbnailUrl":"https:\/\/mauritianfoodsonline.com\/wp-content\/uploads\/2024\/11\/2562-1.jpg","datePublished":"2024-11-21T12:44:08+00:00","dateModified":"2025-09-15T11:02:09+00:00","description":"Dessa m\u00e5ngsidiga gr\u00f6nsaker kan avnjutas r\u00e5a, skivas i sallader eller tillagas i en m\u00e4ngd olika r\u00e4tter som soppor, grytor och wokr\u00e4tter. Mor\u00f6tter \u00e4r ocks\u00e5 popul\u00e4ra som ett h\u00e4lsosamt mellanm\u00e5l, ofta \u00e4tna som pinnar eller inkluderade i juiceblandningar. De finns tillg\u00e4ngliga \u00e5ret runt och finns i olika storlekar och kan variera fr\u00e5n sm\u00e5, m\u00f6ra babymor\u00f6tter till st\u00f6rre, mer mogna sorter. Mor\u00f6tter \u00e4r naturligt kalorisn\u00e5la och kan vara ett uts\u00f6kt tillskott till en balanserad kost.","breadcrumb":{"@id":"https:\/\/mauritianfoodsonline.com\/sv\/product\/morotter\/#breadcrumb"},"inLanguage":"sv-SE","potentialAction":[{"@type":"ReadAction","target":["https:\/\/mauritianfoodsonline.com\/sv\/product\/morotter\/"]}]},{"@type":"ImageObject","inLanguage":"sv-SE","@id":"https:\/\/mauritianfoodsonline.com\/sv\/product\/morotter\/#primaryimage","url":"https:\/\/mauritianfoodsonline.com\/wp-content\/uploads\/2024\/11\/2562-1.jpg","contentUrl":"https:\/\/mauritianfoodsonline.com\/wp-content\/uploads\/2024\/11\/2562-1.jpg","width":1500,"height":1014},{"@type":"BreadcrumbList","@id":"https:\/\/mauritianfoodsonline.com\/sv\/product\/morotter\/#breadcrumb","itemListElement":[{"@type":"ListItem","position":1,"name":"Home","item":"https:\/\/mauritianfoodsonline.com\/sv\/"},{"@type":"ListItem","position":2,"name":"Butik","item":"https:\/\/mauritianfoodsonline.com\/sv\/butik\/"},{"@type":"ListItem","position":3,"name":"Carrots"}]},{"@type":"WebSite","@id":"https:\/\/mauritianfoodsonline.com\/#website","url":"https:\/\/mauritianfoodsonline.com\/","name":"Mauritian Foods Online","description":"Online","publisher":{"@id":"https:\/\/mauritianfoodsonline.com\/#organization"},"potentialAction":[{"@type":"SearchAction","target":{"@type":"EntryPoint","urlTemplate":"https:\/\/mauritianfoodsonline.com\/?s={search_term_string}"},"query-input":{"@type":"PropertyValueSpecification","valueRequired":true,"valueName":"search_term_string"}}],"inLanguage":"sv-SE"},{"@type":"Organization","@id":"https:\/\/mauritianfoodsonline.com\/#organization","name":"Mauritian Foods Online","url":"https:\/\/mauritianfoodsonline.com\/","logo":{"@type":"ImageObject","inLanguage":"sv-SE","@id":"https:\/\/mauritianfoodsonline.com\/#\/schema\/logo\/image\/","url":"https:\/\/mauritianfoodsonline.com\/wp-content\/uploads\/2024\/11\/svgviewer-png-output-1.png","contentUrl":"https:\/\/mauritianfoodsonline.com\/wp-content\/uploads\/2024\/11\/svgviewer-png-output-1.png","width":106,"height":109,"caption":"Mauritian Foods Online"},"image":{"@id":"https:\/\/mauritianfoodsonline.com\/#\/schema\/logo\/image\/"},"sameAs":["https:\/\/www.facebook.com\/mauritianfoodsonlineuk\/","https:\/\/x.com\/mauritian_foods","https:\/\/www.instagram.com\/mauritianfoodsonline\/#"]}]}},"_links":{"self":[{"href":"https:\/\/mauritianfoodsonline.com\/sv\/wp-json\/wp\/v2\/product\/46188","targetHints":{"allow":["GET"]}}],"collection":[{"href":"https:\/\/mauritianfoodsonline.com\/sv\/wp-json\/wp\/v2\/product"}],"about":[{"href":"https:\/\/mauritianfoodsonline.com\/sv\/wp-json\/wp\/v2\/types\/product"}],"replies":[{"embeddable":true,"href":"https:\/\/mauritianfoodsonline.com\/sv\/wp-json\/wp\/v2\/comments?post=46188"}],"wp:featuredmedia":[{"embeddable":true,"href":"https:\/\/mauritianfoodsonline.com\/sv\/wp-json\/wp\/v2\/media\/40068"}],"wp:attachment":[{"href":"https:\/\/mauritianfoodsonline.com\/sv\/wp-json\/wp\/v2\/media?parent=46188"}],"wp:term":[{"taxonomy":"special-offers","embeddable":true,"href":"https:\/\/mauritianfoodsonline.com\/sv\/wp-json\/wp\/v2\/special-offers?post=46188"},{"taxonomy":"product_brand","embeddable":true,"href":"https:\/\/mauritianfoodsonline.com\/sv\/wp-json\/wp\/v2\/product_brand?post=46188"},{"taxonomy":"product_cat","embeddable":true,"href":"https:\/\/mauritianfoodsonline.com\/sv\/wp-json\/wp\/v2\/product_cat?post=46188"},{"taxonomy":"product_tag","embeddable":true,"href":"https:\/\/mauritianfoodsonline.com\/sv\/wp-json\/wp\/v2\/product_tag?post=46188"}],"curies":[{"name":"wp","href":"https:\/\/api.w.org\/{rel}","templated":true}]}}