{"id":46193,"date":"2024-11-23T17:12:20","date_gmt":"2024-11-23T17:12:20","guid":{"rendered":"https:\/\/mauritianfoodsonline.com\/product\/pumpa-silver\/"},"modified":"2025-09-15T11:02:16","modified_gmt":"2025-09-15T11:02:16","slug":"pumpa-silver","status":"publish","type":"product","link":"https:\/\/mauritianfoodsonline.com\/sv\/product\/pumpa-silver\/","title":{"rendered":"Pumkin Silver"},"content":{"rendered":"<p>Silverpumpor \u00e4r uppskattade f\u00f6r sin m\u00f6ra konsistens och n\u00e5got mildare smak j\u00e4mf\u00f6rt med andra pumpasorter, och de anv\u00e4nds ofta i soppor, curryr\u00e4tter eller rostade r\u00e4tter. Tack vare sitt sl\u00e5ende utseende och goda smak \u00e4r silverpumpor ocks\u00e5 utm\u00e4rkta dekorationer f\u00f6r h\u00f6stens utst\u00e4llningar. Dessutom \u00e4r de fulla av n\u00e4rings\u00e4mnen som vitamin A, fibrer och antioxidanter, vilket g\u00f6r dem till ett n\u00e4ringsrikt tillskott till vilken m\u00e5ltid som helst.  <\/p>\n","protected":false},"excerpt":{"rendered":"<p>Ursprungsland <strong>:<\/strong> Indien<\/p>\n<p>Cirka 1 <strong>kg<\/strong><\/p>\n<p>Silverpumpa, ofta k\u00e4nd som &#8221;Silver Bell&#8221; eller &#8221;Silver Sweet&#8221; pumpa, \u00e4r en unik pumpasort som har ett blekt, silvergr\u00e5tt skal med en sl\u00e4t, l\u00e4tt r\u00e4fflad konsistens. Den \u00e4r vanligtvis mindre \u00e4n traditionella pumpor, med en rund eller l\u00e4tt tillplattad form. K\u00f6ttet inuti \u00e4r ljust orange och har en s\u00f6t, rik smak, vilket g\u00f6r den idealisk f\u00f6r matlagning, bakning och pajtillverkning.  <\/p>\n","protected":false},"featured_media":40074,"comment_status":"open","ping_status":"closed","template":"","meta":{"_acf_changed":false},"special-offers":[],"product_brand":[],"product_cat":[1151,1150],"product_tag":[343],"class_list":{"0":"post-46193","1":"product","2":"type-product","3":"status-publish","4":"has-post-thumbnail","6":"product_cat-farska-gronsaker","7":"product_cat-gronsaker","8":"product_tag-curry-leaves-5","10":"first","11":"instock","12":"taxable","13":"shipping-taxable","14":"purchasable","15":"product-type-variable","16":"add-to-wishlist-before_image"},"acf":[],"yoast_head":"<!-- This site is optimized with the Yoast SEO plugin v27.3 - https:\/\/yoast.com\/product\/yoast-seo-wordpress\/ -->\n<title>Pumkin Silver - Mauritian Foods Online<\/title>\n<meta name=\"description\" content=\"Silverpumpor \u00e4r uppskattade f\u00f6r sin m\u00f6ra konsistens och n\u00e5got mildare smak j\u00e4mf\u00f6rt med andra pumpasorter, och de anv\u00e4nds ofta i soppor, curryr\u00e4tter eller rostade r\u00e4tter. Tack vare sitt sl\u00e5ende utseende och goda smak \u00e4r silverpumpor ocks\u00e5 utm\u00e4rkta dekorationer f\u00f6r h\u00f6stens utst\u00e4llningar. Dessutom \u00e4r de fulla av n\u00e4rings\u00e4mnen som vitamin A, fibrer och antioxidanter, vilket g\u00f6r dem till ett n\u00e4ringsrikt tillskott till vilken m\u00e5ltid som helst.\" \/>\n<meta name=\"robots\" content=\"index, follow, max-snippet:-1, max-image-preview:large, max-video-preview:-1\" \/>\n<link rel=\"canonical\" href=\"https:\/\/mauritianfoodsonline.com\/sv\/product\/pumpa-silver\/\" \/>\n<meta property=\"og:locale\" content=\"sv_SE\" \/>\n<meta property=\"og:type\" content=\"article\" \/>\n<meta property=\"og:title\" content=\"Pumkin Silver - Mauritian Foods Online\" \/>\n<meta property=\"og:description\" content=\"Silverpumpor \u00e4r uppskattade f\u00f6r sin m\u00f6ra konsistens och n\u00e5got mildare smak j\u00e4mf\u00f6rt med andra pumpasorter, och de anv\u00e4nds ofta i soppor, curryr\u00e4tter eller rostade r\u00e4tter. Tack vare sitt sl\u00e5ende utseende och goda smak \u00e4r silverpumpor ocks\u00e5 utm\u00e4rkta dekorationer f\u00f6r h\u00f6stens utst\u00e4llningar. Dessutom \u00e4r de fulla av n\u00e4rings\u00e4mnen som vitamin A, fibrer och antioxidanter, vilket g\u00f6r dem till ett n\u00e4ringsrikt tillskott till vilken m\u00e5ltid som helst.\" \/>\n<meta property=\"og:url\" content=\"https:\/\/mauritianfoodsonline.com\/sv\/product\/pumpa-silver\/\" \/>\n<meta property=\"og:site_name\" content=\"Mauritian Foods Online\" \/>\n<meta property=\"article:publisher\" content=\"https:\/\/www.facebook.com\/mauritianfoodsonlineuk\/\" \/>\n<meta property=\"article:modified_time\" content=\"2025-09-15T11:02:16+00:00\" \/>\n<meta property=\"og:image\" content=\"https:\/\/mauritianfoodsonline.com\/wp-content\/uploads\/2024\/11\/Silver-pumpkin-1.jpg\" \/>\n\t<meta property=\"og:image:width\" content=\"679\" \/>\n\t<meta property=\"og:image:height\" content=\"460\" \/>\n\t<meta property=\"og:image:type\" content=\"image\/jpeg\" \/>\n<meta name=\"twitter:card\" content=\"summary_large_image\" \/>\n<meta name=\"twitter:site\" content=\"@mauritian_foods\" \/>\n<script type=\"application\/ld+json\" class=\"yoast-schema-graph\">{\"@context\":\"https:\\\/\\\/schema.org\",\"@graph\":[{\"@type\":\"WebPage\",\"@id\":\"https:\\\/\\\/mauritianfoodsonline.com\\\/sv\\\/product\\\/pumpa-silver\\\/\",\"url\":\"https:\\\/\\\/mauritianfoodsonline.com\\\/sv\\\/product\\\/pumpa-silver\\\/\",\"name\":\"Pumkin Silver - Mauritian Foods Online\",\"isPartOf\":{\"@id\":\"https:\\\/\\\/mauritianfoodsonline.com\\\/#website\"},\"primaryImageOfPage\":{\"@id\":\"https:\\\/\\\/mauritianfoodsonline.com\\\/sv\\\/product\\\/pumpa-silver\\\/#primaryimage\"},\"image\":{\"@id\":\"https:\\\/\\\/mauritianfoodsonline.com\\\/sv\\\/product\\\/pumpa-silver\\\/#primaryimage\"},\"thumbnailUrl\":\"https:\\\/\\\/mauritianfoodsonline.com\\\/wp-content\\\/uploads\\\/2024\\\/11\\\/Silver-pumpkin-1.jpg\",\"datePublished\":\"2024-11-23T17:12:20+00:00\",\"dateModified\":\"2025-09-15T11:02:16+00:00\",\"description\":\"Silverpumpor \u00e4r uppskattade f\u00f6r sin m\u00f6ra konsistens och n\u00e5got mildare smak j\u00e4mf\u00f6rt med andra pumpasorter, och de anv\u00e4nds ofta i soppor, curryr\u00e4tter eller rostade r\u00e4tter. Tack vare sitt sl\u00e5ende utseende och goda smak \u00e4r silverpumpor ocks\u00e5 utm\u00e4rkta dekorationer f\u00f6r h\u00f6stens utst\u00e4llningar. Dessutom \u00e4r de fulla av n\u00e4rings\u00e4mnen som vitamin A, fibrer och antioxidanter, vilket g\u00f6r dem till ett n\u00e4ringsrikt tillskott till vilken m\u00e5ltid som helst.\",\"breadcrumb\":{\"@id\":\"https:\\\/\\\/mauritianfoodsonline.com\\\/sv\\\/product\\\/pumpa-silver\\\/#breadcrumb\"},\"inLanguage\":\"sv-SE\",\"potentialAction\":[{\"@type\":\"ReadAction\",\"target\":[\"https:\\\/\\\/mauritianfoodsonline.com\\\/sv\\\/product\\\/pumpa-silver\\\/\"]}]},{\"@type\":\"ImageObject\",\"inLanguage\":\"sv-SE\",\"@id\":\"https:\\\/\\\/mauritianfoodsonline.com\\\/sv\\\/product\\\/pumpa-silver\\\/#primaryimage\",\"url\":\"https:\\\/\\\/mauritianfoodsonline.com\\\/wp-content\\\/uploads\\\/2024\\\/11\\\/Silver-pumpkin-1.jpg\",\"contentUrl\":\"https:\\\/\\\/mauritianfoodsonline.com\\\/wp-content\\\/uploads\\\/2024\\\/11\\\/Silver-pumpkin-1.jpg\",\"width\":679,\"height\":460},{\"@type\":\"BreadcrumbList\",\"@id\":\"https:\\\/\\\/mauritianfoodsonline.com\\\/sv\\\/product\\\/pumpa-silver\\\/#breadcrumb\",\"itemListElement\":[{\"@type\":\"ListItem\",\"position\":1,\"name\":\"Home\",\"item\":\"https:\\\/\\\/mauritianfoodsonline.com\\\/sv\\\/\"},{\"@type\":\"ListItem\",\"position\":2,\"name\":\"Butik\",\"item\":\"https:\\\/\\\/mauritianfoodsonline.com\\\/sv\\\/butik\\\/\"},{\"@type\":\"ListItem\",\"position\":3,\"name\":\"Pumkin Silver\"}]},{\"@type\":\"WebSite\",\"@id\":\"https:\\\/\\\/mauritianfoodsonline.com\\\/#website\",\"url\":\"https:\\\/\\\/mauritianfoodsonline.com\\\/\",\"name\":\"Mauritian Foods Online\",\"description\":\"Online\",\"publisher\":{\"@id\":\"https:\\\/\\\/mauritianfoodsonline.com\\\/#organization\"},\"potentialAction\":[{\"@type\":\"SearchAction\",\"target\":{\"@type\":\"EntryPoint\",\"urlTemplate\":\"https:\\\/\\\/mauritianfoodsonline.com\\\/?s={search_term_string}\"},\"query-input\":{\"@type\":\"PropertyValueSpecification\",\"valueRequired\":true,\"valueName\":\"search_term_string\"}}],\"inLanguage\":\"sv-SE\"},{\"@type\":\"Organization\",\"@id\":\"https:\\\/\\\/mauritianfoodsonline.com\\\/#organization\",\"name\":\"Mauritian Foods Online\",\"url\":\"https:\\\/\\\/mauritianfoodsonline.com\\\/\",\"logo\":{\"@type\":\"ImageObject\",\"inLanguage\":\"sv-SE\",\"@id\":\"https:\\\/\\\/mauritianfoodsonline.com\\\/#\\\/schema\\\/logo\\\/image\\\/\",\"url\":\"https:\\\/\\\/mauritianfoodsonline.com\\\/wp-content\\\/uploads\\\/2024\\\/11\\\/svgviewer-png-output-1.png\",\"contentUrl\":\"https:\\\/\\\/mauritianfoodsonline.com\\\/wp-content\\\/uploads\\\/2024\\\/11\\\/svgviewer-png-output-1.png\",\"width\":106,\"height\":109,\"caption\":\"Mauritian Foods Online\"},\"image\":{\"@id\":\"https:\\\/\\\/mauritianfoodsonline.com\\\/#\\\/schema\\\/logo\\\/image\\\/\"},\"sameAs\":[\"https:\\\/\\\/www.facebook.com\\\/mauritianfoodsonlineuk\\\/\",\"https:\\\/\\\/x.com\\\/mauritian_foods\",\"https:\\\/\\\/www.instagram.com\\\/mauritianfoodsonline\\\/#\"]}]}<\/script>\n<!-- \/ Yoast SEO plugin. -->","yoast_head_json":{"title":"Pumkin Silver - Mauritian Foods Online","description":"Silverpumpor \u00e4r uppskattade f\u00f6r sin m\u00f6ra konsistens och n\u00e5got mildare smak j\u00e4mf\u00f6rt med andra pumpasorter, och de anv\u00e4nds ofta i soppor, curryr\u00e4tter eller rostade r\u00e4tter. Tack vare sitt sl\u00e5ende utseende och goda smak \u00e4r silverpumpor ocks\u00e5 utm\u00e4rkta dekorationer f\u00f6r h\u00f6stens utst\u00e4llningar. Dessutom \u00e4r de fulla av n\u00e4rings\u00e4mnen som vitamin A, fibrer och antioxidanter, vilket g\u00f6r dem till ett n\u00e4ringsrikt tillskott till vilken m\u00e5ltid som helst.","robots":{"index":"index","follow":"follow","max-snippet":"max-snippet:-1","max-image-preview":"max-image-preview:large","max-video-preview":"max-video-preview:-1"},"canonical":"https:\/\/mauritianfoodsonline.com\/sv\/product\/pumpa-silver\/","og_locale":"sv_SE","og_type":"article","og_title":"Pumkin Silver - Mauritian Foods Online","og_description":"Silverpumpor \u00e4r uppskattade f\u00f6r sin m\u00f6ra konsistens och n\u00e5got mildare smak j\u00e4mf\u00f6rt med andra pumpasorter, och de anv\u00e4nds ofta i soppor, curryr\u00e4tter eller rostade r\u00e4tter. Tack vare sitt sl\u00e5ende utseende och goda smak \u00e4r silverpumpor ocks\u00e5 utm\u00e4rkta dekorationer f\u00f6r h\u00f6stens utst\u00e4llningar. Dessutom \u00e4r de fulla av n\u00e4rings\u00e4mnen som vitamin A, fibrer och antioxidanter, vilket g\u00f6r dem till ett n\u00e4ringsrikt tillskott till vilken m\u00e5ltid som helst.","og_url":"https:\/\/mauritianfoodsonline.com\/sv\/product\/pumpa-silver\/","og_site_name":"Mauritian Foods Online","article_publisher":"https:\/\/www.facebook.com\/mauritianfoodsonlineuk\/","article_modified_time":"2025-09-15T11:02:16+00:00","og_image":[{"width":679,"height":460,"url":"https:\/\/mauritianfoodsonline.com\/wp-content\/uploads\/2024\/11\/Silver-pumpkin-1.jpg","type":"image\/jpeg"}],"twitter_card":"summary_large_image","twitter_site":"@mauritian_foods","schema":{"@context":"https:\/\/schema.org","@graph":[{"@type":"WebPage","@id":"https:\/\/mauritianfoodsonline.com\/sv\/product\/pumpa-silver\/","url":"https:\/\/mauritianfoodsonline.com\/sv\/product\/pumpa-silver\/","name":"Pumkin Silver - Mauritian Foods Online","isPartOf":{"@id":"https:\/\/mauritianfoodsonline.com\/#website"},"primaryImageOfPage":{"@id":"https:\/\/mauritianfoodsonline.com\/sv\/product\/pumpa-silver\/#primaryimage"},"image":{"@id":"https:\/\/mauritianfoodsonline.com\/sv\/product\/pumpa-silver\/#primaryimage"},"thumbnailUrl":"https:\/\/mauritianfoodsonline.com\/wp-content\/uploads\/2024\/11\/Silver-pumpkin-1.jpg","datePublished":"2024-11-23T17:12:20+00:00","dateModified":"2025-09-15T11:02:16+00:00","description":"Silverpumpor \u00e4r uppskattade f\u00f6r sin m\u00f6ra konsistens och n\u00e5got mildare smak j\u00e4mf\u00f6rt med andra pumpasorter, och de anv\u00e4nds ofta i soppor, curryr\u00e4tter eller rostade r\u00e4tter. Tack vare sitt sl\u00e5ende utseende och goda smak \u00e4r silverpumpor ocks\u00e5 utm\u00e4rkta dekorationer f\u00f6r h\u00f6stens utst\u00e4llningar. Dessutom \u00e4r de fulla av n\u00e4rings\u00e4mnen som vitamin A, fibrer och antioxidanter, vilket g\u00f6r dem till ett n\u00e4ringsrikt tillskott till vilken m\u00e5ltid som helst.","breadcrumb":{"@id":"https:\/\/mauritianfoodsonline.com\/sv\/product\/pumpa-silver\/#breadcrumb"},"inLanguage":"sv-SE","potentialAction":[{"@type":"ReadAction","target":["https:\/\/mauritianfoodsonline.com\/sv\/product\/pumpa-silver\/"]}]},{"@type":"ImageObject","inLanguage":"sv-SE","@id":"https:\/\/mauritianfoodsonline.com\/sv\/product\/pumpa-silver\/#primaryimage","url":"https:\/\/mauritianfoodsonline.com\/wp-content\/uploads\/2024\/11\/Silver-pumpkin-1.jpg","contentUrl":"https:\/\/mauritianfoodsonline.com\/wp-content\/uploads\/2024\/11\/Silver-pumpkin-1.jpg","width":679,"height":460},{"@type":"BreadcrumbList","@id":"https:\/\/mauritianfoodsonline.com\/sv\/product\/pumpa-silver\/#breadcrumb","itemListElement":[{"@type":"ListItem","position":1,"name":"Home","item":"https:\/\/mauritianfoodsonline.com\/sv\/"},{"@type":"ListItem","position":2,"name":"Butik","item":"https:\/\/mauritianfoodsonline.com\/sv\/butik\/"},{"@type":"ListItem","position":3,"name":"Pumkin Silver"}]},{"@type":"WebSite","@id":"https:\/\/mauritianfoodsonline.com\/#website","url":"https:\/\/mauritianfoodsonline.com\/","name":"Mauritian Foods Online","description":"Online","publisher":{"@id":"https:\/\/mauritianfoodsonline.com\/#organization"},"potentialAction":[{"@type":"SearchAction","target":{"@type":"EntryPoint","urlTemplate":"https:\/\/mauritianfoodsonline.com\/?s={search_term_string}"},"query-input":{"@type":"PropertyValueSpecification","valueRequired":true,"valueName":"search_term_string"}}],"inLanguage":"sv-SE"},{"@type":"Organization","@id":"https:\/\/mauritianfoodsonline.com\/#organization","name":"Mauritian Foods Online","url":"https:\/\/mauritianfoodsonline.com\/","logo":{"@type":"ImageObject","inLanguage":"sv-SE","@id":"https:\/\/mauritianfoodsonline.com\/#\/schema\/logo\/image\/","url":"https:\/\/mauritianfoodsonline.com\/wp-content\/uploads\/2024\/11\/svgviewer-png-output-1.png","contentUrl":"https:\/\/mauritianfoodsonline.com\/wp-content\/uploads\/2024\/11\/svgviewer-png-output-1.png","width":106,"height":109,"caption":"Mauritian Foods Online"},"image":{"@id":"https:\/\/mauritianfoodsonline.com\/#\/schema\/logo\/image\/"},"sameAs":["https:\/\/www.facebook.com\/mauritianfoodsonlineuk\/","https:\/\/x.com\/mauritian_foods","https:\/\/www.instagram.com\/mauritianfoodsonline\/#"]}]}},"_links":{"self":[{"href":"https:\/\/mauritianfoodsonline.com\/sv\/wp-json\/wp\/v2\/product\/46193","targetHints":{"allow":["GET"]}}],"collection":[{"href":"https:\/\/mauritianfoodsonline.com\/sv\/wp-json\/wp\/v2\/product"}],"about":[{"href":"https:\/\/mauritianfoodsonline.com\/sv\/wp-json\/wp\/v2\/types\/product"}],"replies":[{"embeddable":true,"href":"https:\/\/mauritianfoodsonline.com\/sv\/wp-json\/wp\/v2\/comments?post=46193"}],"wp:featuredmedia":[{"embeddable":true,"href":"https:\/\/mauritianfoodsonline.com\/sv\/wp-json\/wp\/v2\/media\/40074"}],"wp:attachment":[{"href":"https:\/\/mauritianfoodsonline.com\/sv\/wp-json\/wp\/v2\/media?parent=46193"}],"wp:term":[{"taxonomy":"special-offers","embeddable":true,"href":"https:\/\/mauritianfoodsonline.com\/sv\/wp-json\/wp\/v2\/special-offers?post=46193"},{"taxonomy":"product_brand","embeddable":true,"href":"https:\/\/mauritianfoodsonline.com\/sv\/wp-json\/wp\/v2\/product_brand?post=46193"},{"taxonomy":"product_cat","embeddable":true,"href":"https:\/\/mauritianfoodsonline.com\/sv\/wp-json\/wp\/v2\/product_cat?post=46193"},{"taxonomy":"product_tag","embeddable":true,"href":"https:\/\/mauritianfoodsonline.com\/sv\/wp-json\/wp\/v2\/product_tag?post=46193"}],"curies":[{"name":"wp","href":"https:\/\/api.w.org\/{rel}","templated":true}]}}